{"id":5998,"date":"2023-09-21T10:11:24","date_gmt":"2023-09-21T10:11:24","guid":{"rendered":"https:\/\/norecoil.net\/corsair-no-recoil-macro-nasil-kurulur\/"},"modified":"2024-02-28T15:04:04","modified_gmt":"2024-02-28T15:04:04","slug":"corsair-no-recoil-macro-nasil-kurulur","status":"publish","type":"page","link":"https:\/\/norecoil.net\/tr\/corsair-no-recoil-macro-nasil-kurulur\/","title":{"rendered":"Corsair No Recoil Macro Nas\u0131l Kurulur"},"content":{"rendered":"\t\t<div data-elementor-type=\"wp-page\" data-elementor-id=\"5998\" class=\"elementor elementor-5998 elementor-1745\">\n\t\t\t\t\t\t<section class=\"elementor-section elementor-top-section elementor-element elementor-element-007144e elementor-section-boxed elementor-section-height-default elementor-section-height-default\" data-id=\"007144e\" data-element_type=\"section\">\r\n\t\t\r\n\t\t\t\t\t\t\t<div class=\"elementor-container elementor-column-gap-default\">\r\n\t\t\t\t\t\t\t\t\t\t\t<div class=\"elementor-column elementor-col-100 elementor-top-column elementor-element elementor-element-aff4496 mx-auto\" data-id=\"aff4496\" data-element_type=\"column\">\r\n\t\t\t\t\t<div class=\"elementor-widget-wrap elementor-element-populated\">\r\n\t\t\t\t\t\t\t\t<div class=\"elementor-element elementor-element-2718dbf elementor-widget elementor-widget-porto_ultimate_heading\" data-id=\"2718dbf\" data-element_type=\"widget\" data-widget_type=\"porto_ultimate_heading.default\">\n\t\t\t\t<div class=\"elementor-widget-container\">\n\t\t\t\t\t<div class=\"porto-u-heading  porto-u-55ca8359258f9a412be7e73af65d2aac \"><div class=\"porto-u-main-heading\"><h2   >Corsair No Recoil Macro Nas\u0131l Kurulur<\/h2><\/div><div class=\"porto-u-sub-heading\" style=\"\"><p><strong>Corsair No Recoil Makro<\/strong> Nas\u0131l Kurulur; Do\u011fru bir kurulum i\u00e7in videoyu izleyin ve ad\u0131mlar\u0131 tek tek kontrol edin  <br><strong>Corsair Geri Tepmesiz Makro Senaryo ICue 3, ICue 4 ve ICue 5.<\/strong><\/p><\/div><style>.porto-u-55ca8359258f9a412be7e73af65d2aac.porto-u-heading{text-align:center}<\/style><\/div>\t\t\t\t<\/div>\n\t\t\t\t<\/div>\n\t\t\t\t<div class=\"elementor-element elementor-element-86cb3d5 elementor-widget elementor-widget-porto_ultimate_heading\" data-id=\"86cb3d5\" data-element_type=\"widget\" data-widget_type=\"porto_ultimate_heading.default\">\n\t\t\t\t<div class=\"elementor-widget-container\">\n\t\t\t\t\t<div class=\"porto-u-heading  porto-u-55ca8359258f9a412be7e73af65d2aac \"><div class=\"porto-u-main-heading\"><h2 data-plugin-animated-words data-plugin-options=\"{&quot;startDelay&quot;:0,&quot;minWindowWidth&quot;:0,&quot;animationName&quot;:&quot;fadeIn&quot;,&quot;contentType&quot;:&quot;word&quot;}\"  >Video Talimat\u0131<\/h2><\/div><style>.porto-u-55ca8359258f9a412be7e73af65d2aac.porto-u-heading{text-align:center}<\/style><\/div>\t\t\t\t<\/div>\n\t\t\t\t<\/div>\n\t\t\t\t<div class=\"elementor-element elementor-element-712b7ba elementor-widget elementor-widget-video\" data-id=\"712b7ba\" data-element_type=\"widget\" data-settings=\"{&quot;video_type&quot;:&quot;vimeo&quot;}\" data-widget_type=\"video.default\">\n\t\t\t\t<div class=\"elementor-widget-container\">\n\t\t\t\t\t\t\t<div class=\"elementor-wrapper elementor-open-inline\">\n\t\t\t<iframe class=\"elementor-video-iframe\" allowfullscreen allow=\"clipboard-write\" title=\"vimeo Video Oynat\u0131c\u0131\" src=\"https:\/\/player.vimeo.com\/video\/866412907?color&amp;autopause=0&amp;loop=0&amp;muted=0&amp;title=1&amp;portrait=1&amp;byline=1#t=\"><\/iframe>\t\t<\/div>\n\t\t\t\t\t\t<\/div>\n\t\t\t\t<\/div>\n\t\t\t\t<div class=\"elementor-element elementor-element-044587b elementor-widget elementor-widget-porto_ultimate_heading\" data-id=\"044587b\" data-element_type=\"widget\" data-widget_type=\"porto_ultimate_heading.default\">\n\t\t\t\t<div class=\"elementor-widget-container\">\n\t\t\t\t\t<div class=\"porto-u-heading  porto-u-55ca8359258f9a412be7e73af65d2aac \"><div class=\"porto-u-main-heading\"><h2 data-plugin-animated-words data-plugin-options=\"{&quot;startDelay&quot;:0,&quot;minWindowWidth&quot;:0,&quot;animationName&quot;:&quot;fadeIn&quot;,&quot;contentType&quot;:&quot;word&quot;}\"  >Ad\u0131m Ad\u0131m Kurulum Talimat\u0131<\/h2><\/div><style>.porto-u-55ca8359258f9a412be7e73af65d2aac.porto-u-heading{text-align:center}<\/style><\/div>\t\t\t\t<\/div>\n\t\t\t\t<\/div>\n\t\t\t\t<div class=\"elementor-element elementor-element-ddbaa6e elementor-widget elementor-widget-porto_steps\" data-id=\"ddbaa6e\" data-element_type=\"widget\" data-widget_type=\"porto_steps.default\">\n\t\t\t\t<div class=\"elementor-widget-container\">\n\t\t\t\t\t<section class=\"timeline\"><div class=\"timeline-body\"><div class=\"timeline-date \"><h3 class=\"time-text step-item-subtitle\">ICUE 3<\/h3><\/div><article class=\"timeline-box left\"><div><h4 class=\"timeline-item-title step-item-title\">Ad\u0131m 1: ICue 3 - 4 - 5&#039;i indirin<\/h4><div class=\"timeline-item-content\"><p>\u00d6ncelikle sahip olmam\u0131z gerekenler  <b>Fare Uygulamam\u0131z y\u00fckl\u00fc.<br>ICue 3, 4 veya 5 App. <a href=\"https:\/\/www.corsair.com\/ww\/en\/downloads\" target=\"_blank\" rel=\"noopener\">\u0130ndirmek<\/a> \u0130\u00e7in <a href=\"https:\/\/www.corsair.com\/ww\/en\/downloads\" target=\"_blank\" rel=\"noopener\">Buraya T\u0131klay\u0131n.<\/a><\/b><\/p><h5>0. \u0130\u00e7e aktarmak istedi\u011finiz dosyay\u0131 not defteri ile a\u00e7\u0131n.<\/h5><p>Not Defteri'ni a\u00e7\u0131n -&gt; CTRL+F tu\u015flar\u0131na bas\u0131n \u015eunu aray\u0131n<br><strong>M55 RGB PRO<\/strong> ve fare ad\u0131n\u0131zla de\u011fi\u015ftirin.<br>E\u011fer fareniz M55 RGB PRO ise bu ad\u0131m\u0131 uygulaman\u0131za gerek yoktur.<br>(ICUE'de g\u00f6sterilen fare ad\u0131n\u0131n TAM OLARAK ayn\u0131s\u0131 olmal\u0131d\u0131r)<br>Bunu yapmam\u0131n nedeni, Icue'nun dosyay\u0131 i\u00e7e aktarmamas\u0131d\u0131r.<br>Bu y\u00fczden M55 RGB PRO'yu kendi Fare Ad\u0131n\u0131zla de\u011fi\u015ftirdi\u011finizden emin olun.<\/p><h4><span style=\"font-size: 14px;\">1. Fare uygulaman\u0131z\u0131 a\u00e7\u0131n <strong>ICUE 3<\/strong><\/span><\/h4><p><strong><br><\/strong>(<strong> ICUE 4 veya 5<\/strong> kullan\u0131yorsan\u0131z bunun i\u00e7in talimatlar a\u015fa\u011f\u0131dad\u0131r)<br>Kullanmak istedi\u011finiz silahlar\u0131 <strong>i\u00e7e aktar\u0131n<\/strong>.<\/p><figure id=\"attachment_1747\" aria-describedby=\"caption-attachment-1747\" style=\"width: 1316px\" class=\"wp-caption alignnone\"><img fetchpriority=\"high\" decoding=\"async\" class=\"size-full wp-image-1747\" src=\"https:\/\/norecoil.net\/wp-content\/uploads\/2023\/09\/corsair-icue-3-no-recoil-macro-1.gif\" alt=\"ICue 3 Corsair Geri Tepmesiz Makro Komut Dosyas\u0131na Aktar\" width=\"1316\" height=\"825\"><figcaption id=\"caption-attachment-1747\" class=\"wp-caption-text\">ICue 3 Corsair Geri Tepmesiz Makro Komut Dosyas\u0131na Aktar<\/figcaption><\/figure><p> <\/p><h5>2. Yan\u0131ndaki <strong>Eylemler <\/strong>'e gidin <strong>+ art\u0131 <\/strong> \u00fczerine t\u0131klay\u0131n.<\/h5><p><strong>Profil De\u011fi\u015ftirme<\/strong> men\u00fcs\u00fcnden bulun ve di\u011ferini se\u00e7in<br>silah\u0131n\u0131 de\u011fi\u015ftirmek ve kullanmak istedi\u011finiz bir fare d\u00fc\u011fmesine atamak istiyorsunuz.<br><strong>Corsair Kl<\/strong> avyeniz varsa, profilleri de\u011fi\u015ftirmek i\u00e7in klavyeyi de kullanabilirsiniz.<\/p><figure id=\"attachment_1748\" aria-describedby=\"caption-attachment-1748\" style=\"width: 1316px\" class=\"wp-caption alignnone\"><img decoding=\"async\" class=\"wp-image-1748 size-full\" src=\"https:\/\/norecoil.net\/wp-content\/uploads\/2023\/09\/corsair-icue-3-no-recoil-macro-script-2.gif\" alt=\"Geri Tepmesiz Makro Komut Dosyalar\u0131 aras\u0131nda ge\u00e7i\u015f yapmak i\u00e7in bir Anahtar d\u00fc\u011fmesi atay\u0131n\" width=\"1316\" height=\"825\"><figcaption id=\"caption-attachment-1748\" class=\"wp-caption-text\">Geri Tepmesiz Makro Komut Dosyalar\u0131 aras\u0131nda ge\u00e7i\u015f yapmak i\u00e7in bir Anahtar d\u00fc\u011fmesi atay\u0131n<\/figcaption><\/figure><p>3. \u015eimdi <strong><br><\/strong><strong>profilini<\/strong> <strong>de\u011fi\u015ftirmek<\/strong> i\u00e7in atad\u0131\u011f\u0131n\u0131z d\u00fc\u011fmeye t\u0131klay\u0131n ve <strong>ayn\u0131<\/strong> <strong>ad\u0131mlar\u0131<\/strong> bu profil i\u00e7in de uygulay\u0131n, b\u00f6ylece <strong>profiller<\/strong><strong>aras\u0131nda<\/strong> <strong><br><\/strong><strong> <strong>ge\u00e7i\u015f<\/strong> yapabilirsiniz.<\/strong> Bu kadar.  <strong>Keyfini \u00e7\u0131kar\u0131n.<\/strong><\/p><\/div><\/div><\/article><div class=\"timeline-date \"><h3 class=\"time-text step-item-subtitle\">ICUE 4-5  <\/h3><\/div><article class=\"timeline-box right\"><div><h4 class=\"timeline-item-title step-item-title\">Corsair Icue 4-5 nas\u0131l kurulur<\/h4><div class=\"timeline-item-content\"><div class=\"fw-row\"><div class=\"sh-column sh-column-7be3fb1e777683ea1c4bb7ab64b159f2 fw-col-xs-12\"><div class=\"sh-column-wrapper\"><div id=\"text-block-f5f5e77495aebb2154811a571e1d001d\" class=\"sh-text-block\"><h5>Kullanmak istedi\u011finiz \u0130ndirilmi\u015f <strong>Geri Tepmesiz Makro<\/strong> Dosyalar\u0131n\u0131 <strong>Not Def<\/strong>teri ile a\u00e7\u0131n.<\/h5><p>Not Defteri'ni a\u00e7\u0131n -&gt; CTRL+F tu\u015flar\u0131na bas\u0131n \u015eunu aray\u0131n<br><strong>M55 RGB PRO<\/strong> ve fare ad\u0131n\u0131zla de\u011fi\u015ftirin.<br>E\u011fer fareniz M55 RGB PRO ise bu ad\u0131m\u0131 uygulaman\u0131za gerek yoktur.<br>(ICUE'de g\u00f6sterilen fare ad\u0131n\u0131n TAM OLARAK ayn\u0131s\u0131 olmal\u0131d\u0131r)<br>Bunu yapmam\u0131n nedeni, Icue'nun dosyay\u0131 i\u00e7e aktarmamas\u0131d\u0131r.<br>Bu y\u00fczden M55 RGB PRO'yu kendi Fare Ad\u0131n\u0131zla de\u011fi\u015ftirdi\u011finizden emin olun.<\/p><h5>1. Fare uygulaman\u0131z\u0131 a\u00e7\u0131n <strong>ICUE 4<\/strong><\/h5><p><strong><br><\/strong>Kullanmak istedi\u011finiz silahlar\u0131 <strong>i\u00e7e aktar\u0131n<\/strong>.<br>Yaln\u0131zca <strong>ATAMALAR<\/strong> \u00f6\u011fesinin se\u00e7ili oldu\u011fundan emin olun.<\/p><figure id=\"attachment_1749\" aria-describedby=\"caption-attachment-1749\" style=\"width: 1360px\" class=\"wp-caption alignnone\"><img decoding=\"async\" class=\"size-full wp-image-1749\" src=\"https:\/\/norecoil.net\/wp-content\/uploads\/2023\/09\/corsair-icue-4-no-recoil-macro-script-1.gif\" alt=\"ICue 4'e Aktar - ICue 5 Corsair Geri Tepmesiz Makro Komut Dosyas\u0131\" width=\"1360\" height=\"838\"><figcaption id=\"caption-attachment-1749\" class=\"wp-caption-text\">ICue 4'e Aktar - ICue 5 Corsair Geri Tepmesiz Makro Komut Dosyas\u0131<\/figcaption><\/figure><\/div><p>\u015eimdi <strong>farenize<\/strong> t\u0131klay\u0131n <strong>-&gt; Anahtar Atamalar\u0131<\/strong><\/p><p><strong>Art\u0131 Simgesine<\/strong> t\u0131klay\u0131n -&gt; <strong>Tek Profil<\/strong> 'e t\u0131klay\u0131n ve<br><strong>ge\u00e7i\u015f<\/strong> i\u00e7in ba\u015fka bir <strong>profil<\/strong> se\u00e7in ve bunu bir <strong>fare d\u00fc\u011fmesine<\/strong> <strong>atay\u0131n<\/strong>.<br><strong>anahtarlama<\/strong> i\u00e7in kullanmak istiyorum.<\/p><p><strong>Corsair Kl<\/strong> avyeniz varsa, profilleri de\u011fi\u015ftirmek i\u00e7in klavyeyi de kullanabilirsiniz.<\/p><\/div><figure id=\"attachment_1750\" aria-describedby=\"caption-attachment-1750\" style=\"width: 1360px\" class=\"wp-caption alignnone\"><img loading=\"lazy\" decoding=\"async\" class=\"size-full wp-image-1750\" src=\"https:\/\/norecoil.net\/wp-content\/uploads\/2023\/09\/corsair-icue-4-no-recoil-macro-script-2.gif\" alt=\"Geri Tepmesiz Makro Komut Dosyalar\u0131 aras\u0131nda ge\u00e7i\u015f yapmak i\u00e7in bir Anahtar d\u00fc\u011fmesi atay\u0131n\" width=\"1360\" height=\"838\"><figcaption id=\"caption-attachment-1750\" class=\"wp-caption-text\">Geri Tepmesiz Makro Komut Dosyalar\u0131 aras\u0131nda ge\u00e7i\u015f yapmak i\u00e7in bir Anahtar d\u00fc\u011fmesi atay\u0131n<\/figcaption><\/figure><\/div><p>\u015eimdi <strong><br><\/strong><strong>profilini<\/strong> de\u011fi\u015ftirmek i\u00e7in atad\u0131\u011f\u0131n\u0131z d\u00fc\u011fmeye t\u0131klay\u0131n ve <strong>profiller<\/strong><strong>aras\u0131nda<\/strong> <strong><br><\/strong><strong> <strong>ge\u00e7i\u015f<\/strong> yapabilmek i\u00e7in <strong>ayn\u0131<\/strong> <strong>ad\u0131mlar\u0131<\/strong> bu profil i\u00e7in de uygulay\u0131n.<\/strong> Bu kadar.  <strong>Keyfini \u00e7\u0131kar\u0131n.<\/strong><\/p><\/div><p>Yeni <strong>ICUE 5<\/strong> g\u00fcncellemesinden sonra, yukar\u0131da g\u00f6sterildi\u011fi gibi do\u011frudan sol fare d\u00fc\u011fmenize atayamayabilirsiniz.<br>Bunu yapmak i\u00e7in sol fare d\u00fc\u011fmesini ba\u015fka bir d\u00fc\u011fmeyle yeniden e\u015fle\u015ftirmeniz gerekir. (A\u015fa\u011f\u0131daki gif'e bak\u0131n\u0131z)<br><strong>\"+\" tu\u015funa bas\u0131n -&gt; \"Fare \"yi se\u00e7in -&gt; Sol Fare d\u00fc\u011fmesine t\u0131klay\u0131n -&gt; Sol t\u0131klama i\u00e7in kullanmak istedi\u011finiz d\u00fc\u011fmeyi se\u00e7in.<\/strong><br>Bundan sonra silah\u0131 sol fare tu\u015funuza atayabilirsiniz.<\/p><figure id=\"attachment_1751\" aria-describedby=\"caption-attachment-1751\" style=\"width: 2022px\" class=\"wp-caption alignnone\"><img loading=\"lazy\" decoding=\"async\" class=\"wp-image-1751 size-full\" src=\"https:\/\/norecoil.net\/wp-content\/uploads\/2023\/09\/icue-remap-left-mouse-button-to-another.gif\" alt=\"Sol fare tu\u015funu etkinle\u015ftirmek i\u00e7in Sol fare tu\u015funuzu yeniden e\u015fle\u015ftirin.\" width=\"2022\" height=\"1242\"><figcaption id=\"caption-attachment-1751\" class=\"wp-caption-text\">Sol fare tu\u015funu etkinle\u015ftirmek i\u00e7in Sol fare tu\u015funuzu yeniden e\u015fle\u015ftirin.<\/figcaption><\/figure><p><span style=\"text-decoration: underline;\"><strong><a href=\"\/corsair-no-recoil-macro\" target=\"_blank\" rel=\"noopener\">T\u00fcm Corsair Geri Tepmesiz Makro Komut Dosyalar\u0131n\u0131 g\u00f6rmek i\u00e7in buraya t\u0131klay\u0131n<\/a><\/strong><\/span><\/p><\/div><\/div><\/article><\/div><\/section>\t\t\t\t<\/div>\n\t\t\t\t<\/div>\n\t\t\t\t\t<\/div>\r\n\t\t\t\t<\/div>\r\n\t\t\t\t\t<\/div>\r\n\t\t\t\t<\/section>\r\n\t\t\t\t<\/div>\n\t\t","protected":false},"excerpt":{"rendered":"<p>Corsair No Recoil Macro Nas\u0131l Kurulur Corsair No Recoil Makro Nas\u0131l Kurulur; Do\u011fru bir kurulum i\u00e7in videoyu izleyin ve ad\u0131mlar\u0131 tek tek kontrol edin Corsair Geri Tepmesiz Makro Senaryo ICue 3, ICue 4 ve ICue 5. Video Talimat\u0131 Ad\u0131m Ad\u0131m Kurulum Talimat\u0131 ICUE 3 Ad\u0131m 1: ICue 3 &#8211; 4 &#8211; 5&#039;i indirin \u00d6ncelikle sahip [&hellip;]<\/p>\n","protected":false},"author":1,"featured_media":3906,"parent":0,"menu_order":0,"comment_status":"open","ping_status":"closed","template":"","meta":{"_acf_changed":false,"content-type":"","cybocfi_hide_featured_image":"","footnotes":""},"class_list":["post-5998","page","type-page","status-publish","has-post-thumbnail","hentry"],"acf":[],"yoast_head":"<!-- This site is optimized with the Yoast SEO Premium plugin v21.1 (Yoast SEO v21.1) - https:\/\/yoast.com\/wordpress\/plugins\/seo\/ -->\n<title>Corsair No Recoil Macro Nas\u0131l Kurulur<\/title>\n<meta name=\"description\" content=\"ICue 3 - 4 - 5 i\u00e7in Corsair Geri Tepmesiz Makro Nas\u0131l Kurulur? Herhangi bir Corsair ICue 3-4-5 i\u00e7in Geri Tepmesiz Makro Kurulumu Video ile talimat.\" \/>\n<meta name=\"robots\" content=\"index, follow, max-snippet:-1, max-image-preview:large, max-video-preview:-1\" \/>\n<link rel=\"canonical\" href=\"https:\/\/norecoil.net\/tr\/corsair-no-recoil-macro-nasil-kurulur\/\" \/>\n<meta property=\"og:locale\" content=\"tr_TR\" \/>\n<meta property=\"og:type\" content=\"article\" \/>\n<meta property=\"og:title\" content=\"Corsair No Recoil Macro Nas\u0131l Kurulur\" \/>\n<meta property=\"og:description\" content=\"ICue 3 - 4 - 5 i\u00e7in Corsair Geri Tepmesiz Makro Nas\u0131l Kurulur? Herhangi bir Corsair ICue 3-4-5 i\u00e7in Geri Tepmesiz Makro Kurulumu Video ile talimat.\" \/>\n<meta property=\"og:url\" content=\"https:\/\/norecoil.net\/tr\/corsair-no-recoil-macro-nasil-kurulur\/\" \/>\n<meta property=\"og:site_name\" content=\"NoRecoil.Net\" \/>\n<meta property=\"article:modified_time\" content=\"2024-02-28T15:04:04+00:00\" \/>\n<meta property=\"og:image\" content=\"https:\/\/norecoil.net\/wp-content\/uploads\/2023\/09\/how-to-install-corsair-no-recoil-macro.jpg\" \/>\n\t<meta property=\"og:image:width\" content=\"1200\" \/>\n\t<meta property=\"og:image:height\" content=\"675\" \/>\n\t<meta property=\"og:image:type\" content=\"image\/jpeg\" \/>\n<meta name=\"twitter:card\" content=\"summary_large_image\" \/>\n<meta name=\"twitter:label1\" content=\"Tahmini okuma s\u00fcresi\" \/>\n\t<meta name=\"twitter:data1\" content=\"3 dakika\" \/>\n<script type=\"application\/ld+json\" class=\"yoast-schema-graph\">{\"@context\":\"https:\/\/schema.org\",\"@graph\":[{\"@type\":\"WebPage\",\"@id\":\"https:\/\/norecoil.net\/tr\/corsair-no-recoil-macro-nasil-kurulur\/\",\"url\":\"https:\/\/norecoil.net\/tr\/corsair-no-recoil-macro-nasil-kurulur\/\",\"name\":\"Corsair No Recoil Macro Nas\u0131l Kurulur\",\"isPartOf\":{\"@id\":\"https:\/\/norecoil.net\/tr\/#website\"},\"datePublished\":\"2023-09-21T10:11:24+00:00\",\"dateModified\":\"2024-02-28T15:04:04+00:00\",\"description\":\"ICue 3 - 4 - 5 i\u00e7in Corsair Geri Tepmesiz Makro Nas\u0131l Kurulur? Herhangi bir Corsair ICue 3-4-5 i\u00e7in Geri Tepmesiz Makro Kurulumu Video ile talimat.\",\"breadcrumb\":{\"@id\":\"https:\/\/norecoil.net\/tr\/corsair-no-recoil-macro-nasil-kurulur\/#breadcrumb\"},\"inLanguage\":\"tr\",\"potentialAction\":[{\"@type\":\"ReadAction\",\"target\":[\"https:\/\/norecoil.net\/tr\/corsair-no-recoil-macro-nasil-kurulur\/\"]}]},{\"@type\":\"BreadcrumbList\",\"@id\":\"https:\/\/norecoil.net\/tr\/corsair-no-recoil-macro-nasil-kurulur\/#breadcrumb\",\"itemListElement\":[{\"@type\":\"ListItem\",\"position\":1,\"name\":\"Home\",\"item\":\"https:\/\/norecoil.net\/tr\/norecoil-net\/\"},{\"@type\":\"ListItem\",\"position\":2,\"name\":\"Corsair No Recoil Macro Nas\u0131l Kurulur\"}]},{\"@type\":\"WebSite\",\"@id\":\"https:\/\/norecoil.net\/tr\/#website\",\"url\":\"https:\/\/norecoil.net\/tr\/\",\"name\":\"NoRecoil.Net\",\"description\":\"\",\"potentialAction\":[{\"@type\":\"SearchAction\",\"target\":{\"@type\":\"EntryPoint\",\"urlTemplate\":\"https:\/\/norecoil.net\/tr\/?s={search_term_string}\"},\"query-input\":\"required name=search_term_string\"}],\"inLanguage\":\"tr\"}]}<\/script>\n<!-- \/ Yoast SEO Premium plugin. -->","yoast_head_json":{"title":"Corsair No Recoil Macro Nas\u0131l Kurulur","description":"ICue 3 - 4 - 5 i\u00e7in Corsair Geri Tepmesiz Makro Nas\u0131l Kurulur? Herhangi bir Corsair ICue 3-4-5 i\u00e7in Geri Tepmesiz Makro Kurulumu Video ile talimat.","robots":{"index":"index","follow":"follow","max-snippet":"max-snippet:-1","max-image-preview":"max-image-preview:large","max-video-preview":"max-video-preview:-1"},"canonical":"https:\/\/norecoil.net\/tr\/corsair-no-recoil-macro-nasil-kurulur\/","og_locale":"tr_TR","og_type":"article","og_title":"Corsair No Recoil Macro Nas\u0131l Kurulur","og_description":"ICue 3 - 4 - 5 i\u00e7in Corsair Geri Tepmesiz Makro Nas\u0131l Kurulur? Herhangi bir Corsair ICue 3-4-5 i\u00e7in Geri Tepmesiz Makro Kurulumu Video ile talimat.","og_url":"https:\/\/norecoil.net\/tr\/corsair-no-recoil-macro-nasil-kurulur\/","og_site_name":"NoRecoil.Net","article_modified_time":"2024-02-28T15:04:04+00:00","og_image":[{"width":1200,"height":675,"url":"https:\/\/norecoil.net\/wp-content\/uploads\/2023\/09\/how-to-install-corsair-no-recoil-macro.jpg","type":"image\/jpeg"}],"twitter_card":"summary_large_image","twitter_misc":{"Tahmini okuma s\u00fcresi":"3 dakika"},"schema":{"@context":"https:\/\/schema.org","@graph":[{"@type":"WebPage","@id":"https:\/\/norecoil.net\/tr\/corsair-no-recoil-macro-nasil-kurulur\/","url":"https:\/\/norecoil.net\/tr\/corsair-no-recoil-macro-nasil-kurulur\/","name":"Corsair No Recoil Macro Nas\u0131l Kurulur","isPartOf":{"@id":"https:\/\/norecoil.net\/tr\/#website"},"datePublished":"2023-09-21T10:11:24+00:00","dateModified":"2024-02-28T15:04:04+00:00","description":"ICue 3 - 4 - 5 i\u00e7in Corsair Geri Tepmesiz Makro Nas\u0131l Kurulur? Herhangi bir Corsair ICue 3-4-5 i\u00e7in Geri Tepmesiz Makro Kurulumu Video ile talimat.","breadcrumb":{"@id":"https:\/\/norecoil.net\/tr\/corsair-no-recoil-macro-nasil-kurulur\/#breadcrumb"},"inLanguage":"tr","potentialAction":[{"@type":"ReadAction","target":["https:\/\/norecoil.net\/tr\/corsair-no-recoil-macro-nasil-kurulur\/"]}]},{"@type":"BreadcrumbList","@id":"https:\/\/norecoil.net\/tr\/corsair-no-recoil-macro-nasil-kurulur\/#breadcrumb","itemListElement":[{"@type":"ListItem","position":1,"name":"Home","item":"https:\/\/norecoil.net\/tr\/norecoil-net\/"},{"@type":"ListItem","position":2,"name":"Corsair No Recoil Macro Nas\u0131l Kurulur"}]},{"@type":"WebSite","@id":"https:\/\/norecoil.net\/tr\/#website","url":"https:\/\/norecoil.net\/tr\/","name":"NoRecoil.Net","description":"","potentialAction":[{"@type":"SearchAction","target":{"@type":"EntryPoint","urlTemplate":"https:\/\/norecoil.net\/tr\/?s={search_term_string}"},"query-input":"required name=search_term_string"}],"inLanguage":"tr"}]}},"_links":{"self":[{"href":"https:\/\/norecoil.net\/tr\/wp-json\/wp\/v2\/pages\/5998","targetHints":{"allow":["GET"]}}],"collection":[{"href":"https:\/\/norecoil.net\/tr\/wp-json\/wp\/v2\/pages"}],"about":[{"href":"https:\/\/norecoil.net\/tr\/wp-json\/wp\/v2\/types\/page"}],"author":[{"embeddable":true,"href":"https:\/\/norecoil.net\/tr\/wp-json\/wp\/v2\/users\/1"}],"replies":[{"embeddable":true,"href":"https:\/\/norecoil.net\/tr\/wp-json\/wp\/v2\/comments?post=5998"}],"version-history":[{"count":0,"href":"https:\/\/norecoil.net\/tr\/wp-json\/wp\/v2\/pages\/5998\/revisions"}],"wp:featuredmedia":[{"embeddable":true,"href":"https:\/\/norecoil.net\/tr\/wp-json\/wp\/v2\/media\/3906"}],"wp:attachment":[{"href":"https:\/\/norecoil.net\/tr\/wp-json\/wp\/v2\/media?parent=5998"}],"curies":[{"name":"wp","href":"https:\/\/api.w.org\/{rel}","templated":true}]}}