{"id":5928,"date":"2023-09-20T13:44:01","date_gmt":"2023-09-20T13:44:01","guid":{"rendered":"https:\/\/norecoil.net\/bloody-no-recoil-macro-nasil-kurulur\/"},"modified":"2024-02-28T15:03:49","modified_gmt":"2024-02-28T15:03:49","slug":"bloody-no-recoil-macro-nasil-kurulur","status":"publish","type":"page","link":"https:\/\/norecoil.net\/tr\/bloody-no-recoil-macro-nasil-kurulur\/","title":{"rendered":"Bloody No Recoil Macro Nas\u0131l Kurulur"},"content":{"rendered":"\t\t<div data-elementor-type=\"wp-page\" data-elementor-id=\"5928\" class=\"elementor elementor-5928 elementor-1728\">\n\t\t\t\t\t\t<section class=\"elementor-section elementor-top-section elementor-element elementor-element-007144e elementor-section-boxed elementor-section-height-default elementor-section-height-default\" data-id=\"007144e\" data-element_type=\"section\">\r\n\t\t\r\n\t\t\t\t\t\t\t<div class=\"elementor-container elementor-column-gap-default\">\r\n\t\t\t\t\t\t\t\t\t\t\t<div class=\"elementor-column elementor-col-100 elementor-top-column elementor-element elementor-element-aff4496 mx-auto\" data-id=\"aff4496\" data-element_type=\"column\">\r\n\t\t\t\t\t<div class=\"elementor-widget-wrap elementor-element-populated\">\r\n\t\t\t\t\t\t\t\t<div class=\"elementor-element elementor-element-2718dbf elementor-widget elementor-widget-porto_ultimate_heading\" data-id=\"2718dbf\" data-element_type=\"widget\" data-widget_type=\"porto_ultimate_heading.default\">\n\t\t\t\t<div class=\"elementor-widget-container\">\n\t\t\t\t\t<div class=\"porto-u-heading  porto-u-55ca8359258f9a412be7e73af65d2aac \"><div class=\"porto-u-main-heading\"><h2   >Bloody No Recoil Macro Nas\u0131l Kurulur<\/h2><\/div><div class=\"porto-u-sub-heading\" style=\"\"><p>Bloody Nas\u0131l Kurulur; <strong>Bloody No Recoil Macros<\/strong> i\u00e7in do\u011fru bir kurulum i\u00e7in videoyu izleyin ve ad\u0131mlar\u0131 tek tek kontrol edin <strong>.<br>Hem ULTRA CORE 3 hem de ULTRA CORE 4 Talimatlar\u0131n\u0131 bulacaks\u0131n\u0131z<\/strong>.<\/p><\/div><style>.porto-u-55ca8359258f9a412be7e73af65d2aac.porto-u-heading{text-align:center}<\/style><\/div>\t\t\t\t<\/div>\n\t\t\t\t<\/div>\n\t\t\t\t<div class=\"elementor-element elementor-element-86cb3d5 elementor-widget elementor-widget-porto_ultimate_heading\" data-id=\"86cb3d5\" data-element_type=\"widget\" data-widget_type=\"porto_ultimate_heading.default\">\n\t\t\t\t<div class=\"elementor-widget-container\">\n\t\t\t\t\t<div class=\"porto-u-heading  porto-u-55ca8359258f9a412be7e73af65d2aac \"><div class=\"porto-u-main-heading\"><h2 data-plugin-animated-words data-plugin-options=\"{&quot;startDelay&quot;:0,&quot;minWindowWidth&quot;:0,&quot;animationName&quot;:&quot;fadeIn&quot;,&quot;contentType&quot;:&quot;word&quot;}\"  >Video Talimat\u0131<\/h2><\/div><style>.porto-u-55ca8359258f9a412be7e73af65d2aac.porto-u-heading{text-align:center}<\/style><\/div>\t\t\t\t<\/div>\n\t\t\t\t<\/div>\n\t\t\t\t<div class=\"elementor-element elementor-element-712b7ba elementor-widget elementor-widget-video\" data-id=\"712b7ba\" data-element_type=\"widget\" data-settings=\"{&quot;video_type&quot;:&quot;vimeo&quot;}\" data-widget_type=\"video.default\">\n\t\t\t\t<div class=\"elementor-widget-container\">\n\t\t\t\t\t\t\t<div class=\"elementor-wrapper elementor-open-inline\">\n\t\t\t<iframe class=\"elementor-video-iframe\" allowfullscreen allow=\"clipboard-write\" title=\"vimeo Video Oynat\u0131c\u0131\" src=\"https:\/\/player.vimeo.com\/video\/865379618?color&amp;autopause=0&amp;loop=0&amp;muted=0&amp;title=1&amp;portrait=1&amp;byline=1#t=\"><\/iframe>\t\t<\/div>\n\t\t\t\t\t\t<\/div>\n\t\t\t\t<\/div>\n\t\t\t\t<div class=\"elementor-element elementor-element-044587b elementor-widget elementor-widget-porto_ultimate_heading\" data-id=\"044587b\" data-element_type=\"widget\" data-widget_type=\"porto_ultimate_heading.default\">\n\t\t\t\t<div class=\"elementor-widget-container\">\n\t\t\t\t\t<div class=\"porto-u-heading  porto-u-55ca8359258f9a412be7e73af65d2aac \"><div class=\"porto-u-main-heading\"><h2 data-plugin-animated-words data-plugin-options=\"{&quot;startDelay&quot;:0,&quot;minWindowWidth&quot;:0,&quot;animationName&quot;:&quot;fadeIn&quot;,&quot;contentType&quot;:&quot;word&quot;}\"  >Ad\u0131m Ad\u0131m Kurulum Talimat\u0131<\/h2><\/div><style>.porto-u-55ca8359258f9a412be7e73af65d2aac.porto-u-heading{text-align:center}<\/style><\/div>\t\t\t\t<\/div>\n\t\t\t\t<\/div>\n\t\t\t\t<div class=\"elementor-element elementor-element-ddbaa6e elementor-widget elementor-widget-porto_steps\" data-id=\"ddbaa6e\" data-element_type=\"widget\" data-widget_type=\"porto_steps.default\">\n\t\t\t\t<div class=\"elementor-widget-container\">\n\t\t\t\t\t<section class=\"timeline\"><div class=\"timeline-body\"><div class=\"timeline-date \"><h3 class=\"time-text step-item-subtitle\">ULTRA CORE 4 i\u00e7in Talimat<\/h3><\/div><article class=\"timeline-box left\"><div><h4 class=\"timeline-item-title step-item-title\">Ad\u0131m 1: Fare Uygulaman\u0131z\u0131 a\u00e7\u0131n<\/h4><div class=\"timeline-item-content\"><p>\u00d6ncelikle sahip olmam\u0131z gerekenler  <b>Fare Uygulamam\u0131z y\u00fckl\u00fc.<br>Bloody App. <a href=\"https:\/\/www.bloody.com\/en\/Download.php\" target=\"_blank\" rel=\"noopener\">\u0130ndirmek<\/a> \u0130\u00e7in <a href=\"https:\/\/www.bloody.com\/en\/Download.php\" target=\"_blank\" rel=\"noopener\">Buraya T\u0131klay\u0131n.<\/a><\/b><\/p><p>1. Fare uygulaman\u0131z\u0131 a\u00e7\u0131n ve <strong>Ultra Core4<\/strong>'\u00fc se\u00e7in.<br>Yaln\u0131zca <strong>UltraCore3<\/strong> '\u00fcn\u00fcz varsa <strong>UltraCore3<\/strong> talimat\u0131 i\u00e7in a\u015fa\u011f\u0131 inin.<br><strong>Ultra core4<\/strong>'\u00fc se\u00e7tikten sonra <strong>Oscar Macro II'ye t\u0131klay\u0131n<br><\/strong>Ve <strong>Yeni<\/strong> Bir <strong>Klas\u00f6r<\/strong> Olu\u015fturun.<\/p><p> <\/p><center><figure id=\"attachment_1730\" aria-describedby=\"caption-attachment-1730\" style=\"width: 865px\" class=\"wp-caption alignnone\"><img fetchpriority=\"high\" decoding=\"async\" class=\"wp-image-1730 size-full\" src=\"https:\/\/norecoil.net\/wp-content\/uploads\/2023\/09\/bloody-ultra-core-4-how-to-install-1.gif\" alt=\"Bloody Ultra Core 4'\u00fc se\u00e7in ve \"OSCAR MACRO II \"ye gidin\" width=\"865\" height=\"561\"><figcaption id=\"caption-attachment-1730\" class=\"wp-caption-text\">Bloody Ultra Core 4'\u00fc se\u00e7in ve \"OSCAR MACRO II \"ye gidin<\/figcaption><\/figure><\/center><p> <\/p><p> <\/p><p>2. \u015eimdi ayn\u0131 men\u00fcden <strong>\u0130\u00e7eri\/d\u0131\u015far\u0131 aktar<\/strong>se\u00e7ene\u011fini se\u00e7in <strong><br> \u0130ndirdi\u011finiz dosyalar\u0131 se\u00e7in.<\/strong> <\/p><center><figure id=\"attachment_1731\" aria-describedby=\"caption-attachment-1731\" style=\"width: 865px\" class=\"wp-caption alignnone\"><img decoding=\"async\" class=\"size-full wp-image-1731\" src=\"https:\/\/norecoil.net\/wp-content\/uploads\/2023\/09\/bloody-ultra-core-4-how-to-install-2.gif\" alt=\"Geri Tepme Yok Makro Komut Dosyas\u0131n\u0131 \u0130\u00e7e Aktar\u0131n\" width=\"865\" height=\"561\"><figcaption id=\"caption-attachment-1731\" class=\"wp-caption-text\">Geri Tepme Yok Makro Komut Dosyas\u0131n\u0131 \u0130\u00e7e Aktar\u0131n<\/figcaption><\/figure><\/center><p> <\/p><p>3. \u015eimdi \"D\u00fc\u011fme\" \u00fczerine t\u0131klay\u0131n ve silah\u0131 etkinle\u015ftirmek i\u00e7in kullanmak istedi\u011finiz fare d\u00fc\u011fmesini se\u00e7in ve \"Makro Dosyas\u0131 Se\u00e7\" se\u00e7ene\u011finden silah\u0131 se\u00e7in ve t\u0131klay\u0131n  <strong>BA\u015eVURUN.<br>Bu kadar. Keyfini \u00e7\u0131kar\u0131n.<\/strong><\/p><p> <\/p><figure id=\"attachment_1732\" aria-describedby=\"caption-attachment-1732\" style=\"width: 1061px\" class=\"wp-caption alignnone\"><img decoding=\"async\" class=\"size-full wp-image-1732\" src=\"https:\/\/norecoil.net\/wp-content\/uploads\/2023\/09\/bloody-ultra-core-4-how-to-install-3.gif\" alt=\"Geri Tepmesiz Makro Komut Dosyas\u0131n\u0131 Bloody Mouse'unuza y\u00fckleyin\" width=\"1061\" height=\"656\"><figcaption id=\"caption-attachment-1732\" class=\"wp-caption-text\">Geri Tepmesiz Makro Komut Dosyas\u0131n\u0131 Bloody Mouse'unuza y\u00fckleyin<\/figcaption><\/figure><\/div><\/div><\/article><div class=\"timeline-date \"><h3 class=\"time-text step-item-subtitle\">ULTRA CORE 3 i\u00e7in Talimat<\/h3><\/div><article class=\"timeline-box right\"><div><h4 class=\"timeline-item-title step-item-title\">Sharkoon Fireglider Geri Tepmesiz Makro Dosyalar\u0131n\u0131 \u0130\u00e7e Aktar\u0131n<\/h4><div class=\"timeline-item-content\"><div class=\"fw-row\"><div class=\"sh-column sh-column-7be3fb1e777683ea1c4bb7ab64b159f2 fw-col-xs-12\"><div class=\"sh-column-wrapper\"><div id=\"text-block-f5f5e77495aebb2154811a571e1d001d\" class=\"sh-text-block\"><strong>UltraCore3 <\/strong>'\u00fc se\u00e7in ve <strong>Oscar Macro II<\/strong>'ye gidin ve <strong><br><\/strong><strong>Yeni bir klas\u00f6r olu\u015fturun<\/strong>.<\/div><\/div><div> <\/div><\/div><div><figure id=\"attachment_1733\" aria-describedby=\"caption-attachment-1733\" style=\"width: 865px\" class=\"wp-caption alignnone\"><img loading=\"lazy\" decoding=\"async\" class=\"size-full wp-image-1733\" src=\"https:\/\/norecoil.net\/wp-content\/uploads\/2023\/09\/bloody-ultra-core-3-how-to-install-1.gif\" alt=\"Kanl\u0131 ultra core 3'\u00fc se\u00e7in\" width=\"865\" height=\"565\"><figcaption id=\"caption-attachment-1733\" class=\"wp-caption-text\">Kanl\u0131 ultra core 3'\u00fc se\u00e7in<\/figcaption><\/figure><\/div><p>\u015eimdi ayn\u0131 listeden <strong>\u0130\u00e7eri\/D\u0131\u015far\u0131 Aktar<\/strong> 'a t\u0131klay\u0131n ve indirilen dosyalardan kullanmak istedi\u011finiz silahlar\u0131 se\u00e7in.<\/p><\/div><figure id=\"attachment_1734\" aria-describedby=\"caption-attachment-1734\" style=\"width: 865px\" class=\"wp-caption alignnone\"><img loading=\"lazy\" decoding=\"async\" class=\"size-full wp-image-1734\" src=\"https:\/\/norecoil.net\/wp-content\/uploads\/2023\/09\/bloody-ultra-core-3-how-to-install-2.gif\" alt=\"Geri Tepmesiz Makro Komut Dosyalar\u0131n\u0131 Bloody'ye Aktar\u0131n\" width=\"865\" height=\"565\"><figcaption id=\"caption-attachment-1734\" class=\"wp-caption-text\">Geri Tepmesiz Makro Komut Dosyalar\u0131n\u0131 Bloody'ye Aktar\u0131n<\/figcaption><\/figure><p> <\/p><p>\u015eimdi Headshot'a gidin -&gt; M-Makro<br><strong>Silah\u0131 <\/strong>se\u00e7in ve<strong> Geri <\/strong>'ye t\u0131klay\u0131n<strong><br>Evet <\/strong>'e t\u0131klay\u0131n ve <strong>silah<\/strong> ad\u0131n\u0131 yaz\u0131p <strong>D\u00fc\u011fme<\/strong>'ye gidin.<\/p><p> <\/p><figure id=\"attachment_1735\" aria-describedby=\"caption-attachment-1735\" style=\"width: 865px\" class=\"wp-caption alignnone\"><img loading=\"lazy\" decoding=\"async\" class=\"size-full wp-image-1735\" src=\"https:\/\/norecoil.net\/wp-content\/uploads\/2023\/09\/bloody-ultra-core-3-how-to-install-3.gif\" alt=\"Bloody'de \"Makro\" b\u00f6l\u00fcm\u00fcn\u00fc a\u00e7\u0131n\" width=\"865\" height=\"565\"><figcaption id=\"caption-attachment-1735\" class=\"wp-caption-text\">Bloody'de \"Makro\" b\u00f6l\u00fcm\u00fcn\u00fc a\u00e7\u0131n<\/figcaption><\/figure><p> <\/p><p><strong>Etkinle\u015ftirmek <\/strong>i\u00e7in kullanmak istedi\u011finiz fareyi se\u00e7in ve<strong> Makro Dosyalar\u0131n\u0131 Se\u00e7 <\/strong>b\u00f6l\u00fcm\u00fcnden <strong>silah\u0131<\/strong> <strong>se\u00e7in <\/strong>.<strong>  Silah.<br>Bu kadar. \u0130yi e\u011flenceler!<\/strong><\/p><p> <\/p><figure id=\"attachment_1736\" aria-describedby=\"caption-attachment-1736\" style=\"width: 1061px\" class=\"wp-caption alignnone\"><img loading=\"lazy\" decoding=\"async\" class=\"size-full wp-image-1736\" src=\"https:\/\/norecoil.net\/wp-content\/uploads\/2023\/09\/bloody-ultra-core-3-how-to-install-4.gif\" alt=\"Geri Tepme Yok Makro Komut Dosyalar\u0131n\u0131 Farenize Y\u00fckleme\" width=\"1061\" height=\"656\"><figcaption id=\"caption-attachment-1736\" class=\"wp-caption-text\">Geri Tepme Yok Makro Komut Dosyalar\u0131n\u0131 Farenize Y\u00fckleme<\/figcaption><\/figure><\/div><\/div><\/article><\/div><\/section>\t\t\t\t<\/div>\n\t\t\t\t<\/div>\n\t\t\t\t\t<\/div>\r\n\t\t\t\t<\/div>\r\n\t\t\t\t\t<\/div>\r\n\t\t\t\t<\/section>\r\n\t\t\t\t<\/div>\n\t\t","protected":false},"excerpt":{"rendered":"<p>Bloody No Recoil Macro Nas\u0131l Kurulur Bloody Nas\u0131l Kurulur; Bloody No Recoil Macros i\u00e7in do\u011fru bir kurulum i\u00e7in videoyu izleyin ve ad\u0131mlar\u0131 tek tek kontrol edin .Hem ULTRA CORE 3 hem de ULTRA CORE 4 Talimatlar\u0131n\u0131 bulacaks\u0131n\u0131z. Video Talimat\u0131 Ad\u0131m Ad\u0131m Kurulum Talimat\u0131 ULTRA CORE 4 i\u00e7in Talimat Ad\u0131m 1: Fare Uygulaman\u0131z\u0131 a\u00e7\u0131n \u00d6ncelikle sahip [&hellip;]<\/p>\n","protected":false},"author":1,"featured_media":3864,"parent":0,"menu_order":0,"comment_status":"open","ping_status":"closed","template":"","meta":{"_acf_changed":false,"content-type":"","cybocfi_hide_featured_image":"","footnotes":""},"class_list":["post-5928","page","type-page","status-publish","has-post-thumbnail","hentry"],"acf":[],"yoast_head":"<!-- This site is optimized with the Yoast SEO Premium plugin v21.1 (Yoast SEO v21.1) - https:\/\/yoast.com\/wordpress\/plugins\/seo\/ -->\n<title>Bloody No Recoil Macro Nas\u0131l Kurulur<\/title>\n<meta name=\"description\" content=\"Bloody i\u00e7in Bloody No Recoil Macro Nas\u0131l Y\u00fcklenir. Video ile herhangi bir Kanl\u0131 talimat i\u00e7in Geri Tepme Makro Kurulumu yok.\" \/>\n<meta name=\"robots\" content=\"index, follow, max-snippet:-1, max-image-preview:large, max-video-preview:-1\" \/>\n<link rel=\"canonical\" href=\"https:\/\/norecoil.net\/tr\/bloody-no-recoil-macro-nasil-kurulur\/\" \/>\n<meta property=\"og:locale\" content=\"tr_TR\" \/>\n<meta property=\"og:type\" content=\"article\" \/>\n<meta property=\"og:title\" content=\"Bloody No Recoil Macro Nas\u0131l Kurulur\" \/>\n<meta property=\"og:description\" content=\"Bloody i\u00e7in Bloody No Recoil Macro Nas\u0131l Y\u00fcklenir. Video ile herhangi bir Kanl\u0131 talimat i\u00e7in Geri Tepme Makro Kurulumu yok.\" \/>\n<meta property=\"og:url\" content=\"https:\/\/norecoil.net\/tr\/bloody-no-recoil-macro-nasil-kurulur\/\" \/>\n<meta property=\"og:site_name\" content=\"NoRecoil.Net\" \/>\n<meta property=\"article:modified_time\" content=\"2024-02-28T15:03:49+00:00\" \/>\n<meta property=\"og:image\" content=\"https:\/\/norecoil.net\/wp-content\/uploads\/2023\/09\/how-to-install-bloody.jpg\" \/>\n\t<meta property=\"og:image:width\" content=\"1200\" \/>\n\t<meta property=\"og:image:height\" content=\"675\" \/>\n\t<meta property=\"og:image:type\" content=\"image\/jpeg\" \/>\n<meta name=\"twitter:card\" content=\"summary_large_image\" \/>\n<meta name=\"twitter:label1\" content=\"Tahmini okuma s\u00fcresi\" \/>\n\t<meta name=\"twitter:data1\" content=\"2 dakika\" \/>\n<script type=\"application\/ld+json\" class=\"yoast-schema-graph\">{\"@context\":\"https:\/\/schema.org\",\"@graph\":[{\"@type\":\"WebPage\",\"@id\":\"https:\/\/norecoil.net\/tr\/bloody-no-recoil-macro-nasil-kurulur\/\",\"url\":\"https:\/\/norecoil.net\/tr\/bloody-no-recoil-macro-nasil-kurulur\/\",\"name\":\"Bloody No Recoil Macro Nas\u0131l Kurulur\",\"isPartOf\":{\"@id\":\"https:\/\/norecoil.net\/tr\/#website\"},\"datePublished\":\"2023-09-20T13:44:01+00:00\",\"dateModified\":\"2024-02-28T15:03:49+00:00\",\"description\":\"Bloody i\u00e7in Bloody No Recoil Macro Nas\u0131l Y\u00fcklenir. Video ile herhangi bir Kanl\u0131 talimat i\u00e7in Geri Tepme Makro Kurulumu yok.\",\"breadcrumb\":{\"@id\":\"https:\/\/norecoil.net\/tr\/bloody-no-recoil-macro-nasil-kurulur\/#breadcrumb\"},\"inLanguage\":\"tr\",\"potentialAction\":[{\"@type\":\"ReadAction\",\"target\":[\"https:\/\/norecoil.net\/tr\/bloody-no-recoil-macro-nasil-kurulur\/\"]}]},{\"@type\":\"BreadcrumbList\",\"@id\":\"https:\/\/norecoil.net\/tr\/bloody-no-recoil-macro-nasil-kurulur\/#breadcrumb\",\"itemListElement\":[{\"@type\":\"ListItem\",\"position\":1,\"name\":\"Home\",\"item\":\"https:\/\/norecoil.net\/tr\/norecoil-net\/\"},{\"@type\":\"ListItem\",\"position\":2,\"name\":\"Bloody No Recoil Macro Nas\u0131l Kurulur\"}]},{\"@type\":\"WebSite\",\"@id\":\"https:\/\/norecoil.net\/tr\/#website\",\"url\":\"https:\/\/norecoil.net\/tr\/\",\"name\":\"NoRecoil.Net\",\"description\":\"\",\"potentialAction\":[{\"@type\":\"SearchAction\",\"target\":{\"@type\":\"EntryPoint\",\"urlTemplate\":\"https:\/\/norecoil.net\/tr\/?s={search_term_string}\"},\"query-input\":\"required name=search_term_string\"}],\"inLanguage\":\"tr\"}]}<\/script>\n<!-- \/ Yoast SEO Premium plugin. -->","yoast_head_json":{"title":"Bloody No Recoil Macro Nas\u0131l Kurulur","description":"Bloody i\u00e7in Bloody No Recoil Macro Nas\u0131l Y\u00fcklenir. Video ile herhangi bir Kanl\u0131 talimat i\u00e7in Geri Tepme Makro Kurulumu yok.","robots":{"index":"index","follow":"follow","max-snippet":"max-snippet:-1","max-image-preview":"max-image-preview:large","max-video-preview":"max-video-preview:-1"},"canonical":"https:\/\/norecoil.net\/tr\/bloody-no-recoil-macro-nasil-kurulur\/","og_locale":"tr_TR","og_type":"article","og_title":"Bloody No Recoil Macro Nas\u0131l Kurulur","og_description":"Bloody i\u00e7in Bloody No Recoil Macro Nas\u0131l Y\u00fcklenir. Video ile herhangi bir Kanl\u0131 talimat i\u00e7in Geri Tepme Makro Kurulumu yok.","og_url":"https:\/\/norecoil.net\/tr\/bloody-no-recoil-macro-nasil-kurulur\/","og_site_name":"NoRecoil.Net","article_modified_time":"2024-02-28T15:03:49+00:00","og_image":[{"width":1200,"height":675,"url":"https:\/\/norecoil.net\/wp-content\/uploads\/2023\/09\/how-to-install-bloody.jpg","type":"image\/jpeg"}],"twitter_card":"summary_large_image","twitter_misc":{"Tahmini okuma s\u00fcresi":"2 dakika"},"schema":{"@context":"https:\/\/schema.org","@graph":[{"@type":"WebPage","@id":"https:\/\/norecoil.net\/tr\/bloody-no-recoil-macro-nasil-kurulur\/","url":"https:\/\/norecoil.net\/tr\/bloody-no-recoil-macro-nasil-kurulur\/","name":"Bloody No Recoil Macro Nas\u0131l Kurulur","isPartOf":{"@id":"https:\/\/norecoil.net\/tr\/#website"},"datePublished":"2023-09-20T13:44:01+00:00","dateModified":"2024-02-28T15:03:49+00:00","description":"Bloody i\u00e7in Bloody No Recoil Macro Nas\u0131l Y\u00fcklenir. Video ile herhangi bir Kanl\u0131 talimat i\u00e7in Geri Tepme Makro Kurulumu yok.","breadcrumb":{"@id":"https:\/\/norecoil.net\/tr\/bloody-no-recoil-macro-nasil-kurulur\/#breadcrumb"},"inLanguage":"tr","potentialAction":[{"@type":"ReadAction","target":["https:\/\/norecoil.net\/tr\/bloody-no-recoil-macro-nasil-kurulur\/"]}]},{"@type":"BreadcrumbList","@id":"https:\/\/norecoil.net\/tr\/bloody-no-recoil-macro-nasil-kurulur\/#breadcrumb","itemListElement":[{"@type":"ListItem","position":1,"name":"Home","item":"https:\/\/norecoil.net\/tr\/norecoil-net\/"},{"@type":"ListItem","position":2,"name":"Bloody No Recoil Macro Nas\u0131l Kurulur"}]},{"@type":"WebSite","@id":"https:\/\/norecoil.net\/tr\/#website","url":"https:\/\/norecoil.net\/tr\/","name":"NoRecoil.Net","description":"","potentialAction":[{"@type":"SearchAction","target":{"@type":"EntryPoint","urlTemplate":"https:\/\/norecoil.net\/tr\/?s={search_term_string}"},"query-input":"required name=search_term_string"}],"inLanguage":"tr"}]}},"_links":{"self":[{"href":"https:\/\/norecoil.net\/tr\/wp-json\/wp\/v2\/pages\/5928","targetHints":{"allow":["GET"]}}],"collection":[{"href":"https:\/\/norecoil.net\/tr\/wp-json\/wp\/v2\/pages"}],"about":[{"href":"https:\/\/norecoil.net\/tr\/wp-json\/wp\/v2\/types\/page"}],"author":[{"embeddable":true,"href":"https:\/\/norecoil.net\/tr\/wp-json\/wp\/v2\/users\/1"}],"replies":[{"embeddable":true,"href":"https:\/\/norecoil.net\/tr\/wp-json\/wp\/v2\/comments?post=5928"}],"version-history":[{"count":0,"href":"https:\/\/norecoil.net\/tr\/wp-json\/wp\/v2\/pages\/5928\/revisions"}],"wp:featuredmedia":[{"embeddable":true,"href":"https:\/\/norecoil.net\/tr\/wp-json\/wp\/v2\/media\/3864"}],"wp:attachment":[{"href":"https:\/\/norecoil.net\/tr\/wp-json\/wp\/v2\/media?parent=5928"}],"curies":[{"name":"wp","href":"https:\/\/api.w.org\/{rel}","templated":true}]}}