{"id":5874,"date":"2023-09-17T20:16:35","date_gmt":"2023-09-17T20:16:35","guid":{"rendered":"https:\/\/norecoil.net\/a4tech-geri-tepmesiz-makro-nasil-kurulur\/"},"modified":"2024-02-28T15:03:32","modified_gmt":"2024-02-28T15:03:32","slug":"a4tech-geri-tepmesiz-makro-nasil-kurulur","status":"publish","type":"page","link":"https:\/\/norecoil.net\/tr\/a4tech-geri-tepmesiz-makro-nasil-kurulur\/","title":{"rendered":"A4tech Geri Tepmesiz Makro Nas\u0131l Kurulur"},"content":{"rendered":"\t\t<div data-elementor-type=\"wp-page\" data-elementor-id=\"5874\" class=\"elementor elementor-5874 elementor-1710\">\n\t\t\t\t\t\t<section class=\"elementor-section elementor-top-section elementor-element elementor-element-007144e elementor-section-boxed elementor-section-height-default elementor-section-height-default\" data-id=\"007144e\" data-element_type=\"section\">\r\n\t\t\r\n\t\t\t\t\t\t\t<div class=\"elementor-container elementor-column-gap-default\">\r\n\t\t\t\t\t\t\t\t\t\t\t<div class=\"elementor-column elementor-col-100 elementor-top-column elementor-element elementor-element-aff4496 mx-auto\" data-id=\"aff4496\" data-element_type=\"column\">\r\n\t\t\t\t\t<div class=\"elementor-widget-wrap elementor-element-populated\">\r\n\t\t\t\t\t\t\t\t<div class=\"elementor-element elementor-element-2718dbf elementor-widget elementor-widget-porto_ultimate_heading\" data-id=\"2718dbf\" data-element_type=\"widget\" data-widget_type=\"porto_ultimate_heading.default\">\n\t\t\t\t<div class=\"elementor-widget-container\">\n\t\t\t\t\t<div class=\"porto-u-heading  porto-u-55ca8359258f9a412be7e73af65d2aac \"><div class=\"porto-u-main-heading\"><h2   >A4tech Geri Tepmesiz Makro Nas\u0131l Kurulur<\/h2><\/div><div class=\"porto-u-sub-heading\" style=\"\"><p>A4TECH Nas\u0131l Kurulur; <strong>A4Tech Geri Tepmesiz Makrolar<\/strong> i\u00e7in do\u011fru bir kurulum i\u00e7in videoyu izleyin ve ad\u0131mlar\u0131 tek tek kontrol edin.<\/p><\/div><style>.porto-u-55ca8359258f9a412be7e73af65d2aac.porto-u-heading{text-align:center}<\/style><\/div>\t\t\t\t<\/div>\n\t\t\t\t<\/div>\n\t\t\t\t<div class=\"elementor-element elementor-element-86cb3d5 elementor-widget elementor-widget-porto_ultimate_heading\" data-id=\"86cb3d5\" data-element_type=\"widget\" data-widget_type=\"porto_ultimate_heading.default\">\n\t\t\t\t<div class=\"elementor-widget-container\">\n\t\t\t\t\t<div class=\"porto-u-heading  porto-u-55ca8359258f9a412be7e73af65d2aac \"><div class=\"porto-u-main-heading\"><h2 data-plugin-animated-words data-plugin-options=\"{&quot;startDelay&quot;:0,&quot;minWindowWidth&quot;:0,&quot;animationName&quot;:&quot;fadeIn&quot;,&quot;contentType&quot;:&quot;word&quot;}\"  >Video Talimat\u0131<\/h2><\/div><style>.porto-u-55ca8359258f9a412be7e73af65d2aac.porto-u-heading{text-align:center}<\/style><\/div>\t\t\t\t<\/div>\n\t\t\t\t<\/div>\n\t\t\t\t<div class=\"elementor-element elementor-element-712b7ba elementor-widget elementor-widget-video\" data-id=\"712b7ba\" data-element_type=\"widget\" data-settings=\"{&quot;video_type&quot;:&quot;vimeo&quot;}\" data-widget_type=\"video.default\">\n\t\t\t\t<div class=\"elementor-widget-container\">\n\t\t\t\t\t\t\t<div class=\"elementor-wrapper elementor-open-inline\">\n\t\t\t<iframe class=\"elementor-video-iframe\" allowfullscreen allow=\"clipboard-write\" title=\"vimeo Video Oynat\u0131c\u0131\" src=\"https:\/\/player.vimeo.com\/video\/865358208?color&amp;autopause=0&amp;loop=0&amp;muted=0&amp;title=1&amp;portrait=1&amp;byline=1#t=\"><\/iframe>\t\t<\/div>\n\t\t\t\t\t\t<\/div>\n\t\t\t\t<\/div>\n\t\t\t\t<div class=\"elementor-element elementor-element-044587b elementor-widget elementor-widget-porto_ultimate_heading\" data-id=\"044587b\" data-element_type=\"widget\" data-widget_type=\"porto_ultimate_heading.default\">\n\t\t\t\t<div class=\"elementor-widget-container\">\n\t\t\t\t\t<div class=\"porto-u-heading  porto-u-55ca8359258f9a412be7e73af65d2aac \"><div class=\"porto-u-main-heading\"><h2 data-plugin-animated-words data-plugin-options=\"{&quot;startDelay&quot;:0,&quot;minWindowWidth&quot;:0,&quot;animationName&quot;:&quot;fadeIn&quot;,&quot;contentType&quot;:&quot;word&quot;}\"  >Ad\u0131m Ad\u0131m Kurulum Talimat\u0131<\/h2><\/div><style>.porto-u-55ca8359258f9a412be7e73af65d2aac.porto-u-heading{text-align:center}<\/style><\/div>\t\t\t\t<\/div>\n\t\t\t\t<\/div>\n\t\t\t\t<div class=\"elementor-element elementor-element-ddbaa6e elementor-widget elementor-widget-porto_steps\" data-id=\"ddbaa6e\" data-element_type=\"widget\" data-widget_type=\"porto_steps.default\">\n\t\t\t\t<div class=\"elementor-widget-container\">\n\t\t\t\t\t<section class=\"timeline\"><div class=\"timeline-body\"><div class=\"timeline-date \"><h3 class=\"time-text step-item-subtitle\">ADIM 1<\/h3><\/div><article class=\"timeline-box left\"><div><h4 class=\"timeline-item-title step-item-title\">Ad\u0131m 1: Fare Uygulaman\u0131z\u0131 a\u00e7\u0131n<\/h4><div class=\"timeline-item-content\"><p>\u00d6ncelikle Fare Uygulamam\u0131z\u0131n <b>y\u00fckl\u00fc<\/b> olmas\u0131 gerekiyor <b>.<br>\u00d6rne\u011fin A4Tech x7 Oscar edit\u00f6r\u00fcd\u00fcr.<br> Fare Uygulaman\u0131z\u0131 \u0130ndirmek i\u00e7in<a href=\"http:\/\/x7.a4tech.com\/download.aspx\" target=\"_blank\" rel=\"noopener\">buraya t\u0131klay\u0131n<\/a><\/b>.<\/p><p>1. Fare uygulaman\u0131z\u0131 a\u00e7\u0131n ve silah\u0131 atamak istedi\u011finiz d\u00fc\u011fme i\u00e7in Makro Y\u00f6neticisine gidin.<br>Uygulaman\u0131z farkl\u0131 g\u00f6r\u00fcnebilir ancak mant\u0131k t\u00fcm uygulamalarda ayn\u0131d\u0131r. Makroyu atamak istedi\u011finiz fare d\u00fc\u011fmesine aktar\u0131n\/a\u00e7\u0131n ve y\u00fckleyin.<\/p><figure id=\"attachment_1712\" aria-describedby=\"caption-attachment-1712\" style=\"width: 887px\" class=\"wp-caption alignnone\"><img fetchpriority=\"high\" decoding=\"async\" class=\"size-full wp-image-1712\" src=\"https:\/\/norecoil.net\/wp-content\/uploads\/2023\/09\/a4tech-open-macro-editor.gif\" alt=\"A4Tech'te Makro D\u00fczenleyiciyi A\u00e7ma\" width=\"887\" height=\"747\"><figcaption id=\"caption-attachment-1712\" class=\"wp-caption-text\">A4Tech'te Makro D\u00fczenleyiciyi A\u00e7ma<\/figcaption><\/figure><\/div><\/div><\/article><div class=\"timeline-date \"><h3 class=\"time-text step-item-subtitle\">ADIM 2<\/h3><\/div><article class=\"timeline-box right\"><div><h4 class=\"timeline-item-title step-item-title\">A4Tech Geri Tepmesiz Makro Dosyalar\u0131n\u0131 \u0130\u00e7e Aktar\u0131n<\/h4><div class=\"timeline-item-content\"><div class=\"fw-row\"><div class=\"sh-column sh-column-7be3fb1e777683ea1c4bb7ab64b159f2 fw-col-xs-12\"><div class=\"sh-column-wrapper\"><div id=\"text-block-f5f5e77495aebb2154811a571e1d001d\" class=\"sh-text-block\"><strong>Makro<\/strong> 'ya gidin ve a\u00e7\/ithal et'e t\u0131klay\u0131n<\/div><\/div><\/div><\/div><div><figure id=\"attachment_1713\" aria-describedby=\"caption-attachment-1713\" style=\"width: 887px\" class=\"wp-caption alignnone\"><img decoding=\"async\" class=\"size-full wp-image-1713\" src=\"https:\/\/norecoil.net\/wp-content\/uploads\/2023\/09\/a4tech-x7-bloody-sharkoon-macro-script-2.gif\" alt=\"Makro B\u00f6l\u00fcm\u00fcne t\u0131klay\u0131n ve i\u00e7e aktar'\u0131 se\u00e7in\" width=\"887\" height=\"747\"><figcaption id=\"caption-attachment-1713\" class=\"wp-caption-text\">Makro B\u00f6l\u00fcm\u00fcne t\u0131klay\u0131n ve i\u00e7e aktar'\u0131 se\u00e7in<\/figcaption><\/figure><\/div><\/div><\/div><\/article><div class=\"timeline-date \"><h3 class=\"time-text step-item-subtitle\">Ad\u0131m 3<\/h3><\/div><article class=\"timeline-box left\"><div><h4 class=\"timeline-item-title step-item-title\">Makro D\u00fczenleyicide Geri Tepmesiz Makrolar\u0131 Kaydetme<\/h4><div class=\"timeline-item-content\"><p>Atamak istedi\u011finiz silahlar\u0131 se\u00e7in ve kaydet'e t\u0131klay\u0131n.<\/p><figure id=\"attachment_1714\" aria-describedby=\"caption-attachment-1714\" style=\"width: 887px\" class=\"wp-caption alignnone\"><img decoding=\"async\" class=\"size-full wp-image-1714\" src=\"https:\/\/norecoil.net\/wp-content\/uploads\/2023\/09\/a4tech-x7-bloody-sharkoon-macro-script-3.gif\" alt=\"Geri Tepmesiz Makrolar\u0131 Se\u00e7in\" width=\"887\" height=\"747\"><figcaption id=\"caption-attachment-1714\" class=\"wp-caption-text\">Geri Tepmesiz Makrolar\u0131 Se\u00e7in<\/figcaption><\/figure><p> <\/p><\/div><\/div><\/article><div class=\"timeline-date \"><h3 class=\"time-text step-item-subtitle\">Ad\u0131m 4<\/h3><\/div><article class=\"timeline-box right\"><div><h4 class=\"timeline-item-title step-item-title\">Geri Tepmesiz Makrolar\u0131 Farenize Y\u00fckleyin<\/h4><div class=\"timeline-item-content\"><p>Son Ad\u0131m, komut dosyas\u0131n\u0131 farenize y\u00fcklemektir.<\/p><p> <\/p><figure id=\"attachment_1715\" aria-describedby=\"caption-attachment-1715\" style=\"width: 887px\" class=\"wp-caption alignnone\"><img loading=\"lazy\" decoding=\"async\" class=\"size-full wp-image-1715\" src=\"https:\/\/norecoil.net\/wp-content\/uploads\/2023\/09\/a4tech-macro.gif\" alt=\"A4Tech Geri Tepme Yok Makrosunu Mouse'unuza y\u00fckleyin\" width=\"887\" height=\"747\"><figcaption id=\"caption-attachment-1715\" class=\"wp-caption-text\">A4Tech Geri Tepme Yok Makrosunu Mouse'unuza y\u00fckleyin<\/figcaption><\/figure><p> <\/p><p>Daha \u00f6nce de belirtildi\u011fi gibi uygulaman\u0131z farkl\u0131 g\u00f6r\u00fcnebilir ancak mant\u0131k ayn\u0131d\u0131r<br>t\u00fcm uygulamalarda ayn\u0131. Dosyay\u0131 kendi dosyan\u0131za y\u00fcklemeniz\/a\u00e7man\u0131z\/ithal etmeniz gerekir<br>uygulamas\u0131n\u0131 se\u00e7in ve kullanmak istedi\u011finiz fare d\u00fc\u011fmesine atay\u0131n.<\/p><p>Atanan d\u00fc\u011fmeye bir kez t\u0131kland\u0131\u011f\u0131nda komut dosyas\u0131 etkinle\u015ftirilir ve<br>farenin sol tu\u015fu ile bast\u0131\u011f\u0131n\u0131zda (Msb1) fareniz hareket edecektir.<br>Kapatmak i\u00e7in atanm\u0131\u015f fare d\u00fc\u011fmesine tekrar t\u0131klay\u0131n.<\/p><p><a href=\"\/a4tech-no-recoil-macro\"><span style=\"text-decoration: underline;\"><strong>T\u00fcm a4tech Geri Tepmesiz Makrolar\u0131 g\u00f6rmek i\u00e7in buraya t\u0131klay\u0131n<\/strong><\/span><\/a><\/p><\/div><\/div><\/article><\/div><\/section>\t\t\t\t<\/div>\n\t\t\t\t<\/div>\n\t\t\t\t\t<\/div>\r\n\t\t\t\t<\/div>\r\n\t\t\t\t\t<\/div>\r\n\t\t\t\t<\/section>\r\n\t\t\t\t<\/div>\n\t\t","protected":false},"excerpt":{"rendered":"<p>A4tech Geri Tepmesiz Makro Nas\u0131l Kurulur A4TECH Nas\u0131l Kurulur; A4Tech Geri Tepmesiz Makrolar i\u00e7in do\u011fru bir kurulum i\u00e7in videoyu izleyin ve ad\u0131mlar\u0131 tek tek kontrol edin. Video Talimat\u0131 Ad\u0131m Ad\u0131m Kurulum Talimat\u0131 ADIM 1 Ad\u0131m 1: Fare Uygulaman\u0131z\u0131 a\u00e7\u0131n \u00d6ncelikle Fare Uygulamam\u0131z\u0131n y\u00fckl\u00fc olmas\u0131 gerekiyor .\u00d6rne\u011fin A4Tech x7 Oscar edit\u00f6r\u00fcd\u00fcr. Fare Uygulaman\u0131z\u0131 \u0130ndirmek i\u00e7inburaya t\u0131klay\u0131n. [&hellip;]<\/p>\n","protected":false},"author":1,"featured_media":3801,"parent":0,"menu_order":0,"comment_status":"open","ping_status":"closed","template":"","meta":{"_acf_changed":false,"content-type":"","cybocfi_hide_featured_image":"","footnotes":""},"class_list":["post-5874","page","type-page","status-publish","has-post-thumbnail","hentry"],"acf":[],"yoast_head":"<!-- This site is optimized with the Yoast SEO Premium plugin v21.1 (Yoast SEO v21.1) - https:\/\/yoast.com\/wordpress\/plugins\/seo\/ -->\n<title>A4Tech Geri Tepmesiz Makro Nas\u0131l Kurulur<\/title>\n<meta name=\"description\" content=\"A4Tech i\u00e7in Razer No Recoil Macro Nas\u0131l Y\u00fcklenir. Videolu herhangi bir A4Tech talimat\u0131 i\u00e7in Geri Tepmesiz Makro Kurulumu.\" \/>\n<meta name=\"robots\" content=\"index, follow, max-snippet:-1, max-image-preview:large, max-video-preview:-1\" \/>\n<link rel=\"canonical\" href=\"https:\/\/norecoil.net\/tr\/a4tech-geri-tepmesiz-makro-nasil-kurulur\/\" \/>\n<meta property=\"og:locale\" content=\"tr_TR\" \/>\n<meta property=\"og:type\" content=\"article\" \/>\n<meta property=\"og:title\" content=\"A4tech Geri Tepmesiz Makro Nas\u0131l Kurulur\" \/>\n<meta property=\"og:description\" content=\"A4Tech i\u00e7in Razer No Recoil Macro Nas\u0131l Y\u00fcklenir. Videolu herhangi bir A4Tech talimat\u0131 i\u00e7in Geri Tepmesiz Makro Kurulumu.\" \/>\n<meta property=\"og:url\" content=\"https:\/\/norecoil.net\/tr\/a4tech-geri-tepmesiz-makro-nasil-kurulur\/\" \/>\n<meta property=\"og:site_name\" content=\"NoRecoil.Net\" \/>\n<meta property=\"article:modified_time\" content=\"2024-02-28T15:03:32+00:00\" \/>\n<meta property=\"og:image\" content=\"https:\/\/norecoil.net\/wp-content\/uploads\/2023\/09\/how-to-install-a4tech.jpg\" \/>\n\t<meta property=\"og:image:width\" content=\"1200\" \/>\n\t<meta property=\"og:image:height\" content=\"675\" \/>\n\t<meta property=\"og:image:type\" content=\"image\/jpeg\" \/>\n<meta name=\"twitter:card\" content=\"summary_large_image\" \/>\n<meta name=\"twitter:label1\" content=\"Tahmini okuma s\u00fcresi\" \/>\n\t<meta name=\"twitter:data1\" content=\"2 dakika\" \/>\n<script type=\"application\/ld+json\" class=\"yoast-schema-graph\">{\"@context\":\"https:\/\/schema.org\",\"@graph\":[{\"@type\":\"WebPage\",\"@id\":\"https:\/\/norecoil.net\/tr\/a4tech-geri-tepmesiz-makro-nasil-kurulur\/\",\"url\":\"https:\/\/norecoil.net\/tr\/a4tech-geri-tepmesiz-makro-nasil-kurulur\/\",\"name\":\"A4Tech Geri Tepmesiz Makro Nas\u0131l Kurulur\",\"isPartOf\":{\"@id\":\"https:\/\/norecoil.net\/tr\/#website\"},\"datePublished\":\"2023-09-17T20:16:35+00:00\",\"dateModified\":\"2024-02-28T15:03:32+00:00\",\"description\":\"A4Tech i\u00e7in Razer No Recoil Macro Nas\u0131l Y\u00fcklenir. Videolu herhangi bir A4Tech talimat\u0131 i\u00e7in Geri Tepmesiz Makro Kurulumu.\",\"breadcrumb\":{\"@id\":\"https:\/\/norecoil.net\/tr\/a4tech-geri-tepmesiz-makro-nasil-kurulur\/#breadcrumb\"},\"inLanguage\":\"tr\",\"potentialAction\":[{\"@type\":\"ReadAction\",\"target\":[\"https:\/\/norecoil.net\/tr\/a4tech-geri-tepmesiz-makro-nasil-kurulur\/\"]}]},{\"@type\":\"BreadcrumbList\",\"@id\":\"https:\/\/norecoil.net\/tr\/a4tech-geri-tepmesiz-makro-nasil-kurulur\/#breadcrumb\",\"itemListElement\":[{\"@type\":\"ListItem\",\"position\":1,\"name\":\"Home\",\"item\":\"https:\/\/norecoil.net\/tr\/norecoil-net\/\"},{\"@type\":\"ListItem\",\"position\":2,\"name\":\"A4tech Geri Tepmesiz Makro Nas\u0131l Kurulur\"}]},{\"@type\":\"WebSite\",\"@id\":\"https:\/\/norecoil.net\/tr\/#website\",\"url\":\"https:\/\/norecoil.net\/tr\/\",\"name\":\"NoRecoil.Net\",\"description\":\"\",\"potentialAction\":[{\"@type\":\"SearchAction\",\"target\":{\"@type\":\"EntryPoint\",\"urlTemplate\":\"https:\/\/norecoil.net\/tr\/?s={search_term_string}\"},\"query-input\":\"required name=search_term_string\"}],\"inLanguage\":\"tr\"}]}<\/script>\n<!-- \/ Yoast SEO Premium plugin. -->","yoast_head_json":{"title":"A4Tech Geri Tepmesiz Makro Nas\u0131l Kurulur","description":"A4Tech i\u00e7in Razer No Recoil Macro Nas\u0131l Y\u00fcklenir. Videolu herhangi bir A4Tech talimat\u0131 i\u00e7in Geri Tepmesiz Makro Kurulumu.","robots":{"index":"index","follow":"follow","max-snippet":"max-snippet:-1","max-image-preview":"max-image-preview:large","max-video-preview":"max-video-preview:-1"},"canonical":"https:\/\/norecoil.net\/tr\/a4tech-geri-tepmesiz-makro-nasil-kurulur\/","og_locale":"tr_TR","og_type":"article","og_title":"A4tech Geri Tepmesiz Makro Nas\u0131l Kurulur","og_description":"A4Tech i\u00e7in Razer No Recoil Macro Nas\u0131l Y\u00fcklenir. Videolu herhangi bir A4Tech talimat\u0131 i\u00e7in Geri Tepmesiz Makro Kurulumu.","og_url":"https:\/\/norecoil.net\/tr\/a4tech-geri-tepmesiz-makro-nasil-kurulur\/","og_site_name":"NoRecoil.Net","article_modified_time":"2024-02-28T15:03:32+00:00","og_image":[{"width":1200,"height":675,"url":"https:\/\/norecoil.net\/wp-content\/uploads\/2023\/09\/how-to-install-a4tech.jpg","type":"image\/jpeg"}],"twitter_card":"summary_large_image","twitter_misc":{"Tahmini okuma s\u00fcresi":"2 dakika"},"schema":{"@context":"https:\/\/schema.org","@graph":[{"@type":"WebPage","@id":"https:\/\/norecoil.net\/tr\/a4tech-geri-tepmesiz-makro-nasil-kurulur\/","url":"https:\/\/norecoil.net\/tr\/a4tech-geri-tepmesiz-makro-nasil-kurulur\/","name":"A4Tech Geri Tepmesiz Makro Nas\u0131l Kurulur","isPartOf":{"@id":"https:\/\/norecoil.net\/tr\/#website"},"datePublished":"2023-09-17T20:16:35+00:00","dateModified":"2024-02-28T15:03:32+00:00","description":"A4Tech i\u00e7in Razer No Recoil Macro Nas\u0131l Y\u00fcklenir. Videolu herhangi bir A4Tech talimat\u0131 i\u00e7in Geri Tepmesiz Makro Kurulumu.","breadcrumb":{"@id":"https:\/\/norecoil.net\/tr\/a4tech-geri-tepmesiz-makro-nasil-kurulur\/#breadcrumb"},"inLanguage":"tr","potentialAction":[{"@type":"ReadAction","target":["https:\/\/norecoil.net\/tr\/a4tech-geri-tepmesiz-makro-nasil-kurulur\/"]}]},{"@type":"BreadcrumbList","@id":"https:\/\/norecoil.net\/tr\/a4tech-geri-tepmesiz-makro-nasil-kurulur\/#breadcrumb","itemListElement":[{"@type":"ListItem","position":1,"name":"Home","item":"https:\/\/norecoil.net\/tr\/norecoil-net\/"},{"@type":"ListItem","position":2,"name":"A4tech Geri Tepmesiz Makro Nas\u0131l Kurulur"}]},{"@type":"WebSite","@id":"https:\/\/norecoil.net\/tr\/#website","url":"https:\/\/norecoil.net\/tr\/","name":"NoRecoil.Net","description":"","potentialAction":[{"@type":"SearchAction","target":{"@type":"EntryPoint","urlTemplate":"https:\/\/norecoil.net\/tr\/?s={search_term_string}"},"query-input":"required name=search_term_string"}],"inLanguage":"tr"}]}},"_links":{"self":[{"href":"https:\/\/norecoil.net\/tr\/wp-json\/wp\/v2\/pages\/5874","targetHints":{"allow":["GET"]}}],"collection":[{"href":"https:\/\/norecoil.net\/tr\/wp-json\/wp\/v2\/pages"}],"about":[{"href":"https:\/\/norecoil.net\/tr\/wp-json\/wp\/v2\/types\/page"}],"author":[{"embeddable":true,"href":"https:\/\/norecoil.net\/tr\/wp-json\/wp\/v2\/users\/1"}],"replies":[{"embeddable":true,"href":"https:\/\/norecoil.net\/tr\/wp-json\/wp\/v2\/comments?post=5874"}],"version-history":[{"count":0,"href":"https:\/\/norecoil.net\/tr\/wp-json\/wp\/v2\/pages\/5874\/revisions"}],"wp:featuredmedia":[{"embeddable":true,"href":"https:\/\/norecoil.net\/tr\/wp-json\/wp\/v2\/media\/3801"}],"wp:attachment":[{"href":"https:\/\/norecoil.net\/tr\/wp-json\/wp\/v2\/media?parent=5874"}],"curies":[{"name":"wp","href":"https:\/\/api.w.org\/{rel}","templated":true}]}}