{"id":5860,"date":"2023-09-17T17:09:39","date_gmt":"2023-09-17T17:09:39","guid":{"rendered":"https:\/\/norecoil.net\/razer-no-recoil-macro-nasil-kurulur\/"},"modified":"2024-02-28T15:03:33","modified_gmt":"2024-02-28T15:03:33","slug":"razer-no-recoil-macro-nasil-kurulur","status":"publish","type":"page","link":"https:\/\/norecoil.net\/tr\/razer-no-recoil-macro-nasil-kurulur\/","title":{"rendered":"Razer No Recoil Macro Nas\u0131l Kurulur"},"content":{"rendered":"\t\t<div data-elementor-type=\"wp-page\" data-elementor-id=\"5860\" class=\"elementor elementor-5860 elementor-1693\">\n\t\t\t\t\t\t<section class=\"elementor-section elementor-top-section elementor-element elementor-element-007144e elementor-section-boxed elementor-section-height-default elementor-section-height-default\" data-id=\"007144e\" data-element_type=\"section\">\r\n\t\t\r\n\t\t\t\t\t\t\t<div class=\"elementor-container elementor-column-gap-default\">\r\n\t\t\t\t\t\t\t\t\t\t\t<div class=\"elementor-column elementor-col-100 elementor-top-column elementor-element elementor-element-aff4496 mx-auto\" data-id=\"aff4496\" data-element_type=\"column\">\r\n\t\t\t\t\t<div class=\"elementor-widget-wrap elementor-element-populated\">\r\n\t\t\t\t\t\t\t\t<div class=\"elementor-element elementor-element-2718dbf elementor-widget elementor-widget-porto_ultimate_heading\" data-id=\"2718dbf\" data-element_type=\"widget\" data-widget_type=\"porto_ultimate_heading.default\">\n\t\t\t\t<div class=\"elementor-widget-container\">\n\t\t\t\t\t<div class=\"porto-u-heading  porto-u-55ca8359258f9a412be7e73af65d2aac \"><div class=\"porto-u-main-heading\"><h2   >Razer No Recoil Macro Nas\u0131l Kurulur<\/h2><\/div><div class=\"porto-u-sub-heading\" style=\"\"><p>Razer Synapse 3 Nas\u0131l Kurulur; <strong>Razer No Recoil Macros<\/strong> i\u00e7in do\u011fru bir kurulum i\u00e7in videoyu izleyin ve ad\u0131mlar\u0131 tek tek kontrol edin.<\/p><\/div><style>.porto-u-55ca8359258f9a412be7e73af65d2aac.porto-u-heading{text-align:center}<\/style><\/div>\t\t\t\t<\/div>\n\t\t\t\t<\/div>\n\t\t\t\t<div class=\"elementor-element elementor-element-86cb3d5 elementor-widget elementor-widget-porto_ultimate_heading\" data-id=\"86cb3d5\" data-element_type=\"widget\" data-widget_type=\"porto_ultimate_heading.default\">\n\t\t\t\t<div class=\"elementor-widget-container\">\n\t\t\t\t\t<div class=\"porto-u-heading  porto-u-55ca8359258f9a412be7e73af65d2aac \"><div class=\"porto-u-main-heading\"><h2 data-plugin-animated-words data-plugin-options=\"{&quot;startDelay&quot;:0,&quot;minWindowWidth&quot;:0,&quot;animationName&quot;:&quot;fadeIn&quot;,&quot;contentType&quot;:&quot;word&quot;}\"  >Video Talimat\u0131<\/h2><\/div><style>.porto-u-55ca8359258f9a412be7e73af65d2aac.porto-u-heading{text-align:center}<\/style><\/div>\t\t\t\t<\/div>\n\t\t\t\t<\/div>\n\t\t\t\t<div class=\"elementor-element elementor-element-712b7ba elementor-widget elementor-widget-video\" data-id=\"712b7ba\" data-element_type=\"widget\" data-settings=\"{&quot;video_type&quot;:&quot;vimeo&quot;}\" data-widget_type=\"video.default\">\n\t\t\t\t<div class=\"elementor-widget-container\">\n\t\t\t\t\t\t\t<div class=\"elementor-wrapper elementor-open-inline\">\n\t\t\t<iframe class=\"elementor-video-iframe\" allowfullscreen allow=\"clipboard-write\" title=\"vimeo Video Oynat\u0131c\u0131\" src=\"https:\/\/player.vimeo.com\/video\/865283512?color&amp;autopause=0&amp;loop=0&amp;muted=0&amp;title=1&amp;portrait=1&amp;byline=1#t=\"><\/iframe>\t\t<\/div>\n\t\t\t\t\t\t<\/div>\n\t\t\t\t<\/div>\n\t\t\t\t<div class=\"elementor-element elementor-element-044587b elementor-widget elementor-widget-porto_ultimate_heading\" data-id=\"044587b\" data-element_type=\"widget\" data-widget_type=\"porto_ultimate_heading.default\">\n\t\t\t\t<div class=\"elementor-widget-container\">\n\t\t\t\t\t<div class=\"porto-u-heading  porto-u-55ca8359258f9a412be7e73af65d2aac \"><div class=\"porto-u-main-heading\"><h2 data-plugin-animated-words data-plugin-options=\"{&quot;startDelay&quot;:0,&quot;minWindowWidth&quot;:0,&quot;animationName&quot;:&quot;fadeIn&quot;,&quot;contentType&quot;:&quot;word&quot;}\"  >Ad\u0131m Ad\u0131m Kurulum Talimat\u0131<\/h2><\/div><style>.porto-u-55ca8359258f9a412be7e73af65d2aac.porto-u-heading{text-align:center}<\/style><\/div>\t\t\t\t<\/div>\n\t\t\t\t<\/div>\n\t\t\t\t<div class=\"elementor-element elementor-element-ddbaa6e elementor-widget elementor-widget-porto_steps\" data-id=\"ddbaa6e\" data-element_type=\"widget\" data-widget_type=\"porto_steps.default\">\n\t\t\t\t<div class=\"elementor-widget-container\">\n\t\t\t\t\t<section class=\"timeline\"><div class=\"timeline-body\"><div class=\"timeline-date \"><h3 class=\"time-text step-item-subtitle\">ADIM 1<\/h3><\/div><article class=\"timeline-box left\"><div><img decoding=\"async\" src=\"\/\/norecoil.net\/wp-content\/uploads\/2023\/09\/razer-synapse-3-logo.png\" class=\"img-responsive\" alt=\"Ad\u0131m 1: Razer Synapse 3&#039;\u00fc indirin\"><h4 class=\"timeline-item-title step-item-title\">Ad\u0131m 1: Razer Synapse 3&#039;\u00fc indirin<\/h4><div class=\"timeline-item-content\"><p>\u00d6ncelikle sahip olmam\u0131z gerekenler <strong><span style=\"text-decoration: underline;\"><a href=\"https:\/\/rzr.to\/synapse-3-pc-download\" target=\"_blank\" rel=\"noopener\">Razer Synapse<\/a><\/span><a href=\"https:\/\/rzr.to\/synapse-3-pc-download\" target=\"_blank\" rel=\"noopener\"> 3<\/a> <\/strong>y\u00fckl\u00fc.  <br>Razer Synapse 3 \u0130ndirmek \u0130\u00e7in <strong>\n  <a href=\"https:\/\/rzr.to\/synapse-3-pc-download\" target=\"_blank\" rel=\"noopener\">\n    <span style=\"text-decoration: underline;\">Buraya t\u0131klay\u0131n.<\/span>\n  <\/a>\n  <br>\n<\/strong><\/p><p>1. <strong>SYNAPSE 3<\/strong> '\u00fc a\u00e7\u0131n ve<strong>\"MACRO<\/strong>\" b\u00f6l\u00fcm\u00fcne t\u0131klay\u0131n<br>(E\u011fer \"Makro\" y\u00fckl\u00fc de\u011filse Synapse-&gt;Mod\u00fcller b\u00f6l\u00fcm\u00fcne gidin ve y\u00fckleyin)<\/p><figure id=\"attachment_1696\" aria-describedby=\"caption-attachment-1696\" style=\"width: 1012px\" class=\"wp-caption alignnone\"><img fetchpriority=\"high\" decoding=\"async\" class=\"size-full wp-image-1696\" src=\"https:\/\/norecoil.net\/wp-content\/uploads\/2023\/09\/razer-1.gif\" alt=\"Synapse 3'te Makro B\u00f6l\u00fcm\u00fcne gidin  \" width=\"1012\" height=\"714\"><figcaption id=\"caption-attachment-1696\" class=\"wp-caption-text\">Synapse 3'te Makro B\u00f6l\u00fcm\u00fcne gidin<\/figcaption><\/figure><\/div><\/div><\/article><div class=\"timeline-date \"><h3 class=\"time-text step-item-subtitle\">ADIM 2<\/h3><\/div><article class=\"timeline-box right\"><div><h4 class=\"timeline-item-title step-item-title\">Synapse 3&#039;te Razer Geri Tepmesiz Makro Dosyalar\u0131n\u0131 \u0130\u00e7e Aktarma<\/h4><div class=\"timeline-item-content\"><div class=\"fw-row\"><div class=\"sh-column sh-column-7be3fb1e777683ea1c4bb7ab64b159f2 fw-col-xs-12\"><div class=\"sh-column-wrapper\"><div id=\"text-block-f5f5e77495aebb2154811a571e1d001d\" class=\"sh-text-block\"> <\/div><\/div><\/div><\/div><div class=\"fw-row\"><div class=\"sh-column sh-column-7be3fb1e777683ea1c4bb7ab64b159f2 fw-col-xs-12\"><div class=\"sh-column-wrapper\"><div id=\"text-block-f2e614b39e4872afb308cdef6d84ff48\" class=\"sh-text-block\"><p><strong>\u0130\u00e7e aktar simgesine<\/strong> t\u0131klay\u0131n ve i\u00e7e aktarmak istedi\u011finiz <strong>Geri Tepme Yok Makro Razer Dosyalar\u0131<\/strong> (.xml) komut <strong>dosyas\u0131n\u0131<\/strong> i\u00e7e aktar\u0131n.<\/p><\/div><figure id=\"attachment_1697\" aria-describedby=\"caption-attachment-1697\" style=\"width: 810px\" class=\"wp-caption alignnone\"><img decoding=\"async\" class=\"size-full wp-image-1697\" src=\"https:\/\/norecoil.net\/wp-content\/uploads\/2023\/09\/razer-import.gif\" alt=\"Geri Tepmesiz Makro dosyalar\u0131n\u0131 (.xml) i\u00e7e aktar\u0131n\" width=\"810\" height=\"571\"><figcaption id=\"caption-attachment-1697\" class=\"wp-caption-text\">Geri Tepmesiz Makro dosyalar\u0131n\u0131 (.xml) i\u00e7e aktar\u0131n<\/figcaption><\/figure><p> <\/p><\/div><p><strong>Profil<\/strong> 'e gidin yeni bir profil eklemek <strong> i\u00e7in + <\/strong>'ya t\u0131klay\u0131n.<br><strong>Her silah i\u00e7in<\/strong> bir <strong>profil<\/strong> <strong>ekleyin<\/strong> ve<br><strong>silahla<\/strong><strong> ayn\u0131 ad\u0131<\/strong> verin <strong>.<br><br><\/strong><\/p><\/div><\/div><figure id=\"attachment_1698\" aria-describedby=\"caption-attachment-1698\" style=\"width: 1012px\" class=\"wp-caption alignnone\"><img decoding=\"async\" class=\"size-full wp-image-1698\" src=\"https:\/\/norecoil.net\/wp-content\/uploads\/2023\/09\/Razer-Profile.gif\" alt=\"Razer Synapse 3'te Profil Olu\u015fturma  \" width=\"1012\" height=\"714\"><figcaption id=\"caption-attachment-1698\" class=\"wp-caption-text\">Razer Synapse 3'te Profil Olu\u015fturma<\/figcaption><\/figure><p> <\/p><p>\u015eimdi <strong>Mouse<\/strong>'a git.<br><br><\/p><figure id=\"attachment_1699\" aria-describedby=\"caption-attachment-1699\" style=\"width: 810px\" class=\"wp-caption alignnone\"><img loading=\"lazy\" decoding=\"async\" class=\"size-full wp-image-1699\" src=\"https:\/\/norecoil.net\/wp-content\/uploads\/2023\/09\/go-to-mouse.gif\" alt=\"Synapse 3'te Fare'ye gidin  \" width=\"810\" height=\"571\"><figcaption id=\"caption-attachment-1699\" class=\"wp-caption-text\">Synapse 3'te Fare'ye gidin<\/figcaption><\/figure><p> <\/p><p><strong>Sol T\u0131klamay\u0131<\/strong> kullanmak i\u00e7in \u00f6nce onu ba\u015fka bir d\u00fc\u011fmeye atamam\u0131z gerekir.<\/p><p> <\/p><figure id=\"attachment_1700\" aria-describedby=\"caption-attachment-1700\" style=\"width: 1012px\" class=\"wp-caption alignnone\"><img loading=\"lazy\" decoding=\"async\" class=\"size-full wp-image-1700\" src=\"https:\/\/norecoil.net\/wp-content\/uploads\/2023\/09\/razer-5.gif\" alt=\"Sol Fare d\u00fc\u011fmesi i\u015flevini farkl\u0131 bir fare d\u00fc\u011fmesine atama\" width=\"1012\" height=\"714\"><figcaption id=\"caption-attachment-1700\" class=\"wp-caption-text\">Sol Fare d\u00fc\u011fmesi i\u015flevini farkl\u0131 bir fare d\u00fc\u011fmesine atama<\/figcaption><\/figure><\/div><\/div><\/article><div class=\"timeline-date \"><h3 class=\"time-text step-item-subtitle\">Ad\u0131m 3<\/h3><\/div><article class=\"timeline-box left\"><div><h4 class=\"timeline-item-title step-item-title\">Fare d\u00fc\u011fmenize Geri Tepme Yok Makrosu atay\u0131n<\/h4><div class=\"timeline-item-content\"><p>\u015eimdi makroyu sol fare d\u00fc\u011fmemize atayabiliriz.<br>Farenin sol tu\u015funa t\u0131klay\u0131n, men\u00fcden <strong>MAKRO<\/strong> 'ya gidin ve <strong>atamak<\/strong> istedi\u011finiz silah\u0131 se\u00e7in <strong>.<br><\/strong>! <strong>Herhangi bir silah atamadan \u00f6nce!<br>L\u00fctfen \u00f6nce hangi profili d\u00fczenledi\u011finizi kontrol edin.<br>AK47 profilini d\u00fczenliyorsan\u0131z Makro AK47'yi ekleyin.<br>B\u00f6ylece kafan\u0131z kar\u0131\u015fmaz!<\/strong><\/p><p><strong>Oynatma Se\u00e7ene\u011fi<br><\/strong> aras\u0131ndan se\u00e7im yap\u0131n <strong>Atanan tu\u015fa bas\u0131l\u0131yken oyn<\/strong>at\u0131n.<\/p><figure id=\"attachment_1701\" aria-describedby=\"caption-attachment-1701\" style=\"width: 1012px\" class=\"wp-caption alignnone\"><img loading=\"lazy\" decoding=\"async\" class=\"size-full wp-image-1701\" src=\"https:\/\/norecoil.net\/wp-content\/uploads\/2023\/09\/razer-6.gif\" alt=\"Razer Geri Tepme Yok Makrosunu Fare D\u00fc\u011fmenize Atay\u0131n\" width=\"1012\" height=\"714\"><figcaption id=\"caption-attachment-1701\" class=\"wp-caption-text\">Razer Geri Tepme Yok Makrosunu Fare D\u00fc\u011fmenize Atay\u0131n<\/figcaption><\/figure><p> <\/p><p>7. \u015eimdi 2 d\u00fc\u011fme i\u00e7in <strong>Profil De\u011fi\u015ftir i\u015flevini<\/strong> atamam\u0131z gerekiyor.<br>B\u00f6ylece <strong>profillerimiz<\/strong> <strong>aras\u0131nda<\/strong> kolayca <strong>ge\u00e7i\u015f<\/strong> yapabiliriz.<\/p><p><strong> Sonraki Profil \/<\/strong> <strong>\u00d6nceki Profil<\/strong> veya<br><strong>Spesifik<\/strong> bir <strong>Profil<\/strong> se\u00e7ebiliriz.<br>Sana kalm\u0131\u015f. \u0130stedi\u011finiz gibi atayabilirsiniz.<br><em>(Oyun men\u00fcs\u00fcndeyken veya ba\u015fka bir \u015fey yaparken makroyu kolayca kapatabilmeniz i\u00e7in varsay\u0131lan bir profil atamay\u0131 unutmay\u0131n \/ Ba\u015fka bir d\u00fc\u011fmeye atad\u0131\u011f\u0131n\u0131z sol t\u0131klama d\u00fc\u011fmesini de kullanabilirsiniz).<\/em><\/p><p> <\/p><figure id=\"attachment_1702\" aria-describedby=\"caption-attachment-1702\" style=\"width: 1012px\" class=\"wp-caption alignnone\"><img loading=\"lazy\" decoding=\"async\" class=\"wp-image-1702 size-full\" src=\"https:\/\/norecoil.net\/wp-content\/uploads\/2023\/09\/razer-7.gif\" alt=\"Belirli bir Profili ge\u00e7i\u015f i\u00e7in farkl\u0131 bir fare d\u00fc\u011fmesine atama\" width=\"1012\" height=\"714\"><figcaption id=\"caption-attachment-1702\" class=\"wp-caption-text\">Belirli bir Profili ge\u00e7i\u015f i\u00e7in farkl\u0131 bir fare d\u00fc\u011fmesine atama<\/dd><dd><\/figcaption><\/figure><figure id=\"attachment_1703\" aria-describedby=\"caption-attachment-1703\" style=\"width: 1012px\" class=\"wp-caption alignnone\"><img loading=\"lazy\" decoding=\"async\" class=\"size-full wp-image-1703\" src=\"https:\/\/norecoil.net\/wp-content\/uploads\/2023\/09\/razer-weapon.gif\" alt=\"Belirli bir Profili ge\u00e7i\u015f i\u00e7in farkl\u0131 bir fare d\u00fc\u011fmesine atama\" width=\"1012\" height=\"714\"><figcaption id=\"caption-attachment-1703\" class=\"wp-caption-text\">Belirli bir Profili ge\u00e7i\u015f i\u00e7in farkl\u0131 bir fare d\u00fc\u011fmesine atama<\/figcaption><\/figure><\/div><\/div><\/article><div class=\"timeline-date \"><h3 class=\"time-text step-item-subtitle\">Ad\u0131m 4<\/h3><\/div><article class=\"timeline-box right\"><div><h4 class=\"timeline-item-title step-item-title\">Sonunda \u015f\u00f6yle g\u00f6r\u00fcnecek.<\/h4><div class=\"timeline-item-content\"><figure id=\"attachment_1704\" aria-describedby=\"caption-attachment-1704\" style=\"width: 1024px\" class=\"wp-caption alignnone\"><img loading=\"lazy\" decoding=\"async\" class=\"size-full wp-image-1704\" src=\"https:\/\/norecoil.net\/wp-content\/uploads\/2023\/09\/Razer-Synapse-3-Macros.png\" alt=\"Razer Synapse 3 Geri Tepmesiz Makro  \" width=\"1024\" height=\"720\" srcset=\"https:\/\/norecoil.net\/wp-content\/uploads\/2023\/09\/Razer-Synapse-3-Macros.png 1024w, https:\/\/norecoil.net\/wp-content\/uploads\/2023\/09\/Razer-Synapse-3-Macros-600x422.png 600w, https:\/\/norecoil.net\/wp-content\/uploads\/2023\/09\/Razer-Synapse-3-Macros-768x540.png 768w, https:\/\/norecoil.net\/wp-content\/uploads\/2023\/09\/Razer-Synapse-3-Macros-640x450.png 640w, https:\/\/norecoil.net\/wp-content\/uploads\/2023\/09\/Razer-Synapse-3-Macros-400x281.png 400w\" sizes=\"(max-width: 1024px) 100vw, 1024px\" \/><figcaption id=\"caption-attachment-1704\" class=\"wp-caption-text\">Razer Synapse 3 Geri Tepmesiz Makro<\/figcaption><\/figure><p>\u00d6rnekte Profil XM4 i\u00e7in oldu\u011funu g\u00f6receksiniz.<br>\u015eimdi kullanmak istedi\u011fimiz di\u011fer Profilleri se\u00e7meli ve ayn\u0131 ad\u0131mlar\u0131 tekrar yapmal\u0131y\u0131z, b\u00f6ylece kolayca ge\u00e7i\u015f yapabiliriz.<\/p><p>Synapse 3 Destekli Klavyeniz varsa Men\u00fcden Synapse'e gidin -&gt; Global K\u0131sayollar -&gt; Yeni K\u0131sayol Ekle<br>Ve Profil De\u011fi\u015ftir'e t\u0131klay\u0131n.<br>Profiller aras\u0131nda klavyenizden kolayca ge\u00e7i\u015f yapabilirsiniz.<br><br><span style=\"text-decoration: underline;\"><strong><a href=\"\/razer-no-recoil-macro\">T\u00fcm Razer No Recoil Makro \u00dcr\u00fcnlerini g\u00f6rmek i\u00e7in buraya t\u0131klay\u0131n<\/a><\/strong><\/span> <\/p><h3>!\u00d6NEML\u0130!<br>Profillerde Profil ile \"Ba\u011flant\u0131l\u0131 Oyunlar\" vard\u0131r.<br><em>\"Yapma!!!\"<\/em> g\u00fcvenli\u011finiz i\u00e7in herhangi bir oyunu Profillerinize ba\u011flay\u0131n!<\/h3><\/div><\/div><\/article><\/div><\/section>\t\t\t\t<\/div>\n\t\t\t\t<\/div>\n\t\t\t\t\t<\/div>\r\n\t\t\t\t<\/div>\r\n\t\t\t\t\t<\/div>\r\n\t\t\t\t<\/section>\r\n\t\t\t\t<\/div>\n\t\t","protected":false},"excerpt":{"rendered":"<p>Razer No Recoil Macro Nas\u0131l Kurulur Razer Synapse 3 Nas\u0131l Kurulur; Razer No Recoil Macros i\u00e7in do\u011fru bir kurulum i\u00e7in videoyu izleyin ve ad\u0131mlar\u0131 tek tek kontrol edin. Video Talimat\u0131 Ad\u0131m Ad\u0131m Kurulum Talimat\u0131 ADIM 1 Ad\u0131m 1: Razer Synapse 3&#039;\u00fc indirin \u00d6ncelikle sahip olmam\u0131z gerekenler Razer Synapse 3 y\u00fckl\u00fc. Razer Synapse 3 \u0130ndirmek \u0130\u00e7in [&hellip;]<\/p>\n","protected":false},"author":1,"featured_media":3766,"parent":0,"menu_order":0,"comment_status":"open","ping_status":"closed","template":"","meta":{"_acf_changed":false,"content-type":"","cybocfi_hide_featured_image":"","footnotes":""},"class_list":["post-5860","page","type-page","status-publish","has-post-thumbnail","hentry"],"acf":[],"yoast_head":"<!-- This site is optimized with the Yoast SEO Premium plugin v21.1 (Yoast SEO v21.1) - https:\/\/yoast.com\/wordpress\/plugins\/seo\/ -->\n<title>Razer No Recoil Macro Nas\u0131l Kurulur<\/title>\n<meta name=\"description\" content=\"Razer Synapse 3 i\u00e7in Razer No Recoil Macro Nas\u0131l Kurulur? Video ile herhangi bir Razer Synapse 3 talimat\u0131 i\u00e7in Geri Tepme Makro Kurulumu Yok.\" \/>\n<meta name=\"robots\" content=\"index, follow, max-snippet:-1, max-image-preview:large, max-video-preview:-1\" \/>\n<link rel=\"canonical\" href=\"https:\/\/norecoil.net\/tr\/razer-no-recoil-macro-nasil-kurulur\/\" \/>\n<meta property=\"og:locale\" content=\"tr_TR\" \/>\n<meta property=\"og:type\" content=\"article\" \/>\n<meta property=\"og:title\" content=\"Razer No Recoil Macro Nas\u0131l Kurulur\" \/>\n<meta property=\"og:description\" content=\"Razer Synapse 3 i\u00e7in Razer No Recoil Macro Nas\u0131l Kurulur? Video ile herhangi bir Razer Synapse 3 talimat\u0131 i\u00e7in Geri Tepme Makro Kurulumu Yok.\" \/>\n<meta property=\"og:url\" content=\"https:\/\/norecoil.net\/tr\/razer-no-recoil-macro-nasil-kurulur\/\" \/>\n<meta property=\"og:site_name\" content=\"NoRecoil.Net\" \/>\n<meta property=\"article:modified_time\" content=\"2024-02-28T15:03:33+00:00\" \/>\n<meta property=\"og:image\" content=\"https:\/\/norecoil.net\/wp-content\/uploads\/2023\/09\/how-to-install-razer-synapse-3.jpg\" \/>\n\t<meta property=\"og:image:width\" content=\"1200\" \/>\n\t<meta property=\"og:image:height\" content=\"675\" \/>\n\t<meta property=\"og:image:type\" content=\"image\/jpeg\" \/>\n<meta name=\"twitter:card\" content=\"summary_large_image\" \/>\n<meta name=\"twitter:label1\" content=\"Tahmini okuma s\u00fcresi\" \/>\n\t<meta name=\"twitter:data1\" content=\"3 dakika\" \/>\n<script type=\"application\/ld+json\" class=\"yoast-schema-graph\">{\"@context\":\"https:\/\/schema.org\",\"@graph\":[{\"@type\":\"WebPage\",\"@id\":\"https:\/\/norecoil.net\/tr\/razer-no-recoil-macro-nasil-kurulur\/\",\"url\":\"https:\/\/norecoil.net\/tr\/razer-no-recoil-macro-nasil-kurulur\/\",\"name\":\"Razer No Recoil Macro Nas\u0131l Kurulur\",\"isPartOf\":{\"@id\":\"https:\/\/norecoil.net\/tr\/#website\"},\"datePublished\":\"2023-09-17T17:09:39+00:00\",\"dateModified\":\"2024-02-28T15:03:33+00:00\",\"description\":\"Razer Synapse 3 i\u00e7in Razer No Recoil Macro Nas\u0131l Kurulur? Video ile herhangi bir Razer Synapse 3 talimat\u0131 i\u00e7in Geri Tepme Makro Kurulumu Yok.\",\"breadcrumb\":{\"@id\":\"https:\/\/norecoil.net\/tr\/razer-no-recoil-macro-nasil-kurulur\/#breadcrumb\"},\"inLanguage\":\"tr\",\"potentialAction\":[{\"@type\":\"ReadAction\",\"target\":[\"https:\/\/norecoil.net\/tr\/razer-no-recoil-macro-nasil-kurulur\/\"]}]},{\"@type\":\"BreadcrumbList\",\"@id\":\"https:\/\/norecoil.net\/tr\/razer-no-recoil-macro-nasil-kurulur\/#breadcrumb\",\"itemListElement\":[{\"@type\":\"ListItem\",\"position\":1,\"name\":\"Home\",\"item\":\"https:\/\/norecoil.net\/tr\/norecoil-net\/\"},{\"@type\":\"ListItem\",\"position\":2,\"name\":\"Razer No Recoil Macro Nas\u0131l Kurulur\"}]},{\"@type\":\"WebSite\",\"@id\":\"https:\/\/norecoil.net\/tr\/#website\",\"url\":\"https:\/\/norecoil.net\/tr\/\",\"name\":\"NoRecoil.Net\",\"description\":\"\",\"potentialAction\":[{\"@type\":\"SearchAction\",\"target\":{\"@type\":\"EntryPoint\",\"urlTemplate\":\"https:\/\/norecoil.net\/tr\/?s={search_term_string}\"},\"query-input\":\"required name=search_term_string\"}],\"inLanguage\":\"tr\"}]}<\/script>\n<!-- \/ Yoast SEO Premium plugin. -->","yoast_head_json":{"title":"Razer No Recoil Macro Nas\u0131l Kurulur","description":"Razer Synapse 3 i\u00e7in Razer No Recoil Macro Nas\u0131l Kurulur? Video ile herhangi bir Razer Synapse 3 talimat\u0131 i\u00e7in Geri Tepme Makro Kurulumu Yok.","robots":{"index":"index","follow":"follow","max-snippet":"max-snippet:-1","max-image-preview":"max-image-preview:large","max-video-preview":"max-video-preview:-1"},"canonical":"https:\/\/norecoil.net\/tr\/razer-no-recoil-macro-nasil-kurulur\/","og_locale":"tr_TR","og_type":"article","og_title":"Razer No Recoil Macro Nas\u0131l Kurulur","og_description":"Razer Synapse 3 i\u00e7in Razer No Recoil Macro Nas\u0131l Kurulur? Video ile herhangi bir Razer Synapse 3 talimat\u0131 i\u00e7in Geri Tepme Makro Kurulumu Yok.","og_url":"https:\/\/norecoil.net\/tr\/razer-no-recoil-macro-nasil-kurulur\/","og_site_name":"NoRecoil.Net","article_modified_time":"2024-02-28T15:03:33+00:00","og_image":[{"width":1200,"height":675,"url":"https:\/\/norecoil.net\/wp-content\/uploads\/2023\/09\/how-to-install-razer-synapse-3.jpg","type":"image\/jpeg"}],"twitter_card":"summary_large_image","twitter_misc":{"Tahmini okuma s\u00fcresi":"3 dakika"},"schema":{"@context":"https:\/\/schema.org","@graph":[{"@type":"WebPage","@id":"https:\/\/norecoil.net\/tr\/razer-no-recoil-macro-nasil-kurulur\/","url":"https:\/\/norecoil.net\/tr\/razer-no-recoil-macro-nasil-kurulur\/","name":"Razer No Recoil Macro Nas\u0131l Kurulur","isPartOf":{"@id":"https:\/\/norecoil.net\/tr\/#website"},"datePublished":"2023-09-17T17:09:39+00:00","dateModified":"2024-02-28T15:03:33+00:00","description":"Razer Synapse 3 i\u00e7in Razer No Recoil Macro Nas\u0131l Kurulur? Video ile herhangi bir Razer Synapse 3 talimat\u0131 i\u00e7in Geri Tepme Makro Kurulumu Yok.","breadcrumb":{"@id":"https:\/\/norecoil.net\/tr\/razer-no-recoil-macro-nasil-kurulur\/#breadcrumb"},"inLanguage":"tr","potentialAction":[{"@type":"ReadAction","target":["https:\/\/norecoil.net\/tr\/razer-no-recoil-macro-nasil-kurulur\/"]}]},{"@type":"BreadcrumbList","@id":"https:\/\/norecoil.net\/tr\/razer-no-recoil-macro-nasil-kurulur\/#breadcrumb","itemListElement":[{"@type":"ListItem","position":1,"name":"Home","item":"https:\/\/norecoil.net\/tr\/norecoil-net\/"},{"@type":"ListItem","position":2,"name":"Razer No Recoil Macro Nas\u0131l Kurulur"}]},{"@type":"WebSite","@id":"https:\/\/norecoil.net\/tr\/#website","url":"https:\/\/norecoil.net\/tr\/","name":"NoRecoil.Net","description":"","potentialAction":[{"@type":"SearchAction","target":{"@type":"EntryPoint","urlTemplate":"https:\/\/norecoil.net\/tr\/?s={search_term_string}"},"query-input":"required name=search_term_string"}],"inLanguage":"tr"}]}},"_links":{"self":[{"href":"https:\/\/norecoil.net\/tr\/wp-json\/wp\/v2\/pages\/5860","targetHints":{"allow":["GET"]}}],"collection":[{"href":"https:\/\/norecoil.net\/tr\/wp-json\/wp\/v2\/pages"}],"about":[{"href":"https:\/\/norecoil.net\/tr\/wp-json\/wp\/v2\/types\/page"}],"author":[{"embeddable":true,"href":"https:\/\/norecoil.net\/tr\/wp-json\/wp\/v2\/users\/1"}],"replies":[{"embeddable":true,"href":"https:\/\/norecoil.net\/tr\/wp-json\/wp\/v2\/comments?post=5860"}],"version-history":[{"count":0,"href":"https:\/\/norecoil.net\/tr\/wp-json\/wp\/v2\/pages\/5860\/revisions"}],"wp:featuredmedia":[{"embeddable":true,"href":"https:\/\/norecoil.net\/tr\/wp-json\/wp\/v2\/media\/3766"}],"wp:attachment":[{"href":"https:\/\/norecoil.net\/tr\/wp-json\/wp\/v2\/media?parent=5860"}],"curies":[{"name":"wp","href":"https:\/\/api.w.org\/{rel}","templated":true}]}}