{"id":5799,"date":"2023-09-17T08:45:21","date_gmt":"2023-09-17T08:45:21","guid":{"rendered":"https:\/\/norecoil.net\/logitech-g-hub-yaziliminizin-surumunu-dusurme\/"},"modified":"2024-02-28T15:02:30","modified_gmt":"2024-02-28T15:02:30","slug":"logitech-g-hub-yaziliminizin-surumunu-dusurme","status":"publish","type":"page","link":"https:\/\/norecoil.net\/tr\/logitech-g-hub-yaziliminizin-surumunu-dusurme\/","title":{"rendered":"Logitech G-Hub Yaz\u0131l\u0131m\u0131n\u0131z\u0131n s\u00fcr\u00fcm\u00fcn\u00fc d\u00fc\u015f\u00fcrme"},"content":{"rendered":"\t\t<div data-elementor-type=\"wp-page\" data-elementor-id=\"5799\" class=\"elementor elementor-5799 elementor-1684\">\n\t\t\t\t\t\t<section class=\"elementor-section elementor-top-section elementor-element elementor-element-007144e elementor-section-boxed elementor-section-height-default elementor-section-height-default\" data-id=\"007144e\" data-element_type=\"section\">\r\n\t\t\r\n\t\t\t\t\t\t\t<div class=\"elementor-container elementor-column-gap-default\">\r\n\t\t\t\t\t\t\t\t\t\t\t<div class=\"elementor-column elementor-col-100 elementor-top-column elementor-element elementor-element-aff4496 mx-auto\" data-id=\"aff4496\" data-element_type=\"column\">\r\n\t\t\t\t\t<div class=\"elementor-widget-wrap elementor-element-populated\">\r\n\t\t\t\t\t\t\t\t<div class=\"elementor-element elementor-element-2718dbf elementor-widget elementor-widget-porto_ultimate_heading\" data-id=\"2718dbf\" data-element_type=\"widget\" data-widget_type=\"porto_ultimate_heading.default\">\n\t\t\t\t<div class=\"elementor-widget-container\">\n\t\t\t\t\t<div class=\"porto-u-heading  porto-u-55ca8359258f9a412be7e73af65d2aac \"><div class=\"porto-u-main-heading\"><h2   >Logitech G-Hub Yaz\u0131l\u0131m\u0131n\u0131z\u0131n s\u00fcr\u00fcm\u00fcn\u00fc d\u00fc\u015f\u00fcrme<\/h2><\/div><div class=\"porto-u-sub-heading\" style=\"\"><p style=\"text-align: center;\"><strong>Logitech G-Hub yaz\u0131l\u0131m\u0131n\u0131z\u0131<\/strong> yak\u0131n zamanda g\u00fcncellediyseniz ve ihtiya\u00e7lar\u0131n\u0131z\u0131 kar\u015f\u0131lamad\u0131\u011f\u0131n\u0131 veya uyumluluk sorunlar\u0131 oldu\u011funu fark ettiyseniz s\u00fcr\u00fcm d\u00fc\u015f\u00fcrmeyi d\u00fc\u015f\u00fcnebilirsiniz. \u015eansl\u0131s\u0131n\u0131z; do\u011fru ad\u0131mlar\u0131 izlerseniz Logitech G-Hub s\u00fcr\u00fcm\u00fcn\u00fc y\u00fckseltmek kolayd\u0131r. Bu e\u011fitimde, Logitech G-Hub s\u00fcr\u00fcm\u00fcn\u00fcz\u00fc g\u00fcvenli ve etkili bir \u015fekilde nas\u0131l d\u00fc\u015f\u00fcrebilece\u011finiz konusunda size yol g\u00f6sterece\u011fiz.<\/p><h4 style=\"text-align: center;\">Ad\u0131m 1: Ayarlar'da Otomatik G\u00fcncellemeyi Devre D\u0131\u015f\u0131 B\u0131rak\u0131n<\/h4><p style=\"text-align: center;\">Yapman\u0131z gereken ilk \u015fey, Logitech G-Hub yaz\u0131l\u0131m\u0131ndaki ayarlardan <strong>otomatik g\u00fcncelleme \u00f6zelli\u011fini<\/strong> kapatmakt\u0131r. Bunu devre d\u0131\u015f\u0131 b\u0131rakmak, yaz\u0131l\u0131m\u0131n kendisini otomatik olarak ka\u00e7\u0131nmaya \u00e7al\u0131\u015ft\u0131\u011f\u0131n\u0131z s\u00fcr\u00fcme geri g\u00fcncellemesini \u00f6nleyecektir.<\/p><p> <\/p><center><figure id=\"attachment_1687\" aria-describedby=\"caption-attachment-1687\" style=\"width: 890px\" class=\"wp-caption aligncenter\"><img fetchpriority=\"high\" decoding=\"async\" class=\"size-full wp-image-1687\" src=\"https:\/\/norecoil.net\/wp-content\/uploads\/2023\/09\/disable-auto-update.gif\" alt=\"Logitech G-Hub Yaz\u0131l\u0131m\u0131nda Otomatik G\u00fcncellemeyi Devre D\u0131\u015f\u0131 B\u0131rakma\" width=\"890\" height=\"609\"><figcaption id=\"caption-attachment-1687\" class=\"wp-caption-text\">Logitech G-Hub Yaz\u0131l\u0131m\u0131nda Otomatik G\u00fcncellemeyi Devre D\u0131\u015f\u0131 B\u0131rakma<\/figcaption><\/figure><\/center><p> <\/p><h4 style=\"text-align: center;\">Ad\u0131m 2: Mevcut G-Hub S\u00fcr\u00fcm\u00fcn\u00fc Kald\u0131r\u0131n<\/h4><p style=\"text-align: center;\">Ard\u0131ndan, <strong>mevcut Logitech G-Hub yaz\u0131l\u0131m\u0131n\u0131<\/strong> bilgisayar\u0131n\u0131zdan <strong>kald\u0131rman\u0131z<\/strong> gerekir. Tamamen kald\u0131rd\u0131\u011f\u0131n\u0131zdan emin olmak i\u00e7in <a href=\"https:\/\/www.revouninstaller.com\/start-freeware-download\/\" target=\"_blank\" rel=\"noopener\">\n  <strong>Revo Uninstaller<\/strong>\n<\/a>. G-Hub ile ilgili t\u00fcm kay\u0131t defteri dosyalar\u0131n\u0131 ve di\u011fer kalan dosyalar\u0131 silmek i\u00e7in Revo Uninstaller'\u0131 geli\u015fmi\u015f moda ayarlay\u0131n.<\/p><h4 style=\"text-align: center;\">Ad\u0131m 3: Bilgisayar\u0131n\u0131z\u0131 Yeniden Ba\u015flat\u0131n<\/h4><p style=\"text-align: center;\">Yaz\u0131l\u0131m\u0131 kald\u0131rd\u0131ktan sonra, t\u00fcm de\u011fi\u015fikliklerin etkili oldu\u011fundan ve kalan dosyalar\u0131n kald\u0131r\u0131ld\u0131\u011f\u0131ndan emin olmak i\u00e7in devam edin ve <strong>bilgisayar\u0131n\u0131z\u0131 yeniden ba\u015flat\u0131n<\/strong>.<\/p><h4 style=\"text-align: center;\">Ad\u0131m 4: S\u00fcr\u00fcm D\u00fc\u015f\u00fcrme S\u00fcr\u00fcm\u00fcn\u00fc \u0130ndirin<\/h4><p style=\"text-align: center;\">Art\u0131k bilgisayar\u0131n\u0131z yeniden ba\u015flat\u0131ld\u0131\u011f\u0131na g\u00f6re, Logitech G-Hub'\u0131n <strong>s\u00fcr\u00fcm d\u00fc\u015f\u00fcrme s\u00fcr\u00fcm\u00fcn\u00fc indirmenin<\/strong> zaman\u0131 geldi. Bu k\u0131lavuz i\u00e7in <strong>2021.11.1775<\/strong> s\u00fcr\u00fcm\u00fcn\u00fc kullan\u0131yoruz, ancak ihtiya\u00e7lar\u0131n\u0131za en uygun s\u00fcr\u00fcm\u00fc se\u00e7ebilirsiniz. \u0130ndirdikten sonra, hemen yaz\u0131l\u0131m i\u00e7indeki ayarlara gidin ve yaz\u0131l\u0131m\u0131n otomatik olarak g\u00fcncellenmeyece\u011finden emin olmak i\u00e7in otomatik g\u00fcncelleme \u00f6zelli\u011fini tekrar devre d\u0131\u015f\u0131 b\u0131rak\u0131n.<\/p><h3 style=\"text-align: center;\">G-Hub i\u00e7in \u0130ndirme Ba\u011flant\u0131s\u0131 S\u00fcr\u00fcm: 2021.11.1775<\/h3><p style=\"text-align: center;\"><a href=\"https:\/\/www.mediafire.com\/file\/ao4cmt784huxdwh\/lghub_installer_2021.11.1775.exe\/file\" target=\"_blank\" rel=\"noopener\">G-Hub S\u00fcr\u00fcm 2021.11.1775'i buradan indirin<\/a><\/p><h3 style=\"text-align: center;\">Sonu\u00e7<\/h3><p style=\"text-align: center;\">Ve hepsi bu kadar! <strong>Logitech G-Hub yaz\u0131l\u0131m\u0131n\u0131z\u0131n<\/strong> s\u00fcr\u00fcm\u00fcn\u00fc ba\u015far\u0131yla <strong>d\u00fc\u015f\u00fcrd\u00fcn\u00fcz<\/strong>. Bu ad\u0131mlar\u0131 dikkatlice izleyerek, rahat etti\u011finiz bir s\u00fcr\u00fcme geri d\u00f6nebilirsiniz. Unutmay\u0131n, s\u00fcr\u00fcm d\u00fc\u015f\u00fcrd\u00fckten sonra, gelecekte tekrar y\u00fckseltmek istemedi\u011finiz s\u00fcrece otomatik g\u00fcncelleme \u00f6zelli\u011fini kapal\u0131 tuttu\u011funuzdan emin olun. Logitech G-Hub ile optimize edilmi\u015f deneyiminizin keyfini \u00e7\u0131kar\u0131n! T\u00fcm Logitech G-Hub Yaz\u0131l\u0131m \u00dcr\u00fcnlerini g\u00f6rmek i\u00e7in <a href=\"\/logitech-no-recoil-macro\">buraya t\u0131klay\u0131n!<\/a><\/p><\/div><style>.porto-u-55ca8359258f9a412be7e73af65d2aac.porto-u-heading{text-align:center}<\/style><\/div>\t\t\t\t<\/div>\n\t\t\t\t<\/div>\n\t\t\t\t\t<\/div>\r\n\t\t\t\t<\/div>\r\n\t\t\t\t\t<\/div>\r\n\t\t\t\t<\/section>\r\n\t\t\t\t<\/div>\n\t\t","protected":false},"excerpt":{"rendered":"<p>Logitech G-Hub Yaz\u0131l\u0131m\u0131n\u0131z\u0131n s\u00fcr\u00fcm\u00fcn\u00fc d\u00fc\u015f\u00fcrme Logitech G-Hub yaz\u0131l\u0131m\u0131n\u0131z\u0131 yak\u0131n zamanda g\u00fcncellediyseniz ve ihtiya\u00e7lar\u0131n\u0131z\u0131 kar\u015f\u0131lamad\u0131\u011f\u0131n\u0131 veya uyumluluk sorunlar\u0131 oldu\u011funu fark ettiyseniz s\u00fcr\u00fcm d\u00fc\u015f\u00fcrmeyi d\u00fc\u015f\u00fcnebilirsiniz. \u015eansl\u0131s\u0131n\u0131z; do\u011fru ad\u0131mlar\u0131 izlerseniz Logitech G-Hub s\u00fcr\u00fcm\u00fcn\u00fc y\u00fckseltmek kolayd\u0131r. Bu e\u011fitimde, Logitech G-Hub s\u00fcr\u00fcm\u00fcn\u00fcz\u00fc g\u00fcvenli ve etkili bir \u015fekilde nas\u0131l d\u00fc\u015f\u00fcrebilece\u011finiz konusunda size yol g\u00f6sterece\u011fiz. Ad\u0131m 1: Ayarlar&#8217;da Otomatik G\u00fcncellemeyi Devre D\u0131\u015f\u0131 [&hellip;]<\/p>\n","protected":false},"author":1,"featured_media":3689,"parent":0,"menu_order":0,"comment_status":"open","ping_status":"closed","template":"","meta":{"_acf_changed":false,"content-type":"","cybocfi_hide_featured_image":"","footnotes":""},"class_list":["post-5799","page","type-page","status-publish","has-post-thumbnail","hentry"],"acf":[],"yoast_head":"<!-- This site is optimized with the Yoast SEO Premium plugin v21.1 (Yoast SEO v21.1) - https:\/\/yoast.com\/wordpress\/plugins\/seo\/ -->\n<title>Logitech G-Hub Yaz\u0131l\u0131m S\u00fcr\u00fcm\u00fcn\u00fcz\u00fc D\u00fc\u015f\u00fcrme<\/title>\n<meta name=\"description\" content=\"En son g\u00fcncellemeyle ilgili sorunlarla m\u0131 kar\u015f\u0131la\u015f\u0131yorsunuz? Kapsaml\u0131 ad\u0131m ad\u0131m k\u0131lavuzumuzla Logitech G-Hub s\u00fcr\u00fcm\u00fcn\u00fcz\u00fc nas\u0131l kolayca d\u00fc\u015f\u00fcrebilece\u011finizi \u00f6\u011frenin.\" \/>\n<meta name=\"robots\" content=\"index, follow, max-snippet:-1, max-image-preview:large, max-video-preview:-1\" \/>\n<link rel=\"canonical\" href=\"https:\/\/norecoil.net\/tr\/logitech-g-hub-yaziliminizin-surumunu-dusurme\/\" \/>\n<meta property=\"og:locale\" content=\"tr_TR\" \/>\n<meta property=\"og:type\" content=\"article\" \/>\n<meta property=\"og:title\" content=\"Logitech G-Hub Yaz\u0131l\u0131m\u0131n\u0131z\u0131n s\u00fcr\u00fcm\u00fcn\u00fc d\u00fc\u015f\u00fcrme\" \/>\n<meta property=\"og:description\" content=\"En son g\u00fcncellemeyle ilgili sorunlarla m\u0131 kar\u015f\u0131la\u015f\u0131yorsunuz? Kapsaml\u0131 ad\u0131m ad\u0131m k\u0131lavuzumuzla Logitech G-Hub s\u00fcr\u00fcm\u00fcn\u00fcz\u00fc nas\u0131l kolayca d\u00fc\u015f\u00fcrebilece\u011finizi \u00f6\u011frenin.\" \/>\n<meta property=\"og:url\" content=\"https:\/\/norecoil.net\/tr\/logitech-g-hub-yaziliminizin-surumunu-dusurme\/\" \/>\n<meta property=\"og:site_name\" content=\"NoRecoil.Net\" \/>\n<meta property=\"article:modified_time\" content=\"2024-02-28T15:02:30+00:00\" \/>\n<meta property=\"og:image\" content=\"https:\/\/norecoil.net\/wp-content\/uploads\/2023\/09\/downgrade-g-hub-logitech-software.webp\" \/>\n\t<meta property=\"og:image:width\" content=\"1200\" \/>\n\t<meta property=\"og:image:height\" content=\"675\" \/>\n\t<meta property=\"og:image:type\" content=\"image\/webp\" \/>\n<meta name=\"twitter:card\" content=\"summary_large_image\" \/>\n<meta name=\"twitter:label1\" content=\"Tahmini okuma s\u00fcresi\" \/>\n\t<meta name=\"twitter:data1\" content=\"2 dakika\" \/>\n<script type=\"application\/ld+json\" class=\"yoast-schema-graph\">{\"@context\":\"https:\/\/schema.org\",\"@graph\":[{\"@type\":\"WebPage\",\"@id\":\"https:\/\/norecoil.net\/tr\/logitech-g-hub-yaziliminizin-surumunu-dusurme\/\",\"url\":\"https:\/\/norecoil.net\/tr\/logitech-g-hub-yaziliminizin-surumunu-dusurme\/\",\"name\":\"Logitech G-Hub Yaz\u0131l\u0131m S\u00fcr\u00fcm\u00fcn\u00fcz\u00fc D\u00fc\u015f\u00fcrme\",\"isPartOf\":{\"@id\":\"https:\/\/norecoil.net\/tr\/#website\"},\"datePublished\":\"2023-09-17T08:45:21+00:00\",\"dateModified\":\"2024-02-28T15:02:30+00:00\",\"description\":\"En son g\u00fcncellemeyle ilgili sorunlarla m\u0131 kar\u015f\u0131la\u015f\u0131yorsunuz? Kapsaml\u0131 ad\u0131m ad\u0131m k\u0131lavuzumuzla Logitech G-Hub s\u00fcr\u00fcm\u00fcn\u00fcz\u00fc nas\u0131l kolayca d\u00fc\u015f\u00fcrebilece\u011finizi \u00f6\u011frenin.\",\"breadcrumb\":{\"@id\":\"https:\/\/norecoil.net\/tr\/logitech-g-hub-yaziliminizin-surumunu-dusurme\/#breadcrumb\"},\"inLanguage\":\"tr\",\"potentialAction\":[{\"@type\":\"ReadAction\",\"target\":[\"https:\/\/norecoil.net\/tr\/logitech-g-hub-yaziliminizin-surumunu-dusurme\/\"]}]},{\"@type\":\"BreadcrumbList\",\"@id\":\"https:\/\/norecoil.net\/tr\/logitech-g-hub-yaziliminizin-surumunu-dusurme\/#breadcrumb\",\"itemListElement\":[{\"@type\":\"ListItem\",\"position\":1,\"name\":\"Home\",\"item\":\"https:\/\/norecoil.net\/tr\/norecoil-net\/\"},{\"@type\":\"ListItem\",\"position\":2,\"name\":\"Logitech G-Hub Yaz\u0131l\u0131m\u0131n\u0131z\u0131n s\u00fcr\u00fcm\u00fcn\u00fc d\u00fc\u015f\u00fcrme\"}]},{\"@type\":\"WebSite\",\"@id\":\"https:\/\/norecoil.net\/tr\/#website\",\"url\":\"https:\/\/norecoil.net\/tr\/\",\"name\":\"NoRecoil.Net\",\"description\":\"\",\"potentialAction\":[{\"@type\":\"SearchAction\",\"target\":{\"@type\":\"EntryPoint\",\"urlTemplate\":\"https:\/\/norecoil.net\/tr\/?s={search_term_string}\"},\"query-input\":\"required name=search_term_string\"}],\"inLanguage\":\"tr\"}]}<\/script>\n<!-- \/ Yoast SEO Premium plugin. -->","yoast_head_json":{"title":"Logitech G-Hub Yaz\u0131l\u0131m S\u00fcr\u00fcm\u00fcn\u00fcz\u00fc D\u00fc\u015f\u00fcrme","description":"En son g\u00fcncellemeyle ilgili sorunlarla m\u0131 kar\u015f\u0131la\u015f\u0131yorsunuz? Kapsaml\u0131 ad\u0131m ad\u0131m k\u0131lavuzumuzla Logitech G-Hub s\u00fcr\u00fcm\u00fcn\u00fcz\u00fc nas\u0131l kolayca d\u00fc\u015f\u00fcrebilece\u011finizi \u00f6\u011frenin.","robots":{"index":"index","follow":"follow","max-snippet":"max-snippet:-1","max-image-preview":"max-image-preview:large","max-video-preview":"max-video-preview:-1"},"canonical":"https:\/\/norecoil.net\/tr\/logitech-g-hub-yaziliminizin-surumunu-dusurme\/","og_locale":"tr_TR","og_type":"article","og_title":"Logitech G-Hub Yaz\u0131l\u0131m\u0131n\u0131z\u0131n s\u00fcr\u00fcm\u00fcn\u00fc d\u00fc\u015f\u00fcrme","og_description":"En son g\u00fcncellemeyle ilgili sorunlarla m\u0131 kar\u015f\u0131la\u015f\u0131yorsunuz? Kapsaml\u0131 ad\u0131m ad\u0131m k\u0131lavuzumuzla Logitech G-Hub s\u00fcr\u00fcm\u00fcn\u00fcz\u00fc nas\u0131l kolayca d\u00fc\u015f\u00fcrebilece\u011finizi \u00f6\u011frenin.","og_url":"https:\/\/norecoil.net\/tr\/logitech-g-hub-yaziliminizin-surumunu-dusurme\/","og_site_name":"NoRecoil.Net","article_modified_time":"2024-02-28T15:02:30+00:00","og_image":[{"width":1200,"height":675,"url":"https:\/\/norecoil.net\/wp-content\/uploads\/2023\/09\/downgrade-g-hub-logitech-software.webp","type":"image\/webp"}],"twitter_card":"summary_large_image","twitter_misc":{"Tahmini okuma s\u00fcresi":"2 dakika"},"schema":{"@context":"https:\/\/schema.org","@graph":[{"@type":"WebPage","@id":"https:\/\/norecoil.net\/tr\/logitech-g-hub-yaziliminizin-surumunu-dusurme\/","url":"https:\/\/norecoil.net\/tr\/logitech-g-hub-yaziliminizin-surumunu-dusurme\/","name":"Logitech G-Hub Yaz\u0131l\u0131m S\u00fcr\u00fcm\u00fcn\u00fcz\u00fc D\u00fc\u015f\u00fcrme","isPartOf":{"@id":"https:\/\/norecoil.net\/tr\/#website"},"datePublished":"2023-09-17T08:45:21+00:00","dateModified":"2024-02-28T15:02:30+00:00","description":"En son g\u00fcncellemeyle ilgili sorunlarla m\u0131 kar\u015f\u0131la\u015f\u0131yorsunuz? Kapsaml\u0131 ad\u0131m ad\u0131m k\u0131lavuzumuzla Logitech G-Hub s\u00fcr\u00fcm\u00fcn\u00fcz\u00fc nas\u0131l kolayca d\u00fc\u015f\u00fcrebilece\u011finizi \u00f6\u011frenin.","breadcrumb":{"@id":"https:\/\/norecoil.net\/tr\/logitech-g-hub-yaziliminizin-surumunu-dusurme\/#breadcrumb"},"inLanguage":"tr","potentialAction":[{"@type":"ReadAction","target":["https:\/\/norecoil.net\/tr\/logitech-g-hub-yaziliminizin-surumunu-dusurme\/"]}]},{"@type":"BreadcrumbList","@id":"https:\/\/norecoil.net\/tr\/logitech-g-hub-yaziliminizin-surumunu-dusurme\/#breadcrumb","itemListElement":[{"@type":"ListItem","position":1,"name":"Home","item":"https:\/\/norecoil.net\/tr\/norecoil-net\/"},{"@type":"ListItem","position":2,"name":"Logitech G-Hub Yaz\u0131l\u0131m\u0131n\u0131z\u0131n s\u00fcr\u00fcm\u00fcn\u00fc d\u00fc\u015f\u00fcrme"}]},{"@type":"WebSite","@id":"https:\/\/norecoil.net\/tr\/#website","url":"https:\/\/norecoil.net\/tr\/","name":"NoRecoil.Net","description":"","potentialAction":[{"@type":"SearchAction","target":{"@type":"EntryPoint","urlTemplate":"https:\/\/norecoil.net\/tr\/?s={search_term_string}"},"query-input":"required name=search_term_string"}],"inLanguage":"tr"}]}},"_links":{"self":[{"href":"https:\/\/norecoil.net\/tr\/wp-json\/wp\/v2\/pages\/5799","targetHints":{"allow":["GET"]}}],"collection":[{"href":"https:\/\/norecoil.net\/tr\/wp-json\/wp\/v2\/pages"}],"about":[{"href":"https:\/\/norecoil.net\/tr\/wp-json\/wp\/v2\/types\/page"}],"author":[{"embeddable":true,"href":"https:\/\/norecoil.net\/tr\/wp-json\/wp\/v2\/users\/1"}],"replies":[{"embeddable":true,"href":"https:\/\/norecoil.net\/tr\/wp-json\/wp\/v2\/comments?post=5799"}],"version-history":[{"count":0,"href":"https:\/\/norecoil.net\/tr\/wp-json\/wp\/v2\/pages\/5799\/revisions"}],"wp:featuredmedia":[{"embeddable":true,"href":"https:\/\/norecoil.net\/tr\/wp-json\/wp\/v2\/media\/3689"}],"wp:attachment":[{"href":"https:\/\/norecoil.net\/tr\/wp-json\/wp\/v2\/media?parent=5799"}],"curies":[{"name":"wp","href":"https:\/\/api.w.org\/{rel}","templated":true}]}}