{"id":5760,"date":"2023-09-16T05:51:50","date_gmt":"2023-09-16T05:51:50","guid":{"rendered":"https:\/\/norecoil.net\/geri-tepmesiz-makro-komut-dosyalari-icin-logitech-g-klavye-atamasi\/"},"modified":"2024-02-28T15:02:18","modified_gmt":"2024-02-28T15:02:18","slug":"geri-tepmesiz-makro-komut-dosyalari-icin-logitech-g-klavye-atamasi","status":"publish","type":"page","link":"https:\/\/norecoil.net\/tr\/geri-tepmesiz-makro-komut-dosyalari-icin-logitech-g-klavye-atamasi\/","title":{"rendered":"Geri Tepmesiz Makro Komut Dosyalar\u0131 i\u00e7in Logitech G Klavye Atamas\u0131"},"content":{"rendered":"\t\t<div data-elementor-type=\"wp-page\" data-elementor-id=\"5760\" class=\"elementor elementor-5760 elementor-1655\">\n\t\t\t\t\t\t<section class=\"elementor-section elementor-top-section elementor-element elementor-element-007144e elementor-section-boxed elementor-section-height-default elementor-section-height-default\" data-id=\"007144e\" data-element_type=\"section\">\r\n\t\t\r\n\t\t\t\t\t\t\t<div class=\"elementor-container elementor-column-gap-default\">\r\n\t\t\t\t\t\t\t\t\t\t\t<div class=\"elementor-column elementor-col-100 elementor-top-column elementor-element elementor-element-aff4496 mx-auto\" data-id=\"aff4496\" data-element_type=\"column\">\r\n\t\t\t\t\t<div class=\"elementor-widget-wrap elementor-element-populated\">\r\n\t\t\t\t\t\t\t\t<div class=\"elementor-element elementor-element-2718dbf elementor-widget elementor-widget-porto_ultimate_heading\" data-id=\"2718dbf\" data-element_type=\"widget\" data-widget_type=\"porto_ultimate_heading.default\">\n\t\t\t\t<div class=\"elementor-widget-container\">\n\t\t\t\t\t<div class=\"porto-u-heading  porto-u-55ca8359258f9a412be7e73af65d2aac \"><div class=\"porto-u-main-heading\"><h2   >Logitech G Klavyenizi Kurma<\/h2><\/div><div class=\"porto-u-sub-heading\" style=\"\"><p style=\"text-align: center;\">Bir <strong>Logitech G Klavyeniz<\/strong> varsa, <strong>Logitech G HUB yaz\u0131l\u0131m\u0131<\/strong> ile i\u015flevselli\u011fini \u00f6zelle\u015ftirmenin son derece kolay oldu\u011funu bilmek sizi memnun edecektir. \u0130ster bir oyuncu, ister bir yazar ya da sadece klavye kullan\u0131m\u0131n\u0131 optimize etmek isteyen biri olun, Logitech G Klavyenizin performans\u0131n\u0131 art\u0131rmak i\u00e7in herhangi bir d\u00fc\u011fmeye bir i\u015flev atayabilirsiniz. Bu e\u011fitim size bu \u00f6zelle\u015ftirmeleri nas\u0131l yapaca\u011f\u0131n\u0131z konusunda yol g\u00f6sterecektir.<\/p>\n\n<h4 style=\"text-align: center;\">Ad\u0131m 1: Logitech G HUB Profilini A\u00e7\u0131n<\/h4>\n<p style=\"text-align: center;\">Her \u015feyden \u00f6nce, Logitech G HUB yaz\u0131l\u0131m\u0131 i\u00e7inde klavye profilinize gitmeniz gerekir. Bu program\u0131 hen\u00fcz y\u00fcklemediyseniz, <a href=\"https:\/\/download01.logi.com\/web\/ftp\/pub\/techsupport\/gaming\/lghub_installer.exe\">buradan<\/a> indirdi\u011finizden emin olun.<\/p>\n\n<h4 style=\"text-align: center;\">Ad\u0131m 2: Atama Simgesini Bulun<\/h4>\n<p style=\"text-align: center;\">Klavyenizin profilini a\u00e7t\u0131ktan sonra, genellikle aray\u00fcz\u00fcn sol \u00fcst k\u00f6\u015fesinde bulunan <strong>atama simgesini<\/strong> aray\u0131n. Bu simge d\u00fc\u011fme atamalar\u0131n\u0131 g\u00f6r\u00fcnt\u00fclemenizi ve de\u011fi\u015ftirmenizi sa\u011flar.<\/p>\n\n<center>\n\n<figure id=\"attachment_1657\" aria-describedby=\"caption-attachment-1657\" style=\"width: 784px\" class=\"wp-caption alignnone\"><img fetchpriority=\"high\" decoding=\"async\" class=\"size-full wp-image-1657\" src=\"https:\/\/norecoil.net\/wp-content\/uploads\/2023\/09\/click-on-your-keyboard.jpg\" alt=\"Logitech G-Hub Klavyenize t\u0131klay\u0131n\" width=\"784\" height=\"537\" srcset=\"https:\/\/norecoil.net\/wp-content\/uploads\/2023\/09\/click-on-your-keyboard.jpg 784w, https:\/\/norecoil.net\/wp-content\/uploads\/2023\/09\/click-on-your-keyboard-600x411.jpg 600w, https:\/\/norecoil.net\/wp-content\/uploads\/2023\/09\/click-on-your-keyboard-768x526.jpg 768w, https:\/\/norecoil.net\/wp-content\/uploads\/2023\/09\/click-on-your-keyboard-640x438.jpg 640w, https:\/\/norecoil.net\/wp-content\/uploads\/2023\/09\/click-on-your-keyboard-400x274.jpg 400w\" sizes=\"(max-width: 784px) 100vw, 784px\" \/><figcaption id=\"caption-attachment-1657\" class=\"wp-caption-text\">Logitech G-Hub Klavyenize t\u0131klay\u0131n<\/figcaption><\/figure>\n\n<\/center>\n<h4 style=\"text-align: center;\">Ad\u0131m 3: \"Sistem\" B\u00f6l\u00fcm\u00fcne Gidin<\/h4>\n<p style=\"text-align: center;\">Atama se\u00e7eneklerinde \"Sistem\" etiketli bir kategori bulacaks\u0131n\u0131z. Logitech G Klavyenizdeki d\u00fc\u011fmelere atanabilecek \u00e7e\u015fitli i\u015flevleri burada ke\u015ffedebilirsiniz.<\/p>\n\n<center>\n\n<figure id=\"attachment_1671\" aria-describedby=\"caption-attachment-1671\" style=\"width: 896px\" class=\"wp-caption aligncenter\"><img decoding=\"async\" class=\"wp-image-1671 size-full\" src=\"https:\/\/norecoil.net\/wp-content\/uploads\/2023\/09\/Keyboard-assignment-system-1.gif\" alt=\"Logitech G-Hub'da Atama alt\u0131nda Sistem'i se\u00e7in\" width=\"896\" height=\"606\"><figcaption id=\"caption-attachment-1671\" class=\"wp-caption-text\">Logitech G-Hub'da Atama alt\u0131nda Sistem'i se\u00e7in<\/figcaption><\/figure>\n\n<\/center>\n<h4 style=\"text-align: center;\"><\/h4>\n<h4 style=\"text-align: center;\">Ad\u0131m 4: Bir Fonksiyon Se\u00e7in<\/h4>\n<p style=\"text-align: center;\">\"Sistem\" b\u00f6l\u00fcm\u00fcn\u00fcn alt\u0131nda <strong>\"Durdur<\/strong> \" adl\u0131 bir i\u015flev g\u00f6receksiniz. G\u00f6sterim amac\u0131yla, bu i\u015flevi klavyenizdeki mevcut d\u00fc\u011fmelere atayal\u0131m. Bununla birlikte, yararl\u0131 buldu\u011funuz ve tipik klavye kullan\u0131m\u0131n\u0131z\u0131 engellemeyecek herhangi bir i\u015flevi atamaktan \u00e7ekinmeyin.<\/p>\n&nbsp;\n\n<center><figure id=\"attachment_1680\" aria-describedby=\"caption-attachment-1680\" style=\"width: 806px\" class=\"wp-caption alignnone\"><img decoding=\"async\" class=\"size-full wp-image-1680\" src=\"https:\/\/norecoil.net\/wp-content\/uploads\/2023\/09\/logitech-g-keyboard-function-assignment.gif\" alt=\"Atama i\u00e7in G D\u00fc\u011fmelerini etkinle\u015ftirmek \u00fczere klavyenize \"durdur\" i\u015flevini atay\u0131n\" width=\"806\" height=\"545\"><figcaption id=\"caption-attachment-1680\" class=\"wp-caption-text\">Atama i\u00e7in G D\u00fc\u011fmelerini etkinle\u015ftirmek \u00fczere klavyenize \"durdur\" i\u015flevini atay\u0131n<\/figcaption><\/figure><\/center>\n\n&nbsp;\n\n<center><\/center>\n<h4 style=\"text-align: center;\">Ad\u0131m 5: Atamay\u0131 Onaylay\u0131n<\/h4>\n<p style=\"text-align: center;\">\u0130\u015flevi se\u00e7tikten sonra, ekrandaki talimatlar\u0131 izleyerek istedi\u011finiz d\u00fc\u011fmelere atay\u0131n. Ayn\u0131 i\u015flevi ger\u00e7ekle\u015ftirmek i\u00e7in birden fazla d\u00fc\u011fme atayabilirsiniz. \u0130\u00e7inde  <strong><a href=\"\/logitech-no-recoil-macro\">Logitech Geri Tepme Yok Makrosu<\/a> \"nil\" de\u011ferini yaln\u0131zca d\u00fc\u011fme numaras\u0131 olarak de\u011fi\u015ftirmeniz gerekir.\n\u00d6rne\u011fin, F6'y\u0131 kullanmak istiyorsak, \"nil\" de\u011ferini yaln\u0131zca fare d\u00fc\u011fmesi atamas\u0131yla ayn\u0131 \u015fekilde 6 olarak de\u011fi\u015ftirmeliyiz.\nKodda \u00f6rne\u011fin bir klavye i\u015flev listesi yoksa;<\/strong><\/p>\n<p style=\"text-align: center;\"><strong>local Silah = nil<\/strong><\/p>\n<p style=\"text-align: center;\"><strong>Sadece silah ad\u0131na \"_Klavye\" ekleyin, \u00e7al\u0131\u015facakt\u0131r. Sonunda bu \u015fekilde g\u00f6r\u00fcnmelidir;<\/strong><\/p>\n<p style=\"text-align: center;\"><strong>local Weapon_Keyboard = nil<\/strong><\/p>\n\n<h3 style=\"text-align: center;\">Sonu\u00e7<\/h3>\n<p style=\"text-align: center;\">\u0130\u015fte bu kadar! <strong>Logitech G HUB kullanarak Logitech G Klavyenizdeki d\u00fc\u011fmelere<\/strong> nas\u0131l <strong>i\u015flev atayaca\u011f\u0131n\u0131z\u0131<\/strong> ba\u015far\u0131yla \u00f6\u011frendiniz. Klavyenizi \u00f6zelle\u015ftirmek yaln\u0131zca deneyiminizi geli\u015ftirmekle kalmaz, ayn\u0131 zamanda \u00e7e\u015fitli g\u00f6revleri kolayla\u015ft\u0131rarak g\u00fcnl\u00fck bilgisayar etkile\u015fimlerinizi daha verimli hale getirmenizi sa\u011flar.<\/p>\n<p style=\"text-align: center;\">Unutmay\u0131n, biz \u00f6rnekleme i\u00e7in \"Durdur\" i\u015flevini kulland\u0131k, ancak siz ihtiya\u00e7lar\u0131n\u0131za en uygun i\u015flevi atamakta \u00f6zg\u00fcrs\u00fcn\u00fcz. Mutlu \u00f6zelle\u015ftirmeler!<\/p><\/div><style>.porto-u-55ca8359258f9a412be7e73af65d2aac.porto-u-heading{text-align:center}<\/style><\/div>\t\t\t\t<\/div>\n\t\t\t\t<\/div>\n\t\t\t\t\t<\/div>\r\n\t\t\t\t<\/div>\r\n\t\t\t\t\t<\/div>\r\n\t\t\t\t<\/section>\r\n\t\t\t\t<\/div>\n\t\t","protected":false},"excerpt":{"rendered":"<p>Logitech G Klavyenizi Kurma Bir Logitech G Klavyeniz varsa, Logitech G HUB yaz\u0131l\u0131m\u0131 ile i\u015flevselli\u011fini \u00f6zelle\u015ftirmenin son derece kolay oldu\u011funu bilmek sizi memnun edecektir. \u0130ster bir oyuncu, ister bir yazar ya da sadece klavye kullan\u0131m\u0131n\u0131 optimize etmek isteyen biri olun, Logitech G Klavyenizin performans\u0131n\u0131 art\u0131rmak i\u00e7in herhangi bir d\u00fc\u011fmeye bir i\u015flev atayabilirsiniz. Bu e\u011fitim size [&hellip;]<\/p>\n","protected":false},"author":1,"featured_media":3654,"parent":0,"menu_order":0,"comment_status":"open","ping_status":"closed","template":"","meta":{"_acf_changed":false,"content-type":"","cybocfi_hide_featured_image":"","footnotes":""},"class_list":["post-5760","page","type-page","status-publish","has-post-thumbnail","hentry"],"acf":[],"yoast_head":"<!-- This site is optimized with the Yoast SEO Premium plugin v21.1 (Yoast SEO v21.1) - https:\/\/yoast.com\/wordpress\/plugins\/seo\/ -->\n<title>Geri Tepmesiz Makro Komut Dosyalar\u0131 i\u00e7in Logitech G Klavye Atamalar\u0131<\/title>\n<meta name=\"description\" content=\"Logitech G Logitech lua geri tepmesiz makro komut dosyalar\u0131 i\u00e7in klavye atamalar\u0131. Logitech G Klavyenize Komut Dosyas\u0131 i\u015flevi atama.\" \/>\n<meta name=\"robots\" content=\"index, follow, max-snippet:-1, max-image-preview:large, max-video-preview:-1\" \/>\n<link rel=\"canonical\" href=\"https:\/\/norecoil.net\/tr\/geri-tepmesiz-makro-komut-dosyalari-icin-logitech-g-klavye-atamasi\/\" \/>\n<meta property=\"og:locale\" content=\"tr_TR\" \/>\n<meta property=\"og:type\" content=\"article\" \/>\n<meta property=\"og:title\" content=\"Geri Tepmesiz Makro Komut Dosyalar\u0131 i\u00e7in Logitech G Klavye Atamas\u0131\" \/>\n<meta property=\"og:description\" content=\"Logitech G Logitech lua geri tepmesiz makro komut dosyalar\u0131 i\u00e7in klavye atamalar\u0131. Logitech G Klavyenize Komut Dosyas\u0131 i\u015flevi atama.\" \/>\n<meta property=\"og:url\" content=\"https:\/\/norecoil.net\/tr\/geri-tepmesiz-makro-komut-dosyalari-icin-logitech-g-klavye-atamasi\/\" \/>\n<meta property=\"og:site_name\" content=\"NoRecoil.Net\" \/>\n<meta property=\"article:modified_time\" content=\"2024-02-28T15:02:18+00:00\" \/>\n<meta property=\"og:image\" content=\"https:\/\/norecoil.net\/wp-content\/uploads\/2023\/09\/logitech-g-keyboard-assignment-for-logitech-lua-no-recoil-macro-scripts.webp\" \/>\n\t<meta property=\"og:image:width\" content=\"1200\" \/>\n\t<meta property=\"og:image:height\" content=\"675\" \/>\n\t<meta property=\"og:image:type\" content=\"image\/webp\" \/>\n<meta name=\"twitter:card\" content=\"summary_large_image\" \/>\n<meta name=\"twitter:label1\" content=\"Tahmini okuma s\u00fcresi\" \/>\n\t<meta name=\"twitter:data1\" content=\"2 dakika\" \/>\n<script type=\"application\/ld+json\" class=\"yoast-schema-graph\">{\"@context\":\"https:\/\/schema.org\",\"@graph\":[{\"@type\":\"WebPage\",\"@id\":\"https:\/\/norecoil.net\/tr\/geri-tepmesiz-makro-komut-dosyalari-icin-logitech-g-klavye-atamasi\/\",\"url\":\"https:\/\/norecoil.net\/tr\/geri-tepmesiz-makro-komut-dosyalari-icin-logitech-g-klavye-atamasi\/\",\"name\":\"Geri Tepmesiz Makro Komut Dosyalar\u0131 i\u00e7in Logitech G Klavye Atamalar\u0131\",\"isPartOf\":{\"@id\":\"https:\/\/norecoil.net\/tr\/#website\"},\"datePublished\":\"2023-09-16T05:51:50+00:00\",\"dateModified\":\"2024-02-28T15:02:18+00:00\",\"description\":\"Logitech G Logitech lua geri tepmesiz makro komut dosyalar\u0131 i\u00e7in klavye atamalar\u0131. Logitech G Klavyenize Komut Dosyas\u0131 i\u015flevi atama.\",\"breadcrumb\":{\"@id\":\"https:\/\/norecoil.net\/tr\/geri-tepmesiz-makro-komut-dosyalari-icin-logitech-g-klavye-atamasi\/#breadcrumb\"},\"inLanguage\":\"tr\",\"potentialAction\":[{\"@type\":\"ReadAction\",\"target\":[\"https:\/\/norecoil.net\/tr\/geri-tepmesiz-makro-komut-dosyalari-icin-logitech-g-klavye-atamasi\/\"]}]},{\"@type\":\"BreadcrumbList\",\"@id\":\"https:\/\/norecoil.net\/tr\/geri-tepmesiz-makro-komut-dosyalari-icin-logitech-g-klavye-atamasi\/#breadcrumb\",\"itemListElement\":[{\"@type\":\"ListItem\",\"position\":1,\"name\":\"Home\",\"item\":\"https:\/\/norecoil.net\/tr\/norecoil-net\/\"},{\"@type\":\"ListItem\",\"position\":2,\"name\":\"Geri Tepmesiz Makro Komut Dosyalar\u0131 i\u00e7in Logitech G Klavye Atamas\u0131\"}]},{\"@type\":\"WebSite\",\"@id\":\"https:\/\/norecoil.net\/tr\/#website\",\"url\":\"https:\/\/norecoil.net\/tr\/\",\"name\":\"NoRecoil.Net\",\"description\":\"\",\"potentialAction\":[{\"@type\":\"SearchAction\",\"target\":{\"@type\":\"EntryPoint\",\"urlTemplate\":\"https:\/\/norecoil.net\/tr\/?s={search_term_string}\"},\"query-input\":\"required name=search_term_string\"}],\"inLanguage\":\"tr\"}]}<\/script>\n<!-- \/ Yoast SEO Premium plugin. -->","yoast_head_json":{"title":"Geri Tepmesiz Makro Komut Dosyalar\u0131 i\u00e7in Logitech G Klavye Atamalar\u0131","description":"Logitech G Logitech lua geri tepmesiz makro komut dosyalar\u0131 i\u00e7in klavye atamalar\u0131. Logitech G Klavyenize Komut Dosyas\u0131 i\u015flevi atama.","robots":{"index":"index","follow":"follow","max-snippet":"max-snippet:-1","max-image-preview":"max-image-preview:large","max-video-preview":"max-video-preview:-1"},"canonical":"https:\/\/norecoil.net\/tr\/geri-tepmesiz-makro-komut-dosyalari-icin-logitech-g-klavye-atamasi\/","og_locale":"tr_TR","og_type":"article","og_title":"Geri Tepmesiz Makro Komut Dosyalar\u0131 i\u00e7in Logitech G Klavye Atamas\u0131","og_description":"Logitech G Logitech lua geri tepmesiz makro komut dosyalar\u0131 i\u00e7in klavye atamalar\u0131. Logitech G Klavyenize Komut Dosyas\u0131 i\u015flevi atama.","og_url":"https:\/\/norecoil.net\/tr\/geri-tepmesiz-makro-komut-dosyalari-icin-logitech-g-klavye-atamasi\/","og_site_name":"NoRecoil.Net","article_modified_time":"2024-02-28T15:02:18+00:00","og_image":[{"width":1200,"height":675,"url":"https:\/\/norecoil.net\/wp-content\/uploads\/2023\/09\/logitech-g-keyboard-assignment-for-logitech-lua-no-recoil-macro-scripts.webp","type":"image\/webp"}],"twitter_card":"summary_large_image","twitter_misc":{"Tahmini okuma s\u00fcresi":"2 dakika"},"schema":{"@context":"https:\/\/schema.org","@graph":[{"@type":"WebPage","@id":"https:\/\/norecoil.net\/tr\/geri-tepmesiz-makro-komut-dosyalari-icin-logitech-g-klavye-atamasi\/","url":"https:\/\/norecoil.net\/tr\/geri-tepmesiz-makro-komut-dosyalari-icin-logitech-g-klavye-atamasi\/","name":"Geri Tepmesiz Makro Komut Dosyalar\u0131 i\u00e7in Logitech G Klavye Atamalar\u0131","isPartOf":{"@id":"https:\/\/norecoil.net\/tr\/#website"},"datePublished":"2023-09-16T05:51:50+00:00","dateModified":"2024-02-28T15:02:18+00:00","description":"Logitech G Logitech lua geri tepmesiz makro komut dosyalar\u0131 i\u00e7in klavye atamalar\u0131. Logitech G Klavyenize Komut Dosyas\u0131 i\u015flevi atama.","breadcrumb":{"@id":"https:\/\/norecoil.net\/tr\/geri-tepmesiz-makro-komut-dosyalari-icin-logitech-g-klavye-atamasi\/#breadcrumb"},"inLanguage":"tr","potentialAction":[{"@type":"ReadAction","target":["https:\/\/norecoil.net\/tr\/geri-tepmesiz-makro-komut-dosyalari-icin-logitech-g-klavye-atamasi\/"]}]},{"@type":"BreadcrumbList","@id":"https:\/\/norecoil.net\/tr\/geri-tepmesiz-makro-komut-dosyalari-icin-logitech-g-klavye-atamasi\/#breadcrumb","itemListElement":[{"@type":"ListItem","position":1,"name":"Home","item":"https:\/\/norecoil.net\/tr\/norecoil-net\/"},{"@type":"ListItem","position":2,"name":"Geri Tepmesiz Makro Komut Dosyalar\u0131 i\u00e7in Logitech G Klavye Atamas\u0131"}]},{"@type":"WebSite","@id":"https:\/\/norecoil.net\/tr\/#website","url":"https:\/\/norecoil.net\/tr\/","name":"NoRecoil.Net","description":"","potentialAction":[{"@type":"SearchAction","target":{"@type":"EntryPoint","urlTemplate":"https:\/\/norecoil.net\/tr\/?s={search_term_string}"},"query-input":"required name=search_term_string"}],"inLanguage":"tr"}]}},"_links":{"self":[{"href":"https:\/\/norecoil.net\/tr\/wp-json\/wp\/v2\/pages\/5760","targetHints":{"allow":["GET"]}}],"collection":[{"href":"https:\/\/norecoil.net\/tr\/wp-json\/wp\/v2\/pages"}],"about":[{"href":"https:\/\/norecoil.net\/tr\/wp-json\/wp\/v2\/types\/page"}],"author":[{"embeddable":true,"href":"https:\/\/norecoil.net\/tr\/wp-json\/wp\/v2\/users\/1"}],"replies":[{"embeddable":true,"href":"https:\/\/norecoil.net\/tr\/wp-json\/wp\/v2\/comments?post=5760"}],"version-history":[{"count":0,"href":"https:\/\/norecoil.net\/tr\/wp-json\/wp\/v2\/pages\/5760\/revisions"}],"wp:featuredmedia":[{"embeddable":true,"href":"https:\/\/norecoil.net\/tr\/wp-json\/wp\/v2\/media\/3654"}],"wp:attachment":[{"href":"https:\/\/norecoil.net\/tr\/wp-json\/wp\/v2\/media?parent=5760"}],"curies":[{"name":"wp","href":"https:\/\/api.w.org\/{rel}","templated":true}]}}