{"id":5729,"date":"2023-09-13T22:42:35","date_gmt":"2023-09-13T22:42:35","guid":{"rendered":"https:\/\/norecoil.net\/logitech-no-recoil-macro-nasil-kurulur\/"},"modified":"2024-02-28T15:02:18","modified_gmt":"2024-02-28T15:02:18","slug":"logitech-no-recoil-macro-nasil-kurulur","status":"publish","type":"page","link":"https:\/\/norecoil.net\/tr\/logitech-no-recoil-macro-nasil-kurulur\/","title":{"rendered":"Logitech No Recoil Macro Nas\u0131l Kurulur"},"content":{"rendered":"\t\t<div data-elementor-type=\"wp-page\" data-elementor-id=\"5729\" class=\"elementor elementor-5729 elementor-1600\">\n\t\t\t\t\t\t<section class=\"elementor-section elementor-top-section elementor-element elementor-element-007144e elementor-section-boxed elementor-section-height-default elementor-section-height-default\" data-id=\"007144e\" data-element_type=\"section\">\r\n\t\t\r\n\t\t\t\t\t\t\t<div class=\"elementor-container elementor-column-gap-default\">\r\n\t\t\t\t\t\t\t\t\t\t\t<div class=\"elementor-column elementor-col-100 elementor-top-column elementor-element elementor-element-aff4496 mx-auto\" data-id=\"aff4496\" data-element_type=\"column\">\r\n\t\t\t\t\t<div class=\"elementor-widget-wrap elementor-element-populated\">\r\n\t\t\t\t\t\t\t\t<div class=\"elementor-element elementor-element-2718dbf elementor-widget elementor-widget-porto_ultimate_heading\" data-id=\"2718dbf\" data-element_type=\"widget\" data-widget_type=\"porto_ultimate_heading.default\">\n\t\t\t\t<div class=\"elementor-widget-container\">\n\t\t\t\t\t<div class=\"porto-u-heading  porto-u-55ca8359258f9a412be7e73af65d2aac \"><div class=\"porto-u-main-heading\"><h2   >Logitech No Recoil Macro Nas\u0131l Kurulur<\/h2><\/div><div class=\"porto-u-sub-heading\" style=\"\"><p>Logitech Nas\u0131l Kurulur; <strong>Logitech No Recoil Macros<\/strong> i\u00e7in do\u011fru bir kurulum i\u00e7in videoyu izleyin ve ad\u0131mlar\u0131 tek tek kontrol edin.<\/p><\/div><style>.porto-u-55ca8359258f9a412be7e73af65d2aac.porto-u-heading{text-align:center}<\/style><\/div>\t\t\t\t<\/div>\n\t\t\t\t<\/div>\n\t\t\t\t<div class=\"elementor-element elementor-element-86cb3d5 elementor-widget elementor-widget-porto_ultimate_heading\" data-id=\"86cb3d5\" data-element_type=\"widget\" data-widget_type=\"porto_ultimate_heading.default\">\n\t\t\t\t<div class=\"elementor-widget-container\">\n\t\t\t\t\t<div class=\"porto-u-heading  porto-u-55ca8359258f9a412be7e73af65d2aac \"><div class=\"porto-u-main-heading\"><h2 data-plugin-animated-words data-plugin-options=\"{&quot;startDelay&quot;:0,&quot;minWindowWidth&quot;:0,&quot;animationName&quot;:&quot;fadeIn&quot;,&quot;contentType&quot;:&quot;word&quot;}\"  >Video Talimat\u0131<\/h2><\/div><style>.porto-u-55ca8359258f9a412be7e73af65d2aac.porto-u-heading{text-align:center}<\/style><\/div>\t\t\t\t<\/div>\n\t\t\t\t<\/div>\n\t\t\t\t<div class=\"elementor-element elementor-element-712b7ba elementor-widget elementor-widget-video\" data-id=\"712b7ba\" data-element_type=\"widget\" data-settings=\"{&quot;video_type&quot;:&quot;vimeo&quot;}\" data-widget_type=\"video.default\">\n\t\t\t\t<div class=\"elementor-widget-container\">\n\t\t\t\t\t\t\t<div class=\"elementor-wrapper elementor-open-inline\">\n\t\t\t<iframe class=\"elementor-video-iframe\" allowfullscreen allow=\"clipboard-write\" title=\"vimeo Video Oynat\u0131c\u0131\" src=\"https:\/\/player.vimeo.com\/video\/864201554?color&amp;autopause=0&amp;loop=0&amp;muted=0&amp;title=1&amp;portrait=1&amp;byline=1#t=\"><\/iframe>\t\t<\/div>\n\t\t\t\t\t\t<\/div>\n\t\t\t\t<\/div>\n\t\t\t\t<div class=\"elementor-element elementor-element-044587b elementor-widget elementor-widget-porto_ultimate_heading\" data-id=\"044587b\" data-element_type=\"widget\" data-widget_type=\"porto_ultimate_heading.default\">\n\t\t\t\t<div class=\"elementor-widget-container\">\n\t\t\t\t\t<div class=\"porto-u-heading  porto-u-55ca8359258f9a412be7e73af65d2aac \"><div class=\"porto-u-main-heading\"><h2 data-plugin-animated-words data-plugin-options=\"{&quot;startDelay&quot;:0,&quot;minWindowWidth&quot;:0,&quot;animationName&quot;:&quot;fadeIn&quot;,&quot;contentType&quot;:&quot;word&quot;}\"  >Ad\u0131m Ad\u0131m Kurulum Talimat\u0131<\/h2><\/div><style>.porto-u-55ca8359258f9a412be7e73af65d2aac.porto-u-heading{text-align:center}<\/style><\/div>\t\t\t\t<\/div>\n\t\t\t\t<\/div>\n\t\t\t\t<div class=\"elementor-element elementor-element-ddbaa6e elementor-widget elementor-widget-porto_steps\" data-id=\"ddbaa6e\" data-element_type=\"widget\" data-widget_type=\"porto_steps.default\">\n\t\t\t\t<div class=\"elementor-widget-container\">\n\t\t\t\t\t<section class=\"timeline\"><div class=\"timeline-body\"><div class=\"timeline-date \"><h3 class=\"time-text step-item-subtitle\">ADIM 1<\/h3><\/div><article class=\"timeline-box left\"><div><img decoding=\"async\" src=\"\/\/resource.logitechg.com\/w_316,dpr_1.0\/d_transparent.gif\/content\/dam\/gaming\/en\/navigation\/software-g-hub.png\" class=\"img-responsive\" alt=\"Ad\u0131m 1: G-Hub&#039;\u0131 indirin\"><h4 class=\"timeline-item-title step-item-title\">Ad\u0131m 1: G-Hub&#039;\u0131 indirin<\/h4><div class=\"timeline-item-content\"><p>\u00d6ncelikle sahip olmam\u0131z gerekenler <strong>\n  <a href=\"https:\/\/download01.logi.com\/web\/ftp\/pub\/techsupport\/gaming\/lghub_installer.exe\" target=\"_blank\" rel=\"noopener\">G-Hub y\u00fckl\u00fc.<\/a>\n  <br>\n<\/strong>G-hub'unuzun \u015fu konumda oldu\u011fundan emin olun  <strong>son s\u00fcr\u00fcm. (2022.2.659 ve \u00fczeri)<\/strong><br>G-Hub s\u00fcr\u00fcm\u00fcn\u00fc kontrol etmek i\u00e7in a\u015fa\u011f\u0131daki resimdeki gibi G-Hub Ayarlar\u0131n\u0131za gidin.<\/p><figure id=\"attachment_1628\" aria-describedby=\"caption-attachment-1628\" style=\"width: 760px\" class=\"wp-caption alignnone\"><img fetchpriority=\"high\" decoding=\"async\" class=\"size-full wp-image-1628\" src=\"https:\/\/norecoil.net\/wp-content\/uploads\/2023\/09\/logitech-ghub-check-for-updates.gif\" alt=\"Logitech G-Hub G\u00fcncelleme Kontrol\u00fc\" width=\"760\" height=\"519\"><figcaption id=\"caption-attachment-1628\" class=\"wp-caption-text\">Logitech G-Hub G\u00fcncelleme Kontrol\u00fc<\/figcaption><\/figure><\/div><\/div><\/article><div class=\"timeline-date \"><h3 class=\"time-text step-item-subtitle\">ADIM 2<\/h3><\/div><article class=\"timeline-box right\"><div><h4 class=\"timeline-item-title step-item-title\">Logitech G-Hub ile Geri Tepme Yok Makrosu Nas\u0131l Kurulur?<\/h4><div class=\"timeline-item-content\"><div class=\"fw-row\"><div class=\"sh-column sh-column-7be3fb1e777683ea1c4bb7ab64b159f2 fw-col-xs-12\"><div class=\"sh-column-wrapper\"><div id=\"text-block-f5f5e77495aebb2154811a571e1d001d\" class=\"sh-text-block\"><figure id=\"attachment_1629\" aria-describedby=\"caption-attachment-1629\" style=\"width: 474px\" class=\"wp-caption alignnone\"><img decoding=\"async\" class=\"size-full wp-image-1629\" src=\"https:\/\/norecoil.net\/wp-content\/uploads\/2023\/09\/how-to-check-windows-version.gif\" alt=\"Windows S\u00fcr\u00fcm\u00fcn\u00fcz\u00fc Kontrol Edin\" width=\"474\" height=\"439\"><figcaption id=\"caption-attachment-1629\" class=\"wp-caption-text\">Windows S\u00fcr\u00fcm\u00fcn\u00fcz\u00fc Kontrol Edin<\/figcaption><\/figure><h3><span style=\"font-size: 16px;\">Sonraki ad\u0131mlar beti\u011fimizi y\u00fcklemektir<\/span><\/h3><\/div><\/div><\/div><\/div><div class=\"fw-row\"><div class=\"sh-column sh-column-7be3fb1e777683ea1c4bb7ab64b159f2 fw-col-xs-12\"><div class=\"sh-column-wrapper\"><div id=\"text-block-f2e614b39e4872afb308cdef6d84ff48\" class=\"sh-text-block\"><p>Windows s\u00fcr\u00fcm\u00fcn\u00fcz\u00fc kontrol edin. <strong>WindowsIcon+R<\/strong> tu\u015flar\u0131na bas\u0131n ve <strong>winver<\/strong> yaz\u0131n.<\/p><p><strong>Windows s\u00fcr\u00fcm\u00fcn\u00fcz<\/strong> i\u00e7in olan klas\u00f6r\u00fc se\u00e7in.<br>(Not: Di\u011fer versiyon sizin i\u00e7in daha iyi \u00e7al\u0131\u015fabilir.  <br>Bu y\u00fczden \u00f6nce do\u011fru klas\u00f6r\u00fc deneyin. Do\u011fru \u00e7al\u0131\u015fmazsa di\u011fer s\u00fcr\u00fcm\u00fc deneyin)<\/p><figure id=\"attachment_1632\" aria-describedby=\"caption-attachment-1632\" style=\"width: 393px\" class=\"wp-caption alignnone\"><img decoding=\"async\" class=\"size-full wp-image-1632\" src=\"https:\/\/norecoil.net\/wp-content\/uploads\/2023\/09\/choose-win-version-folder.gif\" alt=\"Windows S\u00fcr\u00fcm\u00fcn\u00fcz i\u00e7in olan Geri Tepme Yok Makro klas\u00f6r\u00fcn\u00fc se\u00e7in\" width=\"393\" height=\"44\"><figcaption id=\"caption-attachment-1632\" class=\"wp-caption-text\">Windows S\u00fcr\u00fcm\u00fcn\u00fcz i\u00e7in olan Geri Tepme Yok Makro klas\u00f6r\u00fcn\u00fc se\u00e7in<\/figcaption><\/figure><p> <\/p><p>Komut dosyas\u0131n\u0131 kopyalay\u0131n (Komut dosyas\u0131 klas\u00f6r\u00fc) ve <strong>yerel<\/strong> bir <strong>s\u00fcr\u00fcc\u00fcye<\/strong> <strong>yap\u0131\u015ft\u0131r\u0131n<\/strong>. <strong><br> (Yaln\u0131zca bir yerel s\u00fcr\u00fcc\u00fcn\u00fcz varsa sorun de\u011fil).<\/strong><\/p><figure id=\"attachment_1631\" aria-describedby=\"caption-attachment-1631\" style=\"width: 435px\" class=\"wp-caption alignnone\"><img loading=\"lazy\" decoding=\"async\" class=\"wp-image-1631 size-full\" src=\"https:\/\/norecoil.net\/wp-content\/uploads\/2023\/09\/Copy-the-Logitech-Lua-script.gif\" alt=\"Logitech Lua Geri Tepme Yok Makro Komut Dosyas\u0131n\u0131 Kopyalama\" width=\"435\" height=\"469\"><figcaption id=\"caption-attachment-1631\" class=\"wp-caption-text\">Logitech Lua Geri Tepme Yok Makro Komut Dosyas\u0131n\u0131 Kopyalama<\/figcaption><\/figure><\/div><\/div><\/div><\/div><\/div><\/div><\/article><div class=\"timeline-date \"><h3 class=\"time-text step-item-subtitle\">Ad\u0131m 3<\/h3><\/div><article class=\"timeline-box left\"><div><h4 class=\"timeline-item-title step-item-title\">Lua Dosyas\u0131n\u0131 Yeniden Adland\u0131r\u0131n<\/h4><div class=\"timeline-item-content\"><figure id=\"attachment_1633\" aria-describedby=\"caption-attachment-1633\" style=\"width: 414px\" class=\"wp-caption alignnone\"><img loading=\"lazy\" decoding=\"async\" class=\"size-full wp-image-1633\" src=\"https:\/\/norecoil.net\/wp-content\/uploads\/2023\/09\/Paste-No-Recoil-Macro-File.gif\" alt=\"Kopyala - Geri Tepme Yok Makro dosyas\u0131n\u0131 yerel diskinize yap\u0131\u015ft\u0131r\u0131n\" width=\"414\" height=\"371\"><figcaption id=\"caption-attachment-1633\" class=\"wp-caption-text\">Kopyala - Geri Tepme Yok Makro dosyas\u0131n\u0131 yerel diskinize yap\u0131\u015ft\u0131r\u0131n<\/figcaption><\/figure><h5>Dosyay\u0131 yerel diskinize kopyalay\u0131p yap\u0131\u015ft\u0131rd\u0131ktan sonra ad\u0131n\u0131 world olarak de\u011fi\u015ftirin<strong>.<\/strong><\/h5><p>(ya da ne isterseniz ama hack, script, hile gibi kelimeler kullanmay\u0131n)<\/p><p> <\/p><figure id=\"attachment_1634\" aria-describedby=\"caption-attachment-1634\" style=\"width: 414px\" class=\"wp-caption alignnone\"><img loading=\"lazy\" decoding=\"async\" class=\"size-full wp-image-1634\" src=\"https:\/\/norecoil.net\/wp-content\/uploads\/2023\/09\/rename-the-no-recoil-macro-file.gif\" alt=\"geri tepme yok makro komut dosyas\u0131n\u0131 yeniden adland\u0131r\u0131n\" width=\"414\" height=\"371\"><figcaption id=\"caption-attachment-1634\" class=\"wp-caption-text\">geri tepme yok makro komut dosyas\u0131n\u0131 yeniden adland\u0131r\u0131n<\/figcaption><\/figure><p>\u015eimdi dosyay\u0131 not defteri ile <strong>a\u00e7\u0131n<\/strong> ve kullanmak istedi\u011finiz silah\u0131n <strong>nil<\/strong> de\u011ferini bir <strong>fare d\u00fc\u011fmesi numaras\u0131yla<\/strong> de\u011fi\u015ftirin <strong>.<br><\/strong>(Logitech g klavyeniz varsa klavye atamas\u0131 i\u00e7in l\u00fctfen <a href=\"https:\/\/norecoil.net\/logitech-g-keyboard-instruction\" target=\"_blank\" rel=\"noopener\">buraya t\u0131klay\u0131n<\/a> )<\/p><figure id=\"attachment_1635\" aria-describedby=\"caption-attachment-1635\" style=\"width: 1090px\" class=\"wp-caption alignnone\"><img loading=\"lazy\" decoding=\"async\" class=\"size-full wp-image-1635\" src=\"https:\/\/norecoil.net\/wp-content\/uploads\/2023\/09\/Mouse-Button-Assignment-for-the-script.gif\" alt=\"Fare D\u00fc\u011fmesi Atamas\u0131. Geri tepmesiz makro atamas\u0131 i\u00e7in kullanabilece\u011finiz d\u00fc\u011fmeler.\" width=\"1090\" height=\"431\"><figcaption id=\"caption-attachment-1635\" class=\"wp-caption-text\">Fare D\u00fc\u011fmesi Atamas\u0131. Geri tepmesiz makro atamas\u0131 i\u00e7in kullanabilece\u011finiz d\u00fc\u011fmeler.<\/figcaption><\/figure><p>Silah atamas\u0131n\u0131 yapt\u0131ktan sonra komut dosyas\u0131n\u0131 kaydedin ve a\u015fa\u011f\u0131daki kod sat\u0131r\u0131n\u0131 <strong>kopyalay\u0131n<\/strong>:<\/p><p><strong>veri = dofile[[D:\\world .lua]]  <\/strong><\/p><p><strong>Logitech G-Hub<\/strong> '\u0131 <strong>y\u00f6netici olarak<\/strong> a\u00e7\u0131n ve<strong>\"Profil<\/strong>\" b\u00f6l\u00fcm\u00fcne t\u0131klay\u0131n (A\u015fa\u011f\u0131daki resme bak\u0131n)<\/p><figure id=\"attachment_1636\" aria-describedby=\"caption-attachment-1636\" style=\"width: 600px\" class=\"wp-caption alignnone\"><img loading=\"lazy\" decoding=\"async\" class=\"size-full wp-image-1636\" src=\"https:\/\/norecoil.net\/wp-content\/uploads\/2023\/09\/11.jpg\" alt=\"Logitech G-Hub Profili\" width=\"600\" height=\"419\" srcset=\"https:\/\/norecoil.net\/wp-content\/uploads\/2023\/09\/11.jpg 600w, https:\/\/norecoil.net\/wp-content\/uploads\/2023\/09\/11-400x279.jpg 400w\" sizes=\"(max-width: 600px) 100vw, 600px\" \/><figcaption id=\"caption-attachment-1636\" class=\"wp-caption-text\">Logitech G-Hub Profili<\/figcaption><\/figure><h5>Sol alt tarafa gidin ve<strong>\"<\/strong>Komut Dosyas\u0131\" \u00fczerine t\u0131klay\u0131n<\/h5><figure id=\"attachment_1638\" aria-describedby=\"caption-attachment-1638\" style=\"width: 834px\" class=\"wp-caption alignnone\"><img loading=\"lazy\" decoding=\"async\" class=\"size-full wp-image-1638\" src=\"https:\/\/norecoil.net\/wp-content\/uploads\/2023\/09\/logitech-g-hub-scripting.jpg\" alt=\"Geri Tepme Yok Makrosu i\u00e7in Logitech G-Hub Komut Dosyas\u0131 b\u00f6l\u00fcm\u00fc\" width=\"834\" height=\"557\" srcset=\"https:\/\/norecoil.net\/wp-content\/uploads\/2023\/09\/logitech-g-hub-scripting.jpg 834w, https:\/\/norecoil.net\/wp-content\/uploads\/2023\/09\/logitech-g-hub-scripting-600x401.jpg 600w, https:\/\/norecoil.net\/wp-content\/uploads\/2023\/09\/logitech-g-hub-scripting-768x513.jpg 768w, https:\/\/norecoil.net\/wp-content\/uploads\/2023\/09\/logitech-g-hub-scripting-640x427.jpg 640w, https:\/\/norecoil.net\/wp-content\/uploads\/2023\/09\/logitech-g-hub-scripting-400x267.jpg 400w\" sizes=\"(max-width: 834px) 100vw, 834px\" \/><figcaption id=\"caption-attachment-1638\" class=\"wp-caption-text\">Geri Tepme Yok Makrosu i\u00e7in Logitech G-Hub Komut Dosyas\u0131 b\u00f6l\u00fcm\u00fc<\/figcaption><\/figure><p>Yeni bir <strong>Lua Script<\/strong> hesab\u0131 olu\u015fturmak i\u00e7in mavi d\u00fc\u011fmeye bas\u0131n.<\/p><figure id=\"attachment_1639\" aria-describedby=\"caption-attachment-1639\" style=\"width: 865px\" class=\"wp-caption alignnone\"><img loading=\"lazy\" decoding=\"async\" class=\"size-full wp-image-1639\" src=\"https:\/\/norecoil.net\/wp-content\/uploads\/2023\/09\/create-new-lua-file.jpg\" alt=\"Logitech G-Hub Geri Tepme Yok Makrosu i\u00e7in yeni Lua Komut Dosyas\u0131 Olu\u015fturma\" width=\"865\" height=\"615\" srcset=\"https:\/\/norecoil.net\/wp-content\/uploads\/2023\/09\/create-new-lua-file.jpg 865w, https:\/\/norecoil.net\/wp-content\/uploads\/2023\/09\/create-new-lua-file-600x427.jpg 600w, https:\/\/norecoil.net\/wp-content\/uploads\/2023\/09\/create-new-lua-file-768x546.jpg 768w, https:\/\/norecoil.net\/wp-content\/uploads\/2023\/09\/create-new-lua-file-640x455.jpg 640w, https:\/\/norecoil.net\/wp-content\/uploads\/2023\/09\/create-new-lua-file-400x284.jpg 400w\" sizes=\"(max-width: 865px) 100vw, 865px\" \/><figcaption id=\"caption-attachment-1639\" class=\"wp-caption-text\">Logitech G-Hub Geri Tepme Yok Makrosu i\u00e7in yeni Lua Komut Dosyas\u0131 Olu\u015fturma<\/figcaption><\/figure><p>T\u00fcm kodlar\u0131 silin ve kopyalad\u0131\u011f\u0131m\u0131z <strong>kod sat\u0131r\u0131n\u0131<\/strong> <strong>yap\u0131\u015ft\u0131r\u0131n<\/strong>.<\/p><\/div><\/div><\/article><div class=\"timeline-date \"><h3 class=\"time-text step-item-subtitle\">Ad\u0131m 4<\/h3><\/div><article class=\"timeline-box right\"><div><h4 class=\"timeline-item-title step-item-title\">Son Ad\u0131m Lua Dosyas\u0131n\u0131 G-Hub&#039;a Kaydetme<\/h4><div class=\"timeline-item-content\"><figure id=\"attachment_1640\" aria-describedby=\"caption-attachment-1640\" style=\"width: 918px\" class=\"wp-caption alignnone\"><img loading=\"lazy\" decoding=\"async\" class=\"size-full wp-image-1640\" src=\"https:\/\/norecoil.net\/wp-content\/uploads\/2023\/09\/copy-paste-lua-code-line.gif\" alt=\"Lua Komut Dosyas\u0131 kod sat\u0131r\u0131n\u0131 Logitech G-Hub'a yap\u0131\u015ft\u0131r\u0131n\" width=\"918\" height=\"439\"><figcaption id=\"caption-attachment-1640\" class=\"wp-caption-text\">Lua Komut Dosyas\u0131 kod sat\u0131r\u0131n\u0131 Logitech G-Hub'a yap\u0131\u015ft\u0131r\u0131n<\/figcaption><\/figure><p>\u015eimdi, komut dosyas\u0131n\u0131 farkl\u0131 bir yerel s\u00fcr\u00fcc\u00fc harfine eklerseniz kod sat\u0131r\u0131n\u0131 de\u011fi\u015ftirin. \u00d6rne\u011fin, kodu kopyalay\u0131p yap\u0131\u015ft\u0131r\u0131rsan\u0131z yerel s\u00fcr\u00fcc\u00fc <strong>C<\/strong>: <strong><br> Kod sat\u0131r\u0131ndan D:'yi a\u015fa\u011f\u0131daki gibi C: olarak de\u011fi\u015ftirin<\/strong><\/p><p><strong>veri = dofile[[C:\\world .lua]]<\/strong><\/p><p>Dosya ad\u0131 i\u00e7in de ayn\u0131. Farkl\u0131 bir dosya ad\u0131 verirseniz onu da de\u011fi\u015ftirin. (.lua dosya format\u0131d\u0131r, silmeyin)<\/p><p>\u015eimdi <strong>ctrl+s<\/strong> ile kaydedin<br>Atad\u0131\u011f\u0131n\u0131z fare d\u00fc\u011fmesine basarak \u015funlar\u0131 yapabilirsiniz<br>\u015eimdi silah\u0131 etkinle\u015ftirin.<\/p><h5>Son ad\u0131m profilimizin persistant olarak ayarland\u0131\u011f\u0131n\u0131 kontrol etmektir.<\/h5><p>Profilinizin Ayr\u0131nt\u0131lar\u0131na gidin ve de\u011filse Kal\u0131c\u0131 olarak ayarlamak i\u00e7in d\u00fc\u011fmeye bas\u0131n.<\/p><figure id=\"attachment_1641\" aria-describedby=\"caption-attachment-1641\" style=\"width: 1123px\" class=\"wp-caption alignnone\"><img loading=\"lazy\" decoding=\"async\" class=\"size-full wp-image-1641\" src=\"https:\/\/norecoil.net\/wp-content\/uploads\/2023\/09\/set-your-profile-as-persistent.gif\" alt=\"G-Hub Profilinizi Kal\u0131c\u0131 olarak ayarlay\u0131n\" width=\"1123\" height=\"777\"><figcaption id=\"caption-attachment-1641\" class=\"wp-caption-text\">G-Hub Profilinizi Kal\u0131c\u0131 olarak ayarlay\u0131n<\/figcaption><\/figure><p><strong>Logitech G Klavyeniz<\/strong> varsa <a href=\"\/logitech-g-keyboard-instruction\">\n  <span style=\"text-decoration: underline;\">Buraya t\u0131klay\u0131n<\/span>\n<\/a> bu talimat i\u00e7in.<\/p><p><strong>Bu kadar! \u0130yi e\u011flenceler!<\/strong><\/p><\/div><\/div><\/article><\/div><\/section>\t\t\t\t<\/div>\n\t\t\t\t<\/div>\n\t\t\t\t\t<\/div>\r\n\t\t\t\t<\/div>\r\n\t\t\t\t\t<\/div>\r\n\t\t\t\t<\/section>\r\n\t\t\t\t<\/div>\n\t\t","protected":false},"excerpt":{"rendered":"<p>Logitech No Recoil Macro Nas\u0131l Kurulur Logitech Nas\u0131l Kurulur; Logitech No Recoil Macros i\u00e7in do\u011fru bir kurulum i\u00e7in videoyu izleyin ve ad\u0131mlar\u0131 tek tek kontrol edin. Video Talimat\u0131 Ad\u0131m Ad\u0131m Kurulum Talimat\u0131 ADIM 1 Ad\u0131m 1: G-Hub&#039;\u0131 indirin \u00d6ncelikle sahip olmam\u0131z gerekenler G-Hub y\u00fckl\u00fc. G-hub&#8217;unuzun \u015fu konumda oldu\u011fundan emin olun son s\u00fcr\u00fcm. (2022.2.659 ve \u00fczeri)G-Hub [&hellip;]<\/p>\n","protected":false},"author":1,"featured_media":3542,"parent":0,"menu_order":0,"comment_status":"open","ping_status":"closed","template":"","meta":{"_acf_changed":false,"content-type":"","cybocfi_hide_featured_image":"","footnotes":""},"class_list":["post-5729","page","type-page","status-publish","has-post-thumbnail","hentry"],"acf":[],"yoast_head":"<!-- This site is optimized with the Yoast SEO Premium plugin v21.1 (Yoast SEO v21.1) - https:\/\/yoast.com\/wordpress\/plugins\/seo\/ -->\n<title>Logitech No Recoil Macro Nas\u0131l Kurulur<\/title>\n<meta name=\"description\" content=\"Logitech G-Hub i\u00e7in Logitech Geri Tepme Yok Makrosu Nas\u0131l Kurulur? Video ile herhangi bir Lua Scripti talimat\u0131 i\u00e7in Geri Tepme Makrosu Kurulumu yok.\" \/>\n<meta name=\"robots\" content=\"index, follow, max-snippet:-1, max-image-preview:large, max-video-preview:-1\" \/>\n<link rel=\"canonical\" href=\"https:\/\/norecoil.net\/tr\/logitech-no-recoil-macro-nasil-kurulur\/\" \/>\n<meta property=\"og:locale\" content=\"tr_TR\" \/>\n<meta property=\"og:type\" content=\"article\" \/>\n<meta property=\"og:title\" content=\"Logitech No Recoil Macro Nas\u0131l Kurulur\" \/>\n<meta property=\"og:description\" content=\"Logitech G-Hub i\u00e7in Logitech Geri Tepme Yok Makrosu Nas\u0131l Kurulur? Video ile herhangi bir Lua Scripti talimat\u0131 i\u00e7in Geri Tepme Makrosu Kurulumu yok.\" \/>\n<meta property=\"og:url\" content=\"https:\/\/norecoil.net\/tr\/logitech-no-recoil-macro-nasil-kurulur\/\" \/>\n<meta property=\"og:site_name\" content=\"NoRecoil.Net\" \/>\n<meta property=\"article:modified_time\" content=\"2024-02-28T15:02:18+00:00\" \/>\n<meta property=\"og:image\" content=\"https:\/\/norecoil.net\/wp-content\/uploads\/2023\/09\/how-to-install-logitech-no-recoil-macro.webp\" \/>\n\t<meta property=\"og:image:width\" content=\"1200\" \/>\n\t<meta property=\"og:image:height\" content=\"675\" \/>\n\t<meta property=\"og:image:type\" content=\"image\/webp\" \/>\n<meta name=\"twitter:card\" content=\"summary_large_image\" \/>\n<meta name=\"twitter:label1\" content=\"Tahmini okuma s\u00fcresi\" \/>\n\t<meta name=\"twitter:data1\" content=\"3 dakika\" \/>\n<script type=\"application\/ld+json\" class=\"yoast-schema-graph\">{\"@context\":\"https:\/\/schema.org\",\"@graph\":[{\"@type\":\"WebPage\",\"@id\":\"https:\/\/norecoil.net\/tr\/logitech-no-recoil-macro-nasil-kurulur\/\",\"url\":\"https:\/\/norecoil.net\/tr\/logitech-no-recoil-macro-nasil-kurulur\/\",\"name\":\"Logitech No Recoil Macro Nas\u0131l Kurulur\",\"isPartOf\":{\"@id\":\"https:\/\/norecoil.net\/tr\/#website\"},\"datePublished\":\"2023-09-13T22:42:35+00:00\",\"dateModified\":\"2024-02-28T15:02:18+00:00\",\"description\":\"Logitech G-Hub i\u00e7in Logitech Geri Tepme Yok Makrosu Nas\u0131l Kurulur? Video ile herhangi bir Lua Scripti talimat\u0131 i\u00e7in Geri Tepme Makrosu Kurulumu yok.\",\"breadcrumb\":{\"@id\":\"https:\/\/norecoil.net\/tr\/logitech-no-recoil-macro-nasil-kurulur\/#breadcrumb\"},\"inLanguage\":\"tr\",\"potentialAction\":[{\"@type\":\"ReadAction\",\"target\":[\"https:\/\/norecoil.net\/tr\/logitech-no-recoil-macro-nasil-kurulur\/\"]}]},{\"@type\":\"BreadcrumbList\",\"@id\":\"https:\/\/norecoil.net\/tr\/logitech-no-recoil-macro-nasil-kurulur\/#breadcrumb\",\"itemListElement\":[{\"@type\":\"ListItem\",\"position\":1,\"name\":\"Home\",\"item\":\"https:\/\/norecoil.net\/tr\/norecoil-net\/\"},{\"@type\":\"ListItem\",\"position\":2,\"name\":\"Logitech No Recoil Macro Nas\u0131l Kurulur\"}]},{\"@type\":\"WebSite\",\"@id\":\"https:\/\/norecoil.net\/tr\/#website\",\"url\":\"https:\/\/norecoil.net\/tr\/\",\"name\":\"NoRecoil.Net\",\"description\":\"\",\"potentialAction\":[{\"@type\":\"SearchAction\",\"target\":{\"@type\":\"EntryPoint\",\"urlTemplate\":\"https:\/\/norecoil.net\/tr\/?s={search_term_string}\"},\"query-input\":\"required name=search_term_string\"}],\"inLanguage\":\"tr\"}]}<\/script>\n<!-- \/ Yoast SEO Premium plugin. -->","yoast_head_json":{"title":"Logitech No Recoil Macro Nas\u0131l Kurulur","description":"Logitech G-Hub i\u00e7in Logitech Geri Tepme Yok Makrosu Nas\u0131l Kurulur? Video ile herhangi bir Lua Scripti talimat\u0131 i\u00e7in Geri Tepme Makrosu Kurulumu yok.","robots":{"index":"index","follow":"follow","max-snippet":"max-snippet:-1","max-image-preview":"max-image-preview:large","max-video-preview":"max-video-preview:-1"},"canonical":"https:\/\/norecoil.net\/tr\/logitech-no-recoil-macro-nasil-kurulur\/","og_locale":"tr_TR","og_type":"article","og_title":"Logitech No Recoil Macro Nas\u0131l Kurulur","og_description":"Logitech G-Hub i\u00e7in Logitech Geri Tepme Yok Makrosu Nas\u0131l Kurulur? Video ile herhangi bir Lua Scripti talimat\u0131 i\u00e7in Geri Tepme Makrosu Kurulumu yok.","og_url":"https:\/\/norecoil.net\/tr\/logitech-no-recoil-macro-nasil-kurulur\/","og_site_name":"NoRecoil.Net","article_modified_time":"2024-02-28T15:02:18+00:00","og_image":[{"width":1200,"height":675,"url":"https:\/\/norecoil.net\/wp-content\/uploads\/2023\/09\/how-to-install-logitech-no-recoil-macro.webp","type":"image\/webp"}],"twitter_card":"summary_large_image","twitter_misc":{"Tahmini okuma s\u00fcresi":"3 dakika"},"schema":{"@context":"https:\/\/schema.org","@graph":[{"@type":"WebPage","@id":"https:\/\/norecoil.net\/tr\/logitech-no-recoil-macro-nasil-kurulur\/","url":"https:\/\/norecoil.net\/tr\/logitech-no-recoil-macro-nasil-kurulur\/","name":"Logitech No Recoil Macro Nas\u0131l Kurulur","isPartOf":{"@id":"https:\/\/norecoil.net\/tr\/#website"},"datePublished":"2023-09-13T22:42:35+00:00","dateModified":"2024-02-28T15:02:18+00:00","description":"Logitech G-Hub i\u00e7in Logitech Geri Tepme Yok Makrosu Nas\u0131l Kurulur? Video ile herhangi bir Lua Scripti talimat\u0131 i\u00e7in Geri Tepme Makrosu Kurulumu yok.","breadcrumb":{"@id":"https:\/\/norecoil.net\/tr\/logitech-no-recoil-macro-nasil-kurulur\/#breadcrumb"},"inLanguage":"tr","potentialAction":[{"@type":"ReadAction","target":["https:\/\/norecoil.net\/tr\/logitech-no-recoil-macro-nasil-kurulur\/"]}]},{"@type":"BreadcrumbList","@id":"https:\/\/norecoil.net\/tr\/logitech-no-recoil-macro-nasil-kurulur\/#breadcrumb","itemListElement":[{"@type":"ListItem","position":1,"name":"Home","item":"https:\/\/norecoil.net\/tr\/norecoil-net\/"},{"@type":"ListItem","position":2,"name":"Logitech No Recoil Macro Nas\u0131l Kurulur"}]},{"@type":"WebSite","@id":"https:\/\/norecoil.net\/tr\/#website","url":"https:\/\/norecoil.net\/tr\/","name":"NoRecoil.Net","description":"","potentialAction":[{"@type":"SearchAction","target":{"@type":"EntryPoint","urlTemplate":"https:\/\/norecoil.net\/tr\/?s={search_term_string}"},"query-input":"required name=search_term_string"}],"inLanguage":"tr"}]}},"_links":{"self":[{"href":"https:\/\/norecoil.net\/tr\/wp-json\/wp\/v2\/pages\/5729","targetHints":{"allow":["GET"]}}],"collection":[{"href":"https:\/\/norecoil.net\/tr\/wp-json\/wp\/v2\/pages"}],"about":[{"href":"https:\/\/norecoil.net\/tr\/wp-json\/wp\/v2\/types\/page"}],"author":[{"embeddable":true,"href":"https:\/\/norecoil.net\/tr\/wp-json\/wp\/v2\/users\/1"}],"replies":[{"embeddable":true,"href":"https:\/\/norecoil.net\/tr\/wp-json\/wp\/v2\/comments?post=5729"}],"version-history":[{"count":0,"href":"https:\/\/norecoil.net\/tr\/wp-json\/wp\/v2\/pages\/5729\/revisions"}],"wp:featuredmedia":[{"embeddable":true,"href":"https:\/\/norecoil.net\/tr\/wp-json\/wp\/v2\/media\/3542"}],"wp:attachment":[{"href":"https:\/\/norecoil.net\/tr\/wp-json\/wp\/v2\/media?parent=5729"}],"curies":[{"name":"wp","href":"https:\/\/api.w.org\/{rel}","templated":true}]}}