{"id":5693,"date":"2020-07-25T10:22:35","date_gmt":"2020-07-25T10:22:35","guid":{"rendered":"https:\/\/norecoil.net\/istek-listesi\/"},"modified":"2024-02-28T14:14:39","modified_gmt":"2024-02-28T14:14:39","slug":"istek-listesi","status":"publish","type":"page","link":"https:\/\/norecoil.net\/tr\/istek-listesi\/","title":{"rendered":"\u0130stek Listesi"},"content":{"rendered":"\n\n\n\n<form\n\tid=\"yith-wcwl-form\"\n\taction=\"https:\/\/norecoil.net\/tr\/istek-listesi\/\"\n\tmethod=\"post\"\n\tclass=\"woocommerce yith-wcwl-form wishlist-fragment\"\n\tdata-fragment-options=\"{&quot;per_page&quot;:5,&quot;current_page&quot;:1,&quot;pagination&quot;:&quot;no&quot;,&quot;wishlist_id&quot;:false,&quot;action_params&quot;:false,&quot;no_interactions&quot;:false,&quot;layout&quot;:&quot;&quot;,&quot;wishlist&quot;:false,&quot;is_default&quot;:true,&quot;is_custom_list&quot;:false,&quot;wishlist_token&quot;:&quot;&quot;,&quot;is_private&quot;:false,&quot;count&quot;:0,&quot;page_title&quot;:&quot;My wishlist&quot;,&quot;default_wishlsit_title&quot;:&quot;My wishlist&quot;,&quot;page_links&quot;:false,&quot;is_user_logged_in&quot;:false,&quot;is_user_owner&quot;:true,&quot;can_user_edit_title&quot;:false,&quot;show_price&quot;:true,&quot;show_dateadded&quot;:false,&quot;show_stock_status&quot;:true,&quot;show_add_to_cart&quot;:true,&quot;show_remove_product&quot;:true,&quot;add_to_cart_text&quot;:&quot;Add to cart&quot;,&quot;show_ask_estimate_button&quot;:false,&quot;ask_estimate_url&quot;:&quot;&quot;,&quot;price_excl_tax&quot;:true,&quot;show_cb&quot;:false,&quot;show_quantity&quot;:false,&quot;show_variation&quot;:false,&quot;show_price_variations&quot;:false,&quot;show_update&quot;:false,&quot;enable_drag_n_drop&quot;:false,&quot;enable_add_all_to_cart&quot;:false,&quot;move_to_another_wishlist&quot;:false,&quot;repeat_remove_button&quot;:false,&quot;show_last_column&quot;:true,&quot;heading_icon&quot;:&quot;&lt;i class=\\&quot;fa fa-heart-o\\&quot;&gt;&lt;\\\/i&gt;&quot;,&quot;share_enabled&quot;:false,&quot;template_part&quot;:&quot;view&quot;,&quot;additional_info&quot;:false,&quot;available_multi_wishlist&quot;:false,&quot;form_action&quot;:&quot;https:\\\/\\\/norecoil.net\\\/tr\\\/istek-listesi\\\/&quot;,&quot;item&quot;:&quot;wishlist&quot;}\"\n>\n\n\t<!-- TITLE -->\n\t<div class=\"align-left mt-3\"><div class=\"box-content\">\t\t<div class=\"wishlist-title-container\">\n\t\t\t<div class=\"wishlist-title \">\n\t\t\t\t<h2>My wishlist<\/h2>\t\t\t\t\t\t\t<\/div>\n\t\t\t\t\t<\/div>\n\t\t\n\r\n<!-- WISHLIST TABLE -->\r\n<table class=\"shop_table cart wishlist_table wishlist_view traditional responsive \" data-pagination=\"no\" data-per-page=\"5\" data-page=\"1\" data-id=\"\" data-token=\"\">\r\n\r\n\t\r\n\t<thead class=\"d-none\">\r\n\t<tr>\r\n\t\t\r\n\t\t\t\t\r\n\t\t<th class=\"product-thumbnail\"><\/th>\r\n\r\n\t\t<th class=\"product-name\">\r\n\t\t\t<span class=\"nobr\">\r\n\t\t\t\t\u00dcr\u00fcn\t\t\t<\/span>\r\n\t\t<\/th>\r\n\r\n\t\t\t\t\t<th class=\"product-price\">\r\n\t\t\t\t<span class=\"nobr\">\r\n\t\t\t\t\tFiyat\t\t\t\t<\/span>\r\n\t\t\t<\/th>\r\n\t\t\r\n\t\t\r\n\t\t\t\t\t<th class=\"product-stock-status\">\r\n\t\t\t\t<span class=\"nobr\">\r\n\t\t\t\t\tStock status\t\t\t\t<\/span>\r\n\t\t\t<\/th>\r\n\t\t\r\n\t\t\t\t\t<th class=\"product-add-to-cart\">\r\n\t\t\t\t<span class=\"nobr\">\r\n\t\t\t\t\tEylemler\t\t\t\t<\/span>\r\n\t\t\t<\/th>\r\n\t\t\r\n\t\t\t<\/tr>\r\n\t<\/thead>\r\n\r\n\t<tbody class=\"wishlist-items-wrapper\">\r\n\t\t\t<tr class=\"border-0 py-0\">\r\n\t\t\t<td colspan=\"6\" class=\"px-3 py-4 text-center\"><i class=\"far fa-heart wishlist-empty\"><\/i><\/td>\r\n\t\t<\/tr>\r\n\t\t<tr class=\"border-0 py-0\">\r\n\t\t\t<td colspan=\"6\" class=\"px-3 py-2 wishlist-empty\">No products added to the wishlist<\/td>\r\n\t\t<\/tr>\r\n\t\t<tr class=\"border-0 py-0\">\r\n\t\t\t<td colspan=\"6\" class=\"px-3 text-center\">\r\n\t\t\t\t<a class=\"woocommerce-Button button btn-v-dark btn-go-shop\" href=\"https:\/\/norecoil.net\/tr\/shop-2\/\">\r\n\t\t\t\t\tAl\u0131\u015fveri\u015fe git\t\t\t\t<\/a>\r\n\t\t\t<\/td>\r\n\t\t<\/tr>\r\n\t\t\t<\/tbody>\r\n\r\n<\/table>\r\n\n\t<div class=\"yith_wcwl_wishlist_footer\">\n\t\t\n\n\t\t\n\n\t\t\n\t\t\t<\/div>\n\n\t<input type=\"hidden\" id=\"yith_wcwl_edit_wishlist\" name=\"yith_wcwl_edit_wishlist\" value=\"b0c72bc12a\" \/><input type=\"hidden\" name=\"_wp_http_referer\" value=\"\/tr\/wp-json\/wp\/v2\/pages\/5693\" \/>\t<input type=\"hidden\" value=\"\" name=\"wishlist_id\" id=\"wishlist_id\">\n\n\t<\/div><\/div>\n<\/form>\n\n\n\n\n","protected":false},"excerpt":{"rendered":"My wishlist \u00dcr\u00fcn Fiyat Stock status Eylemler No products added to the wishlist Al\u0131\u015fveri\u015fe git","protected":false},"author":1,"featured_media":0,"parent":0,"menu_order":0,"comment_status":"closed","ping_status":"closed","template":"","meta":{"_acf_changed":false,"content-type":"","cybocfi_hide_featured_image":"","footnotes":""},"class_list":["post-5693","page","type-page","status-publish","hentry"],"acf":[],"yoast_head":"<!-- This site is optimized with the Yoast SEO Premium plugin v21.1 (Yoast SEO v21.1) - https:\/\/yoast.com\/wordpress\/plugins\/seo\/ -->\n<title>\u0130stek Listesi - NoRecoil.Net<\/title>\n<meta name=\"robots\" content=\"index, follow, max-snippet:-1, max-image-preview:large, max-video-preview:-1\" \/>\n<link rel=\"canonical\" href=\"https:\/\/norecoil.net\/tr\/istek-listesi\/\" \/>\n<meta property=\"og:locale\" content=\"tr_TR\" \/>\n<meta property=\"og:type\" content=\"article\" \/>\n<meta property=\"og:title\" content=\"\u0130stek Listesi\" \/>\n<meta property=\"og:url\" content=\"https:\/\/norecoil.net\/tr\/istek-listesi\/\" \/>\n<meta property=\"og:site_name\" content=\"NoRecoil.Net\" \/>\n<meta property=\"article:modified_time\" content=\"2024-02-28T14:14:39+00:00\" \/>\n<meta name=\"twitter:card\" content=\"summary_large_image\" \/>\n<script type=\"application\/ld+json\" class=\"yoast-schema-graph\">{\"@context\":\"https:\/\/schema.org\",\"@graph\":[{\"@type\":\"WebPage\",\"@id\":\"https:\/\/norecoil.net\/tr\/istek-listesi\/\",\"url\":\"https:\/\/norecoil.net\/tr\/istek-listesi\/\",\"name\":\"\u0130stek Listesi - NoRecoil.Net\",\"isPartOf\":{\"@id\":\"https:\/\/norecoil.net\/tr\/#website\"},\"datePublished\":\"2020-07-25T10:22:35+00:00\",\"dateModified\":\"2024-02-28T14:14:39+00:00\",\"breadcrumb\":{\"@id\":\"https:\/\/norecoil.net\/tr\/istek-listesi\/#breadcrumb\"},\"inLanguage\":\"tr\",\"potentialAction\":[{\"@type\":\"ReadAction\",\"target\":[\"https:\/\/norecoil.net\/tr\/istek-listesi\/\"]}]},{\"@type\":\"BreadcrumbList\",\"@id\":\"https:\/\/norecoil.net\/tr\/istek-listesi\/#breadcrumb\",\"itemListElement\":[{\"@type\":\"ListItem\",\"position\":1,\"name\":\"Home\",\"item\":\"https:\/\/norecoil.net\/tr\/norecoil-net\/\"},{\"@type\":\"ListItem\",\"position\":2,\"name\":\"\u0130stek Listesi\"}]},{\"@type\":\"WebSite\",\"@id\":\"https:\/\/norecoil.net\/tr\/#website\",\"url\":\"https:\/\/norecoil.net\/tr\/\",\"name\":\"NoRecoil.Net\",\"description\":\"\",\"potentialAction\":[{\"@type\":\"SearchAction\",\"target\":{\"@type\":\"EntryPoint\",\"urlTemplate\":\"https:\/\/norecoil.net\/tr\/?s={search_term_string}\"},\"query-input\":\"required name=search_term_string\"}],\"inLanguage\":\"tr\"}]}<\/script>\n<!-- \/ Yoast SEO Premium plugin. -->","yoast_head_json":{"title":"\u0130stek Listesi - NoRecoil.Net","robots":{"index":"index","follow":"follow","max-snippet":"max-snippet:-1","max-image-preview":"max-image-preview:large","max-video-preview":"max-video-preview:-1"},"canonical":"https:\/\/norecoil.net\/tr\/istek-listesi\/","og_locale":"tr_TR","og_type":"article","og_title":"\u0130stek Listesi","og_url":"https:\/\/norecoil.net\/tr\/istek-listesi\/","og_site_name":"NoRecoil.Net","article_modified_time":"2024-02-28T14:14:39+00:00","twitter_card":"summary_large_image","schema":{"@context":"https:\/\/schema.org","@graph":[{"@type":"WebPage","@id":"https:\/\/norecoil.net\/tr\/istek-listesi\/","url":"https:\/\/norecoil.net\/tr\/istek-listesi\/","name":"\u0130stek Listesi - NoRecoil.Net","isPartOf":{"@id":"https:\/\/norecoil.net\/tr\/#website"},"datePublished":"2020-07-25T10:22:35+00:00","dateModified":"2024-02-28T14:14:39+00:00","breadcrumb":{"@id":"https:\/\/norecoil.net\/tr\/istek-listesi\/#breadcrumb"},"inLanguage":"tr","potentialAction":[{"@type":"ReadAction","target":["https:\/\/norecoil.net\/tr\/istek-listesi\/"]}]},{"@type":"BreadcrumbList","@id":"https:\/\/norecoil.net\/tr\/istek-listesi\/#breadcrumb","itemListElement":[{"@type":"ListItem","position":1,"name":"Home","item":"https:\/\/norecoil.net\/tr\/norecoil-net\/"},{"@type":"ListItem","position":2,"name":"\u0130stek Listesi"}]},{"@type":"WebSite","@id":"https:\/\/norecoil.net\/tr\/#website","url":"https:\/\/norecoil.net\/tr\/","name":"NoRecoil.Net","description":"","potentialAction":[{"@type":"SearchAction","target":{"@type":"EntryPoint","urlTemplate":"https:\/\/norecoil.net\/tr\/?s={search_term_string}"},"query-input":"required name=search_term_string"}],"inLanguage":"tr"}]}},"_links":{"self":[{"href":"https:\/\/norecoil.net\/tr\/wp-json\/wp\/v2\/pages\/5693","targetHints":{"allow":["GET"]}}],"collection":[{"href":"https:\/\/norecoil.net\/tr\/wp-json\/wp\/v2\/pages"}],"about":[{"href":"https:\/\/norecoil.net\/tr\/wp-json\/wp\/v2\/types\/page"}],"author":[{"embeddable":true,"href":"https:\/\/norecoil.net\/tr\/wp-json\/wp\/v2\/users\/1"}],"replies":[{"embeddable":true,"href":"https:\/\/norecoil.net\/tr\/wp-json\/wp\/v2\/comments?post=5693"}],"version-history":[{"count":0,"href":"https:\/\/norecoil.net\/tr\/wp-json\/wp\/v2\/pages\/5693\/revisions"}],"wp:attachment":[{"href":"https:\/\/norecoil.net\/tr\/wp-json\/wp\/v2\/media?parent=5693"}],"curies":[{"name":"wp","href":"https:\/\/api.w.org\/{rel}","templated":true}]}}