{"id":5981,"date":"2023-09-21T10:11:24","date_gmt":"2023-09-21T10:11:24","guid":{"rendered":"https:\/\/norecoil.net\/como-instalar-o-corsair-no-recoil-macro\/"},"modified":"2024-02-28T15:04:04","modified_gmt":"2024-02-28T15:04:04","slug":"como-instalar-o-corsair-no-recoil-macro","status":"publish","type":"page","link":"https:\/\/norecoil.net\/pt-br\/como-instalar-o-corsair-no-recoil-macro\/","title":{"rendered":"Como instalar o Corsair No Recoil Macro"},"content":{"rendered":"\t\t<div data-elementor-type=\"wp-page\" data-elementor-id=\"5981\" class=\"elementor elementor-5981 elementor-1745\">\n\t\t\t\t\t\t<section class=\"elementor-section elementor-top-section elementor-element elementor-element-007144e elementor-section-boxed elementor-section-height-default elementor-section-height-default\" data-id=\"007144e\" data-element_type=\"section\">\r\n\t\t\r\n\t\t\t\t\t\t\t<div class=\"elementor-container elementor-column-gap-default\">\r\n\t\t\t\t\t\t\t\t\t\t\t<div class=\"elementor-column elementor-col-100 elementor-top-column elementor-element elementor-element-aff4496 mx-auto\" data-id=\"aff4496\" data-element_type=\"column\">\r\n\t\t\t\t\t<div class=\"elementor-widget-wrap elementor-element-populated\">\r\n\t\t\t\t\t\t\t\t<div class=\"elementor-element elementor-element-2718dbf elementor-widget elementor-widget-porto_ultimate_heading\" data-id=\"2718dbf\" data-element_type=\"widget\" data-widget_type=\"porto_ultimate_heading.default\">\n\t\t\t\t<div class=\"elementor-widget-container\">\n\t\t\t\t\t<div class=\"porto-u-heading  porto-u-55ca8359258f9a412be7e73af65d2aac \"><div class=\"porto-u-main-heading\"><h2   >Como instalar o Corsair No Recoil Macro<\/h2><\/div><div class=\"porto-u-sub-heading\" style=\"\"><p>Como instalar o <strong>Corsair No Recoil Macro<\/strong>; assista ao v\u00eddeo e verifique as etapas, uma a uma, para uma instala\u00e7\u00e3o correta.  <br><strong>Macro Script Corsair No Recoil ICue 3, ICue 4 e ICue 5.<\/strong><\/p><\/div><style>.porto-u-55ca8359258f9a412be7e73af65d2aac.porto-u-heading{text-align:center}<\/style><\/div>\t\t\t\t<\/div>\n\t\t\t\t<\/div>\n\t\t\t\t<div class=\"elementor-element elementor-element-86cb3d5 elementor-widget elementor-widget-porto_ultimate_heading\" data-id=\"86cb3d5\" data-element_type=\"widget\" data-widget_type=\"porto_ultimate_heading.default\">\n\t\t\t\t<div class=\"elementor-widget-container\">\n\t\t\t\t\t<div class=\"porto-u-heading  porto-u-55ca8359258f9a412be7e73af65d2aac \"><div class=\"porto-u-main-heading\"><h2 data-plugin-animated-words data-plugin-options=\"{&quot;startDelay&quot;:0,&quot;minWindowWidth&quot;:0,&quot;animationName&quot;:&quot;fadeIn&quot;,&quot;contentType&quot;:&quot;word&quot;}\"  >Instru\u00e7\u00f5es em v\u00eddeo<\/h2><\/div><style>.porto-u-55ca8359258f9a412be7e73af65d2aac.porto-u-heading{text-align:center}<\/style><\/div>\t\t\t\t<\/div>\n\t\t\t\t<\/div>\n\t\t\t\t<div class=\"elementor-element elementor-element-712b7ba elementor-widget elementor-widget-video\" data-id=\"712b7ba\" data-element_type=\"widget\" data-settings=\"{&quot;video_type&quot;:&quot;vimeo&quot;}\" data-widget_type=\"video.default\">\n\t\t\t\t<div class=\"elementor-widget-container\">\n\t\t\t\t\t\t\t<div class=\"elementor-wrapper elementor-open-inline\">\n\t\t\t<iframe class=\"elementor-video-iframe\" allowfullscreen allow=\"clipboard-write\" title=\"Player de V\u00eddeo vimeo\" src=\"https:\/\/player.vimeo.com\/video\/866412907?color&amp;autopause=0&amp;loop=0&amp;muted=0&amp;title=1&amp;portrait=1&amp;byline=1#t=\"><\/iframe>\t\t<\/div>\n\t\t\t\t\t\t<\/div>\n\t\t\t\t<\/div>\n\t\t\t\t<div class=\"elementor-element elementor-element-044587b elementor-widget elementor-widget-porto_ultimate_heading\" data-id=\"044587b\" data-element_type=\"widget\" data-widget_type=\"porto_ultimate_heading.default\">\n\t\t\t\t<div class=\"elementor-widget-container\">\n\t\t\t\t\t<div class=\"porto-u-heading  porto-u-55ca8359258f9a412be7e73af65d2aac \"><div class=\"porto-u-main-heading\"><h2 data-plugin-animated-words data-plugin-options=\"{&quot;startDelay&quot;:0,&quot;minWindowWidth&quot;:0,&quot;animationName&quot;:&quot;fadeIn&quot;,&quot;contentType&quot;:&quot;word&quot;}\"  >Instru\u00e7\u00f5es de instala\u00e7\u00e3o passo a passo<\/h2><\/div><style>.porto-u-55ca8359258f9a412be7e73af65d2aac.porto-u-heading{text-align:center}<\/style><\/div>\t\t\t\t<\/div>\n\t\t\t\t<\/div>\n\t\t\t\t<div class=\"elementor-element elementor-element-ddbaa6e elementor-widget elementor-widget-porto_steps\" data-id=\"ddbaa6e\" data-element_type=\"widget\" data-widget_type=\"porto_steps.default\">\n\t\t\t\t<div class=\"elementor-widget-container\">\n\t\t\t\t\t<section class=\"timeline\"><div class=\"timeline-body\"><div class=\"timeline-date \"><h3 class=\"time-text step-item-subtitle\">ICUE 3<\/h3><\/div><article class=\"timeline-box left\"><div><h4 class=\"timeline-item-title step-item-title\">Etapa 1: Fa\u00e7a o download do ICue 3 - 4 - 5<\/h4><div class=\"timeline-item-content\"><p>Em primeiro lugar, precisamos ter  <b>nosso aplicativo Mouse instalado.<br>ICue 3, 4 ou 5 App. Para <a href=\"https:\/\/www.corsair.com\/ww\/en\/downloads\" target=\"_blank\" rel=\"noopener\">fazer o download, clique aqui.<\/a><\/b><\/p><h5>0. Abra o arquivo que deseja importar com o bloco de notas.<\/h5><p>Abra o Bloco de Notas -&gt; Pressione CTRL+F para pesquisar<br><strong>M55 RGB PRO<\/strong> e altere-o com o nome do mouse.<br>Se o seu mouse for o M55 RGB PRO, n\u00e3o ser\u00e1 necess\u00e1rio realizar essa etapa.<br>(Tem que ser EXATAMENTE o mesmo nome de mouse que \u00e9 mostrado no ICUE)<br>A raz\u00e3o para fazer isso \u00e9 que o Icue n\u00e3o importa o arquivo.<br>Portanto, certifique-se de alterar o M55 RGB PRO com o seu pr\u00f3prio nome de mouse.<\/p><h4><span style=\"font-size: 14px;\">1. Abra o aplicativo Mouse <strong>ICUE 3<\/strong><\/span><\/h4><p><strong><br><\/strong>(Se voc\u00ea estiver usando o<strong> ICUE 4 ou 5<\/strong>, as instru\u00e7\u00f5es para isso est\u00e3o abaixo)<br><strong>Importe<\/strong> as armas que voc\u00ea deseja usar.<\/p><figure id=\"attachment_1747\" aria-describedby=\"caption-attachment-1747\" style=\"width: 1316px\" class=\"wp-caption alignnone\"><img fetchpriority=\"high\" decoding=\"async\" class=\"size-full wp-image-1747\" src=\"https:\/\/norecoil.net\/wp-content\/uploads\/2023\/09\/corsair-icue-3-no-recoil-macro-1.gif\" alt=\"Importar para o script de macro do Corsair No Recoil do ICue 3\" width=\"1316\" height=\"825\"><figcaption id=\"caption-attachment-1747\" class=\"wp-caption-text\">Importar para o script de macro do Corsair No Recoil do ICue 3<\/figcaption><\/figure><p> <\/p><h5>2. V\u00e1 para <strong>Actions (A\u00e7\u00f5es <\/strong>) e, ao lado, clique em <strong>+ e <\/strong> clique nele.<\/h5><p>Localize no menu <strong>Troca de perfil<\/strong> e escolha o outro<br>arma que deseja trocar e atribu\u00ed-la a um bot\u00e3o do mouse que deseja usar.<br>Se voc\u00ea tiver um <strong>teclado Corsair<\/strong>, tamb\u00e9m poder\u00e1 usar o teclado para alternar os perfis.<\/p><figure id=\"attachment_1748\" aria-describedby=\"caption-attachment-1748\" style=\"width: 1316px\" class=\"wp-caption alignnone\"><img decoding=\"async\" class=\"wp-image-1748 size-full\" src=\"https:\/\/norecoil.net\/wp-content\/uploads\/2023\/09\/corsair-icue-3-no-recoil-macro-script-2.gif\" alt=\"Atribuir um bot\u00e3o Switch para alternar entre os scripts de macro No Recoil\" width=\"1316\" height=\"825\"><figcaption id=\"caption-attachment-1748\" class=\"wp-caption-text\">Atribuir um bot\u00e3o Switch para alternar entre os scripts de macro No Recoil<\/figcaption><\/figure><p>3. Agora, clique no bot\u00e3o que voc\u00ea atribuiu para <strong>alternar<\/strong><strong>o perfil<\/strong> <strong><br><\/strong><strong> e execute as <strong>mesmas<\/strong> <strong>etapas<\/strong> para esse perfil, de modo que voc\u00ea possa <strong>alternar<br><\/strong><strong>entre<\/strong> os <strong>perfis<\/strong>.<\/strong> \u00c9 isso a\u00ed.  <strong>Aproveite.<\/strong><\/p><\/div><\/div><\/article><div class=\"timeline-date \"><h3 class=\"time-text step-item-subtitle\">ICUE 4-5  <\/h3><\/div><article class=\"timeline-box right\"><div><h4 class=\"timeline-item-title step-item-title\">Como instalar o Corsair Icue 4-5<\/h4><div class=\"timeline-item-content\"><div class=\"fw-row\"><div class=\"sh-column sh-column-7be3fb1e777683ea1c4bb7ab64b159f2 fw-col-xs-12\"><div class=\"sh-column-wrapper\"><div id=\"text-block-f5f5e77495aebb2154811a571e1d001d\" class=\"sh-text-block\"><h5>Abra os arquivos <strong>de macro No Recoil<\/strong> baixados que voc\u00ea deseja usar com o Bloco <strong>de notas.<\/strong><\/h5><p>Abra o Bloco de Notas -&gt; Pressione CTRL+F para pesquisar<br><strong>M55 RGB PRO<\/strong> e altere-o com o nome do mouse.<br>Se o seu mouse for o M55 RGB PRO, n\u00e3o ser\u00e1 necess\u00e1rio realizar essa etapa.<br>(Tem que ser EXATAMENTE o mesmo nome de mouse que \u00e9 mostrado no ICUE)<br>O motivo para fazer isso \u00e9 que o Icue n\u00e3o importa o arquivo.<br>Portanto, certifique-se de alterar o M55 RGB PRO com o seu pr\u00f3prio nome de mouse.<\/p><h5>1. Abra o aplicativo Mouse <strong>ICUE 4<\/strong><\/h5><p><strong><br><\/strong><strong>Importe<\/strong> as armas que voc\u00ea deseja usar.<br>Certifique-se de que apenas <strong>ASSIGNMENTS<\/strong> esteja selecionado.<\/p><figure id=\"attachment_1749\" aria-describedby=\"caption-attachment-1749\" style=\"width: 1360px\" class=\"wp-caption alignnone\"><img decoding=\"async\" class=\"size-full wp-image-1749\" src=\"https:\/\/norecoil.net\/wp-content\/uploads\/2023\/09\/corsair-icue-4-no-recoil-macro-script-1.gif\" alt=\"Importar para o ICue 4 - Script de macro do Corsair No Recoil do ICue 5\" width=\"1360\" height=\"838\"><figcaption id=\"caption-attachment-1749\" class=\"wp-caption-text\">Importar para o ICue 4 - Script de macro do Corsair No Recoil do ICue 5<\/figcaption><\/figure><\/div><p>Agora, clique com <strong>o mouse -&gt; Key Assignments<\/strong><\/p><p>Clique no <strong>\u00edcone de adi\u00e7\u00e3o<\/strong> -&gt; Clique em <strong>Single Profile<\/strong> e escolha a op\u00e7\u00e3o<br>outro <strong>perfil<\/strong> para <strong>alternar<\/strong> e <strong>atribu\u00ed-lo<\/strong> a um <strong>bot\u00e3o do mouse<\/strong> que voc\u00ea<br>deseja usar para <strong>comuta\u00e7\u00e3o<\/strong>.<\/p><p>Se voc\u00ea tiver um <strong>teclado Corsair<\/strong>, tamb\u00e9m poder\u00e1 usar o teclado para alternar os perfis.<\/p><\/div><figure id=\"attachment_1750\" aria-describedby=\"caption-attachment-1750\" style=\"width: 1360px\" class=\"wp-caption alignnone\"><img loading=\"lazy\" decoding=\"async\" class=\"size-full wp-image-1750\" src=\"https:\/\/norecoil.net\/wp-content\/uploads\/2023\/09\/corsair-icue-4-no-recoil-macro-script-2.gif\" alt=\"Atribuir um bot\u00e3o Switch para alternar entre os scripts de macro No Recoil\" width=\"1360\" height=\"838\"><figcaption id=\"caption-attachment-1750\" class=\"wp-caption-text\">Atribuir um bot\u00e3o Switch para alternar entre os scripts de macro No Recoil<\/figcaption><\/figure><\/div><p>Agora, clique no bot\u00e3o que voc\u00ea atribuiu para <strong>alternar<\/strong><strong>o perfil<\/strong> <strong><br><\/strong><strong> e execute as <strong>mesmas<\/strong> <strong>etapas<\/strong> para esse perfil, de modo que voc\u00ea possa <strong>alternar<br><\/strong><strong>entre<\/strong> os <strong>perfis<\/strong>.<\/strong> \u00c9 isso a\u00ed.  <strong>Aproveite.<\/strong><\/p><\/div><p>Ap\u00f3s a nova atualiza\u00e7\u00e3o <strong>do ICUE 5<\/strong>, talvez n\u00e3o seja poss\u00edvel atribu\u00ed-lo diretamente ao bot\u00e3o esquerdo do mouse, como mostrado acima.<br>Para isso, \u00e9 necess\u00e1rio remapear o bot\u00e3o esquerdo do mouse para outro bot\u00e3o. (Veja o gif abaixo)<br><strong>Pressione \"+\" -&gt; Escolha \"Mouse\" -&gt; Clique no bot\u00e3o esquerdo do mouse -&gt; Escolha o bot\u00e3o que deseja usar para clicar com o bot\u00e3o esquerdo.<\/strong><br>Depois disso, voc\u00ea pode atribuir a arma ao bot\u00e3o esquerdo do mouse.<\/p><figure id=\"attachment_1751\" aria-describedby=\"caption-attachment-1751\" style=\"width: 2022px\" class=\"wp-caption alignnone\"><img loading=\"lazy\" decoding=\"async\" class=\"wp-image-1751 size-full\" src=\"https:\/\/norecoil.net\/wp-content\/uploads\/2023\/09\/icue-remap-left-mouse-button-to-another.gif\" alt=\"Remapeie o bot\u00e3o esquerdo do mouse para ativar a ativa\u00e7\u00e3o do bot\u00e3o esquerdo do mouse.\" width=\"2022\" height=\"1242\"><figcaption id=\"caption-attachment-1751\" class=\"wp-caption-text\">Remapeie o bot\u00e3o esquerdo do mouse para ativar a ativa\u00e7\u00e3o do bot\u00e3o esquerdo do mouse.<\/figcaption><\/figure><p><span style=\"text-decoration: underline;\"><strong><a href=\"\/corsair-no-recoil-macro\" target=\"_blank\" rel=\"noopener\">Clique aqui para ver todos os scripts de macro do Corsair No Recoil<\/a><\/strong><\/span><\/p><\/div><\/div><\/article><\/div><\/section>\t\t\t\t<\/div>\n\t\t\t\t<\/div>\n\t\t\t\t\t<\/div>\r\n\t\t\t\t<\/div>\r\n\t\t\t\t\t<\/div>\r\n\t\t\t\t<\/section>\r\n\t\t\t\t<\/div>\n\t\t","protected":false},"excerpt":{"rendered":"<p>Como instalar o Corsair No Recoil Macro Como instalar o Corsair No Recoil Macro; assista ao v\u00eddeo e verifique as etapas, uma a uma, para uma instala\u00e7\u00e3o correta. Macro Script Corsair No Recoil ICue 3, ICue 4 e ICue 5. Instru\u00e7\u00f5es em v\u00eddeo Instru\u00e7\u00f5es de instala\u00e7\u00e3o passo a passo ICUE 3 Etapa 1: Fa\u00e7a o [&hellip;]<\/p>\n","protected":false},"author":1,"featured_media":3903,"parent":0,"menu_order":0,"comment_status":"open","ping_status":"closed","template":"","meta":{"_acf_changed":false,"content-type":"","cybocfi_hide_featured_image":"","footnotes":""},"class_list":["post-5981","page","type-page","status-publish","has-post-thumbnail","hentry"],"acf":[],"yoast_head":"<!-- This site is optimized with the Yoast SEO Premium plugin v21.1 (Yoast SEO v21.1) - https:\/\/yoast.com\/wordpress\/plugins\/seo\/ -->\n<title>Como instalar o Corsair No Recoil Macro<\/title>\n<meta name=\"description\" content=\"Como instalar o Corsair No Recoil Macro para ICue 3 - 4 - 5. Instala\u00e7\u00e3o do Macro No Recoil para qualquer instru\u00e7\u00e3o Corsair ICue 3-4-5 com v\u00eddeo.\" \/>\n<meta name=\"robots\" content=\"index, follow, max-snippet:-1, max-image-preview:large, max-video-preview:-1\" \/>\n<link rel=\"canonical\" href=\"https:\/\/norecoil.net\/pt-br\/como-instalar-o-corsair-no-recoil-macro\/\" \/>\n<meta property=\"og:locale\" content=\"pt_BR\" \/>\n<meta property=\"og:type\" content=\"article\" \/>\n<meta property=\"og:title\" content=\"Como instalar o Corsair No Recoil Macro\" \/>\n<meta property=\"og:description\" content=\"Como instalar o Corsair No Recoil Macro para ICue 3 - 4 - 5. Instala\u00e7\u00e3o do Macro No Recoil para qualquer instru\u00e7\u00e3o Corsair ICue 3-4-5 com v\u00eddeo.\" \/>\n<meta property=\"og:url\" content=\"https:\/\/norecoil.net\/pt-br\/como-instalar-o-corsair-no-recoil-macro\/\" \/>\n<meta property=\"og:site_name\" content=\"NoRecoil.Net\" \/>\n<meta property=\"article:modified_time\" content=\"2024-02-28T15:04:04+00:00\" \/>\n<meta property=\"og:image\" content=\"https:\/\/norecoil.net\/wp-content\/uploads\/2023\/09\/how-to-install-corsair-no-recoil-macro.jpg\" \/>\n\t<meta property=\"og:image:width\" content=\"1200\" \/>\n\t<meta property=\"og:image:height\" content=\"675\" \/>\n\t<meta property=\"og:image:type\" content=\"image\/jpeg\" \/>\n<meta name=\"twitter:card\" content=\"summary_large_image\" \/>\n<meta name=\"twitter:label1\" content=\"Est. tempo de leitura\" \/>\n\t<meta name=\"twitter:data1\" content=\"3 minutos\" \/>\n<script type=\"application\/ld+json\" class=\"yoast-schema-graph\">{\"@context\":\"https:\/\/schema.org\",\"@graph\":[{\"@type\":\"WebPage\",\"@id\":\"https:\/\/norecoil.net\/pt-br\/como-instalar-o-corsair-no-recoil-macro\/\",\"url\":\"https:\/\/norecoil.net\/pt-br\/como-instalar-o-corsair-no-recoil-macro\/\",\"name\":\"Como instalar o Corsair No Recoil Macro\",\"isPartOf\":{\"@id\":\"https:\/\/norecoil.net\/pt-br\/#website\"},\"datePublished\":\"2023-09-21T10:11:24+00:00\",\"dateModified\":\"2024-02-28T15:04:04+00:00\",\"description\":\"Como instalar o Corsair No Recoil Macro para ICue 3 - 4 - 5. Instala\u00e7\u00e3o do Macro No Recoil para qualquer instru\u00e7\u00e3o Corsair ICue 3-4-5 com v\u00eddeo.\",\"breadcrumb\":{\"@id\":\"https:\/\/norecoil.net\/pt-br\/como-instalar-o-corsair-no-recoil-macro\/#breadcrumb\"},\"inLanguage\":\"pt-BR\",\"potentialAction\":[{\"@type\":\"ReadAction\",\"target\":[\"https:\/\/norecoil.net\/pt-br\/como-instalar-o-corsair-no-recoil-macro\/\"]}]},{\"@type\":\"BreadcrumbList\",\"@id\":\"https:\/\/norecoil.net\/pt-br\/como-instalar-o-corsair-no-recoil-macro\/#breadcrumb\",\"itemListElement\":[{\"@type\":\"ListItem\",\"position\":1,\"name\":\"Home\",\"item\":\"https:\/\/norecoil.net\/pt-br\/norecoil-net\/\"},{\"@type\":\"ListItem\",\"position\":2,\"name\":\"Como instalar o Corsair No Recoil Macro\"}]},{\"@type\":\"WebSite\",\"@id\":\"https:\/\/norecoil.net\/pt-br\/#website\",\"url\":\"https:\/\/norecoil.net\/pt-br\/\",\"name\":\"NoRecoil.Net\",\"description\":\"\",\"potentialAction\":[{\"@type\":\"SearchAction\",\"target\":{\"@type\":\"EntryPoint\",\"urlTemplate\":\"https:\/\/norecoil.net\/pt-br\/?s={search_term_string}\"},\"query-input\":\"required name=search_term_string\"}],\"inLanguage\":\"pt-BR\"}]}<\/script>\n<!-- \/ Yoast SEO Premium plugin. -->","yoast_head_json":{"title":"Como instalar o Corsair No Recoil Macro","description":"Como instalar o Corsair No Recoil Macro para ICue 3 - 4 - 5. Instala\u00e7\u00e3o do Macro No Recoil para qualquer instru\u00e7\u00e3o Corsair ICue 3-4-5 com v\u00eddeo.","robots":{"index":"index","follow":"follow","max-snippet":"max-snippet:-1","max-image-preview":"max-image-preview:large","max-video-preview":"max-video-preview:-1"},"canonical":"https:\/\/norecoil.net\/pt-br\/como-instalar-o-corsair-no-recoil-macro\/","og_locale":"pt_BR","og_type":"article","og_title":"Como instalar o Corsair No Recoil Macro","og_description":"Como instalar o Corsair No Recoil Macro para ICue 3 - 4 - 5. Instala\u00e7\u00e3o do Macro No Recoil para qualquer instru\u00e7\u00e3o Corsair ICue 3-4-5 com v\u00eddeo.","og_url":"https:\/\/norecoil.net\/pt-br\/como-instalar-o-corsair-no-recoil-macro\/","og_site_name":"NoRecoil.Net","article_modified_time":"2024-02-28T15:04:04+00:00","og_image":[{"width":1200,"height":675,"url":"https:\/\/norecoil.net\/wp-content\/uploads\/2023\/09\/how-to-install-corsair-no-recoil-macro.jpg","type":"image\/jpeg"}],"twitter_card":"summary_large_image","twitter_misc":{"Est. tempo de leitura":"3 minutos"},"schema":{"@context":"https:\/\/schema.org","@graph":[{"@type":"WebPage","@id":"https:\/\/norecoil.net\/pt-br\/como-instalar-o-corsair-no-recoil-macro\/","url":"https:\/\/norecoil.net\/pt-br\/como-instalar-o-corsair-no-recoil-macro\/","name":"Como instalar o Corsair No Recoil Macro","isPartOf":{"@id":"https:\/\/norecoil.net\/pt-br\/#website"},"datePublished":"2023-09-21T10:11:24+00:00","dateModified":"2024-02-28T15:04:04+00:00","description":"Como instalar o Corsair No Recoil Macro para ICue 3 - 4 - 5. Instala\u00e7\u00e3o do Macro No Recoil para qualquer instru\u00e7\u00e3o Corsair ICue 3-4-5 com v\u00eddeo.","breadcrumb":{"@id":"https:\/\/norecoil.net\/pt-br\/como-instalar-o-corsair-no-recoil-macro\/#breadcrumb"},"inLanguage":"pt-BR","potentialAction":[{"@type":"ReadAction","target":["https:\/\/norecoil.net\/pt-br\/como-instalar-o-corsair-no-recoil-macro\/"]}]},{"@type":"BreadcrumbList","@id":"https:\/\/norecoil.net\/pt-br\/como-instalar-o-corsair-no-recoil-macro\/#breadcrumb","itemListElement":[{"@type":"ListItem","position":1,"name":"Home","item":"https:\/\/norecoil.net\/pt-br\/norecoil-net\/"},{"@type":"ListItem","position":2,"name":"Como instalar o Corsair No Recoil Macro"}]},{"@type":"WebSite","@id":"https:\/\/norecoil.net\/pt-br\/#website","url":"https:\/\/norecoil.net\/pt-br\/","name":"NoRecoil.Net","description":"","potentialAction":[{"@type":"SearchAction","target":{"@type":"EntryPoint","urlTemplate":"https:\/\/norecoil.net\/pt-br\/?s={search_term_string}"},"query-input":"required name=search_term_string"}],"inLanguage":"pt-BR"}]}},"_links":{"self":[{"href":"https:\/\/norecoil.net\/pt-br\/wp-json\/wp\/v2\/pages\/5981","targetHints":{"allow":["GET"]}}],"collection":[{"href":"https:\/\/norecoil.net\/pt-br\/wp-json\/wp\/v2\/pages"}],"about":[{"href":"https:\/\/norecoil.net\/pt-br\/wp-json\/wp\/v2\/types\/page"}],"author":[{"embeddable":true,"href":"https:\/\/norecoil.net\/pt-br\/wp-json\/wp\/v2\/users\/1"}],"replies":[{"embeddable":true,"href":"https:\/\/norecoil.net\/pt-br\/wp-json\/wp\/v2\/comments?post=5981"}],"version-history":[{"count":0,"href":"https:\/\/norecoil.net\/pt-br\/wp-json\/wp\/v2\/pages\/5981\/revisions"}],"wp:featuredmedia":[{"embeddable":true,"href":"https:\/\/norecoil.net\/pt-br\/wp-json\/wp\/v2\/media\/3903"}],"wp:attachment":[{"href":"https:\/\/norecoil.net\/pt-br\/wp-json\/wp\/v2\/media?parent=5981"}],"curies":[{"name":"wp","href":"https:\/\/api.w.org\/{rel}","templated":true}]}}