{"id":5912,"date":"2023-09-20T13:44:01","date_gmt":"2023-09-20T13:44:01","guid":{"rendered":"https:\/\/norecoil.net\/como-instalar-o-bloody-no-recoil-macro\/"},"modified":"2024-02-28T15:03:49","modified_gmt":"2024-02-28T15:03:49","slug":"como-instalar-o-bloody-no-recoil-macro","status":"publish","type":"page","link":"https:\/\/norecoil.net\/pt-br\/como-instalar-o-bloody-no-recoil-macro\/","title":{"rendered":"Como instalar o Bloody No Recoil Macro"},"content":{"rendered":"\t\t<div data-elementor-type=\"wp-page\" data-elementor-id=\"5912\" class=\"elementor elementor-5912 elementor-1728\">\n\t\t\t\t\t\t<section class=\"elementor-section elementor-top-section elementor-element elementor-element-007144e elementor-section-boxed elementor-section-height-default elementor-section-height-default\" data-id=\"007144e\" data-element_type=\"section\">\r\n\t\t\r\n\t\t\t\t\t\t\t<div class=\"elementor-container elementor-column-gap-default\">\r\n\t\t\t\t\t\t\t\t\t\t\t<div class=\"elementor-column elementor-col-100 elementor-top-column elementor-element elementor-element-aff4496 mx-auto\" data-id=\"aff4496\" data-element_type=\"column\">\r\n\t\t\t\t\t<div class=\"elementor-widget-wrap elementor-element-populated\">\r\n\t\t\t\t\t\t\t\t<div class=\"elementor-element elementor-element-2718dbf elementor-widget elementor-widget-porto_ultimate_heading\" data-id=\"2718dbf\" data-element_type=\"widget\" data-widget_type=\"porto_ultimate_heading.default\">\n\t\t\t\t<div class=\"elementor-widget-container\">\n\t\t\t\t\t<div class=\"porto-u-heading  porto-u-55ca8359258f9a412be7e73af65d2aac \"><div class=\"porto-u-main-heading\"><h2   >Como instalar o Bloody No Recoil Macro<\/h2><\/div><div class=\"porto-u-sub-heading\" style=\"\"><p>Como instalar o Bloody; assista ao v\u00eddeo e verifique as etapas uma a uma para obter uma instala\u00e7\u00e3o correta do <strong>Bloody No Recoil Macros.<br>Voc\u00ea encontrar\u00e1 as instru\u00e7\u00f5es do ULTRA CORE 3 e do ULTRA CORE 4<\/strong>.<\/p><\/div><style>.porto-u-55ca8359258f9a412be7e73af65d2aac.porto-u-heading{text-align:center}<\/style><\/div>\t\t\t\t<\/div>\n\t\t\t\t<\/div>\n\t\t\t\t<div class=\"elementor-element elementor-element-86cb3d5 elementor-widget elementor-widget-porto_ultimate_heading\" data-id=\"86cb3d5\" data-element_type=\"widget\" data-widget_type=\"porto_ultimate_heading.default\">\n\t\t\t\t<div class=\"elementor-widget-container\">\n\t\t\t\t\t<div class=\"porto-u-heading  porto-u-55ca8359258f9a412be7e73af65d2aac \"><div class=\"porto-u-main-heading\"><h2 data-plugin-animated-words data-plugin-options=\"{&quot;startDelay&quot;:0,&quot;minWindowWidth&quot;:0,&quot;animationName&quot;:&quot;fadeIn&quot;,&quot;contentType&quot;:&quot;word&quot;}\"  >Instru\u00e7\u00f5es em v\u00eddeo<\/h2><\/div><style>.porto-u-55ca8359258f9a412be7e73af65d2aac.porto-u-heading{text-align:center}<\/style><\/div>\t\t\t\t<\/div>\n\t\t\t\t<\/div>\n\t\t\t\t<div class=\"elementor-element elementor-element-712b7ba elementor-widget elementor-widget-video\" data-id=\"712b7ba\" data-element_type=\"widget\" data-settings=\"{&quot;video_type&quot;:&quot;vimeo&quot;}\" data-widget_type=\"video.default\">\n\t\t\t\t<div class=\"elementor-widget-container\">\n\t\t\t\t\t\t\t<div class=\"elementor-wrapper elementor-open-inline\">\n\t\t\t<iframe class=\"elementor-video-iframe\" allowfullscreen allow=\"clipboard-write\" title=\"Player de V\u00eddeo vimeo\" src=\"https:\/\/player.vimeo.com\/video\/865379618?color&amp;autopause=0&amp;loop=0&amp;muted=0&amp;title=1&amp;portrait=1&amp;byline=1#t=\"><\/iframe>\t\t<\/div>\n\t\t\t\t\t\t<\/div>\n\t\t\t\t<\/div>\n\t\t\t\t<div class=\"elementor-element elementor-element-044587b elementor-widget elementor-widget-porto_ultimate_heading\" data-id=\"044587b\" data-element_type=\"widget\" data-widget_type=\"porto_ultimate_heading.default\">\n\t\t\t\t<div class=\"elementor-widget-container\">\n\t\t\t\t\t<div class=\"porto-u-heading  porto-u-55ca8359258f9a412be7e73af65d2aac \"><div class=\"porto-u-main-heading\"><h2 data-plugin-animated-words data-plugin-options=\"{&quot;startDelay&quot;:0,&quot;minWindowWidth&quot;:0,&quot;animationName&quot;:&quot;fadeIn&quot;,&quot;contentType&quot;:&quot;word&quot;}\"  >Instru\u00e7\u00f5es de instala\u00e7\u00e3o passo a passo<\/h2><\/div><style>.porto-u-55ca8359258f9a412be7e73af65d2aac.porto-u-heading{text-align:center}<\/style><\/div>\t\t\t\t<\/div>\n\t\t\t\t<\/div>\n\t\t\t\t<div class=\"elementor-element elementor-element-ddbaa6e elementor-widget elementor-widget-porto_steps\" data-id=\"ddbaa6e\" data-element_type=\"widget\" data-widget_type=\"porto_steps.default\">\n\t\t\t\t<div class=\"elementor-widget-container\">\n\t\t\t\t\t<section class=\"timeline\"><div class=\"timeline-body\"><div class=\"timeline-date \"><h3 class=\"time-text step-item-subtitle\">Instru\u00e7\u00f5es para o ULTRA CORE 4<\/h3><\/div><article class=\"timeline-box left\"><div><h4 class=\"timeline-item-title step-item-title\">Etapa 1: Abra o aplicativo Mouse<\/h4><div class=\"timeline-item-content\"><p>Em primeiro lugar, precisamos ter  <b>nosso aplicativo Mouse instalado.<br>Aplicativo sangrento. Para <a href=\"https:\/\/www.bloody.com\/en\/Download.php\" target=\"_blank\" rel=\"noopener\">fazer o download, clique aqui.<\/a><\/b><\/p><p>1. Abra o aplicativo Mouse e escolha <strong>Ultra Core4.<\/strong><br>Se voc\u00ea tiver apenas <strong>o UltraCore3<\/strong>, procure a instru\u00e7\u00e3o <strong>UltraCore3<\/strong>.<br>Depois de escolher <strong>ultra core4, clique em O<\/strong> <strong>scar Macro<\/strong> <strong>II<br> And Creat<\/strong>e a New Folder (Oscar Macro II e criar uma <strong>nova pasta<\/strong>).<\/p><p> <\/p><center><figure id=\"attachment_1730\" aria-describedby=\"caption-attachment-1730\" style=\"width: 865px\" class=\"wp-caption alignnone\"><img fetchpriority=\"high\" decoding=\"async\" class=\"wp-image-1730 size-full\" src=\"https:\/\/norecoil.net\/wp-content\/uploads\/2023\/09\/bloody-ultra-core-4-how-to-install-1.gif\" alt=\"Escolha Bloody Ultra Core 4 e v\u00e1 para \"OSCAR MACRO II\"\" width=\"865\" height=\"561\"><figcaption id=\"caption-attachment-1730\" class=\"wp-caption-text\">Escolha Bloody Ultra Core 4 e v\u00e1 para \"OSCAR MACRO II\"<\/figcaption><\/figure><\/center><p> <\/p><p> <\/p><p>2. Agora escolha no mesmo menu <strong>Import IN\/OUT<br><\/strong>Selecione os arquivos que voc\u00ea baixou.  <\/p><center><figure id=\"attachment_1731\" aria-describedby=\"caption-attachment-1731\" style=\"width: 865px\" class=\"wp-caption alignnone\"><img decoding=\"async\" class=\"size-full wp-image-1731\" src=\"https:\/\/norecoil.net\/wp-content\/uploads\/2023\/09\/bloody-ultra-core-4-how-to-install-2.gif\" alt=\"Importar o script da macro No Recoil\" width=\"865\" height=\"561\"><figcaption id=\"caption-attachment-1731\" class=\"wp-caption-text\">Importar o script da macro No Recoil<\/figcaption><\/figure><\/center><p> <\/p><p>3. Agora, clique em \"Button\" (Bot\u00e3o) e escolha o bot\u00e3o do mouse que deseja usar para ativar a arma, selecione em \"Select Macro File\" (Selecionar arquivo de macro) a arma e clique em  <strong>CANDIDATAR-SE.<br>\u00c9 isso a\u00ed. Aproveite.<\/strong><\/p><p> <\/p><figure id=\"attachment_1732\" aria-describedby=\"caption-attachment-1732\" style=\"width: 1061px\" class=\"wp-caption alignnone\"><img decoding=\"async\" class=\"size-full wp-image-1732\" src=\"https:\/\/norecoil.net\/wp-content\/uploads\/2023\/09\/bloody-ultra-core-4-how-to-install-3.gif\" alt=\"Carregue o script da macro No Recoil em seu Bloody Mouse\" width=\"1061\" height=\"656\"><figcaption id=\"caption-attachment-1732\" class=\"wp-caption-text\">Carregue o script da macro No Recoil em seu Bloody Mouse<\/figcaption><\/figure><\/div><\/div><\/article><div class=\"timeline-date \"><h3 class=\"time-text step-item-subtitle\">Instru\u00e7\u00f5es para o ULTRA CORE 3<\/h3><\/div><article class=\"timeline-box right\"><div><h4 class=\"timeline-item-title step-item-title\">Importar os arquivos de macro do Sharkoon Fireglider No Recoil<\/h4><div class=\"timeline-item-content\"><div class=\"fw-row\"><div class=\"sh-column sh-column-7be3fb1e777683ea1c4bb7ab64b159f2 fw-col-xs-12\"><div class=\"sh-column-wrapper\"><div id=\"text-block-f5f5e77495aebb2154811a571e1d001d\" class=\"sh-text-block\">Selecione <strong>UltraCore3 <\/strong>e v\u00e1 para <strong>Oscar Macro II e<br><\/strong><strong>. Crie uma nova pasta.<\/strong><\/div><\/div><div> <\/div><\/div><div><figure id=\"attachment_1733\" aria-describedby=\"caption-attachment-1733\" style=\"width: 865px\" class=\"wp-caption alignnone\"><img loading=\"lazy\" decoding=\"async\" class=\"size-full wp-image-1733\" src=\"https:\/\/norecoil.net\/wp-content\/uploads\/2023\/09\/bloody-ultra-core-3-how-to-install-1.gif\" alt=\"Escolha o ultra core 3 in bloody\" width=\"865\" height=\"565\"><figcaption id=\"caption-attachment-1733\" class=\"wp-caption-text\">Escolha o ultra core 3 in bloody<\/figcaption><\/figure><\/div><p>Agora, clique na mesma lista para <strong>Import IN\/OUT<\/strong> e escolha nos arquivos baixados as armas que deseja usar.<\/p><\/div><figure id=\"attachment_1734\" aria-describedby=\"caption-attachment-1734\" style=\"width: 865px\" class=\"wp-caption alignnone\"><img loading=\"lazy\" decoding=\"async\" class=\"size-full wp-image-1734\" src=\"https:\/\/norecoil.net\/wp-content\/uploads\/2023\/09\/bloody-ultra-core-3-how-to-install-2.gif\" alt=\"Importar os scripts da macro No Recoil para o Bloody\" width=\"865\" height=\"565\"><figcaption id=\"caption-attachment-1734\" class=\"wp-caption-text\">Importar os scripts da macro No Recoil para o Bloody<\/figcaption><\/figure><p> <\/p><p>Agora, v\u00e1 para Headshot -&gt; M-Macro<br>Selecione a <strong>arma <\/strong>e clique em<strong> Back (Voltar)<br>Clique em Yes (Sim <\/strong>), escreva o nome da <strong>arma<\/strong> e v\u00e1 para <strong>Button (Bot\u00e3o<\/strong>).<\/p><p> <\/p><figure id=\"attachment_1735\" aria-describedby=\"caption-attachment-1735\" style=\"width: 865px\" class=\"wp-caption alignnone\"><img loading=\"lazy\" decoding=\"async\" class=\"size-full wp-image-1735\" src=\"https:\/\/norecoil.net\/wp-content\/uploads\/2023\/09\/bloody-ultra-core-3-how-to-install-3.gif\" alt=\"Abra a se\u00e7\u00e3o \"Macro\" no Bloody\" width=\"865\" height=\"565\"><figcaption id=\"caption-attachment-1735\" class=\"wp-caption-text\">Abra a se\u00e7\u00e3o \"Macro\" no Bloody<\/figcaption><\/figure><p> <\/p><p>Escolha o mouse que deseja usar para <strong>ativar <\/strong>e <strong>selecione <\/strong>a <strong>arma<\/strong> em<strong> Select Macro Files (Selecionar arquivos de macro <\/strong>).<strong>  arma.<br>\u00c9 isso a\u00ed. Aproveite!<\/strong><\/p><p> <\/p><figure id=\"attachment_1736\" aria-describedby=\"caption-attachment-1736\" style=\"width: 1061px\" class=\"wp-caption alignnone\"><img loading=\"lazy\" decoding=\"async\" class=\"size-full wp-image-1736\" src=\"https:\/\/norecoil.net\/wp-content\/uploads\/2023\/09\/bloody-ultra-core-3-how-to-install-4.gif\" alt=\"Carregamento dos scripts de macro do No Recoil para o mouse\" width=\"1061\" height=\"656\"><figcaption id=\"caption-attachment-1736\" class=\"wp-caption-text\">Carregamento dos scripts de macro do No Recoil para o mouse<\/figcaption><\/figure><\/div><\/div><\/article><\/div><\/section>\t\t\t\t<\/div>\n\t\t\t\t<\/div>\n\t\t\t\t\t<\/div>\r\n\t\t\t\t<\/div>\r\n\t\t\t\t\t<\/div>\r\n\t\t\t\t<\/section>\r\n\t\t\t\t<\/div>\n\t\t","protected":false},"excerpt":{"rendered":"<p>Como instalar o Bloody No Recoil Macro Como instalar o Bloody; assista ao v\u00eddeo e verifique as etapas uma a uma para obter uma instala\u00e7\u00e3o correta do Bloody No Recoil Macros.Voc\u00ea encontrar\u00e1 as instru\u00e7\u00f5es do ULTRA CORE 3 e do ULTRA CORE 4. Instru\u00e7\u00f5es em v\u00eddeo Instru\u00e7\u00f5es de instala\u00e7\u00e3o passo a passo Instru\u00e7\u00f5es para o [&hellip;]<\/p>\n","protected":false},"author":1,"featured_media":3861,"parent":0,"menu_order":0,"comment_status":"open","ping_status":"closed","template":"","meta":{"_acf_changed":false,"content-type":"","cybocfi_hide_featured_image":"","footnotes":""},"class_list":["post-5912","page","type-page","status-publish","has-post-thumbnail","hentry"],"acf":[],"yoast_head":"<!-- This site is optimized with the Yoast SEO Premium plugin v21.1 (Yoast SEO v21.1) - https:\/\/yoast.com\/wordpress\/plugins\/seo\/ -->\n<title>Como instalar o Bloody No Recoil Macro<\/title>\n<meta name=\"description\" content=\"Como instalar o Bloody No Recoil Macro para Bloody. Instala\u00e7\u00e3o do Macro No Recoil para qualquer instru\u00e7\u00e3o sangrenta com v\u00eddeo.\" \/>\n<meta name=\"robots\" content=\"index, follow, max-snippet:-1, max-image-preview:large, max-video-preview:-1\" \/>\n<link rel=\"canonical\" href=\"https:\/\/norecoil.net\/pt-br\/como-instalar-o-bloody-no-recoil-macro\/\" \/>\n<meta property=\"og:locale\" content=\"pt_BR\" \/>\n<meta property=\"og:type\" content=\"article\" \/>\n<meta property=\"og:title\" content=\"Como instalar o Bloody No Recoil Macro\" \/>\n<meta property=\"og:description\" content=\"Como instalar o Bloody No Recoil Macro para Bloody. Instala\u00e7\u00e3o do Macro No Recoil para qualquer instru\u00e7\u00e3o sangrenta com v\u00eddeo.\" \/>\n<meta property=\"og:url\" content=\"https:\/\/norecoil.net\/pt-br\/como-instalar-o-bloody-no-recoil-macro\/\" \/>\n<meta property=\"og:site_name\" content=\"NoRecoil.Net\" \/>\n<meta property=\"article:modified_time\" content=\"2024-02-28T15:03:49+00:00\" \/>\n<meta property=\"og:image\" content=\"https:\/\/norecoil.net\/wp-content\/uploads\/2023\/09\/how-to-install-bloody.jpg\" \/>\n\t<meta property=\"og:image:width\" content=\"1200\" \/>\n\t<meta property=\"og:image:height\" content=\"675\" \/>\n\t<meta property=\"og:image:type\" content=\"image\/jpeg\" \/>\n<meta name=\"twitter:card\" content=\"summary_large_image\" \/>\n<meta name=\"twitter:label1\" content=\"Est. tempo de leitura\" \/>\n\t<meta name=\"twitter:data1\" content=\"2 minutos\" \/>\n<script type=\"application\/ld+json\" class=\"yoast-schema-graph\">{\"@context\":\"https:\/\/schema.org\",\"@graph\":[{\"@type\":\"WebPage\",\"@id\":\"https:\/\/norecoil.net\/pt-br\/como-instalar-o-bloody-no-recoil-macro\/\",\"url\":\"https:\/\/norecoil.net\/pt-br\/como-instalar-o-bloody-no-recoil-macro\/\",\"name\":\"Como instalar o Bloody No Recoil Macro\",\"isPartOf\":{\"@id\":\"https:\/\/norecoil.net\/pt-br\/#website\"},\"datePublished\":\"2023-09-20T13:44:01+00:00\",\"dateModified\":\"2024-02-28T15:03:49+00:00\",\"description\":\"Como instalar o Bloody No Recoil Macro para Bloody. Instala\u00e7\u00e3o do Macro No Recoil para qualquer instru\u00e7\u00e3o sangrenta com v\u00eddeo.\",\"breadcrumb\":{\"@id\":\"https:\/\/norecoil.net\/pt-br\/como-instalar-o-bloody-no-recoil-macro\/#breadcrumb\"},\"inLanguage\":\"pt-BR\",\"potentialAction\":[{\"@type\":\"ReadAction\",\"target\":[\"https:\/\/norecoil.net\/pt-br\/como-instalar-o-bloody-no-recoil-macro\/\"]}]},{\"@type\":\"BreadcrumbList\",\"@id\":\"https:\/\/norecoil.net\/pt-br\/como-instalar-o-bloody-no-recoil-macro\/#breadcrumb\",\"itemListElement\":[{\"@type\":\"ListItem\",\"position\":1,\"name\":\"Home\",\"item\":\"https:\/\/norecoil.net\/pt-br\/norecoil-net\/\"},{\"@type\":\"ListItem\",\"position\":2,\"name\":\"Como instalar o Bloody No Recoil Macro\"}]},{\"@type\":\"WebSite\",\"@id\":\"https:\/\/norecoil.net\/pt-br\/#website\",\"url\":\"https:\/\/norecoil.net\/pt-br\/\",\"name\":\"NoRecoil.Net\",\"description\":\"\",\"potentialAction\":[{\"@type\":\"SearchAction\",\"target\":{\"@type\":\"EntryPoint\",\"urlTemplate\":\"https:\/\/norecoil.net\/pt-br\/?s={search_term_string}\"},\"query-input\":\"required name=search_term_string\"}],\"inLanguage\":\"pt-BR\"}]}<\/script>\n<!-- \/ Yoast SEO Premium plugin. -->","yoast_head_json":{"title":"Como instalar o Bloody No Recoil Macro","description":"Como instalar o Bloody No Recoil Macro para Bloody. Instala\u00e7\u00e3o do Macro No Recoil para qualquer instru\u00e7\u00e3o sangrenta com v\u00eddeo.","robots":{"index":"index","follow":"follow","max-snippet":"max-snippet:-1","max-image-preview":"max-image-preview:large","max-video-preview":"max-video-preview:-1"},"canonical":"https:\/\/norecoil.net\/pt-br\/como-instalar-o-bloody-no-recoil-macro\/","og_locale":"pt_BR","og_type":"article","og_title":"Como instalar o Bloody No Recoil Macro","og_description":"Como instalar o Bloody No Recoil Macro para Bloody. Instala\u00e7\u00e3o do Macro No Recoil para qualquer instru\u00e7\u00e3o sangrenta com v\u00eddeo.","og_url":"https:\/\/norecoil.net\/pt-br\/como-instalar-o-bloody-no-recoil-macro\/","og_site_name":"NoRecoil.Net","article_modified_time":"2024-02-28T15:03:49+00:00","og_image":[{"width":1200,"height":675,"url":"https:\/\/norecoil.net\/wp-content\/uploads\/2023\/09\/how-to-install-bloody.jpg","type":"image\/jpeg"}],"twitter_card":"summary_large_image","twitter_misc":{"Est. tempo de leitura":"2 minutos"},"schema":{"@context":"https:\/\/schema.org","@graph":[{"@type":"WebPage","@id":"https:\/\/norecoil.net\/pt-br\/como-instalar-o-bloody-no-recoil-macro\/","url":"https:\/\/norecoil.net\/pt-br\/como-instalar-o-bloody-no-recoil-macro\/","name":"Como instalar o Bloody No Recoil Macro","isPartOf":{"@id":"https:\/\/norecoil.net\/pt-br\/#website"},"datePublished":"2023-09-20T13:44:01+00:00","dateModified":"2024-02-28T15:03:49+00:00","description":"Como instalar o Bloody No Recoil Macro para Bloody. Instala\u00e7\u00e3o do Macro No Recoil para qualquer instru\u00e7\u00e3o sangrenta com v\u00eddeo.","breadcrumb":{"@id":"https:\/\/norecoil.net\/pt-br\/como-instalar-o-bloody-no-recoil-macro\/#breadcrumb"},"inLanguage":"pt-BR","potentialAction":[{"@type":"ReadAction","target":["https:\/\/norecoil.net\/pt-br\/como-instalar-o-bloody-no-recoil-macro\/"]}]},{"@type":"BreadcrumbList","@id":"https:\/\/norecoil.net\/pt-br\/como-instalar-o-bloody-no-recoil-macro\/#breadcrumb","itemListElement":[{"@type":"ListItem","position":1,"name":"Home","item":"https:\/\/norecoil.net\/pt-br\/norecoil-net\/"},{"@type":"ListItem","position":2,"name":"Como instalar o Bloody No Recoil Macro"}]},{"@type":"WebSite","@id":"https:\/\/norecoil.net\/pt-br\/#website","url":"https:\/\/norecoil.net\/pt-br\/","name":"NoRecoil.Net","description":"","potentialAction":[{"@type":"SearchAction","target":{"@type":"EntryPoint","urlTemplate":"https:\/\/norecoil.net\/pt-br\/?s={search_term_string}"},"query-input":"required name=search_term_string"}],"inLanguage":"pt-BR"}]}},"_links":{"self":[{"href":"https:\/\/norecoil.net\/pt-br\/wp-json\/wp\/v2\/pages\/5912","targetHints":{"allow":["GET"]}}],"collection":[{"href":"https:\/\/norecoil.net\/pt-br\/wp-json\/wp\/v2\/pages"}],"about":[{"href":"https:\/\/norecoil.net\/pt-br\/wp-json\/wp\/v2\/types\/page"}],"author":[{"embeddable":true,"href":"https:\/\/norecoil.net\/pt-br\/wp-json\/wp\/v2\/users\/1"}],"replies":[{"embeddable":true,"href":"https:\/\/norecoil.net\/pt-br\/wp-json\/wp\/v2\/comments?post=5912"}],"version-history":[{"count":0,"href":"https:\/\/norecoil.net\/pt-br\/wp-json\/wp\/v2\/pages\/5912\/revisions"}],"wp:featuredmedia":[{"embeddable":true,"href":"https:\/\/norecoil.net\/pt-br\/wp-json\/wp\/v2\/media\/3861"}],"wp:attachment":[{"href":"https:\/\/norecoil.net\/pt-br\/wp-json\/wp\/v2\/media?parent=5912"}],"curies":[{"name":"wp","href":"https:\/\/api.w.org\/{rel}","templated":true}]}}