{"id":5839,"date":"2023-09-17T08:45:21","date_gmt":"2023-09-17T08:45:21","guid":{"rendered":"https:\/\/norecoil.net\/como-fazer-o-downgrade-do-logitech-g-hub-software\/"},"modified":"2024-02-28T15:03:29","modified_gmt":"2024-02-28T15:03:29","slug":"como-fazer-o-downgrade-do-logitech-g-hub-software","status":"publish","type":"page","link":"https:\/\/norecoil.net\/pt-br\/como-fazer-o-downgrade-do-logitech-g-hub-software\/","title":{"rendered":"Como fazer o downgrade do Logitech G-Hub Software"},"content":{"rendered":"\t\t<div data-elementor-type=\"wp-page\" data-elementor-id=\"5839\" class=\"elementor elementor-5839 elementor-1684\">\n\t\t\t\t\t\t<section class=\"elementor-section elementor-top-section elementor-element elementor-element-007144e elementor-section-boxed elementor-section-height-default elementor-section-height-default\" data-id=\"007144e\" data-element_type=\"section\">\r\n\t\t\r\n\t\t\t\t\t\t\t<div class=\"elementor-container elementor-column-gap-default\">\r\n\t\t\t\t\t\t\t\t\t\t\t<div class=\"elementor-column elementor-col-100 elementor-top-column elementor-element elementor-element-aff4496 mx-auto\" data-id=\"aff4496\" data-element_type=\"column\">\r\n\t\t\t\t\t<div class=\"elementor-widget-wrap elementor-element-populated\">\r\n\t\t\t\t\t\t\t\t<div class=\"elementor-element elementor-element-2718dbf elementor-widget elementor-widget-porto_ultimate_heading\" data-id=\"2718dbf\" data-element_type=\"widget\" data-widget_type=\"porto_ultimate_heading.default\">\n\t\t\t\t<div class=\"elementor-widget-container\">\n\t\t\t\t\t<div class=\"porto-u-heading  porto-u-55ca8359258f9a412be7e73af65d2aac \"><div class=\"porto-u-main-heading\"><h2   >Como fazer o downgrade do Logitech G-Hub Software<\/h2><\/div><div class=\"porto-u-sub-heading\" style=\"\"><p style=\"text-align: center;\">Se voc\u00ea atualizou recentemente o <strong>software Logitech G-Hub<\/strong> e descobriu que ele n\u00e3o est\u00e1 atendendo \u00e0s suas necessidades ou tem problemas de compatibilidade, talvez esteja considerando um downgrade. Voc\u00ea est\u00e1 com sorte - fazer o downgrade da vers\u00e3o do Logitech G-Hub \u00e9 simples se voc\u00ea seguir as etapas corretas. Neste tutorial, vamos orient\u00e1-lo sobre como fazer o downgrade da vers\u00e3o do Logitech G-Hub de forma segura e eficaz.<\/p><h4 style=\"text-align: center;\">Etapa 1: Desativar a atualiza\u00e7\u00e3o autom\u00e1tica nas configura\u00e7\u00f5es<\/h4><p style=\"text-align: center;\">A primeira coisa que voc\u00ea precisa fazer \u00e9 desativar o <strong>recurso de atualiza\u00e7\u00e3o autom\u00e1tica<\/strong> nas configura\u00e7\u00f5es do software Logitech G-Hub. A desativa\u00e7\u00e3o dessa op\u00e7\u00e3o impedir\u00e1 que o software se atualize automaticamente para a vers\u00e3o que voc\u00ea est\u00e1 tentando evitar.<\/p><p> <\/p><center><figure id=\"attachment_1687\" aria-describedby=\"caption-attachment-1687\" style=\"width: 890px\" class=\"wp-caption aligncenter\"><img fetchpriority=\"high\" decoding=\"async\" class=\"size-full wp-image-1687\" src=\"https:\/\/norecoil.net\/wp-content\/uploads\/2023\/09\/disable-auto-update.gif\" alt=\"Desativar a atualiza\u00e7\u00e3o autom\u00e1tica no Logitech G-Hub Software\" width=\"890\" height=\"609\"><figcaption id=\"caption-attachment-1687\" class=\"wp-caption-text\">Desativar a atualiza\u00e7\u00e3o autom\u00e1tica no Logitech G-Hub Software<\/figcaption><\/figure><\/center><p> <\/p><h4 style=\"text-align: center;\">Etapa 2: Desinstalar a vers\u00e3o atual do G-Hub<\/h4><p style=\"text-align: center;\">Em seguida, voc\u00ea precisar\u00e1 <strong>desinstalar o software Logitech G-Hub existente<\/strong> do computador. Para ter certeza de que ele foi totalmente removido, recomendamos o uso do <a href=\"https:\/\/www.revouninstaller.com\/start-freeware-download\/\" target=\"_blank\" rel=\"noopener\">\n  <strong>Revo Uninstaller<\/strong>\n<\/a>. Defina o Revo Uninstaller para o modo avan\u00e7ado para excluir todos os arquivos de registro e outros arquivos residuais relacionados ao G-Hub.<\/p><h4 style=\"text-align: center;\">Etapa 3: Reinicie seu computador<\/h4><p style=\"text-align: center;\">Ap\u00f3s desinstalar o software, reinicie <strong>o computador<\/strong> para garantir que todas as altera\u00e7\u00f5es tenham efeito e que todos os arquivos remanescentes sejam removidos.<\/p><h4 style=\"text-align: center;\">Etapa 4: Fa\u00e7a o download da vers\u00e3o de downgrade<\/h4><p style=\"text-align: center;\">Agora que seu computador foi reiniciado, \u00e9 hora de <strong>baixar a vers\u00e3o de downgrade<\/strong> do Logitech G-Hub. Para este guia, estamos usando a vers\u00e3o <strong>2021.11.1775<\/strong>, mas voc\u00ea pode escolher a vers\u00e3o que melhor atenda \u00e0s suas necessidades. Ap\u00f3s o download, v\u00e1 imediatamente para as configura\u00e7\u00f5es do software e desative o recurso de atualiza\u00e7\u00e3o autom\u00e1tica novamente para garantir que o software n\u00e3o seja atualizado automaticamente.<\/p><h3 style=\"text-align: center;\">Link para download do G-Hub Vers\u00e3o: 2021.11.1775<\/h3><p style=\"text-align: center;\"><a href=\"https:\/\/www.mediafire.com\/file\/ao4cmt784huxdwh\/lghub_installer_2021.11.1775.exe\/file\" target=\"_blank\" rel=\"noopener\">Fa\u00e7a o download do G-Hub vers\u00e3o 2021.11.1775 aqui<\/a><\/p><h3 style=\"text-align: center;\">Conclus\u00e3o<\/h3><p style=\"text-align: center;\">E isso \u00e9 tudo o que h\u00e1 para fazer! Voc\u00ea fez <strong>o downgrade do software Logitech G-Hub<\/strong> com sucesso. Seguindo essas etapas cuidadosamente, voc\u00ea pode reverter para uma vers\u00e3o com a qual se sinta confort\u00e1vel. Lembre-se de que, depois de fazer o downgrade, certifique-se de manter o recurso de atualiza\u00e7\u00e3o autom\u00e1tica desativado, a menos que queira fazer o upgrade novamente no futuro. Aproveite sua experi\u00eancia otimizada com o Logitech G-Hub! Para ver todos os produtos de software Logitech G-Hub, <a href=\"\/logitech-no-recoil-macro\">clique aqui!<\/a><\/p><\/div><style>.porto-u-55ca8359258f9a412be7e73af65d2aac.porto-u-heading{text-align:center}<\/style><\/div>\t\t\t\t<\/div>\n\t\t\t\t<\/div>\n\t\t\t\t\t<\/div>\r\n\t\t\t\t<\/div>\r\n\t\t\t\t\t<\/div>\r\n\t\t\t\t<\/section>\r\n\t\t\t\t<\/div>\n\t\t","protected":false},"excerpt":{"rendered":"<p>Como fazer o downgrade do Logitech G-Hub Software Se voc\u00ea atualizou recentemente o software Logitech G-Hub e descobriu que ele n\u00e3o est\u00e1 atendendo \u00e0s suas necessidades ou tem problemas de compatibilidade, talvez esteja considerando um downgrade. Voc\u00ea est\u00e1 com sorte &#8211; fazer o downgrade da vers\u00e3o do Logitech G-Hub \u00e9 simples se voc\u00ea seguir as [&hellip;]<\/p>\n","protected":false},"author":1,"featured_media":3686,"parent":0,"menu_order":0,"comment_status":"open","ping_status":"closed","template":"","meta":{"_acf_changed":false,"content-type":"","cybocfi_hide_featured_image":"","footnotes":""},"class_list":["post-5839","page","type-page","status-publish","has-post-thumbnail","hentry"],"acf":[],"yoast_head":"<!-- This site is optimized with the Yoast SEO Premium plugin v21.1 (Yoast SEO v21.1) - https:\/\/yoast.com\/wordpress\/plugins\/seo\/ -->\n<title>Como fazer o downgrade da vers\u00e3o do software do Logitech G-Hub<\/title>\n<meta name=\"description\" content=\"Est\u00e1 tendo problemas com a atualiza\u00e7\u00e3o mais recente? Saiba como fazer downgrade facilmente da vers\u00e3o do Logitech G-Hub com nosso guia passo a passo abrangente.\" \/>\n<meta name=\"robots\" content=\"index, follow, max-snippet:-1, max-image-preview:large, max-video-preview:-1\" \/>\n<link rel=\"canonical\" href=\"https:\/\/norecoil.net\/pt-br\/como-fazer-o-downgrade-do-logitech-g-hub-software\/\" \/>\n<meta property=\"og:locale\" content=\"pt_BR\" \/>\n<meta property=\"og:type\" content=\"article\" \/>\n<meta property=\"og:title\" content=\"Como fazer o downgrade do Logitech G-Hub Software\" \/>\n<meta property=\"og:description\" content=\"Est\u00e1 tendo problemas com a atualiza\u00e7\u00e3o mais recente? Saiba como fazer downgrade facilmente da vers\u00e3o do Logitech G-Hub com nosso guia passo a passo abrangente.\" \/>\n<meta property=\"og:url\" content=\"https:\/\/norecoil.net\/pt-br\/como-fazer-o-downgrade-do-logitech-g-hub-software\/\" \/>\n<meta property=\"og:site_name\" content=\"NoRecoil.Net\" \/>\n<meta property=\"article:modified_time\" content=\"2024-02-28T15:03:29+00:00\" \/>\n<meta property=\"og:image\" content=\"https:\/\/norecoil.net\/wp-content\/uploads\/2023\/09\/downgrade-g-hub-logitech-software.webp\" \/>\n\t<meta property=\"og:image:width\" content=\"1200\" \/>\n\t<meta property=\"og:image:height\" content=\"675\" \/>\n\t<meta property=\"og:image:type\" content=\"image\/webp\" \/>\n<meta name=\"twitter:card\" content=\"summary_large_image\" \/>\n<meta name=\"twitter:label1\" content=\"Est. tempo de leitura\" \/>\n\t<meta name=\"twitter:data1\" content=\"2 minutos\" \/>\n<script type=\"application\/ld+json\" class=\"yoast-schema-graph\">{\"@context\":\"https:\/\/schema.org\",\"@graph\":[{\"@type\":\"WebPage\",\"@id\":\"https:\/\/norecoil.net\/pt-br\/como-fazer-o-downgrade-do-logitech-g-hub-software\/\",\"url\":\"https:\/\/norecoil.net\/pt-br\/como-fazer-o-downgrade-do-logitech-g-hub-software\/\",\"name\":\"Como fazer o downgrade da vers\u00e3o do software do Logitech G-Hub\",\"isPartOf\":{\"@id\":\"https:\/\/norecoil.net\/pt-br\/#website\"},\"datePublished\":\"2023-09-17T08:45:21+00:00\",\"dateModified\":\"2024-02-28T15:03:29+00:00\",\"description\":\"Est\u00e1 tendo problemas com a atualiza\u00e7\u00e3o mais recente? Saiba como fazer downgrade facilmente da vers\u00e3o do Logitech G-Hub com nosso guia passo a passo abrangente.\",\"breadcrumb\":{\"@id\":\"https:\/\/norecoil.net\/pt-br\/como-fazer-o-downgrade-do-logitech-g-hub-software\/#breadcrumb\"},\"inLanguage\":\"pt-BR\",\"potentialAction\":[{\"@type\":\"ReadAction\",\"target\":[\"https:\/\/norecoil.net\/pt-br\/como-fazer-o-downgrade-do-logitech-g-hub-software\/\"]}]},{\"@type\":\"BreadcrumbList\",\"@id\":\"https:\/\/norecoil.net\/pt-br\/como-fazer-o-downgrade-do-logitech-g-hub-software\/#breadcrumb\",\"itemListElement\":[{\"@type\":\"ListItem\",\"position\":1,\"name\":\"Home\",\"item\":\"https:\/\/norecoil.net\/pt-br\/norecoil-net\/\"},{\"@type\":\"ListItem\",\"position\":2,\"name\":\"Como fazer o downgrade do Logitech G-Hub Software\"}]},{\"@type\":\"WebSite\",\"@id\":\"https:\/\/norecoil.net\/pt-br\/#website\",\"url\":\"https:\/\/norecoil.net\/pt-br\/\",\"name\":\"NoRecoil.Net\",\"description\":\"\",\"potentialAction\":[{\"@type\":\"SearchAction\",\"target\":{\"@type\":\"EntryPoint\",\"urlTemplate\":\"https:\/\/norecoil.net\/pt-br\/?s={search_term_string}\"},\"query-input\":\"required name=search_term_string\"}],\"inLanguage\":\"pt-BR\"}]}<\/script>\n<!-- \/ Yoast SEO Premium plugin. -->","yoast_head_json":{"title":"Como fazer o downgrade da vers\u00e3o do software do Logitech G-Hub","description":"Est\u00e1 tendo problemas com a atualiza\u00e7\u00e3o mais recente? Saiba como fazer downgrade facilmente da vers\u00e3o do Logitech G-Hub com nosso guia passo a passo abrangente.","robots":{"index":"index","follow":"follow","max-snippet":"max-snippet:-1","max-image-preview":"max-image-preview:large","max-video-preview":"max-video-preview:-1"},"canonical":"https:\/\/norecoil.net\/pt-br\/como-fazer-o-downgrade-do-logitech-g-hub-software\/","og_locale":"pt_BR","og_type":"article","og_title":"Como fazer o downgrade do Logitech G-Hub Software","og_description":"Est\u00e1 tendo problemas com a atualiza\u00e7\u00e3o mais recente? Saiba como fazer downgrade facilmente da vers\u00e3o do Logitech G-Hub com nosso guia passo a passo abrangente.","og_url":"https:\/\/norecoil.net\/pt-br\/como-fazer-o-downgrade-do-logitech-g-hub-software\/","og_site_name":"NoRecoil.Net","article_modified_time":"2024-02-28T15:03:29+00:00","og_image":[{"width":1200,"height":675,"url":"https:\/\/norecoil.net\/wp-content\/uploads\/2023\/09\/downgrade-g-hub-logitech-software.webp","type":"image\/webp"}],"twitter_card":"summary_large_image","twitter_misc":{"Est. tempo de leitura":"2 minutos"},"schema":{"@context":"https:\/\/schema.org","@graph":[{"@type":"WebPage","@id":"https:\/\/norecoil.net\/pt-br\/como-fazer-o-downgrade-do-logitech-g-hub-software\/","url":"https:\/\/norecoil.net\/pt-br\/como-fazer-o-downgrade-do-logitech-g-hub-software\/","name":"Como fazer o downgrade da vers\u00e3o do software do Logitech G-Hub","isPartOf":{"@id":"https:\/\/norecoil.net\/pt-br\/#website"},"datePublished":"2023-09-17T08:45:21+00:00","dateModified":"2024-02-28T15:03:29+00:00","description":"Est\u00e1 tendo problemas com a atualiza\u00e7\u00e3o mais recente? Saiba como fazer downgrade facilmente da vers\u00e3o do Logitech G-Hub com nosso guia passo a passo abrangente.","breadcrumb":{"@id":"https:\/\/norecoil.net\/pt-br\/como-fazer-o-downgrade-do-logitech-g-hub-software\/#breadcrumb"},"inLanguage":"pt-BR","potentialAction":[{"@type":"ReadAction","target":["https:\/\/norecoil.net\/pt-br\/como-fazer-o-downgrade-do-logitech-g-hub-software\/"]}]},{"@type":"BreadcrumbList","@id":"https:\/\/norecoil.net\/pt-br\/como-fazer-o-downgrade-do-logitech-g-hub-software\/#breadcrumb","itemListElement":[{"@type":"ListItem","position":1,"name":"Home","item":"https:\/\/norecoil.net\/pt-br\/norecoil-net\/"},{"@type":"ListItem","position":2,"name":"Como fazer o downgrade do Logitech G-Hub Software"}]},{"@type":"WebSite","@id":"https:\/\/norecoil.net\/pt-br\/#website","url":"https:\/\/norecoil.net\/pt-br\/","name":"NoRecoil.Net","description":"","potentialAction":[{"@type":"SearchAction","target":{"@type":"EntryPoint","urlTemplate":"https:\/\/norecoil.net\/pt-br\/?s={search_term_string}"},"query-input":"required name=search_term_string"}],"inLanguage":"pt-BR"}]}},"_links":{"self":[{"href":"https:\/\/norecoil.net\/pt-br\/wp-json\/wp\/v2\/pages\/5839","targetHints":{"allow":["GET"]}}],"collection":[{"href":"https:\/\/norecoil.net\/pt-br\/wp-json\/wp\/v2\/pages"}],"about":[{"href":"https:\/\/norecoil.net\/pt-br\/wp-json\/wp\/v2\/types\/page"}],"author":[{"embeddable":true,"href":"https:\/\/norecoil.net\/pt-br\/wp-json\/wp\/v2\/users\/1"}],"replies":[{"embeddable":true,"href":"https:\/\/norecoil.net\/pt-br\/wp-json\/wp\/v2\/comments?post=5839"}],"version-history":[{"count":0,"href":"https:\/\/norecoil.net\/pt-br\/wp-json\/wp\/v2\/pages\/5839\/revisions"}],"wp:featuredmedia":[{"embeddable":true,"href":"https:\/\/norecoil.net\/pt-br\/wp-json\/wp\/v2\/media\/3686"}],"wp:attachment":[{"href":"https:\/\/norecoil.net\/pt-br\/wp-json\/wp\/v2\/media?parent=5839"}],"curies":[{"name":"wp","href":"https:\/\/api.w.org\/{rel}","templated":true}]}}