{"id":5832,"date":"2023-09-17T17:09:39","date_gmt":"2023-09-17T17:09:39","guid":{"rendered":"https:\/\/norecoil.net\/como-instalar-o-razer-no-recoil-macro\/"},"modified":"2024-02-28T15:03:33","modified_gmt":"2024-02-28T15:03:33","slug":"como-instalar-o-razer-no-recoil-macro","status":"publish","type":"page","link":"https:\/\/norecoil.net\/pt-br\/como-instalar-o-razer-no-recoil-macro\/","title":{"rendered":"Como instalar o Razer No Recoil Macro"},"content":{"rendered":"\t\t<div data-elementor-type=\"wp-page\" data-elementor-id=\"5832\" class=\"elementor elementor-5832 elementor-1693\">\n\t\t\t\t\t\t<section class=\"elementor-section elementor-top-section elementor-element elementor-element-007144e elementor-section-boxed elementor-section-height-default elementor-section-height-default\" data-id=\"007144e\" data-element_type=\"section\">\r\n\t\t\r\n\t\t\t\t\t\t\t<div class=\"elementor-container elementor-column-gap-default\">\r\n\t\t\t\t\t\t\t\t\t\t\t<div class=\"elementor-column elementor-col-100 elementor-top-column elementor-element elementor-element-aff4496 mx-auto\" data-id=\"aff4496\" data-element_type=\"column\">\r\n\t\t\t\t\t<div class=\"elementor-widget-wrap elementor-element-populated\">\r\n\t\t\t\t\t\t\t\t<div class=\"elementor-element elementor-element-2718dbf elementor-widget elementor-widget-porto_ultimate_heading\" data-id=\"2718dbf\" data-element_type=\"widget\" data-widget_type=\"porto_ultimate_heading.default\">\n\t\t\t\t<div class=\"elementor-widget-container\">\n\t\t\t\t\t<div class=\"porto-u-heading  porto-u-55ca8359258f9a412be7e73af65d2aac \"><div class=\"porto-u-main-heading\"><h2   >Como instalar o Razer No Recoil Macro<\/h2><\/div><div class=\"porto-u-sub-heading\" style=\"\"><p>Como instalar o Razer Synapse 3; assista ao v\u00eddeo e verifique as etapas uma a uma para obter uma instala\u00e7\u00e3o correta do <strong>Razer No Recoil Macros.<\/strong><\/p><\/div><style>.porto-u-55ca8359258f9a412be7e73af65d2aac.porto-u-heading{text-align:center}<\/style><\/div>\t\t\t\t<\/div>\n\t\t\t\t<\/div>\n\t\t\t\t<div class=\"elementor-element elementor-element-86cb3d5 elementor-widget elementor-widget-porto_ultimate_heading\" data-id=\"86cb3d5\" data-element_type=\"widget\" data-widget_type=\"porto_ultimate_heading.default\">\n\t\t\t\t<div class=\"elementor-widget-container\">\n\t\t\t\t\t<div class=\"porto-u-heading  porto-u-55ca8359258f9a412be7e73af65d2aac \"><div class=\"porto-u-main-heading\"><h2 data-plugin-animated-words data-plugin-options=\"{&quot;startDelay&quot;:0,&quot;minWindowWidth&quot;:0,&quot;animationName&quot;:&quot;fadeIn&quot;,&quot;contentType&quot;:&quot;word&quot;}\"  >Instru\u00e7\u00f5es em v\u00eddeo<\/h2><\/div><style>.porto-u-55ca8359258f9a412be7e73af65d2aac.porto-u-heading{text-align:center}<\/style><\/div>\t\t\t\t<\/div>\n\t\t\t\t<\/div>\n\t\t\t\t<div class=\"elementor-element elementor-element-712b7ba elementor-widget elementor-widget-video\" data-id=\"712b7ba\" data-element_type=\"widget\" data-settings=\"{&quot;video_type&quot;:&quot;vimeo&quot;}\" data-widget_type=\"video.default\">\n\t\t\t\t<div class=\"elementor-widget-container\">\n\t\t\t\t\t\t\t<div class=\"elementor-wrapper elementor-open-inline\">\n\t\t\t<iframe class=\"elementor-video-iframe\" allowfullscreen allow=\"clipboard-write\" title=\"Player de V\u00eddeo vimeo\" src=\"https:\/\/player.vimeo.com\/video\/865283512?color&amp;autopause=0&amp;loop=0&amp;muted=0&amp;title=1&amp;portrait=1&amp;byline=1#t=\"><\/iframe>\t\t<\/div>\n\t\t\t\t\t\t<\/div>\n\t\t\t\t<\/div>\n\t\t\t\t<div class=\"elementor-element elementor-element-044587b elementor-widget elementor-widget-porto_ultimate_heading\" data-id=\"044587b\" data-element_type=\"widget\" data-widget_type=\"porto_ultimate_heading.default\">\n\t\t\t\t<div class=\"elementor-widget-container\">\n\t\t\t\t\t<div class=\"porto-u-heading  porto-u-55ca8359258f9a412be7e73af65d2aac \"><div class=\"porto-u-main-heading\"><h2 data-plugin-animated-words data-plugin-options=\"{&quot;startDelay&quot;:0,&quot;minWindowWidth&quot;:0,&quot;animationName&quot;:&quot;fadeIn&quot;,&quot;contentType&quot;:&quot;word&quot;}\"  >Instru\u00e7\u00f5es de instala\u00e7\u00e3o passo a passo<\/h2><\/div><style>.porto-u-55ca8359258f9a412be7e73af65d2aac.porto-u-heading{text-align:center}<\/style><\/div>\t\t\t\t<\/div>\n\t\t\t\t<\/div>\n\t\t\t\t<div class=\"elementor-element elementor-element-ddbaa6e elementor-widget elementor-widget-porto_steps\" data-id=\"ddbaa6e\" data-element_type=\"widget\" data-widget_type=\"porto_steps.default\">\n\t\t\t\t<div class=\"elementor-widget-container\">\n\t\t\t\t\t<section class=\"timeline\"><div class=\"timeline-body\"><div class=\"timeline-date \"><h3 class=\"time-text step-item-subtitle\">ETAPA 1<\/h3><\/div><article class=\"timeline-box left\"><div><img decoding=\"async\" src=\"\/\/norecoil.net\/wp-content\/uploads\/2023\/09\/razer-synapse-3-logo.png\" class=\"img-responsive\" alt=\"Etapa 1: Fa\u00e7a o download do Razer Synapse 3\"><h4 class=\"timeline-item-title step-item-title\">Etapa 1: Fa\u00e7a o download do Razer Synapse 3<\/h4><div class=\"timeline-item-content\"><p>Em primeiro lugar, precisamos ter o <strong><span style=\"text-decoration: underline;\"><a href=\"https:\/\/rzr.to\/synapse-3-pc-download\" target=\"_blank\" rel=\"noopener\">Razer Synapse<\/a><\/span><a href=\"https:\/\/rzr.to\/synapse-3-pc-download\" target=\"_blank\" rel=\"noopener\"> 3<\/a> <\/strong>instalado.  <br>Para fazer o download do Razer Synapse 3 <strong>\n  <a href=\"https:\/\/rzr.to\/synapse-3-pc-download\" target=\"_blank\" rel=\"noopener\">\n    <span style=\"text-decoration: underline;\">Clique aqui.<\/span>\n  <\/a>\n  <br>\n<\/strong><\/p><p>1. Abra <strong>o SYNAPSE 3<\/strong> e clique na se\u00e7\u00e3o<strong>\"MACRO<\/strong>\".<br>(Se voc\u00ea n\u00e3o tiver o \"Macro\" instalado, v\u00e1 para Synapse -&gt;Modules e instale-o)<\/p><figure id=\"attachment_1696\" aria-describedby=\"caption-attachment-1696\" style=\"width: 1012px\" class=\"wp-caption alignnone\"><img fetchpriority=\"high\" decoding=\"async\" class=\"size-full wp-image-1696\" src=\"https:\/\/norecoil.net\/wp-content\/uploads\/2023\/09\/razer-1.gif\" alt=\"Navegue at\u00e9 a se\u00e7\u00e3o Macro no Synapse 3  \" width=\"1012\" height=\"714\"><figcaption id=\"caption-attachment-1696\" class=\"wp-caption-text\">Navegue at\u00e9 a se\u00e7\u00e3o Macro no Synapse 3<\/figcaption><\/figure><\/div><\/div><\/article><div class=\"timeline-date \"><h3 class=\"time-text step-item-subtitle\">ETAPA 2<\/h3><\/div><article class=\"timeline-box right\"><div><h4 class=\"timeline-item-title step-item-title\">Importar os arquivos de macro do Razer No Recoil no Synapse 3<\/h4><div class=\"timeline-item-content\"><div class=\"fw-row\"><div class=\"sh-column sh-column-7be3fb1e777683ea1c4bb7ab64b159f2 fw-col-xs-12\"><div class=\"sh-column-wrapper\"><div id=\"text-block-f5f5e77495aebb2154811a571e1d001d\" class=\"sh-text-block\"> <\/div><\/div><\/div><\/div><div class=\"fw-row\"><div class=\"sh-column sh-column-7be3fb1e777683ea1c4bb7ab64b159f2 fw-col-xs-12\"><div class=\"sh-column-wrapper\"><div id=\"text-block-f2e614b39e4872afb308cdef6d84ff48\" class=\"sh-text-block\"><p>Clique no <strong>\u00edcone de importa\u00e7\u00e3o<\/strong> e importe o script <strong>No Recoil Macro Razer Files<\/strong> (.xml) que voc\u00ea deseja importar.<\/p><\/div><figure id=\"attachment_1697\" aria-describedby=\"caption-attachment-1697\" style=\"width: 810px\" class=\"wp-caption alignnone\"><img decoding=\"async\" class=\"size-full wp-image-1697\" src=\"https:\/\/norecoil.net\/wp-content\/uploads\/2023\/09\/razer-import.gif\" alt=\"Importar os arquivos No Recoil Macro (.xml)\" width=\"810\" height=\"571\"><figcaption id=\"caption-attachment-1697\" class=\"wp-caption-text\">Importar os arquivos No Recoil Macro (.xml)<\/figcaption><\/figure><p> <\/p><\/div><p>V\u00e1 para <strong>Profile (Perfil<\/strong> ) e clique em <strong>+ para <\/strong>adicionar um novo perfil.<br><strong>Adicione<\/strong> um <strong>perfil<\/strong> <strong>para cada arma<\/strong> e<br>d\u00ea o<strong> mesmo nome<\/strong> que a <strong>arma.<br><br><\/strong><\/p><\/div><\/div><figure id=\"attachment_1698\" aria-describedby=\"caption-attachment-1698\" style=\"width: 1012px\" class=\"wp-caption alignnone\"><img decoding=\"async\" class=\"size-full wp-image-1698\" src=\"https:\/\/norecoil.net\/wp-content\/uploads\/2023\/09\/Razer-Profile.gif\" alt=\"Criar um perfil no Razer Synapse 3  \" width=\"1012\" height=\"714\"><figcaption id=\"caption-attachment-1698\" class=\"wp-caption-text\">Criar um perfil no Razer Synapse 3<\/figcaption><\/figure><p> <\/p><p>Agora v\u00e1 para o <strong>Mouse<\/strong>.<br><br><\/p><figure id=\"attachment_1699\" aria-describedby=\"caption-attachment-1699\" style=\"width: 810px\" class=\"wp-caption alignnone\"><img loading=\"lazy\" decoding=\"async\" class=\"size-full wp-image-1699\" src=\"https:\/\/norecoil.net\/wp-content\/uploads\/2023\/09\/go-to-mouse.gif\" alt=\"Navegue no Synapse 3 at\u00e9 o mouse  \" width=\"810\" height=\"571\"><figcaption id=\"caption-attachment-1699\" class=\"wp-caption-text\">Navegue no Synapse 3 at\u00e9 o mouse<\/figcaption><\/figure><p> <\/p><p>Para usar o <strong>clique esquerdo<\/strong>, \u00e9 preciso primeiro atribu\u00ed-lo a outro bot\u00e3o.<\/p><p> <\/p><figure id=\"attachment_1700\" aria-describedby=\"caption-attachment-1700\" style=\"width: 1012px\" class=\"wp-caption alignnone\"><img loading=\"lazy\" decoding=\"async\" class=\"size-full wp-image-1700\" src=\"https:\/\/norecoil.net\/wp-content\/uploads\/2023\/09\/razer-5.gif\" alt=\"Atribuir a fun\u00e7\u00e3o do bot\u00e3o esquerdo do mouse a um bot\u00e3o diferente do mouse\" width=\"1012\" height=\"714\"><figcaption id=\"caption-attachment-1700\" class=\"wp-caption-text\">Atribuir a fun\u00e7\u00e3o do bot\u00e3o esquerdo do mouse a um bot\u00e3o diferente do mouse<\/figcaption><\/figure><\/div><\/div><\/article><div class=\"timeline-date \"><h3 class=\"time-text step-item-subtitle\">Etapa 3<\/h3><\/div><article class=\"timeline-box left\"><div><h4 class=\"timeline-item-title step-item-title\">Atribuir a macro No Recoil ao bot\u00e3o do mouse<\/h4><div class=\"timeline-item-content\"><p>Agora podemos atribuir a macro ao bot\u00e3o esquerdo do mouse.<br>Clique com o bot\u00e3o esquerdo do mouse, acesse o menu <strong>MACRO<\/strong> e escolha a arma que deseja <strong>atribuir.<br>!Antes de atribuir qualquer arma!<br>Verifique primeiro qual perfil voc\u00ea est\u00e1 editando.<br>Se estiver editando o perfil AK47, adicione a macro AK47.<br>Para n\u00e3o se confundir!<\/strong><\/p><p>Escolha entre as <strong>op\u00e7\u00f5es de reprodu\u00e7\u00e3o<br>Reproduzir enquanto a tecla atribu\u00edda estiver pressionada.<\/strong><\/p><figure id=\"attachment_1701\" aria-describedby=\"caption-attachment-1701\" style=\"width: 1012px\" class=\"wp-caption alignnone\"><img loading=\"lazy\" decoding=\"async\" class=\"size-full wp-image-1701\" src=\"https:\/\/norecoil.net\/wp-content\/uploads\/2023\/09\/razer-6.gif\" alt=\"Atribuir a macro Razer No Recoil ao bot\u00e3o do mouse\" width=\"1012\" height=\"714\"><figcaption id=\"caption-attachment-1701\" class=\"wp-caption-text\">Atribuir a macro Razer No Recoil ao bot\u00e3o do mouse<\/figcaption><\/figure><p> <\/p><p>7. Agora temos que atribuir a 2 bot\u00f5es a <strong>fun\u00e7\u00e3o Switch Profile<\/strong>.<br>Para que possamos <strong>alternar<\/strong> facilmente <strong>entre<\/strong> nossos <strong>perfis<\/strong>.<\/p><p>Podemos usar<strong> Next Profile\/<\/strong> <strong>Previous Profile<\/strong> ou<br>podemos escolher um <strong>Spesific Profile<\/strong>.<br>Depende de voc\u00ea. Voc\u00ea pode atribu\u00ed-lo como quiser.<br><em>(N\u00e3o se esque\u00e7a de atribuir um perfil padr\u00e3o para que voc\u00ea possa fechar facilmente a macro enquanto estiver no menu do jogo ou fazendo outra coisa.)<\/em><\/p><p> <\/p><figure id=\"attachment_1702\" aria-describedby=\"caption-attachment-1702\" style=\"width: 1012px\" class=\"wp-caption alignnone\"><img loading=\"lazy\" decoding=\"async\" class=\"wp-image-1702 size-full\" src=\"https:\/\/norecoil.net\/wp-content\/uploads\/2023\/09\/razer-7.gif\" alt=\"Atribuir um perfil espec\u00edfico a um bot\u00e3o diferente do mouse para alternar\" width=\"1012\" height=\"714\"><figcaption id=\"caption-attachment-1702\" class=\"wp-caption-text\">Atribuir um perfil espec\u00edfico a um bot\u00e3o diferente do mouse para alternar<\/dd><dd><\/figcaption><\/figure><figure id=\"attachment_1703\" aria-describedby=\"caption-attachment-1703\" style=\"width: 1012px\" class=\"wp-caption alignnone\"><img loading=\"lazy\" decoding=\"async\" class=\"size-full wp-image-1703\" src=\"https:\/\/norecoil.net\/wp-content\/uploads\/2023\/09\/razer-weapon.gif\" alt=\"Atribuir um perfil espec\u00edfico a um bot\u00e3o diferente do mouse para alternar\" width=\"1012\" height=\"714\"><figcaption id=\"caption-attachment-1703\" class=\"wp-caption-text\">Atribuir um perfil espec\u00edfico a um bot\u00e3o diferente do mouse para alternar<\/figcaption><\/figure><\/div><\/div><\/article><div class=\"timeline-date \"><h3 class=\"time-text step-item-subtitle\">Etapa 4<\/h3><\/div><article class=\"timeline-box right\"><div><h4 class=\"timeline-item-title step-item-title\">No final, o resultado ser\u00e1 o seguinte.<\/h4><div class=\"timeline-item-content\"><figure id=\"attachment_1704\" aria-describedby=\"caption-attachment-1704\" style=\"width: 1024px\" class=\"wp-caption alignnone\"><img loading=\"lazy\" decoding=\"async\" class=\"size-full wp-image-1704\" src=\"https:\/\/norecoil.net\/wp-content\/uploads\/2023\/09\/Razer-Synapse-3-Macros.png\" alt=\"Macro sem recuo Razer Synapse 3  \" width=\"1024\" height=\"720\" srcset=\"https:\/\/norecoil.net\/wp-content\/uploads\/2023\/09\/Razer-Synapse-3-Macros.png 1024w, https:\/\/norecoil.net\/wp-content\/uploads\/2023\/09\/Razer-Synapse-3-Macros-600x422.png 600w, https:\/\/norecoil.net\/wp-content\/uploads\/2023\/09\/Razer-Synapse-3-Macros-768x540.png 768w, https:\/\/norecoil.net\/wp-content\/uploads\/2023\/09\/Razer-Synapse-3-Macros-640x450.png 640w, https:\/\/norecoil.net\/wp-content\/uploads\/2023\/09\/Razer-Synapse-3-Macros-400x281.png 400w\" sizes=\"(max-width: 1024px) 100vw, 1024px\" \/><figcaption id=\"caption-attachment-1704\" class=\"wp-caption-text\">Macro sem recuo Razer Synapse 3<\/figcaption><\/figure><p>No exemplo, voc\u00ea ver\u00e1 que \u00e9 para o Profile XM4.<br>Agora, temos que escolher os outros perfis que queremos usar e executar as mesmas etapas novamente para que possamos alternar facilmente.<\/p><p>Se voc\u00ea tiver um teclado compat\u00edvel com o Synapse 3, v\u00e1 do menu para Synapse -&gt; Atalhos globais -&gt; Adicionar novo atalho<br>E clique em Switch Profile.<br>Voc\u00ea pode alternar facilmente entre os perfis pelo teclado.<br><br><span style=\"text-decoration: underline;\"><strong><a href=\"\/razer-no-recoil-macro\">Clique aqui para ver todos os produtos Razer No Recoil Macro<\/a><\/strong><\/span> <\/p><h3>!IMPORTANTE!<br>Nos Perfis, h\u00e1 \"Jogos vinculados\" ao Perfil.<br><em>\"N\u00e3o!!!\"<\/em> vincule qualquer jogo a seus perfis para sua seguran\u00e7a!<\/h3><\/div><\/div><\/article><\/div><\/section>\t\t\t\t<\/div>\n\t\t\t\t<\/div>\n\t\t\t\t\t<\/div>\r\n\t\t\t\t<\/div>\r\n\t\t\t\t\t<\/div>\r\n\t\t\t\t<\/section>\r\n\t\t\t\t<\/div>\n\t\t","protected":false},"excerpt":{"rendered":"<p>Como instalar o Razer No Recoil Macro Como instalar o Razer Synapse 3; assista ao v\u00eddeo e verifique as etapas uma a uma para obter uma instala\u00e7\u00e3o correta do Razer No Recoil Macros. Instru\u00e7\u00f5es em v\u00eddeo Instru\u00e7\u00f5es de instala\u00e7\u00e3o passo a passo ETAPA 1 Etapa 1: Fa\u00e7a o download do Razer Synapse 3 Em primeiro [&hellip;]<\/p>\n","protected":false},"author":1,"featured_media":3763,"parent":0,"menu_order":0,"comment_status":"open","ping_status":"closed","template":"","meta":{"_acf_changed":false,"content-type":"","cybocfi_hide_featured_image":"","footnotes":""},"class_list":["post-5832","page","type-page","status-publish","has-post-thumbnail","hentry"],"acf":[],"yoast_head":"<!-- This site is optimized with the Yoast SEO Premium plugin v21.1 (Yoast SEO v21.1) - https:\/\/yoast.com\/wordpress\/plugins\/seo\/ -->\n<title>Como instalar o Razer No Recoil Macro<\/title>\n<meta name=\"description\" content=\"Como instalar o Razer No Recoil Macro para o Razer Synapse 3. Instala\u00e7\u00e3o do Macro No Recoil para qualquer instru\u00e7\u00e3o do Razer Synapse 3 com v\u00eddeo.\" \/>\n<meta name=\"robots\" content=\"index, follow, max-snippet:-1, max-image-preview:large, max-video-preview:-1\" \/>\n<link rel=\"canonical\" href=\"https:\/\/norecoil.net\/pt-br\/como-instalar-o-razer-no-recoil-macro\/\" \/>\n<meta property=\"og:locale\" content=\"pt_BR\" \/>\n<meta property=\"og:type\" content=\"article\" \/>\n<meta property=\"og:title\" content=\"Como instalar o Razer No Recoil Macro\" \/>\n<meta property=\"og:description\" content=\"Como instalar o Razer No Recoil Macro para o Razer Synapse 3. Instala\u00e7\u00e3o do Macro No Recoil para qualquer instru\u00e7\u00e3o do Razer Synapse 3 com v\u00eddeo.\" \/>\n<meta property=\"og:url\" content=\"https:\/\/norecoil.net\/pt-br\/como-instalar-o-razer-no-recoil-macro\/\" \/>\n<meta property=\"og:site_name\" content=\"NoRecoil.Net\" \/>\n<meta property=\"article:modified_time\" content=\"2024-02-28T15:03:33+00:00\" \/>\n<meta property=\"og:image\" content=\"https:\/\/norecoil.net\/wp-content\/uploads\/2023\/09\/how-to-install-razer-synapse-3.jpg\" \/>\n\t<meta property=\"og:image:width\" content=\"1200\" \/>\n\t<meta property=\"og:image:height\" content=\"675\" \/>\n\t<meta property=\"og:image:type\" content=\"image\/jpeg\" \/>\n<meta name=\"twitter:card\" content=\"summary_large_image\" \/>\n<meta name=\"twitter:label1\" content=\"Est. tempo de leitura\" \/>\n\t<meta name=\"twitter:data1\" content=\"3 minutos\" \/>\n<script type=\"application\/ld+json\" class=\"yoast-schema-graph\">{\"@context\":\"https:\/\/schema.org\",\"@graph\":[{\"@type\":\"WebPage\",\"@id\":\"https:\/\/norecoil.net\/pt-br\/como-instalar-o-razer-no-recoil-macro\/\",\"url\":\"https:\/\/norecoil.net\/pt-br\/como-instalar-o-razer-no-recoil-macro\/\",\"name\":\"Como instalar o Razer No Recoil Macro\",\"isPartOf\":{\"@id\":\"https:\/\/norecoil.net\/pt-br\/#website\"},\"datePublished\":\"2023-09-17T17:09:39+00:00\",\"dateModified\":\"2024-02-28T15:03:33+00:00\",\"description\":\"Como instalar o Razer No Recoil Macro para o Razer Synapse 3. Instala\u00e7\u00e3o do Macro No Recoil para qualquer instru\u00e7\u00e3o do Razer Synapse 3 com v\u00eddeo.\",\"breadcrumb\":{\"@id\":\"https:\/\/norecoil.net\/pt-br\/como-instalar-o-razer-no-recoil-macro\/#breadcrumb\"},\"inLanguage\":\"pt-BR\",\"potentialAction\":[{\"@type\":\"ReadAction\",\"target\":[\"https:\/\/norecoil.net\/pt-br\/como-instalar-o-razer-no-recoil-macro\/\"]}]},{\"@type\":\"BreadcrumbList\",\"@id\":\"https:\/\/norecoil.net\/pt-br\/como-instalar-o-razer-no-recoil-macro\/#breadcrumb\",\"itemListElement\":[{\"@type\":\"ListItem\",\"position\":1,\"name\":\"Home\",\"item\":\"https:\/\/norecoil.net\/pt-br\/norecoil-net\/\"},{\"@type\":\"ListItem\",\"position\":2,\"name\":\"Como instalar o Razer No Recoil Macro\"}]},{\"@type\":\"WebSite\",\"@id\":\"https:\/\/norecoil.net\/pt-br\/#website\",\"url\":\"https:\/\/norecoil.net\/pt-br\/\",\"name\":\"NoRecoil.Net\",\"description\":\"\",\"potentialAction\":[{\"@type\":\"SearchAction\",\"target\":{\"@type\":\"EntryPoint\",\"urlTemplate\":\"https:\/\/norecoil.net\/pt-br\/?s={search_term_string}\"},\"query-input\":\"required name=search_term_string\"}],\"inLanguage\":\"pt-BR\"}]}<\/script>\n<!-- \/ Yoast SEO Premium plugin. -->","yoast_head_json":{"title":"Como instalar o Razer No Recoil Macro","description":"Como instalar o Razer No Recoil Macro para o Razer Synapse 3. Instala\u00e7\u00e3o do Macro No Recoil para qualquer instru\u00e7\u00e3o do Razer Synapse 3 com v\u00eddeo.","robots":{"index":"index","follow":"follow","max-snippet":"max-snippet:-1","max-image-preview":"max-image-preview:large","max-video-preview":"max-video-preview:-1"},"canonical":"https:\/\/norecoil.net\/pt-br\/como-instalar-o-razer-no-recoil-macro\/","og_locale":"pt_BR","og_type":"article","og_title":"Como instalar o Razer No Recoil Macro","og_description":"Como instalar o Razer No Recoil Macro para o Razer Synapse 3. Instala\u00e7\u00e3o do Macro No Recoil para qualquer instru\u00e7\u00e3o do Razer Synapse 3 com v\u00eddeo.","og_url":"https:\/\/norecoil.net\/pt-br\/como-instalar-o-razer-no-recoil-macro\/","og_site_name":"NoRecoil.Net","article_modified_time":"2024-02-28T15:03:33+00:00","og_image":[{"width":1200,"height":675,"url":"https:\/\/norecoil.net\/wp-content\/uploads\/2023\/09\/how-to-install-razer-synapse-3.jpg","type":"image\/jpeg"}],"twitter_card":"summary_large_image","twitter_misc":{"Est. tempo de leitura":"3 minutos"},"schema":{"@context":"https:\/\/schema.org","@graph":[{"@type":"WebPage","@id":"https:\/\/norecoil.net\/pt-br\/como-instalar-o-razer-no-recoil-macro\/","url":"https:\/\/norecoil.net\/pt-br\/como-instalar-o-razer-no-recoil-macro\/","name":"Como instalar o Razer No Recoil Macro","isPartOf":{"@id":"https:\/\/norecoil.net\/pt-br\/#website"},"datePublished":"2023-09-17T17:09:39+00:00","dateModified":"2024-02-28T15:03:33+00:00","description":"Como instalar o Razer No Recoil Macro para o Razer Synapse 3. Instala\u00e7\u00e3o do Macro No Recoil para qualquer instru\u00e7\u00e3o do Razer Synapse 3 com v\u00eddeo.","breadcrumb":{"@id":"https:\/\/norecoil.net\/pt-br\/como-instalar-o-razer-no-recoil-macro\/#breadcrumb"},"inLanguage":"pt-BR","potentialAction":[{"@type":"ReadAction","target":["https:\/\/norecoil.net\/pt-br\/como-instalar-o-razer-no-recoil-macro\/"]}]},{"@type":"BreadcrumbList","@id":"https:\/\/norecoil.net\/pt-br\/como-instalar-o-razer-no-recoil-macro\/#breadcrumb","itemListElement":[{"@type":"ListItem","position":1,"name":"Home","item":"https:\/\/norecoil.net\/pt-br\/norecoil-net\/"},{"@type":"ListItem","position":2,"name":"Como instalar o Razer No Recoil Macro"}]},{"@type":"WebSite","@id":"https:\/\/norecoil.net\/pt-br\/#website","url":"https:\/\/norecoil.net\/pt-br\/","name":"NoRecoil.Net","description":"","potentialAction":[{"@type":"SearchAction","target":{"@type":"EntryPoint","urlTemplate":"https:\/\/norecoil.net\/pt-br\/?s={search_term_string}"},"query-input":"required name=search_term_string"}],"inLanguage":"pt-BR"}]}},"_links":{"self":[{"href":"https:\/\/norecoil.net\/pt-br\/wp-json\/wp\/v2\/pages\/5832","targetHints":{"allow":["GET"]}}],"collection":[{"href":"https:\/\/norecoil.net\/pt-br\/wp-json\/wp\/v2\/pages"}],"about":[{"href":"https:\/\/norecoil.net\/pt-br\/wp-json\/wp\/v2\/types\/page"}],"author":[{"embeddable":true,"href":"https:\/\/norecoil.net\/pt-br\/wp-json\/wp\/v2\/users\/1"}],"replies":[{"embeddable":true,"href":"https:\/\/norecoil.net\/pt-br\/wp-json\/wp\/v2\/comments?post=5832"}],"version-history":[{"count":0,"href":"https:\/\/norecoil.net\/pt-br\/wp-json\/wp\/v2\/pages\/5832\/revisions"}],"wp:featuredmedia":[{"embeddable":true,"href":"https:\/\/norecoil.net\/pt-br\/wp-json\/wp\/v2\/media\/3763"}],"wp:attachment":[{"href":"https:\/\/norecoil.net\/pt-br\/wp-json\/wp\/v2\/media?parent=5832"}],"curies":[{"name":"wp","href":"https:\/\/api.w.org\/{rel}","templated":true}]}}