{"id":5740,"date":"2023-09-16T05:51:50","date_gmt":"2023-09-16T05:51:50","guid":{"rendered":"https:\/\/norecoil.net\/atribuicao-do-teclado-logitech-g-para-scripts-de-macro-sem-recuo\/"},"modified":"2024-02-28T15:02:18","modified_gmt":"2024-02-28T15:02:18","slug":"atribuicao-do-teclado-logitech-g-para-scripts-de-macro-sem-recuo","status":"publish","type":"page","link":"https:\/\/norecoil.net\/pt-br\/atribuicao-do-teclado-logitech-g-para-scripts-de-macro-sem-recuo\/","title":{"rendered":"Atribui\u00e7\u00e3o do teclado Logitech G para scripts de macro sem recuo"},"content":{"rendered":"\t\t<div data-elementor-type=\"wp-page\" data-elementor-id=\"5740\" class=\"elementor elementor-5740 elementor-1655\">\n\t\t\t\t\t\t<section class=\"elementor-section elementor-top-section elementor-element elementor-element-007144e elementor-section-boxed elementor-section-height-default elementor-section-height-default\" data-id=\"007144e\" data-element_type=\"section\">\r\n\t\t\r\n\t\t\t\t\t\t\t<div class=\"elementor-container elementor-column-gap-default\">\r\n\t\t\t\t\t\t\t\t\t\t\t<div class=\"elementor-column elementor-col-100 elementor-top-column elementor-element elementor-element-aff4496 mx-auto\" data-id=\"aff4496\" data-element_type=\"column\">\r\n\t\t\t\t\t<div class=\"elementor-widget-wrap elementor-element-populated\">\r\n\t\t\t\t\t\t\t\t<div class=\"elementor-element elementor-element-2718dbf elementor-widget elementor-widget-porto_ultimate_heading\" data-id=\"2718dbf\" data-element_type=\"widget\" data-widget_type=\"porto_ultimate_heading.default\">\n\t\t\t\t<div class=\"elementor-widget-container\">\n\t\t\t\t\t<div class=\"porto-u-heading  porto-u-55ca8359258f9a412be7e73af65d2aac \"><div class=\"porto-u-main-heading\"><h2   >Como configurar o teclado Logitech G<\/h2><\/div><div class=\"porto-u-sub-heading\" style=\"\"><p style=\"text-align: center;\">Se voc\u00ea possui um <strong>teclado Logitech G Keyboard<\/strong>, ficar\u00e1 satisfeito em saber que personalizar sua funcionalidade \u00e9 incrivelmente f\u00e1cil com o <strong>software Logitech G HUB<\/strong>. Seja voc\u00ea um jogador, um escritor ou apenas algu\u00e9m que deseja otimizar o uso do teclado, \u00e9 poss\u00edvel atribuir uma fun\u00e7\u00e3o a qualquer bot\u00e3o do Logitech G Keyboard para aprimorar seu desempenho. Este tutorial o guiar\u00e1 pelas etapas de como fazer essas personaliza\u00e7\u00f5es.<\/p>\n\n<h4 style=\"text-align: center;\">Etapa 1: Abrir o perfil do Logitech G HUB<\/h4>\n<p style=\"text-align: center;\">Antes de mais nada, voc\u00ea precisar\u00e1 navegar at\u00e9 o perfil do teclado no software Logitech G HUB. Se voc\u00ea ainda n\u00e3o instalou esse programa, fa\u00e7a o download dele <a href=\"https:\/\/download01.logi.com\/web\/ftp\/pub\/techsupport\/gaming\/lghub_installer.exe\">aqui<\/a>.<\/p>\n\n<h4 style=\"text-align: center;\">Etapa 2: Localize o \u00edcone de atribui\u00e7\u00e3o<\/h4>\n<p style=\"text-align: center;\">Depois de abrir o perfil do seu teclado, procure o <strong>\u00edcone de atribui\u00e7\u00e3o<\/strong>, que geralmente est\u00e1 localizado no canto superior esquerdo da interface. Esse \u00edcone permitir\u00e1 que voc\u00ea visualize e modifique as atribui\u00e7\u00f5es de bot\u00f5es.<\/p>\n\n<center>\n\n<figure id=\"attachment_1657\" aria-describedby=\"caption-attachment-1657\" style=\"width: 784px\" class=\"wp-caption alignnone\"><img fetchpriority=\"high\" decoding=\"async\" class=\"size-full wp-image-1657\" src=\"https:\/\/norecoil.net\/wp-content\/uploads\/2023\/09\/click-on-your-keyboard.jpg\" alt=\"Clique em seu Logitech G-Hub Keyboard\" width=\"784\" height=\"537\" srcset=\"https:\/\/norecoil.net\/wp-content\/uploads\/2023\/09\/click-on-your-keyboard.jpg 784w, https:\/\/norecoil.net\/wp-content\/uploads\/2023\/09\/click-on-your-keyboard-600x411.jpg 600w, https:\/\/norecoil.net\/wp-content\/uploads\/2023\/09\/click-on-your-keyboard-768x526.jpg 768w, https:\/\/norecoil.net\/wp-content\/uploads\/2023\/09\/click-on-your-keyboard-640x438.jpg 640w, https:\/\/norecoil.net\/wp-content\/uploads\/2023\/09\/click-on-your-keyboard-400x274.jpg 400w\" sizes=\"(max-width: 784px) 100vw, 784px\" \/><figcaption id=\"caption-attachment-1657\" class=\"wp-caption-text\">Clique em seu Logitech G-Hub Keyboard<\/figcaption><\/figure>\n\n<\/center>\n<h4 style=\"text-align: center;\">Etapa 3: Navegue at\u00e9 a se\u00e7\u00e3o \"System\" (Sistema)<\/h4>\n<p style=\"text-align: center;\">Nas op\u00e7\u00f5es de atribui\u00e7\u00e3o, voc\u00ea encontrar\u00e1 uma categoria chamada \"Sistema\". \u00c9 aqui que voc\u00ea pode explorar v\u00e1rias funcionalidades que podem ser atribu\u00eddas aos bot\u00f5es do Logitech G Keyboard.<\/p>\n\n<center>\n\n<figure id=\"attachment_1671\" aria-describedby=\"caption-attachment-1671\" style=\"width: 896px\" class=\"wp-caption aligncenter\"><img decoding=\"async\" class=\"wp-image-1671 size-full\" src=\"https:\/\/norecoil.net\/wp-content\/uploads\/2023\/09\/Keyboard-assignment-system-1.gif\" alt=\"No Logitech G-Hub, em Assignment (Atribui\u00e7\u00e3o), selecione System (Sistema)\" width=\"896\" height=\"606\"><figcaption id=\"caption-attachment-1671\" class=\"wp-caption-text\">No Logitech G-Hub, em Assignment (Atribui\u00e7\u00e3o), selecione System (Sistema)<\/figcaption><\/figure>\n\n<\/center>\n<h4 style=\"text-align: center;\"><\/h4>\n<h4 style=\"text-align: center;\">Etapa 4: Escolha uma fun\u00e7\u00e3o<\/h4>\n<p style=\"text-align: center;\">Na se\u00e7\u00e3o \"System\" (Sistema), voc\u00ea ver\u00e1 uma fun\u00e7\u00e3o chamada <strong>\"Stop\" (Parar).<\/strong> Para fins de demonstra\u00e7\u00e3o, vamos atribuir essa fun\u00e7\u00e3o aos bot\u00f5es dispon\u00edveis em seu teclado. No entanto, fique \u00e0 vontade para atribuir qualquer fun\u00e7\u00e3o que considere \u00fatil e que n\u00e3o interfira no uso normal do teclado.<\/p>\n&nbsp;\n\n<center><figure id=\"attachment_1680\" aria-describedby=\"caption-attachment-1680\" style=\"width: 806px\" class=\"wp-caption alignnone\"><img decoding=\"async\" class=\"size-full wp-image-1680\" src=\"https:\/\/norecoil.net\/wp-content\/uploads\/2023\/09\/logitech-g-keyboard-function-assignment.gif\" alt=\"Atribua a fun\u00e7\u00e3o \"stop\" ao seu teclado para ativar os bot\u00f5es G para atribui\u00e7\u00e3o\" width=\"806\" height=\"545\"><figcaption id=\"caption-attachment-1680\" class=\"wp-caption-text\">Atribua a fun\u00e7\u00e3o \"stop\" ao seu teclado para ativar os bot\u00f5es G para atribui\u00e7\u00e3o<\/figcaption><\/figure><\/center>\n\n&nbsp;\n\n<center><\/center>\n<h4 style=\"text-align: center;\">Etapa 5: Confirmar a atribui\u00e7\u00e3o<\/h4>\n<p style=\"text-align: center;\">Depois de escolher a fun\u00e7\u00e3o, atribua-a aos bot\u00f5es de sua prefer\u00eancia seguindo as instru\u00e7\u00f5es na tela. Voc\u00ea pode atribuir v\u00e1rios bot\u00f5es para executar a mesma fun\u00e7\u00e3o. No  <strong><a href=\"\/logitech-no-recoil-macro\">Logitech No Recoil Macro<\/a>, \u00e9 necess\u00e1rio alterar o valor \"nil\" para apenas o n\u00famero do bot\u00e3o.\nPor exemplo, se quisermos usar F6, teremos de alterar o valor \"nil\" apenas para 6, o mesmo que uma atribui\u00e7\u00e3o de bot\u00e3o do mouse.\nSe no script n\u00e3o houver uma lista de fun\u00e7\u00f5es do teclado, por exemplo;<\/strong><\/p>\n<p style=\"text-align: center;\"><strong>local Weapon = nil<\/strong><\/p>\n<p style=\"text-align: center;\"><strong>Basta adicionar \"_Keyboard\" ao nome da arma para que funcione. No final, ele deve ter a seguinte apar\u00eancia;<\/strong><\/p>\n<p style=\"text-align: center;\"><strong>local Weapon_Keyboard = nil<\/strong><\/p>\n\n<h3 style=\"text-align: center;\">Conclus\u00e3o<\/h3>\n<p style=\"text-align: center;\">E \u00e9 isso! Voc\u00ea aprendeu com \u00eaxito como <strong>atribuir fun\u00e7\u00f5es aos bot\u00f5es do Logitech G Keyboard usando o Logitech G HUB<\/strong>. A personaliza\u00e7\u00e3o do teclado n\u00e3o apenas aprimora sua experi\u00eancia, mas tamb\u00e9m permite simplificar v\u00e1rias tarefas, tornando mais eficientes as intera\u00e7\u00f5es di\u00e1rias com o computador.<\/p>\n<p style=\"text-align: center;\">Lembre-se de que, embora tenhamos usado a fun\u00e7\u00e3o \"Stop\" como ilustra\u00e7\u00e3o, voc\u00ea pode atribuir qualquer fun\u00e7\u00e3o que melhor atenda \u00e0s suas necessidades. Boa personaliza\u00e7\u00e3o!<\/p><\/div><style>.porto-u-55ca8359258f9a412be7e73af65d2aac.porto-u-heading{text-align:center}<\/style><\/div>\t\t\t\t<\/div>\n\t\t\t\t<\/div>\n\t\t\t\t\t<\/div>\r\n\t\t\t\t<\/div>\r\n\t\t\t\t\t<\/div>\r\n\t\t\t\t<\/section>\r\n\t\t\t\t<\/div>\n\t\t","protected":false},"excerpt":{"rendered":"<p>Como configurar o teclado Logitech G Se voc\u00ea possui um teclado Logitech G Keyboard, ficar\u00e1 satisfeito em saber que personalizar sua funcionalidade \u00e9 incrivelmente f\u00e1cil com o software Logitech G HUB. Seja voc\u00ea um jogador, um escritor ou apenas algu\u00e9m que deseja otimizar o uso do teclado, \u00e9 poss\u00edvel atribuir uma fun\u00e7\u00e3o a qualquer bot\u00e3o [&hellip;]<\/p>\n","protected":false},"author":1,"featured_media":3651,"parent":0,"menu_order":0,"comment_status":"open","ping_status":"closed","template":"","meta":{"_acf_changed":false,"content-type":"","cybocfi_hide_featured_image":"","footnotes":""},"class_list":["post-5740","page","type-page","status-publish","has-post-thumbnail","hentry"],"acf":[],"yoast_head":"<!-- This site is optimized with the Yoast SEO Premium plugin v21.1 (Yoast SEO v21.1) - https:\/\/yoast.com\/wordpress\/plugins\/seo\/ -->\n<title>Atribui\u00e7\u00f5es de teclado do Logitech G para scripts de macro sem recuo<\/title>\n<meta name=\"description\" content=\"Atribui\u00e7\u00f5es de teclado Logitech G para scripts de macro logitech lua no recoil. Como atribuir a fun\u00e7\u00e3o Script ao Logitech G Keyboard.\" \/>\n<meta name=\"robots\" content=\"index, follow, max-snippet:-1, max-image-preview:large, max-video-preview:-1\" \/>\n<link rel=\"canonical\" href=\"https:\/\/norecoil.net\/pt-br\/atribuicao-do-teclado-logitech-g-para-scripts-de-macro-sem-recuo\/\" \/>\n<meta property=\"og:locale\" content=\"pt_BR\" \/>\n<meta property=\"og:type\" content=\"article\" \/>\n<meta property=\"og:title\" content=\"Atribui\u00e7\u00e3o do teclado Logitech G para scripts de macro sem recuo\" \/>\n<meta property=\"og:description\" content=\"Atribui\u00e7\u00f5es de teclado Logitech G para scripts de macro logitech lua no recoil. Como atribuir a fun\u00e7\u00e3o Script ao Logitech G Keyboard.\" \/>\n<meta property=\"og:url\" content=\"https:\/\/norecoil.net\/pt-br\/atribuicao-do-teclado-logitech-g-para-scripts-de-macro-sem-recuo\/\" \/>\n<meta property=\"og:site_name\" content=\"NoRecoil.Net\" \/>\n<meta property=\"article:modified_time\" content=\"2024-02-28T15:02:18+00:00\" \/>\n<meta property=\"og:image\" content=\"https:\/\/norecoil.net\/wp-content\/uploads\/2023\/09\/logitech-g-keyboard-assignment-for-logitech-lua-no-recoil-macro-scripts.webp\" \/>\n\t<meta property=\"og:image:width\" content=\"1200\" \/>\n\t<meta property=\"og:image:height\" content=\"675\" \/>\n\t<meta property=\"og:image:type\" content=\"image\/webp\" \/>\n<meta name=\"twitter:card\" content=\"summary_large_image\" \/>\n<meta name=\"twitter:label1\" content=\"Est. tempo de leitura\" \/>\n\t<meta name=\"twitter:data1\" content=\"3 minutos\" \/>\n<script type=\"application\/ld+json\" class=\"yoast-schema-graph\">{\"@context\":\"https:\/\/schema.org\",\"@graph\":[{\"@type\":\"WebPage\",\"@id\":\"https:\/\/norecoil.net\/pt-br\/atribuicao-do-teclado-logitech-g-para-scripts-de-macro-sem-recuo\/\",\"url\":\"https:\/\/norecoil.net\/pt-br\/atribuicao-do-teclado-logitech-g-para-scripts-de-macro-sem-recuo\/\",\"name\":\"Atribui\u00e7\u00f5es de teclado do Logitech G para scripts de macro sem recuo\",\"isPartOf\":{\"@id\":\"https:\/\/norecoil.net\/pt-br\/#website\"},\"datePublished\":\"2023-09-16T05:51:50+00:00\",\"dateModified\":\"2024-02-28T15:02:18+00:00\",\"description\":\"Atribui\u00e7\u00f5es de teclado Logitech G para scripts de macro logitech lua no recoil. Como atribuir a fun\u00e7\u00e3o Script ao Logitech G Keyboard.\",\"breadcrumb\":{\"@id\":\"https:\/\/norecoil.net\/pt-br\/atribuicao-do-teclado-logitech-g-para-scripts-de-macro-sem-recuo\/#breadcrumb\"},\"inLanguage\":\"pt-BR\",\"potentialAction\":[{\"@type\":\"ReadAction\",\"target\":[\"https:\/\/norecoil.net\/pt-br\/atribuicao-do-teclado-logitech-g-para-scripts-de-macro-sem-recuo\/\"]}]},{\"@type\":\"BreadcrumbList\",\"@id\":\"https:\/\/norecoil.net\/pt-br\/atribuicao-do-teclado-logitech-g-para-scripts-de-macro-sem-recuo\/#breadcrumb\",\"itemListElement\":[{\"@type\":\"ListItem\",\"position\":1,\"name\":\"Home\",\"item\":\"https:\/\/norecoil.net\/pt-br\/norecoil-net\/\"},{\"@type\":\"ListItem\",\"position\":2,\"name\":\"Atribui\u00e7\u00e3o do teclado Logitech G para scripts de macro sem recuo\"}]},{\"@type\":\"WebSite\",\"@id\":\"https:\/\/norecoil.net\/pt-br\/#website\",\"url\":\"https:\/\/norecoil.net\/pt-br\/\",\"name\":\"NoRecoil.Net\",\"description\":\"\",\"potentialAction\":[{\"@type\":\"SearchAction\",\"target\":{\"@type\":\"EntryPoint\",\"urlTemplate\":\"https:\/\/norecoil.net\/pt-br\/?s={search_term_string}\"},\"query-input\":\"required name=search_term_string\"}],\"inLanguage\":\"pt-BR\"}]}<\/script>\n<!-- \/ Yoast SEO Premium plugin. -->","yoast_head_json":{"title":"Atribui\u00e7\u00f5es de teclado do Logitech G para scripts de macro sem recuo","description":"Atribui\u00e7\u00f5es de teclado Logitech G para scripts de macro logitech lua no recoil. Como atribuir a fun\u00e7\u00e3o Script ao Logitech G Keyboard.","robots":{"index":"index","follow":"follow","max-snippet":"max-snippet:-1","max-image-preview":"max-image-preview:large","max-video-preview":"max-video-preview:-1"},"canonical":"https:\/\/norecoil.net\/pt-br\/atribuicao-do-teclado-logitech-g-para-scripts-de-macro-sem-recuo\/","og_locale":"pt_BR","og_type":"article","og_title":"Atribui\u00e7\u00e3o do teclado Logitech G para scripts de macro sem recuo","og_description":"Atribui\u00e7\u00f5es de teclado Logitech G para scripts de macro logitech lua no recoil. Como atribuir a fun\u00e7\u00e3o Script ao Logitech G Keyboard.","og_url":"https:\/\/norecoil.net\/pt-br\/atribuicao-do-teclado-logitech-g-para-scripts-de-macro-sem-recuo\/","og_site_name":"NoRecoil.Net","article_modified_time":"2024-02-28T15:02:18+00:00","og_image":[{"width":1200,"height":675,"url":"https:\/\/norecoil.net\/wp-content\/uploads\/2023\/09\/logitech-g-keyboard-assignment-for-logitech-lua-no-recoil-macro-scripts.webp","type":"image\/webp"}],"twitter_card":"summary_large_image","twitter_misc":{"Est. tempo de leitura":"3 minutos"},"schema":{"@context":"https:\/\/schema.org","@graph":[{"@type":"WebPage","@id":"https:\/\/norecoil.net\/pt-br\/atribuicao-do-teclado-logitech-g-para-scripts-de-macro-sem-recuo\/","url":"https:\/\/norecoil.net\/pt-br\/atribuicao-do-teclado-logitech-g-para-scripts-de-macro-sem-recuo\/","name":"Atribui\u00e7\u00f5es de teclado do Logitech G para scripts de macro sem recuo","isPartOf":{"@id":"https:\/\/norecoil.net\/pt-br\/#website"},"datePublished":"2023-09-16T05:51:50+00:00","dateModified":"2024-02-28T15:02:18+00:00","description":"Atribui\u00e7\u00f5es de teclado Logitech G para scripts de macro logitech lua no recoil. Como atribuir a fun\u00e7\u00e3o Script ao Logitech G Keyboard.","breadcrumb":{"@id":"https:\/\/norecoil.net\/pt-br\/atribuicao-do-teclado-logitech-g-para-scripts-de-macro-sem-recuo\/#breadcrumb"},"inLanguage":"pt-BR","potentialAction":[{"@type":"ReadAction","target":["https:\/\/norecoil.net\/pt-br\/atribuicao-do-teclado-logitech-g-para-scripts-de-macro-sem-recuo\/"]}]},{"@type":"BreadcrumbList","@id":"https:\/\/norecoil.net\/pt-br\/atribuicao-do-teclado-logitech-g-para-scripts-de-macro-sem-recuo\/#breadcrumb","itemListElement":[{"@type":"ListItem","position":1,"name":"Home","item":"https:\/\/norecoil.net\/pt-br\/norecoil-net\/"},{"@type":"ListItem","position":2,"name":"Atribui\u00e7\u00e3o do teclado Logitech G para scripts de macro sem recuo"}]},{"@type":"WebSite","@id":"https:\/\/norecoil.net\/pt-br\/#website","url":"https:\/\/norecoil.net\/pt-br\/","name":"NoRecoil.Net","description":"","potentialAction":[{"@type":"SearchAction","target":{"@type":"EntryPoint","urlTemplate":"https:\/\/norecoil.net\/pt-br\/?s={search_term_string}"},"query-input":"required name=search_term_string"}],"inLanguage":"pt-BR"}]}},"_links":{"self":[{"href":"https:\/\/norecoil.net\/pt-br\/wp-json\/wp\/v2\/pages\/5740","targetHints":{"allow":["GET"]}}],"collection":[{"href":"https:\/\/norecoil.net\/pt-br\/wp-json\/wp\/v2\/pages"}],"about":[{"href":"https:\/\/norecoil.net\/pt-br\/wp-json\/wp\/v2\/types\/page"}],"author":[{"embeddable":true,"href":"https:\/\/norecoil.net\/pt-br\/wp-json\/wp\/v2\/users\/1"}],"replies":[{"embeddable":true,"href":"https:\/\/norecoil.net\/pt-br\/wp-json\/wp\/v2\/comments?post=5740"}],"version-history":[{"count":0,"href":"https:\/\/norecoil.net\/pt-br\/wp-json\/wp\/v2\/pages\/5740\/revisions"}],"wp:featuredmedia":[{"embeddable":true,"href":"https:\/\/norecoil.net\/pt-br\/wp-json\/wp\/v2\/media\/3651"}],"wp:attachment":[{"href":"https:\/\/norecoil.net\/pt-br\/wp-json\/wp\/v2\/media?parent=5740"}],"curies":[{"name":"wp","href":"https:\/\/api.w.org\/{rel}","templated":true}]}}