{"id":5975,"date":"2023-09-21T10:11:24","date_gmt":"2023-09-21T10:11:24","guid":{"rendered":"https:\/\/norecoil.net\/comment-installer-corsair-no-recoil-macro\/"},"modified":"2024-02-28T15:04:03","modified_gmt":"2024-02-28T15:04:03","slug":"comment-installer-corsair-no-recoil-macro","status":"publish","type":"page","link":"https:\/\/norecoil.net\/fr\/comment-installer-corsair-no-recoil-macro\/","title":{"rendered":"Comment installer Corsair No Recoil Macro"},"content":{"rendered":"\t\t<div data-elementor-type=\"wp-page\" data-elementor-id=\"5975\" class=\"elementor elementor-5975 elementor-1745\">\n\t\t\t\t\t\t<section class=\"elementor-section elementor-top-section elementor-element elementor-element-007144e elementor-section-boxed elementor-section-height-default elementor-section-height-default\" data-id=\"007144e\" data-element_type=\"section\">\r\n\t\t\r\n\t\t\t\t\t\t\t<div class=\"elementor-container elementor-column-gap-default\">\r\n\t\t\t\t\t\t\t\t\t\t\t<div class=\"elementor-column elementor-col-100 elementor-top-column elementor-element elementor-element-aff4496 mx-auto\" data-id=\"aff4496\" data-element_type=\"column\">\r\n\t\t\t\t\t<div class=\"elementor-widget-wrap elementor-element-populated\">\r\n\t\t\t\t\t\t\t\t<div class=\"elementor-element elementor-element-2718dbf elementor-widget elementor-widget-porto_ultimate_heading\" data-id=\"2718dbf\" data-element_type=\"widget\" data-widget_type=\"porto_ultimate_heading.default\">\n\t\t\t\t<div class=\"elementor-widget-container\">\n\t\t\t\t\t<div class=\"porto-u-heading  porto-u-55ca8359258f9a412be7e73af65d2aac \"><div class=\"porto-u-main-heading\"><h2   >Comment installer Corsair No Recoil Macro<\/h2><\/div><div class=\"porto-u-sub-heading\" style=\"\"><p>Comment installer le <strong>Corsair No Recoil Macro<\/strong>; Regardez la vid\u00e9o et v\u00e9rifiez les \u00e9tapes une par une pour une installation correcte pour le <strong>Corsair No Recoil Macro<\/strong>.  <br><strong>Corsair No Recoil Macro Script ICue 3, ICue 4 et ICue 5.<\/strong><\/p><\/div><style>.porto-u-55ca8359258f9a412be7e73af65d2aac.porto-u-heading{text-align:center}<\/style><\/div>\t\t\t\t<\/div>\n\t\t\t\t<\/div>\n\t\t\t\t<div class=\"elementor-element elementor-element-86cb3d5 elementor-widget elementor-widget-porto_ultimate_heading\" data-id=\"86cb3d5\" data-element_type=\"widget\" data-widget_type=\"porto_ultimate_heading.default\">\n\t\t\t\t<div class=\"elementor-widget-container\">\n\t\t\t\t\t<div class=\"porto-u-heading  porto-u-55ca8359258f9a412be7e73af65d2aac \"><div class=\"porto-u-main-heading\"><h2 data-plugin-animated-words data-plugin-options=\"{&quot;startDelay&quot;:0,&quot;minWindowWidth&quot;:0,&quot;animationName&quot;:&quot;fadeIn&quot;,&quot;contentType&quot;:&quot;word&quot;}\"  >Instruction vid\u00e9o<\/h2><\/div><style>.porto-u-55ca8359258f9a412be7e73af65d2aac.porto-u-heading{text-align:center}<\/style><\/div>\t\t\t\t<\/div>\n\t\t\t\t<\/div>\n\t\t\t\t<div class=\"elementor-element elementor-element-712b7ba elementor-widget elementor-widget-video\" data-id=\"712b7ba\" data-element_type=\"widget\" data-settings=\"{&quot;video_type&quot;:&quot;vimeo&quot;}\" data-widget_type=\"video.default\">\n\t\t\t\t<div class=\"elementor-widget-container\">\n\t\t\t\t\t\t\t<div class=\"elementor-wrapper elementor-open-inline\">\n\t\t\t<iframe class=\"elementor-video-iframe\" allowfullscreen allow=\"clipboard-write\" title=\"Lecteur vid\u00e9o vimeo\" src=\"https:\/\/player.vimeo.com\/video\/866412907?color&amp;autopause=0&amp;loop=0&amp;muted=0&amp;title=1&amp;portrait=1&amp;byline=1#t=\"><\/iframe>\t\t<\/div>\n\t\t\t\t\t\t<\/div>\n\t\t\t\t<\/div>\n\t\t\t\t<div class=\"elementor-element elementor-element-044587b elementor-widget elementor-widget-porto_ultimate_heading\" data-id=\"044587b\" data-element_type=\"widget\" data-widget_type=\"porto_ultimate_heading.default\">\n\t\t\t\t<div class=\"elementor-widget-container\">\n\t\t\t\t\t<div class=\"porto-u-heading  porto-u-55ca8359258f9a412be7e73af65d2aac \"><div class=\"porto-u-main-heading\"><h2 data-plugin-animated-words data-plugin-options=\"{&quot;startDelay&quot;:0,&quot;minWindowWidth&quot;:0,&quot;animationName&quot;:&quot;fadeIn&quot;,&quot;contentType&quot;:&quot;word&quot;}\"  >Instructions d'installation \u00e9tape par \u00e9tape<\/h2><\/div><style>.porto-u-55ca8359258f9a412be7e73af65d2aac.porto-u-heading{text-align:center}<\/style><\/div>\t\t\t\t<\/div>\n\t\t\t\t<\/div>\n\t\t\t\t<div class=\"elementor-element elementor-element-ddbaa6e elementor-widget elementor-widget-porto_steps\" data-id=\"ddbaa6e\" data-element_type=\"widget\" data-widget_type=\"porto_steps.default\">\n\t\t\t\t<div class=\"elementor-widget-container\">\n\t\t\t\t\t<section class=\"timeline\"><div class=\"timeline-body\"><div class=\"timeline-date \"><h3 class=\"time-text step-item-subtitle\">ICUE 3<\/h3><\/div><article class=\"timeline-box left\"><div><h4 class=\"timeline-item-title step-item-title\">\u00c9tape 1 : T\u00e9l\u00e9charger ICue 3 - 4 - 5<\/h4><div class=\"timeline-item-content\"><p>Tout d'abord, nous avons besoin de  <b>notre application Souris install\u00e9e.<br>ICue 3, 4 ou 5 App. Pour <a href=\"https:\/\/www.corsair.com\/ww\/en\/downloads\" target=\"_blank\" rel=\"noopener\">t\u00e9l\u00e9charger, cliquez ici<\/a>.<\/b><\/p><h5>0. Ouvrez le fichier \u00e0 importer avec le bloc-notes.<\/h5><p>Ouvrir le bloc-notes -&gt; Appuyer sur CTRL+F Recherche de<br><strong>M55 RGB PRO<\/strong> et remplacez-le par le nom de votre souris.<br>Si votre souris est une M55 RGB PRO, vous n'avez pas besoin de faire cette \u00e9tape.<br>(Le nom de la souris doit \u00eatre EXACTEMENT le m\u00eame que celui indiqu\u00e9 dans ICUE)<br>La raison en est qu'Icue n'importe pas le fichier.<br>Veillez donc \u00e0 remplacer le nom M55 RGB PRO par votre propre nom de souris.<\/p><h4><span style=\"font-size: 14px;\">1. Ouvrez l'application Souris <strong>ICUE 3<\/strong><\/span><\/h4><p><strong><br><\/strong>(Si vous utilisez<strong> ICUE 4 ou 5<\/strong>, vous trouverez ci-dessous les instructions correspondantes)<br><strong>Importez<\/strong> les armes que vous souhaitez utiliser.<\/p><figure id=\"attachment_1747\" aria-describedby=\"caption-attachment-1747\" style=\"width: 1316px\" class=\"wp-caption alignnone\"><img fetchpriority=\"high\" decoding=\"async\" class=\"size-full wp-image-1747\" src=\"https:\/\/norecoil.net\/wp-content\/uploads\/2023\/09\/corsair-icue-3-no-recoil-macro-1.gif\" alt=\"Importer dans ICue 3 Corsair No Recoil Macro Script\" width=\"1316\" height=\"825\"><figcaption id=\"caption-attachment-1747\" class=\"wp-caption-text\">Importer dans ICue 3 Corsair No Recoil Macro Script<\/figcaption><\/figure><p> <\/p><h5>2. Allez dans <strong>Actions <\/strong>\u00e0 c\u00f4t\u00e9 de <strong>+ plus <\/strong> cliquez dessus.<\/h5><p>Recherchez dans le menu <strong>Changement de profil<\/strong> et choisissez l'autre <strong>profil<\/strong>.<br>que vous voulez changer et l'assigner \u00e0 un bouton de la souris que vous voulez utiliser.<br>Si vous avez un <strong>clavier Corsair<\/strong>, vous pouvez \u00e9galement utiliser le clavier pour changer de profil.<\/p><figure id=\"attachment_1748\" aria-describedby=\"caption-attachment-1748\" style=\"width: 1316px\" class=\"wp-caption alignnone\"><img decoding=\"async\" class=\"wp-image-1748 size-full\" src=\"https:\/\/norecoil.net\/wp-content\/uploads\/2023\/09\/corsair-icue-3-no-recoil-macro-script-2.gif\" alt=\"Attribuer un bouton Switch pour passer d'un script de macro No Recoil \u00e0 l'autre.\" width=\"1316\" height=\"825\"><figcaption id=\"caption-attachment-1748\" class=\"wp-caption-text\">Attribuer un bouton Switch pour passer d'un script de macro No Recoil \u00e0 l'autre.<\/figcaption><\/figure><p>3. Cliquez maintenant sur le bouton que vous avez assign\u00e9 au<strong>profil<\/strong> <strong><br><\/strong><strong> et suivez les <strong>m\u00eames<\/strong> <strong>\u00e9tapes<\/strong> pour ce profil afin de pouvoir <strong>passer<\/strong><strong>de<\/strong> <strong><br><\/strong><strong>\u00e0 d'autres<\/strong> <strong>profils<\/strong>.<\/strong> C'est tout.  <strong>Appr\u00e9ciez.<\/strong><\/p><\/div><\/div><\/article><div class=\"timeline-date \"><h3 class=\"time-text step-item-subtitle\">ICUE 4-5  <\/h3><\/div><article class=\"timeline-box right\"><div><h4 class=\"timeline-item-title step-item-title\">Comment installer Corsair Icue 4-5<\/h4><div class=\"timeline-item-content\"><div class=\"fw-row\"><div class=\"sh-column sh-column-7be3fb1e777683ea1c4bb7ab64b159f2 fw-col-xs-12\"><div class=\"sh-column-wrapper\"><div id=\"text-block-f5f5e77495aebb2154811a571e1d001d\" class=\"sh-text-block\"><h5>Ouvrez les fichiers <strong>Macro No Recoil<\/strong> t\u00e9l\u00e9charg\u00e9s que vous souhaitez utiliser \u00e0 l'aide du <strong>Bloc-notes<\/strong>.<\/h5><p>Ouvrir le bloc-notes -&gt; Appuyer sur CTRL+F Recherche de<br><strong>M55 RGB PRO<\/strong> et remplacez-le par le nom de votre souris.<br>Si votre souris est une M55 RGB PRO, vous n'avez pas besoin de faire cette \u00e9tape.<br>(Le nom de la souris doit \u00eatre EXACTEMENT le m\u00eame que celui indiqu\u00e9 dans ICUE)<br>La raison en est qu'Icue n'importe pas le fichier.<br>Veillez donc \u00e0 remplacer le nom M55 RGB PRO par votre propre nom de souris.<\/p><h5>1. Ouvrez votre application Souris <strong>ICUE 4<\/strong><\/h5><p><strong><br><\/strong><strong>Importez<\/strong> les armes que vous souhaitez utiliser.<br>Assurez-vous que seules les <strong>AFFECTATIONS<\/strong> sont s\u00e9lectionn\u00e9es.<\/p><figure id=\"attachment_1749\" aria-describedby=\"caption-attachment-1749\" style=\"width: 1360px\" class=\"wp-caption alignnone\"><img decoding=\"async\" class=\"size-full wp-image-1749\" src=\"https:\/\/norecoil.net\/wp-content\/uploads\/2023\/09\/corsair-icue-4-no-recoil-macro-script-1.gif\" alt=\"Importation dans ICue 4 - ICue 5 Corsair No Recoil Macro Script\" width=\"1360\" height=\"838\"><figcaption id=\"caption-attachment-1749\" class=\"wp-caption-text\">Importation dans ICue 4 - ICue 5 Corsair No Recoil Macro Script<\/figcaption><\/figure><\/div><p>Cliquez maintenant sur votre <strong>souris -&gt; Key Assignments<\/strong><\/p><p>Cliquez sur l'<strong>ic\u00f4ne Plus<\/strong> -&gt; Cliquez sur <strong>Profil unique<\/strong> et choisissez l'option \" <strong>Profil unique<\/strong> \".<br>autre <strong>profil<\/strong> pour la <strong>commutation<\/strong> et l'<strong>assigner<\/strong> \u00e0 un <strong>bouton de la souris<\/strong> que vous avez choisi.<br>que l'on souhaite utiliser pour la <strong>commutation<\/strong>.<\/p><p>Si vous avez un <strong>clavier Corsair<\/strong>, vous pouvez \u00e9galement utiliser le clavier pour changer de profil.<\/p><\/div><figure id=\"attachment_1750\" aria-describedby=\"caption-attachment-1750\" style=\"width: 1360px\" class=\"wp-caption alignnone\"><img loading=\"lazy\" decoding=\"async\" class=\"size-full wp-image-1750\" src=\"https:\/\/norecoil.net\/wp-content\/uploads\/2023\/09\/corsair-icue-4-no-recoil-macro-script-2.gif\" alt=\"Attribuer un bouton Switch pour passer d'un script de macro No Recoil \u00e0 l'autre.\" width=\"1360\" height=\"838\"><figcaption id=\"caption-attachment-1750\" class=\"wp-caption-text\">Attribuer un bouton Switch pour passer d'un script de macro No Recoil \u00e0 l'autre.<\/figcaption><\/figure><\/div><p>Cliquez maintenant sur le bouton que vous avez assign\u00e9 au<strong>profil<\/strong> <strong><br><\/strong><strong> et suivez les <strong>m\u00eames<\/strong> <strong>\u00e9tapes<\/strong> pour ce profil afin de pouvoir <strong>passer de<br><\/strong><strong>\u00e0 d'autres<\/strong> <strong>profils<\/strong>.<\/strong> C'est tout.  <strong>Appr\u00e9ciez.<\/strong><\/p><\/div><p>Apr\u00e8s la nouvelle mise \u00e0 jour d'<strong>ICUE 5<\/strong>, il se peut que vous ne puissiez plus l'assigner directement au bouton gauche de votre souris, comme indiqu\u00e9 ci-dessus.<br>Pour ce faire, vous devez r\u00e9affecter le bouton gauche de la souris \u00e0 un autre bouton. (Voir le gif ci-dessous)<br><strong>Appuyez sur \"+\" -&gt; Choisissez \"Souris\" -&gt; Cliquez sur le bouton gauche de la souris -&gt; Choisissez le bouton que vous voulez utiliser pour le clic gauche.<\/strong><br>Ensuite, vous pouvez assigner l'arme au bouton gauche de votre souris.<\/p><figure id=\"attachment_1751\" aria-describedby=\"caption-attachment-1751\" style=\"width: 2022px\" class=\"wp-caption alignnone\"><img loading=\"lazy\" decoding=\"async\" class=\"wp-image-1751 size-full\" src=\"https:\/\/norecoil.net\/wp-content\/uploads\/2023\/09\/icue-remap-left-mouse-button-to-another.gif\" alt=\"Remapper le bouton gauche de la souris pour permettre l'activation du bouton gauche de la souris.\" width=\"2022\" height=\"1242\"><figcaption id=\"caption-attachment-1751\" class=\"wp-caption-text\">Remapper le bouton gauche de la souris pour permettre l'activation du bouton gauche de la souris.<\/figcaption><\/figure><p><span style=\"text-decoration: underline;\"><strong><a href=\"\/corsair-no-recoil-macro\" target=\"_blank\" rel=\"noopener\">Cliquez ici pour voir tous les Macro Scripts Corsair No Recoil<\/a><\/strong><\/span><\/p><\/div><\/div><\/article><\/div><\/section>\t\t\t\t<\/div>\n\t\t\t\t<\/div>\n\t\t\t\t\t<\/div>\r\n\t\t\t\t<\/div>\r\n\t\t\t\t\t<\/div>\r\n\t\t\t\t<\/section>\r\n\t\t\t\t<\/div>\n\t\t","protected":false},"excerpt":{"rendered":"<p>Comment installer Corsair No Recoil Macro Comment installer le Corsair No Recoil Macro; Regardez la vid\u00e9o et v\u00e9rifiez les \u00e9tapes une par une pour une installation correcte pour le Corsair No Recoil Macro. Corsair No Recoil Macro Script ICue 3, ICue 4 et ICue 5. Instruction vid\u00e9o Instructions d&#8217;installation \u00e9tape par \u00e9tape ICUE 3 \u00c9tape [&hellip;]<\/p>\n","protected":false},"author":1,"featured_media":3901,"parent":0,"menu_order":0,"comment_status":"open","ping_status":"closed","template":"","meta":{"_acf_changed":false,"content-type":"","cybocfi_hide_featured_image":"","footnotes":""},"class_list":["post-5975","page","type-page","status-publish","has-post-thumbnail","hentry"],"acf":[],"yoast_head":"<!-- This site is optimized with the Yoast SEO Premium plugin v21.1 (Yoast SEO v21.1) - https:\/\/yoast.com\/wordpress\/plugins\/seo\/ -->\n<title>Comment installer Corsair No Recoil Macro<\/title>\n<meta name=\"description\" content=\"Comment installer la macro Corsair No Recoil pour ICue 3 - 4 - 5. No Recoil Macro Installation pour tout Corsair ICue 3-4-5 instructions avec vid\u00e9o.\" \/>\n<meta name=\"robots\" content=\"index, follow, max-snippet:-1, max-image-preview:large, max-video-preview:-1\" \/>\n<link rel=\"canonical\" href=\"https:\/\/norecoil.net\/fr\/comment-installer-corsair-no-recoil-macro\/\" \/>\n<meta property=\"og:locale\" content=\"fr_FR\" \/>\n<meta property=\"og:type\" content=\"article\" \/>\n<meta property=\"og:title\" content=\"Comment installer Corsair No Recoil Macro\" \/>\n<meta property=\"og:description\" content=\"Comment installer la macro Corsair No Recoil pour ICue 3 - 4 - 5. No Recoil Macro Installation pour tout Corsair ICue 3-4-5 instructions avec vid\u00e9o.\" \/>\n<meta property=\"og:url\" content=\"https:\/\/norecoil.net\/fr\/comment-installer-corsair-no-recoil-macro\/\" \/>\n<meta property=\"og:site_name\" content=\"NoRecoil.Net\" \/>\n<meta property=\"article:modified_time\" content=\"2024-02-28T15:04:03+00:00\" \/>\n<meta property=\"og:image\" content=\"https:\/\/norecoil.net\/wp-content\/uploads\/2023\/09\/how-to-install-corsair-no-recoil-macro.jpg\" \/>\n\t<meta property=\"og:image:width\" content=\"1200\" \/>\n\t<meta property=\"og:image:height\" content=\"675\" \/>\n\t<meta property=\"og:image:type\" content=\"image\/jpeg\" \/>\n<meta name=\"twitter:card\" content=\"summary_large_image\" \/>\n<meta name=\"twitter:label1\" content=\"Dur\u00e9e de lecture estim\u00e9e\" \/>\n\t<meta name=\"twitter:data1\" content=\"3 minutes\" \/>\n<script type=\"application\/ld+json\" class=\"yoast-schema-graph\">{\"@context\":\"https:\/\/schema.org\",\"@graph\":[{\"@type\":\"WebPage\",\"@id\":\"https:\/\/norecoil.net\/fr\/comment-installer-corsair-no-recoil-macro\/\",\"url\":\"https:\/\/norecoil.net\/fr\/comment-installer-corsair-no-recoil-macro\/\",\"name\":\"Comment installer Corsair No Recoil Macro\",\"isPartOf\":{\"@id\":\"https:\/\/norecoil.net\/fr\/#website\"},\"datePublished\":\"2023-09-21T10:11:24+00:00\",\"dateModified\":\"2024-02-28T15:04:03+00:00\",\"description\":\"Comment installer la macro Corsair No Recoil pour ICue 3 - 4 - 5. No Recoil Macro Installation pour tout Corsair ICue 3-4-5 instructions avec vid\u00e9o.\",\"breadcrumb\":{\"@id\":\"https:\/\/norecoil.net\/fr\/comment-installer-corsair-no-recoil-macro\/#breadcrumb\"},\"inLanguage\":\"fr-FR\",\"potentialAction\":[{\"@type\":\"ReadAction\",\"target\":[\"https:\/\/norecoil.net\/fr\/comment-installer-corsair-no-recoil-macro\/\"]}]},{\"@type\":\"BreadcrumbList\",\"@id\":\"https:\/\/norecoil.net\/fr\/comment-installer-corsair-no-recoil-macro\/#breadcrumb\",\"itemListElement\":[{\"@type\":\"ListItem\",\"position\":1,\"name\":\"Home\",\"item\":\"https:\/\/norecoil.net\/fr\/norecoil-net\/\"},{\"@type\":\"ListItem\",\"position\":2,\"name\":\"Comment installer Corsair No Recoil Macro\"}]},{\"@type\":\"WebSite\",\"@id\":\"https:\/\/norecoil.net\/fr\/#website\",\"url\":\"https:\/\/norecoil.net\/fr\/\",\"name\":\"NoRecoil.Net\",\"description\":\"\",\"potentialAction\":[{\"@type\":\"SearchAction\",\"target\":{\"@type\":\"EntryPoint\",\"urlTemplate\":\"https:\/\/norecoil.net\/fr\/?s={search_term_string}\"},\"query-input\":\"required name=search_term_string\"}],\"inLanguage\":\"fr-FR\"}]}<\/script>\n<!-- \/ Yoast SEO Premium plugin. -->","yoast_head_json":{"title":"Comment installer Corsair No Recoil Macro","description":"Comment installer la macro Corsair No Recoil pour ICue 3 - 4 - 5. No Recoil Macro Installation pour tout Corsair ICue 3-4-5 instructions avec vid\u00e9o.","robots":{"index":"index","follow":"follow","max-snippet":"max-snippet:-1","max-image-preview":"max-image-preview:large","max-video-preview":"max-video-preview:-1"},"canonical":"https:\/\/norecoil.net\/fr\/comment-installer-corsair-no-recoil-macro\/","og_locale":"fr_FR","og_type":"article","og_title":"Comment installer Corsair No Recoil Macro","og_description":"Comment installer la macro Corsair No Recoil pour ICue 3 - 4 - 5. No Recoil Macro Installation pour tout Corsair ICue 3-4-5 instructions avec vid\u00e9o.","og_url":"https:\/\/norecoil.net\/fr\/comment-installer-corsair-no-recoil-macro\/","og_site_name":"NoRecoil.Net","article_modified_time":"2024-02-28T15:04:03+00:00","og_image":[{"width":1200,"height":675,"url":"https:\/\/norecoil.net\/wp-content\/uploads\/2023\/09\/how-to-install-corsair-no-recoil-macro.jpg","type":"image\/jpeg"}],"twitter_card":"summary_large_image","twitter_misc":{"Dur\u00e9e de lecture estim\u00e9e":"3 minutes"},"schema":{"@context":"https:\/\/schema.org","@graph":[{"@type":"WebPage","@id":"https:\/\/norecoil.net\/fr\/comment-installer-corsair-no-recoil-macro\/","url":"https:\/\/norecoil.net\/fr\/comment-installer-corsair-no-recoil-macro\/","name":"Comment installer Corsair No Recoil Macro","isPartOf":{"@id":"https:\/\/norecoil.net\/fr\/#website"},"datePublished":"2023-09-21T10:11:24+00:00","dateModified":"2024-02-28T15:04:03+00:00","description":"Comment installer la macro Corsair No Recoil pour ICue 3 - 4 - 5. No Recoil Macro Installation pour tout Corsair ICue 3-4-5 instructions avec vid\u00e9o.","breadcrumb":{"@id":"https:\/\/norecoil.net\/fr\/comment-installer-corsair-no-recoil-macro\/#breadcrumb"},"inLanguage":"fr-FR","potentialAction":[{"@type":"ReadAction","target":["https:\/\/norecoil.net\/fr\/comment-installer-corsair-no-recoil-macro\/"]}]},{"@type":"BreadcrumbList","@id":"https:\/\/norecoil.net\/fr\/comment-installer-corsair-no-recoil-macro\/#breadcrumb","itemListElement":[{"@type":"ListItem","position":1,"name":"Home","item":"https:\/\/norecoil.net\/fr\/norecoil-net\/"},{"@type":"ListItem","position":2,"name":"Comment installer Corsair No Recoil Macro"}]},{"@type":"WebSite","@id":"https:\/\/norecoil.net\/fr\/#website","url":"https:\/\/norecoil.net\/fr\/","name":"NoRecoil.Net","description":"","potentialAction":[{"@type":"SearchAction","target":{"@type":"EntryPoint","urlTemplate":"https:\/\/norecoil.net\/fr\/?s={search_term_string}"},"query-input":"required name=search_term_string"}],"inLanguage":"fr-FR"}]}},"_links":{"self":[{"href":"https:\/\/norecoil.net\/fr\/wp-json\/wp\/v2\/pages\/5975","targetHints":{"allow":["GET"]}}],"collection":[{"href":"https:\/\/norecoil.net\/fr\/wp-json\/wp\/v2\/pages"}],"about":[{"href":"https:\/\/norecoil.net\/fr\/wp-json\/wp\/v2\/types\/page"}],"author":[{"embeddable":true,"href":"https:\/\/norecoil.net\/fr\/wp-json\/wp\/v2\/users\/1"}],"replies":[{"embeddable":true,"href":"https:\/\/norecoil.net\/fr\/wp-json\/wp\/v2\/comments?post=5975"}],"version-history":[{"count":0,"href":"https:\/\/norecoil.net\/fr\/wp-json\/wp\/v2\/pages\/5975\/revisions"}],"wp:featuredmedia":[{"embeddable":true,"href":"https:\/\/norecoil.net\/fr\/wp-json\/wp\/v2\/media\/3901"}],"wp:attachment":[{"href":"https:\/\/norecoil.net\/fr\/wp-json\/wp\/v2\/media?parent=5975"}],"curies":[{"name":"wp","href":"https:\/\/api.w.org\/{rel}","templated":true}]}}