{"id":5919,"date":"2023-09-17T21:11:50","date_gmt":"2023-09-17T21:11:50","guid":{"rendered":"https:\/\/norecoil.net\/comment-installer-sharkoon-no-recoil-macro\/"},"modified":"2024-02-28T15:03:47","modified_gmt":"2024-02-28T15:03:47","slug":"comment-installer-sharkoon-no-recoil-macro","status":"publish","type":"page","link":"https:\/\/norecoil.net\/fr\/comment-installer-sharkoon-no-recoil-macro\/","title":{"rendered":"Comment installer Sharkoon No Recoil Macro"},"content":{"rendered":"\t\t<div data-elementor-type=\"wp-page\" data-elementor-id=\"5919\" class=\"elementor elementor-5919 elementor-1721\">\n\t\t\t\t\t\t<section class=\"elementor-section elementor-top-section elementor-element elementor-element-007144e elementor-section-boxed elementor-section-height-default elementor-section-height-default\" data-id=\"007144e\" data-element_type=\"section\">\r\n\t\t\r\n\t\t\t\t\t\t\t<div class=\"elementor-container elementor-column-gap-default\">\r\n\t\t\t\t\t\t\t\t\t\t\t<div class=\"elementor-column elementor-col-100 elementor-top-column elementor-element elementor-element-aff4496 mx-auto\" data-id=\"aff4496\" data-element_type=\"column\">\r\n\t\t\t\t\t<div class=\"elementor-widget-wrap elementor-element-populated\">\r\n\t\t\t\t\t\t\t\t<div class=\"elementor-element elementor-element-2718dbf elementor-widget elementor-widget-porto_ultimate_heading\" data-id=\"2718dbf\" data-element_type=\"widget\" data-widget_type=\"porto_ultimate_heading.default\">\n\t\t\t\t<div class=\"elementor-widget-container\">\n\t\t\t\t\t<div class=\"porto-u-heading  porto-u-55ca8359258f9a412be7e73af65d2aac \"><div class=\"porto-u-main-heading\"><h2   >Comment installer Sharkoon Fireglider No Recoil Macro<\/h2><\/div><div class=\"porto-u-sub-heading\" style=\"\"><p>Comment installer Sharkoon Fireglider ; Regardez la vid\u00e9o et v\u00e9rifiez les \u00e9tapes une par une pour une installation correcte de <strong>Sharkoon Fireglider No Recoil Macros<\/strong>.<\/p><\/div><style>.porto-u-55ca8359258f9a412be7e73af65d2aac.porto-u-heading{text-align:center}<\/style><\/div>\t\t\t\t<\/div>\n\t\t\t\t<\/div>\n\t\t\t\t<div class=\"elementor-element elementor-element-86cb3d5 elementor-widget elementor-widget-porto_ultimate_heading\" data-id=\"86cb3d5\" data-element_type=\"widget\" data-widget_type=\"porto_ultimate_heading.default\">\n\t\t\t\t<div class=\"elementor-widget-container\">\n\t\t\t\t\t<div class=\"porto-u-heading  porto-u-55ca8359258f9a412be7e73af65d2aac \"><div class=\"porto-u-main-heading\"><h2 data-plugin-animated-words data-plugin-options=\"{&quot;startDelay&quot;:0,&quot;minWindowWidth&quot;:0,&quot;animationName&quot;:&quot;fadeIn&quot;,&quot;contentType&quot;:&quot;word&quot;}\"  >Instruction vid\u00e9o<\/h2><\/div><style>.porto-u-55ca8359258f9a412be7e73af65d2aac.porto-u-heading{text-align:center}<\/style><\/div>\t\t\t\t<\/div>\n\t\t\t\t<\/div>\n\t\t\t\t<div class=\"elementor-element elementor-element-712b7ba elementor-widget elementor-widget-video\" data-id=\"712b7ba\" data-element_type=\"widget\" data-settings=\"{&quot;video_type&quot;:&quot;vimeo&quot;}\" data-widget_type=\"video.default\">\n\t\t\t\t<div class=\"elementor-widget-container\">\n\t\t\t\t\t\t\t<div class=\"elementor-wrapper elementor-open-inline\">\n\t\t\t<iframe class=\"elementor-video-iframe\" allowfullscreen allow=\"clipboard-write\" title=\"Lecteur vid\u00e9o vimeo\" src=\"https:\/\/player.vimeo.com\/video\/865358208?color&amp;autopause=0&amp;loop=0&amp;muted=0&amp;title=1&amp;portrait=1&amp;byline=1#t=\"><\/iframe>\t\t<\/div>\n\t\t\t\t\t\t<\/div>\n\t\t\t\t<\/div>\n\t\t\t\t<div class=\"elementor-element elementor-element-044587b elementor-widget elementor-widget-porto_ultimate_heading\" data-id=\"044587b\" data-element_type=\"widget\" data-widget_type=\"porto_ultimate_heading.default\">\n\t\t\t\t<div class=\"elementor-widget-container\">\n\t\t\t\t\t<div class=\"porto-u-heading  porto-u-55ca8359258f9a412be7e73af65d2aac \"><div class=\"porto-u-main-heading\"><h2 data-plugin-animated-words data-plugin-options=\"{&quot;startDelay&quot;:0,&quot;minWindowWidth&quot;:0,&quot;animationName&quot;:&quot;fadeIn&quot;,&quot;contentType&quot;:&quot;word&quot;}\"  >Instructions d'installation \u00e9tape par \u00e9tape<\/h2><\/div><style>.porto-u-55ca8359258f9a412be7e73af65d2aac.porto-u-heading{text-align:center}<\/style><\/div>\t\t\t\t<\/div>\n\t\t\t\t<\/div>\n\t\t\t\t<div class=\"elementor-element elementor-element-ddbaa6e elementor-widget elementor-widget-porto_steps\" data-id=\"ddbaa6e\" data-element_type=\"widget\" data-widget_type=\"porto_steps.default\">\n\t\t\t\t<div class=\"elementor-widget-container\">\n\t\t\t\t\t<section class=\"timeline\"><div class=\"timeline-body\"><div class=\"timeline-date \"><h3 class=\"time-text step-item-subtitle\">\u00c9TAPE 1<\/h3><\/div><article class=\"timeline-box left\"><div><h4 class=\"timeline-item-title step-item-title\">\u00c9tape 1 : Ouvrir l&#039;application Souris<\/h4><div class=\"timeline-item-content\"><p>Tout d'abord, nous devons avoir <b>install\u00e9 l'application de la souris.<br>Par exemple, Sharkoon Fireglider se t\u00e9l\u00e9charge <a href=\"https:\/\/en.sharkoon.com\/product\/08599#download\" target=\"_blank\" rel=\"noopener\">en cliquant ici.<\/a><\/b><\/p><p>1. Ouvrez l'application Souris et allez dans le Gestionnaire de macros pour le bouton auquel vous voulez assigner l'arme.<br>Votre application peut sembler diff\u00e9rente, mais la logique est la m\u00eame dans toutes les applications. Importez\/ouvrez la macro du bouton de la souris que vous voulez assigner et t\u00e9l\u00e9chargez-la.<\/p><figure id=\"attachment_1712\" aria-describedby=\"caption-attachment-1712\" style=\"width: 887px\" class=\"wp-caption alignnone\"><img fetchpriority=\"high\" decoding=\"async\" class=\"wp-image-1712 size-full\" src=\"https:\/\/norecoil.net\/wp-content\/uploads\/2023\/09\/a4tech-open-macro-editor.gif\" alt=\"Ouvrir l'\u00e9diteur de macros dans Sharkoon Fireglider\" width=\"887\" height=\"747\"><figcaption id=\"caption-attachment-1712\" class=\"wp-caption-text\">Ouvrir l'\u00e9diteur de macros dans Sharkoon Fireglider<\/figcaption><\/figure><\/div><\/div><\/article><div class=\"timeline-date \"><h3 class=\"time-text step-item-subtitle\">\u00c9TAPE 2<\/h3><\/div><article class=\"timeline-box right\"><div><h4 class=\"timeline-item-title step-item-title\">Importer les fichiers Macro de Sharkoon Fireglider No Recoil<\/h4><div class=\"timeline-item-content\"><div class=\"fw-row\"><div class=\"sh-column sh-column-7be3fb1e777683ea1c4bb7ab64b159f2 fw-col-xs-12\"><div class=\"sh-column-wrapper\"><div id=\"text-block-f5f5e77495aebb2154811a571e1d001d\" class=\"sh-text-block\">Allez dans le menu d\u00e9roulant <strong>Macro<\/strong> et cliquez sur ouvrir\/importer.  <\/div><div> <\/div><\/div><\/div><\/div><div><figure id=\"attachment_1713\" aria-describedby=\"caption-attachment-1713\" style=\"width: 887px\" class=\"wp-caption alignnone\"><img decoding=\"async\" class=\"size-full wp-image-1713\" src=\"https:\/\/norecoil.net\/wp-content\/uploads\/2023\/09\/a4tech-x7-bloody-sharkoon-macro-script-2.gif\" alt=\"Cliquez sur la section Macro et choisissez l'importation\" width=\"887\" height=\"747\"><figcaption id=\"caption-attachment-1713\" class=\"wp-caption-text\">Cliquez sur la section Macro et choisissez l'importation<\/figcaption><\/figure><\/div><\/div><\/div><\/article><div class=\"timeline-date \"><h3 class=\"time-text step-item-subtitle\">\u00c9tape 3<\/h3><\/div><article class=\"timeline-box left\"><div><h4 class=\"timeline-item-title step-item-title\">Enregistrer les macros No Recoil dans l&#039;\u00e9diteur de macros<\/h4><div class=\"timeline-item-content\"><p>Choisissez les <strong>Macro Scripts No Recoil<\/strong> de votre PC que vous souhaitez importer et cliquez sur Enregistrer.<\/p><figure id=\"attachment_1714\" aria-describedby=\"caption-attachment-1714\" style=\"width: 887px\" class=\"wp-caption alignnone\"><img decoding=\"async\" class=\"size-full wp-image-1714\" src=\"https:\/\/norecoil.net\/wp-content\/uploads\/2023\/09\/a4tech-x7-bloody-sharkoon-macro-script-3.gif\" alt=\"Choisir les macros sans recul\" width=\"887\" height=\"747\"><figcaption id=\"caption-attachment-1714\" class=\"wp-caption-text\">Choisir les macros sans recul<\/figcaption><\/figure><\/div><\/div><\/article><div class=\"timeline-date \"><h3 class=\"time-text step-item-subtitle\">\u00c9tape 4<\/h3><\/div><article class=\"timeline-box right\"><div><h4 class=\"timeline-item-title step-item-title\">T\u00e9l\u00e9charger les macros No Recoil sur votre souris<\/h4><div class=\"timeline-item-content\"><p>La derni\u00e8re \u00e9tape consiste \u00e0 t\u00e9l\u00e9charger le script sur votre souris. Appuyez sur l'ic\u00f4ne de la souris en bas \u00e0 gauche pour t\u00e9l\u00e9charger le <strong>No Recoil Macro Script<\/strong> sur votre souris.<\/p><figure id=\"attachment_1715\" aria-describedby=\"caption-attachment-1715\" style=\"width: 887px\" class=\"wp-caption alignnone\"><img loading=\"lazy\" decoding=\"async\" class=\"wp-image-1715 size-full\" src=\"https:\/\/norecoil.net\/wp-content\/uploads\/2023\/09\/a4tech-macro.gif\" alt=\"T\u00e9l\u00e9chargez la macro Sharkoon Fireglider No Recoil sur votre souris\" width=\"887\" height=\"747\"><figcaption id=\"caption-attachment-1715\" class=\"wp-caption-text\">T\u00e9l\u00e9chargez la macro Sharkoon Fireglider No Recoil sur votre souris<\/figcaption><\/figure><p>Comme mentionn\u00e9 pr\u00e9c\u00e9demment, votre application peut sembler diff\u00e9rente, mais la logique est la m\u00eame.<br>identique dans toutes les applications. Vous devez t\u00e9l\u00e9charger\/ouvrir\/importer le fichier dans votre<br>et l'assigner au bouton de la souris que vous souhaitez utiliser.<\/p><p>Un clic sur le bouton assign\u00e9 activera le script et pendant que<br>Si vous appuyez sur le bouton gauche de la souris (Msb1), votre souris se d\u00e9placera.<br>Pour fermer, cliquez \u00e0 nouveau sur le bouton assign\u00e9 \u00e0 la souris.<\/p><p><a href=\"\/sharkoon-no-recoil-macro\"><span style=\"text-decoration: underline;\"><strong>Cliquez ici pour voir tous les Sharkoon Fireglider No Recoil Macros<\/strong><\/span><\/a><\/p><\/div><\/div><\/article><\/div><\/section>\t\t\t\t<\/div>\n\t\t\t\t<\/div>\n\t\t\t\t\t<\/div>\r\n\t\t\t\t<\/div>\r\n\t\t\t\t\t<\/div>\r\n\t\t\t\t<\/section>\r\n\t\t\t\t<\/div>\n\t\t","protected":false},"excerpt":{"rendered":"<p>Comment installer Sharkoon Fireglider No Recoil Macro Comment installer Sharkoon Fireglider ; Regardez la vid\u00e9o et v\u00e9rifiez les \u00e9tapes une par une pour une installation correcte de Sharkoon Fireglider No Recoil Macros. Instruction vid\u00e9o Instructions d&#8217;installation \u00e9tape par \u00e9tape \u00c9TAPE 1 \u00c9tape 1 : Ouvrir l&#039;application Souris Tout d&#8217;abord, nous devons avoir install\u00e9 l&#8217;application de [&hellip;]<\/p>\n","protected":false},"author":1,"featured_media":3803,"parent":0,"menu_order":0,"comment_status":"open","ping_status":"closed","template":"","meta":{"_acf_changed":false,"content-type":"","cybocfi_hide_featured_image":"","footnotes":""},"class_list":["post-5919","page","type-page","status-publish","has-post-thumbnail","hentry"],"acf":[],"yoast_head":"<!-- This site is optimized with the Yoast SEO Premium plugin v21.1 (Yoast SEO v21.1) - https:\/\/yoast.com\/wordpress\/plugins\/seo\/ -->\n<title>Comment installer Sharkoon Fireglider No Recoil Macro<\/title>\n<meta name=\"description\" content=\"Comment installer la macro Sharkoon No Recoil pour Sharkoon. Installation de la Macro No Recoil pour toute instruction Sharkoon Fireglider avec vid\u00e9o.\" \/>\n<meta name=\"robots\" content=\"index, follow, max-snippet:-1, max-image-preview:large, max-video-preview:-1\" \/>\n<link rel=\"canonical\" href=\"https:\/\/norecoil.net\/fr\/comment-installer-sharkoon-no-recoil-macro\/\" \/>\n<meta property=\"og:locale\" content=\"fr_FR\" \/>\n<meta property=\"og:type\" content=\"article\" \/>\n<meta property=\"og:title\" content=\"Comment installer Sharkoon No Recoil Macro\" \/>\n<meta property=\"og:description\" content=\"Comment installer la macro Sharkoon No Recoil pour Sharkoon. Installation de la Macro No Recoil pour toute instruction Sharkoon Fireglider avec vid\u00e9o.\" \/>\n<meta property=\"og:url\" content=\"https:\/\/norecoil.net\/fr\/comment-installer-sharkoon-no-recoil-macro\/\" \/>\n<meta property=\"og:site_name\" content=\"NoRecoil.Net\" \/>\n<meta property=\"article:modified_time\" content=\"2024-02-28T15:03:47+00:00\" \/>\n<meta property=\"og:image\" content=\"https:\/\/norecoil.net\/wp-content\/uploads\/2023\/09\/how-to-install-sharkoon.jpg\" \/>\n\t<meta property=\"og:image:width\" content=\"1200\" \/>\n\t<meta property=\"og:image:height\" content=\"675\" \/>\n\t<meta property=\"og:image:type\" content=\"image\/jpeg\" \/>\n<meta name=\"twitter:card\" content=\"summary_large_image\" \/>\n<meta name=\"twitter:label1\" content=\"Dur\u00e9e de lecture estim\u00e9e\" \/>\n\t<meta name=\"twitter:data1\" content=\"2 minutes\" \/>\n<script type=\"application\/ld+json\" class=\"yoast-schema-graph\">{\"@context\":\"https:\/\/schema.org\",\"@graph\":[{\"@type\":\"WebPage\",\"@id\":\"https:\/\/norecoil.net\/fr\/comment-installer-sharkoon-no-recoil-macro\/\",\"url\":\"https:\/\/norecoil.net\/fr\/comment-installer-sharkoon-no-recoil-macro\/\",\"name\":\"Comment installer Sharkoon Fireglider No Recoil Macro\",\"isPartOf\":{\"@id\":\"https:\/\/norecoil.net\/fr\/#website\"},\"datePublished\":\"2023-09-17T21:11:50+00:00\",\"dateModified\":\"2024-02-28T15:03:47+00:00\",\"description\":\"Comment installer la macro Sharkoon No Recoil pour Sharkoon. Installation de la Macro No Recoil pour toute instruction Sharkoon Fireglider avec vid\u00e9o.\",\"breadcrumb\":{\"@id\":\"https:\/\/norecoil.net\/fr\/comment-installer-sharkoon-no-recoil-macro\/#breadcrumb\"},\"inLanguage\":\"fr-FR\",\"potentialAction\":[{\"@type\":\"ReadAction\",\"target\":[\"https:\/\/norecoil.net\/fr\/comment-installer-sharkoon-no-recoil-macro\/\"]}]},{\"@type\":\"BreadcrumbList\",\"@id\":\"https:\/\/norecoil.net\/fr\/comment-installer-sharkoon-no-recoil-macro\/#breadcrumb\",\"itemListElement\":[{\"@type\":\"ListItem\",\"position\":1,\"name\":\"Home\",\"item\":\"https:\/\/norecoil.net\/fr\/norecoil-net\/\"},{\"@type\":\"ListItem\",\"position\":2,\"name\":\"Comment installer Sharkoon No Recoil Macro\"}]},{\"@type\":\"WebSite\",\"@id\":\"https:\/\/norecoil.net\/fr\/#website\",\"url\":\"https:\/\/norecoil.net\/fr\/\",\"name\":\"NoRecoil.Net\",\"description\":\"\",\"potentialAction\":[{\"@type\":\"SearchAction\",\"target\":{\"@type\":\"EntryPoint\",\"urlTemplate\":\"https:\/\/norecoil.net\/fr\/?s={search_term_string}\"},\"query-input\":\"required name=search_term_string\"}],\"inLanguage\":\"fr-FR\"}]}<\/script>\n<!-- \/ Yoast SEO Premium plugin. -->","yoast_head_json":{"title":"Comment installer Sharkoon Fireglider No Recoil Macro","description":"Comment installer la macro Sharkoon No Recoil pour Sharkoon. Installation de la Macro No Recoil pour toute instruction Sharkoon Fireglider avec vid\u00e9o.","robots":{"index":"index","follow":"follow","max-snippet":"max-snippet:-1","max-image-preview":"max-image-preview:large","max-video-preview":"max-video-preview:-1"},"canonical":"https:\/\/norecoil.net\/fr\/comment-installer-sharkoon-no-recoil-macro\/","og_locale":"fr_FR","og_type":"article","og_title":"Comment installer Sharkoon No Recoil Macro","og_description":"Comment installer la macro Sharkoon No Recoil pour Sharkoon. Installation de la Macro No Recoil pour toute instruction Sharkoon Fireglider avec vid\u00e9o.","og_url":"https:\/\/norecoil.net\/fr\/comment-installer-sharkoon-no-recoil-macro\/","og_site_name":"NoRecoil.Net","article_modified_time":"2024-02-28T15:03:47+00:00","og_image":[{"width":1200,"height":675,"url":"https:\/\/norecoil.net\/wp-content\/uploads\/2023\/09\/how-to-install-sharkoon.jpg","type":"image\/jpeg"}],"twitter_card":"summary_large_image","twitter_misc":{"Dur\u00e9e de lecture estim\u00e9e":"2 minutes"},"schema":{"@context":"https:\/\/schema.org","@graph":[{"@type":"WebPage","@id":"https:\/\/norecoil.net\/fr\/comment-installer-sharkoon-no-recoil-macro\/","url":"https:\/\/norecoil.net\/fr\/comment-installer-sharkoon-no-recoil-macro\/","name":"Comment installer Sharkoon Fireglider No Recoil Macro","isPartOf":{"@id":"https:\/\/norecoil.net\/fr\/#website"},"datePublished":"2023-09-17T21:11:50+00:00","dateModified":"2024-02-28T15:03:47+00:00","description":"Comment installer la macro Sharkoon No Recoil pour Sharkoon. Installation de la Macro No Recoil pour toute instruction Sharkoon Fireglider avec vid\u00e9o.","breadcrumb":{"@id":"https:\/\/norecoil.net\/fr\/comment-installer-sharkoon-no-recoil-macro\/#breadcrumb"},"inLanguage":"fr-FR","potentialAction":[{"@type":"ReadAction","target":["https:\/\/norecoil.net\/fr\/comment-installer-sharkoon-no-recoil-macro\/"]}]},{"@type":"BreadcrumbList","@id":"https:\/\/norecoil.net\/fr\/comment-installer-sharkoon-no-recoil-macro\/#breadcrumb","itemListElement":[{"@type":"ListItem","position":1,"name":"Home","item":"https:\/\/norecoil.net\/fr\/norecoil-net\/"},{"@type":"ListItem","position":2,"name":"Comment installer Sharkoon No Recoil Macro"}]},{"@type":"WebSite","@id":"https:\/\/norecoil.net\/fr\/#website","url":"https:\/\/norecoil.net\/fr\/","name":"NoRecoil.Net","description":"","potentialAction":[{"@type":"SearchAction","target":{"@type":"EntryPoint","urlTemplate":"https:\/\/norecoil.net\/fr\/?s={search_term_string}"},"query-input":"required name=search_term_string"}],"inLanguage":"fr-FR"}]}},"_links":{"self":[{"href":"https:\/\/norecoil.net\/fr\/wp-json\/wp\/v2\/pages\/5919","targetHints":{"allow":["GET"]}}],"collection":[{"href":"https:\/\/norecoil.net\/fr\/wp-json\/wp\/v2\/pages"}],"about":[{"href":"https:\/\/norecoil.net\/fr\/wp-json\/wp\/v2\/types\/page"}],"author":[{"embeddable":true,"href":"https:\/\/norecoil.net\/fr\/wp-json\/wp\/v2\/users\/1"}],"replies":[{"embeddable":true,"href":"https:\/\/norecoil.net\/fr\/wp-json\/wp\/v2\/comments?post=5919"}],"version-history":[{"count":0,"href":"https:\/\/norecoil.net\/fr\/wp-json\/wp\/v2\/pages\/5919\/revisions"}],"wp:featuredmedia":[{"embeddable":true,"href":"https:\/\/norecoil.net\/fr\/wp-json\/wp\/v2\/media\/3803"}],"wp:attachment":[{"href":"https:\/\/norecoil.net\/fr\/wp-json\/wp\/v2\/media?parent=5919"}],"curies":[{"name":"wp","href":"https:\/\/api.w.org\/{rel}","templated":true}]}}