{"id":5895,"date":"2023-09-20T13:44:01","date_gmt":"2023-09-20T13:44:01","guid":{"rendered":"https:\/\/norecoil.net\/comment-installer-bloody-no-recoil-macro\/"},"modified":"2024-02-28T15:03:33","modified_gmt":"2024-02-28T15:03:33","slug":"comment-installer-bloody-no-recoil-macro","status":"publish","type":"page","link":"https:\/\/norecoil.net\/fr\/comment-installer-bloody-no-recoil-macro\/","title":{"rendered":"Comment installer Bloody No Recoil Macro"},"content":{"rendered":"\t\t<div data-elementor-type=\"wp-page\" data-elementor-id=\"5895\" class=\"elementor elementor-5895 elementor-1728\">\n\t\t\t\t\t\t<section class=\"elementor-section elementor-top-section elementor-element elementor-element-007144e elementor-section-boxed elementor-section-height-default elementor-section-height-default\" data-id=\"007144e\" data-element_type=\"section\">\r\n\t\t\r\n\t\t\t\t\t\t\t<div class=\"elementor-container elementor-column-gap-default\">\r\n\t\t\t\t\t\t\t\t\t\t\t<div class=\"elementor-column elementor-col-100 elementor-top-column elementor-element elementor-element-aff4496 mx-auto\" data-id=\"aff4496\" data-element_type=\"column\">\r\n\t\t\t\t\t<div class=\"elementor-widget-wrap elementor-element-populated\">\r\n\t\t\t\t\t\t\t\t<div class=\"elementor-element elementor-element-2718dbf elementor-widget elementor-widget-porto_ultimate_heading\" data-id=\"2718dbf\" data-element_type=\"widget\" data-widget_type=\"porto_ultimate_heading.default\">\n\t\t\t\t<div class=\"elementor-widget-container\">\n\t\t\t\t\t<div class=\"porto-u-heading  porto-u-55ca8359258f9a412be7e73af65d2aac \"><div class=\"porto-u-main-heading\"><h2   >Comment installer Bloody No Recoil Macro<\/h2><\/div><div class=\"porto-u-sub-heading\" style=\"\"><p>Comment installer Bloody ; Regardez la vid\u00e9o et v\u00e9rifiez les \u00e9tapes une par une pour une installation correcte de <strong>Bloody No Recoil Macros.<br>Vous trouverez les instructions pour ULTRA CORE 3 et ULTRA CORE 4<\/strong>.<\/p><\/div><style>.porto-u-55ca8359258f9a412be7e73af65d2aac.porto-u-heading{text-align:center}<\/style><\/div>\t\t\t\t<\/div>\n\t\t\t\t<\/div>\n\t\t\t\t<div class=\"elementor-element elementor-element-86cb3d5 elementor-widget elementor-widget-porto_ultimate_heading\" data-id=\"86cb3d5\" data-element_type=\"widget\" data-widget_type=\"porto_ultimate_heading.default\">\n\t\t\t\t<div class=\"elementor-widget-container\">\n\t\t\t\t\t<div class=\"porto-u-heading  porto-u-55ca8359258f9a412be7e73af65d2aac \"><div class=\"porto-u-main-heading\"><h2 data-plugin-animated-words data-plugin-options=\"{&quot;startDelay&quot;:0,&quot;minWindowWidth&quot;:0,&quot;animationName&quot;:&quot;fadeIn&quot;,&quot;contentType&quot;:&quot;word&quot;}\"  >Instruction vid\u00e9o<\/h2><\/div><style>.porto-u-55ca8359258f9a412be7e73af65d2aac.porto-u-heading{text-align:center}<\/style><\/div>\t\t\t\t<\/div>\n\t\t\t\t<\/div>\n\t\t\t\t<div class=\"elementor-element elementor-element-712b7ba elementor-widget elementor-widget-video\" data-id=\"712b7ba\" data-element_type=\"widget\" data-settings=\"{&quot;video_type&quot;:&quot;vimeo&quot;}\" data-widget_type=\"video.default\">\n\t\t\t\t<div class=\"elementor-widget-container\">\n\t\t\t\t\t\t\t<div class=\"elementor-wrapper elementor-open-inline\">\n\t\t\t<iframe class=\"elementor-video-iframe\" allowfullscreen allow=\"clipboard-write\" title=\"Lecteur vid\u00e9o vimeo\" src=\"https:\/\/player.vimeo.com\/video\/865379618?color&amp;autopause=0&amp;loop=0&amp;muted=0&amp;title=1&amp;portrait=1&amp;byline=1#t=\"><\/iframe>\t\t<\/div>\n\t\t\t\t\t\t<\/div>\n\t\t\t\t<\/div>\n\t\t\t\t<div class=\"elementor-element elementor-element-044587b elementor-widget elementor-widget-porto_ultimate_heading\" data-id=\"044587b\" data-element_type=\"widget\" data-widget_type=\"porto_ultimate_heading.default\">\n\t\t\t\t<div class=\"elementor-widget-container\">\n\t\t\t\t\t<div class=\"porto-u-heading  porto-u-55ca8359258f9a412be7e73af65d2aac \"><div class=\"porto-u-main-heading\"><h2 data-plugin-animated-words data-plugin-options=\"{&quot;startDelay&quot;:0,&quot;minWindowWidth&quot;:0,&quot;animationName&quot;:&quot;fadeIn&quot;,&quot;contentType&quot;:&quot;word&quot;}\"  >Instructions d'installation \u00e9tape par \u00e9tape<\/h2><\/div><style>.porto-u-55ca8359258f9a412be7e73af65d2aac.porto-u-heading{text-align:center}<\/style><\/div>\t\t\t\t<\/div>\n\t\t\t\t<\/div>\n\t\t\t\t<div class=\"elementor-element elementor-element-ddbaa6e elementor-widget elementor-widget-porto_steps\" data-id=\"ddbaa6e\" data-element_type=\"widget\" data-widget_type=\"porto_steps.default\">\n\t\t\t\t<div class=\"elementor-widget-container\">\n\t\t\t\t\t<section class=\"timeline\"><div class=\"timeline-body\"><div class=\"timeline-date \"><h3 class=\"time-text step-item-subtitle\">Instruction pour ULTRA CORE 4<\/h3><\/div><article class=\"timeline-box left\"><div><h4 class=\"timeline-item-title step-item-title\">\u00c9tape 1 : Ouvrir l&#039;application Souris<\/h4><div class=\"timeline-item-content\"><p>Tout d'abord, nous avons besoin de  <b>notre application Souris install\u00e9e.<br>Bloody App. Pour <a href=\"https:\/\/www.bloody.com\/en\/Download.php\" target=\"_blank\" rel=\"noopener\">t\u00e9l\u00e9charger, cliquez ici<\/a>.<\/b><\/p><p>1. Ouvrez l'application Souris et choisissez <strong>Ultra Core4<\/strong>.<br>Si vous n'avez que l'<strong>UltraCore3<\/strong>, vous pouvez consulter l'instruction <strong>UltraCore3<\/strong>.<br>Apr\u00e8s avoir choisi <strong>ultra core4, cliquez sur Oscar Macro II<br><\/strong>et cr\u00e9ez un <strong>nouveau dossier<\/strong>.<\/p><p> <\/p><center><figure id=\"attachment_1730\" aria-describedby=\"caption-attachment-1730\" style=\"width: 865px\" class=\"wp-caption alignnone\"><img fetchpriority=\"high\" decoding=\"async\" class=\"wp-image-1730 size-full\" src=\"https:\/\/norecoil.net\/wp-content\/uploads\/2023\/09\/bloody-ultra-core-4-how-to-install-1.gif\" alt=\"Choisissez Bloody Ultra Core 4 et allez \u00e0 \"OSCAR MACRO II\".\" width=\"865\" height=\"561\"><figcaption id=\"caption-attachment-1730\" class=\"wp-caption-text\">Choisissez Bloody Ultra Core 4 et allez \u00e0 \"OSCAR MACRO II\".<\/figcaption><\/figure><\/center><p> <\/p><p> <\/p><p>2. Choisissez maintenant dans le m\u00eame menu <strong>Import IN\/OUT<br><\/strong>S\u00e9lectionnez les fichiers que vous avez t\u00e9l\u00e9charg\u00e9s.  <\/p><center><figure id=\"attachment_1731\" aria-describedby=\"caption-attachment-1731\" style=\"width: 865px\" class=\"wp-caption alignnone\"><img decoding=\"async\" class=\"size-full wp-image-1731\" src=\"https:\/\/norecoil.net\/wp-content\/uploads\/2023\/09\/bloody-ultra-core-4-how-to-install-2.gif\" alt=\"Importer le script de la macro No Recoil\" width=\"865\" height=\"561\"><figcaption id=\"caption-attachment-1731\" class=\"wp-caption-text\">Importer le script de la macro No Recoil<\/figcaption><\/figure><\/center><p> <\/p><p>3. Cliquez maintenant sur \"Bouton\" et choisissez le bouton de la souris que vous voulez utiliser pour activer l'arme et s\u00e9lectionnez l'arme dans \"Select Macro File\" et cliquez sur  <strong>POSEZ VOTRE CANDIDATURE.<br>C'est tout. Appr\u00e9ciez.<\/strong><\/p><p> <\/p><figure id=\"attachment_1732\" aria-describedby=\"caption-attachment-1732\" style=\"width: 1061px\" class=\"wp-caption alignnone\"><img decoding=\"async\" class=\"size-full wp-image-1732\" src=\"https:\/\/norecoil.net\/wp-content\/uploads\/2023\/09\/bloody-ultra-core-4-how-to-install-3.gif\" alt=\"T\u00e9l\u00e9chargez le script de la macro No Recoil sur votre Bloody Mouse\" width=\"1061\" height=\"656\"><figcaption id=\"caption-attachment-1732\" class=\"wp-caption-text\">T\u00e9l\u00e9chargez le script de la macro No Recoil sur votre Bloody Mouse<\/figcaption><\/figure><\/div><\/div><\/article><div class=\"timeline-date \"><h3 class=\"time-text step-item-subtitle\">Instruction pour ULTRA CORE 3<\/h3><\/div><article class=\"timeline-box right\"><div><h4 class=\"timeline-item-title step-item-title\">Importer les fichiers Macro de Sharkoon Fireglider No Recoil<\/h4><div class=\"timeline-item-content\"><div class=\"fw-row\"><div class=\"sh-column sh-column-7be3fb1e777683ea1c4bb7ab64b159f2 fw-col-xs-12\"><div class=\"sh-column-wrapper\"><div id=\"text-block-f5f5e77495aebb2154811a571e1d001d\" class=\"sh-text-block\">S\u00e9lectionnez <strong>UltraCore3 <\/strong>et allez sur <strong>Oscar Macro II et<br><\/strong><strong>Cr\u00e9er un nouveau dossier<\/strong>.<\/div><\/div><div> <\/div><\/div><div><figure id=\"attachment_1733\" aria-describedby=\"caption-attachment-1733\" style=\"width: 865px\" class=\"wp-caption alignnone\"><img loading=\"lazy\" decoding=\"async\" class=\"size-full wp-image-1733\" src=\"https:\/\/norecoil.net\/wp-content\/uploads\/2023\/09\/bloody-ultra-core-3-how-to-install-1.gif\" alt=\"Choisissez ultra core 3 in bloody\" width=\"865\" height=\"565\"><figcaption id=\"caption-attachment-1733\" class=\"wp-caption-text\">Choisissez ultra core 3 in bloody<\/figcaption><\/figure><\/div><p>Cliquez ensuite dans la m\u00eame liste sur <strong>Import IN\/OUT<\/strong> et choisissez dans les fichiers t\u00e9l\u00e9charg\u00e9s les armes que vous souhaitez utiliser.<\/p><\/div><figure id=\"attachment_1734\" aria-describedby=\"caption-attachment-1734\" style=\"width: 865px\" class=\"wp-caption alignnone\"><img loading=\"lazy\" decoding=\"async\" class=\"size-full wp-image-1734\" src=\"https:\/\/norecoil.net\/wp-content\/uploads\/2023\/09\/bloody-ultra-core-3-how-to-install-2.gif\" alt=\"Importer les scripts de la macro No Recoil dans Bloody\" width=\"865\" height=\"565\"><figcaption id=\"caption-attachment-1734\" class=\"wp-caption-text\">Importer les scripts de la macro No Recoil dans Bloody<\/figcaption><\/figure><p> <\/p><p>Allez maintenant \u00e0 Headshot -&gt; M-Macro<br>S\u00e9lectionnez l'<strong>arme <\/strong>et cliquez sur<strong> Retour<br>Cliquez sur Oui <\/strong>, \u00e9crivez le nom de l'<strong>arme<\/strong> et allez sur <strong>Bouton<\/strong>.<\/p><p> <\/p><figure id=\"attachment_1735\" aria-describedby=\"caption-attachment-1735\" style=\"width: 865px\" class=\"wp-caption alignnone\"><img loading=\"lazy\" decoding=\"async\" class=\"size-full wp-image-1735\" src=\"https:\/\/norecoil.net\/wp-content\/uploads\/2023\/09\/bloody-ultra-core-3-how-to-install-3.gif\" alt=\"Ouvrez la section \"Macro\" dans Bloody\" width=\"865\" height=\"565\"><figcaption id=\"caption-attachment-1735\" class=\"wp-caption-text\">Ouvrez la section \"Macro\" dans Bloody<\/figcaption><\/figure><p> <\/p><p>Choisissez la souris que vous voulez utiliser pour l'<strong>activer <\/strong>et <strong>s\u00e9lectionnez <\/strong>l'<strong>arme \u00e0<\/strong> partir de<strong> Select Macro Files <\/strong>.<strong>  arme.<br>C'est tout. Profitez-en !<\/strong><\/p><p> <\/p><figure id=\"attachment_1736\" aria-describedby=\"caption-attachment-1736\" style=\"width: 1061px\" class=\"wp-caption alignnone\"><img loading=\"lazy\" decoding=\"async\" class=\"size-full wp-image-1736\" src=\"https:\/\/norecoil.net\/wp-content\/uploads\/2023\/09\/bloody-ultra-core-3-how-to-install-4.gif\" alt=\"T\u00e9l\u00e9chargement des scripts de la macro No Recoil sur votre souris\" width=\"1061\" height=\"656\"><figcaption id=\"caption-attachment-1736\" class=\"wp-caption-text\">T\u00e9l\u00e9chargement des scripts de la macro No Recoil sur votre souris<\/figcaption><\/figure><\/div><\/div><\/article><\/div><\/section>\t\t\t\t<\/div>\n\t\t\t\t<\/div>\n\t\t\t\t\t<\/div>\r\n\t\t\t\t<\/div>\r\n\t\t\t\t\t<\/div>\r\n\t\t\t\t<\/section>\r\n\t\t\t\t<\/div>\n\t\t","protected":false},"excerpt":{"rendered":"<p>Comment installer Bloody No Recoil Macro Comment installer Bloody ; Regardez la vid\u00e9o et v\u00e9rifiez les \u00e9tapes une par une pour une installation correcte de Bloody No Recoil Macros.Vous trouverez les instructions pour ULTRA CORE 3 et ULTRA CORE 4. Instruction vid\u00e9o Instructions d&#8217;installation \u00e9tape par \u00e9tape Instruction pour ULTRA CORE 4 \u00c9tape 1 : [&hellip;]<\/p>\n","protected":false},"author":1,"featured_media":3859,"parent":0,"menu_order":0,"comment_status":"open","ping_status":"closed","template":"","meta":{"_acf_changed":false,"content-type":"","cybocfi_hide_featured_image":"","footnotes":""},"class_list":["post-5895","page","type-page","status-publish","has-post-thumbnail","hentry"],"acf":[],"yoast_head":"<!-- This site is optimized with the Yoast SEO Premium plugin v21.1 (Yoast SEO v21.1) - https:\/\/yoast.com\/wordpress\/plugins\/seo\/ -->\n<title>Comment installer Bloody No Recoil Macro<\/title>\n<meta name=\"description\" content=\"Comment installer la macro Bloody No Recoil pour Bloody. Installation de la macro sans recul pour toute instruction sanglante avec vid\u00e9o.\" \/>\n<meta name=\"robots\" content=\"index, follow, max-snippet:-1, max-image-preview:large, max-video-preview:-1\" \/>\n<link rel=\"canonical\" href=\"https:\/\/norecoil.net\/fr\/comment-installer-bloody-no-recoil-macro\/\" \/>\n<meta property=\"og:locale\" content=\"fr_FR\" \/>\n<meta property=\"og:type\" content=\"article\" \/>\n<meta property=\"og:title\" content=\"Comment installer Bloody No Recoil Macro\" \/>\n<meta property=\"og:description\" content=\"Comment installer la macro Bloody No Recoil pour Bloody. Installation de la macro sans recul pour toute instruction sanglante avec vid\u00e9o.\" \/>\n<meta property=\"og:url\" content=\"https:\/\/norecoil.net\/fr\/comment-installer-bloody-no-recoil-macro\/\" \/>\n<meta property=\"og:site_name\" content=\"NoRecoil.Net\" \/>\n<meta property=\"article:modified_time\" content=\"2024-02-28T15:03:33+00:00\" \/>\n<meta property=\"og:image\" content=\"https:\/\/norecoil.net\/wp-content\/uploads\/2023\/09\/how-to-install-bloody.jpg\" \/>\n\t<meta property=\"og:image:width\" content=\"1200\" \/>\n\t<meta property=\"og:image:height\" content=\"675\" \/>\n\t<meta property=\"og:image:type\" content=\"image\/jpeg\" \/>\n<meta name=\"twitter:card\" content=\"summary_large_image\" \/>\n<meta name=\"twitter:label1\" content=\"Dur\u00e9e de lecture estim\u00e9e\" \/>\n\t<meta name=\"twitter:data1\" content=\"2 minutes\" \/>\n<script type=\"application\/ld+json\" class=\"yoast-schema-graph\">{\"@context\":\"https:\/\/schema.org\",\"@graph\":[{\"@type\":\"WebPage\",\"@id\":\"https:\/\/norecoil.net\/fr\/comment-installer-bloody-no-recoil-macro\/\",\"url\":\"https:\/\/norecoil.net\/fr\/comment-installer-bloody-no-recoil-macro\/\",\"name\":\"Comment installer Bloody No Recoil Macro\",\"isPartOf\":{\"@id\":\"https:\/\/norecoil.net\/fr\/#website\"},\"datePublished\":\"2023-09-20T13:44:01+00:00\",\"dateModified\":\"2024-02-28T15:03:33+00:00\",\"description\":\"Comment installer la macro Bloody No Recoil pour Bloody. Installation de la macro sans recul pour toute instruction sanglante avec vid\u00e9o.\",\"breadcrumb\":{\"@id\":\"https:\/\/norecoil.net\/fr\/comment-installer-bloody-no-recoil-macro\/#breadcrumb\"},\"inLanguage\":\"fr-FR\",\"potentialAction\":[{\"@type\":\"ReadAction\",\"target\":[\"https:\/\/norecoil.net\/fr\/comment-installer-bloody-no-recoil-macro\/\"]}]},{\"@type\":\"BreadcrumbList\",\"@id\":\"https:\/\/norecoil.net\/fr\/comment-installer-bloody-no-recoil-macro\/#breadcrumb\",\"itemListElement\":[{\"@type\":\"ListItem\",\"position\":1,\"name\":\"Home\",\"item\":\"https:\/\/norecoil.net\/fr\/norecoil-net\/\"},{\"@type\":\"ListItem\",\"position\":2,\"name\":\"Comment installer Bloody No Recoil Macro\"}]},{\"@type\":\"WebSite\",\"@id\":\"https:\/\/norecoil.net\/fr\/#website\",\"url\":\"https:\/\/norecoil.net\/fr\/\",\"name\":\"NoRecoil.Net\",\"description\":\"\",\"potentialAction\":[{\"@type\":\"SearchAction\",\"target\":{\"@type\":\"EntryPoint\",\"urlTemplate\":\"https:\/\/norecoil.net\/fr\/?s={search_term_string}\"},\"query-input\":\"required name=search_term_string\"}],\"inLanguage\":\"fr-FR\"}]}<\/script>\n<!-- \/ Yoast SEO Premium plugin. -->","yoast_head_json":{"title":"Comment installer Bloody No Recoil Macro","description":"Comment installer la macro Bloody No Recoil pour Bloody. Installation de la macro sans recul pour toute instruction sanglante avec vid\u00e9o.","robots":{"index":"index","follow":"follow","max-snippet":"max-snippet:-1","max-image-preview":"max-image-preview:large","max-video-preview":"max-video-preview:-1"},"canonical":"https:\/\/norecoil.net\/fr\/comment-installer-bloody-no-recoil-macro\/","og_locale":"fr_FR","og_type":"article","og_title":"Comment installer Bloody No Recoil Macro","og_description":"Comment installer la macro Bloody No Recoil pour Bloody. Installation de la macro sans recul pour toute instruction sanglante avec vid\u00e9o.","og_url":"https:\/\/norecoil.net\/fr\/comment-installer-bloody-no-recoil-macro\/","og_site_name":"NoRecoil.Net","article_modified_time":"2024-02-28T15:03:33+00:00","og_image":[{"width":1200,"height":675,"url":"https:\/\/norecoil.net\/wp-content\/uploads\/2023\/09\/how-to-install-bloody.jpg","type":"image\/jpeg"}],"twitter_card":"summary_large_image","twitter_misc":{"Dur\u00e9e de lecture estim\u00e9e":"2 minutes"},"schema":{"@context":"https:\/\/schema.org","@graph":[{"@type":"WebPage","@id":"https:\/\/norecoil.net\/fr\/comment-installer-bloody-no-recoil-macro\/","url":"https:\/\/norecoil.net\/fr\/comment-installer-bloody-no-recoil-macro\/","name":"Comment installer Bloody No Recoil Macro","isPartOf":{"@id":"https:\/\/norecoil.net\/fr\/#website"},"datePublished":"2023-09-20T13:44:01+00:00","dateModified":"2024-02-28T15:03:33+00:00","description":"Comment installer la macro Bloody No Recoil pour Bloody. Installation de la macro sans recul pour toute instruction sanglante avec vid\u00e9o.","breadcrumb":{"@id":"https:\/\/norecoil.net\/fr\/comment-installer-bloody-no-recoil-macro\/#breadcrumb"},"inLanguage":"fr-FR","potentialAction":[{"@type":"ReadAction","target":["https:\/\/norecoil.net\/fr\/comment-installer-bloody-no-recoil-macro\/"]}]},{"@type":"BreadcrumbList","@id":"https:\/\/norecoil.net\/fr\/comment-installer-bloody-no-recoil-macro\/#breadcrumb","itemListElement":[{"@type":"ListItem","position":1,"name":"Home","item":"https:\/\/norecoil.net\/fr\/norecoil-net\/"},{"@type":"ListItem","position":2,"name":"Comment installer Bloody No Recoil Macro"}]},{"@type":"WebSite","@id":"https:\/\/norecoil.net\/fr\/#website","url":"https:\/\/norecoil.net\/fr\/","name":"NoRecoil.Net","description":"","potentialAction":[{"@type":"SearchAction","target":{"@type":"EntryPoint","urlTemplate":"https:\/\/norecoil.net\/fr\/?s={search_term_string}"},"query-input":"required name=search_term_string"}],"inLanguage":"fr-FR"}]}},"_links":{"self":[{"href":"https:\/\/norecoil.net\/fr\/wp-json\/wp\/v2\/pages\/5895","targetHints":{"allow":["GET"]}}],"collection":[{"href":"https:\/\/norecoil.net\/fr\/wp-json\/wp\/v2\/pages"}],"about":[{"href":"https:\/\/norecoil.net\/fr\/wp-json\/wp\/v2\/types\/page"}],"author":[{"embeddable":true,"href":"https:\/\/norecoil.net\/fr\/wp-json\/wp\/v2\/users\/1"}],"replies":[{"embeddable":true,"href":"https:\/\/norecoil.net\/fr\/wp-json\/wp\/v2\/comments?post=5895"}],"version-history":[{"count":0,"href":"https:\/\/norecoil.net\/fr\/wp-json\/wp\/v2\/pages\/5895\/revisions"}],"wp:featuredmedia":[{"embeddable":true,"href":"https:\/\/norecoil.net\/fr\/wp-json\/wp\/v2\/media\/3859"}],"wp:attachment":[{"href":"https:\/\/norecoil.net\/fr\/wp-json\/wp\/v2\/media?parent=5895"}],"curies":[{"name":"wp","href":"https:\/\/api.w.org\/{rel}","templated":true}]}}