{"id":5834,"date":"2023-09-17T08:45:21","date_gmt":"2023-09-17T08:45:21","guid":{"rendered":"https:\/\/norecoil.net\/comment-mettre-a-jour-votre-logiciel-logitech-g-hub\/"},"modified":"2024-02-28T15:03:28","modified_gmt":"2024-02-28T15:03:28","slug":"comment-mettre-a-jour-votre-logiciel-logitech-g-hub","status":"publish","type":"page","link":"https:\/\/norecoil.net\/fr\/comment-mettre-a-jour-votre-logiciel-logitech-g-hub\/","title":{"rendered":"Comment mettre \u00e0 jour votre logiciel Logitech G-Hub ?"},"content":{"rendered":"\t\t<div data-elementor-type=\"wp-page\" data-elementor-id=\"5834\" class=\"elementor elementor-5834 elementor-1684\">\n\t\t\t\t\t\t<section class=\"elementor-section elementor-top-section elementor-element elementor-element-007144e elementor-section-boxed elementor-section-height-default elementor-section-height-default\" data-id=\"007144e\" data-element_type=\"section\">\r\n\t\t\r\n\t\t\t\t\t\t\t<div class=\"elementor-container elementor-column-gap-default\">\r\n\t\t\t\t\t\t\t\t\t\t\t<div class=\"elementor-column elementor-col-100 elementor-top-column elementor-element elementor-element-aff4496 mx-auto\" data-id=\"aff4496\" data-element_type=\"column\">\r\n\t\t\t\t\t<div class=\"elementor-widget-wrap elementor-element-populated\">\r\n\t\t\t\t\t\t\t\t<div class=\"elementor-element elementor-element-2718dbf elementor-widget elementor-widget-porto_ultimate_heading\" data-id=\"2718dbf\" data-element_type=\"widget\" data-widget_type=\"porto_ultimate_heading.default\">\n\t\t\t\t<div class=\"elementor-widget-container\">\n\t\t\t\t\t<div class=\"porto-u-heading  porto-u-55ca8359258f9a412be7e73af65d2aac \"><div class=\"porto-u-main-heading\"><h2   >Comment mettre \u00e0 jour votre logiciel Logitech G-Hub ?<\/h2><\/div><div class=\"porto-u-sub-heading\" style=\"\"><p style=\"text-align: center;\">Si vous avez r\u00e9cemment mis \u00e0 jour votre <strong>logiciel Logitech G-Hub<\/strong> et que vous avez constat\u00e9 qu'il ne r\u00e9pondait pas \u00e0 vos besoins ou qu'il pr\u00e9sentait des probl\u00e8mes de compatibilit\u00e9, vous pouvez envisager un d\u00e9classement. Vous avez de la chance : la mise \u00e0 niveau de la version du Logitech G-Hub est simple si vous suivez les bonnes \u00e9tapes. Dans ce tutoriel, nous vous expliquons comment r\u00e9trograder efficacement et en toute s\u00e9curit\u00e9 la version de votre Logitech G-Hub.<\/p><h4 style=\"text-align: center;\">\u00c9tape 1 : D\u00e9sactiver la mise \u00e0 jour automatique dans les param\u00e8tres<\/h4><p style=\"text-align: center;\">La premi\u00e8re chose \u00e0 faire est de d\u00e9sactiver la <strong>fonction de mise \u00e0 jour automatique<\/strong> dans les param\u00e8tres du logiciel Logitech G-Hub. La d\u00e9sactivation de cette fonction emp\u00eachera le logiciel de se mettre \u00e0 jour automatiquement vers la version que vous essayez d'\u00e9viter.<\/p><p> <\/p><center><figure id=\"attachment_1687\" aria-describedby=\"caption-attachment-1687\" style=\"width: 890px\" class=\"wp-caption aligncenter\"><img fetchpriority=\"high\" decoding=\"async\" class=\"size-full wp-image-1687\" src=\"https:\/\/norecoil.net\/wp-content\/uploads\/2023\/09\/disable-auto-update.gif\" alt=\"D\u00e9sactiver la mise \u00e0 jour automatique du logiciel Logitech G-Hub\" width=\"890\" height=\"609\"><figcaption id=\"caption-attachment-1687\" class=\"wp-caption-text\">D\u00e9sactiver la mise \u00e0 jour automatique du logiciel Logitech G-Hub<\/figcaption><\/figure><\/center><p> <\/p><h4 style=\"text-align: center;\">\u00c9tape 2 : D\u00e9sinstaller la version actuelle de G-Hub<\/h4><p style=\"text-align: center;\">Ensuite, vous devez <strong>d\u00e9sinstaller le logiciel Logitech G-Hub<\/strong> de votre ordinateur. Pour vous assurer que vous l'avez enti\u00e8rement supprim\u00e9, nous vous recommandons d'utiliser <a href=\"https:\/\/www.revouninstaller.com\/start-freeware-download\/\" target=\"_blank\" rel=\"noopener\">\n  <strong>Revo Uninstaller<\/strong>\n<\/a>. R\u00e9glez Revo Uninstaller en mode avanc\u00e9 pour supprimer tous les fichiers de registre et autres fichiers r\u00e9siduels li\u00e9s \u00e0 G-Hub.<\/p><h4 style=\"text-align: center;\">\u00c9tape 3 : Red\u00e9marrer l'ordinateur<\/h4><p style=\"text-align: center;\">Apr\u00e8s avoir d\u00e9sinstall\u00e9 le logiciel, <strong>red\u00e9marrez votre ordinateur<\/strong> pour vous assurer que toutes les modifications sont prises en compte et que tous les fichiers restants sont supprim\u00e9s.<\/p><h4 style=\"text-align: center;\">\u00c9tape 4 : T\u00e9l\u00e9charger la version d\u00e9grad\u00e9e<\/h4><p style=\"text-align: center;\">Maintenant que votre ordinateur vient d'\u00eatre red\u00e9marr\u00e9, il est temps de <strong>t\u00e9l\u00e9charger la version d\u00e9grad\u00e9e<\/strong> de Logitech G-Hub. Pour ce guide, nous utilisons la version <strong>2021.11.1775<\/strong>, mais vous pouvez choisir la version qui vous convient le mieux. Une fois t\u00e9l\u00e9charg\u00e9, allez imm\u00e9diatement dans les param\u00e8tres du logiciel et d\u00e9sactivez \u00e0 nouveau la fonction de mise \u00e0 jour automatique pour vous assurer que le logiciel ne sera pas mis \u00e0 jour automatiquement.<\/p><h3 style=\"text-align: center;\">Lien de t\u00e9l\u00e9chargement pour G-Hub Version : 2021.11.1775<\/h3><p style=\"text-align: center;\"><a href=\"https:\/\/www.mediafire.com\/file\/ao4cmt784huxdwh\/lghub_installer_2021.11.1775.exe\/file\" target=\"_blank\" rel=\"noopener\">T\u00e9l\u00e9charger la version 2021.11.1775 de G-Hub ici<\/a><\/p><h3 style=\"text-align: center;\">Conclusion<\/h3><p style=\"text-align: center;\">Et c'est tout ! Vous avez r\u00e9ussi \u00e0 <strong>mettre \u00e0 jour votre logiciel Logitech G-Hub<\/strong>. En suivant attentivement ces \u00e9tapes, vous pouvez revenir \u00e0 une version qui vous convient. N'oubliez pas qu'une fois que vous avez r\u00e9trograd\u00e9, veillez \u00e0 d\u00e9sactiver la fonction de mise \u00e0 jour automatique, \u00e0 moins que vous ne souhaitiez proc\u00e9der \u00e0 une nouvelle mise \u00e0 jour \u00e0 l'avenir. Profitez d'une exp\u00e9rience optimis\u00e9e avec Logitech G-Hub ! Pour voir tous les produits Logitech G-Hub Software <a href=\"\/logitech-no-recoil-macro\">Cliquez ici !<\/a><\/p><\/div><style>.porto-u-55ca8359258f9a412be7e73af65d2aac.porto-u-heading{text-align:center}<\/style><\/div>\t\t\t\t<\/div>\n\t\t\t\t<\/div>\n\t\t\t\t\t<\/div>\r\n\t\t\t\t<\/div>\r\n\t\t\t\t\t<\/div>\r\n\t\t\t\t<\/section>\r\n\t\t\t\t<\/div>\n\t\t","protected":false},"excerpt":{"rendered":"<p>Comment mettre \u00e0 jour votre logiciel Logitech G-Hub ? Si vous avez r\u00e9cemment mis \u00e0 jour votre logiciel Logitech G-Hub et que vous avez constat\u00e9 qu&#8217;il ne r\u00e9pondait pas \u00e0 vos besoins ou qu&#8217;il pr\u00e9sentait des probl\u00e8mes de compatibilit\u00e9, vous pouvez envisager un d\u00e9classement. Vous avez de la chance : la mise \u00e0 niveau de [&hellip;]<\/p>\n","protected":false},"author":1,"featured_media":3684,"parent":0,"menu_order":0,"comment_status":"open","ping_status":"closed","template":"","meta":{"_acf_changed":false,"content-type":"","cybocfi_hide_featured_image":"","footnotes":""},"class_list":["post-5834","page","type-page","status-publish","has-post-thumbnail","hentry"],"acf":[],"yoast_head":"<!-- This site is optimized with the Yoast SEO Premium plugin v21.1 (Yoast SEO v21.1) - https:\/\/yoast.com\/wordpress\/plugins\/seo\/ -->\n<title>Comment r\u00e9trograder la version du logiciel de votre Logitech G-Hub<\/title>\n<meta name=\"description\" content=\"Vous rencontrez des probl\u00e8mes avec la derni\u00e8re mise \u00e0 jour ? D\u00e9couvrez comment r\u00e9trograder facilement votre version du Logitech G-Hub gr\u00e2ce \u00e0 notre guide complet \u00e9tape par \u00e9tape.\" \/>\n<meta name=\"robots\" content=\"index, follow, max-snippet:-1, max-image-preview:large, max-video-preview:-1\" \/>\n<link rel=\"canonical\" href=\"https:\/\/norecoil.net\/fr\/comment-mettre-a-jour-votre-logiciel-logitech-g-hub\/\" \/>\n<meta property=\"og:locale\" content=\"fr_FR\" \/>\n<meta property=\"og:type\" content=\"article\" \/>\n<meta property=\"og:title\" content=\"Comment mettre \u00e0 jour votre logiciel Logitech G-Hub ?\" \/>\n<meta property=\"og:description\" content=\"Vous rencontrez des probl\u00e8mes avec la derni\u00e8re mise \u00e0 jour ? D\u00e9couvrez comment r\u00e9trograder facilement votre version du Logitech G-Hub gr\u00e2ce \u00e0 notre guide complet \u00e9tape par \u00e9tape.\" \/>\n<meta property=\"og:url\" content=\"https:\/\/norecoil.net\/fr\/comment-mettre-a-jour-votre-logiciel-logitech-g-hub\/\" \/>\n<meta property=\"og:site_name\" content=\"NoRecoil.Net\" \/>\n<meta property=\"article:modified_time\" content=\"2024-02-28T15:03:28+00:00\" \/>\n<meta property=\"og:image\" content=\"https:\/\/norecoil.net\/wp-content\/uploads\/2023\/09\/downgrade-g-hub-logitech-software.webp\" \/>\n\t<meta property=\"og:image:width\" content=\"1200\" \/>\n\t<meta property=\"og:image:height\" content=\"675\" \/>\n\t<meta property=\"og:image:type\" content=\"image\/webp\" \/>\n<meta name=\"twitter:card\" content=\"summary_large_image\" \/>\n<meta name=\"twitter:label1\" content=\"Dur\u00e9e de lecture estim\u00e9e\" \/>\n\t<meta name=\"twitter:data1\" content=\"2 minutes\" \/>\n<script type=\"application\/ld+json\" class=\"yoast-schema-graph\">{\"@context\":\"https:\/\/schema.org\",\"@graph\":[{\"@type\":\"WebPage\",\"@id\":\"https:\/\/norecoil.net\/fr\/comment-mettre-a-jour-votre-logiciel-logitech-g-hub\/\",\"url\":\"https:\/\/norecoil.net\/fr\/comment-mettre-a-jour-votre-logiciel-logitech-g-hub\/\",\"name\":\"Comment r\u00e9trograder la version du logiciel de votre Logitech G-Hub\",\"isPartOf\":{\"@id\":\"https:\/\/norecoil.net\/fr\/#website\"},\"datePublished\":\"2023-09-17T08:45:21+00:00\",\"dateModified\":\"2024-02-28T15:03:28+00:00\",\"description\":\"Vous rencontrez des probl\u00e8mes avec la derni\u00e8re mise \u00e0 jour ? D\u00e9couvrez comment r\u00e9trograder facilement votre version du Logitech G-Hub gr\u00e2ce \u00e0 notre guide complet \u00e9tape par \u00e9tape.\",\"breadcrumb\":{\"@id\":\"https:\/\/norecoil.net\/fr\/comment-mettre-a-jour-votre-logiciel-logitech-g-hub\/#breadcrumb\"},\"inLanguage\":\"fr-FR\",\"potentialAction\":[{\"@type\":\"ReadAction\",\"target\":[\"https:\/\/norecoil.net\/fr\/comment-mettre-a-jour-votre-logiciel-logitech-g-hub\/\"]}]},{\"@type\":\"BreadcrumbList\",\"@id\":\"https:\/\/norecoil.net\/fr\/comment-mettre-a-jour-votre-logiciel-logitech-g-hub\/#breadcrumb\",\"itemListElement\":[{\"@type\":\"ListItem\",\"position\":1,\"name\":\"Home\",\"item\":\"https:\/\/norecoil.net\/fr\/norecoil-net\/\"},{\"@type\":\"ListItem\",\"position\":2,\"name\":\"Comment mettre \u00e0 jour votre logiciel Logitech G-Hub ?\"}]},{\"@type\":\"WebSite\",\"@id\":\"https:\/\/norecoil.net\/fr\/#website\",\"url\":\"https:\/\/norecoil.net\/fr\/\",\"name\":\"NoRecoil.Net\",\"description\":\"\",\"potentialAction\":[{\"@type\":\"SearchAction\",\"target\":{\"@type\":\"EntryPoint\",\"urlTemplate\":\"https:\/\/norecoil.net\/fr\/?s={search_term_string}\"},\"query-input\":\"required name=search_term_string\"}],\"inLanguage\":\"fr-FR\"}]}<\/script>\n<!-- \/ Yoast SEO Premium plugin. -->","yoast_head_json":{"title":"Comment r\u00e9trograder la version du logiciel de votre Logitech G-Hub","description":"Vous rencontrez des probl\u00e8mes avec la derni\u00e8re mise \u00e0 jour ? D\u00e9couvrez comment r\u00e9trograder facilement votre version du Logitech G-Hub gr\u00e2ce \u00e0 notre guide complet \u00e9tape par \u00e9tape.","robots":{"index":"index","follow":"follow","max-snippet":"max-snippet:-1","max-image-preview":"max-image-preview:large","max-video-preview":"max-video-preview:-1"},"canonical":"https:\/\/norecoil.net\/fr\/comment-mettre-a-jour-votre-logiciel-logitech-g-hub\/","og_locale":"fr_FR","og_type":"article","og_title":"Comment mettre \u00e0 jour votre logiciel Logitech G-Hub ?","og_description":"Vous rencontrez des probl\u00e8mes avec la derni\u00e8re mise \u00e0 jour ? D\u00e9couvrez comment r\u00e9trograder facilement votre version du Logitech G-Hub gr\u00e2ce \u00e0 notre guide complet \u00e9tape par \u00e9tape.","og_url":"https:\/\/norecoil.net\/fr\/comment-mettre-a-jour-votre-logiciel-logitech-g-hub\/","og_site_name":"NoRecoil.Net","article_modified_time":"2024-02-28T15:03:28+00:00","og_image":[{"width":1200,"height":675,"url":"https:\/\/norecoil.net\/wp-content\/uploads\/2023\/09\/downgrade-g-hub-logitech-software.webp","type":"image\/webp"}],"twitter_card":"summary_large_image","twitter_misc":{"Dur\u00e9e de lecture estim\u00e9e":"2 minutes"},"schema":{"@context":"https:\/\/schema.org","@graph":[{"@type":"WebPage","@id":"https:\/\/norecoil.net\/fr\/comment-mettre-a-jour-votre-logiciel-logitech-g-hub\/","url":"https:\/\/norecoil.net\/fr\/comment-mettre-a-jour-votre-logiciel-logitech-g-hub\/","name":"Comment r\u00e9trograder la version du logiciel de votre Logitech G-Hub","isPartOf":{"@id":"https:\/\/norecoil.net\/fr\/#website"},"datePublished":"2023-09-17T08:45:21+00:00","dateModified":"2024-02-28T15:03:28+00:00","description":"Vous rencontrez des probl\u00e8mes avec la derni\u00e8re mise \u00e0 jour ? D\u00e9couvrez comment r\u00e9trograder facilement votre version du Logitech G-Hub gr\u00e2ce \u00e0 notre guide complet \u00e9tape par \u00e9tape.","breadcrumb":{"@id":"https:\/\/norecoil.net\/fr\/comment-mettre-a-jour-votre-logiciel-logitech-g-hub\/#breadcrumb"},"inLanguage":"fr-FR","potentialAction":[{"@type":"ReadAction","target":["https:\/\/norecoil.net\/fr\/comment-mettre-a-jour-votre-logiciel-logitech-g-hub\/"]}]},{"@type":"BreadcrumbList","@id":"https:\/\/norecoil.net\/fr\/comment-mettre-a-jour-votre-logiciel-logitech-g-hub\/#breadcrumb","itemListElement":[{"@type":"ListItem","position":1,"name":"Home","item":"https:\/\/norecoil.net\/fr\/norecoil-net\/"},{"@type":"ListItem","position":2,"name":"Comment mettre \u00e0 jour votre logiciel Logitech G-Hub ?"}]},{"@type":"WebSite","@id":"https:\/\/norecoil.net\/fr\/#website","url":"https:\/\/norecoil.net\/fr\/","name":"NoRecoil.Net","description":"","potentialAction":[{"@type":"SearchAction","target":{"@type":"EntryPoint","urlTemplate":"https:\/\/norecoil.net\/fr\/?s={search_term_string}"},"query-input":"required name=search_term_string"}],"inLanguage":"fr-FR"}]}},"_links":{"self":[{"href":"https:\/\/norecoil.net\/fr\/wp-json\/wp\/v2\/pages\/5834","targetHints":{"allow":["GET"]}}],"collection":[{"href":"https:\/\/norecoil.net\/fr\/wp-json\/wp\/v2\/pages"}],"about":[{"href":"https:\/\/norecoil.net\/fr\/wp-json\/wp\/v2\/types\/page"}],"author":[{"embeddable":true,"href":"https:\/\/norecoil.net\/fr\/wp-json\/wp\/v2\/users\/1"}],"replies":[{"embeddable":true,"href":"https:\/\/norecoil.net\/fr\/wp-json\/wp\/v2\/comments?post=5834"}],"version-history":[{"count":0,"href":"https:\/\/norecoil.net\/fr\/wp-json\/wp\/v2\/pages\/5834\/revisions"}],"wp:featuredmedia":[{"embeddable":true,"href":"https:\/\/norecoil.net\/fr\/wp-json\/wp\/v2\/media\/3684"}],"wp:attachment":[{"href":"https:\/\/norecoil.net\/fr\/wp-json\/wp\/v2\/media?parent=5834"}],"curies":[{"name":"wp","href":"https:\/\/api.w.org\/{rel}","templated":true}]}}