{"id":5823,"date":"2023-09-17T17:09:39","date_gmt":"2023-09-17T17:09:39","guid":{"rendered":"https:\/\/norecoil.net\/comment-installer-razer-no-recoil-macro\/"},"modified":"2024-02-28T15:02:30","modified_gmt":"2024-02-28T15:02:30","slug":"comment-installer-razer-no-recoil-macro","status":"publish","type":"page","link":"https:\/\/norecoil.net\/fr\/comment-installer-razer-no-recoil-macro\/","title":{"rendered":"Comment installer Razer No Recoil Macro"},"content":{"rendered":"\t\t<div data-elementor-type=\"wp-page\" data-elementor-id=\"5823\" class=\"elementor elementor-5823 elementor-1693\">\n\t\t\t\t\t\t<section class=\"elementor-section elementor-top-section elementor-element elementor-element-007144e elementor-section-boxed elementor-section-height-default elementor-section-height-default\" data-id=\"007144e\" data-element_type=\"section\">\r\n\t\t\r\n\t\t\t\t\t\t\t<div class=\"elementor-container elementor-column-gap-default\">\r\n\t\t\t\t\t\t\t\t\t\t\t<div class=\"elementor-column elementor-col-100 elementor-top-column elementor-element elementor-element-aff4496 mx-auto\" data-id=\"aff4496\" data-element_type=\"column\">\r\n\t\t\t\t\t<div class=\"elementor-widget-wrap elementor-element-populated\">\r\n\t\t\t\t\t\t\t\t<div class=\"elementor-element elementor-element-2718dbf elementor-widget elementor-widget-porto_ultimate_heading\" data-id=\"2718dbf\" data-element_type=\"widget\" data-widget_type=\"porto_ultimate_heading.default\">\n\t\t\t\t<div class=\"elementor-widget-container\">\n\t\t\t\t\t<div class=\"porto-u-heading  porto-u-55ca8359258f9a412be7e73af65d2aac \"><div class=\"porto-u-main-heading\"><h2   >Comment installer Razer No Recoil Macro<\/h2><\/div><div class=\"porto-u-sub-heading\" style=\"\"><p>Comment installer Razer Synapse 3 ; Regardez la vid\u00e9o et v\u00e9rifiez les \u00e9tapes une par une pour une installation correcte pour <strong>Razer No Recoil Macros<\/strong>.<\/p><\/div><style>.porto-u-55ca8359258f9a412be7e73af65d2aac.porto-u-heading{text-align:center}<\/style><\/div>\t\t\t\t<\/div>\n\t\t\t\t<\/div>\n\t\t\t\t<div class=\"elementor-element elementor-element-86cb3d5 elementor-widget elementor-widget-porto_ultimate_heading\" data-id=\"86cb3d5\" data-element_type=\"widget\" data-widget_type=\"porto_ultimate_heading.default\">\n\t\t\t\t<div class=\"elementor-widget-container\">\n\t\t\t\t\t<div class=\"porto-u-heading  porto-u-55ca8359258f9a412be7e73af65d2aac \"><div class=\"porto-u-main-heading\"><h2 data-plugin-animated-words data-plugin-options=\"{&quot;startDelay&quot;:0,&quot;minWindowWidth&quot;:0,&quot;animationName&quot;:&quot;fadeIn&quot;,&quot;contentType&quot;:&quot;word&quot;}\"  >Instruction vid\u00e9o<\/h2><\/div><style>.porto-u-55ca8359258f9a412be7e73af65d2aac.porto-u-heading{text-align:center}<\/style><\/div>\t\t\t\t<\/div>\n\t\t\t\t<\/div>\n\t\t\t\t<div class=\"elementor-element elementor-element-712b7ba elementor-widget elementor-widget-video\" data-id=\"712b7ba\" data-element_type=\"widget\" data-settings=\"{&quot;video_type&quot;:&quot;vimeo&quot;}\" data-widget_type=\"video.default\">\n\t\t\t\t<div class=\"elementor-widget-container\">\n\t\t\t\t\t\t\t<div class=\"elementor-wrapper elementor-open-inline\">\n\t\t\t<iframe class=\"elementor-video-iframe\" allowfullscreen allow=\"clipboard-write\" title=\"Lecteur vid\u00e9o vimeo\" src=\"https:\/\/player.vimeo.com\/video\/865283512?color&amp;autopause=0&amp;loop=0&amp;muted=0&amp;title=1&amp;portrait=1&amp;byline=1#t=\"><\/iframe>\t\t<\/div>\n\t\t\t\t\t\t<\/div>\n\t\t\t\t<\/div>\n\t\t\t\t<div class=\"elementor-element elementor-element-044587b elementor-widget elementor-widget-porto_ultimate_heading\" data-id=\"044587b\" data-element_type=\"widget\" data-widget_type=\"porto_ultimate_heading.default\">\n\t\t\t\t<div class=\"elementor-widget-container\">\n\t\t\t\t\t<div class=\"porto-u-heading  porto-u-55ca8359258f9a412be7e73af65d2aac \"><div class=\"porto-u-main-heading\"><h2 data-plugin-animated-words data-plugin-options=\"{&quot;startDelay&quot;:0,&quot;minWindowWidth&quot;:0,&quot;animationName&quot;:&quot;fadeIn&quot;,&quot;contentType&quot;:&quot;word&quot;}\"  >Instructions d'installation \u00e9tape par \u00e9tape<\/h2><\/div><style>.porto-u-55ca8359258f9a412be7e73af65d2aac.porto-u-heading{text-align:center}<\/style><\/div>\t\t\t\t<\/div>\n\t\t\t\t<\/div>\n\t\t\t\t<div class=\"elementor-element elementor-element-ddbaa6e elementor-widget elementor-widget-porto_steps\" data-id=\"ddbaa6e\" data-element_type=\"widget\" data-widget_type=\"porto_steps.default\">\n\t\t\t\t<div class=\"elementor-widget-container\">\n\t\t\t\t\t<section class=\"timeline\"><div class=\"timeline-body\"><div class=\"timeline-date \"><h3 class=\"time-text step-item-subtitle\">\u00c9TAPE 1<\/h3><\/div><article class=\"timeline-box left\"><div><img decoding=\"async\" src=\"\/\/norecoil.net\/wp-content\/uploads\/2023\/09\/razer-synapse-3-logo.png\" class=\"img-responsive\" alt=\"\u00c9tape 1 : T\u00e9l\u00e9charger Razer Synapse 3\"><h4 class=\"timeline-item-title step-item-title\">\u00c9tape 1 : T\u00e9l\u00e9charger Razer Synapse 3<\/h4><div class=\"timeline-item-content\"><p>Tout d'abord, nous avons besoin de <strong><span style=\"text-decoration: underline;\"><a href=\"https:\/\/rzr.to\/synapse-3-pc-download\" target=\"_blank\" rel=\"noopener\">Razer Synapse<\/a><\/span><a href=\"https:\/\/rzr.to\/synapse-3-pc-download\" target=\"_blank\" rel=\"noopener\"> 3<\/a> <\/strong>install\u00e9.  <br>Pour t\u00e9l\u00e9charger Razer Synapse 3 <strong>\n  <a href=\"https:\/\/rzr.to\/synapse-3-pc-download\" target=\"_blank\" rel=\"noopener\">\n    <span style=\"text-decoration: underline;\">Cliquez ici.<\/span>\n  <\/a>\n  <br>\n<\/strong><\/p><p>1. Ouvrez <strong>SYNAPSE 3<\/strong> et cliquez sur la section<strong>\"MACRO<\/strong>\".<br>(Si vous n'avez pas install\u00e9 \"Macro\", allez sur Synapse -&gt;Modules et installez-le.)<\/p><figure id=\"attachment_1696\" aria-describedby=\"caption-attachment-1696\" style=\"width: 1012px\" class=\"wp-caption alignnone\"><img fetchpriority=\"high\" decoding=\"async\" class=\"size-full wp-image-1696\" src=\"https:\/\/norecoil.net\/wp-content\/uploads\/2023\/09\/razer-1.gif\" alt=\"Naviguez jusqu'\u00e0 la section Macro dans Synapse 3  \" width=\"1012\" height=\"714\"><figcaption id=\"caption-attachment-1696\" class=\"wp-caption-text\">Naviguez jusqu'\u00e0 la section Macro dans Synapse 3<\/figcaption><\/figure><\/div><\/div><\/article><div class=\"timeline-date \"><h3 class=\"time-text step-item-subtitle\">\u00c9TAPE 2<\/h3><\/div><article class=\"timeline-box right\"><div><h4 class=\"timeline-item-title step-item-title\">Importer les fichiers de macros Razer No Recoil dans Synapse 3<\/h4><div class=\"timeline-item-content\"><div class=\"fw-row\"><div class=\"sh-column sh-column-7be3fb1e777683ea1c4bb7ab64b159f2 fw-col-xs-12\"><div class=\"sh-column-wrapper\"><div id=\"text-block-f5f5e77495aebb2154811a571e1d001d\" class=\"sh-text-block\"> <\/div><\/div><\/div><\/div><div class=\"fw-row\"><div class=\"sh-column sh-column-7be3fb1e777683ea1c4bb7ab64b159f2 fw-col-xs-12\"><div class=\"sh-column-wrapper\"><div id=\"text-block-f2e614b39e4872afb308cdef6d84ff48\" class=\"sh-text-block\"><p>Cliquez sur l'<strong>ic\u00f4ne d'importation<\/strong> et importez le script <strong>No Recoil Macro Razer Files<\/strong> (.xml) que vous souhaitez importer.<\/p><\/div><figure id=\"attachment_1697\" aria-describedby=\"caption-attachment-1697\" style=\"width: 810px\" class=\"wp-caption alignnone\"><img decoding=\"async\" class=\"size-full wp-image-1697\" src=\"https:\/\/norecoil.net\/wp-content\/uploads\/2023\/09\/razer-import.gif\" alt=\"Importer les fichiers No Recoil Macro (.xml)\" width=\"810\" height=\"571\"><figcaption id=\"caption-attachment-1697\" class=\"wp-caption-text\">Importer les fichiers No Recoil Macro (.xml)<\/figcaption><\/figure><p> <\/p><\/div><p>Allez dans <strong>Profil<\/strong> et cliquez sur <strong>+ pour <\/strong>ajouter un nouveau profil.<br><strong>Ajouter pour chaque arme<\/strong> un <strong>profil<\/strong> et<br>donner le<strong> m\u00eame nom<\/strong> que l'<strong>arme<\/strong>. <strong><br><br><\/strong><\/p><\/div><\/div><figure id=\"attachment_1698\" aria-describedby=\"caption-attachment-1698\" style=\"width: 1012px\" class=\"wp-caption alignnone\"><img decoding=\"async\" class=\"size-full wp-image-1698\" src=\"https:\/\/norecoil.net\/wp-content\/uploads\/2023\/09\/Razer-Profile.gif\" alt=\"Cr\u00e9er un profil dans Razer Synapse 3  \" width=\"1012\" height=\"714\"><figcaption id=\"caption-attachment-1698\" class=\"wp-caption-text\">Cr\u00e9er un profil dans Razer Synapse 3<\/figcaption><\/figure><p> <\/p><p>Allez maintenant \u00e0 la <strong>souris<\/strong>.<br><br><\/p><figure id=\"attachment_1699\" aria-describedby=\"caption-attachment-1699\" style=\"width: 810px\" class=\"wp-caption alignnone\"><img loading=\"lazy\" decoding=\"async\" class=\"size-full wp-image-1699\" src=\"https:\/\/norecoil.net\/wp-content\/uploads\/2023\/09\/go-to-mouse.gif\" alt=\"Naviguer dans Synapse 3 jusqu'\u00e0 la souris  \" width=\"810\" height=\"571\"><figcaption id=\"caption-attachment-1699\" class=\"wp-caption-text\">Naviguer dans Synapse 3 jusqu'\u00e0 la souris<\/figcaption><\/figure><p> <\/p><p>Pour utiliser le <strong>clic gauche<\/strong>, nous devons d'abord l'affecter \u00e0 un autre bouton.<\/p><p> <\/p><figure id=\"attachment_1700\" aria-describedby=\"caption-attachment-1700\" style=\"width: 1012px\" class=\"wp-caption alignnone\"><img loading=\"lazy\" decoding=\"async\" class=\"size-full wp-image-1700\" src=\"https:\/\/norecoil.net\/wp-content\/uploads\/2023\/09\/razer-5.gif\" alt=\"Attribuer la fonction du bouton gauche de la souris \u00e0 un autre bouton de la souris\" width=\"1012\" height=\"714\"><figcaption id=\"caption-attachment-1700\" class=\"wp-caption-text\">Attribuer la fonction du bouton gauche de la souris \u00e0 un autre bouton de la souris<\/figcaption><\/figure><\/div><\/div><\/article><div class=\"timeline-date \"><h3 class=\"time-text step-item-subtitle\">\u00c9tape 3<\/h3><\/div><article class=\"timeline-box left\"><div><h4 class=\"timeline-item-title step-item-title\">Attribuer la macro No Recoil au bouton de la souris<\/h4><div class=\"timeline-item-content\"><p>Nous pouvons maintenant assigner la macro au bouton gauche de la souris.<br>Cliquez sur le bouton gauche de la souris, allez dans le menu <strong>MACRO<\/strong> et choisissez l'arme que vous voulez <strong>assigner.<br>!Avant d'assigner une arme !<br>V\u00e9rifiez d'abord quel profil vous \u00e9ditez.<br>Si vous \u00e9ditez le profil AK47, ajoutez la Macro AK47.<br>Pour ne pas \u00eatre confus !<\/strong><\/p><p>Choisissez l'<strong>option de lecture<br>Lecture pendant que la touche assign\u00e9e est enfonc\u00e9e<\/strong>.<\/p><figure id=\"attachment_1701\" aria-describedby=\"caption-attachment-1701\" style=\"width: 1012px\" class=\"wp-caption alignnone\"><img loading=\"lazy\" decoding=\"async\" class=\"size-full wp-image-1701\" src=\"https:\/\/norecoil.net\/wp-content\/uploads\/2023\/09\/razer-6.gif\" alt=\"Attribuez la macro Razer No Recoil \u00e0 votre bouton de souris\" width=\"1012\" height=\"714\"><figcaption id=\"caption-attachment-1701\" class=\"wp-caption-text\">Attribuez la macro Razer No Recoil \u00e0 votre bouton de souris<\/figcaption><\/figure><p> <\/p><p>7. Nous devons maintenant attribuer la <strong>fonction Switch Profile<\/strong> \u00e0 deux boutons.<br>Ainsi, nous pouvons facilement <strong>passer d'<\/strong> un <strong>profil<\/strong> \u00e0 <strong>l'autre<\/strong>.<\/p><p>Nous pouvons utiliser<strong> Profil<\/strong> <strong>suivant\/Profil pr\u00e9c\u00e9dent<\/strong> ou<br>nous pouvons choisir un <strong>profil sp\u00e9cifique<\/strong>.<br>C'est \u00e0 vous de d\u00e9cider. Vous pouvez l'attribuer comme vous le souhaitez.<br><em>(N'oubliez pas d'assigner un profil par d\u00e9faut afin de pouvoir fermer facilement la macro lorsque vous \u00eates dans le menu du jeu ou que vous faites autre chose \/ Vous pouvez \u00e9galement utiliser le bouton du clic gauche que vous avez assign\u00e9 \u00e0 un autre bouton).<\/em><\/p><p> <\/p><figure id=\"attachment_1702\" aria-describedby=\"caption-attachment-1702\" style=\"width: 1012px\" class=\"wp-caption alignnone\"><img loading=\"lazy\" decoding=\"async\" class=\"wp-image-1702 size-full\" src=\"https:\/\/norecoil.net\/wp-content\/uploads\/2023\/09\/razer-7.gif\" alt=\"Attribuer un profil sp\u00e9cifique \u00e0 un autre bouton de la souris pour passer d'un profil \u00e0 l'autre\" width=\"1012\" height=\"714\"><figcaption id=\"caption-attachment-1702\" class=\"wp-caption-text\">Attribuer un profil sp\u00e9cifique \u00e0 un autre bouton de la souris pour passer d'un profil \u00e0 l'autre<\/dd><dd><\/figcaption><\/figure><figure id=\"attachment_1703\" aria-describedby=\"caption-attachment-1703\" style=\"width: 1012px\" class=\"wp-caption alignnone\"><img loading=\"lazy\" decoding=\"async\" class=\"size-full wp-image-1703\" src=\"https:\/\/norecoil.net\/wp-content\/uploads\/2023\/09\/razer-weapon.gif\" alt=\"Attribuer un profil sp\u00e9cifique \u00e0 un autre bouton de la souris pour passer d'un profil \u00e0 l'autre\" width=\"1012\" height=\"714\"><figcaption id=\"caption-attachment-1703\" class=\"wp-caption-text\">Attribuer un profil sp\u00e9cifique \u00e0 un autre bouton de la souris pour passer d'un profil \u00e0 l'autre<\/figcaption><\/figure><\/div><\/div><\/article><div class=\"timeline-date \"><h3 class=\"time-text step-item-subtitle\">\u00c9tape 4<\/h3><\/div><article class=\"timeline-box right\"><div><h4 class=\"timeline-item-title step-item-title\">En fin de compte, cela ressemblera \u00e0 ceci.<\/h4><div class=\"timeline-item-content\"><figure id=\"attachment_1704\" aria-describedby=\"caption-attachment-1704\" style=\"width: 1024px\" class=\"wp-caption alignnone\"><img loading=\"lazy\" decoding=\"async\" class=\"size-full wp-image-1704\" src=\"https:\/\/norecoil.net\/wp-content\/uploads\/2023\/09\/Razer-Synapse-3-Macros.png\" alt=\"Razer Synapse 3 No Recoil Macro  \" width=\"1024\" height=\"720\" srcset=\"https:\/\/norecoil.net\/wp-content\/uploads\/2023\/09\/Razer-Synapse-3-Macros.png 1024w, https:\/\/norecoil.net\/wp-content\/uploads\/2023\/09\/Razer-Synapse-3-Macros-600x422.png 600w, https:\/\/norecoil.net\/wp-content\/uploads\/2023\/09\/Razer-Synapse-3-Macros-768x540.png 768w, https:\/\/norecoil.net\/wp-content\/uploads\/2023\/09\/Razer-Synapse-3-Macros-640x450.png 640w, https:\/\/norecoil.net\/wp-content\/uploads\/2023\/09\/Razer-Synapse-3-Macros-400x281.png 400w\" sizes=\"(max-width: 1024px) 100vw, 1024px\" \/><figcaption id=\"caption-attachment-1704\" class=\"wp-caption-text\">Razer Synapse 3 No Recoil Macro<\/figcaption><\/figure><p>Dans l'exemple, vous verrez qu'il s'agit du profil XM4.<br>Nous devons maintenant choisir l'autre profil que nous voulons utiliser et refaire les m\u00eames \u00e9tapes pour pouvoir changer facilement.<\/p><p>Si vous disposez d'un clavier compatible avec Synapse 3, allez dans le menu Synapse -&gt; Raccourcis globaux -&gt; Ajouter un nouveau raccourci.<br>Puis cliquez sur Changer de profil.<br>Vous pouvez facilement passer d'un profil \u00e0 l'autre \u00e0 partir de votre clavier.<br><br><span style=\"text-decoration: underline;\"><strong><a href=\"\/razer-no-recoil-macro\">Cliquez ici pour voir tous les produits Razer No Recoil Macro<\/a><\/strong><\/span> <\/p><h3>IMPORTANT !<br>Dans les profils, il y a \"Jeux li\u00e9s\" au profil.<br>\"Pour votre s\u00e9curit\u00e9, n<em>'<\/em> associez aucun jeu \u00e0 vos Profils.<\/h3><\/div><\/div><\/article><\/div><\/section>\t\t\t\t<\/div>\n\t\t\t\t<\/div>\n\t\t\t\t\t<\/div>\r\n\t\t\t\t<\/div>\r\n\t\t\t\t\t<\/div>\r\n\t\t\t\t<\/section>\r\n\t\t\t\t<\/div>\n\t\t","protected":false},"excerpt":{"rendered":"<p>Comment installer Razer No Recoil Macro Comment installer Razer Synapse 3 ; Regardez la vid\u00e9o et v\u00e9rifiez les \u00e9tapes une par une pour une installation correcte pour Razer No Recoil Macros. Instruction vid\u00e9o Instructions d&#8217;installation \u00e9tape par \u00e9tape \u00c9TAPE 1 \u00c9tape 1 : T\u00e9l\u00e9charger Razer Synapse 3 Tout d&#8217;abord, nous avons besoin de Razer Synapse [&hellip;]<\/p>\n","protected":false},"author":1,"featured_media":3761,"parent":0,"menu_order":0,"comment_status":"open","ping_status":"closed","template":"","meta":{"_acf_changed":false,"content-type":"","cybocfi_hide_featured_image":"","footnotes":""},"class_list":["post-5823","page","type-page","status-publish","has-post-thumbnail","hentry"],"acf":[],"yoast_head":"<!-- This site is optimized with the Yoast SEO Premium plugin v21.1 (Yoast SEO v21.1) - https:\/\/yoast.com\/wordpress\/plugins\/seo\/ -->\n<title>Comment installer Razer No Recoil Macro<\/title>\n<meta name=\"description\" content=\"Comment installer la macro Razer No Recoil pour Razer Synapse 3. No Recoil Macro Installation pour toutes les instructions de Razer Synapse 3 avec vid\u00e9o.\" \/>\n<meta name=\"robots\" content=\"index, follow, max-snippet:-1, max-image-preview:large, max-video-preview:-1\" \/>\n<link rel=\"canonical\" href=\"https:\/\/norecoil.net\/fr\/comment-installer-razer-no-recoil-macro\/\" \/>\n<meta property=\"og:locale\" content=\"fr_FR\" \/>\n<meta property=\"og:type\" content=\"article\" \/>\n<meta property=\"og:title\" content=\"Comment installer Razer No Recoil Macro\" \/>\n<meta property=\"og:description\" content=\"Comment installer la macro Razer No Recoil pour Razer Synapse 3. No Recoil Macro Installation pour toutes les instructions de Razer Synapse 3 avec vid\u00e9o.\" \/>\n<meta property=\"og:url\" content=\"https:\/\/norecoil.net\/fr\/comment-installer-razer-no-recoil-macro\/\" \/>\n<meta property=\"og:site_name\" content=\"NoRecoil.Net\" \/>\n<meta property=\"article:modified_time\" content=\"2024-02-28T15:02:30+00:00\" \/>\n<meta property=\"og:image\" content=\"https:\/\/norecoil.net\/wp-content\/uploads\/2023\/09\/how-to-install-razer-synapse-3.jpg\" \/>\n\t<meta property=\"og:image:width\" content=\"1200\" \/>\n\t<meta property=\"og:image:height\" content=\"675\" \/>\n\t<meta property=\"og:image:type\" content=\"image\/jpeg\" \/>\n<meta name=\"twitter:card\" content=\"summary_large_image\" \/>\n<meta name=\"twitter:label1\" content=\"Dur\u00e9e de lecture estim\u00e9e\" \/>\n\t<meta name=\"twitter:data1\" content=\"3 minutes\" \/>\n<script type=\"application\/ld+json\" class=\"yoast-schema-graph\">{\"@context\":\"https:\/\/schema.org\",\"@graph\":[{\"@type\":\"WebPage\",\"@id\":\"https:\/\/norecoil.net\/fr\/comment-installer-razer-no-recoil-macro\/\",\"url\":\"https:\/\/norecoil.net\/fr\/comment-installer-razer-no-recoil-macro\/\",\"name\":\"Comment installer Razer No Recoil Macro\",\"isPartOf\":{\"@id\":\"https:\/\/norecoil.net\/fr\/#website\"},\"datePublished\":\"2023-09-17T17:09:39+00:00\",\"dateModified\":\"2024-02-28T15:02:30+00:00\",\"description\":\"Comment installer la macro Razer No Recoil pour Razer Synapse 3. No Recoil Macro Installation pour toutes les instructions de Razer Synapse 3 avec vid\u00e9o.\",\"breadcrumb\":{\"@id\":\"https:\/\/norecoil.net\/fr\/comment-installer-razer-no-recoil-macro\/#breadcrumb\"},\"inLanguage\":\"fr-FR\",\"potentialAction\":[{\"@type\":\"ReadAction\",\"target\":[\"https:\/\/norecoil.net\/fr\/comment-installer-razer-no-recoil-macro\/\"]}]},{\"@type\":\"BreadcrumbList\",\"@id\":\"https:\/\/norecoil.net\/fr\/comment-installer-razer-no-recoil-macro\/#breadcrumb\",\"itemListElement\":[{\"@type\":\"ListItem\",\"position\":1,\"name\":\"Home\",\"item\":\"https:\/\/norecoil.net\/fr\/norecoil-net\/\"},{\"@type\":\"ListItem\",\"position\":2,\"name\":\"Comment installer Razer No Recoil Macro\"}]},{\"@type\":\"WebSite\",\"@id\":\"https:\/\/norecoil.net\/fr\/#website\",\"url\":\"https:\/\/norecoil.net\/fr\/\",\"name\":\"NoRecoil.Net\",\"description\":\"\",\"potentialAction\":[{\"@type\":\"SearchAction\",\"target\":{\"@type\":\"EntryPoint\",\"urlTemplate\":\"https:\/\/norecoil.net\/fr\/?s={search_term_string}\"},\"query-input\":\"required name=search_term_string\"}],\"inLanguage\":\"fr-FR\"}]}<\/script>\n<!-- \/ Yoast SEO Premium plugin. -->","yoast_head_json":{"title":"Comment installer Razer No Recoil Macro","description":"Comment installer la macro Razer No Recoil pour Razer Synapse 3. No Recoil Macro Installation pour toutes les instructions de Razer Synapse 3 avec vid\u00e9o.","robots":{"index":"index","follow":"follow","max-snippet":"max-snippet:-1","max-image-preview":"max-image-preview:large","max-video-preview":"max-video-preview:-1"},"canonical":"https:\/\/norecoil.net\/fr\/comment-installer-razer-no-recoil-macro\/","og_locale":"fr_FR","og_type":"article","og_title":"Comment installer Razer No Recoil Macro","og_description":"Comment installer la macro Razer No Recoil pour Razer Synapse 3. No Recoil Macro Installation pour toutes les instructions de Razer Synapse 3 avec vid\u00e9o.","og_url":"https:\/\/norecoil.net\/fr\/comment-installer-razer-no-recoil-macro\/","og_site_name":"NoRecoil.Net","article_modified_time":"2024-02-28T15:02:30+00:00","og_image":[{"width":1200,"height":675,"url":"https:\/\/norecoil.net\/wp-content\/uploads\/2023\/09\/how-to-install-razer-synapse-3.jpg","type":"image\/jpeg"}],"twitter_card":"summary_large_image","twitter_misc":{"Dur\u00e9e de lecture estim\u00e9e":"3 minutes"},"schema":{"@context":"https:\/\/schema.org","@graph":[{"@type":"WebPage","@id":"https:\/\/norecoil.net\/fr\/comment-installer-razer-no-recoil-macro\/","url":"https:\/\/norecoil.net\/fr\/comment-installer-razer-no-recoil-macro\/","name":"Comment installer Razer No Recoil Macro","isPartOf":{"@id":"https:\/\/norecoil.net\/fr\/#website"},"datePublished":"2023-09-17T17:09:39+00:00","dateModified":"2024-02-28T15:02:30+00:00","description":"Comment installer la macro Razer No Recoil pour Razer Synapse 3. No Recoil Macro Installation pour toutes les instructions de Razer Synapse 3 avec vid\u00e9o.","breadcrumb":{"@id":"https:\/\/norecoil.net\/fr\/comment-installer-razer-no-recoil-macro\/#breadcrumb"},"inLanguage":"fr-FR","potentialAction":[{"@type":"ReadAction","target":["https:\/\/norecoil.net\/fr\/comment-installer-razer-no-recoil-macro\/"]}]},{"@type":"BreadcrumbList","@id":"https:\/\/norecoil.net\/fr\/comment-installer-razer-no-recoil-macro\/#breadcrumb","itemListElement":[{"@type":"ListItem","position":1,"name":"Home","item":"https:\/\/norecoil.net\/fr\/norecoil-net\/"},{"@type":"ListItem","position":2,"name":"Comment installer Razer No Recoil Macro"}]},{"@type":"WebSite","@id":"https:\/\/norecoil.net\/fr\/#website","url":"https:\/\/norecoil.net\/fr\/","name":"NoRecoil.Net","description":"","potentialAction":[{"@type":"SearchAction","target":{"@type":"EntryPoint","urlTemplate":"https:\/\/norecoil.net\/fr\/?s={search_term_string}"},"query-input":"required name=search_term_string"}],"inLanguage":"fr-FR"}]}},"_links":{"self":[{"href":"https:\/\/norecoil.net\/fr\/wp-json\/wp\/v2\/pages\/5823","targetHints":{"allow":["GET"]}}],"collection":[{"href":"https:\/\/norecoil.net\/fr\/wp-json\/wp\/v2\/pages"}],"about":[{"href":"https:\/\/norecoil.net\/fr\/wp-json\/wp\/v2\/types\/page"}],"author":[{"embeddable":true,"href":"https:\/\/norecoil.net\/fr\/wp-json\/wp\/v2\/users\/1"}],"replies":[{"embeddable":true,"href":"https:\/\/norecoil.net\/fr\/wp-json\/wp\/v2\/comments?post=5823"}],"version-history":[{"count":0,"href":"https:\/\/norecoil.net\/fr\/wp-json\/wp\/v2\/pages\/5823\/revisions"}],"wp:featuredmedia":[{"embeddable":true,"href":"https:\/\/norecoil.net\/fr\/wp-json\/wp\/v2\/media\/3761"}],"wp:attachment":[{"href":"https:\/\/norecoil.net\/fr\/wp-json\/wp\/v2\/media?parent=5823"}],"curies":[{"name":"wp","href":"https:\/\/api.w.org\/{rel}","templated":true}]}}