{"id":5725,"date":"2023-09-16T05:51:50","date_gmt":"2023-09-16T05:51:50","guid":{"rendered":"https:\/\/norecoil.net\/affectation-du-clavier-logitech-g-pour-les-scripts-de-macro-sans-recul\/"},"modified":"2024-02-28T15:01:04","modified_gmt":"2024-02-28T15:01:04","slug":"affectation-du-clavier-logitech-g-pour-les-scripts-de-macro-sans-recul","status":"publish","type":"page","link":"https:\/\/norecoil.net\/fr\/affectation-du-clavier-logitech-g-pour-les-scripts-de-macro-sans-recul\/","title":{"rendered":"Affectation du clavier Logitech G pour les scripts de macro sans recul"},"content":{"rendered":"\t\t<div data-elementor-type=\"wp-page\" data-elementor-id=\"5725\" class=\"elementor elementor-5725 elementor-1655\">\n\t\t\t\t\t\t<section class=\"elementor-section elementor-top-section elementor-element elementor-element-007144e elementor-section-boxed elementor-section-height-default elementor-section-height-default\" data-id=\"007144e\" data-element_type=\"section\">\r\n\t\t\r\n\t\t\t\t\t\t\t<div class=\"elementor-container elementor-column-gap-default\">\r\n\t\t\t\t\t\t\t\t\t\t\t<div class=\"elementor-column elementor-col-100 elementor-top-column elementor-element elementor-element-aff4496 mx-auto\" data-id=\"aff4496\" data-element_type=\"column\">\r\n\t\t\t\t\t<div class=\"elementor-widget-wrap elementor-element-populated\">\r\n\t\t\t\t\t\t\t\t<div class=\"elementor-element elementor-element-2718dbf elementor-widget elementor-widget-porto_ultimate_heading\" data-id=\"2718dbf\" data-element_type=\"widget\" data-widget_type=\"porto_ultimate_heading.default\">\n\t\t\t\t<div class=\"elementor-widget-container\">\n\t\t\t\t\t<div class=\"porto-u-heading  porto-u-55ca8359258f9a412be7e73af65d2aac \"><div class=\"porto-u-main-heading\"><h2   >Comment configurer votre clavier Logitech G<\/h2><\/div><div class=\"porto-u-sub-heading\" style=\"\"><p style=\"text-align: center;\">Si vous poss\u00e9dez un <strong>clavier Logitech G<\/strong>, vous serez heureux d'apprendre que la personnalisation de ses fonctionnalit\u00e9s est incroyablement facile gr\u00e2ce au <strong>logiciel Logitech G HUB<\/strong>. Que vous soyez joueur, \u00e9crivain ou simplement d\u00e9sireux d'optimiser l'utilisation de votre clavier, vous pouvez attribuer une fonction \u00e0 n'importe quel bouton de votre clavier Logitech G afin d'en am\u00e9liorer les performances. Ce tutoriel vous guidera \u00e0 travers les \u00e9tapes \u00e0 suivre pour effectuer ces personnalisations.<\/p>\n\n<h4 style=\"text-align: center;\">\u00c9tape 1 : Ouvrir le profil Logitech G HUB<\/h4>\n<p style=\"text-align: center;\">Tout d'abord, vous devez acc\u00e9der \u00e0 votre profil de clavier dans le logiciel Logitech G HUB. Si vous n'avez pas encore install\u00e9 ce programme, assurez-vous de le t\u00e9l\u00e9charger <a href=\"https:\/\/download01.logi.com\/web\/ftp\/pub\/techsupport\/gaming\/lghub_installer.exe\">ici<\/a>.<\/p>\n\n<h4 style=\"text-align: center;\">\u00c9tape 2 : Localiser l'ic\u00f4ne d'affectation<\/h4>\n<p style=\"text-align: center;\">Apr\u00e8s avoir ouvert le profil de votre clavier, recherchez l'<strong>ic\u00f4ne d'affectation<\/strong>, qui se trouve g\u00e9n\u00e9ralement dans le coin sup\u00e9rieur gauche de l'interface. Cette ic\u00f4ne vous permet de visualiser et de modifier l'affectation des boutons.<\/p>\n\n<center>\n\n<figure id=\"attachment_1657\" aria-describedby=\"caption-attachment-1657\" style=\"width: 784px\" class=\"wp-caption alignnone\"><img fetchpriority=\"high\" decoding=\"async\" class=\"size-full wp-image-1657\" src=\"https:\/\/norecoil.net\/wp-content\/uploads\/2023\/09\/click-on-your-keyboard.jpg\" alt=\"Cliquez sur votre clavier Logitech G-Hub\" width=\"784\" height=\"537\" srcset=\"https:\/\/norecoil.net\/wp-content\/uploads\/2023\/09\/click-on-your-keyboard.jpg 784w, https:\/\/norecoil.net\/wp-content\/uploads\/2023\/09\/click-on-your-keyboard-600x411.jpg 600w, https:\/\/norecoil.net\/wp-content\/uploads\/2023\/09\/click-on-your-keyboard-768x526.jpg 768w, https:\/\/norecoil.net\/wp-content\/uploads\/2023\/09\/click-on-your-keyboard-640x438.jpg 640w, https:\/\/norecoil.net\/wp-content\/uploads\/2023\/09\/click-on-your-keyboard-400x274.jpg 400w\" sizes=\"(max-width: 784px) 100vw, 784px\" \/><figcaption id=\"caption-attachment-1657\" class=\"wp-caption-text\">Cliquez sur votre clavier Logitech G-Hub<\/figcaption><\/figure>\n\n<\/center>\n<h4 style=\"text-align: center;\">\u00c9tape 3 : Naviguer vers la section \"Syst\u00e8me<\/h4>\n<p style=\"text-align: center;\">Dans les options d'affectation, vous trouverez une cat\u00e9gorie intitul\u00e9e \"Syst\u00e8me\". C'est ici que vous pouvez explorer les diff\u00e9rentes fonctionnalit\u00e9s qui peuvent \u00eatre assign\u00e9es aux boutons de votre Logitech G Keyboard.<\/p>\n\n<center>\n\n<figure id=\"attachment_1671\" aria-describedby=\"caption-attachment-1671\" style=\"width: 896px\" class=\"wp-caption aligncenter\"><img decoding=\"async\" class=\"wp-image-1671 size-full\" src=\"https:\/\/norecoil.net\/wp-content\/uploads\/2023\/09\/Keyboard-assignment-system-1.gif\" alt=\"Dans Logitech G-Hub, sous Affectation, s\u00e9lectionnez Syst\u00e8me.\" width=\"896\" height=\"606\"><figcaption id=\"caption-attachment-1671\" class=\"wp-caption-text\">Dans Logitech G-Hub, sous Affectation, s\u00e9lectionnez Syst\u00e8me.<\/figcaption><\/figure>\n\n<\/center>\n<h4 style=\"text-align: center;\"><\/h4>\n<h4 style=\"text-align: center;\">\u00c9tape 4 : Choisir une fonction<\/h4>\n<p style=\"text-align: center;\">Dans la section \"Syst\u00e8me\", vous verrez une fonction nomm\u00e9e <strong>\"Stop\"<\/strong>. \u00c0 des fins de d\u00e9monstration, assignons cette fonction aux touches disponibles sur votre clavier. Cependant, n'h\u00e9sitez pas \u00e0 assigner toute fonction que vous jugez utile et qui n'interf\u00e8re pas avec votre utilisation habituelle du clavier.<\/p>\n&nbsp;\n\n<center><figure id=\"attachment_1680\" aria-describedby=\"caption-attachment-1680\" style=\"width: 806px\" class=\"wp-caption alignnone\"><img decoding=\"async\" class=\"size-full wp-image-1680\" src=\"https:\/\/norecoil.net\/wp-content\/uploads\/2023\/09\/logitech-g-keyboard-function-assignment.gif\" alt=\"Assignez la fonction \"stop\" \u00e0 votre clavier pour activer les boutons G pour l'assignation.\" width=\"806\" height=\"545\"><figcaption id=\"caption-attachment-1680\" class=\"wp-caption-text\">Assignez la fonction \"stop\" \u00e0 votre clavier pour activer les boutons G pour l'assignation.<\/figcaption><\/figure><\/center>\n\n&nbsp;\n\n<center><\/center>\n<h4 style=\"text-align: center;\">\u00c9tape 5 : Confirmer l'affectation<\/h4>\n<p style=\"text-align: center;\">Une fois la fonction choisie, affectez-la aux boutons de votre choix en suivant les instructions \u00e0 l'\u00e9cran. Vous pouvez assigner plusieurs boutons \u00e0 la m\u00eame fonction. Dans le cadre de la  <strong><a href=\"\/logitech-no-recoil-macro\">Logitech No Recoil Macro<\/a> vous devez changer la valeur \"nil\" en num\u00e9ro de bouton uniquement.\nPar exemple, si nous voulons utiliser F6, nous devons changer la valeur \"nil\" en 6, comme pour l'affectation d'un bouton de la souris.\nSi le script ne contient pas de liste de fonctions clavier, par exemple ;<\/strong><\/p>\n<p style=\"text-align: center;\"><strong>local Weapon = nil<\/strong><\/p>\n<p style=\"text-align: center;\"><strong>Il suffit d'ajouter \"_Keyboard\" au nom de l'arme pour que cela fonctionne. Au final, cela devrait ressembler \u00e0 ceci ;<\/strong><\/p>\n<p style=\"text-align: center;\"><strong>local Weapon_Keyboard = nil<\/strong><\/p>\n\n<h3 style=\"text-align: center;\">Conclusion<\/h3>\n<p style=\"text-align: center;\">Et c'est tout ! Vous avez appris \u00e0 <strong>attribuer des fonctions aux boutons de votre clavier Logitech G \u00e0 l'aide du Logitech G HUB<\/strong>. La personnalisation de votre clavier n'am\u00e9liore pas seulement votre exp\u00e9rience, mais vous permet \u00e9galement de rationaliser diverses t\u00e2ches, ce qui rend vos interactions informatiques quotidiennes plus efficaces.<\/p>\n<p style=\"text-align: center;\">N'oubliez pas que nous avons utilis\u00e9 la fonction \"Stop\" \u00e0 titre d'illustration, mais que vous \u00eates libre d'attribuer la fonction qui vous convient le mieux. Bonne personnalisation !<\/p><\/div><style>.porto-u-55ca8359258f9a412be7e73af65d2aac.porto-u-heading{text-align:center}<\/style><\/div>\t\t\t\t<\/div>\n\t\t\t\t<\/div>\n\t\t\t\t\t<\/div>\r\n\t\t\t\t<\/div>\r\n\t\t\t\t\t<\/div>\r\n\t\t\t\t<\/section>\r\n\t\t\t\t<\/div>\n\t\t","protected":false},"excerpt":{"rendered":"<p>Comment configurer votre clavier Logitech G Si vous poss\u00e9dez un clavier Logitech G, vous serez heureux d&#8217;apprendre que la personnalisation de ses fonctionnalit\u00e9s est incroyablement facile gr\u00e2ce au logiciel Logitech G HUB. Que vous soyez joueur, \u00e9crivain ou simplement d\u00e9sireux d&#8217;optimiser l&#8217;utilisation de votre clavier, vous pouvez attribuer une fonction \u00e0 n&#8217;importe quel bouton de [&hellip;]<\/p>\n","protected":false},"author":1,"featured_media":3649,"parent":0,"menu_order":0,"comment_status":"open","ping_status":"closed","template":"","meta":{"_acf_changed":false,"content-type":"","cybocfi_hide_featured_image":"","footnotes":""},"class_list":["post-5725","page","type-page","status-publish","has-post-thumbnail","hentry"],"acf":[],"yoast_head":"<!-- This site is optimized with the Yoast SEO Premium plugin v21.1 (Yoast SEO v21.1) - https:\/\/yoast.com\/wordpress\/plugins\/seo\/ -->\n<title>Affectation du clavier Logitech G pour les scripts Macro No Recoil<\/title>\n<meta name=\"description\" content=\"Logitech G Affectation du clavier pour les scripts de macro logitech lua no recoil. Comment attribuer une fonction de script \u00e0 votre clavier Logitech G.\" \/>\n<meta name=\"robots\" content=\"index, follow, max-snippet:-1, max-image-preview:large, max-video-preview:-1\" \/>\n<link rel=\"canonical\" href=\"https:\/\/norecoil.net\/fr\/affectation-du-clavier-logitech-g-pour-les-scripts-de-macro-sans-recul\/\" \/>\n<meta property=\"og:locale\" content=\"fr_FR\" \/>\n<meta property=\"og:type\" content=\"article\" \/>\n<meta property=\"og:title\" content=\"Affectation du clavier Logitech G pour les scripts de macro sans recul\" \/>\n<meta property=\"og:description\" content=\"Logitech G Affectation du clavier pour les scripts de macro logitech lua no recoil. Comment attribuer une fonction de script \u00e0 votre clavier Logitech G.\" \/>\n<meta property=\"og:url\" content=\"https:\/\/norecoil.net\/fr\/affectation-du-clavier-logitech-g-pour-les-scripts-de-macro-sans-recul\/\" \/>\n<meta property=\"og:site_name\" content=\"NoRecoil.Net\" \/>\n<meta property=\"article:modified_time\" content=\"2024-02-28T15:01:04+00:00\" \/>\n<meta property=\"og:image\" content=\"https:\/\/norecoil.net\/wp-content\/uploads\/2023\/09\/logitech-g-keyboard-assignment-for-logitech-lua-no-recoil-macro-scripts.webp\" \/>\n\t<meta property=\"og:image:width\" content=\"1200\" \/>\n\t<meta property=\"og:image:height\" content=\"675\" \/>\n\t<meta property=\"og:image:type\" content=\"image\/webp\" \/>\n<meta name=\"twitter:card\" content=\"summary_large_image\" \/>\n<meta name=\"twitter:label1\" content=\"Dur\u00e9e de lecture estim\u00e9e\" \/>\n\t<meta name=\"twitter:data1\" content=\"2 minutes\" \/>\n<script type=\"application\/ld+json\" class=\"yoast-schema-graph\">{\"@context\":\"https:\/\/schema.org\",\"@graph\":[{\"@type\":\"WebPage\",\"@id\":\"https:\/\/norecoil.net\/fr\/affectation-du-clavier-logitech-g-pour-les-scripts-de-macro-sans-recul\/\",\"url\":\"https:\/\/norecoil.net\/fr\/affectation-du-clavier-logitech-g-pour-les-scripts-de-macro-sans-recul\/\",\"name\":\"Affectation du clavier Logitech G pour les scripts Macro No Recoil\",\"isPartOf\":{\"@id\":\"https:\/\/norecoil.net\/fr\/#website\"},\"datePublished\":\"2023-09-16T05:51:50+00:00\",\"dateModified\":\"2024-02-28T15:01:04+00:00\",\"description\":\"Logitech G Affectation du clavier pour les scripts de macro logitech lua no recoil. Comment attribuer une fonction de script \u00e0 votre clavier Logitech G.\",\"breadcrumb\":{\"@id\":\"https:\/\/norecoil.net\/fr\/affectation-du-clavier-logitech-g-pour-les-scripts-de-macro-sans-recul\/#breadcrumb\"},\"inLanguage\":\"fr-FR\",\"potentialAction\":[{\"@type\":\"ReadAction\",\"target\":[\"https:\/\/norecoil.net\/fr\/affectation-du-clavier-logitech-g-pour-les-scripts-de-macro-sans-recul\/\"]}]},{\"@type\":\"BreadcrumbList\",\"@id\":\"https:\/\/norecoil.net\/fr\/affectation-du-clavier-logitech-g-pour-les-scripts-de-macro-sans-recul\/#breadcrumb\",\"itemListElement\":[{\"@type\":\"ListItem\",\"position\":1,\"name\":\"Home\",\"item\":\"https:\/\/norecoil.net\/fr\/norecoil-net\/\"},{\"@type\":\"ListItem\",\"position\":2,\"name\":\"Affectation du clavier Logitech G pour les scripts de macro sans recul\"}]},{\"@type\":\"WebSite\",\"@id\":\"https:\/\/norecoil.net\/fr\/#website\",\"url\":\"https:\/\/norecoil.net\/fr\/\",\"name\":\"NoRecoil.Net\",\"description\":\"\",\"potentialAction\":[{\"@type\":\"SearchAction\",\"target\":{\"@type\":\"EntryPoint\",\"urlTemplate\":\"https:\/\/norecoil.net\/fr\/?s={search_term_string}\"},\"query-input\":\"required name=search_term_string\"}],\"inLanguage\":\"fr-FR\"}]}<\/script>\n<!-- \/ Yoast SEO Premium plugin. -->","yoast_head_json":{"title":"Affectation du clavier Logitech G pour les scripts Macro No Recoil","description":"Logitech G Affectation du clavier pour les scripts de macro logitech lua no recoil. Comment attribuer une fonction de script \u00e0 votre clavier Logitech G.","robots":{"index":"index","follow":"follow","max-snippet":"max-snippet:-1","max-image-preview":"max-image-preview:large","max-video-preview":"max-video-preview:-1"},"canonical":"https:\/\/norecoil.net\/fr\/affectation-du-clavier-logitech-g-pour-les-scripts-de-macro-sans-recul\/","og_locale":"fr_FR","og_type":"article","og_title":"Affectation du clavier Logitech G pour les scripts de macro sans recul","og_description":"Logitech G Affectation du clavier pour les scripts de macro logitech lua no recoil. Comment attribuer une fonction de script \u00e0 votre clavier Logitech G.","og_url":"https:\/\/norecoil.net\/fr\/affectation-du-clavier-logitech-g-pour-les-scripts-de-macro-sans-recul\/","og_site_name":"NoRecoil.Net","article_modified_time":"2024-02-28T15:01:04+00:00","og_image":[{"width":1200,"height":675,"url":"https:\/\/norecoil.net\/wp-content\/uploads\/2023\/09\/logitech-g-keyboard-assignment-for-logitech-lua-no-recoil-macro-scripts.webp","type":"image\/webp"}],"twitter_card":"summary_large_image","twitter_misc":{"Dur\u00e9e de lecture estim\u00e9e":"2 minutes"},"schema":{"@context":"https:\/\/schema.org","@graph":[{"@type":"WebPage","@id":"https:\/\/norecoil.net\/fr\/affectation-du-clavier-logitech-g-pour-les-scripts-de-macro-sans-recul\/","url":"https:\/\/norecoil.net\/fr\/affectation-du-clavier-logitech-g-pour-les-scripts-de-macro-sans-recul\/","name":"Affectation du clavier Logitech G pour les scripts Macro No Recoil","isPartOf":{"@id":"https:\/\/norecoil.net\/fr\/#website"},"datePublished":"2023-09-16T05:51:50+00:00","dateModified":"2024-02-28T15:01:04+00:00","description":"Logitech G Affectation du clavier pour les scripts de macro logitech lua no recoil. Comment attribuer une fonction de script \u00e0 votre clavier Logitech G.","breadcrumb":{"@id":"https:\/\/norecoil.net\/fr\/affectation-du-clavier-logitech-g-pour-les-scripts-de-macro-sans-recul\/#breadcrumb"},"inLanguage":"fr-FR","potentialAction":[{"@type":"ReadAction","target":["https:\/\/norecoil.net\/fr\/affectation-du-clavier-logitech-g-pour-les-scripts-de-macro-sans-recul\/"]}]},{"@type":"BreadcrumbList","@id":"https:\/\/norecoil.net\/fr\/affectation-du-clavier-logitech-g-pour-les-scripts-de-macro-sans-recul\/#breadcrumb","itemListElement":[{"@type":"ListItem","position":1,"name":"Home","item":"https:\/\/norecoil.net\/fr\/norecoil-net\/"},{"@type":"ListItem","position":2,"name":"Affectation du clavier Logitech G pour les scripts de macro sans recul"}]},{"@type":"WebSite","@id":"https:\/\/norecoil.net\/fr\/#website","url":"https:\/\/norecoil.net\/fr\/","name":"NoRecoil.Net","description":"","potentialAction":[{"@type":"SearchAction","target":{"@type":"EntryPoint","urlTemplate":"https:\/\/norecoil.net\/fr\/?s={search_term_string}"},"query-input":"required name=search_term_string"}],"inLanguage":"fr-FR"}]}},"_links":{"self":[{"href":"https:\/\/norecoil.net\/fr\/wp-json\/wp\/v2\/pages\/5725","targetHints":{"allow":["GET"]}}],"collection":[{"href":"https:\/\/norecoil.net\/fr\/wp-json\/wp\/v2\/pages"}],"about":[{"href":"https:\/\/norecoil.net\/fr\/wp-json\/wp\/v2\/types\/page"}],"author":[{"embeddable":true,"href":"https:\/\/norecoil.net\/fr\/wp-json\/wp\/v2\/users\/1"}],"replies":[{"embeddable":true,"href":"https:\/\/norecoil.net\/fr\/wp-json\/wp\/v2\/comments?post=5725"}],"version-history":[{"count":0,"href":"https:\/\/norecoil.net\/fr\/wp-json\/wp\/v2\/pages\/5725\/revisions"}],"wp:featuredmedia":[{"embeddable":true,"href":"https:\/\/norecoil.net\/fr\/wp-json\/wp\/v2\/media\/3649"}],"wp:attachment":[{"href":"https:\/\/norecoil.net\/fr\/wp-json\/wp\/v2\/media?parent=5725"}],"curies":[{"name":"wp","href":"https:\/\/api.w.org\/{rel}","templated":true}]}}