{"id":5722,"date":"2023-09-13T22:42:35","date_gmt":"2023-09-13T22:42:35","guid":{"rendered":"https:\/\/norecoil.net\/comment-installer-la-macro-logitech-no-recoil\/"},"modified":"2024-02-28T15:01:04","modified_gmt":"2024-02-28T15:01:04","slug":"comment-installer-la-macro-logitech-no-recoil","status":"publish","type":"page","link":"https:\/\/norecoil.net\/fr\/comment-installer-la-macro-logitech-no-recoil\/","title":{"rendered":"Comment installer la macro Logitech No Recoil"},"content":{"rendered":"\t\t<div data-elementor-type=\"wp-page\" data-elementor-id=\"5722\" class=\"elementor elementor-5722 elementor-1600\">\n\t\t\t\t\t\t<section class=\"elementor-section elementor-top-section elementor-element elementor-element-007144e elementor-section-boxed elementor-section-height-default elementor-section-height-default\" data-id=\"007144e\" data-element_type=\"section\">\r\n\t\t\r\n\t\t\t\t\t\t\t<div class=\"elementor-container elementor-column-gap-default\">\r\n\t\t\t\t\t\t\t\t\t\t\t<div class=\"elementor-column elementor-col-100 elementor-top-column elementor-element elementor-element-aff4496 mx-auto\" data-id=\"aff4496\" data-element_type=\"column\">\r\n\t\t\t\t\t<div class=\"elementor-widget-wrap elementor-element-populated\">\r\n\t\t\t\t\t\t\t\t<div class=\"elementor-element elementor-element-2718dbf elementor-widget elementor-widget-porto_ultimate_heading\" data-id=\"2718dbf\" data-element_type=\"widget\" data-widget_type=\"porto_ultimate_heading.default\">\n\t\t\t\t<div class=\"elementor-widget-container\">\n\t\t\t\t\t<div class=\"porto-u-heading  porto-u-55ca8359258f9a412be7e73af65d2aac \"><div class=\"porto-u-main-heading\"><h2   >Comment installer la macro Logitech No Recoil<\/h2><\/div><div class=\"porto-u-sub-heading\" style=\"\"><p>Comment installer Logitech ; Regardez la vid\u00e9o et v\u00e9rifiez les \u00e9tapes une par une pour une installation correcte de <strong>Logitech No Recoil Macros<\/strong>.<\/p><\/div><style>.porto-u-55ca8359258f9a412be7e73af65d2aac.porto-u-heading{text-align:center}<\/style><\/div>\t\t\t\t<\/div>\n\t\t\t\t<\/div>\n\t\t\t\t<div class=\"elementor-element elementor-element-86cb3d5 elementor-widget elementor-widget-porto_ultimate_heading\" data-id=\"86cb3d5\" data-element_type=\"widget\" data-widget_type=\"porto_ultimate_heading.default\">\n\t\t\t\t<div class=\"elementor-widget-container\">\n\t\t\t\t\t<div class=\"porto-u-heading  porto-u-55ca8359258f9a412be7e73af65d2aac \"><div class=\"porto-u-main-heading\"><h2 data-plugin-animated-words data-plugin-options=\"{&quot;startDelay&quot;:0,&quot;minWindowWidth&quot;:0,&quot;animationName&quot;:&quot;fadeIn&quot;,&quot;contentType&quot;:&quot;word&quot;}\"  >Instruction vid\u00e9o<\/h2><\/div><style>.porto-u-55ca8359258f9a412be7e73af65d2aac.porto-u-heading{text-align:center}<\/style><\/div>\t\t\t\t<\/div>\n\t\t\t\t<\/div>\n\t\t\t\t<div class=\"elementor-element elementor-element-712b7ba elementor-widget elementor-widget-video\" data-id=\"712b7ba\" data-element_type=\"widget\" data-settings=\"{&quot;video_type&quot;:&quot;vimeo&quot;}\" data-widget_type=\"video.default\">\n\t\t\t\t<div class=\"elementor-widget-container\">\n\t\t\t\t\t\t\t<div class=\"elementor-wrapper elementor-open-inline\">\n\t\t\t<iframe class=\"elementor-video-iframe\" allowfullscreen allow=\"clipboard-write\" title=\"Lecteur vid\u00e9o vimeo\" src=\"https:\/\/player.vimeo.com\/video\/864201554?color&amp;autopause=0&amp;loop=0&amp;muted=0&amp;title=1&amp;portrait=1&amp;byline=1#t=\"><\/iframe>\t\t<\/div>\n\t\t\t\t\t\t<\/div>\n\t\t\t\t<\/div>\n\t\t\t\t<div class=\"elementor-element elementor-element-044587b elementor-widget elementor-widget-porto_ultimate_heading\" data-id=\"044587b\" data-element_type=\"widget\" data-widget_type=\"porto_ultimate_heading.default\">\n\t\t\t\t<div class=\"elementor-widget-container\">\n\t\t\t\t\t<div class=\"porto-u-heading  porto-u-55ca8359258f9a412be7e73af65d2aac \"><div class=\"porto-u-main-heading\"><h2 data-plugin-animated-words data-plugin-options=\"{&quot;startDelay&quot;:0,&quot;minWindowWidth&quot;:0,&quot;animationName&quot;:&quot;fadeIn&quot;,&quot;contentType&quot;:&quot;word&quot;}\"  >Instructions d'installation \u00e9tape par \u00e9tape<\/h2><\/div><style>.porto-u-55ca8359258f9a412be7e73af65d2aac.porto-u-heading{text-align:center}<\/style><\/div>\t\t\t\t<\/div>\n\t\t\t\t<\/div>\n\t\t\t\t<div class=\"elementor-element elementor-element-ddbaa6e elementor-widget elementor-widget-porto_steps\" data-id=\"ddbaa6e\" data-element_type=\"widget\" data-widget_type=\"porto_steps.default\">\n\t\t\t\t<div class=\"elementor-widget-container\">\n\t\t\t\t\t<section class=\"timeline\"><div class=\"timeline-body\"><div class=\"timeline-date \"><h3 class=\"time-text step-item-subtitle\">\u00c9TAPE 1<\/h3><\/div><article class=\"timeline-box left\"><div><img decoding=\"async\" src=\"\/\/resource.logitechg.com\/w_316,dpr_1.0\/d_transparent.gif\/content\/dam\/gaming\/en\/navigation\/software-g-hub.png\" class=\"img-responsive\" alt=\"\u00c9tape 1 : T\u00e9l\u00e9charger G-Hub\"><h4 class=\"timeline-item-title step-item-title\">\u00c9tape 1 : T\u00e9l\u00e9charger G-Hub<\/h4><div class=\"timeline-item-content\"><p>Tout d'abord, il faut que <strong>\n  <a href=\"https:\/\/download01.logi.com\/web\/ftp\/pub\/techsupport\/gaming\/lghub_installer.exe\" target=\"_blank\" rel=\"noopener\">G-Hub install\u00e9.<\/a>\n  <br>\n<\/strong>Assurez-vous que votre G-hub se trouve sur la page  <strong>derni\u00e8re version. (2022.2.659 et plus)<\/strong><br>Pour v\u00e9rifier la version de G-Hub, allez dans les param\u00e8tres de G-Hub comme dans l'image ci-dessous.<\/p><figure id=\"attachment_1628\" aria-describedby=\"caption-attachment-1628\" style=\"width: 760px\" class=\"wp-caption alignnone\"><img fetchpriority=\"high\" decoding=\"async\" class=\"size-full wp-image-1628\" src=\"https:\/\/norecoil.net\/wp-content\/uploads\/2023\/09\/logitech-ghub-check-for-updates.gif\" alt=\"Logitech G-Hub V\u00e9rifier la mise \u00e0 jour\" width=\"760\" height=\"519\"><figcaption id=\"caption-attachment-1628\" class=\"wp-caption-text\">Logitech G-Hub V\u00e9rifier la mise \u00e0 jour<\/figcaption><\/figure><\/div><\/div><\/article><div class=\"timeline-date \"><h3 class=\"time-text step-item-subtitle\">\u00c9TAPE 2<\/h3><\/div><article class=\"timeline-box right\"><div><h4 class=\"timeline-item-title step-item-title\">Comment installer la macro No Recoil avec Logitech G-Hub ?<\/h4><div class=\"timeline-item-content\"><div class=\"fw-row\"><div class=\"sh-column sh-column-7be3fb1e777683ea1c4bb7ab64b159f2 fw-col-xs-12\"><div class=\"sh-column-wrapper\"><div id=\"text-block-f5f5e77495aebb2154811a571e1d001d\" class=\"sh-text-block\"><figure id=\"attachment_1629\" aria-describedby=\"caption-attachment-1629\" style=\"width: 474px\" class=\"wp-caption alignnone\"><img decoding=\"async\" class=\"size-full wp-image-1629\" src=\"https:\/\/norecoil.net\/wp-content\/uploads\/2023\/09\/how-to-check-windows-version.gif\" alt=\"V\u00e9rifiez votre version de Windows\" width=\"474\" height=\"439\"><figcaption id=\"caption-attachment-1629\" class=\"wp-caption-text\">V\u00e9rifiez votre version de Windows<\/figcaption><\/figure><h3><span style=\"font-size: 16px;\">Les \u00e9tapes suivantes consistent \u00e0 installer notre script<\/span><\/h3><\/div><\/div><\/div><\/div><div class=\"fw-row\"><div class=\"sh-column sh-column-7be3fb1e777683ea1c4bb7ab64b159f2 fw-col-xs-12\"><div class=\"sh-column-wrapper\"><div id=\"text-block-f2e614b39e4872afb308cdef6d84ff48\" class=\"sh-text-block\"><p>V\u00e9rifiez votre version de Windows. Appuyez sur <strong>WindowsIcon+R<\/strong> et \u00e9crivez <strong>winver<\/strong>.<\/p><p>Choisissez le dossier correspondant \u00e0 votre <strong>version de Windows<\/strong>.<br>(Remarque : il se peut que l'autre version vous convienne mieux.  <br>Essayez donc d'abord de trouver le bon dossier. Si cela ne fonctionne pas correctement, essayez l'autre version)<\/p><figure id=\"attachment_1632\" aria-describedby=\"caption-attachment-1632\" style=\"width: 393px\" class=\"wp-caption alignnone\"><img decoding=\"async\" class=\"size-full wp-image-1632\" src=\"https:\/\/norecoil.net\/wp-content\/uploads\/2023\/09\/choose-win-version-folder.gif\" alt=\"Choisissez le dossier No Recoil Macro qui correspond \u00e0 votre version de Windows.\" width=\"393\" height=\"44\"><figcaption id=\"caption-attachment-1632\" class=\"wp-caption-text\">Choisissez le dossier No Recoil Macro qui correspond \u00e0 votre version de Windows.<\/figcaption><\/figure><p> <\/p><p>Copiez le script (dossier Script) et <strong>collez-le<\/strong> sur un <strong>disque local.<br><\/strong>(Si vous n'avez qu'un seul disque local, cela ne pose pas de probl\u00e8me).<\/p><figure id=\"attachment_1631\" aria-describedby=\"caption-attachment-1631\" style=\"width: 435px\" class=\"wp-caption alignnone\"><img loading=\"lazy\" decoding=\"async\" class=\"wp-image-1631 size-full\" src=\"https:\/\/norecoil.net\/wp-content\/uploads\/2023\/09\/Copy-the-Logitech-Lua-script.gif\" alt=\"Copier le script Logitech Lua No Recoil Macro Script\" width=\"435\" height=\"469\"><figcaption id=\"caption-attachment-1631\" class=\"wp-caption-text\">Copier le script Logitech Lua No Recoil Macro Script<\/figcaption><\/figure><\/div><\/div><\/div><\/div><\/div><\/div><\/article><div class=\"timeline-date \"><h3 class=\"time-text step-item-subtitle\">\u00c9tape 3<\/h3><\/div><article class=\"timeline-box left\"><div><h4 class=\"timeline-item-title step-item-title\">Renommer le fichier Lua<\/h4><div class=\"timeline-item-content\"><figure id=\"attachment_1633\" aria-describedby=\"caption-attachment-1633\" style=\"width: 414px\" class=\"wp-caption alignnone\"><img loading=\"lazy\" decoding=\"async\" class=\"size-full wp-image-1633\" src=\"https:\/\/norecoil.net\/wp-content\/uploads\/2023\/09\/Paste-No-Recoil-Macro-File.gif\" alt=\"Copier - Coller le fichier No Recoil Macro sur votre disque local.\" width=\"414\" height=\"371\"><figcaption id=\"caption-attachment-1633\" class=\"wp-caption-text\">Copier - Coller le fichier No Recoil Macro sur votre disque local.<\/figcaption><\/figure><h5>Apr\u00e8s avoir copi\u00e9-coll\u00e9 le fichier sur votre disque local, renommez-le \"world\"<strong>.<\/strong><\/h5><p>(ou ce que vous voulez mais n'utilisez pas de mots comme hack, script, cheat)<\/p><p> <\/p><figure id=\"attachment_1634\" aria-describedby=\"caption-attachment-1634\" style=\"width: 414px\" class=\"wp-caption alignnone\"><img loading=\"lazy\" decoding=\"async\" class=\"size-full wp-image-1634\" src=\"https:\/\/norecoil.net\/wp-content\/uploads\/2023\/09\/rename-the-no-recoil-macro-file.gif\" alt=\"renommer le fichier de script de la macro sans recul\" width=\"414\" height=\"371\"><figcaption id=\"caption-attachment-1634\" class=\"wp-caption-text\">renommer le fichier de script de la macro sans recul<\/figcaption><\/figure><p><strong>Ouvrez<\/strong> maintenant le fichier avec le bloc-notes et changez la valeur <strong>nil<\/strong> de l'arme que vous voulez utiliser en un <strong>num\u00e9ro de bouton de souris.<br><\/strong>(Si vous avez un clavier logitech g, veuillez <a href=\"https:\/\/norecoil.net\/logitech-g-keyboard-instruction\" target=\"_blank\" rel=\"noopener\">cliquer ici<\/a> pour l'affectation du clavier).<\/p><figure id=\"attachment_1635\" aria-describedby=\"caption-attachment-1635\" style=\"width: 1090px\" class=\"wp-caption alignnone\"><img loading=\"lazy\" decoding=\"async\" class=\"size-full wp-image-1635\" src=\"https:\/\/norecoil.net\/wp-content\/uploads\/2023\/09\/Mouse-Button-Assignment-for-the-script.gif\" alt=\"Attribution des boutons de la souris. Les boutons que vous pouvez utiliser pour l'attribution de macros sans recul.\" width=\"1090\" height=\"431\"><figcaption id=\"caption-attachment-1635\" class=\"wp-caption-text\">Attribution du bouton de la souris. Les boutons que vous pouvez utiliser pour l'attribution de macros sans recul.<\/figcaption><\/figure><p>Apr\u00e8s avoir effectu\u00e9 l'affectation des armes, enregistrez le script et <strong>copiez la<\/strong> ligne de code ci-dessous :<\/p><p><strong>data = dofile[[D:\\world .lua]]  <\/strong><\/p><p>Ouvrez <strong>Logitech G-Hub<\/strong> <strong>en tant qu'administrateur<\/strong> et cliquez sur la section<strong>\"Profil<\/strong>\" (voir l'image ci-dessous).<\/p><figure id=\"attachment_1636\" aria-describedby=\"caption-attachment-1636\" style=\"width: 600px\" class=\"wp-caption alignnone\"><img loading=\"lazy\" decoding=\"async\" class=\"size-full wp-image-1636\" src=\"https:\/\/norecoil.net\/wp-content\/uploads\/2023\/09\/11.jpg\" alt=\"Profil du Logitech G-Hub\" width=\"600\" height=\"419\" srcset=\"https:\/\/norecoil.net\/wp-content\/uploads\/2023\/09\/11.jpg 600w, https:\/\/norecoil.net\/wp-content\/uploads\/2023\/09\/11-400x279.jpg 400w\" sizes=\"(max-width: 600px) 100vw, 600px\" \/><figcaption id=\"caption-attachment-1636\" class=\"wp-caption-text\">Profil du Logitech G-Hub<\/figcaption><\/figure><h5>Allez en bas \u00e0 gauche et cliquez sur<strong>\"Scripting<\/strong>\"<\/h5><figure id=\"attachment_1638\" aria-describedby=\"caption-attachment-1638\" style=\"width: 834px\" class=\"wp-caption alignnone\"><img loading=\"lazy\" decoding=\"async\" class=\"size-full wp-image-1638\" src=\"https:\/\/norecoil.net\/wp-content\/uploads\/2023\/09\/logitech-g-hub-scripting.jpg\" alt=\"Section de script Logitech G-Hub pour la macro No Recoil\" width=\"834\" height=\"557\" srcset=\"https:\/\/norecoil.net\/wp-content\/uploads\/2023\/09\/logitech-g-hub-scripting.jpg 834w, https:\/\/norecoil.net\/wp-content\/uploads\/2023\/09\/logitech-g-hub-scripting-600x401.jpg 600w, https:\/\/norecoil.net\/wp-content\/uploads\/2023\/09\/logitech-g-hub-scripting-768x513.jpg 768w, https:\/\/norecoil.net\/wp-content\/uploads\/2023\/09\/logitech-g-hub-scripting-640x427.jpg 640w, https:\/\/norecoil.net\/wp-content\/uploads\/2023\/09\/logitech-g-hub-scripting-400x267.jpg 400w\" sizes=\"(max-width: 834px) 100vw, 834px\" \/><figcaption id=\"caption-attachment-1638\" class=\"wp-caption-text\">Section de script Logitech G-Hub pour la macro No Recoil<\/figcaption><\/figure><p>Pour cr\u00e9er un nouveau compte <strong>Lua Script<\/strong>, cliquez sur le bouton bleu.<\/p><figure id=\"attachment_1639\" aria-describedby=\"caption-attachment-1639\" style=\"width: 865px\" class=\"wp-caption alignnone\"><img loading=\"lazy\" decoding=\"async\" class=\"size-full wp-image-1639\" src=\"https:\/\/norecoil.net\/wp-content\/uploads\/2023\/09\/create-new-lua-file.jpg\" alt=\"Logitech G-Hub Cr\u00e9ation d'un nouveau fichier Lua Script pour la macro No Recoil\" width=\"865\" height=\"615\" srcset=\"https:\/\/norecoil.net\/wp-content\/uploads\/2023\/09\/create-new-lua-file.jpg 865w, https:\/\/norecoil.net\/wp-content\/uploads\/2023\/09\/create-new-lua-file-600x427.jpg 600w, https:\/\/norecoil.net\/wp-content\/uploads\/2023\/09\/create-new-lua-file-768x546.jpg 768w, https:\/\/norecoil.net\/wp-content\/uploads\/2023\/09\/create-new-lua-file-640x455.jpg 640w, https:\/\/norecoil.net\/wp-content\/uploads\/2023\/09\/create-new-lua-file-400x284.jpg 400w\" sizes=\"(max-width: 865px) 100vw, 865px\" \/><figcaption id=\"caption-attachment-1639\" class=\"wp-caption-text\">Logitech G-Hub Cr\u00e9ation d'un nouveau fichier Lua Script pour la macro No Recoil<\/figcaption><\/figure><p>Supprimez tous les codes et <strong>collez<\/strong> la <strong>ligne de code<\/strong> que nous avons copi\u00e9e.<\/p><\/div><\/div><\/article><div class=\"timeline-date \"><h3 class=\"time-text step-item-subtitle\">\u00c9tape 4<\/h3><\/div><article class=\"timeline-box right\"><div><h4 class=\"timeline-item-title step-item-title\">Derni\u00e8re \u00e9tape Sauvegarder le fichier Lua sur G-Hub<\/h4><div class=\"timeline-item-content\"><figure id=\"attachment_1640\" aria-describedby=\"caption-attachment-1640\" style=\"width: 918px\" class=\"wp-caption alignnone\"><img loading=\"lazy\" decoding=\"async\" class=\"size-full wp-image-1640\" src=\"https:\/\/norecoil.net\/wp-content\/uploads\/2023\/09\/copy-paste-lua-code-line.gif\" alt=\"Coller la ligne de code Lua Script dans le Logitech G-Hub\" width=\"918\" height=\"439\"><figcaption id=\"caption-attachment-1640\" class=\"wp-caption-text\">Coller la ligne de code Lua Script dans le Logitech G-Hub<\/figcaption><\/figure><p>Modifiez maintenant la ligne de code si vous ajoutez le script \u00e0 une lettre de lecteur local diff\u00e9rente. Par exemple, si vous copiez-collez le script du lecteur local <strong>C :<br><\/strong>Changez la ligne de code de D : \u00e0 C : comme ci-dessous<\/p><p><strong>data = dofile[[C:\\world .lua]]<\/strong><\/p><p>Il en va de m\u00eame pour le nom du fichier. Si vous donnez un nom de fichier diff\u00e9rent, modifiez-le \u00e9galement. (.lua est le format de fichier, ne le supprimez pas)<\/p><p>Sauvegardez maintenant avec <strong>ctrl+s<\/strong><br>En appuyant sur le bouton de la souris que vous avez assign\u00e9, vous pouvez<br>Activez maintenant l'arme.<\/p><h5>La derni\u00e8re \u00e9tape consiste \u00e0 v\u00e9rifier que notre profil est d\u00e9fini comme persistant.<\/h5><p>Allez dans les d\u00e9tails de votre profil et si ce n'est pas le cas, appuyez sur le bouton pour le rendre persistant.<\/p><figure id=\"attachment_1641\" aria-describedby=\"caption-attachment-1641\" style=\"width: 1123px\" class=\"wp-caption alignnone\"><img loading=\"lazy\" decoding=\"async\" class=\"size-full wp-image-1641\" src=\"https:\/\/norecoil.net\/wp-content\/uploads\/2023\/09\/set-your-profile-as-persistent.gif\" alt=\"D\u00e9finissez votre profil G-Hub comme persistant\" width=\"1123\" height=\"777\"><figcaption id=\"caption-attachment-1641\" class=\"wp-caption-text\">D\u00e9finissez votre profil G-Hub comme persistant<\/figcaption><\/figure><p>Si vous avez un <strong>Logitech G Keyboard<\/strong> <a href=\"\/logitech-g-keyboard-instruction\">\n  <span style=\"text-decoration: underline;\">Cliquez ici<\/span>\n<\/a> pour obtenir ces instructions.<\/p><p><strong>C'est tout ! Profitez-en !<\/strong><\/p><\/div><\/div><\/article><\/div><\/section>\t\t\t\t<\/div>\n\t\t\t\t<\/div>\n\t\t\t\t\t<\/div>\r\n\t\t\t\t<\/div>\r\n\t\t\t\t\t<\/div>\r\n\t\t\t\t<\/section>\r\n\t\t\t\t<\/div>\n\t\t","protected":false},"excerpt":{"rendered":"<p>Comment installer la macro Logitech No Recoil Comment installer Logitech ; Regardez la vid\u00e9o et v\u00e9rifiez les \u00e9tapes une par une pour une installation correcte de Logitech No Recoil Macros. Instruction vid\u00e9o Instructions d&#8217;installation \u00e9tape par \u00e9tape \u00c9TAPE 1 \u00c9tape 1 : T\u00e9l\u00e9charger G-Hub Tout d&#8217;abord, il faut que G-Hub install\u00e9. Assurez-vous que votre G-hub [&hellip;]<\/p>\n","protected":false},"author":1,"featured_media":3537,"parent":0,"menu_order":0,"comment_status":"open","ping_status":"closed","template":"","meta":{"_acf_changed":false,"content-type":"","cybocfi_hide_featured_image":"","footnotes":""},"class_list":["post-5722","page","type-page","status-publish","has-post-thumbnail","hentry"],"acf":[],"yoast_head":"<!-- This site is optimized with the Yoast SEO Premium plugin v21.1 (Yoast SEO v21.1) - https:\/\/yoast.com\/wordpress\/plugins\/seo\/ -->\n<title>Comment installer la macro Logitech No Recoil<\/title>\n<meta name=\"description\" content=\"Comment installer la macro Logitech No Recoil pour Logitech G-Hub. Pas d&#039;installation de macro Recoil pour les instructions de scripts Lua avec vid\u00e9o.\" \/>\n<meta name=\"robots\" content=\"index, follow, max-snippet:-1, max-image-preview:large, max-video-preview:-1\" \/>\n<link rel=\"canonical\" href=\"https:\/\/norecoil.net\/fr\/comment-installer-la-macro-logitech-no-recoil\/\" \/>\n<meta property=\"og:locale\" content=\"fr_FR\" \/>\n<meta property=\"og:type\" content=\"article\" \/>\n<meta property=\"og:title\" content=\"Comment installer la macro Logitech No Recoil\" \/>\n<meta property=\"og:description\" content=\"Comment installer la macro Logitech No Recoil pour Logitech G-Hub. Pas d&#039;installation de macro Recoil pour les instructions de scripts Lua avec vid\u00e9o.\" \/>\n<meta property=\"og:url\" content=\"https:\/\/norecoil.net\/fr\/comment-installer-la-macro-logitech-no-recoil\/\" \/>\n<meta property=\"og:site_name\" content=\"NoRecoil.Net\" \/>\n<meta property=\"article:modified_time\" content=\"2024-02-28T15:01:04+00:00\" \/>\n<meta property=\"og:image\" content=\"https:\/\/norecoil.net\/wp-content\/uploads\/2023\/09\/how-to-install-logitech-no-recoil-macro.webp\" \/>\n\t<meta property=\"og:image:width\" content=\"1200\" \/>\n\t<meta property=\"og:image:height\" content=\"675\" \/>\n\t<meta property=\"og:image:type\" content=\"image\/webp\" \/>\n<meta name=\"twitter:card\" content=\"summary_large_image\" \/>\n<meta name=\"twitter:label1\" content=\"Dur\u00e9e de lecture estim\u00e9e\" \/>\n\t<meta name=\"twitter:data1\" content=\"3 minutes\" \/>\n<script type=\"application\/ld+json\" class=\"yoast-schema-graph\">{\"@context\":\"https:\/\/schema.org\",\"@graph\":[{\"@type\":\"WebPage\",\"@id\":\"https:\/\/norecoil.net\/fr\/comment-installer-la-macro-logitech-no-recoil\/\",\"url\":\"https:\/\/norecoil.net\/fr\/comment-installer-la-macro-logitech-no-recoil\/\",\"name\":\"Comment installer la macro Logitech No Recoil\",\"isPartOf\":{\"@id\":\"https:\/\/norecoil.net\/fr\/#website\"},\"datePublished\":\"2023-09-13T22:42:35+00:00\",\"dateModified\":\"2024-02-28T15:01:04+00:00\",\"description\":\"Comment installer la macro Logitech No Recoil pour Logitech G-Hub. Pas d'installation de macro Recoil pour les instructions de scripts Lua avec vid\u00e9o.\",\"breadcrumb\":{\"@id\":\"https:\/\/norecoil.net\/fr\/comment-installer-la-macro-logitech-no-recoil\/#breadcrumb\"},\"inLanguage\":\"fr-FR\",\"potentialAction\":[{\"@type\":\"ReadAction\",\"target\":[\"https:\/\/norecoil.net\/fr\/comment-installer-la-macro-logitech-no-recoil\/\"]}]},{\"@type\":\"BreadcrumbList\",\"@id\":\"https:\/\/norecoil.net\/fr\/comment-installer-la-macro-logitech-no-recoil\/#breadcrumb\",\"itemListElement\":[{\"@type\":\"ListItem\",\"position\":1,\"name\":\"Home\",\"item\":\"https:\/\/norecoil.net\/fr\/norecoil-net\/\"},{\"@type\":\"ListItem\",\"position\":2,\"name\":\"Comment installer la macro Logitech No Recoil\"}]},{\"@type\":\"WebSite\",\"@id\":\"https:\/\/norecoil.net\/fr\/#website\",\"url\":\"https:\/\/norecoil.net\/fr\/\",\"name\":\"NoRecoil.Net\",\"description\":\"\",\"potentialAction\":[{\"@type\":\"SearchAction\",\"target\":{\"@type\":\"EntryPoint\",\"urlTemplate\":\"https:\/\/norecoil.net\/fr\/?s={search_term_string}\"},\"query-input\":\"required name=search_term_string\"}],\"inLanguage\":\"fr-FR\"}]}<\/script>\n<!-- \/ Yoast SEO Premium plugin. -->","yoast_head_json":{"title":"Comment installer la macro Logitech No Recoil","description":"Comment installer la macro Logitech No Recoil pour Logitech G-Hub. Pas d'installation de macro Recoil pour les instructions de scripts Lua avec vid\u00e9o.","robots":{"index":"index","follow":"follow","max-snippet":"max-snippet:-1","max-image-preview":"max-image-preview:large","max-video-preview":"max-video-preview:-1"},"canonical":"https:\/\/norecoil.net\/fr\/comment-installer-la-macro-logitech-no-recoil\/","og_locale":"fr_FR","og_type":"article","og_title":"Comment installer la macro Logitech No Recoil","og_description":"Comment installer la macro Logitech No Recoil pour Logitech G-Hub. Pas d'installation de macro Recoil pour les instructions de scripts Lua avec vid\u00e9o.","og_url":"https:\/\/norecoil.net\/fr\/comment-installer-la-macro-logitech-no-recoil\/","og_site_name":"NoRecoil.Net","article_modified_time":"2024-02-28T15:01:04+00:00","og_image":[{"width":1200,"height":675,"url":"https:\/\/norecoil.net\/wp-content\/uploads\/2023\/09\/how-to-install-logitech-no-recoil-macro.webp","type":"image\/webp"}],"twitter_card":"summary_large_image","twitter_misc":{"Dur\u00e9e de lecture estim\u00e9e":"3 minutes"},"schema":{"@context":"https:\/\/schema.org","@graph":[{"@type":"WebPage","@id":"https:\/\/norecoil.net\/fr\/comment-installer-la-macro-logitech-no-recoil\/","url":"https:\/\/norecoil.net\/fr\/comment-installer-la-macro-logitech-no-recoil\/","name":"Comment installer la macro Logitech No Recoil","isPartOf":{"@id":"https:\/\/norecoil.net\/fr\/#website"},"datePublished":"2023-09-13T22:42:35+00:00","dateModified":"2024-02-28T15:01:04+00:00","description":"Comment installer la macro Logitech No Recoil pour Logitech G-Hub. Pas d'installation de macro Recoil pour les instructions de scripts Lua avec vid\u00e9o.","breadcrumb":{"@id":"https:\/\/norecoil.net\/fr\/comment-installer-la-macro-logitech-no-recoil\/#breadcrumb"},"inLanguage":"fr-FR","potentialAction":[{"@type":"ReadAction","target":["https:\/\/norecoil.net\/fr\/comment-installer-la-macro-logitech-no-recoil\/"]}]},{"@type":"BreadcrumbList","@id":"https:\/\/norecoil.net\/fr\/comment-installer-la-macro-logitech-no-recoil\/#breadcrumb","itemListElement":[{"@type":"ListItem","position":1,"name":"Home","item":"https:\/\/norecoil.net\/fr\/norecoil-net\/"},{"@type":"ListItem","position":2,"name":"Comment installer la macro Logitech No Recoil"}]},{"@type":"WebSite","@id":"https:\/\/norecoil.net\/fr\/#website","url":"https:\/\/norecoil.net\/fr\/","name":"NoRecoil.Net","description":"","potentialAction":[{"@type":"SearchAction","target":{"@type":"EntryPoint","urlTemplate":"https:\/\/norecoil.net\/fr\/?s={search_term_string}"},"query-input":"required name=search_term_string"}],"inLanguage":"fr-FR"}]}},"_links":{"self":[{"href":"https:\/\/norecoil.net\/fr\/wp-json\/wp\/v2\/pages\/5722","targetHints":{"allow":["GET"]}}],"collection":[{"href":"https:\/\/norecoil.net\/fr\/wp-json\/wp\/v2\/pages"}],"about":[{"href":"https:\/\/norecoil.net\/fr\/wp-json\/wp\/v2\/types\/page"}],"author":[{"embeddable":true,"href":"https:\/\/norecoil.net\/fr\/wp-json\/wp\/v2\/users\/1"}],"replies":[{"embeddable":true,"href":"https:\/\/norecoil.net\/fr\/wp-json\/wp\/v2\/comments?post=5722"}],"version-history":[{"count":0,"href":"https:\/\/norecoil.net\/fr\/wp-json\/wp\/v2\/pages\/5722\/revisions"}],"wp:featuredmedia":[{"embeddable":true,"href":"https:\/\/norecoil.net\/fr\/wp-json\/wp\/v2\/media\/3537"}],"wp:attachment":[{"href":"https:\/\/norecoil.net\/fr\/wp-json\/wp\/v2\/media?parent=5722"}],"curies":[{"name":"wp","href":"https:\/\/api.w.org\/{rel}","templated":true}]}}