{"id":5970,"date":"2023-09-21T10:11:24","date_gmt":"2023-09-21T10:11:24","guid":{"rendered":"https:\/\/norecoil.net\/como-instalar-corsair-no-recoil-macro\/"},"modified":"2024-02-28T15:04:03","modified_gmt":"2024-02-28T15:04:03","slug":"como-instalar-corsair-no-recoil-macro","status":"publish","type":"page","link":"https:\/\/norecoil.net\/es\/como-instalar-corsair-no-recoil-macro\/","title":{"rendered":"C\u00f3mo instalar Corsair No Recoil Macro"},"content":{"rendered":"\t\t<div data-elementor-type=\"wp-page\" data-elementor-id=\"5970\" class=\"elementor elementor-5970 elementor-1745\">\n\t\t\t\t\t\t<section class=\"elementor-section elementor-top-section elementor-element elementor-element-007144e elementor-section-boxed elementor-section-height-default elementor-section-height-default\" data-id=\"007144e\" data-element_type=\"section\">\r\n\t\t\r\n\t\t\t\t\t\t\t<div class=\"elementor-container elementor-column-gap-default\">\r\n\t\t\t\t\t\t\t\t\t\t\t<div class=\"elementor-column elementor-col-100 elementor-top-column elementor-element elementor-element-aff4496 mx-auto\" data-id=\"aff4496\" data-element_type=\"column\">\r\n\t\t\t\t\t<div class=\"elementor-widget-wrap elementor-element-populated\">\r\n\t\t\t\t\t\t\t\t<div class=\"elementor-element elementor-element-2718dbf elementor-widget elementor-widget-porto_ultimate_heading\" data-id=\"2718dbf\" data-element_type=\"widget\" data-widget_type=\"porto_ultimate_heading.default\">\n\t\t\t\t<div class=\"elementor-widget-container\">\n\t\t\t\t\t<div class=\"porto-u-heading  porto-u-55ca8359258f9a412be7e73af65d2aac \"><div class=\"porto-u-main-heading\"><h2   >C\u00f3mo instalar Corsair No Recoil Macro<\/h2><\/div><div class=\"porto-u-sub-heading\" style=\"\"><p>Como Instalar <strong>Corsair No Recoil Macro<\/strong>; Mira el video y comprueba los pasos uno a uno para una correcta instalaci\u00f3n para  <br><strong>Corsair No Recoil Macro Script ICue 3, ICue 4 y ICue 5.<\/strong><\/p><\/div><style>.porto-u-55ca8359258f9a412be7e73af65d2aac.porto-u-heading{text-align:center}<\/style><\/div>\t\t\t\t<\/div>\n\t\t\t\t<\/div>\n\t\t\t\t<div class=\"elementor-element elementor-element-86cb3d5 elementor-widget elementor-widget-porto_ultimate_heading\" data-id=\"86cb3d5\" data-element_type=\"widget\" data-widget_type=\"porto_ultimate_heading.default\">\n\t\t\t\t<div class=\"elementor-widget-container\">\n\t\t\t\t\t<div class=\"porto-u-heading  porto-u-55ca8359258f9a412be7e73af65d2aac \"><div class=\"porto-u-main-heading\"><h2 data-plugin-animated-words data-plugin-options=\"{&quot;startDelay&quot;:0,&quot;minWindowWidth&quot;:0,&quot;animationName&quot;:&quot;fadeIn&quot;,&quot;contentType&quot;:&quot;word&quot;}\"  >Instrucciones en v\u00eddeo<\/h2><\/div><style>.porto-u-55ca8359258f9a412be7e73af65d2aac.porto-u-heading{text-align:center}<\/style><\/div>\t\t\t\t<\/div>\n\t\t\t\t<\/div>\n\t\t\t\t<div class=\"elementor-element elementor-element-712b7ba elementor-widget elementor-widget-video\" data-id=\"712b7ba\" data-element_type=\"widget\" data-settings=\"{&quot;video_type&quot;:&quot;vimeo&quot;}\" data-widget_type=\"video.default\">\n\t\t\t\t<div class=\"elementor-widget-container\">\n\t\t\t\t\t\t\t<div class=\"elementor-wrapper elementor-open-inline\">\n\t\t\t<iframe class=\"elementor-video-iframe\" allowfullscreen allow=\"clipboard-write\" title=\"Reproductor de v\u00eddeo vimeo\" src=\"https:\/\/player.vimeo.com\/video\/866412907?color&amp;autopause=0&amp;loop=0&amp;muted=0&amp;title=1&amp;portrait=1&amp;byline=1#t=\"><\/iframe>\t\t<\/div>\n\t\t\t\t\t\t<\/div>\n\t\t\t\t<\/div>\n\t\t\t\t<div class=\"elementor-element elementor-element-044587b elementor-widget elementor-widget-porto_ultimate_heading\" data-id=\"044587b\" data-element_type=\"widget\" data-widget_type=\"porto_ultimate_heading.default\">\n\t\t\t\t<div class=\"elementor-widget-container\">\n\t\t\t\t\t<div class=\"porto-u-heading  porto-u-55ca8359258f9a412be7e73af65d2aac \"><div class=\"porto-u-main-heading\"><h2 data-plugin-animated-words data-plugin-options=\"{&quot;startDelay&quot;:0,&quot;minWindowWidth&quot;:0,&quot;animationName&quot;:&quot;fadeIn&quot;,&quot;contentType&quot;:&quot;word&quot;}\"  >Instrucciones de instalaci\u00f3n paso a paso<\/h2><\/div><style>.porto-u-55ca8359258f9a412be7e73af65d2aac.porto-u-heading{text-align:center}<\/style><\/div>\t\t\t\t<\/div>\n\t\t\t\t<\/div>\n\t\t\t\t<div class=\"elementor-element elementor-element-ddbaa6e elementor-widget elementor-widget-porto_steps\" data-id=\"ddbaa6e\" data-element_type=\"widget\" data-widget_type=\"porto_steps.default\">\n\t\t\t\t<div class=\"elementor-widget-container\">\n\t\t\t\t\t<section class=\"timeline\"><div class=\"timeline-body\"><div class=\"timeline-date \"><h3 class=\"time-text step-item-subtitle\">ICUE 3<\/h3><\/div><article class=\"timeline-box left\"><div><h4 class=\"timeline-item-title step-item-title\">Paso 1: Descargar ICue 3 - 4 - 5<\/h4><div class=\"timeline-item-content\"><p>En primer lugar, necesitamos  <b>nuestra Mouse App instalada.<br>ICue 3, 4 o 5 App. Para <a href=\"https:\/\/www.corsair.com\/ww\/en\/downloads\" target=\"_blank\" rel=\"noopener\">descargarlo, haga clic aqu\u00ed.<\/a><\/b><\/p><h5>0. Abra el archivo que desea importar con el bloc de notas.<\/h5><p>Abrir el Bloc de notas -&gt; Pulsar CTRL+F Buscar<br><strong>M55 RGB PRO<\/strong> y c\u00e1mbialo por el nombre de tu rat\u00f3n.<br>Si tu rat\u00f3n es M55 RGB PRO no necesitas hacer el paso.<br>(Tiene que ser EXACTAMENTE el mismo nombre de rat\u00f3n que aparece en ICUE)<br>La raz\u00f3n para hacerlo es que Icue no importa el archivo.<br>As\u00ed que aseg\u00farate de cambiar el M55 RGB PRO por tu propio nombre de rat\u00f3n.<\/p><h4><span style=\"font-size: 14px;\">1. Abre tu aplicaci\u00f3n Rat\u00f3n <strong>ICUE 3<\/strong><\/span><\/h4><p><strong><br><\/strong>(Si est\u00e1 utilizando<strong> ICUE 4 o 5<\/strong> las instrucciones est\u00e1n m\u00e1s abajo)<br><strong>Importa<\/strong> las armas que quieras utilizar.<\/p><figure id=\"attachment_1747\" aria-describedby=\"caption-attachment-1747\" style=\"width: 1316px\" class=\"wp-caption alignnone\"><img fetchpriority=\"high\" decoding=\"async\" class=\"size-full wp-image-1747\" src=\"https:\/\/norecoil.net\/wp-content\/uploads\/2023\/09\/corsair-icue-3-no-recoil-macro-1.gif\" alt=\"Importar a ICue 3 Corsair No Recoil Macro Script\" width=\"1316\" height=\"825\"><figcaption id=\"caption-attachment-1747\" class=\"wp-caption-text\">Importar a ICue 3 Corsair No Recoil Macro Script<\/figcaption><\/figure><p> <\/p><h5>2. Ir a <strong>Acciones <\/strong>junto ot es <strong>+ m\u00e1s <\/strong> haga clic en \u00e9l.<\/h5><p>Busque en el men\u00fa <strong>Cambio de perfil<\/strong> y elija el otro<br>arma que quieras cambiar y as\u00edgnala al bot\u00f3n del rat\u00f3n que quieras utilizar.<br>Si tienes un <strong>teclado Corsair<\/strong> tambi\u00e9n puedes utilizarlo para cambiar los perfiles.<\/p><figure id=\"attachment_1748\" aria-describedby=\"caption-attachment-1748\" style=\"width: 1316px\" class=\"wp-caption alignnone\"><img decoding=\"async\" class=\"wp-image-1748 size-full\" src=\"https:\/\/norecoil.net\/wp-content\/uploads\/2023\/09\/corsair-icue-3-no-recoil-macro-script-2.gif\" alt=\"Asignar un bot\u00f3n Switch para cambiar entre los Macro Scripts No Recoil\" width=\"1316\" height=\"825\"><figcaption id=\"caption-attachment-1748\" class=\"wp-caption-text\">Asignar un bot\u00f3n Switch para cambiar entre los Macro Scripts No Recoil<\/figcaption><\/figure><p>3. Ahora haga clic en el bot\u00f3n que ha asignado para <strong>cambiar el<\/strong><strong>perfil<\/strong> <strong><br><\/strong><strong> y realice los <strong>mismos<\/strong> <strong>pasos<\/strong> para ese perfil para que pueda <strong>cambiar<br><\/strong><strong>entre<\/strong> los <strong>perfiles<\/strong>.<\/strong> Ya est\u00e1.  <strong>Disfr\u00fatalo.<\/strong><\/p><\/div><\/div><\/article><div class=\"timeline-date \"><h3 class=\"time-text step-item-subtitle\">ICUE 4-5  <\/h3><\/div><article class=\"timeline-box right\"><div><h4 class=\"timeline-item-title step-item-title\">C\u00f3mo instalar Corsair Icue 4-5<\/h4><div class=\"timeline-item-content\"><div class=\"fw-row\"><div class=\"sh-column sh-column-7be3fb1e777683ea1c4bb7ab64b159f2 fw-col-xs-12\"><div class=\"sh-column-wrapper\"><div id=\"text-block-f5f5e77495aebb2154811a571e1d001d\" class=\"sh-text-block\"><h5>Abra los archivos de <strong>macros No Recoil<\/strong> descargados que desee utilizar con <strong>el Bloc de notas.<\/strong><\/h5><p>Abrir el Bloc de notas -&gt; Pulsar CTRL+F Buscar<br><strong>M55 RGB PRO<\/strong> y c\u00e1mbialo por el nombre de tu rat\u00f3n.<br>Si su rat\u00f3n es M55 RGB PRO no necesita hacer el paso.<br>(Tiene que ser EXACTAMENTE el mismo nombre de rat\u00f3n que aparece en ICUE)<br>La raz\u00f3n para hacerlo es que Icue no importa el archivo.<br>As\u00ed que aseg\u00farate de cambiar el M55 RGB PRO por tu propio nombre de rat\u00f3n.<\/p><h5>1. Abre tu aplicaci\u00f3n Rat\u00f3n <strong>ICUE 4<\/strong><\/h5><p><strong><br><\/strong><strong>Importa<\/strong> las armas que quieras utilizar.<br>Aseg\u00farese de que s\u00f3lo est\u00e1 seleccionada la opci\u00f3n <strong>ASIGNACIONES<\/strong>.<\/p><figure id=\"attachment_1749\" aria-describedby=\"caption-attachment-1749\" style=\"width: 1360px\" class=\"wp-caption alignnone\"><img decoding=\"async\" class=\"size-full wp-image-1749\" src=\"https:\/\/norecoil.net\/wp-content\/uploads\/2023\/09\/corsair-icue-4-no-recoil-macro-script-1.gif\" alt=\"Importar a ICue 4 - ICue 5 Corsair No Recoil Macro Script\" width=\"1360\" height=\"838\"><figcaption id=\"caption-attachment-1749\" class=\"wp-caption-text\">Importar a ICue 4 - ICue 5 Corsair No Recoil Macro Script<\/figcaption><\/figure><\/div><p>Ahora haga clic con el <strong>rat\u00f3n -&gt; Asignaci\u00f3n de teclas<\/strong><\/p><p>Haga clic en el <strong>icono M\u00e1s<\/strong> -&gt; Haga clic en <strong>Perfil \u00fanico<\/strong> y elija el<br>otro <strong>perfil<\/strong> para <strong>cambiar<\/strong> y <strong>asignarlo<\/strong> a un <strong>bot\u00f3n del rat\u00f3n<\/strong> que<br>desea utilizar para la <strong>conmutaci\u00f3n<\/strong>.<\/p><p>Si tienes un <strong>teclado Corsair<\/strong> tambi\u00e9n puedes utilizarlo para cambiar los perfiles.<\/p><\/div><figure id=\"attachment_1750\" aria-describedby=\"caption-attachment-1750\" style=\"width: 1360px\" class=\"wp-caption alignnone\"><img loading=\"lazy\" decoding=\"async\" class=\"size-full wp-image-1750\" src=\"https:\/\/norecoil.net\/wp-content\/uploads\/2023\/09\/corsair-icue-4-no-recoil-macro-script-2.gif\" alt=\"Asignar un bot\u00f3n Switch para cambiar entre los Macro Scripts No Recoil\" width=\"1360\" height=\"838\"><figcaption id=\"caption-attachment-1750\" class=\"wp-caption-text\">Asignar un bot\u00f3n Switch para cambiar entre los Macro Scripts No Recoil<\/figcaption><\/figure><\/div><p>Ahora haga clic en el bot\u00f3n que ha asignado para <strong>cambiar el<\/strong><strong>perfil<\/strong> <strong><br><\/strong><strong> y realice los <strong>mismos<\/strong> <strong>pasos<\/strong> para ese perfil para que pueda <strong>cambiar<br><\/strong><strong>entre<\/strong> los <strong>perfiles<\/strong>.<\/strong> Ya est\u00e1.  <strong>Disfr\u00fatalo.<\/strong><\/p><\/div><p>Despu\u00e9s de la nueva actualizaci\u00f3n de <strong>ICUE 5<\/strong> es posible que no pueda asignarlo directamente al bot\u00f3n izquierdo del rat\u00f3n como se muestra arriba.<br>Para ello tienes que reasignar el bot\u00f3n izquierdo del rat\u00f3n a otro bot\u00f3n. (V\u00e9ase el siguiente gif)<br><strong>Pulse \"+\" -&gt; Elija \"Rat\u00f3n\" -&gt; Pulse el bot\u00f3n izquierdo del rat\u00f3n -&gt; Elija el bot\u00f3n que desea utilizar para hacer clic con el bot\u00f3n izquierdo.<\/strong><br>Despu\u00e9s puedes asignar el arma al bot\u00f3n izquierdo del rat\u00f3n.<\/p><figure id=\"attachment_1751\" aria-describedby=\"caption-attachment-1751\" style=\"width: 2022px\" class=\"wp-caption alignnone\"><img loading=\"lazy\" decoding=\"async\" class=\"wp-image-1751 size-full\" src=\"https:\/\/norecoil.net\/wp-content\/uploads\/2023\/09\/icue-remap-left-mouse-button-to-another.gif\" alt=\"Reasigna el bot\u00f3n izquierdo del rat\u00f3n para activar el bot\u00f3n izquierdo del rat\u00f3n.\" width=\"2022\" height=\"1242\"><figcaption id=\"caption-attachment-1751\" class=\"wp-caption-text\">Reasigna el bot\u00f3n izquierdo del rat\u00f3n para activar el bot\u00f3n izquierdo del rat\u00f3n.<\/figcaption><\/figure><p><span style=\"text-decoration: underline;\"><strong><a href=\"\/corsair-no-recoil-macro\" target=\"_blank\" rel=\"noopener\">Haga clic aqu\u00ed para ver todos los Macro Scripts Corsair No Recoil<\/a><\/strong><\/span><\/p><\/div><\/div><\/article><\/div><\/section>\t\t\t\t<\/div>\n\t\t\t\t<\/div>\n\t\t\t\t\t<\/div>\r\n\t\t\t\t<\/div>\r\n\t\t\t\t\t<\/div>\r\n\t\t\t\t<\/section>\r\n\t\t\t\t<\/div>\n\t\t","protected":false},"excerpt":{"rendered":"<p>C\u00f3mo instalar Corsair No Recoil Macro Como Instalar Corsair No Recoil Macro; Mira el video y comprueba los pasos uno a uno para una correcta instalaci\u00f3n para Corsair No Recoil Macro Script ICue 3, ICue 4 y ICue 5. Instrucciones en v\u00eddeo Instrucciones de instalaci\u00f3n paso a paso ICUE 3 Paso 1: Descargar ICue 3 [&hellip;]<\/p>\n","protected":false},"author":1,"featured_media":3905,"parent":0,"menu_order":0,"comment_status":"open","ping_status":"closed","template":"","meta":{"_acf_changed":false,"content-type":"","cybocfi_hide_featured_image":"","footnotes":""},"class_list":["post-5970","page","type-page","status-publish","has-post-thumbnail","hentry"],"acf":[],"yoast_head":"<!-- This site is optimized with the Yoast SEO Premium plugin v21.1 (Yoast SEO v21.1) - https:\/\/yoast.com\/wordpress\/plugins\/seo\/ -->\n<title>C\u00f3mo instalar Corsair No Recoil Macro<\/title>\n<meta name=\"description\" content=\"C\u00f3mo instalar Corsair No Recoil Macro para ICue 3 - 4 - 5. No Recoil Macro Instalaci\u00f3n para cualquier instrucci\u00f3n Corsair ICue 3-4-5 con Video.\" \/>\n<meta name=\"robots\" content=\"index, follow, max-snippet:-1, max-image-preview:large, max-video-preview:-1\" \/>\n<link rel=\"canonical\" href=\"https:\/\/norecoil.net\/es\/como-instalar-corsair-no-recoil-macro\/\" \/>\n<meta property=\"og:locale\" content=\"es_ES\" \/>\n<meta property=\"og:type\" content=\"article\" \/>\n<meta property=\"og:title\" content=\"C\u00f3mo instalar Corsair No Recoil Macro\" \/>\n<meta property=\"og:description\" content=\"C\u00f3mo instalar Corsair No Recoil Macro para ICue 3 - 4 - 5. No Recoil Macro Instalaci\u00f3n para cualquier instrucci\u00f3n Corsair ICue 3-4-5 con Video.\" \/>\n<meta property=\"og:url\" content=\"https:\/\/norecoil.net\/es\/como-instalar-corsair-no-recoil-macro\/\" \/>\n<meta property=\"og:site_name\" content=\"NoRecoil.Net\" \/>\n<meta property=\"article:modified_time\" content=\"2024-02-28T15:04:03+00:00\" \/>\n<meta property=\"og:image\" content=\"https:\/\/norecoil.net\/wp-content\/uploads\/2023\/09\/how-to-install-corsair-no-recoil-macro.jpg\" \/>\n\t<meta property=\"og:image:width\" content=\"1200\" \/>\n\t<meta property=\"og:image:height\" content=\"675\" \/>\n\t<meta property=\"og:image:type\" content=\"image\/jpeg\" \/>\n<meta name=\"twitter:card\" content=\"summary_large_image\" \/>\n<meta name=\"twitter:label1\" content=\"Tiempo de lectura\" \/>\n\t<meta name=\"twitter:data1\" content=\"3 minutos\" \/>\n<script type=\"application\/ld+json\" class=\"yoast-schema-graph\">{\"@context\":\"https:\/\/schema.org\",\"@graph\":[{\"@type\":\"WebPage\",\"@id\":\"https:\/\/norecoil.net\/es\/como-instalar-corsair-no-recoil-macro\/\",\"url\":\"https:\/\/norecoil.net\/es\/como-instalar-corsair-no-recoil-macro\/\",\"name\":\"C\u00f3mo instalar Corsair No Recoil Macro\",\"isPartOf\":{\"@id\":\"https:\/\/norecoil.net\/es\/#website\"},\"datePublished\":\"2023-09-21T10:11:24+00:00\",\"dateModified\":\"2024-02-28T15:04:03+00:00\",\"description\":\"C\u00f3mo instalar Corsair No Recoil Macro para ICue 3 - 4 - 5. No Recoil Macro Instalaci\u00f3n para cualquier instrucci\u00f3n Corsair ICue 3-4-5 con Video.\",\"breadcrumb\":{\"@id\":\"https:\/\/norecoil.net\/es\/como-instalar-corsair-no-recoil-macro\/#breadcrumb\"},\"inLanguage\":\"es\",\"potentialAction\":[{\"@type\":\"ReadAction\",\"target\":[\"https:\/\/norecoil.net\/es\/como-instalar-corsair-no-recoil-macro\/\"]}]},{\"@type\":\"BreadcrumbList\",\"@id\":\"https:\/\/norecoil.net\/es\/como-instalar-corsair-no-recoil-macro\/#breadcrumb\",\"itemListElement\":[{\"@type\":\"ListItem\",\"position\":1,\"name\":\"Home\",\"item\":\"https:\/\/norecoil.net\/es\/norecoil-net\/\"},{\"@type\":\"ListItem\",\"position\":2,\"name\":\"C\u00f3mo instalar Corsair No Recoil Macro\"}]},{\"@type\":\"WebSite\",\"@id\":\"https:\/\/norecoil.net\/es\/#website\",\"url\":\"https:\/\/norecoil.net\/es\/\",\"name\":\"NoRecoil.Net\",\"description\":\"\",\"potentialAction\":[{\"@type\":\"SearchAction\",\"target\":{\"@type\":\"EntryPoint\",\"urlTemplate\":\"https:\/\/norecoil.net\/es\/?s={search_term_string}\"},\"query-input\":\"required name=search_term_string\"}],\"inLanguage\":\"es\"}]}<\/script>\n<!-- \/ Yoast SEO Premium plugin. -->","yoast_head_json":{"title":"C\u00f3mo instalar Corsair No Recoil Macro","description":"C\u00f3mo instalar Corsair No Recoil Macro para ICue 3 - 4 - 5. No Recoil Macro Instalaci\u00f3n para cualquier instrucci\u00f3n Corsair ICue 3-4-5 con Video.","robots":{"index":"index","follow":"follow","max-snippet":"max-snippet:-1","max-image-preview":"max-image-preview:large","max-video-preview":"max-video-preview:-1"},"canonical":"https:\/\/norecoil.net\/es\/como-instalar-corsair-no-recoil-macro\/","og_locale":"es_ES","og_type":"article","og_title":"C\u00f3mo instalar Corsair No Recoil Macro","og_description":"C\u00f3mo instalar Corsair No Recoil Macro para ICue 3 - 4 - 5. No Recoil Macro Instalaci\u00f3n para cualquier instrucci\u00f3n Corsair ICue 3-4-5 con Video.","og_url":"https:\/\/norecoil.net\/es\/como-instalar-corsair-no-recoil-macro\/","og_site_name":"NoRecoil.Net","article_modified_time":"2024-02-28T15:04:03+00:00","og_image":[{"width":1200,"height":675,"url":"https:\/\/norecoil.net\/wp-content\/uploads\/2023\/09\/how-to-install-corsair-no-recoil-macro.jpg","type":"image\/jpeg"}],"twitter_card":"summary_large_image","twitter_misc":{"Tiempo de lectura":"3 minutos"},"schema":{"@context":"https:\/\/schema.org","@graph":[{"@type":"WebPage","@id":"https:\/\/norecoil.net\/es\/como-instalar-corsair-no-recoil-macro\/","url":"https:\/\/norecoil.net\/es\/como-instalar-corsair-no-recoil-macro\/","name":"C\u00f3mo instalar Corsair No Recoil Macro","isPartOf":{"@id":"https:\/\/norecoil.net\/es\/#website"},"datePublished":"2023-09-21T10:11:24+00:00","dateModified":"2024-02-28T15:04:03+00:00","description":"C\u00f3mo instalar Corsair No Recoil Macro para ICue 3 - 4 - 5. No Recoil Macro Instalaci\u00f3n para cualquier instrucci\u00f3n Corsair ICue 3-4-5 con Video.","breadcrumb":{"@id":"https:\/\/norecoil.net\/es\/como-instalar-corsair-no-recoil-macro\/#breadcrumb"},"inLanguage":"es","potentialAction":[{"@type":"ReadAction","target":["https:\/\/norecoil.net\/es\/como-instalar-corsair-no-recoil-macro\/"]}]},{"@type":"BreadcrumbList","@id":"https:\/\/norecoil.net\/es\/como-instalar-corsair-no-recoil-macro\/#breadcrumb","itemListElement":[{"@type":"ListItem","position":1,"name":"Home","item":"https:\/\/norecoil.net\/es\/norecoil-net\/"},{"@type":"ListItem","position":2,"name":"C\u00f3mo instalar Corsair No Recoil Macro"}]},{"@type":"WebSite","@id":"https:\/\/norecoil.net\/es\/#website","url":"https:\/\/norecoil.net\/es\/","name":"NoRecoil.Net","description":"","potentialAction":[{"@type":"SearchAction","target":{"@type":"EntryPoint","urlTemplate":"https:\/\/norecoil.net\/es\/?s={search_term_string}"},"query-input":"required name=search_term_string"}],"inLanguage":"es"}]}},"_links":{"self":[{"href":"https:\/\/norecoil.net\/es\/wp-json\/wp\/v2\/pages\/5970","targetHints":{"allow":["GET"]}}],"collection":[{"href":"https:\/\/norecoil.net\/es\/wp-json\/wp\/v2\/pages"}],"about":[{"href":"https:\/\/norecoil.net\/es\/wp-json\/wp\/v2\/types\/page"}],"author":[{"embeddable":true,"href":"https:\/\/norecoil.net\/es\/wp-json\/wp\/v2\/users\/1"}],"replies":[{"embeddable":true,"href":"https:\/\/norecoil.net\/es\/wp-json\/wp\/v2\/comments?post=5970"}],"version-history":[{"count":0,"href":"https:\/\/norecoil.net\/es\/wp-json\/wp\/v2\/pages\/5970\/revisions"}],"wp:featuredmedia":[{"embeddable":true,"href":"https:\/\/norecoil.net\/es\/wp-json\/wp\/v2\/media\/3905"}],"wp:attachment":[{"href":"https:\/\/norecoil.net\/es\/wp-json\/wp\/v2\/media?parent=5970"}],"curies":[{"name":"wp","href":"https:\/\/api.w.org\/{rel}","templated":true}]}}