{"id":5881,"date":"2023-09-20T13:44:01","date_gmt":"2023-09-20T13:44:01","guid":{"rendered":"https:\/\/norecoil.net\/como-instalar-bloody-no-recoil-macro\/"},"modified":"2024-02-28T15:03:33","modified_gmt":"2024-02-28T15:03:33","slug":"como-instalar-bloody-no-recoil-macro","status":"publish","type":"page","link":"https:\/\/norecoil.net\/es\/como-instalar-bloody-no-recoil-macro\/","title":{"rendered":"C\u00f3mo instalar Bloody No Recoil Macro"},"content":{"rendered":"\t\t<div data-elementor-type=\"wp-page\" data-elementor-id=\"5881\" class=\"elementor elementor-5881 elementor-1728\">\n\t\t\t\t\t\t<section class=\"elementor-section elementor-top-section elementor-element elementor-element-007144e elementor-section-boxed elementor-section-height-default elementor-section-height-default\" data-id=\"007144e\" data-element_type=\"section\">\r\n\t\t\r\n\t\t\t\t\t\t\t<div class=\"elementor-container elementor-column-gap-default\">\r\n\t\t\t\t\t\t\t\t\t\t\t<div class=\"elementor-column elementor-col-100 elementor-top-column elementor-element elementor-element-aff4496 mx-auto\" data-id=\"aff4496\" data-element_type=\"column\">\r\n\t\t\t\t\t<div class=\"elementor-widget-wrap elementor-element-populated\">\r\n\t\t\t\t\t\t\t\t<div class=\"elementor-element elementor-element-2718dbf elementor-widget elementor-widget-porto_ultimate_heading\" data-id=\"2718dbf\" data-element_type=\"widget\" data-widget_type=\"porto_ultimate_heading.default\">\n\t\t\t\t<div class=\"elementor-widget-container\">\n\t\t\t\t\t<div class=\"porto-u-heading  porto-u-55ca8359258f9a412be7e73af65d2aac \"><div class=\"porto-u-main-heading\"><h2   >C\u00f3mo instalar Bloody No Recoil Macro<\/h2><\/div><div class=\"porto-u-sub-heading\" style=\"\"><p>C\u00f3mo instalar Bloody; Mira el v\u00eddeo y comprueba los pasos uno a uno para una correcta instalaci\u00f3n de <strong>Bloody No Recoil Macros.<br>Encontrar\u00e1s tanto las instrucciones de ULTRA CORE 3 como las de ULTRA CORE 4.<\/strong><\/p><\/div><style>.porto-u-55ca8359258f9a412be7e73af65d2aac.porto-u-heading{text-align:center}<\/style><\/div>\t\t\t\t<\/div>\n\t\t\t\t<\/div>\n\t\t\t\t<div class=\"elementor-element elementor-element-86cb3d5 elementor-widget elementor-widget-porto_ultimate_heading\" data-id=\"86cb3d5\" data-element_type=\"widget\" data-widget_type=\"porto_ultimate_heading.default\">\n\t\t\t\t<div class=\"elementor-widget-container\">\n\t\t\t\t\t<div class=\"porto-u-heading  porto-u-55ca8359258f9a412be7e73af65d2aac \"><div class=\"porto-u-main-heading\"><h2 data-plugin-animated-words data-plugin-options=\"{&quot;startDelay&quot;:0,&quot;minWindowWidth&quot;:0,&quot;animationName&quot;:&quot;fadeIn&quot;,&quot;contentType&quot;:&quot;word&quot;}\"  >Instrucciones en v\u00eddeo<\/h2><\/div><style>.porto-u-55ca8359258f9a412be7e73af65d2aac.porto-u-heading{text-align:center}<\/style><\/div>\t\t\t\t<\/div>\n\t\t\t\t<\/div>\n\t\t\t\t<div class=\"elementor-element elementor-element-712b7ba elementor-widget elementor-widget-video\" data-id=\"712b7ba\" data-element_type=\"widget\" data-settings=\"{&quot;video_type&quot;:&quot;vimeo&quot;}\" data-widget_type=\"video.default\">\n\t\t\t\t<div class=\"elementor-widget-container\">\n\t\t\t\t\t\t\t<div class=\"elementor-wrapper elementor-open-inline\">\n\t\t\t<iframe class=\"elementor-video-iframe\" allowfullscreen allow=\"clipboard-write\" title=\"Reproductor de v\u00eddeo vimeo\" src=\"https:\/\/player.vimeo.com\/video\/865379618?color&amp;autopause=0&amp;loop=0&amp;muted=0&amp;title=1&amp;portrait=1&amp;byline=1#t=\"><\/iframe>\t\t<\/div>\n\t\t\t\t\t\t<\/div>\n\t\t\t\t<\/div>\n\t\t\t\t<div class=\"elementor-element elementor-element-044587b elementor-widget elementor-widget-porto_ultimate_heading\" data-id=\"044587b\" data-element_type=\"widget\" data-widget_type=\"porto_ultimate_heading.default\">\n\t\t\t\t<div class=\"elementor-widget-container\">\n\t\t\t\t\t<div class=\"porto-u-heading  porto-u-55ca8359258f9a412be7e73af65d2aac \"><div class=\"porto-u-main-heading\"><h2 data-plugin-animated-words data-plugin-options=\"{&quot;startDelay&quot;:0,&quot;minWindowWidth&quot;:0,&quot;animationName&quot;:&quot;fadeIn&quot;,&quot;contentType&quot;:&quot;word&quot;}\"  >Instrucciones de instalaci\u00f3n paso a paso<\/h2><\/div><style>.porto-u-55ca8359258f9a412be7e73af65d2aac.porto-u-heading{text-align:center}<\/style><\/div>\t\t\t\t<\/div>\n\t\t\t\t<\/div>\n\t\t\t\t<div class=\"elementor-element elementor-element-ddbaa6e elementor-widget elementor-widget-porto_steps\" data-id=\"ddbaa6e\" data-element_type=\"widget\" data-widget_type=\"porto_steps.default\">\n\t\t\t\t<div class=\"elementor-widget-container\">\n\t\t\t\t\t<section class=\"timeline\"><div class=\"timeline-body\"><div class=\"timeline-date \"><h3 class=\"time-text step-item-subtitle\">Instrucciones para ULTRA CORE 4<\/h3><\/div><article class=\"timeline-box left\"><div><h4 class=\"timeline-item-title step-item-title\">Paso 1: Abre la aplicaci\u00f3n Mouse<\/h4><div class=\"timeline-item-content\"><p>En primer lugar, necesitamos  <b>nuestra Mouse App instalada.<br>Bloody App. Para <a href=\"https:\/\/www.bloody.com\/en\/Download.php\" target=\"_blank\" rel=\"noopener\">descargarlo, haga clic aqu\u00ed.<\/a><\/b><\/p><p>1. Abra la aplicaci\u00f3n Rat\u00f3n y seleccione <strong>Ultra Core4.<\/strong><br>Si s\u00f3lo tiene <strong>UltraCore3<\/strong> baje por la instrucci\u00f3n <strong>UltraCore3<\/strong>.<br>Despu\u00e9s de elegir <strong>ultra core4 haga clic en Oscar Macro II<br><\/strong>Y crear una <strong>nueva carpeta.<\/strong><\/p><p> <\/p><center><figure id=\"attachment_1730\" aria-describedby=\"caption-attachment-1730\" style=\"width: 865px\" class=\"wp-caption alignnone\"><img fetchpriority=\"high\" decoding=\"async\" class=\"wp-image-1730 size-full\" src=\"https:\/\/norecoil.net\/wp-content\/uploads\/2023\/09\/bloody-ultra-core-4-how-to-install-1.gif\" alt=\"Elige Bloody Ultra Core 4 y ve a \"OSCAR MACRO II\".\" width=\"865\" height=\"561\"><figcaption id=\"caption-attachment-1730\" class=\"wp-caption-text\">Elige Bloody Ultra Core 4 y ve a \"OSCAR MACRO II\".<\/figcaption><\/figure><\/center><p> <\/p><p> <\/p><p>2. Ahora elija en el mismo men\u00fa <strong>Import IN\/OUT<br><\/strong>Seleccione los archivos que ha descargado.  <\/p><center><figure id=\"attachment_1731\" aria-describedby=\"caption-attachment-1731\" style=\"width: 865px\" class=\"wp-caption alignnone\"><img decoding=\"async\" class=\"size-full wp-image-1731\" src=\"https:\/\/norecoil.net\/wp-content\/uploads\/2023\/09\/bloody-ultra-core-4-how-to-install-2.gif\" alt=\"Importar el macro script No Recoil\" width=\"865\" height=\"561\"><figcaption id=\"caption-attachment-1731\" class=\"wp-caption-text\">Importar el macro script No Recoil<\/figcaption><\/figure><\/center><p> <\/p><p>3. Ahora haga clic en \"Bot\u00f3n\" y elegir el bot\u00f3n del rat\u00f3n que desea utilizar para activar el arma y seleccione de \"Seleccionar archivo de macro\" el arma y haga clic en  <strong>SOLICITAR.<br>Ya est\u00e1. Disfr\u00fatalo.<\/strong><\/p><p> <\/p><figure id=\"attachment_1732\" aria-describedby=\"caption-attachment-1732\" style=\"width: 1061px\" class=\"wp-caption alignnone\"><img decoding=\"async\" class=\"size-full wp-image-1732\" src=\"https:\/\/norecoil.net\/wp-content\/uploads\/2023\/09\/bloody-ultra-core-4-how-to-install-3.gif\" alt=\"Sube el macro script No Recoil a tu Bloody Mouse\" width=\"1061\" height=\"656\"><figcaption id=\"caption-attachment-1732\" class=\"wp-caption-text\">Sube el macro script No Recoil a tu Bloody Mouse<\/figcaption><\/figure><\/div><\/div><\/article><div class=\"timeline-date \"><h3 class=\"time-text step-item-subtitle\">Instrucciones para ULTRA CORE 3<\/h3><\/div><article class=\"timeline-box right\"><div><h4 class=\"timeline-item-title step-item-title\">Importar los archivos macro de Sharkoon Fireglider No Recoil<\/h4><div class=\"timeline-item-content\"><div class=\"fw-row\"><div class=\"sh-column sh-column-7be3fb1e777683ea1c4bb7ab64b159f2 fw-col-xs-12\"><div class=\"sh-column-wrapper\"><div id=\"text-block-f5f5e77495aebb2154811a571e1d001d\" class=\"sh-text-block\">Seleccione <strong>UltraCore3 <\/strong>y vaya a <strong>Oscar Macro II y<br><\/strong><strong>Crear una nueva carpeta.<\/strong><\/div><\/div><div> <\/div><\/div><div><figure id=\"attachment_1733\" aria-describedby=\"caption-attachment-1733\" style=\"width: 865px\" class=\"wp-caption alignnone\"><img loading=\"lazy\" decoding=\"async\" class=\"size-full wp-image-1733\" src=\"https:\/\/norecoil.net\/wp-content\/uploads\/2023\/09\/bloody-ultra-core-3-how-to-install-1.gif\" alt=\"Elige ultra core 3 en bloody\" width=\"865\" height=\"565\"><figcaption id=\"caption-attachment-1733\" class=\"wp-caption-text\">Elige ultra core 3 en bloody<\/figcaption><\/figure><\/div><p>Ahora haga clic en <strong>Import IN\/OUT<\/strong> de la misma lista y elija de los archivos descargados las armas que desea utilizar.<\/p><\/div><figure id=\"attachment_1734\" aria-describedby=\"caption-attachment-1734\" style=\"width: 865px\" class=\"wp-caption alignnone\"><img loading=\"lazy\" decoding=\"async\" class=\"size-full wp-image-1734\" src=\"https:\/\/norecoil.net\/wp-content\/uploads\/2023\/09\/bloody-ultra-core-3-how-to-install-2.gif\" alt=\"Importar los scripts de macros No Recoil a Bloody\" width=\"865\" height=\"565\"><figcaption id=\"caption-attachment-1734\" class=\"wp-caption-text\">Importar los scripts de macros No Recoil a Bloody<\/figcaption><\/figure><p> <\/p><p>Ahora ve a Headshot -&gt; M-Macro<br>Seleccione el <strong>arma <\/strong>y haga clic en<strong> Volver<br>Haga clic en S\u00ed <\/strong>y escriba el nombre del <strong>arma<\/strong> y vaya a <strong>Bot\u00f3n.<\/strong><\/p><p> <\/p><figure id=\"attachment_1735\" aria-describedby=\"caption-attachment-1735\" style=\"width: 865px\" class=\"wp-caption alignnone\"><img loading=\"lazy\" decoding=\"async\" class=\"size-full wp-image-1735\" src=\"https:\/\/norecoil.net\/wp-content\/uploads\/2023\/09\/bloody-ultra-core-3-how-to-install-3.gif\" alt=\"Abre la secci\u00f3n \"Macro\" en Bloody\" width=\"865\" height=\"565\"><figcaption id=\"caption-attachment-1735\" class=\"wp-caption-text\">Abre la secci\u00f3n \"Macro\" en Bloody<\/figcaption><\/figure><p> <\/p><p>Elija el rat\u00f3n que desea utilizar para <strong>activar <\/strong>y <strong>seleccionar <\/strong>el <strong>arma<\/strong> de<strong> Seleccionar archivos de macros <\/strong>su<strong>  arma.<br>Ya est\u00e1. \u00a1Que aproveche!<\/strong><\/p><p> <\/p><figure id=\"attachment_1736\" aria-describedby=\"caption-attachment-1736\" style=\"width: 1061px\" class=\"wp-caption alignnone\"><img loading=\"lazy\" decoding=\"async\" class=\"size-full wp-image-1736\" src=\"https:\/\/norecoil.net\/wp-content\/uploads\/2023\/09\/bloody-ultra-core-3-how-to-install-4.gif\" alt=\"C\u00f3mo cargar los scripts de macros No Recoil en su rat\u00f3n\" width=\"1061\" height=\"656\"><figcaption id=\"caption-attachment-1736\" class=\"wp-caption-text\">C\u00f3mo cargar los scripts de macros No Recoil en su rat\u00f3n<\/figcaption><\/figure><\/div><\/div><\/article><\/div><\/section>\t\t\t\t<\/div>\n\t\t\t\t<\/div>\n\t\t\t\t\t<\/div>\r\n\t\t\t\t<\/div>\r\n\t\t\t\t\t<\/div>\r\n\t\t\t\t<\/section>\r\n\t\t\t\t<\/div>\n\t\t","protected":false},"excerpt":{"rendered":"<p>C\u00f3mo instalar Bloody No Recoil Macro C\u00f3mo instalar Bloody; Mira el v\u00eddeo y comprueba los pasos uno a uno para una correcta instalaci\u00f3n de Bloody No Recoil Macros.Encontrar\u00e1s tanto las instrucciones de ULTRA CORE 3 como las de ULTRA CORE 4. Instrucciones en v\u00eddeo Instrucciones de instalaci\u00f3n paso a paso Instrucciones para ULTRA CORE 4 [&hellip;]<\/p>\n","protected":false},"author":1,"featured_media":3863,"parent":0,"menu_order":0,"comment_status":"open","ping_status":"closed","template":"","meta":{"_acf_changed":false,"content-type":"","cybocfi_hide_featured_image":"","footnotes":""},"class_list":["post-5881","page","type-page","status-publish","has-post-thumbnail","hentry"],"acf":[],"yoast_head":"<!-- This site is optimized with the Yoast SEO Premium plugin v21.1 (Yoast SEO v21.1) - https:\/\/yoast.com\/wordpress\/plugins\/seo\/ -->\n<title>C\u00f3mo instalar Bloody No Recoil Macro<\/title>\n<meta name=\"description\" content=\"C\u00f3mo instalar Bloody No Recoil Macro para Bloody. No Recoil Macro Instalaci\u00f3n para cualquier instrucci\u00f3n Bloody con Video.\" \/>\n<meta name=\"robots\" content=\"index, follow, max-snippet:-1, max-image-preview:large, max-video-preview:-1\" \/>\n<link rel=\"canonical\" href=\"https:\/\/norecoil.net\/es\/como-instalar-bloody-no-recoil-macro\/\" \/>\n<meta property=\"og:locale\" content=\"es_ES\" \/>\n<meta property=\"og:type\" content=\"article\" \/>\n<meta property=\"og:title\" content=\"C\u00f3mo instalar Bloody No Recoil Macro\" \/>\n<meta property=\"og:description\" content=\"C\u00f3mo instalar Bloody No Recoil Macro para Bloody. No Recoil Macro Instalaci\u00f3n para cualquier instrucci\u00f3n Bloody con Video.\" \/>\n<meta property=\"og:url\" content=\"https:\/\/norecoil.net\/es\/como-instalar-bloody-no-recoil-macro\/\" \/>\n<meta property=\"og:site_name\" content=\"NoRecoil.Net\" \/>\n<meta property=\"article:modified_time\" content=\"2024-02-28T15:03:33+00:00\" \/>\n<meta property=\"og:image\" content=\"https:\/\/norecoil.net\/wp-content\/uploads\/2023\/09\/how-to-install-bloody.jpg\" \/>\n\t<meta property=\"og:image:width\" content=\"1200\" \/>\n\t<meta property=\"og:image:height\" content=\"675\" \/>\n\t<meta property=\"og:image:type\" content=\"image\/jpeg\" \/>\n<meta name=\"twitter:card\" content=\"summary_large_image\" \/>\n<meta name=\"twitter:label1\" content=\"Tiempo de lectura\" \/>\n\t<meta name=\"twitter:data1\" content=\"2 minutos\" \/>\n<script type=\"application\/ld+json\" class=\"yoast-schema-graph\">{\"@context\":\"https:\/\/schema.org\",\"@graph\":[{\"@type\":\"WebPage\",\"@id\":\"https:\/\/norecoil.net\/es\/como-instalar-bloody-no-recoil-macro\/\",\"url\":\"https:\/\/norecoil.net\/es\/como-instalar-bloody-no-recoil-macro\/\",\"name\":\"C\u00f3mo instalar Bloody No Recoil Macro\",\"isPartOf\":{\"@id\":\"https:\/\/norecoil.net\/es\/#website\"},\"datePublished\":\"2023-09-20T13:44:01+00:00\",\"dateModified\":\"2024-02-28T15:03:33+00:00\",\"description\":\"C\u00f3mo instalar Bloody No Recoil Macro para Bloody. No Recoil Macro Instalaci\u00f3n para cualquier instrucci\u00f3n Bloody con Video.\",\"breadcrumb\":{\"@id\":\"https:\/\/norecoil.net\/es\/como-instalar-bloody-no-recoil-macro\/#breadcrumb\"},\"inLanguage\":\"es\",\"potentialAction\":[{\"@type\":\"ReadAction\",\"target\":[\"https:\/\/norecoil.net\/es\/como-instalar-bloody-no-recoil-macro\/\"]}]},{\"@type\":\"BreadcrumbList\",\"@id\":\"https:\/\/norecoil.net\/es\/como-instalar-bloody-no-recoil-macro\/#breadcrumb\",\"itemListElement\":[{\"@type\":\"ListItem\",\"position\":1,\"name\":\"Home\",\"item\":\"https:\/\/norecoil.net\/es\/norecoil-net\/\"},{\"@type\":\"ListItem\",\"position\":2,\"name\":\"C\u00f3mo instalar Bloody No Recoil Macro\"}]},{\"@type\":\"WebSite\",\"@id\":\"https:\/\/norecoil.net\/es\/#website\",\"url\":\"https:\/\/norecoil.net\/es\/\",\"name\":\"NoRecoil.Net\",\"description\":\"\",\"potentialAction\":[{\"@type\":\"SearchAction\",\"target\":{\"@type\":\"EntryPoint\",\"urlTemplate\":\"https:\/\/norecoil.net\/es\/?s={search_term_string}\"},\"query-input\":\"required name=search_term_string\"}],\"inLanguage\":\"es\"}]}<\/script>\n<!-- \/ Yoast SEO Premium plugin. -->","yoast_head_json":{"title":"C\u00f3mo instalar Bloody No Recoil Macro","description":"C\u00f3mo instalar Bloody No Recoil Macro para Bloody. No Recoil Macro Instalaci\u00f3n para cualquier instrucci\u00f3n Bloody con Video.","robots":{"index":"index","follow":"follow","max-snippet":"max-snippet:-1","max-image-preview":"max-image-preview:large","max-video-preview":"max-video-preview:-1"},"canonical":"https:\/\/norecoil.net\/es\/como-instalar-bloody-no-recoil-macro\/","og_locale":"es_ES","og_type":"article","og_title":"C\u00f3mo instalar Bloody No Recoil Macro","og_description":"C\u00f3mo instalar Bloody No Recoil Macro para Bloody. No Recoil Macro Instalaci\u00f3n para cualquier instrucci\u00f3n Bloody con Video.","og_url":"https:\/\/norecoil.net\/es\/como-instalar-bloody-no-recoil-macro\/","og_site_name":"NoRecoil.Net","article_modified_time":"2024-02-28T15:03:33+00:00","og_image":[{"width":1200,"height":675,"url":"https:\/\/norecoil.net\/wp-content\/uploads\/2023\/09\/how-to-install-bloody.jpg","type":"image\/jpeg"}],"twitter_card":"summary_large_image","twitter_misc":{"Tiempo de lectura":"2 minutos"},"schema":{"@context":"https:\/\/schema.org","@graph":[{"@type":"WebPage","@id":"https:\/\/norecoil.net\/es\/como-instalar-bloody-no-recoil-macro\/","url":"https:\/\/norecoil.net\/es\/como-instalar-bloody-no-recoil-macro\/","name":"C\u00f3mo instalar Bloody No Recoil Macro","isPartOf":{"@id":"https:\/\/norecoil.net\/es\/#website"},"datePublished":"2023-09-20T13:44:01+00:00","dateModified":"2024-02-28T15:03:33+00:00","description":"C\u00f3mo instalar Bloody No Recoil Macro para Bloody. No Recoil Macro Instalaci\u00f3n para cualquier instrucci\u00f3n Bloody con Video.","breadcrumb":{"@id":"https:\/\/norecoil.net\/es\/como-instalar-bloody-no-recoil-macro\/#breadcrumb"},"inLanguage":"es","potentialAction":[{"@type":"ReadAction","target":["https:\/\/norecoil.net\/es\/como-instalar-bloody-no-recoil-macro\/"]}]},{"@type":"BreadcrumbList","@id":"https:\/\/norecoil.net\/es\/como-instalar-bloody-no-recoil-macro\/#breadcrumb","itemListElement":[{"@type":"ListItem","position":1,"name":"Home","item":"https:\/\/norecoil.net\/es\/norecoil-net\/"},{"@type":"ListItem","position":2,"name":"C\u00f3mo instalar Bloody No Recoil Macro"}]},{"@type":"WebSite","@id":"https:\/\/norecoil.net\/es\/#website","url":"https:\/\/norecoil.net\/es\/","name":"NoRecoil.Net","description":"","potentialAction":[{"@type":"SearchAction","target":{"@type":"EntryPoint","urlTemplate":"https:\/\/norecoil.net\/es\/?s={search_term_string}"},"query-input":"required name=search_term_string"}],"inLanguage":"es"}]}},"_links":{"self":[{"href":"https:\/\/norecoil.net\/es\/wp-json\/wp\/v2\/pages\/5881","targetHints":{"allow":["GET"]}}],"collection":[{"href":"https:\/\/norecoil.net\/es\/wp-json\/wp\/v2\/pages"}],"about":[{"href":"https:\/\/norecoil.net\/es\/wp-json\/wp\/v2\/types\/page"}],"author":[{"embeddable":true,"href":"https:\/\/norecoil.net\/es\/wp-json\/wp\/v2\/users\/1"}],"replies":[{"embeddable":true,"href":"https:\/\/norecoil.net\/es\/wp-json\/wp\/v2\/comments?post=5881"}],"version-history":[{"count":0,"href":"https:\/\/norecoil.net\/es\/wp-json\/wp\/v2\/pages\/5881\/revisions"}],"wp:featuredmedia":[{"embeddable":true,"href":"https:\/\/norecoil.net\/es\/wp-json\/wp\/v2\/media\/3863"}],"wp:attachment":[{"href":"https:\/\/norecoil.net\/es\/wp-json\/wp\/v2\/media?parent=5881"}],"curies":[{"name":"wp","href":"https:\/\/api.w.org\/{rel}","templated":true}]}}