{"id":5862,"date":"2023-09-17T17:09:39","date_gmt":"2023-09-17T17:09:39","guid":{"rendered":"https:\/\/norecoil.net\/como-instalar-razer-no-recoil-macro\/"},"modified":"2024-02-28T15:03:29","modified_gmt":"2024-02-28T15:03:29","slug":"como-instalar-razer-no-recoil-macro","status":"publish","type":"page","link":"https:\/\/norecoil.net\/es\/como-instalar-razer-no-recoil-macro\/","title":{"rendered":"C\u00f3mo instalar Razer No Recoil Macro"},"content":{"rendered":"\t\t<div data-elementor-type=\"wp-page\" data-elementor-id=\"5862\" class=\"elementor elementor-5862 elementor-1693\">\n\t\t\t\t\t\t<section class=\"elementor-section elementor-top-section elementor-element elementor-element-007144e elementor-section-boxed elementor-section-height-default elementor-section-height-default\" data-id=\"007144e\" data-element_type=\"section\">\r\n\t\t\r\n\t\t\t\t\t\t\t<div class=\"elementor-container elementor-column-gap-default\">\r\n\t\t\t\t\t\t\t\t\t\t\t<div class=\"elementor-column elementor-col-100 elementor-top-column elementor-element elementor-element-aff4496 mx-auto\" data-id=\"aff4496\" data-element_type=\"column\">\r\n\t\t\t\t\t<div class=\"elementor-widget-wrap elementor-element-populated\">\r\n\t\t\t\t\t\t\t\t<div class=\"elementor-element elementor-element-2718dbf elementor-widget elementor-widget-porto_ultimate_heading\" data-id=\"2718dbf\" data-element_type=\"widget\" data-widget_type=\"porto_ultimate_heading.default\">\n\t\t\t\t<div class=\"elementor-widget-container\">\n\t\t\t\t\t<div class=\"porto-u-heading  porto-u-55ca8359258f9a412be7e73af65d2aac \"><div class=\"porto-u-main-heading\"><h2   >C\u00f3mo instalar Razer No Recoil Macro<\/h2><\/div><div class=\"porto-u-sub-heading\" style=\"\"><p>C\u00f3mo instalar Razer Synapse 3; Mira el v\u00eddeo y comprueba los pasos uno a uno para una correcta instalaci\u00f3n para <strong>Razer No Recoil Macros.<\/strong><\/p><\/div><style>.porto-u-55ca8359258f9a412be7e73af65d2aac.porto-u-heading{text-align:center}<\/style><\/div>\t\t\t\t<\/div>\n\t\t\t\t<\/div>\n\t\t\t\t<div class=\"elementor-element elementor-element-86cb3d5 elementor-widget elementor-widget-porto_ultimate_heading\" data-id=\"86cb3d5\" data-element_type=\"widget\" data-widget_type=\"porto_ultimate_heading.default\">\n\t\t\t\t<div class=\"elementor-widget-container\">\n\t\t\t\t\t<div class=\"porto-u-heading  porto-u-55ca8359258f9a412be7e73af65d2aac \"><div class=\"porto-u-main-heading\"><h2 data-plugin-animated-words data-plugin-options=\"{&quot;startDelay&quot;:0,&quot;minWindowWidth&quot;:0,&quot;animationName&quot;:&quot;fadeIn&quot;,&quot;contentType&quot;:&quot;word&quot;}\"  >Instrucciones en v\u00eddeo<\/h2><\/div><style>.porto-u-55ca8359258f9a412be7e73af65d2aac.porto-u-heading{text-align:center}<\/style><\/div>\t\t\t\t<\/div>\n\t\t\t\t<\/div>\n\t\t\t\t<div class=\"elementor-element elementor-element-712b7ba elementor-widget elementor-widget-video\" data-id=\"712b7ba\" data-element_type=\"widget\" data-settings=\"{&quot;video_type&quot;:&quot;vimeo&quot;}\" data-widget_type=\"video.default\">\n\t\t\t\t<div class=\"elementor-widget-container\">\n\t\t\t\t\t\t\t<div class=\"elementor-wrapper elementor-open-inline\">\n\t\t\t<iframe class=\"elementor-video-iframe\" allowfullscreen allow=\"clipboard-write\" title=\"Reproductor de v\u00eddeo vimeo\" src=\"https:\/\/player.vimeo.com\/video\/865283512?color&amp;autopause=0&amp;loop=0&amp;muted=0&amp;title=1&amp;portrait=1&amp;byline=1#t=\"><\/iframe>\t\t<\/div>\n\t\t\t\t\t\t<\/div>\n\t\t\t\t<\/div>\n\t\t\t\t<div class=\"elementor-element elementor-element-044587b elementor-widget elementor-widget-porto_ultimate_heading\" data-id=\"044587b\" data-element_type=\"widget\" data-widget_type=\"porto_ultimate_heading.default\">\n\t\t\t\t<div class=\"elementor-widget-container\">\n\t\t\t\t\t<div class=\"porto-u-heading  porto-u-55ca8359258f9a412be7e73af65d2aac \"><div class=\"porto-u-main-heading\"><h2 data-plugin-animated-words data-plugin-options=\"{&quot;startDelay&quot;:0,&quot;minWindowWidth&quot;:0,&quot;animationName&quot;:&quot;fadeIn&quot;,&quot;contentType&quot;:&quot;word&quot;}\"  >Instrucciones de instalaci\u00f3n paso a paso<\/h2><\/div><style>.porto-u-55ca8359258f9a412be7e73af65d2aac.porto-u-heading{text-align:center}<\/style><\/div>\t\t\t\t<\/div>\n\t\t\t\t<\/div>\n\t\t\t\t<div class=\"elementor-element elementor-element-ddbaa6e elementor-widget elementor-widget-porto_steps\" data-id=\"ddbaa6e\" data-element_type=\"widget\" data-widget_type=\"porto_steps.default\">\n\t\t\t\t<div class=\"elementor-widget-container\">\n\t\t\t\t\t<section class=\"timeline\"><div class=\"timeline-body\"><div class=\"timeline-date \"><h3 class=\"time-text step-item-subtitle\">PASO 1<\/h3><\/div><article class=\"timeline-box left\"><div><img decoding=\"async\" src=\"\/\/norecoil.net\/wp-content\/uploads\/2023\/09\/razer-synapse-3-logo.png\" class=\"img-responsive\" alt=\"Paso 1: Descargar Razer Synapse 3\"><h4 class=\"timeline-item-title step-item-title\">Paso 1: Descargar Razer Synapse 3<\/h4><div class=\"timeline-item-content\"><p>En primer lugar necesitamos <strong><span style=\"text-decoration: underline;\"><a href=\"https:\/\/rzr.to\/synapse-3-pc-download\" target=\"_blank\" rel=\"noopener\">Razer Synapse<\/a><\/span><a href=\"https:\/\/rzr.to\/synapse-3-pc-download\" target=\"_blank\" rel=\"noopener\"> 3<\/a> <\/strong>instalado.  <br>Para descargar Razer Synapse 3 <strong>\n  <a href=\"https:\/\/rzr.to\/synapse-3-pc-download\" target=\"_blank\" rel=\"noopener\">\n    <span style=\"text-decoration: underline;\">Haga clic aqu\u00ed.<\/span>\n  <\/a>\n  <br>\n<\/strong><\/p><p>1. Abra <strong>SYNAPSE 3<\/strong> y haga clic en la secci\u00f3n<strong>\"MACRO<\/strong>\".<br>(Si no tiene instalado \"Macro\" vaya a Synapse-&gt;Modules e inst\u00e1lelo)<\/p><figure id=\"attachment_1696\" aria-describedby=\"caption-attachment-1696\" style=\"width: 1012px\" class=\"wp-caption alignnone\"><img fetchpriority=\"high\" decoding=\"async\" class=\"size-full wp-image-1696\" src=\"https:\/\/norecoil.net\/wp-content\/uploads\/2023\/09\/razer-1.gif\" alt=\"Vaya a la secci\u00f3n de macros en Synapse 3  \" width=\"1012\" height=\"714\"><figcaption id=\"caption-attachment-1696\" class=\"wp-caption-text\">Vaya a la secci\u00f3n de macros en Synapse 3<\/figcaption><\/figure><\/div><\/div><\/article><div class=\"timeline-date \"><h3 class=\"time-text step-item-subtitle\">PASO 2<\/h3><\/div><article class=\"timeline-box right\"><div><h4 class=\"timeline-item-title step-item-title\">Importar los archivos de macros Razer No Recoil en Synapse 3<\/h4><div class=\"timeline-item-content\"><div class=\"fw-row\"><div class=\"sh-column sh-column-7be3fb1e777683ea1c4bb7ab64b159f2 fw-col-xs-12\"><div class=\"sh-column-wrapper\"><div id=\"text-block-f5f5e77495aebb2154811a571e1d001d\" class=\"sh-text-block\"> <\/div><\/div><\/div><\/div><div class=\"fw-row\"><div class=\"sh-column sh-column-7be3fb1e777683ea1c4bb7ab64b159f2 fw-col-xs-12\"><div class=\"sh-column-wrapper\"><div id=\"text-block-f2e614b39e4872afb308cdef6d84ff48\" class=\"sh-text-block\"><p>Haga clic en el <strong>icono de importaci\u00f3n<\/strong> e importe el script <strong>No Recoil Macro Razer Files<\/strong> (.xml) que desee importar.<\/p><\/div><figure id=\"attachment_1697\" aria-describedby=\"caption-attachment-1697\" style=\"width: 810px\" class=\"wp-caption alignnone\"><img decoding=\"async\" class=\"size-full wp-image-1697\" src=\"https:\/\/norecoil.net\/wp-content\/uploads\/2023\/09\/razer-import.gif\" alt=\"Importar los archivos de macros No Recoil (.xml)\" width=\"810\" height=\"571\"><figcaption id=\"caption-attachment-1697\" class=\"wp-caption-text\">Importar los archivos de macros No Recoil (.xml)<\/figcaption><\/figure><p> <\/p><\/div><p>Vaya a <strong>Perfil<\/strong> y haga clic en <strong>+ para <\/strong>a\u00f1adir un nuevo perfil.<br><strong>A\u00f1adir para cada arma<\/strong> un <strong>perfil<\/strong> y<br>dar el<strong> mismo nombre<\/strong> que el <strong>arma.<br><br><\/strong><\/p><\/div><\/div><figure id=\"attachment_1698\" aria-describedby=\"caption-attachment-1698\" style=\"width: 1012px\" class=\"wp-caption alignnone\"><img decoding=\"async\" class=\"size-full wp-image-1698\" src=\"https:\/\/norecoil.net\/wp-content\/uploads\/2023\/09\/Razer-Profile.gif\" alt=\"Crear un perfil en Razer Synapse 3  \" width=\"1012\" height=\"714\"><figcaption id=\"caption-attachment-1698\" class=\"wp-caption-text\">Crear un perfil en Razer Synapse 3<\/figcaption><\/figure><p> <\/p><p>Ahora ve a <strong>Mouse<\/strong>.<br><br><\/p><figure id=\"attachment_1699\" aria-describedby=\"caption-attachment-1699\" style=\"width: 810px\" class=\"wp-caption alignnone\"><img loading=\"lazy\" decoding=\"async\" class=\"size-full wp-image-1699\" src=\"https:\/\/norecoil.net\/wp-content\/uploads\/2023\/09\/go-to-mouse.gif\" alt=\"Navega en Synapse 3 hasta el rat\u00f3n  \" width=\"810\" height=\"571\"><figcaption id=\"caption-attachment-1699\" class=\"wp-caption-text\">Navega en Synapse 3 hasta el rat\u00f3n<\/figcaption><\/figure><p> <\/p><p>Para usar el <strong>Click Izquierdo<\/strong> primero tenemos que asignarlo a otro bot\u00f3n.<\/p><p> <\/p><figure id=\"attachment_1700\" aria-describedby=\"caption-attachment-1700\" style=\"width: 1012px\" class=\"wp-caption alignnone\"><img loading=\"lazy\" decoding=\"async\" class=\"size-full wp-image-1700\" src=\"https:\/\/norecoil.net\/wp-content\/uploads\/2023\/09\/razer-5.gif\" alt=\"Asignar la funci\u00f3n del bot\u00f3n izquierdo del rat\u00f3n a otro bot\u00f3n del rat\u00f3n\" width=\"1012\" height=\"714\"><figcaption id=\"caption-attachment-1700\" class=\"wp-caption-text\">Asignar la funci\u00f3n del bot\u00f3n izquierdo del rat\u00f3n a otro bot\u00f3n del rat\u00f3n<\/figcaption><\/figure><\/div><\/div><\/article><div class=\"timeline-date \"><h3 class=\"time-text step-item-subtitle\">Paso 3<\/h3><\/div><article class=\"timeline-box left\"><div><h4 class=\"timeline-item-title step-item-title\">Asigna la macro No Recoil al bot\u00f3n de tu rat\u00f3n<\/h4><div class=\"timeline-item-content\"><p>Ahora podemos asignar la macro al bot\u00f3n izquierdo del rat\u00f3n.<br>Haz click en el bot\u00f3n izquierdo del rat\u00f3n, ve al men\u00fa <strong>MACRO<\/strong> y elige el arma que quieras <strong>asignar.<br>!Antes de asignar cualquier arma!<br>Por favor, comprueba primero qu\u00e9 perfil est\u00e1s editando.<br>Si est\u00e1s editando el perfil AK47 a\u00f1ade la Macro AK47.<br>\u00a1Para que no te confundas!<\/strong><\/p><p>Elija entre las <strong>opciones de reproducci\u00f3n<br>Reproducir mientras se pulsa la tecla asignada.<\/strong><\/p><figure id=\"attachment_1701\" aria-describedby=\"caption-attachment-1701\" style=\"width: 1012px\" class=\"wp-caption alignnone\"><img loading=\"lazy\" decoding=\"async\" class=\"size-full wp-image-1701\" src=\"https:\/\/norecoil.net\/wp-content\/uploads\/2023\/09\/razer-6.gif\" alt=\"Asigna la macro Razer No Recoil al bot\u00f3n de tu rat\u00f3n\" width=\"1012\" height=\"714\"><figcaption id=\"caption-attachment-1701\" class=\"wp-caption-text\">Asigna la macro Razer No Recoil al bot\u00f3n de tu rat\u00f3n<\/figcaption><\/figure><p> <\/p><p>7. Ahora tenemos que asignar para 2 botones la <strong>funci\u00f3n Switch Profile<\/strong>.<br>Para que podamos <strong>cambiar<\/strong> f\u00e1cilmente <strong>entre<\/strong> nuestros <strong>perfiles<\/strong>.<\/p><p>Podemos utilizar<strong> Perfil siguiente\/<\/strong> <strong>Perfil anterior<\/strong> o<br>podemos elegir un <strong>perfil espec\u00edfico<\/strong>.<br>Depende de ti. Puedes asignarlo como quieras.<br><em>(No olvides asignar un perfil predeterminado para que puedas cerrar f\u00e1cilmente la macro mientras est\u00e1s en el men\u00fa del juego o haciendo otra cosa \/ Tambi\u00e9n puedes usar el bot\u00f3n izquierdo del rat\u00f3n que tienes asignado a otro bot\u00f3n).<\/em><\/p><p> <\/p><figure id=\"attachment_1702\" aria-describedby=\"caption-attachment-1702\" style=\"width: 1012px\" class=\"wp-caption alignnone\"><img loading=\"lazy\" decoding=\"async\" class=\"wp-image-1702 size-full\" src=\"https:\/\/norecoil.net\/wp-content\/uploads\/2023\/09\/razer-7.gif\" alt=\"Asignar un perfil espec\u00edfico a un bot\u00f3n diferente del rat\u00f3n para cambiar\" width=\"1012\" height=\"714\"><figcaption id=\"caption-attachment-1702\" class=\"wp-caption-text\">Asignar un perfil espec\u00edfico a un bot\u00f3n diferente del rat\u00f3n para cambiar<\/dd><dd><\/figcaption><\/figure><figure id=\"attachment_1703\" aria-describedby=\"caption-attachment-1703\" style=\"width: 1012px\" class=\"wp-caption alignnone\"><img loading=\"lazy\" decoding=\"async\" class=\"size-full wp-image-1703\" src=\"https:\/\/norecoil.net\/wp-content\/uploads\/2023\/09\/razer-weapon.gif\" alt=\"Asignar un perfil espec\u00edfico a un bot\u00f3n diferente del rat\u00f3n para cambiar\" width=\"1012\" height=\"714\"><figcaption id=\"caption-attachment-1703\" class=\"wp-caption-text\">Asignar un perfil espec\u00edfico a un bot\u00f3n diferente del rat\u00f3n para cambiar<\/figcaption><\/figure><\/div><\/div><\/article><div class=\"timeline-date \"><h3 class=\"time-text step-item-subtitle\">Paso 4<\/h3><\/div><article class=\"timeline-box right\"><div><h4 class=\"timeline-item-title step-item-title\">Al final quedar\u00e1 as\u00ed.<\/h4><div class=\"timeline-item-content\"><figure id=\"attachment_1704\" aria-describedby=\"caption-attachment-1704\" style=\"width: 1024px\" class=\"wp-caption alignnone\"><img loading=\"lazy\" decoding=\"async\" class=\"size-full wp-image-1704\" src=\"https:\/\/norecoil.net\/wp-content\/uploads\/2023\/09\/Razer-Synapse-3-Macros.png\" alt=\"Razer Synapse 3 Macro sin retroceso  \" width=\"1024\" height=\"720\" srcset=\"https:\/\/norecoil.net\/wp-content\/uploads\/2023\/09\/Razer-Synapse-3-Macros.png 1024w, https:\/\/norecoil.net\/wp-content\/uploads\/2023\/09\/Razer-Synapse-3-Macros-600x422.png 600w, https:\/\/norecoil.net\/wp-content\/uploads\/2023\/09\/Razer-Synapse-3-Macros-768x540.png 768w, https:\/\/norecoil.net\/wp-content\/uploads\/2023\/09\/Razer-Synapse-3-Macros-640x450.png 640w, https:\/\/norecoil.net\/wp-content\/uploads\/2023\/09\/Razer-Synapse-3-Macros-400x281.png 400w\" sizes=\"(max-width: 1024px) 100vw, 1024px\" \/><figcaption id=\"caption-attachment-1704\" class=\"wp-caption-text\">Razer Synapse 3 Macro sin retroceso<\/figcaption><\/figure><p>En el ejemplo ver\u00e1s que es para el perfil XM4.<br>Ahora tenemos que elegir los otros Perfiles que queremos utilizar y hacer los mismos pasos de nuevo para que podamos cambiar f\u00e1cilmente.<\/p><p>Si tiene un teclado compatible con Synapse 3 Vaya al men\u00fa Synapse -&gt; Global Shortcuts -&gt; Add new Shortcut<br>Y haz clic en Cambiar perfil.<br>Puedes cambiar f\u00e1cilmente desde el teclado entre los Perfiles.<br><br><span style=\"text-decoration: underline;\"><strong><a href=\"\/razer-no-recoil-macro\">Haga clic aqu\u00ed para ver todos los productos Razer No Recoil Macro<\/a><\/strong><\/span> <\/p><h3>\u00a1IMPORTANTE!<br>En los Perfiles es \"Juegos Vinculados\" a Perfil.<br>\u00a1<em>\"\u00a1\u00a1\u00a1No!!!\"<\/em> vincules ning\u00fan juego a tus Perfiles por tu seguridad!<\/h3><\/div><\/div><\/article><\/div><\/section>\t\t\t\t<\/div>\n\t\t\t\t<\/div>\n\t\t\t\t\t<\/div>\r\n\t\t\t\t<\/div>\r\n\t\t\t\t\t<\/div>\r\n\t\t\t\t<\/section>\r\n\t\t\t\t<\/div>\n\t\t","protected":false},"excerpt":{"rendered":"<p>C\u00f3mo instalar Razer No Recoil Macro C\u00f3mo instalar Razer Synapse 3; Mira el v\u00eddeo y comprueba los pasos uno a uno para una correcta instalaci\u00f3n para Razer No Recoil Macros. Instrucciones en v\u00eddeo Instrucciones de instalaci\u00f3n paso a paso PASO 1 Paso 1: Descargar Razer Synapse 3 En primer lugar necesitamos Razer Synapse 3 instalado. [&hellip;]<\/p>\n","protected":false},"author":1,"featured_media":3765,"parent":0,"menu_order":0,"comment_status":"open","ping_status":"closed","template":"","meta":{"_acf_changed":false,"content-type":"","cybocfi_hide_featured_image":"","footnotes":""},"class_list":["post-5862","page","type-page","status-publish","has-post-thumbnail","hentry"],"acf":[],"yoast_head":"<!-- This site is optimized with the Yoast SEO Premium plugin v21.1 (Yoast SEO v21.1) - https:\/\/yoast.com\/wordpress\/plugins\/seo\/ -->\n<title>C\u00f3mo instalar Razer No Recoil Macro<\/title>\n<meta name=\"description\" content=\"C\u00f3mo instalar la macro Razer No Recoil para Razer Synapse 3. No Recoil Macro Instalaci\u00f3n para cualquier instrucci\u00f3n Razer Synapse 3 con Video.\" \/>\n<meta name=\"robots\" content=\"index, follow, max-snippet:-1, max-image-preview:large, max-video-preview:-1\" \/>\n<link rel=\"canonical\" href=\"https:\/\/norecoil.net\/es\/como-instalar-razer-no-recoil-macro\/\" \/>\n<meta property=\"og:locale\" content=\"es_ES\" \/>\n<meta property=\"og:type\" content=\"article\" \/>\n<meta property=\"og:title\" content=\"C\u00f3mo instalar Razer No Recoil Macro\" \/>\n<meta property=\"og:description\" content=\"C\u00f3mo instalar la macro Razer No Recoil para Razer Synapse 3. No Recoil Macro Instalaci\u00f3n para cualquier instrucci\u00f3n Razer Synapse 3 con Video.\" \/>\n<meta property=\"og:url\" content=\"https:\/\/norecoil.net\/es\/como-instalar-razer-no-recoil-macro\/\" \/>\n<meta property=\"og:site_name\" content=\"NoRecoil.Net\" \/>\n<meta property=\"article:modified_time\" content=\"2024-02-28T15:03:29+00:00\" \/>\n<meta property=\"og:image\" content=\"https:\/\/norecoil.net\/wp-content\/uploads\/2023\/09\/how-to-install-razer-synapse-3.jpg\" \/>\n\t<meta property=\"og:image:width\" content=\"1200\" \/>\n\t<meta property=\"og:image:height\" content=\"675\" \/>\n\t<meta property=\"og:image:type\" content=\"image\/jpeg\" \/>\n<meta name=\"twitter:card\" content=\"summary_large_image\" \/>\n<meta name=\"twitter:label1\" content=\"Tiempo de lectura\" \/>\n\t<meta name=\"twitter:data1\" content=\"3 minutos\" \/>\n<script type=\"application\/ld+json\" class=\"yoast-schema-graph\">{\"@context\":\"https:\/\/schema.org\",\"@graph\":[{\"@type\":\"WebPage\",\"@id\":\"https:\/\/norecoil.net\/es\/como-instalar-razer-no-recoil-macro\/\",\"url\":\"https:\/\/norecoil.net\/es\/como-instalar-razer-no-recoil-macro\/\",\"name\":\"C\u00f3mo instalar Razer No Recoil Macro\",\"isPartOf\":{\"@id\":\"https:\/\/norecoil.net\/es\/#website\"},\"datePublished\":\"2023-09-17T17:09:39+00:00\",\"dateModified\":\"2024-02-28T15:03:29+00:00\",\"description\":\"C\u00f3mo instalar la macro Razer No Recoil para Razer Synapse 3. No Recoil Macro Instalaci\u00f3n para cualquier instrucci\u00f3n Razer Synapse 3 con Video.\",\"breadcrumb\":{\"@id\":\"https:\/\/norecoil.net\/es\/como-instalar-razer-no-recoil-macro\/#breadcrumb\"},\"inLanguage\":\"es\",\"potentialAction\":[{\"@type\":\"ReadAction\",\"target\":[\"https:\/\/norecoil.net\/es\/como-instalar-razer-no-recoil-macro\/\"]}]},{\"@type\":\"BreadcrumbList\",\"@id\":\"https:\/\/norecoil.net\/es\/como-instalar-razer-no-recoil-macro\/#breadcrumb\",\"itemListElement\":[{\"@type\":\"ListItem\",\"position\":1,\"name\":\"Home\",\"item\":\"https:\/\/norecoil.net\/es\/norecoil-net\/\"},{\"@type\":\"ListItem\",\"position\":2,\"name\":\"C\u00f3mo instalar Razer No Recoil Macro\"}]},{\"@type\":\"WebSite\",\"@id\":\"https:\/\/norecoil.net\/es\/#website\",\"url\":\"https:\/\/norecoil.net\/es\/\",\"name\":\"NoRecoil.Net\",\"description\":\"\",\"potentialAction\":[{\"@type\":\"SearchAction\",\"target\":{\"@type\":\"EntryPoint\",\"urlTemplate\":\"https:\/\/norecoil.net\/es\/?s={search_term_string}\"},\"query-input\":\"required name=search_term_string\"}],\"inLanguage\":\"es\"}]}<\/script>\n<!-- \/ Yoast SEO Premium plugin. -->","yoast_head_json":{"title":"C\u00f3mo instalar Razer No Recoil Macro","description":"C\u00f3mo instalar la macro Razer No Recoil para Razer Synapse 3. No Recoil Macro Instalaci\u00f3n para cualquier instrucci\u00f3n Razer Synapse 3 con Video.","robots":{"index":"index","follow":"follow","max-snippet":"max-snippet:-1","max-image-preview":"max-image-preview:large","max-video-preview":"max-video-preview:-1"},"canonical":"https:\/\/norecoil.net\/es\/como-instalar-razer-no-recoil-macro\/","og_locale":"es_ES","og_type":"article","og_title":"C\u00f3mo instalar Razer No Recoil Macro","og_description":"C\u00f3mo instalar la macro Razer No Recoil para Razer Synapse 3. No Recoil Macro Instalaci\u00f3n para cualquier instrucci\u00f3n Razer Synapse 3 con Video.","og_url":"https:\/\/norecoil.net\/es\/como-instalar-razer-no-recoil-macro\/","og_site_name":"NoRecoil.Net","article_modified_time":"2024-02-28T15:03:29+00:00","og_image":[{"width":1200,"height":675,"url":"https:\/\/norecoil.net\/wp-content\/uploads\/2023\/09\/how-to-install-razer-synapse-3.jpg","type":"image\/jpeg"}],"twitter_card":"summary_large_image","twitter_misc":{"Tiempo de lectura":"3 minutos"},"schema":{"@context":"https:\/\/schema.org","@graph":[{"@type":"WebPage","@id":"https:\/\/norecoil.net\/es\/como-instalar-razer-no-recoil-macro\/","url":"https:\/\/norecoil.net\/es\/como-instalar-razer-no-recoil-macro\/","name":"C\u00f3mo instalar Razer No Recoil Macro","isPartOf":{"@id":"https:\/\/norecoil.net\/es\/#website"},"datePublished":"2023-09-17T17:09:39+00:00","dateModified":"2024-02-28T15:03:29+00:00","description":"C\u00f3mo instalar la macro Razer No Recoil para Razer Synapse 3. No Recoil Macro Instalaci\u00f3n para cualquier instrucci\u00f3n Razer Synapse 3 con Video.","breadcrumb":{"@id":"https:\/\/norecoil.net\/es\/como-instalar-razer-no-recoil-macro\/#breadcrumb"},"inLanguage":"es","potentialAction":[{"@type":"ReadAction","target":["https:\/\/norecoil.net\/es\/como-instalar-razer-no-recoil-macro\/"]}]},{"@type":"BreadcrumbList","@id":"https:\/\/norecoil.net\/es\/como-instalar-razer-no-recoil-macro\/#breadcrumb","itemListElement":[{"@type":"ListItem","position":1,"name":"Home","item":"https:\/\/norecoil.net\/es\/norecoil-net\/"},{"@type":"ListItem","position":2,"name":"C\u00f3mo instalar Razer No Recoil Macro"}]},{"@type":"WebSite","@id":"https:\/\/norecoil.net\/es\/#website","url":"https:\/\/norecoil.net\/es\/","name":"NoRecoil.Net","description":"","potentialAction":[{"@type":"SearchAction","target":{"@type":"EntryPoint","urlTemplate":"https:\/\/norecoil.net\/es\/?s={search_term_string}"},"query-input":"required name=search_term_string"}],"inLanguage":"es"}]}},"_links":{"self":[{"href":"https:\/\/norecoil.net\/es\/wp-json\/wp\/v2\/pages\/5862","targetHints":{"allow":["GET"]}}],"collection":[{"href":"https:\/\/norecoil.net\/es\/wp-json\/wp\/v2\/pages"}],"about":[{"href":"https:\/\/norecoil.net\/es\/wp-json\/wp\/v2\/types\/page"}],"author":[{"embeddable":true,"href":"https:\/\/norecoil.net\/es\/wp-json\/wp\/v2\/users\/1"}],"replies":[{"embeddable":true,"href":"https:\/\/norecoil.net\/es\/wp-json\/wp\/v2\/comments?post=5862"}],"version-history":[{"count":0,"href":"https:\/\/norecoil.net\/es\/wp-json\/wp\/v2\/pages\/5862\/revisions"}],"wp:featuredmedia":[{"embeddable":true,"href":"https:\/\/norecoil.net\/es\/wp-json\/wp\/v2\/media\/3765"}],"wp:attachment":[{"href":"https:\/\/norecoil.net\/es\/wp-json\/wp\/v2\/media?parent=5862"}],"curies":[{"name":"wp","href":"https:\/\/api.w.org\/{rel}","templated":true}]}}