{"id":5830,"date":"2023-09-17T08:45:21","date_gmt":"2023-09-17T08:45:21","guid":{"rendered":"https:\/\/norecoil.net\/como-degradar-el-software-de-logitech-g-hub\/"},"modified":"2024-02-28T15:03:28","modified_gmt":"2024-02-28T15:03:28","slug":"como-degradar-el-software-de-logitech-g-hub","status":"publish","type":"page","link":"https:\/\/norecoil.net\/es\/como-degradar-el-software-de-logitech-g-hub\/","title":{"rendered":"C\u00f3mo degradar el software de Logitech G-Hub"},"content":{"rendered":"\t\t<div data-elementor-type=\"wp-page\" data-elementor-id=\"5830\" class=\"elementor elementor-5830 elementor-1684\">\n\t\t\t\t\t\t<section class=\"elementor-section elementor-top-section elementor-element elementor-element-007144e elementor-section-boxed elementor-section-height-default elementor-section-height-default\" data-id=\"007144e\" data-element_type=\"section\">\r\n\t\t\r\n\t\t\t\t\t\t\t<div class=\"elementor-container elementor-column-gap-default\">\r\n\t\t\t\t\t\t\t\t\t\t\t<div class=\"elementor-column elementor-col-100 elementor-top-column elementor-element elementor-element-aff4496 mx-auto\" data-id=\"aff4496\" data-element_type=\"column\">\r\n\t\t\t\t\t<div class=\"elementor-widget-wrap elementor-element-populated\">\r\n\t\t\t\t\t\t\t\t<div class=\"elementor-element elementor-element-2718dbf elementor-widget elementor-widget-porto_ultimate_heading\" data-id=\"2718dbf\" data-element_type=\"widget\" data-widget_type=\"porto_ultimate_heading.default\">\n\t\t\t\t<div class=\"elementor-widget-container\">\n\t\t\t\t\t<div class=\"porto-u-heading  porto-u-55ca8359258f9a412be7e73af65d2aac \"><div class=\"porto-u-main-heading\"><h2   >C\u00f3mo degradar el software de Logitech G-Hub<\/h2><\/div><div class=\"porto-u-sub-heading\" style=\"\"><p style=\"text-align: center;\">Si ha actualizado recientemente el <strong>software de Logitech G-Hub<\/strong> y ha descubierto que no satisface sus necesidades o tiene problemas de compatibilidad, puede que est\u00e9 considerando la posibilidad de bajar de versi\u00f3n. Est\u00e1s de suerte: actualizar la versi\u00f3n de Logitech G-Hub es sencillo si sigues los pasos adecuados. En este tutorial, le explicaremos c\u00f3mo reducir de forma segura y eficaz la versi\u00f3n de su Logitech G-Hub.<\/p><h4 style=\"text-align: center;\">Paso 1: Desactivar la actualizaci\u00f3n autom\u00e1tica en Configuraci\u00f3n<\/h4><p style=\"text-align: center;\">Lo primero que hay que hacer es desactivar la <strong>funci\u00f3n de actualizaci\u00f3n autom\u00e1tica<\/strong> desde la configuraci\u00f3n del software Logitech G-Hub. Si desactiva esta opci\u00f3n, evitar\u00e1 que el software se actualice autom\u00e1ticamente a la versi\u00f3n que intenta evitar.<\/p><p> <\/p><center><figure id=\"attachment_1687\" aria-describedby=\"caption-attachment-1687\" style=\"width: 890px\" class=\"wp-caption aligncenter\"><img fetchpriority=\"high\" decoding=\"async\" class=\"size-full wp-image-1687\" src=\"https:\/\/norecoil.net\/wp-content\/uploads\/2023\/09\/disable-auto-update.gif\" alt=\"Desactivar la actualizaci\u00f3n autom\u00e1tica en Logitech G-Hub Software\" width=\"890\" height=\"609\"><figcaption id=\"caption-attachment-1687\" class=\"wp-caption-text\">Desactivar la actualizaci\u00f3n autom\u00e1tica en Logitech G-Hub Software<\/figcaption><\/figure><\/center><p> <\/p><h4 style=\"text-align: center;\">Paso 2: Desinstalar la versi\u00f3n actual de G-Hub<\/h4><p style=\"text-align: center;\">A continuaci\u00f3n, deber\u00e1 <strong>desinstalar el software Logitech G-Hub existente<\/strong> del ordenador. Para asegurarte de que lo has eliminado por completo, te recomendamos que utilices <a href=\"https:\/\/www.revouninstaller.com\/start-freeware-download\/\" target=\"_blank\" rel=\"noopener\">\n  <strong>Revo Uninstaller<\/strong>\n<\/a>. Configure Revo Uninstaller en modo avanzado para eliminar todos los archivos de registro y otros archivos residuales relacionados con G-Hub.<\/p><h4 style=\"text-align: center;\">Paso 3: Reinicie el ordenador<\/h4><p style=\"text-align: center;\">Despu\u00e9s de desinstalar el software, <strong>reinicie el ordenador<\/strong> para asegurarse de que todos los cambios surtan efecto y se elimine cualquier archivo persistente.<\/p><h4 style=\"text-align: center;\">Paso 4: Descargar la versi\u00f3n downgrade<\/h4><p style=\"text-align: center;\">Ahora que el ordenador acaba de reiniciarse, es el momento de <strong>descargar la versi\u00f3n downgrade<\/strong> de Logitech G-Hub. Para esta gu\u00eda, utilizamos la versi\u00f3n <strong>2021.11.1775<\/strong>, pero puedes elegir la que mejor se adapte a tus necesidades. Una vez descargado, vaya inmediatamente a la configuraci\u00f3n del software y vuelva a desactivar la funci\u00f3n de actualizaci\u00f3n autom\u00e1tica para asegurarse de que el software no se actualizar\u00e1 autom\u00e1ticamente.<\/p><h3 style=\"text-align: center;\">Enlace de descarga de G-Hub Versi\u00f3n: 2021.11.1775<\/h3><p style=\"text-align: center;\"><a href=\"https:\/\/www.mediafire.com\/file\/ao4cmt784huxdwh\/lghub_installer_2021.11.1775.exe\/file\" target=\"_blank\" rel=\"noopener\">Descargue aqu\u00ed la versi\u00f3n 2021.11.1775 del G-Hub<\/a><\/p><h3 style=\"text-align: center;\">Conclusi\u00f3n<\/h3><p style=\"text-align: center;\">Y eso es todo. Ha <strong>actualizado correctamente el software de Logitech G-Hub<\/strong>. Si sigues estos pasos con cuidado, podr\u00e1s volver a una versi\u00f3n con la que te sientas c\u00f3modo. Recuerde, una vez que haya bajado de versi\u00f3n, aseg\u00farese de mantener desactivada la funci\u00f3n de actualizaci\u00f3n autom\u00e1tica a menos que desee volver a actualizar en el futuro. Disfrute de una experiencia optimizada con Logitech G-Hub. \u00a1Para ver todos Logitech G-Hub Software Product <a href=\"\/logitech-no-recoil-macro\">Haga clic aqu\u00ed!<\/a><\/p><\/div><style>.porto-u-55ca8359258f9a412be7e73af65d2aac.porto-u-heading{text-align:center}<\/style><\/div>\t\t\t\t<\/div>\n\t\t\t\t<\/div>\n\t\t\t\t\t<\/div>\r\n\t\t\t\t<\/div>\r\n\t\t\t\t\t<\/div>\r\n\t\t\t\t<\/section>\r\n\t\t\t\t<\/div>\n\t\t","protected":false},"excerpt":{"rendered":"<p>C\u00f3mo degradar el software de Logitech G-Hub Si ha actualizado recientemente el software de Logitech G-Hub y ha descubierto que no satisface sus necesidades o tiene problemas de compatibilidad, puede que est\u00e9 considerando la posibilidad de bajar de versi\u00f3n. Est\u00e1s de suerte: actualizar la versi\u00f3n de Logitech G-Hub es sencillo si sigues los pasos adecuados. [&hellip;]<\/p>\n","protected":false},"author":1,"featured_media":3688,"parent":0,"menu_order":0,"comment_status":"open","ping_status":"closed","template":"","meta":{"_acf_changed":false,"content-type":"","cybocfi_hide_featured_image":"","footnotes":""},"class_list":["post-5830","page","type-page","status-publish","has-post-thumbnail","hentry"],"acf":[],"yoast_head":"<!-- This site is optimized with the Yoast SEO Premium plugin v21.1 (Yoast SEO v21.1) - https:\/\/yoast.com\/wordpress\/plugins\/seo\/ -->\n<title>C\u00f3mo reducir la versi\u00f3n de software de Logitech G-Hub<\/title>\n<meta name=\"description\" content=\"\u00bfTienes problemas con la \u00faltima actualizaci\u00f3n? Aprenda a rebajar f\u00e1cilmente la versi\u00f3n de su Logitech G-Hub con nuestra completa gu\u00eda paso a paso.\" \/>\n<meta name=\"robots\" content=\"index, follow, max-snippet:-1, max-image-preview:large, max-video-preview:-1\" \/>\n<link rel=\"canonical\" href=\"https:\/\/norecoil.net\/es\/como-degradar-el-software-de-logitech-g-hub\/\" \/>\n<meta property=\"og:locale\" content=\"es_ES\" \/>\n<meta property=\"og:type\" content=\"article\" \/>\n<meta property=\"og:title\" content=\"C\u00f3mo degradar el software de Logitech G-Hub\" \/>\n<meta property=\"og:description\" content=\"\u00bfTienes problemas con la \u00faltima actualizaci\u00f3n? Aprenda a rebajar f\u00e1cilmente la versi\u00f3n de su Logitech G-Hub con nuestra completa gu\u00eda paso a paso.\" \/>\n<meta property=\"og:url\" content=\"https:\/\/norecoil.net\/es\/como-degradar-el-software-de-logitech-g-hub\/\" \/>\n<meta property=\"og:site_name\" content=\"NoRecoil.Net\" \/>\n<meta property=\"article:modified_time\" content=\"2024-02-28T15:03:28+00:00\" \/>\n<meta property=\"og:image\" content=\"https:\/\/norecoil.net\/wp-content\/uploads\/2023\/09\/downgrade-g-hub-logitech-software.webp\" \/>\n\t<meta property=\"og:image:width\" content=\"1200\" \/>\n\t<meta property=\"og:image:height\" content=\"675\" \/>\n\t<meta property=\"og:image:type\" content=\"image\/webp\" \/>\n<meta name=\"twitter:card\" content=\"summary_large_image\" \/>\n<meta name=\"twitter:label1\" content=\"Tiempo de lectura\" \/>\n\t<meta name=\"twitter:data1\" content=\"2 minutos\" \/>\n<script type=\"application\/ld+json\" class=\"yoast-schema-graph\">{\"@context\":\"https:\/\/schema.org\",\"@graph\":[{\"@type\":\"WebPage\",\"@id\":\"https:\/\/norecoil.net\/es\/como-degradar-el-software-de-logitech-g-hub\/\",\"url\":\"https:\/\/norecoil.net\/es\/como-degradar-el-software-de-logitech-g-hub\/\",\"name\":\"C\u00f3mo reducir la versi\u00f3n de software de Logitech G-Hub\",\"isPartOf\":{\"@id\":\"https:\/\/norecoil.net\/es\/#website\"},\"datePublished\":\"2023-09-17T08:45:21+00:00\",\"dateModified\":\"2024-02-28T15:03:28+00:00\",\"description\":\"\u00bfTienes problemas con la \u00faltima actualizaci\u00f3n? Aprenda a rebajar f\u00e1cilmente la versi\u00f3n de su Logitech G-Hub con nuestra completa gu\u00eda paso a paso.\",\"breadcrumb\":{\"@id\":\"https:\/\/norecoil.net\/es\/como-degradar-el-software-de-logitech-g-hub\/#breadcrumb\"},\"inLanguage\":\"es\",\"potentialAction\":[{\"@type\":\"ReadAction\",\"target\":[\"https:\/\/norecoil.net\/es\/como-degradar-el-software-de-logitech-g-hub\/\"]}]},{\"@type\":\"BreadcrumbList\",\"@id\":\"https:\/\/norecoil.net\/es\/como-degradar-el-software-de-logitech-g-hub\/#breadcrumb\",\"itemListElement\":[{\"@type\":\"ListItem\",\"position\":1,\"name\":\"Home\",\"item\":\"https:\/\/norecoil.net\/es\/norecoil-net\/\"},{\"@type\":\"ListItem\",\"position\":2,\"name\":\"C\u00f3mo degradar el software de Logitech G-Hub\"}]},{\"@type\":\"WebSite\",\"@id\":\"https:\/\/norecoil.net\/es\/#website\",\"url\":\"https:\/\/norecoil.net\/es\/\",\"name\":\"NoRecoil.Net\",\"description\":\"\",\"potentialAction\":[{\"@type\":\"SearchAction\",\"target\":{\"@type\":\"EntryPoint\",\"urlTemplate\":\"https:\/\/norecoil.net\/es\/?s={search_term_string}\"},\"query-input\":\"required name=search_term_string\"}],\"inLanguage\":\"es\"}]}<\/script>\n<!-- \/ Yoast SEO Premium plugin. -->","yoast_head_json":{"title":"C\u00f3mo reducir la versi\u00f3n de software de Logitech G-Hub","description":"\u00bfTienes problemas con la \u00faltima actualizaci\u00f3n? Aprenda a rebajar f\u00e1cilmente la versi\u00f3n de su Logitech G-Hub con nuestra completa gu\u00eda paso a paso.","robots":{"index":"index","follow":"follow","max-snippet":"max-snippet:-1","max-image-preview":"max-image-preview:large","max-video-preview":"max-video-preview:-1"},"canonical":"https:\/\/norecoil.net\/es\/como-degradar-el-software-de-logitech-g-hub\/","og_locale":"es_ES","og_type":"article","og_title":"C\u00f3mo degradar el software de Logitech G-Hub","og_description":"\u00bfTienes problemas con la \u00faltima actualizaci\u00f3n? Aprenda a rebajar f\u00e1cilmente la versi\u00f3n de su Logitech G-Hub con nuestra completa gu\u00eda paso a paso.","og_url":"https:\/\/norecoil.net\/es\/como-degradar-el-software-de-logitech-g-hub\/","og_site_name":"NoRecoil.Net","article_modified_time":"2024-02-28T15:03:28+00:00","og_image":[{"width":1200,"height":675,"url":"https:\/\/norecoil.net\/wp-content\/uploads\/2023\/09\/downgrade-g-hub-logitech-software.webp","type":"image\/webp"}],"twitter_card":"summary_large_image","twitter_misc":{"Tiempo de lectura":"2 minutos"},"schema":{"@context":"https:\/\/schema.org","@graph":[{"@type":"WebPage","@id":"https:\/\/norecoil.net\/es\/como-degradar-el-software-de-logitech-g-hub\/","url":"https:\/\/norecoil.net\/es\/como-degradar-el-software-de-logitech-g-hub\/","name":"C\u00f3mo reducir la versi\u00f3n de software de Logitech G-Hub","isPartOf":{"@id":"https:\/\/norecoil.net\/es\/#website"},"datePublished":"2023-09-17T08:45:21+00:00","dateModified":"2024-02-28T15:03:28+00:00","description":"\u00bfTienes problemas con la \u00faltima actualizaci\u00f3n? Aprenda a rebajar f\u00e1cilmente la versi\u00f3n de su Logitech G-Hub con nuestra completa gu\u00eda paso a paso.","breadcrumb":{"@id":"https:\/\/norecoil.net\/es\/como-degradar-el-software-de-logitech-g-hub\/#breadcrumb"},"inLanguage":"es","potentialAction":[{"@type":"ReadAction","target":["https:\/\/norecoil.net\/es\/como-degradar-el-software-de-logitech-g-hub\/"]}]},{"@type":"BreadcrumbList","@id":"https:\/\/norecoil.net\/es\/como-degradar-el-software-de-logitech-g-hub\/#breadcrumb","itemListElement":[{"@type":"ListItem","position":1,"name":"Home","item":"https:\/\/norecoil.net\/es\/norecoil-net\/"},{"@type":"ListItem","position":2,"name":"C\u00f3mo degradar el software de Logitech G-Hub"}]},{"@type":"WebSite","@id":"https:\/\/norecoil.net\/es\/#website","url":"https:\/\/norecoil.net\/es\/","name":"NoRecoil.Net","description":"","potentialAction":[{"@type":"SearchAction","target":{"@type":"EntryPoint","urlTemplate":"https:\/\/norecoil.net\/es\/?s={search_term_string}"},"query-input":"required name=search_term_string"}],"inLanguage":"es"}]}},"_links":{"self":[{"href":"https:\/\/norecoil.net\/es\/wp-json\/wp\/v2\/pages\/5830","targetHints":{"allow":["GET"]}}],"collection":[{"href":"https:\/\/norecoil.net\/es\/wp-json\/wp\/v2\/pages"}],"about":[{"href":"https:\/\/norecoil.net\/es\/wp-json\/wp\/v2\/types\/page"}],"author":[{"embeddable":true,"href":"https:\/\/norecoil.net\/es\/wp-json\/wp\/v2\/users\/1"}],"replies":[{"embeddable":true,"href":"https:\/\/norecoil.net\/es\/wp-json\/wp\/v2\/comments?post=5830"}],"version-history":[{"count":0,"href":"https:\/\/norecoil.net\/es\/wp-json\/wp\/v2\/pages\/5830\/revisions"}],"wp:featuredmedia":[{"embeddable":true,"href":"https:\/\/norecoil.net\/es\/wp-json\/wp\/v2\/media\/3688"}],"wp:attachment":[{"href":"https:\/\/norecoil.net\/es\/wp-json\/wp\/v2\/media?parent=5830"}],"curies":[{"name":"wp","href":"https:\/\/api.w.org\/{rel}","templated":true}]}}