{"id":5708,"date":"2023-09-16T05:51:50","date_gmt":"2023-09-16T05:51:50","guid":{"rendered":"https:\/\/norecoil.net\/asignacion-de-teclado-logitech-g-para-macros-no-recoil\/"},"modified":"2024-02-28T14:14:49","modified_gmt":"2024-02-28T14:14:49","slug":"asignacion-de-teclado-logitech-g-para-macros-no-recoil","status":"publish","type":"page","link":"https:\/\/norecoil.net\/es\/asignacion-de-teclado-logitech-g-para-macros-no-recoil\/","title":{"rendered":"Asignaci\u00f3n de teclado Logitech G para macros No Recoil"},"content":{"rendered":"\t\t<div data-elementor-type=\"wp-page\" data-elementor-id=\"5708\" class=\"elementor elementor-5708 elementor-1655\">\n\t\t\t\t\t\t<section class=\"elementor-section elementor-top-section elementor-element elementor-element-007144e elementor-section-boxed elementor-section-height-default elementor-section-height-default\" data-id=\"007144e\" data-element_type=\"section\">\r\n\t\t\r\n\t\t\t\t\t\t\t<div class=\"elementor-container elementor-column-gap-default\">\r\n\t\t\t\t\t\t\t\t\t\t\t<div class=\"elementor-column elementor-col-100 elementor-top-column elementor-element elementor-element-aff4496 mx-auto\" data-id=\"aff4496\" data-element_type=\"column\">\r\n\t\t\t\t\t<div class=\"elementor-widget-wrap elementor-element-populated\">\r\n\t\t\t\t\t\t\t\t<div class=\"elementor-element elementor-element-2718dbf elementor-widget elementor-widget-porto_ultimate_heading\" data-id=\"2718dbf\" data-element_type=\"widget\" data-widget_type=\"porto_ultimate_heading.default\">\n\t\t\t\t<div class=\"elementor-widget-container\">\n\t\t\t\t\t<div class=\"porto-u-heading  porto-u-55ca8359258f9a412be7e73af65d2aac \"><div class=\"porto-u-main-heading\"><h2   >C\u00f3mo configurar el teclado Logitech G Keyboard<\/h2><\/div><div class=\"porto-u-sub-heading\" style=\"\"><p style=\"text-align: center;\">Si tiene un <strong>Logitech G Keyboard<\/strong>, le gustar\u00e1 saber que personalizar su funcionalidad es incre\u00edblemente f\u00e1cil con <strong>el software Logitech G HUB<\/strong>. Ya sea un jugador, un escritor o simplemente alguien que busca optimizar el uso de su teclado, puede asignar una funci\u00f3n a cualquier bot\u00f3n de Logitech G Keyboard para mejorar su rendimiento. Este tutorial le guiar\u00e1 a trav\u00e9s de los pasos para realizar estas personalizaciones.<\/p>\n\n<h4 style=\"text-align: center;\">Paso 1: Abrir Logitech G HUB Profile<\/h4>\n<p style=\"text-align: center;\">En primer lugar, deber\u00e1 navegar hasta el perfil del teclado en el software Logitech G HUB. Si a\u00fan no has instalado este programa, aseg\u00farate de descargarlo desde <a href=\"https:\/\/download01.logi.com\/web\/ftp\/pub\/techsupport\/gaming\/lghub_installer.exe\">aqu\u00ed<\/a>.<\/p>\n\n<h4 style=\"text-align: center;\">Paso 2: Localizar el icono de asignaci\u00f3n<\/h4>\n<p style=\"text-align: center;\">Tras abrir el perfil de su teclado, busque el <strong>icono de asignaci\u00f3n<\/strong>, que suele estar situado en la esquina superior izquierda de la interfaz. Este icono le permitir\u00e1 ver y modificar la asignaci\u00f3n de botones.<\/p>\n\n<center>\n\n<figure id=\"attachment_1657\" aria-describedby=\"caption-attachment-1657\" style=\"width: 784px\" class=\"wp-caption alignnone\"><img fetchpriority=\"high\" decoding=\"async\" class=\"size-full wp-image-1657\" src=\"https:\/\/norecoil.net\/wp-content\/uploads\/2023\/09\/click-on-your-keyboard.jpg\" alt=\"Haga clic en su teclado Logitech G-Hub Keyboard\" width=\"784\" height=\"537\" srcset=\"https:\/\/norecoil.net\/wp-content\/uploads\/2023\/09\/click-on-your-keyboard.jpg 784w, https:\/\/norecoil.net\/wp-content\/uploads\/2023\/09\/click-on-your-keyboard-600x411.jpg 600w, https:\/\/norecoil.net\/wp-content\/uploads\/2023\/09\/click-on-your-keyboard-768x526.jpg 768w, https:\/\/norecoil.net\/wp-content\/uploads\/2023\/09\/click-on-your-keyboard-640x438.jpg 640w, https:\/\/norecoil.net\/wp-content\/uploads\/2023\/09\/click-on-your-keyboard-400x274.jpg 400w\" sizes=\"(max-width: 784px) 100vw, 784px\" \/><figcaption id=\"caption-attachment-1657\" class=\"wp-caption-text\">Haga clic en su teclado Logitech G-Hub Keyboard<\/figcaption><\/figure>\n\n<\/center>\n<h4 style=\"text-align: center;\">Paso 3: Vaya a la secci\u00f3n \"Sistema<\/h4>\n<p style=\"text-align: center;\">En las opciones de asignaci\u00f3n, encontrar\u00e1s una categor\u00eda llamada \"Sistema\". Aqu\u00ed puede explorar las distintas funciones que se pueden asignar a los botones del Logitech G Keyboard.<\/p>\n\n<center>\n\n<figure id=\"attachment_1671\" aria-describedby=\"caption-attachment-1671\" style=\"width: 896px\" class=\"wp-caption aligncenter\"><img decoding=\"async\" class=\"wp-image-1671 size-full\" src=\"https:\/\/norecoil.net\/wp-content\/uploads\/2023\/09\/Keyboard-assignment-system-1.gif\" alt=\"En Logitech G-Hub en Asignaci\u00f3n elija Sistema\" width=\"896\" height=\"606\"><figcaption id=\"caption-attachment-1671\" class=\"wp-caption-text\">En Logitech G-Hub en Asignaci\u00f3n elija Sistema<\/figcaption><\/figure>\n\n<\/center>\n<h4 style=\"text-align: center;\"><\/h4>\n<h4 style=\"text-align: center;\">Paso 4: Elegir una funci\u00f3n<\/h4>\n<p style=\"text-align: center;\">En la secci\u00f3n \"Sistema\", ver\u00e1s una funci\u00f3n llamada <strong>\"Parar\".<\/strong> Para fines de demostraci\u00f3n, vamos a asignar esta funci\u00f3n a los botones disponibles en tu teclado. Sin embargo, si\u00e9ntase libre de asignar cualquier funci\u00f3n que le resulte \u00fatil y que no interfiera con el uso t\u00edpico del teclado.<\/p>\n&nbsp;\n\n<center><figure id=\"attachment_1680\" aria-describedby=\"caption-attachment-1680\" style=\"width: 806px\" class=\"wp-caption alignnone\"><img decoding=\"async\" class=\"size-full wp-image-1680\" src=\"https:\/\/norecoil.net\/wp-content\/uploads\/2023\/09\/logitech-g-keyboard-function-assignment.gif\" alt=\"Asigne la funci\u00f3n \"stop\" a su teclado para activar los botones G de asignaci\u00f3n\" width=\"806\" height=\"545\"><figcaption id=\"caption-attachment-1680\" class=\"wp-caption-text\">Asigne la funci\u00f3n \"stop\" a su teclado para activar los botones G de asignaci\u00f3n<\/figcaption><\/figure><\/center>\n\n&nbsp;\n\n<center><\/center>\n<h4 style=\"text-align: center;\">Paso 5: Confirmar la asignaci\u00f3n<\/h4>\n<p style=\"text-align: center;\">Una vez elegida la funci\u00f3n, as\u00edgnala a los botones de tu elecci\u00f3n siguiendo las instrucciones que aparecen en pantalla. Puede asignar varios botones para realizar la misma funci\u00f3n. En el  <strong><a href=\"\/logitech-no-recoil-macro\">Logitech No Recoil<\/a> Macro tienes que cambiar el valor \"nil\" por el n\u00famero de bot\u00f3n solamente.\nPor ejemplo si queremos usar F6 tenemos que cambiar el valor \"nil\" solo a 6 igual que una asignaci\u00f3n de bot\u00f3n de rat\u00f3n.\nSi en la secuencia de comandos no es una lista de funciones del teclado, por ejemplo;<\/strong><\/p>\n<p style=\"text-align: center;\"><strong>local Arma = nil<\/strong><\/p>\n<p style=\"text-align: center;\"><strong>Basta con a\u00f1adir \"_Teclado\" al nombre del arma para que funcione. Al final deber\u00eda quedar as\u00ed;<\/strong><\/p>\n<p style=\"text-align: center;\"><strong>local Arma_Teclado = nil<\/strong><\/p>\n\n<h3 style=\"text-align: center;\">Conclusi\u00f3n<\/h3>\n<p style=\"text-align: center;\">\u00a1Y ya est\u00e1! Ha aprendido a <strong>asignar funciones a los botones del teclado Logitech G Keyboard mediante Logitech G HUB<\/strong>. Personalizar su teclado no s\u00f3lo mejora su experiencia, sino que tambi\u00e9n le permite agilizar varias tareas, haciendo m\u00e1s eficientes sus interacciones diarias con el ordenador.<\/p>\n<p style=\"text-align: center;\">Recuerde que, aunque hemos utilizado la funci\u00f3n \"Stop\" a t\u00edtulo ilustrativo, usted es libre de asignar la funci\u00f3n que mejor se adapte a sus necesidades. \u00a1Feliz personalizaci\u00f3n!<\/p><\/div><style>.porto-u-55ca8359258f9a412be7e73af65d2aac.porto-u-heading{text-align:center}<\/style><\/div>\t\t\t\t<\/div>\n\t\t\t\t<\/div>\n\t\t\t\t\t<\/div>\r\n\t\t\t\t<\/div>\r\n\t\t\t\t\t<\/div>\r\n\t\t\t\t<\/section>\r\n\t\t\t\t<\/div>\n\t\t","protected":false},"excerpt":{"rendered":"<p>C\u00f3mo configurar el teclado Logitech G Keyboard Si tiene un Logitech G Keyboard, le gustar\u00e1 saber que personalizar su funcionalidad es incre\u00edblemente f\u00e1cil con el software Logitech G HUB. Ya sea un jugador, un escritor o simplemente alguien que busca optimizar el uso de su teclado, puede asignar una funci\u00f3n a cualquier bot\u00f3n de Logitech [&hellip;]<\/p>\n","protected":false},"author":1,"featured_media":3653,"parent":0,"menu_order":0,"comment_status":"open","ping_status":"closed","template":"","meta":{"_acf_changed":false,"content-type":"","cybocfi_hide_featured_image":"","footnotes":""},"class_list":["post-5708","page","type-page","status-publish","has-post-thumbnail","hentry"],"acf":[],"yoast_head":"<!-- This site is optimized with the Yoast SEO Premium plugin v21.1 (Yoast SEO v21.1) - https:\/\/yoast.com\/wordpress\/plugins\/seo\/ -->\n<title>Asignaciones de teclado Logitech G para macros No Recoil<\/title>\n<meta name=\"description\" content=\"Logitech G Asignaciones de teclado para scripts de macros logitech lua sin retroceso. C\u00f3mo asignar la funci\u00f3n Script a su Logitech G Keyboard.\" \/>\n<meta name=\"robots\" content=\"index, follow, max-snippet:-1, max-image-preview:large, max-video-preview:-1\" \/>\n<link rel=\"canonical\" href=\"https:\/\/norecoil.net\/es\/asignacion-de-teclado-logitech-g-para-macros-no-recoil\/\" \/>\n<meta property=\"og:locale\" content=\"es_ES\" \/>\n<meta property=\"og:type\" content=\"article\" \/>\n<meta property=\"og:title\" content=\"Asignaci\u00f3n de teclado Logitech G para macros No Recoil\" \/>\n<meta property=\"og:description\" content=\"Logitech G Asignaciones de teclado para scripts de macros logitech lua sin retroceso. C\u00f3mo asignar la funci\u00f3n Script a su Logitech G Keyboard.\" \/>\n<meta property=\"og:url\" content=\"https:\/\/norecoil.net\/es\/asignacion-de-teclado-logitech-g-para-macros-no-recoil\/\" \/>\n<meta property=\"og:site_name\" content=\"NoRecoil.Net\" \/>\n<meta property=\"article:modified_time\" content=\"2024-02-28T14:14:49+00:00\" \/>\n<meta property=\"og:image\" content=\"https:\/\/norecoil.net\/wp-content\/uploads\/2023\/09\/logitech-g-keyboard-assignment-for-logitech-lua-no-recoil-macro-scripts.webp\" \/>\n\t<meta property=\"og:image:width\" content=\"1200\" \/>\n\t<meta property=\"og:image:height\" content=\"675\" \/>\n\t<meta property=\"og:image:type\" content=\"image\/webp\" \/>\n<meta name=\"twitter:card\" content=\"summary_large_image\" \/>\n<meta name=\"twitter:label1\" content=\"Tiempo de lectura\" \/>\n\t<meta name=\"twitter:data1\" content=\"2 minutos\" \/>\n<script type=\"application\/ld+json\" class=\"yoast-schema-graph\">{\"@context\":\"https:\/\/schema.org\",\"@graph\":[{\"@type\":\"WebPage\",\"@id\":\"https:\/\/norecoil.net\/es\/asignacion-de-teclado-logitech-g-para-macros-no-recoil\/\",\"url\":\"https:\/\/norecoil.net\/es\/asignacion-de-teclado-logitech-g-para-macros-no-recoil\/\",\"name\":\"Asignaciones de teclado Logitech G para macros No Recoil\",\"isPartOf\":{\"@id\":\"https:\/\/norecoil.net\/es\/#website\"},\"datePublished\":\"2023-09-16T05:51:50+00:00\",\"dateModified\":\"2024-02-28T14:14:49+00:00\",\"description\":\"Logitech G Asignaciones de teclado para scripts de macros logitech lua sin retroceso. C\u00f3mo asignar la funci\u00f3n Script a su Logitech G Keyboard.\",\"breadcrumb\":{\"@id\":\"https:\/\/norecoil.net\/es\/asignacion-de-teclado-logitech-g-para-macros-no-recoil\/#breadcrumb\"},\"inLanguage\":\"es\",\"potentialAction\":[{\"@type\":\"ReadAction\",\"target\":[\"https:\/\/norecoil.net\/es\/asignacion-de-teclado-logitech-g-para-macros-no-recoil\/\"]}]},{\"@type\":\"BreadcrumbList\",\"@id\":\"https:\/\/norecoil.net\/es\/asignacion-de-teclado-logitech-g-para-macros-no-recoil\/#breadcrumb\",\"itemListElement\":[{\"@type\":\"ListItem\",\"position\":1,\"name\":\"Home\",\"item\":\"https:\/\/norecoil.net\/es\/norecoil-net\/\"},{\"@type\":\"ListItem\",\"position\":2,\"name\":\"Asignaci\u00f3n de teclado Logitech G para macros No Recoil\"}]},{\"@type\":\"WebSite\",\"@id\":\"https:\/\/norecoil.net\/es\/#website\",\"url\":\"https:\/\/norecoil.net\/es\/\",\"name\":\"NoRecoil.Net\",\"description\":\"\",\"potentialAction\":[{\"@type\":\"SearchAction\",\"target\":{\"@type\":\"EntryPoint\",\"urlTemplate\":\"https:\/\/norecoil.net\/es\/?s={search_term_string}\"},\"query-input\":\"required name=search_term_string\"}],\"inLanguage\":\"es\"}]}<\/script>\n<!-- \/ Yoast SEO Premium plugin. -->","yoast_head_json":{"title":"Asignaciones de teclado Logitech G para macros No Recoil","description":"Logitech G Asignaciones de teclado para scripts de macros logitech lua sin retroceso. C\u00f3mo asignar la funci\u00f3n Script a su Logitech G Keyboard.","robots":{"index":"index","follow":"follow","max-snippet":"max-snippet:-1","max-image-preview":"max-image-preview:large","max-video-preview":"max-video-preview:-1"},"canonical":"https:\/\/norecoil.net\/es\/asignacion-de-teclado-logitech-g-para-macros-no-recoil\/","og_locale":"es_ES","og_type":"article","og_title":"Asignaci\u00f3n de teclado Logitech G para macros No Recoil","og_description":"Logitech G Asignaciones de teclado para scripts de macros logitech lua sin retroceso. C\u00f3mo asignar la funci\u00f3n Script a su Logitech G Keyboard.","og_url":"https:\/\/norecoil.net\/es\/asignacion-de-teclado-logitech-g-para-macros-no-recoil\/","og_site_name":"NoRecoil.Net","article_modified_time":"2024-02-28T14:14:49+00:00","og_image":[{"width":1200,"height":675,"url":"https:\/\/norecoil.net\/wp-content\/uploads\/2023\/09\/logitech-g-keyboard-assignment-for-logitech-lua-no-recoil-macro-scripts.webp","type":"image\/webp"}],"twitter_card":"summary_large_image","twitter_misc":{"Tiempo de lectura":"2 minutos"},"schema":{"@context":"https:\/\/schema.org","@graph":[{"@type":"WebPage","@id":"https:\/\/norecoil.net\/es\/asignacion-de-teclado-logitech-g-para-macros-no-recoil\/","url":"https:\/\/norecoil.net\/es\/asignacion-de-teclado-logitech-g-para-macros-no-recoil\/","name":"Asignaciones de teclado Logitech G para macros No Recoil","isPartOf":{"@id":"https:\/\/norecoil.net\/es\/#website"},"datePublished":"2023-09-16T05:51:50+00:00","dateModified":"2024-02-28T14:14:49+00:00","description":"Logitech G Asignaciones de teclado para scripts de macros logitech lua sin retroceso. C\u00f3mo asignar la funci\u00f3n Script a su Logitech G Keyboard.","breadcrumb":{"@id":"https:\/\/norecoil.net\/es\/asignacion-de-teclado-logitech-g-para-macros-no-recoil\/#breadcrumb"},"inLanguage":"es","potentialAction":[{"@type":"ReadAction","target":["https:\/\/norecoil.net\/es\/asignacion-de-teclado-logitech-g-para-macros-no-recoil\/"]}]},{"@type":"BreadcrumbList","@id":"https:\/\/norecoil.net\/es\/asignacion-de-teclado-logitech-g-para-macros-no-recoil\/#breadcrumb","itemListElement":[{"@type":"ListItem","position":1,"name":"Home","item":"https:\/\/norecoil.net\/es\/norecoil-net\/"},{"@type":"ListItem","position":2,"name":"Asignaci\u00f3n de teclado Logitech G para macros No Recoil"}]},{"@type":"WebSite","@id":"https:\/\/norecoil.net\/es\/#website","url":"https:\/\/norecoil.net\/es\/","name":"NoRecoil.Net","description":"","potentialAction":[{"@type":"SearchAction","target":{"@type":"EntryPoint","urlTemplate":"https:\/\/norecoil.net\/es\/?s={search_term_string}"},"query-input":"required name=search_term_string"}],"inLanguage":"es"}]}},"_links":{"self":[{"href":"https:\/\/norecoil.net\/es\/wp-json\/wp\/v2\/pages\/5708","targetHints":{"allow":["GET"]}}],"collection":[{"href":"https:\/\/norecoil.net\/es\/wp-json\/wp\/v2\/pages"}],"about":[{"href":"https:\/\/norecoil.net\/es\/wp-json\/wp\/v2\/types\/page"}],"author":[{"embeddable":true,"href":"https:\/\/norecoil.net\/es\/wp-json\/wp\/v2\/users\/1"}],"replies":[{"embeddable":true,"href":"https:\/\/norecoil.net\/es\/wp-json\/wp\/v2\/comments?post=5708"}],"version-history":[{"count":0,"href":"https:\/\/norecoil.net\/es\/wp-json\/wp\/v2\/pages\/5708\/revisions"}],"wp:featuredmedia":[{"embeddable":true,"href":"https:\/\/norecoil.net\/es\/wp-json\/wp\/v2\/media\/3653"}],"wp:attachment":[{"href":"https:\/\/norecoil.net\/es\/wp-json\/wp\/v2\/media?parent=5708"}],"curies":[{"name":"wp","href":"https:\/\/api.w.org\/{rel}","templated":true}]}}