{"id":5690,"date":"2023-09-13T22:42:35","date_gmt":"2023-09-13T22:42:35","guid":{"rendered":"https:\/\/norecoil.net\/como-instalar-logitech-no-recoil-macro\/"},"modified":"2024-02-28T14:14:48","modified_gmt":"2024-02-28T14:14:48","slug":"como-instalar-logitech-no-recoil-macro","status":"publish","type":"page","link":"https:\/\/norecoil.net\/es\/como-instalar-logitech-no-recoil-macro\/","title":{"rendered":"C\u00f3mo instalar Logitech No Recoil Macro"},"content":{"rendered":"\t\t<div data-elementor-type=\"wp-page\" data-elementor-id=\"5690\" class=\"elementor elementor-5690 elementor-1600\">\n\t\t\t\t\t\t<section class=\"elementor-section elementor-top-section elementor-element elementor-element-007144e elementor-section-boxed elementor-section-height-default elementor-section-height-default\" data-id=\"007144e\" data-element_type=\"section\">\r\n\t\t\r\n\t\t\t\t\t\t\t<div class=\"elementor-container elementor-column-gap-default\">\r\n\t\t\t\t\t\t\t\t\t\t\t<div class=\"elementor-column elementor-col-100 elementor-top-column elementor-element elementor-element-aff4496 mx-auto\" data-id=\"aff4496\" data-element_type=\"column\">\r\n\t\t\t\t\t<div class=\"elementor-widget-wrap elementor-element-populated\">\r\n\t\t\t\t\t\t\t\t<div class=\"elementor-element elementor-element-2718dbf elementor-widget elementor-widget-porto_ultimate_heading\" data-id=\"2718dbf\" data-element_type=\"widget\" data-widget_type=\"porto_ultimate_heading.default\">\n\t\t\t\t<div class=\"elementor-widget-container\">\n\t\t\t\t\t<div class=\"porto-u-heading  porto-u-55ca8359258f9a412be7e73af65d2aac \"><div class=\"porto-u-main-heading\"><h2   >C\u00f3mo instalar Logitech No Recoil Macro<\/h2><\/div><div class=\"porto-u-sub-heading\" style=\"\"><p>C\u00f3mo instalar Logitech; Vea el v\u00eddeo y compruebe los pasos uno a uno para una correcta instalaci\u00f3n de <strong>Logitech No Recoil Macros.<\/strong><\/p><\/div><style>.porto-u-55ca8359258f9a412be7e73af65d2aac.porto-u-heading{text-align:center}<\/style><\/div>\t\t\t\t<\/div>\n\t\t\t\t<\/div>\n\t\t\t\t<div class=\"elementor-element elementor-element-86cb3d5 elementor-widget elementor-widget-porto_ultimate_heading\" data-id=\"86cb3d5\" data-element_type=\"widget\" data-widget_type=\"porto_ultimate_heading.default\">\n\t\t\t\t<div class=\"elementor-widget-container\">\n\t\t\t\t\t<div class=\"porto-u-heading  porto-u-55ca8359258f9a412be7e73af65d2aac \"><div class=\"porto-u-main-heading\"><h2 data-plugin-animated-words data-plugin-options=\"{&quot;startDelay&quot;:0,&quot;minWindowWidth&quot;:0,&quot;animationName&quot;:&quot;fadeIn&quot;,&quot;contentType&quot;:&quot;word&quot;}\"  >Instrucciones en v\u00eddeo<\/h2><\/div><style>.porto-u-55ca8359258f9a412be7e73af65d2aac.porto-u-heading{text-align:center}<\/style><\/div>\t\t\t\t<\/div>\n\t\t\t\t<\/div>\n\t\t\t\t<div class=\"elementor-element elementor-element-712b7ba elementor-widget elementor-widget-video\" data-id=\"712b7ba\" data-element_type=\"widget\" data-settings=\"{&quot;video_type&quot;:&quot;vimeo&quot;}\" data-widget_type=\"video.default\">\n\t\t\t\t<div class=\"elementor-widget-container\">\n\t\t\t\t\t\t\t<div class=\"elementor-wrapper elementor-open-inline\">\n\t\t\t<iframe class=\"elementor-video-iframe\" allowfullscreen allow=\"clipboard-write\" title=\"Reproductor de v\u00eddeo vimeo\" src=\"https:\/\/player.vimeo.com\/video\/864201554?color&amp;autopause=0&amp;loop=0&amp;muted=0&amp;title=1&amp;portrait=1&amp;byline=1#t=\"><\/iframe>\t\t<\/div>\n\t\t\t\t\t\t<\/div>\n\t\t\t\t<\/div>\n\t\t\t\t<div class=\"elementor-element elementor-element-044587b elementor-widget elementor-widget-porto_ultimate_heading\" data-id=\"044587b\" data-element_type=\"widget\" data-widget_type=\"porto_ultimate_heading.default\">\n\t\t\t\t<div class=\"elementor-widget-container\">\n\t\t\t\t\t<div class=\"porto-u-heading  porto-u-55ca8359258f9a412be7e73af65d2aac \"><div class=\"porto-u-main-heading\"><h2 data-plugin-animated-words data-plugin-options=\"{&quot;startDelay&quot;:0,&quot;minWindowWidth&quot;:0,&quot;animationName&quot;:&quot;fadeIn&quot;,&quot;contentType&quot;:&quot;word&quot;}\"  >Instrucciones de instalaci\u00f3n paso a paso<\/h2><\/div><style>.porto-u-55ca8359258f9a412be7e73af65d2aac.porto-u-heading{text-align:center}<\/style><\/div>\t\t\t\t<\/div>\n\t\t\t\t<\/div>\n\t\t\t\t<div class=\"elementor-element elementor-element-ddbaa6e elementor-widget elementor-widget-porto_steps\" data-id=\"ddbaa6e\" data-element_type=\"widget\" data-widget_type=\"porto_steps.default\">\n\t\t\t\t<div class=\"elementor-widget-container\">\n\t\t\t\t\t<section class=\"timeline\"><div class=\"timeline-body\"><div class=\"timeline-date \"><h3 class=\"time-text step-item-subtitle\">PASO 1<\/h3><\/div><article class=\"timeline-box left\"><div><img decoding=\"async\" src=\"\/\/resource.logitechg.com\/w_316,dpr_1.0\/d_transparent.gif\/content\/dam\/gaming\/en\/navigation\/software-g-hub.png\" class=\"img-responsive\" alt=\"Paso 1: Descargar G-Hub\"><h4 class=\"timeline-item-title step-item-title\">Paso 1: Descargar G-Hub<\/h4><div class=\"timeline-item-content\"><p>En primer lugar necesitamos tener <strong>\n  <a href=\"https:\/\/download01.logi.com\/web\/ftp\/pub\/techsupport\/gaming\/lghub_installer.exe\" target=\"_blank\" rel=\"noopener\">G-Hub instalado.<\/a>\n  <br>\n<\/strong>Aseg\u00farese de que su G-hub est\u00e1 en el  <strong>\u00faltima versi\u00f3n. (2022.2.659 y superiores)<\/strong><br>Para comprobar la versi\u00f3n de G-Hub ve a la Configuraci\u00f3n de G-Hub como en la imagen de abajo.<\/p><figure id=\"attachment_1628\" aria-describedby=\"caption-attachment-1628\" style=\"width: 760px\" class=\"wp-caption alignnone\"><img fetchpriority=\"high\" decoding=\"async\" class=\"size-full wp-image-1628\" src=\"https:\/\/norecoil.net\/wp-content\/uploads\/2023\/09\/logitech-ghub-check-for-updates.gif\" alt=\"Logitech G-Hub Buscar actualizaci\u00f3n\" width=\"760\" height=\"519\"><figcaption id=\"caption-attachment-1628\" class=\"wp-caption-text\">Logitech G-Hub Buscar actualizaci\u00f3n<\/figcaption><\/figure><\/div><\/div><\/article><div class=\"timeline-date \"><h3 class=\"time-text step-item-subtitle\">PASO 2<\/h3><\/div><article class=\"timeline-box right\"><div><h4 class=\"timeline-item-title step-item-title\">C\u00f3mo instalar la macro No Recoil con Logitech G-Hub ?<\/h4><div class=\"timeline-item-content\"><div class=\"fw-row\"><div class=\"sh-column sh-column-7be3fb1e777683ea1c4bb7ab64b159f2 fw-col-xs-12\"><div class=\"sh-column-wrapper\"><div id=\"text-block-f5f5e77495aebb2154811a571e1d001d\" class=\"sh-text-block\"><figure id=\"attachment_1629\" aria-describedby=\"caption-attachment-1629\" style=\"width: 474px\" class=\"wp-caption alignnone\"><img decoding=\"async\" class=\"size-full wp-image-1629\" src=\"https:\/\/norecoil.net\/wp-content\/uploads\/2023\/09\/how-to-check-windows-version.gif\" alt=\"Compruebe la versi\u00f3n de Windows\" width=\"474\" height=\"439\"><figcaption id=\"caption-attachment-1629\" class=\"wp-caption-text\">Compruebe la versi\u00f3n de Windows<\/figcaption><\/figure><h3><span style=\"font-size: 16px;\">Los siguientes pasos son instalar nuestro script<\/span><\/h3><\/div><\/div><\/div><\/div><div class=\"fw-row\"><div class=\"sh-column sh-column-7be3fb1e777683ea1c4bb7ab64b159f2 fw-col-xs-12\"><div class=\"sh-column-wrapper\"><div id=\"text-block-f2e614b39e4872afb308cdef6d84ff48\" class=\"sh-text-block\"><p>Compruebe su versi\u00f3n de Windows. Pulsa <strong>WindowsIcon+R<\/strong> y escribe <strong>winver.<\/strong><\/p><p>Elija la carpeta correspondiente a su <strong>versi\u00f3n de Windows<\/strong>.<br>(Nota: Puede ocurrir que la otra versi\u00f3n te funcione mejor.  <br>As\u00ed que primero prueba con la carpeta correcta. Si no funciona correctamente prueba la otra versi\u00f3n)<\/p><figure id=\"attachment_1632\" aria-describedby=\"caption-attachment-1632\" style=\"width: 393px\" class=\"wp-caption alignnone\"><img decoding=\"async\" class=\"size-full wp-image-1632\" src=\"https:\/\/norecoil.net\/wp-content\/uploads\/2023\/09\/choose-win-version-folder.gif\" alt=\"Elija la carpeta No Recoil Macro que es para su versi\u00f3n de Windows\" width=\"393\" height=\"44\"><figcaption id=\"caption-attachment-1632\" class=\"wp-caption-text\">Elija la carpeta No Recoil Macro que es para su versi\u00f3n de Windows<\/figcaption><\/figure><p> <\/p><p>Copia el script (carpeta Script) y <strong>p\u00e9galo<\/strong> en una unidad local <strong>.<br><\/strong>(Si s\u00f3lo tienes una unidad local no pasa nada).<\/p><figure id=\"attachment_1631\" aria-describedby=\"caption-attachment-1631\" style=\"width: 435px\" class=\"wp-caption alignnone\"><img loading=\"lazy\" decoding=\"async\" class=\"wp-image-1631 size-full\" src=\"https:\/\/norecoil.net\/wp-content\/uploads\/2023\/09\/Copy-the-Logitech-Lua-script.gif\" alt=\"Copie el macro script Logitech Lua No Recoil\" width=\"435\" height=\"469\"><figcaption id=\"caption-attachment-1631\" class=\"wp-caption-text\">Copiar la macro script Logitech Lua No Recoil<\/figcaption><\/figure><\/div><\/div><\/div><\/div><\/div><\/div><\/article><div class=\"timeline-date \"><h3 class=\"time-text step-item-subtitle\">Paso 3<\/h3><\/div><article class=\"timeline-box left\"><div><h4 class=\"timeline-item-title step-item-title\">Cambiar el nombre del archivo Lua<\/h4><div class=\"timeline-item-content\"><figure id=\"attachment_1633\" aria-describedby=\"caption-attachment-1633\" style=\"width: 414px\" class=\"wp-caption alignnone\"><img loading=\"lazy\" decoding=\"async\" class=\"size-full wp-image-1633\" src=\"https:\/\/norecoil.net\/wp-content\/uploads\/2023\/09\/Paste-No-Recoil-Macro-File.gif\" alt=\"Copiar - Pega el archivo No Recoil Macro en tu disco local\" width=\"414\" height=\"371\"><figcaption id=\"caption-attachment-1633\" class=\"wp-caption-text\">Copiar - Pega el archivo No Recoil Macro en tu disco local<\/figcaption><\/figure><h5>Despu\u00e9s de copiar y pegar el archivo en el disco local, c\u00e1mbiale el nombre a world<strong>.<\/strong><\/h5><p>(o lo que quieras pero no uses palabras como hack, script, cheat)<\/p><p> <\/p><figure id=\"attachment_1634\" aria-describedby=\"caption-attachment-1634\" style=\"width: 414px\" class=\"wp-caption alignnone\"><img loading=\"lazy\" decoding=\"async\" class=\"size-full wp-image-1634\" src=\"https:\/\/norecoil.net\/wp-content\/uploads\/2023\/09\/rename-the-no-recoil-macro-file.gif\" alt=\"renombrar el archivo de macro script no recoil\" width=\"414\" height=\"371\"><figcaption id=\"caption-attachment-1634\" class=\"wp-caption-text\">renombrar el archivo de macro script no recoil<\/figcaption><\/figure><p>Ahora <strong>abra<\/strong> el archivo con el bloc de notas y cambie el valor <strong>nil<\/strong> del arma que desea utilizar por un <strong>n\u00famero de bot\u00f3n del rat\u00f3n.<br><\/strong>(Si tiene un teclado logitech g <a href=\"https:\/\/norecoil.net\/logitech-g-keyboard-instruction\" target=\"_blank\" rel=\"noopener\">haga clic aqu\u00ed<\/a> para la asignaci\u00f3n de teclado)<\/p><figure id=\"attachment_1635\" aria-describedby=\"caption-attachment-1635\" style=\"width: 1090px\" class=\"wp-caption alignnone\"><img loading=\"lazy\" decoding=\"async\" class=\"size-full wp-image-1635\" src=\"https:\/\/norecoil.net\/wp-content\/uploads\/2023\/09\/Mouse-Button-Assignment-for-the-script.gif\" alt=\"Asignaci\u00f3n de botones del rat\u00f3n. Los botones que puede utilizar para la asignaci\u00f3n de macros sin retroceso.\" width=\"1090\" height=\"431\"><figcaption id=\"caption-attachment-1635\" class=\"wp-caption-text\">Asignaci\u00f3n del bot\u00f3n del rat\u00f3n. Los botones que puede utilizar para la asignaci\u00f3n de macros sin retroceso.<\/figcaption><\/figure><p>Despu\u00e9s de haber hecho la asignaci\u00f3n de armas guarda el script y <strong>Copia<\/strong> la l\u00ednea de c\u00f3digo de abajo:<\/p><p><strong>datos = dofile[[D:\\world .lua]]  <\/strong><\/p><p>Abra <strong>Logitech G-Hub<\/strong> <strong>como administrador<\/strong> y haga clic en la secci\u00f3n<strong>\"Perfil<\/strong>\" (Ver imagen de abajo)<\/p><figure id=\"attachment_1636\" aria-describedby=\"caption-attachment-1636\" style=\"width: 600px\" class=\"wp-caption alignnone\"><img loading=\"lazy\" decoding=\"async\" class=\"size-full wp-image-1636\" src=\"https:\/\/norecoil.net\/wp-content\/uploads\/2023\/09\/11.jpg\" alt=\"Perfil de Logitech G-Hub\" width=\"600\" height=\"419\" srcset=\"https:\/\/norecoil.net\/wp-content\/uploads\/2023\/09\/11.jpg 600w, https:\/\/norecoil.net\/wp-content\/uploads\/2023\/09\/11-400x279.jpg 400w\" sizes=\"(max-width: 600px) 100vw, 600px\" \/><figcaption id=\"caption-attachment-1636\" class=\"wp-caption-text\">Perfil de Logitech G-Hub<\/figcaption><\/figure><h5>Vaya abajo a la izquierda y haga clic en<strong>\"Scripting<\/strong>\".<\/h5><figure id=\"attachment_1638\" aria-describedby=\"caption-attachment-1638\" style=\"width: 834px\" class=\"wp-caption alignnone\"><img loading=\"lazy\" decoding=\"async\" class=\"size-full wp-image-1638\" src=\"https:\/\/norecoil.net\/wp-content\/uploads\/2023\/09\/logitech-g-hub-scripting.jpg\" alt=\"Secci\u00f3n de secuencias de comandos de Logitech G-Hub para la macro No Recoil\" width=\"834\" height=\"557\" srcset=\"https:\/\/norecoil.net\/wp-content\/uploads\/2023\/09\/logitech-g-hub-scripting.jpg 834w, https:\/\/norecoil.net\/wp-content\/uploads\/2023\/09\/logitech-g-hub-scripting-600x401.jpg 600w, https:\/\/norecoil.net\/wp-content\/uploads\/2023\/09\/logitech-g-hub-scripting-768x513.jpg 768w, https:\/\/norecoil.net\/wp-content\/uploads\/2023\/09\/logitech-g-hub-scripting-640x427.jpg 640w, https:\/\/norecoil.net\/wp-content\/uploads\/2023\/09\/logitech-g-hub-scripting-400x267.jpg 400w\" sizes=\"(max-width: 834px) 100vw, 834px\" \/><figcaption id=\"caption-attachment-1638\" class=\"wp-caption-text\">Secci\u00f3n de scripts de Logitech G-Hub para la macro No Recoil<\/figcaption><\/figure><p>Para crear una nueva cuenta de <strong>Lua Script<\/strong> pulse el bot\u00f3n azul.<\/p><figure id=\"attachment_1639\" aria-describedby=\"caption-attachment-1639\" style=\"width: 865px\" class=\"wp-caption alignnone\"><img loading=\"lazy\" decoding=\"async\" class=\"size-full wp-image-1639\" src=\"https:\/\/norecoil.net\/wp-content\/uploads\/2023\/09\/create-new-lua-file.jpg\" alt=\"Logitech G-Hub Creaci\u00f3n de un nuevo archivo de script Lua para la macro No Recoil\" width=\"865\" height=\"615\" srcset=\"https:\/\/norecoil.net\/wp-content\/uploads\/2023\/09\/create-new-lua-file.jpg 865w, https:\/\/norecoil.net\/wp-content\/uploads\/2023\/09\/create-new-lua-file-600x427.jpg 600w, https:\/\/norecoil.net\/wp-content\/uploads\/2023\/09\/create-new-lua-file-768x546.jpg 768w, https:\/\/norecoil.net\/wp-content\/uploads\/2023\/09\/create-new-lua-file-640x455.jpg 640w, https:\/\/norecoil.net\/wp-content\/uploads\/2023\/09\/create-new-lua-file-400x284.jpg 400w\" sizes=\"(max-width: 865px) 100vw, 865px\" \/><figcaption id=\"caption-attachment-1639\" class=\"wp-caption-text\">Logitech G-Hub Creaci\u00f3n de un nuevo archivo de script Lua para la macro No Recoil<\/figcaption><\/figure><p>Borre todos los c\u00f3digos y <strong>pegue<\/strong> la <strong>l\u00ednea de c\u00f3digo<\/strong> que hemos copiado.<\/p><\/div><\/div><\/article><div class=\"timeline-date \"><h3 class=\"time-text step-item-subtitle\">Paso 4<\/h3><\/div><article class=\"timeline-box right\"><div><h4 class=\"timeline-item-title step-item-title\">\u00daltimo paso Guardar el archivo Lua en G-Hub<\/h4><div class=\"timeline-item-content\"><figure id=\"attachment_1640\" aria-describedby=\"caption-attachment-1640\" style=\"width: 918px\" class=\"wp-caption alignnone\"><img loading=\"lazy\" decoding=\"async\" class=\"size-full wp-image-1640\" src=\"https:\/\/norecoil.net\/wp-content\/uploads\/2023\/09\/copy-paste-lua-code-line.gif\" alt=\"Pegue la l\u00ednea de c\u00f3digo Lua Script en Logitech G-Hub\" width=\"918\" height=\"439\"><figcaption id=\"caption-attachment-1640\" class=\"wp-caption-text\">Pegue la l\u00ednea de c\u00f3digo Lua Script en Logitech G-Hub<\/figcaption><\/figure><p>Ahora cambia la l\u00ednea de c\u00f3digo si a\u00f1ades el script a una letra de unidad local diferente. Por ejemplo, si copia y pega la secuencia de comandos de unidad local <strong>C:<br><\/strong>Cambiar de la l\u00ednea de c\u00f3digo de la D: a C: como a continuaci\u00f3n<\/p><p><strong>datos = dofile[[C:\\world .lua]]<\/strong><\/p><p>Lo mismo para el nombre del archivo. Si le da un nombre de archivo diferente, c\u00e1mbielo tambi\u00e9n. (.lua es el formato del archivo no lo borres)<\/p><p>Ahora guarda con <strong>ctrl+s<\/strong><br>Con pulsar el bot\u00f3n del rat\u00f3n que tienes asignado puedes<br>Activa ahora el arma.<\/p><h5>El \u00faltimo paso es comprobar que nuestro perfil est\u00e1 configurado como persistente.<\/h5><p>Vaya a Detalles de su perfil y si no pulse el bot\u00f3n para establecerlo como Persistente.<\/p><figure id=\"attachment_1641\" aria-describedby=\"caption-attachment-1641\" style=\"width: 1123px\" class=\"wp-caption alignnone\"><img loading=\"lazy\" decoding=\"async\" class=\"size-full wp-image-1641\" src=\"https:\/\/norecoil.net\/wp-content\/uploads\/2023\/09\/set-your-profile-as-persistent.gif\" alt=\"Establezca su perfil de G-Hub como persistente\" width=\"1123\" height=\"777\"><figcaption id=\"caption-attachment-1641\" class=\"wp-caption-text\">Establezca su perfil de G-Hub como persistente<\/figcaption><\/figure><p>Si tiene un <strong>teclado Logitech G Keyboard<\/strong> <a href=\"\/logitech-g-keyboard-instruction\">\n  <span style=\"text-decoration: underline;\">Haga clic aqu\u00ed<\/span>\n<\/a> para ver las instrucciones.<\/p><p><strong>\u00a1Eso es! \u00a1Que aproveche!<\/strong><\/p><\/div><\/div><\/article><\/div><\/section>\t\t\t\t<\/div>\n\t\t\t\t<\/div>\n\t\t\t\t\t<\/div>\r\n\t\t\t\t<\/div>\r\n\t\t\t\t\t<\/div>\r\n\t\t\t\t<\/section>\r\n\t\t\t\t<\/div>\n\t\t","protected":false},"excerpt":{"rendered":"<p>C\u00f3mo instalar Logitech No Recoil Macro C\u00f3mo instalar Logitech; Vea el v\u00eddeo y compruebe los pasos uno a uno para una correcta instalaci\u00f3n de Logitech No Recoil Macros. Instrucciones en v\u00eddeo Instrucciones de instalaci\u00f3n paso a paso PASO 1 Paso 1: Descargar G-Hub En primer lugar necesitamos tener G-Hub instalado. Aseg\u00farese de que su G-hub [&hellip;]<\/p>\n","protected":false},"author":1,"featured_media":3541,"parent":0,"menu_order":0,"comment_status":"open","ping_status":"closed","template":"","meta":{"_acf_changed":false,"content-type":"","cybocfi_hide_featured_image":"","footnotes":""},"class_list":["post-5690","page","type-page","status-publish","has-post-thumbnail","hentry"],"acf":[],"yoast_head":"<!-- This site is optimized with the Yoast SEO Premium plugin v21.1 (Yoast SEO v21.1) - https:\/\/yoast.com\/wordpress\/plugins\/seo\/ -->\n<title>C\u00f3mo instalar Logitech No Recoil Macro<\/title>\n<meta name=\"description\" content=\"C\u00f3mo instalar Logitech No Recoil Macro para Logitech G-Hub. No Recoil Macro Instalaci\u00f3n para cualquier instrucci\u00f3n Lua Scripts con Video.\" \/>\n<meta name=\"robots\" content=\"index, follow, max-snippet:-1, max-image-preview:large, max-video-preview:-1\" \/>\n<link rel=\"canonical\" href=\"https:\/\/norecoil.net\/es\/como-instalar-logitech-no-recoil-macro\/\" \/>\n<meta property=\"og:locale\" content=\"es_ES\" \/>\n<meta property=\"og:type\" content=\"article\" \/>\n<meta property=\"og:title\" content=\"C\u00f3mo instalar Logitech No Recoil Macro\" \/>\n<meta property=\"og:description\" content=\"C\u00f3mo instalar Logitech No Recoil Macro para Logitech G-Hub. No Recoil Macro Instalaci\u00f3n para cualquier instrucci\u00f3n Lua Scripts con Video.\" \/>\n<meta property=\"og:url\" content=\"https:\/\/norecoil.net\/es\/como-instalar-logitech-no-recoil-macro\/\" \/>\n<meta property=\"og:site_name\" content=\"NoRecoil.Net\" \/>\n<meta property=\"article:modified_time\" content=\"2024-02-28T14:14:48+00:00\" \/>\n<meta property=\"og:image\" content=\"https:\/\/norecoil.net\/wp-content\/uploads\/2023\/09\/how-to-install-logitech-no-recoil-macro.webp\" \/>\n\t<meta property=\"og:image:width\" content=\"1200\" \/>\n\t<meta property=\"og:image:height\" content=\"675\" \/>\n\t<meta property=\"og:image:type\" content=\"image\/webp\" \/>\n<meta name=\"twitter:card\" content=\"summary_large_image\" \/>\n<meta name=\"twitter:label1\" content=\"Tiempo de lectura\" \/>\n\t<meta name=\"twitter:data1\" content=\"3 minutos\" \/>\n<script type=\"application\/ld+json\" class=\"yoast-schema-graph\">{\"@context\":\"https:\/\/schema.org\",\"@graph\":[{\"@type\":\"WebPage\",\"@id\":\"https:\/\/norecoil.net\/es\/como-instalar-logitech-no-recoil-macro\/\",\"url\":\"https:\/\/norecoil.net\/es\/como-instalar-logitech-no-recoil-macro\/\",\"name\":\"C\u00f3mo instalar Logitech No Recoil Macro\",\"isPartOf\":{\"@id\":\"https:\/\/norecoil.net\/es\/#website\"},\"datePublished\":\"2023-09-13T22:42:35+00:00\",\"dateModified\":\"2024-02-28T14:14:48+00:00\",\"description\":\"C\u00f3mo instalar Logitech No Recoil Macro para Logitech G-Hub. No Recoil Macro Instalaci\u00f3n para cualquier instrucci\u00f3n Lua Scripts con Video.\",\"breadcrumb\":{\"@id\":\"https:\/\/norecoil.net\/es\/como-instalar-logitech-no-recoil-macro\/#breadcrumb\"},\"inLanguage\":\"es\",\"potentialAction\":[{\"@type\":\"ReadAction\",\"target\":[\"https:\/\/norecoil.net\/es\/como-instalar-logitech-no-recoil-macro\/\"]}]},{\"@type\":\"BreadcrumbList\",\"@id\":\"https:\/\/norecoil.net\/es\/como-instalar-logitech-no-recoil-macro\/#breadcrumb\",\"itemListElement\":[{\"@type\":\"ListItem\",\"position\":1,\"name\":\"Home\",\"item\":\"https:\/\/norecoil.net\/es\/norecoil-net\/\"},{\"@type\":\"ListItem\",\"position\":2,\"name\":\"C\u00f3mo instalar Logitech No Recoil Macro\"}]},{\"@type\":\"WebSite\",\"@id\":\"https:\/\/norecoil.net\/es\/#website\",\"url\":\"https:\/\/norecoil.net\/es\/\",\"name\":\"NoRecoil.Net\",\"description\":\"\",\"potentialAction\":[{\"@type\":\"SearchAction\",\"target\":{\"@type\":\"EntryPoint\",\"urlTemplate\":\"https:\/\/norecoil.net\/es\/?s={search_term_string}\"},\"query-input\":\"required name=search_term_string\"}],\"inLanguage\":\"es\"}]}<\/script>\n<!-- \/ Yoast SEO Premium plugin. -->","yoast_head_json":{"title":"C\u00f3mo instalar Logitech No Recoil Macro","description":"C\u00f3mo instalar Logitech No Recoil Macro para Logitech G-Hub. No Recoil Macro Instalaci\u00f3n para cualquier instrucci\u00f3n Lua Scripts con Video.","robots":{"index":"index","follow":"follow","max-snippet":"max-snippet:-1","max-image-preview":"max-image-preview:large","max-video-preview":"max-video-preview:-1"},"canonical":"https:\/\/norecoil.net\/es\/como-instalar-logitech-no-recoil-macro\/","og_locale":"es_ES","og_type":"article","og_title":"C\u00f3mo instalar Logitech No Recoil Macro","og_description":"C\u00f3mo instalar Logitech No Recoil Macro para Logitech G-Hub. No Recoil Macro Instalaci\u00f3n para cualquier instrucci\u00f3n Lua Scripts con Video.","og_url":"https:\/\/norecoil.net\/es\/como-instalar-logitech-no-recoil-macro\/","og_site_name":"NoRecoil.Net","article_modified_time":"2024-02-28T14:14:48+00:00","og_image":[{"width":1200,"height":675,"url":"https:\/\/norecoil.net\/wp-content\/uploads\/2023\/09\/how-to-install-logitech-no-recoil-macro.webp","type":"image\/webp"}],"twitter_card":"summary_large_image","twitter_misc":{"Tiempo de lectura":"3 minutos"},"schema":{"@context":"https:\/\/schema.org","@graph":[{"@type":"WebPage","@id":"https:\/\/norecoil.net\/es\/como-instalar-logitech-no-recoil-macro\/","url":"https:\/\/norecoil.net\/es\/como-instalar-logitech-no-recoil-macro\/","name":"C\u00f3mo instalar Logitech No Recoil Macro","isPartOf":{"@id":"https:\/\/norecoil.net\/es\/#website"},"datePublished":"2023-09-13T22:42:35+00:00","dateModified":"2024-02-28T14:14:48+00:00","description":"C\u00f3mo instalar Logitech No Recoil Macro para Logitech G-Hub. No Recoil Macro Instalaci\u00f3n para cualquier instrucci\u00f3n Lua Scripts con Video.","breadcrumb":{"@id":"https:\/\/norecoil.net\/es\/como-instalar-logitech-no-recoil-macro\/#breadcrumb"},"inLanguage":"es","potentialAction":[{"@type":"ReadAction","target":["https:\/\/norecoil.net\/es\/como-instalar-logitech-no-recoil-macro\/"]}]},{"@type":"BreadcrumbList","@id":"https:\/\/norecoil.net\/es\/como-instalar-logitech-no-recoil-macro\/#breadcrumb","itemListElement":[{"@type":"ListItem","position":1,"name":"Home","item":"https:\/\/norecoil.net\/es\/norecoil-net\/"},{"@type":"ListItem","position":2,"name":"C\u00f3mo instalar Logitech No Recoil Macro"}]},{"@type":"WebSite","@id":"https:\/\/norecoil.net\/es\/#website","url":"https:\/\/norecoil.net\/es\/","name":"NoRecoil.Net","description":"","potentialAction":[{"@type":"SearchAction","target":{"@type":"EntryPoint","urlTemplate":"https:\/\/norecoil.net\/es\/?s={search_term_string}"},"query-input":"required name=search_term_string"}],"inLanguage":"es"}]}},"_links":{"self":[{"href":"https:\/\/norecoil.net\/es\/wp-json\/wp\/v2\/pages\/5690","targetHints":{"allow":["GET"]}}],"collection":[{"href":"https:\/\/norecoil.net\/es\/wp-json\/wp\/v2\/pages"}],"about":[{"href":"https:\/\/norecoil.net\/es\/wp-json\/wp\/v2\/types\/page"}],"author":[{"embeddable":true,"href":"https:\/\/norecoil.net\/es\/wp-json\/wp\/v2\/users\/1"}],"replies":[{"embeddable":true,"href":"https:\/\/norecoil.net\/es\/wp-json\/wp\/v2\/comments?post=5690"}],"version-history":[{"count":0,"href":"https:\/\/norecoil.net\/es\/wp-json\/wp\/v2\/pages\/5690\/revisions"}],"wp:featuredmedia":[{"embeddable":true,"href":"https:\/\/norecoil.net\/es\/wp-json\/wp\/v2\/media\/3541"}],"wp:attachment":[{"href":"https:\/\/norecoil.net\/es\/wp-json\/wp\/v2\/media?parent=5690"}],"curies":[{"name":"wp","href":"https:\/\/api.w.org\/{rel}","templated":true}]}}