{"id":5955,"date":"2023-09-21T10:11:24","date_gmt":"2023-09-21T10:11:24","guid":{"rendered":"https:\/\/norecoil.net\/wie-installiert-man-corsair-no-recoil-macro\/"},"modified":"2024-02-28T15:03:49","modified_gmt":"2024-02-28T15:03:49","slug":"wie-installiert-man-corsair-no-recoil-macro","status":"publish","type":"page","link":"https:\/\/norecoil.net\/de\/wie-installiert-man-corsair-no-recoil-macro\/","title":{"rendered":"Wie installiert man Corsair No Recoil Macro"},"content":{"rendered":"\t\t<div data-elementor-type=\"wp-page\" data-elementor-id=\"5955\" class=\"elementor elementor-5955 elementor-1745\">\n\t\t\t\t\t\t<section class=\"elementor-section elementor-top-section elementor-element elementor-element-007144e elementor-section-boxed elementor-section-height-default elementor-section-height-default\" data-id=\"007144e\" data-element_type=\"section\">\r\n\t\t\r\n\t\t\t\t\t\t\t<div class=\"elementor-container elementor-column-gap-default\">\r\n\t\t\t\t\t\t\t\t\t\t\t<div class=\"elementor-column elementor-col-100 elementor-top-column elementor-element elementor-element-aff4496 mx-auto\" data-id=\"aff4496\" data-element_type=\"column\">\r\n\t\t\t\t\t<div class=\"elementor-widget-wrap elementor-element-populated\">\r\n\t\t\t\t\t\t\t\t<div class=\"elementor-element elementor-element-2718dbf elementor-widget elementor-widget-porto_ultimate_heading\" data-id=\"2718dbf\" data-element_type=\"widget\" data-widget_type=\"porto_ultimate_heading.default\">\n\t\t\t\t<div class=\"elementor-widget-container\">\n\t\t\t\t\t<div class=\"porto-u-heading  porto-u-55ca8359258f9a412be7e73af65d2aac \"><div class=\"porto-u-main-heading\"><h2   >Wie installiert man Corsair No Recoil Macro<\/h2><\/div><div class=\"porto-u-sub-heading\" style=\"\"><p>Wie installiert man <strong>Corsair No Recoil Macro<\/strong>; Sehen Sie sich das Video an und \u00fcberpr\u00fcfen Sie die einzelnen Schritte f\u00fcr eine korrekte Installation f\u00fcr  <br><strong>Corsair No Recoil Macro Script ICue 3, ICue 4 und ICue 5.<\/strong><\/p><\/div><style>.porto-u-55ca8359258f9a412be7e73af65d2aac.porto-u-heading{text-align:center}<\/style><\/div>\t\t\t\t<\/div>\n\t\t\t\t<\/div>\n\t\t\t\t<div class=\"elementor-element elementor-element-86cb3d5 elementor-widget elementor-widget-porto_ultimate_heading\" data-id=\"86cb3d5\" data-element_type=\"widget\" data-widget_type=\"porto_ultimate_heading.default\">\n\t\t\t\t<div class=\"elementor-widget-container\">\n\t\t\t\t\t<div class=\"porto-u-heading  porto-u-55ca8359258f9a412be7e73af65d2aac \"><div class=\"porto-u-main-heading\"><h2 data-plugin-animated-words data-plugin-options=\"{&quot;startDelay&quot;:0,&quot;minWindowWidth&quot;:0,&quot;animationName&quot;:&quot;fadeIn&quot;,&quot;contentType&quot;:&quot;word&quot;}\"  >Video-Anleitung<\/h2><\/div><style>.porto-u-55ca8359258f9a412be7e73af65d2aac.porto-u-heading{text-align:center}<\/style><\/div>\t\t\t\t<\/div>\n\t\t\t\t<\/div>\n\t\t\t\t<div class=\"elementor-element elementor-element-712b7ba elementor-widget elementor-widget-video\" data-id=\"712b7ba\" data-element_type=\"widget\" data-settings=\"{&quot;video_type&quot;:&quot;vimeo&quot;}\" data-widget_type=\"video.default\">\n\t\t\t\t<div class=\"elementor-widget-container\">\n\t\t\t\t\t\t\t<div class=\"elementor-wrapper elementor-open-inline\">\n\t\t\t<iframe class=\"elementor-video-iframe\" allowfullscreen allow=\"clipboard-write\" title=\"vimeo Video Player\" src=\"https:\/\/player.vimeo.com\/video\/866412907?color&amp;autopause=0&amp;loop=0&amp;muted=0&amp;title=1&amp;portrait=1&amp;byline=1#t=\"><\/iframe>\t\t<\/div>\n\t\t\t\t\t\t<\/div>\n\t\t\t\t<\/div>\n\t\t\t\t<div class=\"elementor-element elementor-element-044587b elementor-widget elementor-widget-porto_ultimate_heading\" data-id=\"044587b\" data-element_type=\"widget\" data-widget_type=\"porto_ultimate_heading.default\">\n\t\t\t\t<div class=\"elementor-widget-container\">\n\t\t\t\t\t<div class=\"porto-u-heading  porto-u-55ca8359258f9a412be7e73af65d2aac \"><div class=\"porto-u-main-heading\"><h2 data-plugin-animated-words data-plugin-options=\"{&quot;startDelay&quot;:0,&quot;minWindowWidth&quot;:0,&quot;animationName&quot;:&quot;fadeIn&quot;,&quot;contentType&quot;:&quot;word&quot;}\"  >Installationsanleitung Schritt f\u00fcr Schritt<\/h2><\/div><style>.porto-u-55ca8359258f9a412be7e73af65d2aac.porto-u-heading{text-align:center}<\/style><\/div>\t\t\t\t<\/div>\n\t\t\t\t<\/div>\n\t\t\t\t<div class=\"elementor-element elementor-element-ddbaa6e elementor-widget elementor-widget-porto_steps\" data-id=\"ddbaa6e\" data-element_type=\"widget\" data-widget_type=\"porto_steps.default\">\n\t\t\t\t<div class=\"elementor-widget-container\">\n\t\t\t\t\t<section class=\"timeline\"><div class=\"timeline-body\"><div class=\"timeline-date \"><h3 class=\"time-text step-item-subtitle\">ICUE 3<\/h3><\/div><article class=\"timeline-box left\"><div><h4 class=\"timeline-item-title step-item-title\">Schritt 1: ICue 3 - 4 - 5 herunterladen<\/h4><div class=\"timeline-item-content\"><p>Zuallererst brauchen wir  <b>unsere Maus-App installiert.<br>ICue 3, 4 oder 5 App. Zum <a href=\"https:\/\/www.corsair.com\/ww\/en\/downloads\" target=\"_blank\" rel=\"noopener\">Herunterladen hier klicken.<\/a><\/b><\/p><h5>0. \u00d6ffnen Sie die Datei, die Sie importieren m\u00f6chten, mit Notepad.<\/h5><p>\u00d6ffnen Sie Notepad -&gt; Dr\u00fccken Sie CTRL+F Suchen Sie nach<br><strong>M55 RGB PRO<\/strong> und \u00e4ndern Sie den Namen in Ihren Mausnamen.<br>Wenn es sich bei Ihrer Maus um die M55 RGB PRO handelt, m\u00fcssen Sie diesen Schritt nicht durchf\u00fchren.<br>(Es muss der EXAKT gleiche Mausname sein, der in ICUE angezeigt wird)<br>Der Grund daf\u00fcr ist, dass Icue die Datei nicht importiert.<br>Stellen Sie also sicher, dass Sie die M55 RGB PRO mit Ihrem eigenen Mausnamen versehen.<\/p><h4><span style=\"font-size: 14px;\">1. \u00d6ffnen Sie Ihre Maus-App <strong>ICUE 3<\/strong><\/span><\/h4><p><strong><br><\/strong>(Wenn Sie<strong> ICUE 4 oder 5<\/strong> verwenden, finden Sie die Anleitung dazu weiter unten)<br><strong>Importieren Sie<\/strong> die Waffen, die Sie verwenden m\u00f6chten.<\/p><figure id=\"attachment_1747\" aria-describedby=\"caption-attachment-1747\" style=\"width: 1316px\" class=\"wp-caption alignnone\"><img fetchpriority=\"high\" decoding=\"async\" class=\"size-full wp-image-1747\" src=\"https:\/\/norecoil.net\/wp-content\/uploads\/2023\/09\/corsair-icue-3-no-recoil-macro-1.gif\" alt=\"Importieren in ICue 3 Corsair No Recoil Makro Skript\" width=\"1316\" height=\"825\"><figcaption id=\"caption-attachment-1747\" class=\"wp-caption-text\">Importieren in ICue 3 Corsair No Recoil Makro Skript<\/figcaption><\/figure><p> <\/p><h5>2. Gehen Sie zu <strong>Aktionen <\/strong>und klicken Sie auf <strong>+ plus <\/strong>.<\/h5><p>Suchen Sie im Men\u00fc <strong>Profilwechsel<\/strong> und w\u00e4hlen Sie die andere<br>Waffe, die Sie wechseln m\u00f6chten, und weisen Sie sie einer Maustaste zu, die Sie verwenden m\u00f6chten.<br>Wenn Sie eine <strong>Corsair-Tastatur<\/strong> haben, k\u00f6nnen Sie die Tastatur auch zum Umschalten der Profile verwenden.<\/p><figure id=\"attachment_1748\" aria-describedby=\"caption-attachment-1748\" style=\"width: 1316px\" class=\"wp-caption alignnone\"><img decoding=\"async\" class=\"wp-image-1748 size-full\" src=\"https:\/\/norecoil.net\/wp-content\/uploads\/2023\/09\/corsair-icue-3-no-recoil-macro-script-2.gif\" alt=\"Weisen Sie eine Umschalttaste zu, um zwischen den Makroskripten ohne R\u00fccksto\u00df umzuschalten.\" width=\"1316\" height=\"825\"><figcaption id=\"caption-attachment-1748\" class=\"wp-caption-text\">Weisen Sie eine Umschalttaste zu, um zwischen den Makroskripten ohne R\u00fccksto\u00df umzuschalten.<\/figcaption><\/figure><p>3. Klicken Sie nun auf die Schaltfl\u00e4che, die Sie dem<strong>Profil<\/strong> <strong><br><\/strong><strong> <strong>zugewiesen<\/strong> haben, und f\u00fchren Sie die <strong>gleichen<\/strong> <strong>Schritte<\/strong> f\u00fcr dieses Profil aus, damit Sie <strong><br><\/strong><strong>zwischen den<\/strong> <strong>Profilen<\/strong> <strong>wechseln<\/strong> k\u00f6nnen.<\/strong> Das war's.  <strong>Viel Spa\u00df!<\/strong><\/p><\/div><\/div><\/article><div class=\"timeline-date \"><h3 class=\"time-text step-item-subtitle\">ICUE 4-5  <\/h3><\/div><article class=\"timeline-box right\"><div><h4 class=\"timeline-item-title step-item-title\">Wie installiert man Corsair Icue 4-5<\/h4><div class=\"timeline-item-content\"><div class=\"fw-row\"><div class=\"sh-column sh-column-7be3fb1e777683ea1c4bb7ab64b159f2 fw-col-xs-12\"><div class=\"sh-column-wrapper\"><div id=\"text-block-f5f5e77495aebb2154811a571e1d001d\" class=\"sh-text-block\"><h5>\u00d6ffnen Sie die heruntergeladenen <strong>No-Recoil-Makrodateien<\/strong>, die Sie verwenden m\u00f6chten, mit <strong>Notepad.<\/strong><\/h5><p>\u00d6ffnen Sie Notepad -&gt; Dr\u00fccken Sie CTRL+F Suchen Sie nach<br><strong>M55 RGB PRO<\/strong> und \u00e4ndern Sie den Namen in Ihren Mausnamen.<br>Wenn es sich bei Ihrer Maus um die M55 RGB PRO handelt, m\u00fcssen Sie diesen Schritt nicht durchf\u00fchren.<br>(Es muss der EXAKT gleiche Mausname sein, der in ICUE angezeigt wird)<br>Der Grund daf\u00fcr ist, dass Icue die Datei nicht importiert.<br>Stellen Sie also sicher, dass Sie die M55 RGB PRO mit Ihrem eigenen Mausnamen versehen.<\/p><h5>1. \u00d6ffnen Sie Ihre Maus-App <strong>ICUE 4<\/strong><\/h5><p><strong><br><\/strong><strong>Importieren Sie<\/strong> die Waffen, die Sie verwenden m\u00f6chten.<br>Vergewissern Sie sich, dass nur <strong>ZUWEISUNGEN<\/strong> ausgew\u00e4hlt ist.<\/p><figure id=\"attachment_1749\" aria-describedby=\"caption-attachment-1749\" style=\"width: 1360px\" class=\"wp-caption alignnone\"><img decoding=\"async\" class=\"size-full wp-image-1749\" src=\"https:\/\/norecoil.net\/wp-content\/uploads\/2023\/09\/corsair-icue-4-no-recoil-macro-script-1.gif\" alt=\"Importieren in ICue 4 - ICue 5 Corsair No Recoil Makro Script\" width=\"1360\" height=\"838\"><figcaption id=\"caption-attachment-1749\" class=\"wp-caption-text\">Importieren in ICue 4 - ICue 5 Corsair No Recoil Makro Script<\/figcaption><\/figure><\/div><p>Klicken Sie nun auf Ihre <strong>Maus -&gt; Key Assignments<\/strong><\/p><p>Klicken Sie auf das <strong>Plus-Symbol<\/strong> -&gt; Klicken Sie auf <strong>Einzelprofil<\/strong> und w\u00e4hlen Sie das<br>anderes <strong>Profil<\/strong> zum <strong>Umschalten<\/strong> und <strong>weisen<\/strong> Sie es einer <strong>Maustaste<\/strong> zu, die Sie<br>f\u00fcr den <strong>Wechsel<\/strong> verwenden m\u00f6chten.<\/p><p>Wenn Sie eine <strong>Corsair-Tastatur<\/strong> haben, k\u00f6nnen Sie die Tastatur auch zum Umschalten der Profile verwenden.<\/p><\/div><figure id=\"attachment_1750\" aria-describedby=\"caption-attachment-1750\" style=\"width: 1360px\" class=\"wp-caption alignnone\"><img loading=\"lazy\" decoding=\"async\" class=\"size-full wp-image-1750\" src=\"https:\/\/norecoil.net\/wp-content\/uploads\/2023\/09\/corsair-icue-4-no-recoil-macro-script-2.gif\" alt=\"Weisen Sie eine Umschalttaste zu, um zwischen den Makroskripten ohne R\u00fccksto\u00df umzuschalten.\" width=\"1360\" height=\"838\"><figcaption id=\"caption-attachment-1750\" class=\"wp-caption-text\">Weisen Sie eine Umschalttaste zu, um zwischen den Makroskripten ohne R\u00fccksto\u00df umzuschalten.<\/figcaption><\/figure><\/div><p>Klicken Sie nun auf die Schaltfl\u00e4che, die Sie dem<strong>Umschaltprofil<\/strong> <strong><br><\/strong><strong> zugewiesen haben, und f\u00fchren Sie die <strong>gleichen<\/strong> <strong>Schritte<\/strong> f\u00fcr dieses Profil aus, damit Sie<strong>zwischen den<\/strong> <strong>Profilen<\/strong> <strong><br> umschalten<\/strong> k\u00f6nnen.<\/strong> Das war's.  <strong>Viel Spa\u00df!<\/strong><\/p><\/div><p>Nach dem neuen <strong>ICUE 5-Update<\/strong> k\u00f6nnen Sie es nicht mehr direkt der linken Maustaste zuweisen, wie oben gezeigt.<br>Dazu m\u00fcssen Sie die linke Maustaste einer anderen Taste zuordnen. (Siehe untenstehendes Gif)<br><strong>Dr\u00fccken Sie \"+\" -&gt; W\u00e4hlen Sie \"Maus\" -&gt; Klicken Sie auf die linke Maustaste -&gt; W\u00e4hlen Sie die Taste, die Sie f\u00fcr den Linksklick verwenden m\u00f6chten.<\/strong><br>Danach k\u00f6nnen Sie die Waffe der linken Maustaste zuweisen.<\/p><figure id=\"attachment_1751\" aria-describedby=\"caption-attachment-1751\" style=\"width: 2022px\" class=\"wp-caption alignnone\"><img loading=\"lazy\" decoding=\"async\" class=\"wp-image-1751 size-full\" src=\"https:\/\/norecoil.net\/wp-content\/uploads\/2023\/09\/icue-remap-left-mouse-button-to-another.gif\" alt=\"Ordnen Sie Ihre linke Maustaste neu zu, um die Aktivierung der linken Maustaste zu erm\u00f6glichen.\" width=\"2022\" height=\"1242\"><figcaption id=\"caption-attachment-1751\" class=\"wp-caption-text\">Ordnen Sie Ihre linke Maustaste neu zu, um die Aktivierung der linken Maustaste zu erm\u00f6glichen.<\/figcaption><\/figure><p><span style=\"text-decoration: underline;\"><strong><a href=\"\/corsair-no-recoil-macro\" target=\"_blank\" rel=\"noopener\">Klicken Sie hier, um alle Corsair No Recoil Makro-Skripte zu sehen<\/a><\/strong><\/span><\/p><\/div><\/div><\/article><\/div><\/section>\t\t\t\t<\/div>\n\t\t\t\t<\/div>\n\t\t\t\t\t<\/div>\r\n\t\t\t\t<\/div>\r\n\t\t\t\t\t<\/div>\r\n\t\t\t\t<\/section>\r\n\t\t\t\t<\/div>\n\t\t","protected":false},"excerpt":{"rendered":"<p>Wie installiert man Corsair No Recoil Macro Wie installiert man Corsair No Recoil Macro; Sehen Sie sich das Video an und \u00fcberpr\u00fcfen Sie die einzelnen Schritte f\u00fcr eine korrekte Installation f\u00fcr Corsair No Recoil Macro Script ICue 3, ICue 4 und ICue 5. Video-Anleitung Installationsanleitung Schritt f\u00fcr Schritt ICUE 3 Schritt 1: ICue 3 &#8211; [&hellip;]<\/p>\n","protected":false},"author":1,"featured_media":3902,"parent":0,"menu_order":0,"comment_status":"open","ping_status":"closed","template":"","meta":{"_acf_changed":false,"content-type":"","cybocfi_hide_featured_image":"","footnotes":""},"class_list":["post-5955","page","type-page","status-publish","has-post-thumbnail","hentry"],"acf":[],"yoast_head":"<!-- This site is optimized with the Yoast SEO Premium plugin v21.1 (Yoast SEO v21.1) - https:\/\/yoast.com\/wordpress\/plugins\/seo\/ -->\n<title>Wie installiert man Corsair No Recoil Macro<\/title>\n<meta name=\"description\" content=\"Wie installiert man Corsair No Recoil Macro f\u00fcr ICue 3 - 4 - 5. No Recoil Macro Installation f\u00fcr jede Corsair ICue 3-4-5 Anleitung mit Video.\" \/>\n<meta name=\"robots\" content=\"index, follow, max-snippet:-1, max-image-preview:large, max-video-preview:-1\" \/>\n<link rel=\"canonical\" href=\"https:\/\/norecoil.net\/de\/wie-installiert-man-corsair-no-recoil-macro\/\" \/>\n<meta property=\"og:locale\" content=\"de_DE\" \/>\n<meta property=\"og:type\" content=\"article\" \/>\n<meta property=\"og:title\" content=\"Wie installiert man Corsair No Recoil Macro\" \/>\n<meta property=\"og:description\" content=\"Wie installiert man Corsair No Recoil Macro f\u00fcr ICue 3 - 4 - 5. No Recoil Macro Installation f\u00fcr jede Corsair ICue 3-4-5 Anleitung mit Video.\" \/>\n<meta property=\"og:url\" content=\"https:\/\/norecoil.net\/de\/wie-installiert-man-corsair-no-recoil-macro\/\" \/>\n<meta property=\"og:site_name\" content=\"NoRecoil.Net\" \/>\n<meta property=\"article:modified_time\" content=\"2024-02-28T15:03:49+00:00\" \/>\n<meta property=\"og:image\" content=\"https:\/\/norecoil.net\/wp-content\/uploads\/2023\/09\/how-to-install-corsair-no-recoil-macro.jpg\" \/>\n\t<meta property=\"og:image:width\" content=\"1200\" \/>\n\t<meta property=\"og:image:height\" content=\"675\" \/>\n\t<meta property=\"og:image:type\" content=\"image\/jpeg\" \/>\n<meta name=\"twitter:card\" content=\"summary_large_image\" \/>\n<meta name=\"twitter:label1\" content=\"Gesch\u00e4tzte Lesezeit\" \/>\n\t<meta name=\"twitter:data1\" content=\"3 Minuten\" \/>\n<script type=\"application\/ld+json\" class=\"yoast-schema-graph\">{\"@context\":\"https:\/\/schema.org\",\"@graph\":[{\"@type\":\"WebPage\",\"@id\":\"https:\/\/norecoil.net\/de\/wie-installiert-man-corsair-no-recoil-macro\/\",\"url\":\"https:\/\/norecoil.net\/de\/wie-installiert-man-corsair-no-recoil-macro\/\",\"name\":\"Wie installiert man Corsair No Recoil Macro\",\"isPartOf\":{\"@id\":\"https:\/\/norecoil.net\/de\/#website\"},\"datePublished\":\"2023-09-21T10:11:24+00:00\",\"dateModified\":\"2024-02-28T15:03:49+00:00\",\"description\":\"Wie installiert man Corsair No Recoil Macro f\u00fcr ICue 3 - 4 - 5. No Recoil Macro Installation f\u00fcr jede Corsair ICue 3-4-5 Anleitung mit Video.\",\"breadcrumb\":{\"@id\":\"https:\/\/norecoil.net\/de\/wie-installiert-man-corsair-no-recoil-macro\/#breadcrumb\"},\"inLanguage\":\"de-DE\",\"potentialAction\":[{\"@type\":\"ReadAction\",\"target\":[\"https:\/\/norecoil.net\/de\/wie-installiert-man-corsair-no-recoil-macro\/\"]}]},{\"@type\":\"BreadcrumbList\",\"@id\":\"https:\/\/norecoil.net\/de\/wie-installiert-man-corsair-no-recoil-macro\/#breadcrumb\",\"itemListElement\":[{\"@type\":\"ListItem\",\"position\":1,\"name\":\"Home\",\"item\":\"https:\/\/norecoil.net\/de\/norecoil-net\/\"},{\"@type\":\"ListItem\",\"position\":2,\"name\":\"Wie installiert man Corsair No Recoil Macro\"}]},{\"@type\":\"WebSite\",\"@id\":\"https:\/\/norecoil.net\/de\/#website\",\"url\":\"https:\/\/norecoil.net\/de\/\",\"name\":\"NoRecoil.Net\",\"description\":\"\",\"potentialAction\":[{\"@type\":\"SearchAction\",\"target\":{\"@type\":\"EntryPoint\",\"urlTemplate\":\"https:\/\/norecoil.net\/de\/?s={search_term_string}\"},\"query-input\":\"required name=search_term_string\"}],\"inLanguage\":\"de-DE\"}]}<\/script>\n<!-- \/ Yoast SEO Premium plugin. -->","yoast_head_json":{"title":"Wie installiert man Corsair No Recoil Macro","description":"Wie installiert man Corsair No Recoil Macro f\u00fcr ICue 3 - 4 - 5. No Recoil Macro Installation f\u00fcr jede Corsair ICue 3-4-5 Anleitung mit Video.","robots":{"index":"index","follow":"follow","max-snippet":"max-snippet:-1","max-image-preview":"max-image-preview:large","max-video-preview":"max-video-preview:-1"},"canonical":"https:\/\/norecoil.net\/de\/wie-installiert-man-corsair-no-recoil-macro\/","og_locale":"de_DE","og_type":"article","og_title":"Wie installiert man Corsair No Recoil Macro","og_description":"Wie installiert man Corsair No Recoil Macro f\u00fcr ICue 3 - 4 - 5. No Recoil Macro Installation f\u00fcr jede Corsair ICue 3-4-5 Anleitung mit Video.","og_url":"https:\/\/norecoil.net\/de\/wie-installiert-man-corsair-no-recoil-macro\/","og_site_name":"NoRecoil.Net","article_modified_time":"2024-02-28T15:03:49+00:00","og_image":[{"width":1200,"height":675,"url":"https:\/\/norecoil.net\/wp-content\/uploads\/2023\/09\/how-to-install-corsair-no-recoil-macro.jpg","type":"image\/jpeg"}],"twitter_card":"summary_large_image","twitter_misc":{"Gesch\u00e4tzte Lesezeit":"3 Minuten"},"schema":{"@context":"https:\/\/schema.org","@graph":[{"@type":"WebPage","@id":"https:\/\/norecoil.net\/de\/wie-installiert-man-corsair-no-recoil-macro\/","url":"https:\/\/norecoil.net\/de\/wie-installiert-man-corsair-no-recoil-macro\/","name":"Wie installiert man Corsair No Recoil Macro","isPartOf":{"@id":"https:\/\/norecoil.net\/de\/#website"},"datePublished":"2023-09-21T10:11:24+00:00","dateModified":"2024-02-28T15:03:49+00:00","description":"Wie installiert man Corsair No Recoil Macro f\u00fcr ICue 3 - 4 - 5. No Recoil Macro Installation f\u00fcr jede Corsair ICue 3-4-5 Anleitung mit Video.","breadcrumb":{"@id":"https:\/\/norecoil.net\/de\/wie-installiert-man-corsair-no-recoil-macro\/#breadcrumb"},"inLanguage":"de-DE","potentialAction":[{"@type":"ReadAction","target":["https:\/\/norecoil.net\/de\/wie-installiert-man-corsair-no-recoil-macro\/"]}]},{"@type":"BreadcrumbList","@id":"https:\/\/norecoil.net\/de\/wie-installiert-man-corsair-no-recoil-macro\/#breadcrumb","itemListElement":[{"@type":"ListItem","position":1,"name":"Home","item":"https:\/\/norecoil.net\/de\/norecoil-net\/"},{"@type":"ListItem","position":2,"name":"Wie installiert man Corsair No Recoil Macro"}]},{"@type":"WebSite","@id":"https:\/\/norecoil.net\/de\/#website","url":"https:\/\/norecoil.net\/de\/","name":"NoRecoil.Net","description":"","potentialAction":[{"@type":"SearchAction","target":{"@type":"EntryPoint","urlTemplate":"https:\/\/norecoil.net\/de\/?s={search_term_string}"},"query-input":"required name=search_term_string"}],"inLanguage":"de-DE"}]}},"_links":{"self":[{"href":"https:\/\/norecoil.net\/de\/wp-json\/wp\/v2\/pages\/5955","targetHints":{"allow":["GET"]}}],"collection":[{"href":"https:\/\/norecoil.net\/de\/wp-json\/wp\/v2\/pages"}],"about":[{"href":"https:\/\/norecoil.net\/de\/wp-json\/wp\/v2\/types\/page"}],"author":[{"embeddable":true,"href":"https:\/\/norecoil.net\/de\/wp-json\/wp\/v2\/users\/1"}],"replies":[{"embeddable":true,"href":"https:\/\/norecoil.net\/de\/wp-json\/wp\/v2\/comments?post=5955"}],"version-history":[{"count":0,"href":"https:\/\/norecoil.net\/de\/wp-json\/wp\/v2\/pages\/5955\/revisions"}],"wp:featuredmedia":[{"embeddable":true,"href":"https:\/\/norecoil.net\/de\/wp-json\/wp\/v2\/media\/3902"}],"wp:attachment":[{"href":"https:\/\/norecoil.net\/de\/wp-json\/wp\/v2\/media?parent=5955"}],"curies":[{"name":"wp","href":"https:\/\/api.w.org\/{rel}","templated":true}]}}