{"id":5910,"date":"2023-09-17T21:11:50","date_gmt":"2023-09-17T21:11:50","guid":{"rendered":"https:\/\/norecoil.net\/so-installieren-sie-sharkoon-no-recoil-makro\/"},"modified":"2024-02-28T15:03:47","modified_gmt":"2024-02-28T15:03:47","slug":"so-installieren-sie-sharkoon-no-recoil-makro","status":"publish","type":"page","link":"https:\/\/norecoil.net\/de\/so-installieren-sie-sharkoon-no-recoil-makro\/","title":{"rendered":"So installieren Sie Sharkoon No Recoil Makro"},"content":{"rendered":"\t\t<div data-elementor-type=\"wp-page\" data-elementor-id=\"5910\" class=\"elementor elementor-5910 elementor-1721\">\n\t\t\t\t\t\t<section class=\"elementor-section elementor-top-section elementor-element elementor-element-007144e elementor-section-boxed elementor-section-height-default elementor-section-height-default\" data-id=\"007144e\" data-element_type=\"section\">\r\n\t\t\r\n\t\t\t\t\t\t\t<div class=\"elementor-container elementor-column-gap-default\">\r\n\t\t\t\t\t\t\t\t\t\t\t<div class=\"elementor-column elementor-col-100 elementor-top-column elementor-element elementor-element-aff4496 mx-auto\" data-id=\"aff4496\" data-element_type=\"column\">\r\n\t\t\t\t\t<div class=\"elementor-widget-wrap elementor-element-populated\">\r\n\t\t\t\t\t\t\t\t<div class=\"elementor-element elementor-element-2718dbf elementor-widget elementor-widget-porto_ultimate_heading\" data-id=\"2718dbf\" data-element_type=\"widget\" data-widget_type=\"porto_ultimate_heading.default\">\n\t\t\t\t<div class=\"elementor-widget-container\">\n\t\t\t\t\t<div class=\"porto-u-heading  porto-u-55ca8359258f9a412be7e73af65d2aac \"><div class=\"porto-u-main-heading\"><h2   >Wie installiert man Sharkoon Fireglider No Recoil Macro<\/h2><\/div><div class=\"porto-u-sub-heading\" style=\"\"><p>Wie man Sharkoon Fireglider installiert; Sehen Sie sich das Video an und \u00fcberpr\u00fcfen Sie die einzelnen Schritte f\u00fcr eine korrekte Installation von <strong>Sharkoon Fireglider No Recoil Macros.<\/strong><\/p><\/div><style>.porto-u-55ca8359258f9a412be7e73af65d2aac.porto-u-heading{text-align:center}<\/style><\/div>\t\t\t\t<\/div>\n\t\t\t\t<\/div>\n\t\t\t\t<div class=\"elementor-element elementor-element-86cb3d5 elementor-widget elementor-widget-porto_ultimate_heading\" data-id=\"86cb3d5\" data-element_type=\"widget\" data-widget_type=\"porto_ultimate_heading.default\">\n\t\t\t\t<div class=\"elementor-widget-container\">\n\t\t\t\t\t<div class=\"porto-u-heading  porto-u-55ca8359258f9a412be7e73af65d2aac \"><div class=\"porto-u-main-heading\"><h2 data-plugin-animated-words data-plugin-options=\"{&quot;startDelay&quot;:0,&quot;minWindowWidth&quot;:0,&quot;animationName&quot;:&quot;fadeIn&quot;,&quot;contentType&quot;:&quot;word&quot;}\"  >Video-Anleitung<\/h2><\/div><style>.porto-u-55ca8359258f9a412be7e73af65d2aac.porto-u-heading{text-align:center}<\/style><\/div>\t\t\t\t<\/div>\n\t\t\t\t<\/div>\n\t\t\t\t<div class=\"elementor-element elementor-element-712b7ba elementor-widget elementor-widget-video\" data-id=\"712b7ba\" data-element_type=\"widget\" data-settings=\"{&quot;video_type&quot;:&quot;vimeo&quot;}\" data-widget_type=\"video.default\">\n\t\t\t\t<div class=\"elementor-widget-container\">\n\t\t\t\t\t\t\t<div class=\"elementor-wrapper elementor-open-inline\">\n\t\t\t<iframe class=\"elementor-video-iframe\" allowfullscreen allow=\"clipboard-write\" title=\"vimeo Video Player\" src=\"https:\/\/player.vimeo.com\/video\/865358208?color&amp;autopause=0&amp;loop=0&amp;muted=0&amp;title=1&amp;portrait=1&amp;byline=1#t=\"><\/iframe>\t\t<\/div>\n\t\t\t\t\t\t<\/div>\n\t\t\t\t<\/div>\n\t\t\t\t<div class=\"elementor-element elementor-element-044587b elementor-widget elementor-widget-porto_ultimate_heading\" data-id=\"044587b\" data-element_type=\"widget\" data-widget_type=\"porto_ultimate_heading.default\">\n\t\t\t\t<div class=\"elementor-widget-container\">\n\t\t\t\t\t<div class=\"porto-u-heading  porto-u-55ca8359258f9a412be7e73af65d2aac \"><div class=\"porto-u-main-heading\"><h2 data-plugin-animated-words data-plugin-options=\"{&quot;startDelay&quot;:0,&quot;minWindowWidth&quot;:0,&quot;animationName&quot;:&quot;fadeIn&quot;,&quot;contentType&quot;:&quot;word&quot;}\"  >Installationsanleitung Schritt f\u00fcr Schritt<\/h2><\/div><style>.porto-u-55ca8359258f9a412be7e73af65d2aac.porto-u-heading{text-align:center}<\/style><\/div>\t\t\t\t<\/div>\n\t\t\t\t<\/div>\n\t\t\t\t<div class=\"elementor-element elementor-element-ddbaa6e elementor-widget elementor-widget-porto_steps\" data-id=\"ddbaa6e\" data-element_type=\"widget\" data-widget_type=\"porto_steps.default\">\n\t\t\t\t<div class=\"elementor-widget-container\">\n\t\t\t\t\t<section class=\"timeline\"><div class=\"timeline-body\"><div class=\"timeline-date \"><h3 class=\"time-text step-item-subtitle\">SCHRITT 1<\/h3><\/div><article class=\"timeline-box left\"><div><h4 class=\"timeline-item-title step-item-title\">Schritt 1: \u00d6ffnen Sie Ihre Maus-App<\/h4><div class=\"timeline-item-content\"><p>Als erstes m\u00fcssen wir <b>unsere Maus-App installieren.<br>Zum Beispiel Sharkoon Fireglider Download <a href=\"https:\/\/en.sharkoon.com\/product\/08599#download\" target=\"_blank\" rel=\"noopener\">Klicken Sie hier<\/a>.<\/b><\/p><p>1. \u00d6ffnen Sie Ihre Maus-App und gehen Sie zum Makro-Manager f\u00fcr die Taste, der Sie die Waffe zuweisen m\u00f6chten.<br>Ihre Anwendung mag anders aussehen, aber die Logik ist in allen Anwendungen gleich. Importieren\/\u00f6ffnen Sie das Makro f\u00fcr die Maustaste, die Sie zuweisen m\u00f6chten, und laden Sie es hoch.<\/p><figure id=\"attachment_1712\" aria-describedby=\"caption-attachment-1712\" style=\"width: 887px\" class=\"wp-caption alignnone\"><img fetchpriority=\"high\" decoding=\"async\" class=\"wp-image-1712 size-full\" src=\"https:\/\/norecoil.net\/wp-content\/uploads\/2023\/09\/a4tech-open-macro-editor.gif\" alt=\"\u00d6ffnen Sie den Makro-Editor in Sharkoon Fireglider\" width=\"887\" height=\"747\"><figcaption id=\"caption-attachment-1712\" class=\"wp-caption-text\">\u00d6ffnen Sie den Makro-Editor in Sharkoon Fireglider<\/figcaption><\/figure><\/div><\/div><\/article><div class=\"timeline-date \"><h3 class=\"time-text step-item-subtitle\">SCHRITT 2<\/h3><\/div><article class=\"timeline-box right\"><div><h4 class=\"timeline-item-title step-item-title\">Importieren Sie die Sharkoon Fireglider No Recoil Makro Dateien<\/h4><div class=\"timeline-item-content\"><div class=\"fw-row\"><div class=\"sh-column sh-column-7be3fb1e777683ea1c4bb7ab64b159f2 fw-col-xs-12\"><div class=\"sh-column-wrapper\"><div id=\"text-block-f5f5e77495aebb2154811a571e1d001d\" class=\"sh-text-block\">Gehen Sie im Dropdown-Men\u00fc auf <strong>Makro<\/strong> und klicken Sie auf \u00d6ffnen\/Importieren.  <\/div><div> <\/div><\/div><\/div><\/div><div><figure id=\"attachment_1713\" aria-describedby=\"caption-attachment-1713\" style=\"width: 887px\" class=\"wp-caption alignnone\"><img decoding=\"async\" class=\"size-full wp-image-1713\" src=\"https:\/\/norecoil.net\/wp-content\/uploads\/2023\/09\/a4tech-x7-bloody-sharkoon-macro-script-2.gif\" alt=\"Klicken Sie auf den Abschnitt Makro und w\u00e4hlen Sie importieren\" width=\"887\" height=\"747\"><figcaption id=\"caption-attachment-1713\" class=\"wp-caption-text\">Klicken Sie auf den Abschnitt Makro und w\u00e4hlen Sie importieren<\/figcaption><\/figure><\/div><\/div><\/div><\/article><div class=\"timeline-date \"><h3 class=\"time-text step-item-subtitle\">Schritt 3<\/h3><\/div><article class=\"timeline-box left\"><div><h4 class=\"timeline-item-title step-item-title\">Speichern Sie die No Recoil Makros im Makro-Editor<\/h4><div class=\"timeline-item-content\"><p>W\u00e4hlen Sie die <strong>No Recoil Macro Scripts<\/strong> von Ihrem PC, die Sie importieren m\u00f6chten, und klicken Sie auf Speichern.<\/p><figure id=\"attachment_1714\" aria-describedby=\"caption-attachment-1714\" style=\"width: 887px\" class=\"wp-caption alignnone\"><img decoding=\"async\" class=\"size-full wp-image-1714\" src=\"https:\/\/norecoil.net\/wp-content\/uploads\/2023\/09\/a4tech-x7-bloody-sharkoon-macro-script-3.gif\" alt=\"W\u00e4hlen Sie die No Recoil Makros\" width=\"887\" height=\"747\"><figcaption id=\"caption-attachment-1714\" class=\"wp-caption-text\">W\u00e4hlen Sie die No Recoil Makros<\/figcaption><\/figure><\/div><\/div><\/article><div class=\"timeline-date \"><h3 class=\"time-text step-item-subtitle\">Schritt 4<\/h3><\/div><article class=\"timeline-box right\"><div><h4 class=\"timeline-item-title step-item-title\">Laden Sie die No Recoil Makros auf Ihre Maus<\/h4><div class=\"timeline-item-content\"><p>Der letzte Schritt besteht darin, das Skript auf Ihre Maus hochzuladen. Dr\u00fccken Sie auf das Maus-Symbol unten links, um das <strong>No Recoil Makro-Skript<\/strong> auf Ihre Maus zu laden.<\/p><figure id=\"attachment_1715\" aria-describedby=\"caption-attachment-1715\" style=\"width: 887px\" class=\"wp-caption alignnone\"><img loading=\"lazy\" decoding=\"async\" class=\"wp-image-1715 size-full\" src=\"https:\/\/norecoil.net\/wp-content\/uploads\/2023\/09\/a4tech-macro.gif\" alt=\"Lade das Sharkoon Fireglider No Recoil Makro auf deine Maus hoch\" width=\"887\" height=\"747\"><figcaption id=\"caption-attachment-1715\" class=\"wp-caption-text\">Lade das Sharkoon Fireglider No Recoil Makro auf deine Maus hoch<\/figcaption><\/figure><p>Wie bereits erw\u00e4hnt, kann Ihre Anwendung anders aussehen, aber die Logik ist die gleiche<br>in allen Anwendungen gleich. Sie m\u00fcssen die Datei hochladen\/\u00f6ffnen\/importieren in Ihr<br>und weisen Sie sie der Maustaste zu, die Sie verwenden m\u00f6chten.<\/p><p>Mit einem Klick auf die zugewiesene Schaltfl\u00e4che wird das Skript aktiviert und w\u00e4hrend<br>Wenn Sie die linke Maustaste (Msb1) dr\u00fccken, wird Ihre Maus bewegt.<br>Zum Schlie\u00dfen klicken Sie erneut auf die zugewiesene Maustaste.<\/p><p><a href=\"\/sharkoon-no-recoil-macro\"><span style=\"text-decoration: underline;\"><strong>Klicken Sie hier, um alle Sharkoon Fireglider No Recoil Makros zu sehen<\/strong><\/span><\/a><\/p><\/div><\/div><\/article><\/div><\/section>\t\t\t\t<\/div>\n\t\t\t\t<\/div>\n\t\t\t\t\t<\/div>\r\n\t\t\t\t<\/div>\r\n\t\t\t\t\t<\/div>\r\n\t\t\t\t<\/section>\r\n\t\t\t\t<\/div>\n\t\t","protected":false},"excerpt":{"rendered":"<p>Wie installiert man Sharkoon Fireglider No Recoil Macro Wie man Sharkoon Fireglider installiert; Sehen Sie sich das Video an und \u00fcberpr\u00fcfen Sie die einzelnen Schritte f\u00fcr eine korrekte Installation von Sharkoon Fireglider No Recoil Macros. Video-Anleitung Installationsanleitung Schritt f\u00fcr Schritt SCHRITT 1 Schritt 1: \u00d6ffnen Sie Ihre Maus-App Als erstes m\u00fcssen wir unsere Maus-App installieren.Zum [&hellip;]<\/p>\n","protected":false},"author":1,"featured_media":3804,"parent":0,"menu_order":0,"comment_status":"open","ping_status":"closed","template":"","meta":{"_acf_changed":false,"content-type":"","cybocfi_hide_featured_image":"","footnotes":""},"class_list":["post-5910","page","type-page","status-publish","has-post-thumbnail","hentry"],"acf":[],"yoast_head":"<!-- This site is optimized with the Yoast SEO Premium plugin v21.1 (Yoast SEO v21.1) - https:\/\/yoast.com\/wordpress\/plugins\/seo\/ -->\n<title>Wie installiert man Sharkoon Fireglider No Recoil Macro<\/title>\n<meta name=\"description\" content=\"Wie installiert man Sharkoon No Recoil Macro f\u00fcr Sharkoon. No Recoil Macro Installation f\u00fcr jede Sharkoon Fireglider Anleitung mit Video.\" \/>\n<meta name=\"robots\" content=\"index, follow, max-snippet:-1, max-image-preview:large, max-video-preview:-1\" \/>\n<link rel=\"canonical\" href=\"https:\/\/norecoil.net\/de\/so-installieren-sie-sharkoon-no-recoil-makro\/\" \/>\n<meta property=\"og:locale\" content=\"de_DE\" \/>\n<meta property=\"og:type\" content=\"article\" \/>\n<meta property=\"og:title\" content=\"So installieren Sie Sharkoon No Recoil Makro\" \/>\n<meta property=\"og:description\" content=\"Wie installiert man Sharkoon No Recoil Macro f\u00fcr Sharkoon. No Recoil Macro Installation f\u00fcr jede Sharkoon Fireglider Anleitung mit Video.\" \/>\n<meta property=\"og:url\" content=\"https:\/\/norecoil.net\/de\/so-installieren-sie-sharkoon-no-recoil-makro\/\" \/>\n<meta property=\"og:site_name\" content=\"NoRecoil.Net\" \/>\n<meta property=\"article:modified_time\" content=\"2024-02-28T15:03:47+00:00\" \/>\n<meta property=\"og:image\" content=\"https:\/\/norecoil.net\/wp-content\/uploads\/2023\/09\/how-to-install-sharkoon.jpg\" \/>\n\t<meta property=\"og:image:width\" content=\"1200\" \/>\n\t<meta property=\"og:image:height\" content=\"675\" \/>\n\t<meta property=\"og:image:type\" content=\"image\/jpeg\" \/>\n<meta name=\"twitter:card\" content=\"summary_large_image\" \/>\n<meta name=\"twitter:label1\" content=\"Gesch\u00e4tzte Lesezeit\" \/>\n\t<meta name=\"twitter:data1\" content=\"2 Minuten\" \/>\n<script type=\"application\/ld+json\" class=\"yoast-schema-graph\">{\"@context\":\"https:\/\/schema.org\",\"@graph\":[{\"@type\":\"WebPage\",\"@id\":\"https:\/\/norecoil.net\/de\/so-installieren-sie-sharkoon-no-recoil-makro\/\",\"url\":\"https:\/\/norecoil.net\/de\/so-installieren-sie-sharkoon-no-recoil-makro\/\",\"name\":\"Wie installiert man Sharkoon Fireglider No Recoil Macro\",\"isPartOf\":{\"@id\":\"https:\/\/norecoil.net\/de\/#website\"},\"datePublished\":\"2023-09-17T21:11:50+00:00\",\"dateModified\":\"2024-02-28T15:03:47+00:00\",\"description\":\"Wie installiert man Sharkoon No Recoil Macro f\u00fcr Sharkoon. No Recoil Macro Installation f\u00fcr jede Sharkoon Fireglider Anleitung mit Video.\",\"breadcrumb\":{\"@id\":\"https:\/\/norecoil.net\/de\/so-installieren-sie-sharkoon-no-recoil-makro\/#breadcrumb\"},\"inLanguage\":\"de-DE\",\"potentialAction\":[{\"@type\":\"ReadAction\",\"target\":[\"https:\/\/norecoil.net\/de\/so-installieren-sie-sharkoon-no-recoil-makro\/\"]}]},{\"@type\":\"BreadcrumbList\",\"@id\":\"https:\/\/norecoil.net\/de\/so-installieren-sie-sharkoon-no-recoil-makro\/#breadcrumb\",\"itemListElement\":[{\"@type\":\"ListItem\",\"position\":1,\"name\":\"Home\",\"item\":\"https:\/\/norecoil.net\/de\/norecoil-net\/\"},{\"@type\":\"ListItem\",\"position\":2,\"name\":\"So installieren Sie Sharkoon No Recoil Makro\"}]},{\"@type\":\"WebSite\",\"@id\":\"https:\/\/norecoil.net\/de\/#website\",\"url\":\"https:\/\/norecoil.net\/de\/\",\"name\":\"NoRecoil.Net\",\"description\":\"\",\"potentialAction\":[{\"@type\":\"SearchAction\",\"target\":{\"@type\":\"EntryPoint\",\"urlTemplate\":\"https:\/\/norecoil.net\/de\/?s={search_term_string}\"},\"query-input\":\"required name=search_term_string\"}],\"inLanguage\":\"de-DE\"}]}<\/script>\n<!-- \/ Yoast SEO Premium plugin. -->","yoast_head_json":{"title":"Wie installiert man Sharkoon Fireglider No Recoil Macro","description":"Wie installiert man Sharkoon No Recoil Macro f\u00fcr Sharkoon. No Recoil Macro Installation f\u00fcr jede Sharkoon Fireglider Anleitung mit Video.","robots":{"index":"index","follow":"follow","max-snippet":"max-snippet:-1","max-image-preview":"max-image-preview:large","max-video-preview":"max-video-preview:-1"},"canonical":"https:\/\/norecoil.net\/de\/so-installieren-sie-sharkoon-no-recoil-makro\/","og_locale":"de_DE","og_type":"article","og_title":"So installieren Sie Sharkoon No Recoil Makro","og_description":"Wie installiert man Sharkoon No Recoil Macro f\u00fcr Sharkoon. No Recoil Macro Installation f\u00fcr jede Sharkoon Fireglider Anleitung mit Video.","og_url":"https:\/\/norecoil.net\/de\/so-installieren-sie-sharkoon-no-recoil-makro\/","og_site_name":"NoRecoil.Net","article_modified_time":"2024-02-28T15:03:47+00:00","og_image":[{"width":1200,"height":675,"url":"https:\/\/norecoil.net\/wp-content\/uploads\/2023\/09\/how-to-install-sharkoon.jpg","type":"image\/jpeg"}],"twitter_card":"summary_large_image","twitter_misc":{"Gesch\u00e4tzte Lesezeit":"2 Minuten"},"schema":{"@context":"https:\/\/schema.org","@graph":[{"@type":"WebPage","@id":"https:\/\/norecoil.net\/de\/so-installieren-sie-sharkoon-no-recoil-makro\/","url":"https:\/\/norecoil.net\/de\/so-installieren-sie-sharkoon-no-recoil-makro\/","name":"Wie installiert man Sharkoon Fireglider No Recoil Macro","isPartOf":{"@id":"https:\/\/norecoil.net\/de\/#website"},"datePublished":"2023-09-17T21:11:50+00:00","dateModified":"2024-02-28T15:03:47+00:00","description":"Wie installiert man Sharkoon No Recoil Macro f\u00fcr Sharkoon. No Recoil Macro Installation f\u00fcr jede Sharkoon Fireglider Anleitung mit Video.","breadcrumb":{"@id":"https:\/\/norecoil.net\/de\/so-installieren-sie-sharkoon-no-recoil-makro\/#breadcrumb"},"inLanguage":"de-DE","potentialAction":[{"@type":"ReadAction","target":["https:\/\/norecoil.net\/de\/so-installieren-sie-sharkoon-no-recoil-makro\/"]}]},{"@type":"BreadcrumbList","@id":"https:\/\/norecoil.net\/de\/so-installieren-sie-sharkoon-no-recoil-makro\/#breadcrumb","itemListElement":[{"@type":"ListItem","position":1,"name":"Home","item":"https:\/\/norecoil.net\/de\/norecoil-net\/"},{"@type":"ListItem","position":2,"name":"So installieren Sie Sharkoon No Recoil Makro"}]},{"@type":"WebSite","@id":"https:\/\/norecoil.net\/de\/#website","url":"https:\/\/norecoil.net\/de\/","name":"NoRecoil.Net","description":"","potentialAction":[{"@type":"SearchAction","target":{"@type":"EntryPoint","urlTemplate":"https:\/\/norecoil.net\/de\/?s={search_term_string}"},"query-input":"required name=search_term_string"}],"inLanguage":"de-DE"}]}},"_links":{"self":[{"href":"https:\/\/norecoil.net\/de\/wp-json\/wp\/v2\/pages\/5910","targetHints":{"allow":["GET"]}}],"collection":[{"href":"https:\/\/norecoil.net\/de\/wp-json\/wp\/v2\/pages"}],"about":[{"href":"https:\/\/norecoil.net\/de\/wp-json\/wp\/v2\/types\/page"}],"author":[{"embeddable":true,"href":"https:\/\/norecoil.net\/de\/wp-json\/wp\/v2\/users\/1"}],"replies":[{"embeddable":true,"href":"https:\/\/norecoil.net\/de\/wp-json\/wp\/v2\/comments?post=5910"}],"version-history":[{"count":0,"href":"https:\/\/norecoil.net\/de\/wp-json\/wp\/v2\/pages\/5910\/revisions"}],"wp:featuredmedia":[{"embeddable":true,"href":"https:\/\/norecoil.net\/de\/wp-json\/wp\/v2\/media\/3804"}],"wp:attachment":[{"href":"https:\/\/norecoil.net\/de\/wp-json\/wp\/v2\/media?parent=5910"}],"curies":[{"name":"wp","href":"https:\/\/api.w.org\/{rel}","templated":true}]}}