{"id":5863,"date":"2023-09-20T13:44:01","date_gmt":"2023-09-20T13:44:01","guid":{"rendered":"https:\/\/norecoil.net\/wie-man-bloody-no-recoil-macro-installiert\/"},"modified":"2024-02-28T15:03:33","modified_gmt":"2024-02-28T15:03:33","slug":"wie-man-bloody-no-recoil-macro-installiert","status":"publish","type":"page","link":"https:\/\/norecoil.net\/de\/wie-man-bloody-no-recoil-macro-installiert\/","title":{"rendered":"Wie man Bloody No Recoil Macro installiert"},"content":{"rendered":"\t\t<div data-elementor-type=\"wp-page\" data-elementor-id=\"5863\" class=\"elementor elementor-5863 elementor-1728\">\n\t\t\t\t\t\t<section class=\"elementor-section elementor-top-section elementor-element elementor-element-007144e elementor-section-boxed elementor-section-height-default elementor-section-height-default\" data-id=\"007144e\" data-element_type=\"section\">\r\n\t\t\r\n\t\t\t\t\t\t\t<div class=\"elementor-container elementor-column-gap-default\">\r\n\t\t\t\t\t\t\t\t\t\t\t<div class=\"elementor-column elementor-col-100 elementor-top-column elementor-element elementor-element-aff4496 mx-auto\" data-id=\"aff4496\" data-element_type=\"column\">\r\n\t\t\t\t\t<div class=\"elementor-widget-wrap elementor-element-populated\">\r\n\t\t\t\t\t\t\t\t<div class=\"elementor-element elementor-element-2718dbf elementor-widget elementor-widget-porto_ultimate_heading\" data-id=\"2718dbf\" data-element_type=\"widget\" data-widget_type=\"porto_ultimate_heading.default\">\n\t\t\t\t<div class=\"elementor-widget-container\">\n\t\t\t\t\t<div class=\"porto-u-heading  porto-u-55ca8359258f9a412be7e73af65d2aac \"><div class=\"porto-u-main-heading\"><h2   >Wie man Bloody No Recoil Macro installiert<\/h2><\/div><div class=\"porto-u-sub-heading\" style=\"\"><p>Wie man Bloody installiert; Schauen Sie sich das Video an und \u00fcberpr\u00fcfen Sie die einzelnen Schritte f\u00fcr eine korrekte Installation von <strong>Bloody No Recoil Macros.<br>Sie finden hier sowohl eine ULTRA CORE 3 als auch eine ULTRA CORE 4 Anleitung.<\/strong><\/p><\/div><style>.porto-u-55ca8359258f9a412be7e73af65d2aac.porto-u-heading{text-align:center}<\/style><\/div>\t\t\t\t<\/div>\n\t\t\t\t<\/div>\n\t\t\t\t<div class=\"elementor-element elementor-element-86cb3d5 elementor-widget elementor-widget-porto_ultimate_heading\" data-id=\"86cb3d5\" data-element_type=\"widget\" data-widget_type=\"porto_ultimate_heading.default\">\n\t\t\t\t<div class=\"elementor-widget-container\">\n\t\t\t\t\t<div class=\"porto-u-heading  porto-u-55ca8359258f9a412be7e73af65d2aac \"><div class=\"porto-u-main-heading\"><h2 data-plugin-animated-words data-plugin-options=\"{&quot;startDelay&quot;:0,&quot;minWindowWidth&quot;:0,&quot;animationName&quot;:&quot;fadeIn&quot;,&quot;contentType&quot;:&quot;word&quot;}\"  >Video-Anleitung<\/h2><\/div><style>.porto-u-55ca8359258f9a412be7e73af65d2aac.porto-u-heading{text-align:center}<\/style><\/div>\t\t\t\t<\/div>\n\t\t\t\t<\/div>\n\t\t\t\t<div class=\"elementor-element elementor-element-712b7ba elementor-widget elementor-widget-video\" data-id=\"712b7ba\" data-element_type=\"widget\" data-settings=\"{&quot;video_type&quot;:&quot;vimeo&quot;}\" data-widget_type=\"video.default\">\n\t\t\t\t<div class=\"elementor-widget-container\">\n\t\t\t\t\t\t\t<div class=\"elementor-wrapper elementor-open-inline\">\n\t\t\t<iframe class=\"elementor-video-iframe\" allowfullscreen allow=\"clipboard-write\" title=\"vimeo Video Player\" src=\"https:\/\/player.vimeo.com\/video\/865379618?color&amp;autopause=0&amp;loop=0&amp;muted=0&amp;title=1&amp;portrait=1&amp;byline=1#t=\"><\/iframe>\t\t<\/div>\n\t\t\t\t\t\t<\/div>\n\t\t\t\t<\/div>\n\t\t\t\t<div class=\"elementor-element elementor-element-044587b elementor-widget elementor-widget-porto_ultimate_heading\" data-id=\"044587b\" data-element_type=\"widget\" data-widget_type=\"porto_ultimate_heading.default\">\n\t\t\t\t<div class=\"elementor-widget-container\">\n\t\t\t\t\t<div class=\"porto-u-heading  porto-u-55ca8359258f9a412be7e73af65d2aac \"><div class=\"porto-u-main-heading\"><h2 data-plugin-animated-words data-plugin-options=\"{&quot;startDelay&quot;:0,&quot;minWindowWidth&quot;:0,&quot;animationName&quot;:&quot;fadeIn&quot;,&quot;contentType&quot;:&quot;word&quot;}\"  >Installationsanleitung Schritt f\u00fcr Schritt<\/h2><\/div><style>.porto-u-55ca8359258f9a412be7e73af65d2aac.porto-u-heading{text-align:center}<\/style><\/div>\t\t\t\t<\/div>\n\t\t\t\t<\/div>\n\t\t\t\t<div class=\"elementor-element elementor-element-ddbaa6e elementor-widget elementor-widget-porto_steps\" data-id=\"ddbaa6e\" data-element_type=\"widget\" data-widget_type=\"porto_steps.default\">\n\t\t\t\t<div class=\"elementor-widget-container\">\n\t\t\t\t\t<section class=\"timeline\"><div class=\"timeline-body\"><div class=\"timeline-date \"><h3 class=\"time-text step-item-subtitle\">Anleitung f\u00fcr ULTRA CORE 4<\/h3><\/div><article class=\"timeline-box left\"><div><h4 class=\"timeline-item-title step-item-title\">Schritt 1: \u00d6ffnen Sie Ihre Maus-App<\/h4><div class=\"timeline-item-content\"><p>Zuallererst brauchen wir  <b>unsere Maus-App installiert.<br>Blutige App. Zum <a href=\"https:\/\/www.bloody.com\/en\/Download.php\" target=\"_blank\" rel=\"noopener\">Herunterladen hier klicken.<\/a><\/b><\/p><p>1. \u00d6ffnen Sie Ihre Maus-App und w\u00e4hlen Sie <strong>Ultra Core4.<\/strong><br>Wenn Sie nur <strong>UltraCore3<\/strong> haben, rufen Sie die <strong>UltraCore3-Anweisung<\/strong> auf.<br>Nachdem Sie <strong>ultra core4<\/strong>ausgew\u00e4hlt haben, <strong>klicken Sie auf Oscar Macro II<br><\/strong>und erstellen einen <strong>neuen Ordner.<\/strong><\/p><p> <\/p><center><figure id=\"attachment_1730\" aria-describedby=\"caption-attachment-1730\" style=\"width: 865px\" class=\"wp-caption alignnone\"><img fetchpriority=\"high\" decoding=\"async\" class=\"wp-image-1730 size-full\" src=\"https:\/\/norecoil.net\/wp-content\/uploads\/2023\/09\/bloody-ultra-core-4-how-to-install-1.gif\" alt=\"W\u00e4hlen Sie Bloody Ultra Core 4 und gehen Sie zu \"OSCAR MACRO II\".\" width=\"865\" height=\"561\"><figcaption id=\"caption-attachment-1730\" class=\"wp-caption-text\">W\u00e4hlen Sie Bloody Ultra Core 4 und gehen Sie zu \"OSCAR MACRO II\".<\/figcaption><\/figure><\/center><p> <\/p><p> <\/p><p>2. W\u00e4hlen Sie nun aus demselben Men\u00fc <strong>Import IN\/OUT<br><\/strong>. W\u00e4hlen Sie die Dateien aus, die Sie heruntergeladen haben.  <\/p><center><figure id=\"attachment_1731\" aria-describedby=\"caption-attachment-1731\" style=\"width: 865px\" class=\"wp-caption alignnone\"><img decoding=\"async\" class=\"size-full wp-image-1731\" src=\"https:\/\/norecoil.net\/wp-content\/uploads\/2023\/09\/bloody-ultra-core-4-how-to-install-2.gif\" alt=\"Importieren Sie das Makro-Skript No Recoil\" width=\"865\" height=\"561\"><figcaption id=\"caption-attachment-1731\" class=\"wp-caption-text\">Importieren Sie das Makro-Skript No Recoil<\/figcaption><\/figure><\/center><p> <\/p><p>3. Klicken Sie nun auf \"Button\" und w\u00e4hlen Sie die Maustaste, mit der Sie die Waffe aktivieren wollen und w\u00e4hlen Sie unter \"Select Macro File\" die Waffe aus und klicken Sie auf  <strong>BEWERBEN.<br>Das war's. Viel Spa\u00df!<\/strong><\/p><p> <\/p><figure id=\"attachment_1732\" aria-describedby=\"caption-attachment-1732\" style=\"width: 1061px\" class=\"wp-caption alignnone\"><img decoding=\"async\" class=\"size-full wp-image-1732\" src=\"https:\/\/norecoil.net\/wp-content\/uploads\/2023\/09\/bloody-ultra-core-4-how-to-install-3.gif\" alt=\"Laden Sie das No Recoil Macro Script auf Ihre Bloody Mouse hoch\" width=\"1061\" height=\"656\"><figcaption id=\"caption-attachment-1732\" class=\"wp-caption-text\">Laden Sie das No Recoil Macro Script auf Ihre Bloody Mouse hoch<\/figcaption><\/figure><\/div><\/div><\/article><div class=\"timeline-date \"><h3 class=\"time-text step-item-subtitle\">Anleitung f\u00fcr ULTRA CORE 3<\/h3><\/div><article class=\"timeline-box right\"><div><h4 class=\"timeline-item-title step-item-title\">Importieren Sie die Sharkoon Fireglider No Recoil Makro Dateien<\/h4><div class=\"timeline-item-content\"><div class=\"fw-row\"><div class=\"sh-column sh-column-7be3fb1e777683ea1c4bb7ab64b159f2 fw-col-xs-12\"><div class=\"sh-column-wrapper\"><div id=\"text-block-f5f5e77495aebb2154811a571e1d001d\" class=\"sh-text-block\">W\u00e4hlen Sie <strong>UltraCore3 <\/strong>und gehen Sie zu <strong>Oscar Macro II und<br><\/strong><strong>Einen neuen Ordner erstellen.<\/strong><\/div><\/div><div> <\/div><\/div><div><figure id=\"attachment_1733\" aria-describedby=\"caption-attachment-1733\" style=\"width: 865px\" class=\"wp-caption alignnone\"><img loading=\"lazy\" decoding=\"async\" class=\"size-full wp-image-1733\" src=\"https:\/\/norecoil.net\/wp-content\/uploads\/2023\/09\/bloody-ultra-core-3-how-to-install-1.gif\" alt=\"W\u00e4hlen Sie ultra core 3 in bloody\" width=\"865\" height=\"565\"><figcaption id=\"caption-attachment-1733\" class=\"wp-caption-text\">W\u00e4hlen Sie ultra core 3 in bloody<\/figcaption><\/figure><\/div><p>Klicken Sie nun in der gleichen Liste auf <strong>Import IN\/OUT<\/strong> und w\u00e4hlen Sie aus den heruntergeladenen Dateien die Waffen aus, die Sie verwenden m\u00f6chten.<\/p><\/div><figure id=\"attachment_1734\" aria-describedby=\"caption-attachment-1734\" style=\"width: 865px\" class=\"wp-caption alignnone\"><img loading=\"lazy\" decoding=\"async\" class=\"size-full wp-image-1734\" src=\"https:\/\/norecoil.net\/wp-content\/uploads\/2023\/09\/bloody-ultra-core-3-how-to-install-2.gif\" alt=\"Importieren Sie die No-Recoil-Makro-Skripte in Bloody\" width=\"865\" height=\"565\"><figcaption id=\"caption-attachment-1734\" class=\"wp-caption-text\">Importieren Sie die No-Recoil-Makro-Skripte in Bloody<\/figcaption><\/figure><p> <\/p><p>Gehen Sie nun zu Headshot -&gt; M-Macro<br>W\u00e4hlen Sie die <strong>Waffe <\/strong>aus und klicken Sie auf<strong> Zur\u00fcck<br>. Klicken Sie auf Ja <\/strong>, schreiben Sie den <strong>Waffennamen<\/strong> auf und gehen Sie auf <strong>Schaltfl\u00e4che.<\/strong><\/p><p> <\/p><figure id=\"attachment_1735\" aria-describedby=\"caption-attachment-1735\" style=\"width: 865px\" class=\"wp-caption alignnone\"><img loading=\"lazy\" decoding=\"async\" class=\"size-full wp-image-1735\" src=\"https:\/\/norecoil.net\/wp-content\/uploads\/2023\/09\/bloody-ultra-core-3-how-to-install-3.gif\" alt=\"\u00d6ffnen Sie den Abschnitt \"Makro\" in Bloody\" width=\"865\" height=\"565\"><figcaption id=\"caption-attachment-1735\" class=\"wp-caption-text\">\u00d6ffnen Sie den Abschnitt \"Makro\" in Bloody<\/figcaption><\/figure><p> <\/p><p>W\u00e4hlen Sie die Maus, die Sie zum <strong>Aktivieren <\/strong>verwenden m\u00f6chten, und <strong>w\u00e4hlen Sie <\/strong>die <strong>Waffe<\/strong> unter<strong> Makrodateien ausw\u00e4hlen <\/strong>aus.<strong>  Waffe.<br>Das war's. Viel Spa\u00df!<\/strong><\/p><p> <\/p><figure id=\"attachment_1736\" aria-describedby=\"caption-attachment-1736\" style=\"width: 1061px\" class=\"wp-caption alignnone\"><img loading=\"lazy\" decoding=\"async\" class=\"size-full wp-image-1736\" src=\"https:\/\/norecoil.net\/wp-content\/uploads\/2023\/09\/bloody-ultra-core-3-how-to-install-4.gif\" alt=\"Hochladen der No Recoil Makro-Skripte auf Ihre Maus\" width=\"1061\" height=\"656\"><figcaption id=\"caption-attachment-1736\" class=\"wp-caption-text\">Hochladen der No Recoil Makro-Skripte auf Ihre Maus<\/figcaption><\/figure><\/div><\/div><\/article><\/div><\/section>\t\t\t\t<\/div>\n\t\t\t\t<\/div>\n\t\t\t\t\t<\/div>\r\n\t\t\t\t<\/div>\r\n\t\t\t\t\t<\/div>\r\n\t\t\t\t<\/section>\r\n\t\t\t\t<\/div>\n\t\t","protected":false},"excerpt":{"rendered":"<p>Wie man Bloody No Recoil Macro installiert Wie man Bloody installiert; Schauen Sie sich das Video an und \u00fcberpr\u00fcfen Sie die einzelnen Schritte f\u00fcr eine korrekte Installation von Bloody No Recoil Macros.Sie finden hier sowohl eine ULTRA CORE 3 als auch eine ULTRA CORE 4 Anleitung. Video-Anleitung Installationsanleitung Schritt f\u00fcr Schritt Anleitung f\u00fcr ULTRA CORE [&hellip;]<\/p>\n","protected":false},"author":1,"featured_media":3860,"parent":0,"menu_order":0,"comment_status":"open","ping_status":"closed","template":"","meta":{"_acf_changed":false,"content-type":"","cybocfi_hide_featured_image":"","footnotes":""},"class_list":["post-5863","page","type-page","status-publish","has-post-thumbnail","hentry"],"acf":[],"yoast_head":"<!-- This site is optimized with the Yoast SEO Premium plugin v21.1 (Yoast SEO v21.1) - https:\/\/yoast.com\/wordpress\/plugins\/seo\/ -->\n<title>Wie man Bloody No Recoil Macro installiert<\/title>\n<meta name=\"description\" content=\"Wie installiert man Bloody No Recoil Makro f\u00fcr Bloody. No Recoil Macro Installation f\u00fcr jede blutige Anleitung mit Video.\" \/>\n<meta name=\"robots\" content=\"index, follow, max-snippet:-1, max-image-preview:large, max-video-preview:-1\" \/>\n<link rel=\"canonical\" href=\"https:\/\/norecoil.net\/de\/wie-man-bloody-no-recoil-macro-installiert\/\" \/>\n<meta property=\"og:locale\" content=\"de_DE\" \/>\n<meta property=\"og:type\" content=\"article\" \/>\n<meta property=\"og:title\" content=\"Wie man Bloody No Recoil Macro installiert\" \/>\n<meta property=\"og:description\" content=\"Wie installiert man Bloody No Recoil Makro f\u00fcr Bloody. No Recoil Macro Installation f\u00fcr jede blutige Anleitung mit Video.\" \/>\n<meta property=\"og:url\" content=\"https:\/\/norecoil.net\/de\/wie-man-bloody-no-recoil-macro-installiert\/\" \/>\n<meta property=\"og:site_name\" content=\"NoRecoil.Net\" \/>\n<meta property=\"article:modified_time\" content=\"2024-02-28T15:03:33+00:00\" \/>\n<meta property=\"og:image\" content=\"https:\/\/norecoil.net\/wp-content\/uploads\/2023\/09\/how-to-install-bloody.jpg\" \/>\n\t<meta property=\"og:image:width\" content=\"1200\" \/>\n\t<meta property=\"og:image:height\" content=\"675\" \/>\n\t<meta property=\"og:image:type\" content=\"image\/jpeg\" \/>\n<meta name=\"twitter:card\" content=\"summary_large_image\" \/>\n<meta name=\"twitter:label1\" content=\"Gesch\u00e4tzte Lesezeit\" \/>\n\t<meta name=\"twitter:data1\" content=\"2 Minuten\" \/>\n<script type=\"application\/ld+json\" class=\"yoast-schema-graph\">{\"@context\":\"https:\/\/schema.org\",\"@graph\":[{\"@type\":\"WebPage\",\"@id\":\"https:\/\/norecoil.net\/de\/wie-man-bloody-no-recoil-macro-installiert\/\",\"url\":\"https:\/\/norecoil.net\/de\/wie-man-bloody-no-recoil-macro-installiert\/\",\"name\":\"Wie man Bloody No Recoil Macro installiert\",\"isPartOf\":{\"@id\":\"https:\/\/norecoil.net\/de\/#website\"},\"datePublished\":\"2023-09-20T13:44:01+00:00\",\"dateModified\":\"2024-02-28T15:03:33+00:00\",\"description\":\"Wie installiert man Bloody No Recoil Makro f\u00fcr Bloody. No Recoil Macro Installation f\u00fcr jede blutige Anleitung mit Video.\",\"breadcrumb\":{\"@id\":\"https:\/\/norecoil.net\/de\/wie-man-bloody-no-recoil-macro-installiert\/#breadcrumb\"},\"inLanguage\":\"de-DE\",\"potentialAction\":[{\"@type\":\"ReadAction\",\"target\":[\"https:\/\/norecoil.net\/de\/wie-man-bloody-no-recoil-macro-installiert\/\"]}]},{\"@type\":\"BreadcrumbList\",\"@id\":\"https:\/\/norecoil.net\/de\/wie-man-bloody-no-recoil-macro-installiert\/#breadcrumb\",\"itemListElement\":[{\"@type\":\"ListItem\",\"position\":1,\"name\":\"Home\",\"item\":\"https:\/\/norecoil.net\/de\/norecoil-net\/\"},{\"@type\":\"ListItem\",\"position\":2,\"name\":\"Wie man Bloody No Recoil Macro installiert\"}]},{\"@type\":\"WebSite\",\"@id\":\"https:\/\/norecoil.net\/de\/#website\",\"url\":\"https:\/\/norecoil.net\/de\/\",\"name\":\"NoRecoil.Net\",\"description\":\"\",\"potentialAction\":[{\"@type\":\"SearchAction\",\"target\":{\"@type\":\"EntryPoint\",\"urlTemplate\":\"https:\/\/norecoil.net\/de\/?s={search_term_string}\"},\"query-input\":\"required name=search_term_string\"}],\"inLanguage\":\"de-DE\"}]}<\/script>\n<!-- \/ Yoast SEO Premium plugin. -->","yoast_head_json":{"title":"Wie man Bloody No Recoil Macro installiert","description":"Wie installiert man Bloody No Recoil Makro f\u00fcr Bloody. No Recoil Macro Installation f\u00fcr jede blutige Anleitung mit Video.","robots":{"index":"index","follow":"follow","max-snippet":"max-snippet:-1","max-image-preview":"max-image-preview:large","max-video-preview":"max-video-preview:-1"},"canonical":"https:\/\/norecoil.net\/de\/wie-man-bloody-no-recoil-macro-installiert\/","og_locale":"de_DE","og_type":"article","og_title":"Wie man Bloody No Recoil Macro installiert","og_description":"Wie installiert man Bloody No Recoil Makro f\u00fcr Bloody. No Recoil Macro Installation f\u00fcr jede blutige Anleitung mit Video.","og_url":"https:\/\/norecoil.net\/de\/wie-man-bloody-no-recoil-macro-installiert\/","og_site_name":"NoRecoil.Net","article_modified_time":"2024-02-28T15:03:33+00:00","og_image":[{"width":1200,"height":675,"url":"https:\/\/norecoil.net\/wp-content\/uploads\/2023\/09\/how-to-install-bloody.jpg","type":"image\/jpeg"}],"twitter_card":"summary_large_image","twitter_misc":{"Gesch\u00e4tzte Lesezeit":"2 Minuten"},"schema":{"@context":"https:\/\/schema.org","@graph":[{"@type":"WebPage","@id":"https:\/\/norecoil.net\/de\/wie-man-bloody-no-recoil-macro-installiert\/","url":"https:\/\/norecoil.net\/de\/wie-man-bloody-no-recoil-macro-installiert\/","name":"Wie man Bloody No Recoil Macro installiert","isPartOf":{"@id":"https:\/\/norecoil.net\/de\/#website"},"datePublished":"2023-09-20T13:44:01+00:00","dateModified":"2024-02-28T15:03:33+00:00","description":"Wie installiert man Bloody No Recoil Makro f\u00fcr Bloody. No Recoil Macro Installation f\u00fcr jede blutige Anleitung mit Video.","breadcrumb":{"@id":"https:\/\/norecoil.net\/de\/wie-man-bloody-no-recoil-macro-installiert\/#breadcrumb"},"inLanguage":"de-DE","potentialAction":[{"@type":"ReadAction","target":["https:\/\/norecoil.net\/de\/wie-man-bloody-no-recoil-macro-installiert\/"]}]},{"@type":"BreadcrumbList","@id":"https:\/\/norecoil.net\/de\/wie-man-bloody-no-recoil-macro-installiert\/#breadcrumb","itemListElement":[{"@type":"ListItem","position":1,"name":"Home","item":"https:\/\/norecoil.net\/de\/norecoil-net\/"},{"@type":"ListItem","position":2,"name":"Wie man Bloody No Recoil Macro installiert"}]},{"@type":"WebSite","@id":"https:\/\/norecoil.net\/de\/#website","url":"https:\/\/norecoil.net\/de\/","name":"NoRecoil.Net","description":"","potentialAction":[{"@type":"SearchAction","target":{"@type":"EntryPoint","urlTemplate":"https:\/\/norecoil.net\/de\/?s={search_term_string}"},"query-input":"required name=search_term_string"}],"inLanguage":"de-DE"}]}},"_links":{"self":[{"href":"https:\/\/norecoil.net\/de\/wp-json\/wp\/v2\/pages\/5863","targetHints":{"allow":["GET"]}}],"collection":[{"href":"https:\/\/norecoil.net\/de\/wp-json\/wp\/v2\/pages"}],"about":[{"href":"https:\/\/norecoil.net\/de\/wp-json\/wp\/v2\/types\/page"}],"author":[{"embeddable":true,"href":"https:\/\/norecoil.net\/de\/wp-json\/wp\/v2\/users\/1"}],"replies":[{"embeddable":true,"href":"https:\/\/norecoil.net\/de\/wp-json\/wp\/v2\/comments?post=5863"}],"version-history":[{"count":0,"href":"https:\/\/norecoil.net\/de\/wp-json\/wp\/v2\/pages\/5863\/revisions"}],"wp:featuredmedia":[{"embeddable":true,"href":"https:\/\/norecoil.net\/de\/wp-json\/wp\/v2\/media\/3860"}],"wp:attachment":[{"href":"https:\/\/norecoil.net\/de\/wp-json\/wp\/v2\/media?parent=5863"}],"curies":[{"name":"wp","href":"https:\/\/api.w.org\/{rel}","templated":true}]}}