{"id":5811,"date":"2023-09-17T17:09:39","date_gmt":"2023-09-17T17:09:39","guid":{"rendered":"https:\/\/norecoil.net\/so-installieren-sie-das-razer-no-recoil-makro\/"},"modified":"2024-02-28T15:02:30","modified_gmt":"2024-02-28T15:02:30","slug":"so-installieren-sie-das-razer-no-recoil-makro","status":"publish","type":"page","link":"https:\/\/norecoil.net\/de\/so-installieren-sie-das-razer-no-recoil-makro\/","title":{"rendered":"So installieren Sie das Razer No Recoil Makro"},"content":{"rendered":"\t\t<div data-elementor-type=\"wp-page\" data-elementor-id=\"5811\" class=\"elementor elementor-5811 elementor-1693\">\n\t\t\t\t\t\t<section class=\"elementor-section elementor-top-section elementor-element elementor-element-007144e elementor-section-boxed elementor-section-height-default elementor-section-height-default\" data-id=\"007144e\" data-element_type=\"section\">\r\n\t\t\r\n\t\t\t\t\t\t\t<div class=\"elementor-container elementor-column-gap-default\">\r\n\t\t\t\t\t\t\t\t\t\t\t<div class=\"elementor-column elementor-col-100 elementor-top-column elementor-element elementor-element-aff4496 mx-auto\" data-id=\"aff4496\" data-element_type=\"column\">\r\n\t\t\t\t\t<div class=\"elementor-widget-wrap elementor-element-populated\">\r\n\t\t\t\t\t\t\t\t<div class=\"elementor-element elementor-element-2718dbf elementor-widget elementor-widget-porto_ultimate_heading\" data-id=\"2718dbf\" data-element_type=\"widget\" data-widget_type=\"porto_ultimate_heading.default\">\n\t\t\t\t<div class=\"elementor-widget-container\">\n\t\t\t\t\t<div class=\"porto-u-heading  porto-u-55ca8359258f9a412be7e73af65d2aac \"><div class=\"porto-u-main-heading\"><h2   >So installieren Sie das Razer No Recoil Makro<\/h2><\/div><div class=\"porto-u-sub-heading\" style=\"\"><p>Wie installiert man Razer Synapse 3? Schauen Sie sich das Video an und \u00fcberpr\u00fcfen Sie die einzelnen Schritte f\u00fcr eine korrekte Installation f\u00fcr <strong>Razer No Recoil Macros.<\/strong><\/p><\/div><style>.porto-u-55ca8359258f9a412be7e73af65d2aac.porto-u-heading{text-align:center}<\/style><\/div>\t\t\t\t<\/div>\n\t\t\t\t<\/div>\n\t\t\t\t<div class=\"elementor-element elementor-element-86cb3d5 elementor-widget elementor-widget-porto_ultimate_heading\" data-id=\"86cb3d5\" data-element_type=\"widget\" data-widget_type=\"porto_ultimate_heading.default\">\n\t\t\t\t<div class=\"elementor-widget-container\">\n\t\t\t\t\t<div class=\"porto-u-heading  porto-u-55ca8359258f9a412be7e73af65d2aac \"><div class=\"porto-u-main-heading\"><h2 data-plugin-animated-words data-plugin-options=\"{&quot;startDelay&quot;:0,&quot;minWindowWidth&quot;:0,&quot;animationName&quot;:&quot;fadeIn&quot;,&quot;contentType&quot;:&quot;word&quot;}\"  >Video-Anleitung<\/h2><\/div><style>.porto-u-55ca8359258f9a412be7e73af65d2aac.porto-u-heading{text-align:center}<\/style><\/div>\t\t\t\t<\/div>\n\t\t\t\t<\/div>\n\t\t\t\t<div class=\"elementor-element elementor-element-712b7ba elementor-widget elementor-widget-video\" data-id=\"712b7ba\" data-element_type=\"widget\" data-settings=\"{&quot;video_type&quot;:&quot;vimeo&quot;}\" data-widget_type=\"video.default\">\n\t\t\t\t<div class=\"elementor-widget-container\">\n\t\t\t\t\t\t\t<div class=\"elementor-wrapper elementor-open-inline\">\n\t\t\t<iframe class=\"elementor-video-iframe\" allowfullscreen allow=\"clipboard-write\" title=\"vimeo Video Player\" src=\"https:\/\/player.vimeo.com\/video\/865283512?color&amp;autopause=0&amp;loop=0&amp;muted=0&amp;title=1&amp;portrait=1&amp;byline=1#t=\"><\/iframe>\t\t<\/div>\n\t\t\t\t\t\t<\/div>\n\t\t\t\t<\/div>\n\t\t\t\t<div class=\"elementor-element elementor-element-044587b elementor-widget elementor-widget-porto_ultimate_heading\" data-id=\"044587b\" data-element_type=\"widget\" data-widget_type=\"porto_ultimate_heading.default\">\n\t\t\t\t<div class=\"elementor-widget-container\">\n\t\t\t\t\t<div class=\"porto-u-heading  porto-u-55ca8359258f9a412be7e73af65d2aac \"><div class=\"porto-u-main-heading\"><h2 data-plugin-animated-words data-plugin-options=\"{&quot;startDelay&quot;:0,&quot;minWindowWidth&quot;:0,&quot;animationName&quot;:&quot;fadeIn&quot;,&quot;contentType&quot;:&quot;word&quot;}\"  >Installationsanleitung Schritt f\u00fcr Schritt<\/h2><\/div><style>.porto-u-55ca8359258f9a412be7e73af65d2aac.porto-u-heading{text-align:center}<\/style><\/div>\t\t\t\t<\/div>\n\t\t\t\t<\/div>\n\t\t\t\t<div class=\"elementor-element elementor-element-ddbaa6e elementor-widget elementor-widget-porto_steps\" data-id=\"ddbaa6e\" data-element_type=\"widget\" data-widget_type=\"porto_steps.default\">\n\t\t\t\t<div class=\"elementor-widget-container\">\n\t\t\t\t\t<section class=\"timeline\"><div class=\"timeline-body\"><div class=\"timeline-date \"><h3 class=\"time-text step-item-subtitle\">SCHRITT 1<\/h3><\/div><article class=\"timeline-box left\"><div><img decoding=\"async\" src=\"\/\/norecoil.net\/wp-content\/uploads\/2023\/09\/razer-synapse-3-logo.png\" class=\"img-responsive\" alt=\"Schritt 1: Razer Synapse 3 herunterladen\"><h4 class=\"timeline-item-title step-item-title\">Schritt 1: Razer Synapse 3 herunterladen<\/h4><div class=\"timeline-item-content\"><p>Zuallererst ben\u00f6tigen wir die <strong><span style=\"text-decoration: underline;\"><a href=\"https:\/\/rzr.to\/synapse-3-pc-download\" target=\"_blank\" rel=\"noopener\">Razer Synapse<\/a><\/span><a href=\"https:\/\/rzr.to\/synapse-3-pc-download\" target=\"_blank\" rel=\"noopener\"> 3<\/a> <\/strong>installiert haben.  <br>Zum Herunterladen der Razer Synapse 3 <strong>\n  <a href=\"https:\/\/rzr.to\/synapse-3-pc-download\" target=\"_blank\" rel=\"noopener\">\n    <span style=\"text-decoration: underline;\">Klicken Sie hier.<\/span>\n  <\/a>\n  <br>\n<\/strong><\/p><p>1. \u00d6ffnen Sie <strong>SYNAPSE 3<\/strong> und klicken Sie auf den Abschnitt<strong>\"MACRO<\/strong>\".<br>(Wenn Sie \"Macro\" nicht installiert haben, gehen Sie zu Synapse-&gt;Modules und installieren Sie es)<\/p><figure id=\"attachment_1696\" aria-describedby=\"caption-attachment-1696\" style=\"width: 1012px\" class=\"wp-caption alignnone\"><img fetchpriority=\"high\" decoding=\"async\" class=\"size-full wp-image-1696\" src=\"https:\/\/norecoil.net\/wp-content\/uploads\/2023\/09\/razer-1.gif\" alt=\"Navigieren Sie zum Makro-Bereich in Synapse 3  \" width=\"1012\" height=\"714\"><figcaption id=\"caption-attachment-1696\" class=\"wp-caption-text\">Navigieren Sie zum Makro-Bereich in Synapse 3<\/figcaption><\/figure><\/div><\/div><\/article><div class=\"timeline-date \"><h3 class=\"time-text step-item-subtitle\">SCHRITT 2<\/h3><\/div><article class=\"timeline-box right\"><div><h4 class=\"timeline-item-title step-item-title\">Importieren Sie die Razer No Recoil Makro-Dateien in Synapse 3<\/h4><div class=\"timeline-item-content\"><div class=\"fw-row\"><div class=\"sh-column sh-column-7be3fb1e777683ea1c4bb7ab64b159f2 fw-col-xs-12\"><div class=\"sh-column-wrapper\"><div id=\"text-block-f5f5e77495aebb2154811a571e1d001d\" class=\"sh-text-block\"> <\/div><\/div><\/div><\/div><div class=\"fw-row\"><div class=\"sh-column sh-column-7be3fb1e777683ea1c4bb7ab64b159f2 fw-col-xs-12\"><div class=\"sh-column-wrapper\"><div id=\"text-block-f2e614b39e4872afb308cdef6d84ff48\" class=\"sh-text-block\"><p>Klicken Sie auf das <strong>Import-Symbol<\/strong> und importieren Sie das Skript <strong>No Recoil Macro Razer Files<\/strong> (.xml), das Sie importieren m\u00f6chten.<\/p><\/div><figure id=\"attachment_1697\" aria-describedby=\"caption-attachment-1697\" style=\"width: 810px\" class=\"wp-caption alignnone\"><img decoding=\"async\" class=\"size-full wp-image-1697\" src=\"https:\/\/norecoil.net\/wp-content\/uploads\/2023\/09\/razer-import.gif\" alt=\"Importieren Sie die No Recoil Makro-Dateien (.xml)\" width=\"810\" height=\"571\"><figcaption id=\"caption-attachment-1697\" class=\"wp-caption-text\">Importieren Sie die No Recoil Makro-Dateien (.xml)<\/figcaption><\/figure><p> <\/p><\/div><p>Gehen Sie zu <strong>Profil<\/strong> und klicken Sie auf <strong>+, um <\/strong>ein neues Profil hinzuzuf\u00fcgen.<br><strong>F\u00fcgen Sie f\u00fcr jede Waffe<\/strong> ein <strong>Profil<\/strong> und<br>den<strong> gleichen Namen<\/strong> wie die <strong>Waffe<\/strong> geben <strong>.<br><br><\/strong><\/p><\/div><\/div><figure id=\"attachment_1698\" aria-describedby=\"caption-attachment-1698\" style=\"width: 1012px\" class=\"wp-caption alignnone\"><img decoding=\"async\" class=\"size-full wp-image-1698\" src=\"https:\/\/norecoil.net\/wp-content\/uploads\/2023\/09\/Razer-Profile.gif\" alt=\"Ein Profil in Razer Synapse 3 erstellen  \" width=\"1012\" height=\"714\"><figcaption id=\"caption-attachment-1698\" class=\"wp-caption-text\">Ein Profil in Razer Synapse 3 erstellen<\/figcaption><\/figure><p> <\/p><p>Jetzt geh zur <strong>Maus<\/strong>.<br><br><\/p><figure id=\"attachment_1699\" aria-describedby=\"caption-attachment-1699\" style=\"width: 810px\" class=\"wp-caption alignnone\"><img loading=\"lazy\" decoding=\"async\" class=\"size-full wp-image-1699\" src=\"https:\/\/norecoil.net\/wp-content\/uploads\/2023\/09\/go-to-mouse.gif\" alt=\"Navigieren Sie in Synapse 3 zu Maus  \" width=\"810\" height=\"571\"><figcaption id=\"caption-attachment-1699\" class=\"wp-caption-text\">Navigieren Sie in Synapse 3 zu Maus<\/figcaption><\/figure><p> <\/p><p>Um den <strong>Linksklick<\/strong> zu verwenden, m\u00fcssen wir ihn zun\u00e4chst einer anderen Taste zuweisen.<\/p><p> <\/p><figure id=\"attachment_1700\" aria-describedby=\"caption-attachment-1700\" style=\"width: 1012px\" class=\"wp-caption alignnone\"><img loading=\"lazy\" decoding=\"async\" class=\"size-full wp-image-1700\" src=\"https:\/\/norecoil.net\/wp-content\/uploads\/2023\/09\/razer-5.gif\" alt=\"Zuweisung der Funktion der linken Maustaste an eine andere Maustaste\" width=\"1012\" height=\"714\"><figcaption id=\"caption-attachment-1700\" class=\"wp-caption-text\">Zuweisung der Funktion der linken Maustaste an eine andere Maustaste<\/figcaption><\/figure><\/div><\/div><\/article><div class=\"timeline-date \"><h3 class=\"time-text step-item-subtitle\">Schritt 3<\/h3><\/div><article class=\"timeline-box left\"><div><h4 class=\"timeline-item-title step-item-title\">Weisen Sie Ihrer Maustaste das Makro &quot;No Recoil&quot; zu<\/h4><div class=\"timeline-item-content\"><p>Jetzt k\u00f6nnen wir das Makro unserer linken Maustaste zuweisen.<br>Klicken Sie auf die linke Maustaste, gehen Sie im Men\u00fc auf <strong>MACRO<\/strong> und w\u00e4hlen Sie die Waffe, die Sie <strong>zuweisen<\/strong> m\u00f6chten <strong>.<br><\/strong>! <strong>Bevor Sie eine Waffe zuweisen!<br>Bitte \u00fcberpr\u00fcfen Sie zuerst, welches Profil Sie bearbeiten.<br>Wenn Sie das Profil AK47 bearbeiten, f\u00fcgen Sie das Makro AK47 hinzu.<br>Damit Sie nicht durcheinander kommen!<\/strong><\/p><p>W\u00e4hlen Sie aus den <strong>Wiedergabeoptionen<br>Wiedergabe, w\u00e4hrend die zugewiesene Taste gedr\u00fcckt wird.<\/strong><\/p><figure id=\"attachment_1701\" aria-describedby=\"caption-attachment-1701\" style=\"width: 1012px\" class=\"wp-caption alignnone\"><img loading=\"lazy\" decoding=\"async\" class=\"size-full wp-image-1701\" src=\"https:\/\/norecoil.net\/wp-content\/uploads\/2023\/09\/razer-6.gif\" alt=\"Weisen Sie das Razer No Recoil Makro Ihrer Maustaste zu\" width=\"1012\" height=\"714\"><figcaption id=\"caption-attachment-1701\" class=\"wp-caption-text\">Weisen Sie das Razer No Recoil Makro Ihrer Maustaste zu<\/figcaption><\/figure><p> <\/p><p>7. Nun m\u00fcssen wir f\u00fcr 2 Tasten die <strong>Funktion Switch Profile<\/strong> zuweisen.<br>So k\u00f6nnen wir leicht <strong>zwischen<\/strong> unseren <strong>Profilen<\/strong> <strong>wechseln<\/strong>.<\/p><p>Wir k\u00f6nnen<strong> N\u00e4chstes<\/strong> <strong>Profil\/Vorheriges Profil<\/strong> oder<br>k\u00f6nnen wir ein <strong>spezielles Profil<\/strong> w\u00e4hlen.<br>Es liegt an Ihnen. Sie k\u00f6nnen sie nach Belieben zuordnen.<br><em>(Vergessen Sie nicht, ein Standardprofil zuzuweisen, damit Sie das Makro leicht schlie\u00dfen k\u00f6nnen, w\u00e4hrend Sie im Spielmen\u00fc sind oder etwas anderes tun \/ Sie k\u00f6nnen auch die Linksklick-Taste verwenden, die Sie einer anderen Taste zugewiesen haben).<\/em><\/p><p> <\/p><figure id=\"attachment_1702\" aria-describedby=\"caption-attachment-1702\" style=\"width: 1012px\" class=\"wp-caption alignnone\"><img loading=\"lazy\" decoding=\"async\" class=\"wp-image-1702 size-full\" src=\"https:\/\/norecoil.net\/wp-content\/uploads\/2023\/09\/razer-7.gif\" alt=\"Zuweisen eines bestimmten Profils zu einer anderen Maustaste zum Umschalten\" width=\"1012\" height=\"714\"><figcaption id=\"caption-attachment-1702\" class=\"wp-caption-text\">Zuweisen eines bestimmten Profils zu einer anderen Maustaste zum Umschalten<\/dd><dd><\/figcaption><\/figure><figure id=\"attachment_1703\" aria-describedby=\"caption-attachment-1703\" style=\"width: 1012px\" class=\"wp-caption alignnone\"><img loading=\"lazy\" decoding=\"async\" class=\"size-full wp-image-1703\" src=\"https:\/\/norecoil.net\/wp-content\/uploads\/2023\/09\/razer-weapon.gif\" alt=\"Zuweisen eines bestimmten Profils zu einer anderen Maustaste zum Umschalten\" width=\"1012\" height=\"714\"><figcaption id=\"caption-attachment-1703\" class=\"wp-caption-text\">Zuweisen eines bestimmten Profils zu einer anderen Maustaste zum Umschalten<\/figcaption><\/figure><\/div><\/div><\/article><div class=\"timeline-date \"><h3 class=\"time-text step-item-subtitle\">Schritt 4<\/h3><\/div><article class=\"timeline-box right\"><div><h4 class=\"timeline-item-title step-item-title\">Am Ende wird es so aussehen.<\/h4><div class=\"timeline-item-content\"><figure id=\"attachment_1704\" aria-describedby=\"caption-attachment-1704\" style=\"width: 1024px\" class=\"wp-caption alignnone\"><img loading=\"lazy\" decoding=\"async\" class=\"size-full wp-image-1704\" src=\"https:\/\/norecoil.net\/wp-content\/uploads\/2023\/09\/Razer-Synapse-3-Macros.png\" alt=\"Razer Synapse 3 Kein R\u00fccksto\u00df Makro  \" width=\"1024\" height=\"720\" srcset=\"https:\/\/norecoil.net\/wp-content\/uploads\/2023\/09\/Razer-Synapse-3-Macros.png 1024w, https:\/\/norecoil.net\/wp-content\/uploads\/2023\/09\/Razer-Synapse-3-Macros-600x422.png 600w, https:\/\/norecoil.net\/wp-content\/uploads\/2023\/09\/Razer-Synapse-3-Macros-768x540.png 768w, https:\/\/norecoil.net\/wp-content\/uploads\/2023\/09\/Razer-Synapse-3-Macros-640x450.png 640w, https:\/\/norecoil.net\/wp-content\/uploads\/2023\/09\/Razer-Synapse-3-Macros-400x281.png 400w\" sizes=\"(max-width: 1024px) 100vw, 1024px\" \/><figcaption id=\"caption-attachment-1704\" class=\"wp-caption-text\">Razer Synapse 3 Kein R\u00fccksto\u00df Makro<\/figcaption><\/figure><p>Im Beispiel sehen Sie, dass es sich um das Profil XM4 handelt.<br>Jetzt m\u00fcssen wir das andere Profil ausw\u00e4hlen, das wir verwenden wollen, und die gleichen Schritte wiederholen, damit wir leicht wechseln k\u00f6nnen.<\/p><p>Wenn Sie eine von Synapse 3 unterst\u00fctzte Tastatur haben, gehen Sie \u00fcber das Men\u00fc zu Synapse -&gt; Global Shortcuts -&gt; Add new Shortcut<br>Und klicken Sie auf Profil wechseln.<br>Sie k\u00f6nnen ganz einfach \u00fcber Ihre Tastatur zwischen den Profilen wechseln.<br><br><span style=\"text-decoration: underline;\"><strong><a href=\"\/razer-no-recoil-macro\">Klicken Sie hier, um alle Razer No Recoil Makro Produkte zu sehen<\/a><\/strong><\/span> <\/p><h3>!WICHTIG!<br>In den Profilen ist \"Verkn\u00fcpfte Spiele\" mit dem Profil verbunden.<br>\"Verkn\u00fcpfen Sie zu Ihrer Sicherheit <em> kein<\/em> Spiel mit Ihren Profilen!<\/h3><\/div><\/div><\/article><\/div><\/section>\t\t\t\t<\/div>\n\t\t\t\t<\/div>\n\t\t\t\t\t<\/div>\r\n\t\t\t\t<\/div>\r\n\t\t\t\t\t<\/div>\r\n\t\t\t\t<\/section>\r\n\t\t\t\t<\/div>\n\t\t","protected":false},"excerpt":{"rendered":"<p>So installieren Sie das Razer No Recoil Makro Wie installiert man Razer Synapse 3? Schauen Sie sich das Video an und \u00fcberpr\u00fcfen Sie die einzelnen Schritte f\u00fcr eine korrekte Installation f\u00fcr Razer No Recoil Macros. Video-Anleitung Installationsanleitung Schritt f\u00fcr Schritt SCHRITT 1 Schritt 1: Razer Synapse 3 herunterladen Zuallererst ben\u00f6tigen wir die Razer Synapse 3 [&hellip;]<\/p>\n","protected":false},"author":1,"featured_media":3762,"parent":0,"menu_order":0,"comment_status":"open","ping_status":"closed","template":"","meta":{"_acf_changed":false,"content-type":"","cybocfi_hide_featured_image":"","footnotes":""},"class_list":["post-5811","page","type-page","status-publish","has-post-thumbnail","hentry"],"acf":[],"yoast_head":"<!-- This site is optimized with the Yoast SEO Premium plugin v21.1 (Yoast SEO v21.1) - https:\/\/yoast.com\/wordpress\/plugins\/seo\/ -->\n<title>So installieren Sie das Razer No Recoil Makro<\/title>\n<meta name=\"description\" content=\"Wie installiert man Razer No Recoil Macro f\u00fcr Razer Synapse 3. No Recoil Makro Installation f\u00fcr jede Razer Synapse 3 Anleitung mit Video.\" \/>\n<meta name=\"robots\" content=\"index, follow, max-snippet:-1, max-image-preview:large, max-video-preview:-1\" \/>\n<link rel=\"canonical\" href=\"https:\/\/norecoil.net\/de\/so-installieren-sie-das-razer-no-recoil-makro\/\" \/>\n<meta property=\"og:locale\" content=\"de_DE\" \/>\n<meta property=\"og:type\" content=\"article\" \/>\n<meta property=\"og:title\" content=\"So installieren Sie das Razer No Recoil Makro\" \/>\n<meta property=\"og:description\" content=\"Wie installiert man Razer No Recoil Macro f\u00fcr Razer Synapse 3. No Recoil Makro Installation f\u00fcr jede Razer Synapse 3 Anleitung mit Video.\" \/>\n<meta property=\"og:url\" content=\"https:\/\/norecoil.net\/de\/so-installieren-sie-das-razer-no-recoil-makro\/\" \/>\n<meta property=\"og:site_name\" content=\"NoRecoil.Net\" \/>\n<meta property=\"article:modified_time\" content=\"2024-02-28T15:02:30+00:00\" \/>\n<meta property=\"og:image\" content=\"https:\/\/norecoil.net\/wp-content\/uploads\/2023\/09\/how-to-install-razer-synapse-3.jpg\" \/>\n\t<meta property=\"og:image:width\" content=\"1200\" \/>\n\t<meta property=\"og:image:height\" content=\"675\" \/>\n\t<meta property=\"og:image:type\" content=\"image\/jpeg\" \/>\n<meta name=\"twitter:card\" content=\"summary_large_image\" \/>\n<meta name=\"twitter:label1\" content=\"Gesch\u00e4tzte Lesezeit\" \/>\n\t<meta name=\"twitter:data1\" content=\"3 Minuten\" \/>\n<script type=\"application\/ld+json\" class=\"yoast-schema-graph\">{\"@context\":\"https:\/\/schema.org\",\"@graph\":[{\"@type\":\"WebPage\",\"@id\":\"https:\/\/norecoil.net\/de\/so-installieren-sie-das-razer-no-recoil-makro\/\",\"url\":\"https:\/\/norecoil.net\/de\/so-installieren-sie-das-razer-no-recoil-makro\/\",\"name\":\"So installieren Sie das Razer No Recoil Makro\",\"isPartOf\":{\"@id\":\"https:\/\/norecoil.net\/de\/#website\"},\"datePublished\":\"2023-09-17T17:09:39+00:00\",\"dateModified\":\"2024-02-28T15:02:30+00:00\",\"description\":\"Wie installiert man Razer No Recoil Macro f\u00fcr Razer Synapse 3. No Recoil Makro Installation f\u00fcr jede Razer Synapse 3 Anleitung mit Video.\",\"breadcrumb\":{\"@id\":\"https:\/\/norecoil.net\/de\/so-installieren-sie-das-razer-no-recoil-makro\/#breadcrumb\"},\"inLanguage\":\"de-DE\",\"potentialAction\":[{\"@type\":\"ReadAction\",\"target\":[\"https:\/\/norecoil.net\/de\/so-installieren-sie-das-razer-no-recoil-makro\/\"]}]},{\"@type\":\"BreadcrumbList\",\"@id\":\"https:\/\/norecoil.net\/de\/so-installieren-sie-das-razer-no-recoil-makro\/#breadcrumb\",\"itemListElement\":[{\"@type\":\"ListItem\",\"position\":1,\"name\":\"Home\",\"item\":\"https:\/\/norecoil.net\/de\/norecoil-net\/\"},{\"@type\":\"ListItem\",\"position\":2,\"name\":\"So installieren Sie das Razer No Recoil Makro\"}]},{\"@type\":\"WebSite\",\"@id\":\"https:\/\/norecoil.net\/de\/#website\",\"url\":\"https:\/\/norecoil.net\/de\/\",\"name\":\"NoRecoil.Net\",\"description\":\"\",\"potentialAction\":[{\"@type\":\"SearchAction\",\"target\":{\"@type\":\"EntryPoint\",\"urlTemplate\":\"https:\/\/norecoil.net\/de\/?s={search_term_string}\"},\"query-input\":\"required name=search_term_string\"}],\"inLanguage\":\"de-DE\"}]}<\/script>\n<!-- \/ Yoast SEO Premium plugin. -->","yoast_head_json":{"title":"So installieren Sie das Razer No Recoil Makro","description":"Wie installiert man Razer No Recoil Macro f\u00fcr Razer Synapse 3. No Recoil Makro Installation f\u00fcr jede Razer Synapse 3 Anleitung mit Video.","robots":{"index":"index","follow":"follow","max-snippet":"max-snippet:-1","max-image-preview":"max-image-preview:large","max-video-preview":"max-video-preview:-1"},"canonical":"https:\/\/norecoil.net\/de\/so-installieren-sie-das-razer-no-recoil-makro\/","og_locale":"de_DE","og_type":"article","og_title":"So installieren Sie das Razer No Recoil Makro","og_description":"Wie installiert man Razer No Recoil Macro f\u00fcr Razer Synapse 3. No Recoil Makro Installation f\u00fcr jede Razer Synapse 3 Anleitung mit Video.","og_url":"https:\/\/norecoil.net\/de\/so-installieren-sie-das-razer-no-recoil-makro\/","og_site_name":"NoRecoil.Net","article_modified_time":"2024-02-28T15:02:30+00:00","og_image":[{"width":1200,"height":675,"url":"https:\/\/norecoil.net\/wp-content\/uploads\/2023\/09\/how-to-install-razer-synapse-3.jpg","type":"image\/jpeg"}],"twitter_card":"summary_large_image","twitter_misc":{"Gesch\u00e4tzte Lesezeit":"3 Minuten"},"schema":{"@context":"https:\/\/schema.org","@graph":[{"@type":"WebPage","@id":"https:\/\/norecoil.net\/de\/so-installieren-sie-das-razer-no-recoil-makro\/","url":"https:\/\/norecoil.net\/de\/so-installieren-sie-das-razer-no-recoil-makro\/","name":"So installieren Sie das Razer No Recoil Makro","isPartOf":{"@id":"https:\/\/norecoil.net\/de\/#website"},"datePublished":"2023-09-17T17:09:39+00:00","dateModified":"2024-02-28T15:02:30+00:00","description":"Wie installiert man Razer No Recoil Macro f\u00fcr Razer Synapse 3. No Recoil Makro Installation f\u00fcr jede Razer Synapse 3 Anleitung mit Video.","breadcrumb":{"@id":"https:\/\/norecoil.net\/de\/so-installieren-sie-das-razer-no-recoil-makro\/#breadcrumb"},"inLanguage":"de-DE","potentialAction":[{"@type":"ReadAction","target":["https:\/\/norecoil.net\/de\/so-installieren-sie-das-razer-no-recoil-makro\/"]}]},{"@type":"BreadcrumbList","@id":"https:\/\/norecoil.net\/de\/so-installieren-sie-das-razer-no-recoil-makro\/#breadcrumb","itemListElement":[{"@type":"ListItem","position":1,"name":"Home","item":"https:\/\/norecoil.net\/de\/norecoil-net\/"},{"@type":"ListItem","position":2,"name":"So installieren Sie das Razer No Recoil Makro"}]},{"@type":"WebSite","@id":"https:\/\/norecoil.net\/de\/#website","url":"https:\/\/norecoil.net\/de\/","name":"NoRecoil.Net","description":"","potentialAction":[{"@type":"SearchAction","target":{"@type":"EntryPoint","urlTemplate":"https:\/\/norecoil.net\/de\/?s={search_term_string}"},"query-input":"required name=search_term_string"}],"inLanguage":"de-DE"}]}},"_links":{"self":[{"href":"https:\/\/norecoil.net\/de\/wp-json\/wp\/v2\/pages\/5811","targetHints":{"allow":["GET"]}}],"collection":[{"href":"https:\/\/norecoil.net\/de\/wp-json\/wp\/v2\/pages"}],"about":[{"href":"https:\/\/norecoil.net\/de\/wp-json\/wp\/v2\/types\/page"}],"author":[{"embeddable":true,"href":"https:\/\/norecoil.net\/de\/wp-json\/wp\/v2\/users\/1"}],"replies":[{"embeddable":true,"href":"https:\/\/norecoil.net\/de\/wp-json\/wp\/v2\/comments?post=5811"}],"version-history":[{"count":0,"href":"https:\/\/norecoil.net\/de\/wp-json\/wp\/v2\/pages\/5811\/revisions"}],"wp:featuredmedia":[{"embeddable":true,"href":"https:\/\/norecoil.net\/de\/wp-json\/wp\/v2\/media\/3762"}],"wp:attachment":[{"href":"https:\/\/norecoil.net\/de\/wp-json\/wp\/v2\/media?parent=5811"}],"curies":[{"name":"wp","href":"https:\/\/api.w.org\/{rel}","templated":true}]}}