{"id":5786,"date":"2023-09-17T08:45:21","date_gmt":"2023-09-17T08:45:21","guid":{"rendered":"https:\/\/norecoil.net\/so-fuehren-sie-ein-downgrade-ihrer-logitech-g-hub-software-durch\/"},"modified":"2024-02-28T15:02:30","modified_gmt":"2024-02-28T15:02:30","slug":"so-fuehren-sie-ein-downgrade-ihrer-logitech-g-hub-software-durch","status":"publish","type":"page","link":"https:\/\/norecoil.net\/de\/so-fuehren-sie-ein-downgrade-ihrer-logitech-g-hub-software-durch\/","title":{"rendered":"So f\u00fchren Sie ein Downgrade Ihrer Logitech G-Hub Software durch"},"content":{"rendered":"\t\t<div data-elementor-type=\"wp-page\" data-elementor-id=\"5786\" class=\"elementor elementor-5786 elementor-1684\">\n\t\t\t\t\t\t<section class=\"elementor-section elementor-top-section elementor-element elementor-element-007144e elementor-section-boxed elementor-section-height-default elementor-section-height-default\" data-id=\"007144e\" data-element_type=\"section\">\r\n\t\t\r\n\t\t\t\t\t\t\t<div class=\"elementor-container elementor-column-gap-default\">\r\n\t\t\t\t\t\t\t\t\t\t\t<div class=\"elementor-column elementor-col-100 elementor-top-column elementor-element elementor-element-aff4496 mx-auto\" data-id=\"aff4496\" data-element_type=\"column\">\r\n\t\t\t\t\t<div class=\"elementor-widget-wrap elementor-element-populated\">\r\n\t\t\t\t\t\t\t\t<div class=\"elementor-element elementor-element-2718dbf elementor-widget elementor-widget-porto_ultimate_heading\" data-id=\"2718dbf\" data-element_type=\"widget\" data-widget_type=\"porto_ultimate_heading.default\">\n\t\t\t\t<div class=\"elementor-widget-container\">\n\t\t\t\t\t<div class=\"porto-u-heading  porto-u-55ca8359258f9a412be7e73af65d2aac \"><div class=\"porto-u-main-heading\"><h2   >So f\u00fchren Sie ein Downgrade Ihrer Logitech G-Hub Software durch<\/h2><\/div><div class=\"porto-u-sub-heading\" style=\"\"><p style=\"text-align: center;\">Wenn Sie Ihre <strong>Logitech G-Hub-Software<\/strong> k\u00fcrzlich aktualisiert haben und feststellen, dass sie nicht Ihren Anforderungen entspricht oder Kompatibilit\u00e4tsprobleme aufweist, sollten Sie ein Downgrade in Betracht ziehen. Sie haben Gl\u00fcck: Das Upgrade der Logitech G-Hub-Version ist ganz einfach, wenn Sie die richtigen Schritte befolgen. In dieser Anleitung zeigen wir Ihnen, wie Sie Ihre Logitech G-Hub-Version sicher und effektiv herabstufen k\u00f6nnen.<\/p><h4 style=\"text-align: center;\">Schritt 1: Auto-Update in den Einstellungen deaktivieren<\/h4><p style=\"text-align: center;\">Als Erstes m\u00fcssen Sie die <strong>automatische Aktualisierungsfunktion<\/strong> in den Einstellungen der Logitech G-Hub-Software deaktivieren. Durch die Deaktivierung dieser Funktion wird verhindert, dass sich die Software automatisch auf die Version aktualisiert, die Sie vermeiden m\u00f6chten.<\/p><p> <\/p><center><figure id=\"attachment_1687\" aria-describedby=\"caption-attachment-1687\" style=\"width: 890px\" class=\"wp-caption aligncenter\"><img fetchpriority=\"high\" decoding=\"async\" class=\"size-full wp-image-1687\" src=\"https:\/\/norecoil.net\/wp-content\/uploads\/2023\/09\/disable-auto-update.gif\" alt=\"Automatische Aktualisierung in der Logitech G-Hub-Software deaktivieren\" width=\"890\" height=\"609\"><figcaption id=\"caption-attachment-1687\" class=\"wp-caption-text\">Automatische Aktualisierung in der Logitech G-Hub-Software deaktivieren<\/figcaption><\/figure><\/center><p> <\/p><h4 style=\"text-align: center;\">Schritt 2: Deinstallieren Sie die aktuelle G-Hub-Version<\/h4><p style=\"text-align: center;\">Als n\u00e4chstes m\u00fcssen Sie die <strong>vorhandene Logitech G-Hub-Software<\/strong> von Ihrem Computer <strong>deinstallieren<\/strong>. Um sicherzugehen, dass Sie das Programm vollst\u00e4ndig entfernt haben, empfehlen wir die Verwendung von <a href=\"https:\/\/www.revouninstaller.com\/start-freeware-download\/\" target=\"_blank\" rel=\"noopener\">\n  <strong>Revo Uninstaller<\/strong>\n<\/a>. Stellen Sie Revo Uninstaller auf den erweiterten Modus ein, um alle Registrierungsdateien und andere Restdateien im Zusammenhang mit G-Hub zu l\u00f6schen.<\/p><h4 style=\"text-align: center;\">Schritt 3: Starten Sie Ihren Computer neu<\/h4><p style=\"text-align: center;\"><strong>Starten<\/strong> Sie nach der Deinstallation der Software den <strong>Computer neu<\/strong>, um sicherzustellen, dass alle \u00c4nderungen wirksam werden und alle verbleibenden Dateien entfernt werden.<\/p><h4 style=\"text-align: center;\">Schritt 4: Herunterladen der Downgrade-Version<\/h4><p style=\"text-align: center;\">Nachdem Ihr Computer neu gestartet wurde, ist es an der Zeit, <strong>die Downgrade-Version<\/strong> von Logitech G-Hub <strong>herunterzuladen<\/strong>. F\u00fcr diese Anleitung verwenden wir die Version <strong>2021.11.1775<\/strong>, aber Sie k\u00f6nnen die Version w\u00e4hlen, die Ihren Bed\u00fcrfnissen am besten entspricht. Gehen Sie nach dem Herunterladen sofort zu den Einstellungen der Software und deaktivieren Sie die automatische Aktualisierungsfunktion wieder, um sicherzustellen, dass die Software nicht automatisch aktualisiert wird.<\/p><h3 style=\"text-align: center;\">Download-Link f\u00fcr G-Hub Version: 2021.11.1775<\/h3><p style=\"text-align: center;\"><a href=\"https:\/\/www.mediafire.com\/file\/ao4cmt784huxdwh\/lghub_installer_2021.11.1775.exe\/file\" target=\"_blank\" rel=\"noopener\">Laden Sie die G-Hub Version 2021.11.1775 hier herunter<\/a><\/p><h3 style=\"text-align: center;\">Schlussfolgerung<\/h3><p style=\"text-align: center;\">Und das ist alles, was es zu tun gibt! Sie haben <strong>Ihre Logitech G-Hub-Software<\/strong> erfolgreich <strong>heruntergestuft<\/strong>. Wenn Sie diese Schritte sorgf\u00e4ltig ausf\u00fchren, k\u00f6nnen Sie zu einer Version zur\u00fcckkehren, mit der Sie zufrieden sind. Denken Sie daran, dass Sie nach dem Downgrade die automatische Aktualisierungsfunktion deaktivieren m\u00fcssen, wenn Sie in Zukunft nicht erneut aktualisieren m\u00f6chten. Genie\u00dfen Sie Ihr optimiertes Erlebnis mit Logitech G-Hub! Um alle Logitech G-Hub Software Produkte zu sehen <a href=\"\/logitech-no-recoil-macro\">, klicken Sie hier!<\/a><\/p><\/div><style>.porto-u-55ca8359258f9a412be7e73af65d2aac.porto-u-heading{text-align:center}<\/style><\/div>\t\t\t\t<\/div>\n\t\t\t\t<\/div>\n\t\t\t\t\t<\/div>\r\n\t\t\t\t<\/div>\r\n\t\t\t\t\t<\/div>\r\n\t\t\t\t<\/section>\r\n\t\t\t\t<\/div>\n\t\t","protected":false},"excerpt":{"rendered":"<p>So f\u00fchren Sie ein Downgrade Ihrer Logitech G-Hub Software durch Wenn Sie Ihre Logitech G-Hub-Software k\u00fcrzlich aktualisiert haben und feststellen, dass sie nicht Ihren Anforderungen entspricht oder Kompatibilit\u00e4tsprobleme aufweist, sollten Sie ein Downgrade in Betracht ziehen. Sie haben Gl\u00fcck: Das Upgrade der Logitech G-Hub-Version ist ganz einfach, wenn Sie die richtigen Schritte befolgen. In dieser [&hellip;]<\/p>\n","protected":false},"author":1,"featured_media":3685,"parent":0,"menu_order":0,"comment_status":"open","ping_status":"closed","template":"","meta":{"_acf_changed":false,"content-type":"","cybocfi_hide_featured_image":"","footnotes":""},"class_list":["post-5786","page","type-page","status-publish","has-post-thumbnail","hentry"],"acf":[],"yoast_head":"<!-- This site is optimized with the Yoast SEO Premium plugin v21.1 (Yoast SEO v21.1) - https:\/\/yoast.com\/wordpress\/plugins\/seo\/ -->\n<title>Downgrade der Logitech G-Hub Software-Version<\/title>\n<meta name=\"description\" content=\"Haben Sie Probleme mit dem neuesten Update? Erfahren Sie, wie Sie Ihre Logitech G-Hub-Version mit unserer ausf\u00fchrlichen Schritt-f\u00fcr-Schritt-Anleitung einfach herunterstufen k\u00f6nnen.\" \/>\n<meta name=\"robots\" content=\"index, follow, max-snippet:-1, max-image-preview:large, max-video-preview:-1\" \/>\n<link rel=\"canonical\" href=\"https:\/\/norecoil.net\/de\/so-fuehren-sie-ein-downgrade-ihrer-logitech-g-hub-software-durch\/\" \/>\n<meta property=\"og:locale\" content=\"de_DE\" \/>\n<meta property=\"og:type\" content=\"article\" \/>\n<meta property=\"og:title\" content=\"So f\u00fchren Sie ein Downgrade Ihrer Logitech G-Hub Software durch\" \/>\n<meta property=\"og:description\" content=\"Haben Sie Probleme mit dem neuesten Update? Erfahren Sie, wie Sie Ihre Logitech G-Hub-Version mit unserer ausf\u00fchrlichen Schritt-f\u00fcr-Schritt-Anleitung einfach herunterstufen k\u00f6nnen.\" \/>\n<meta property=\"og:url\" content=\"https:\/\/norecoil.net\/de\/so-fuehren-sie-ein-downgrade-ihrer-logitech-g-hub-software-durch\/\" \/>\n<meta property=\"og:site_name\" content=\"NoRecoil.Net\" \/>\n<meta property=\"article:modified_time\" content=\"2024-02-28T15:02:30+00:00\" \/>\n<meta property=\"og:image\" content=\"https:\/\/norecoil.net\/wp-content\/uploads\/2023\/09\/downgrade-g-hub-logitech-software.webp\" \/>\n\t<meta property=\"og:image:width\" content=\"1200\" \/>\n\t<meta property=\"og:image:height\" content=\"675\" \/>\n\t<meta property=\"og:image:type\" content=\"image\/webp\" \/>\n<meta name=\"twitter:card\" content=\"summary_large_image\" \/>\n<meta name=\"twitter:label1\" content=\"Gesch\u00e4tzte Lesezeit\" \/>\n\t<meta name=\"twitter:data1\" content=\"2 Minuten\" \/>\n<script type=\"application\/ld+json\" class=\"yoast-schema-graph\">{\"@context\":\"https:\/\/schema.org\",\"@graph\":[{\"@type\":\"WebPage\",\"@id\":\"https:\/\/norecoil.net\/de\/so-fuehren-sie-ein-downgrade-ihrer-logitech-g-hub-software-durch\/\",\"url\":\"https:\/\/norecoil.net\/de\/so-fuehren-sie-ein-downgrade-ihrer-logitech-g-hub-software-durch\/\",\"name\":\"Downgrade der Logitech G-Hub Software-Version\",\"isPartOf\":{\"@id\":\"https:\/\/norecoil.net\/de\/#website\"},\"datePublished\":\"2023-09-17T08:45:21+00:00\",\"dateModified\":\"2024-02-28T15:02:30+00:00\",\"description\":\"Haben Sie Probleme mit dem neuesten Update? Erfahren Sie, wie Sie Ihre Logitech G-Hub-Version mit unserer ausf\u00fchrlichen Schritt-f\u00fcr-Schritt-Anleitung einfach herunterstufen k\u00f6nnen.\",\"breadcrumb\":{\"@id\":\"https:\/\/norecoil.net\/de\/so-fuehren-sie-ein-downgrade-ihrer-logitech-g-hub-software-durch\/#breadcrumb\"},\"inLanguage\":\"de-DE\",\"potentialAction\":[{\"@type\":\"ReadAction\",\"target\":[\"https:\/\/norecoil.net\/de\/so-fuehren-sie-ein-downgrade-ihrer-logitech-g-hub-software-durch\/\"]}]},{\"@type\":\"BreadcrumbList\",\"@id\":\"https:\/\/norecoil.net\/de\/so-fuehren-sie-ein-downgrade-ihrer-logitech-g-hub-software-durch\/#breadcrumb\",\"itemListElement\":[{\"@type\":\"ListItem\",\"position\":1,\"name\":\"Home\",\"item\":\"https:\/\/norecoil.net\/de\/norecoil-net\/\"},{\"@type\":\"ListItem\",\"position\":2,\"name\":\"So f\u00fchren Sie ein Downgrade Ihrer Logitech G-Hub Software durch\"}]},{\"@type\":\"WebSite\",\"@id\":\"https:\/\/norecoil.net\/de\/#website\",\"url\":\"https:\/\/norecoil.net\/de\/\",\"name\":\"NoRecoil.Net\",\"description\":\"\",\"potentialAction\":[{\"@type\":\"SearchAction\",\"target\":{\"@type\":\"EntryPoint\",\"urlTemplate\":\"https:\/\/norecoil.net\/de\/?s={search_term_string}\"},\"query-input\":\"required name=search_term_string\"}],\"inLanguage\":\"de-DE\"}]}<\/script>\n<!-- \/ Yoast SEO Premium plugin. -->","yoast_head_json":{"title":"Downgrade der Logitech G-Hub Software-Version","description":"Haben Sie Probleme mit dem neuesten Update? Erfahren Sie, wie Sie Ihre Logitech G-Hub-Version mit unserer ausf\u00fchrlichen Schritt-f\u00fcr-Schritt-Anleitung einfach herunterstufen k\u00f6nnen.","robots":{"index":"index","follow":"follow","max-snippet":"max-snippet:-1","max-image-preview":"max-image-preview:large","max-video-preview":"max-video-preview:-1"},"canonical":"https:\/\/norecoil.net\/de\/so-fuehren-sie-ein-downgrade-ihrer-logitech-g-hub-software-durch\/","og_locale":"de_DE","og_type":"article","og_title":"So f\u00fchren Sie ein Downgrade Ihrer Logitech G-Hub Software durch","og_description":"Haben Sie Probleme mit dem neuesten Update? Erfahren Sie, wie Sie Ihre Logitech G-Hub-Version mit unserer ausf\u00fchrlichen Schritt-f\u00fcr-Schritt-Anleitung einfach herunterstufen k\u00f6nnen.","og_url":"https:\/\/norecoil.net\/de\/so-fuehren-sie-ein-downgrade-ihrer-logitech-g-hub-software-durch\/","og_site_name":"NoRecoil.Net","article_modified_time":"2024-02-28T15:02:30+00:00","og_image":[{"width":1200,"height":675,"url":"https:\/\/norecoil.net\/wp-content\/uploads\/2023\/09\/downgrade-g-hub-logitech-software.webp","type":"image\/webp"}],"twitter_card":"summary_large_image","twitter_misc":{"Gesch\u00e4tzte Lesezeit":"2 Minuten"},"schema":{"@context":"https:\/\/schema.org","@graph":[{"@type":"WebPage","@id":"https:\/\/norecoil.net\/de\/so-fuehren-sie-ein-downgrade-ihrer-logitech-g-hub-software-durch\/","url":"https:\/\/norecoil.net\/de\/so-fuehren-sie-ein-downgrade-ihrer-logitech-g-hub-software-durch\/","name":"Downgrade der Logitech G-Hub Software-Version","isPartOf":{"@id":"https:\/\/norecoil.net\/de\/#website"},"datePublished":"2023-09-17T08:45:21+00:00","dateModified":"2024-02-28T15:02:30+00:00","description":"Haben Sie Probleme mit dem neuesten Update? Erfahren Sie, wie Sie Ihre Logitech G-Hub-Version mit unserer ausf\u00fchrlichen Schritt-f\u00fcr-Schritt-Anleitung einfach herunterstufen k\u00f6nnen.","breadcrumb":{"@id":"https:\/\/norecoil.net\/de\/so-fuehren-sie-ein-downgrade-ihrer-logitech-g-hub-software-durch\/#breadcrumb"},"inLanguage":"de-DE","potentialAction":[{"@type":"ReadAction","target":["https:\/\/norecoil.net\/de\/so-fuehren-sie-ein-downgrade-ihrer-logitech-g-hub-software-durch\/"]}]},{"@type":"BreadcrumbList","@id":"https:\/\/norecoil.net\/de\/so-fuehren-sie-ein-downgrade-ihrer-logitech-g-hub-software-durch\/#breadcrumb","itemListElement":[{"@type":"ListItem","position":1,"name":"Home","item":"https:\/\/norecoil.net\/de\/norecoil-net\/"},{"@type":"ListItem","position":2,"name":"So f\u00fchren Sie ein Downgrade Ihrer Logitech G-Hub Software durch"}]},{"@type":"WebSite","@id":"https:\/\/norecoil.net\/de\/#website","url":"https:\/\/norecoil.net\/de\/","name":"NoRecoil.Net","description":"","potentialAction":[{"@type":"SearchAction","target":{"@type":"EntryPoint","urlTemplate":"https:\/\/norecoil.net\/de\/?s={search_term_string}"},"query-input":"required name=search_term_string"}],"inLanguage":"de-DE"}]}},"_links":{"self":[{"href":"https:\/\/norecoil.net\/de\/wp-json\/wp\/v2\/pages\/5786","targetHints":{"allow":["GET"]}}],"collection":[{"href":"https:\/\/norecoil.net\/de\/wp-json\/wp\/v2\/pages"}],"about":[{"href":"https:\/\/norecoil.net\/de\/wp-json\/wp\/v2\/types\/page"}],"author":[{"embeddable":true,"href":"https:\/\/norecoil.net\/de\/wp-json\/wp\/v2\/users\/1"}],"replies":[{"embeddable":true,"href":"https:\/\/norecoil.net\/de\/wp-json\/wp\/v2\/comments?post=5786"}],"version-history":[{"count":0,"href":"https:\/\/norecoil.net\/de\/wp-json\/wp\/v2\/pages\/5786\/revisions"}],"wp:featuredmedia":[{"embeddable":true,"href":"https:\/\/norecoil.net\/de\/wp-json\/wp\/v2\/media\/3685"}],"wp:attachment":[{"href":"https:\/\/norecoil.net\/de\/wp-json\/wp\/v2\/media?parent=5786"}],"curies":[{"name":"wp","href":"https:\/\/api.w.org\/{rel}","templated":true}]}}