{"id":5762,"date":"2023-09-13T22:42:35","date_gmt":"2023-09-13T22:42:35","guid":{"rendered":"https:\/\/norecoil.net\/so-installieren-sie-das-logitech-no-recoil-makro\/"},"modified":"2024-02-28T15:02:19","modified_gmt":"2024-02-28T15:02:19","slug":"so-installieren-sie-das-logitech-no-recoil-makro","status":"publish","type":"page","link":"https:\/\/norecoil.net\/de\/so-installieren-sie-das-logitech-no-recoil-makro\/","title":{"rendered":"So installieren Sie das Logitech No Recoil Makro"},"content":{"rendered":"\t\t<div data-elementor-type=\"wp-page\" data-elementor-id=\"5762\" class=\"elementor elementor-5762 elementor-1600\">\n\t\t\t\t\t\t<section class=\"elementor-section elementor-top-section elementor-element elementor-element-007144e elementor-section-boxed elementor-section-height-default elementor-section-height-default\" data-id=\"007144e\" data-element_type=\"section\">\r\n\t\t\r\n\t\t\t\t\t\t\t<div class=\"elementor-container elementor-column-gap-default\">\r\n\t\t\t\t\t\t\t\t\t\t\t<div class=\"elementor-column elementor-col-100 elementor-top-column elementor-element elementor-element-aff4496 mx-auto\" data-id=\"aff4496\" data-element_type=\"column\">\r\n\t\t\t\t\t<div class=\"elementor-widget-wrap elementor-element-populated\">\r\n\t\t\t\t\t\t\t\t<div class=\"elementor-element elementor-element-2718dbf elementor-widget elementor-widget-porto_ultimate_heading\" data-id=\"2718dbf\" data-element_type=\"widget\" data-widget_type=\"porto_ultimate_heading.default\">\n\t\t\t\t<div class=\"elementor-widget-container\">\n\t\t\t\t\t<div class=\"porto-u-heading  porto-u-55ca8359258f9a412be7e73af65d2aac \"><div class=\"porto-u-main-heading\"><h2   >So installieren Sie das Logitech No Recoil Makro<\/h2><\/div><div class=\"porto-u-sub-heading\" style=\"\"><p>Wie man Logitech installiert; Sehen Sie sich das Video an und \u00fcberpr\u00fcfen Sie die einzelnen Schritte f\u00fcr eine korrekte Installation von <strong>Logitech No Recoil Macros.<\/strong><\/p><\/div><style>.porto-u-55ca8359258f9a412be7e73af65d2aac.porto-u-heading{text-align:center}<\/style><\/div>\t\t\t\t<\/div>\n\t\t\t\t<\/div>\n\t\t\t\t<div class=\"elementor-element elementor-element-86cb3d5 elementor-widget elementor-widget-porto_ultimate_heading\" data-id=\"86cb3d5\" data-element_type=\"widget\" data-widget_type=\"porto_ultimate_heading.default\">\n\t\t\t\t<div class=\"elementor-widget-container\">\n\t\t\t\t\t<div class=\"porto-u-heading  porto-u-55ca8359258f9a412be7e73af65d2aac \"><div class=\"porto-u-main-heading\"><h2 data-plugin-animated-words data-plugin-options=\"{&quot;startDelay&quot;:0,&quot;minWindowWidth&quot;:0,&quot;animationName&quot;:&quot;fadeIn&quot;,&quot;contentType&quot;:&quot;word&quot;}\"  >Video-Anleitung<\/h2><\/div><style>.porto-u-55ca8359258f9a412be7e73af65d2aac.porto-u-heading{text-align:center}<\/style><\/div>\t\t\t\t<\/div>\n\t\t\t\t<\/div>\n\t\t\t\t<div class=\"elementor-element elementor-element-712b7ba elementor-widget elementor-widget-video\" data-id=\"712b7ba\" data-element_type=\"widget\" data-settings=\"{&quot;video_type&quot;:&quot;vimeo&quot;}\" data-widget_type=\"video.default\">\n\t\t\t\t<div class=\"elementor-widget-container\">\n\t\t\t\t\t\t\t<div class=\"elementor-wrapper elementor-open-inline\">\n\t\t\t<iframe class=\"elementor-video-iframe\" allowfullscreen allow=\"clipboard-write\" title=\"vimeo Video Player\" src=\"https:\/\/player.vimeo.com\/video\/864201554?color&amp;autopause=0&amp;loop=0&amp;muted=0&amp;title=1&amp;portrait=1&amp;byline=1#t=\"><\/iframe>\t\t<\/div>\n\t\t\t\t\t\t<\/div>\n\t\t\t\t<\/div>\n\t\t\t\t<div class=\"elementor-element elementor-element-044587b elementor-widget elementor-widget-porto_ultimate_heading\" data-id=\"044587b\" data-element_type=\"widget\" data-widget_type=\"porto_ultimate_heading.default\">\n\t\t\t\t<div class=\"elementor-widget-container\">\n\t\t\t\t\t<div class=\"porto-u-heading  porto-u-55ca8359258f9a412be7e73af65d2aac \"><div class=\"porto-u-main-heading\"><h2 data-plugin-animated-words data-plugin-options=\"{&quot;startDelay&quot;:0,&quot;minWindowWidth&quot;:0,&quot;animationName&quot;:&quot;fadeIn&quot;,&quot;contentType&quot;:&quot;word&quot;}\"  >Installationsanleitung Schritt f\u00fcr Schritt<\/h2><\/div><style>.porto-u-55ca8359258f9a412be7e73af65d2aac.porto-u-heading{text-align:center}<\/style><\/div>\t\t\t\t<\/div>\n\t\t\t\t<\/div>\n\t\t\t\t<div class=\"elementor-element elementor-element-ddbaa6e elementor-widget elementor-widget-porto_steps\" data-id=\"ddbaa6e\" data-element_type=\"widget\" data-widget_type=\"porto_steps.default\">\n\t\t\t\t<div class=\"elementor-widget-container\">\n\t\t\t\t\t<section class=\"timeline\"><div class=\"timeline-body\"><div class=\"timeline-date \"><h3 class=\"time-text step-item-subtitle\">SCHRITT 1<\/h3><\/div><article class=\"timeline-box left\"><div><img decoding=\"async\" src=\"\/\/resource.logitechg.com\/w_316,dpr_1.0\/d_transparent.gif\/content\/dam\/gaming\/en\/navigation\/software-g-hub.png\" class=\"img-responsive\" alt=\"Schritt 1: G-Hub herunterladen\"><h4 class=\"timeline-item-title step-item-title\">Schritt 1: G-Hub herunterladen<\/h4><div class=\"timeline-item-content\"><p>Zun\u00e4chst einmal m\u00fcssen wir <strong>\n  <a href=\"https:\/\/download01.logi.com\/web\/ftp\/pub\/techsupport\/gaming\/lghub_installer.exe\" target=\"_blank\" rel=\"noopener\">G-Hub installiert sein.<\/a>\n  <br>\n<\/strong>Stellen Sie sicher, dass sich Ihr G-Hub auf dem  <strong>neueste Version. (2022.2.659 und h\u00f6her)<\/strong><br>Um die Version von G-Hub zu \u00fcberpr\u00fcfen, gehen Sie zu Ihren G-Hub-Einstellungen wie in der Abbildung unten.<\/p><figure id=\"attachment_1628\" aria-describedby=\"caption-attachment-1628\" style=\"width: 760px\" class=\"wp-caption alignnone\"><img fetchpriority=\"high\" decoding=\"async\" class=\"size-full wp-image-1628\" src=\"https:\/\/norecoil.net\/wp-content\/uploads\/2023\/09\/logitech-ghub-check-for-updates.gif\" alt=\"Logitech G-Hub Suche nach Update\" width=\"760\" height=\"519\"><figcaption id=\"caption-attachment-1628\" class=\"wp-caption-text\">Logitech G-Hub Suche nach Update<\/figcaption><\/figure><\/div><\/div><\/article><div class=\"timeline-date \"><h3 class=\"time-text step-item-subtitle\">SCHRITT 2<\/h3><\/div><article class=\"timeline-box right\"><div><h4 class=\"timeline-item-title step-item-title\">Wie installiert man No Recoil Macro mit Logitech G-Hub?<\/h4><div class=\"timeline-item-content\"><div class=\"fw-row\"><div class=\"sh-column sh-column-7be3fb1e777683ea1c4bb7ab64b159f2 fw-col-xs-12\"><div class=\"sh-column-wrapper\"><div id=\"text-block-f5f5e77495aebb2154811a571e1d001d\" class=\"sh-text-block\"><figure id=\"attachment_1629\" aria-describedby=\"caption-attachment-1629\" style=\"width: 474px\" class=\"wp-caption alignnone\"><img decoding=\"async\" class=\"size-full wp-image-1629\" src=\"https:\/\/norecoil.net\/wp-content\/uploads\/2023\/09\/how-to-check-windows-version.gif\" alt=\"\u00dcberpr\u00fcfen Sie Ihre Windows-Version\" width=\"474\" height=\"439\"><figcaption id=\"caption-attachment-1629\" class=\"wp-caption-text\">\u00dcberpr\u00fcfen Sie Ihre Windows-Version<\/figcaption><\/figure><h3><span style=\"font-size: 16px;\">Die n\u00e4chsten Schritte sind die Installation unseres Skripts<\/span><\/h3><\/div><\/div><\/div><\/div><div class=\"fw-row\"><div class=\"sh-column sh-column-7be3fb1e777683ea1c4bb7ab64b159f2 fw-col-xs-12\"><div class=\"sh-column-wrapper\"><div id=\"text-block-f2e614b39e4872afb308cdef6d84ff48\" class=\"sh-text-block\"><p>\u00dcberpr\u00fcfen Sie Ihre Windows-Version. Dr\u00fccken Sie <strong>WindowsIcon+R<\/strong> und schreiben Sie <strong>winver.<\/strong><\/p><p>W\u00e4hlen Sie den Ordner, der f\u00fcr Ihre <strong>Windows-Version<\/strong> vorgesehen ist.<br>(Hinweis: Es kann vorkommen, dass die andere Version f\u00fcr Sie besser funktioniert.  <br>Versuchen Sie also zun\u00e4chst, den richtigen Ordner zu finden. Wenn es nicht richtig funktioniert, versuchen Sie die andere Version)<\/p><figure id=\"attachment_1632\" aria-describedby=\"caption-attachment-1632\" style=\"width: 393px\" class=\"wp-caption alignnone\"><img decoding=\"async\" class=\"size-full wp-image-1632\" src=\"https:\/\/norecoil.net\/wp-content\/uploads\/2023\/09\/choose-win-version-folder.gif\" alt=\"W\u00e4hlen Sie den Ordner \"No Recoil Macro\" f\u00fcr Ihre Windows-Version\" width=\"393\" height=\"44\"><figcaption id=\"caption-attachment-1632\" class=\"wp-caption-text\">W\u00e4hlen Sie den Ordner \"No Recoil Macro\" f\u00fcr Ihre Windows-Version<\/figcaption><\/figure><p> <\/p><p>Kopieren Sie das Skript (Ordner \"Script\") und <strong>f\u00fcgen Sie<\/strong> es auf einem <strong>lokalen Laufwerk<\/strong> <strong>ein<\/strong> <strong>.<br><\/strong>(Wenn Sie nur ein lokales Laufwerk haben, ist das in Ordnung.)<\/p><figure id=\"attachment_1631\" aria-describedby=\"caption-attachment-1631\" style=\"width: 435px\" class=\"wp-caption alignnone\"><img loading=\"lazy\" decoding=\"async\" class=\"wp-image-1631 size-full\" src=\"https:\/\/norecoil.net\/wp-content\/uploads\/2023\/09\/Copy-the-Logitech-Lua-script.gif\" alt=\"Kopieren Sie das Logitech Lua No Recoil Macro Script\" width=\"435\" height=\"469\"><figcaption id=\"caption-attachment-1631\" class=\"wp-caption-text\">Kopieren Sie das Logitech Lua No Recoil Macro Script<\/figcaption><\/figure><\/div><\/div><\/div><\/div><\/div><\/div><\/article><div class=\"timeline-date \"><h3 class=\"time-text step-item-subtitle\">Schritt 3<\/h3><\/div><article class=\"timeline-box left\"><div><h4 class=\"timeline-item-title step-item-title\">Umbenennen der Lua-Datei<\/h4><div class=\"timeline-item-content\"><figure id=\"attachment_1633\" aria-describedby=\"caption-attachment-1633\" style=\"width: 414px\" class=\"wp-caption alignnone\"><img loading=\"lazy\" decoding=\"async\" class=\"size-full wp-image-1633\" src=\"https:\/\/norecoil.net\/wp-content\/uploads\/2023\/09\/Paste-No-Recoil-Macro-File.gif\" alt=\"Kopieren - F\u00fcgen Sie die No Recoil Makro-Datei auf Ihrer lokalen Festplatte ein.\" width=\"414\" height=\"371\"><figcaption id=\"caption-attachment-1633\" class=\"wp-caption-text\">Kopieren - F\u00fcgen Sie die No Recoil Makro-Datei auf Ihrer lokalen Festplatte ein.<\/figcaption><\/figure><h5>Nachdem Sie die Datei auf Ihre lokale Festplatte kopiert haben, benennen Sie sie in world um<strong>.<\/strong><\/h5><p>(oder was immer Sie wollen, aber verwenden Sie keine W\u00f6rter wie Hack, Skript, Cheat)<\/p><p> <\/p><figure id=\"attachment_1634\" aria-describedby=\"caption-attachment-1634\" style=\"width: 414px\" class=\"wp-caption alignnone\"><img loading=\"lazy\" decoding=\"async\" class=\"size-full wp-image-1634\" src=\"https:\/\/norecoil.net\/wp-content\/uploads\/2023\/09\/rename-the-no-recoil-macro-file.gif\" alt=\"die Makro-Skriptdatei \"Kein R\u00fccksto\u00df\" umbenennen\" width=\"414\" height=\"371\"><figcaption id=\"caption-attachment-1634\" class=\"wp-caption-text\">die Makro-Skriptdatei \"Kein R\u00fccksto\u00df\" umbenennen<\/figcaption><\/figure><p><strong>\u00d6ffnen Sie<\/strong> nun die Datei mit Notepad und \u00e4ndern Sie den Wert <strong>nil<\/strong> von der Waffe, die Sie verwenden m\u00f6chten, in eine <strong>Maustastennummer.<br><\/strong>(Wenn Sie eine Logitech G-Tastatur haben, <a href=\"https:\/\/norecoil.net\/logitech-g-keyboard-instruction\" target=\"_blank\" rel=\"noopener\">klicken Sie<\/a> bitte <a href=\"https:\/\/norecoil.net\/logitech-g-keyboard-instruction\" target=\"_blank\" rel=\"noopener\">hier<\/a> f\u00fcr die Tastaturbelegung)<\/p><figure id=\"attachment_1635\" aria-describedby=\"caption-attachment-1635\" style=\"width: 1090px\" class=\"wp-caption alignnone\"><img loading=\"lazy\" decoding=\"async\" class=\"size-full wp-image-1635\" src=\"https:\/\/norecoil.net\/wp-content\/uploads\/2023\/09\/Mouse-Button-Assignment-for-the-script.gif\" alt=\"Maustastenbelegung. Die Tasten, die Sie f\u00fcr die Makrozuweisung ohne R\u00fccksto\u00df verwenden k\u00f6nnen.\" width=\"1090\" height=\"431\"><figcaption id=\"caption-attachment-1635\" class=\"wp-caption-text\">Maustastenbelegung. Die Tasten, die Sie f\u00fcr die Makrozuweisung ohne R\u00fccksto\u00df verwenden k\u00f6nnen.<\/figcaption><\/figure><p>Nachdem Sie die Waffenzuweisung vorgenommen haben, speichern Sie das Skript und <strong>kopieren Sie<\/strong> die unten stehende Codezeile:<\/p><p><strong>data = dofile[[D:\\world .lua]]  <\/strong><\/p><p>\u00d6ffnen Sie <strong>Logitech G-Hub<\/strong> <strong>als Administrator<\/strong> und klicken Sie auf den Abschnitt<strong>\"Profil<\/strong>\" (siehe Abbildung unten)<\/p><figure id=\"attachment_1636\" aria-describedby=\"caption-attachment-1636\" style=\"width: 600px\" class=\"wp-caption alignnone\"><img loading=\"lazy\" decoding=\"async\" class=\"size-full wp-image-1636\" src=\"https:\/\/norecoil.net\/wp-content\/uploads\/2023\/09\/11.jpg\" alt=\"Logitech G-Hub Profil\" width=\"600\" height=\"419\" srcset=\"https:\/\/norecoil.net\/wp-content\/uploads\/2023\/09\/11.jpg 600w, https:\/\/norecoil.net\/wp-content\/uploads\/2023\/09\/11-400x279.jpg 400w\" sizes=\"(max-width: 600px) 100vw, 600px\" \/><figcaption id=\"caption-attachment-1636\" class=\"wp-caption-text\">Logitech G-Hub Profil<\/figcaption><\/figure><h5>Gehen Sie unten links und klicken Sie auf<strong>\"Scripting<\/strong>\".<\/h5><figure id=\"attachment_1638\" aria-describedby=\"caption-attachment-1638\" style=\"width: 834px\" class=\"wp-caption alignnone\"><img loading=\"lazy\" decoding=\"async\" class=\"size-full wp-image-1638\" src=\"https:\/\/norecoil.net\/wp-content\/uploads\/2023\/09\/logitech-g-hub-scripting.jpg\" alt=\"Logitech G-Hub Scripting-Abschnitt f\u00fcr No Recoil Makro\" width=\"834\" height=\"557\" srcset=\"https:\/\/norecoil.net\/wp-content\/uploads\/2023\/09\/logitech-g-hub-scripting.jpg 834w, https:\/\/norecoil.net\/wp-content\/uploads\/2023\/09\/logitech-g-hub-scripting-600x401.jpg 600w, https:\/\/norecoil.net\/wp-content\/uploads\/2023\/09\/logitech-g-hub-scripting-768x513.jpg 768w, https:\/\/norecoil.net\/wp-content\/uploads\/2023\/09\/logitech-g-hub-scripting-640x427.jpg 640w, https:\/\/norecoil.net\/wp-content\/uploads\/2023\/09\/logitech-g-hub-scripting-400x267.jpg 400w\" sizes=\"(max-width: 834px) 100vw, 834px\" \/><figcaption id=\"caption-attachment-1638\" class=\"wp-caption-text\">Logitech G-Hub Scripting-Abschnitt f\u00fcr No Recoil Makro<\/figcaption><\/figure><p>Um ein neues <strong>Lua Script-Konto<\/strong> zu erstellen, dr\u00fccken Sie die blaue Taste.<\/p><figure id=\"attachment_1639\" aria-describedby=\"caption-attachment-1639\" style=\"width: 865px\" class=\"wp-caption alignnone\"><img loading=\"lazy\" decoding=\"async\" class=\"size-full wp-image-1639\" src=\"https:\/\/norecoil.net\/wp-content\/uploads\/2023\/09\/create-new-lua-file.jpg\" alt=\"Logitech G-Hub Erstellen einer neuen Lua-Script-Datei f\u00fcr No Recoil Macro\" width=\"865\" height=\"615\" srcset=\"https:\/\/norecoil.net\/wp-content\/uploads\/2023\/09\/create-new-lua-file.jpg 865w, https:\/\/norecoil.net\/wp-content\/uploads\/2023\/09\/create-new-lua-file-600x427.jpg 600w, https:\/\/norecoil.net\/wp-content\/uploads\/2023\/09\/create-new-lua-file-768x546.jpg 768w, https:\/\/norecoil.net\/wp-content\/uploads\/2023\/09\/create-new-lua-file-640x455.jpg 640w, https:\/\/norecoil.net\/wp-content\/uploads\/2023\/09\/create-new-lua-file-400x284.jpg 400w\" sizes=\"(max-width: 865px) 100vw, 865px\" \/><figcaption id=\"caption-attachment-1639\" class=\"wp-caption-text\">Logitech G-Hub Erstellen einer neuen Lua-Script-Datei f\u00fcr No Recoil Macro<\/figcaption><\/figure><p>L\u00f6schen Sie alle Codes und <strong>f\u00fcgen Sie<\/strong> die kopierte <strong>Codezeile<\/strong> <strong>ein<\/strong>.<\/p><\/div><\/div><\/article><div class=\"timeline-date \"><h3 class=\"time-text step-item-subtitle\">Schritt 4<\/h3><\/div><article class=\"timeline-box right\"><div><h4 class=\"timeline-item-title step-item-title\">Letzter Schritt Speichern der Lua-Datei auf G-Hub<\/h4><div class=\"timeline-item-content\"><figure id=\"attachment_1640\" aria-describedby=\"caption-attachment-1640\" style=\"width: 918px\" class=\"wp-caption alignnone\"><img loading=\"lazy\" decoding=\"async\" class=\"size-full wp-image-1640\" src=\"https:\/\/norecoil.net\/wp-content\/uploads\/2023\/09\/copy-paste-lua-code-line.gif\" alt=\"F\u00fcgen Sie die Lua-Script-Codezeile in Logitech G-Hub ein\" width=\"918\" height=\"439\"><figcaption id=\"caption-attachment-1640\" class=\"wp-caption-text\">F\u00fcgen Sie die Lua-Script-Codezeile in Logitech G-Hub ein<\/figcaption><\/figure><p>\u00c4ndern Sie nun die Codezeile, wenn Sie das Skript zu einem anderen lokalen Laufwerksbuchstaben hinzuf\u00fcgen. Zum Beispiel, wenn Sie das Skript kopieren und einf\u00fcgen lokales Laufwerk <strong>C:<br><\/strong>\u00c4ndern Sie von der Code-Zeile die D: zu C: wie unten<\/p><p><strong>data = dofile[[C:\\world .lua]]<\/strong><\/p><p>Dasselbe gilt f\u00fcr den Dateinamen. Wenn Sie einen anderen Dateinamen angeben, \u00e4ndern Sie diesen ebenfalls. (.lua ist das Dateiformat, bitte nicht l\u00f6schen)<\/p><p>Speichern Sie jetzt mit <strong>ctrl+s<\/strong><br>Durch Dr\u00fccken der zugewiesenen Maustaste k\u00f6nnen Sie<br>Aktivieren Sie jetzt die Waffe.<\/p><h5>Der letzte Schritt besteht darin, zu \u00fcberpr\u00fcfen, ob unser Profil als persistent eingestellt ist.<\/h5><p>Gehen Sie zu den Details Ihres Profils und wenn nicht, dr\u00fccken Sie die Taste, um es als persistent einzustellen.<\/p><figure id=\"attachment_1641\" aria-describedby=\"caption-attachment-1641\" style=\"width: 1123px\" class=\"wp-caption alignnone\"><img loading=\"lazy\" decoding=\"async\" class=\"size-full wp-image-1641\" src=\"https:\/\/norecoil.net\/wp-content\/uploads\/2023\/09\/set-your-profile-as-persistent.gif\" alt=\"Setzen Sie Ihr G-Hub-Profil als best\u00e4ndig\" width=\"1123\" height=\"777\"><figcaption id=\"caption-attachment-1641\" class=\"wp-caption-text\">Setzen Sie Ihr G-Hub-Profil als best\u00e4ndig<\/figcaption><\/figure><p>Wenn Sie eine <strong>Logitech G-Tastatur<\/strong> haben <a href=\"\/logitech-g-keyboard-instruction\">\n  <span style=\"text-decoration: underline;\">Klicken Sie hier<\/span>\n<\/a> f\u00fcr diese Anleitung.<\/p><p><strong>Das war's! Viel Spa\u00df!<\/strong><\/p><\/div><\/div><\/article><\/div><\/section>\t\t\t\t<\/div>\n\t\t\t\t<\/div>\n\t\t\t\t\t<\/div>\r\n\t\t\t\t<\/div>\r\n\t\t\t\t\t<\/div>\r\n\t\t\t\t<\/section>\r\n\t\t\t\t<\/div>\n\t\t","protected":false},"excerpt":{"rendered":"<p>So installieren Sie das Logitech No Recoil Makro Wie man Logitech installiert; Sehen Sie sich das Video an und \u00fcberpr\u00fcfen Sie die einzelnen Schritte f\u00fcr eine korrekte Installation von Logitech No Recoil Macros. Video-Anleitung Installationsanleitung Schritt f\u00fcr Schritt SCHRITT 1 Schritt 1: G-Hub herunterladen Zun\u00e4chst einmal m\u00fcssen wir G-Hub installiert sein. Stellen Sie sicher, dass [&hellip;]<\/p>\n","protected":false},"author":1,"featured_media":3538,"parent":0,"menu_order":0,"comment_status":"open","ping_status":"closed","template":"","meta":{"_acf_changed":false,"content-type":"","cybocfi_hide_featured_image":"","footnotes":""},"class_list":["post-5762","page","type-page","status-publish","has-post-thumbnail","hentry"],"acf":[],"yoast_head":"<!-- This site is optimized with the Yoast SEO Premium plugin v21.1 (Yoast SEO v21.1) - https:\/\/yoast.com\/wordpress\/plugins\/seo\/ -->\n<title>So installieren Sie das Logitech No Recoil Makro<\/title>\n<meta name=\"description\" content=\"So installieren Sie Logitech No Recoil Macro f\u00fcr Logitech G-Hub. Keine Recoil-Makro-Installation f\u00fcr jede Lua-Skript-Anleitung mit Video.\" \/>\n<meta name=\"robots\" content=\"index, follow, max-snippet:-1, max-image-preview:large, max-video-preview:-1\" \/>\n<link rel=\"canonical\" href=\"https:\/\/norecoil.net\/de\/so-installieren-sie-das-logitech-no-recoil-makro\/\" \/>\n<meta property=\"og:locale\" content=\"de_DE\" \/>\n<meta property=\"og:type\" content=\"article\" \/>\n<meta property=\"og:title\" content=\"So installieren Sie das Logitech No Recoil Makro\" \/>\n<meta property=\"og:description\" content=\"So installieren Sie Logitech No Recoil Macro f\u00fcr Logitech G-Hub. Keine Recoil-Makro-Installation f\u00fcr jede Lua-Skript-Anleitung mit Video.\" \/>\n<meta property=\"og:url\" content=\"https:\/\/norecoil.net\/de\/so-installieren-sie-das-logitech-no-recoil-makro\/\" \/>\n<meta property=\"og:site_name\" content=\"NoRecoil.Net\" \/>\n<meta property=\"article:modified_time\" content=\"2024-02-28T15:02:19+00:00\" \/>\n<meta property=\"og:image\" content=\"https:\/\/norecoil.net\/wp-content\/uploads\/2023\/09\/how-to-install-logitech-no-recoil-macro.webp\" \/>\n\t<meta property=\"og:image:width\" content=\"1200\" \/>\n\t<meta property=\"og:image:height\" content=\"675\" \/>\n\t<meta property=\"og:image:type\" content=\"image\/webp\" \/>\n<meta name=\"twitter:card\" content=\"summary_large_image\" \/>\n<meta name=\"twitter:label1\" content=\"Gesch\u00e4tzte Lesezeit\" \/>\n\t<meta name=\"twitter:data1\" content=\"3 Minuten\" \/>\n<script type=\"application\/ld+json\" class=\"yoast-schema-graph\">{\"@context\":\"https:\/\/schema.org\",\"@graph\":[{\"@type\":\"WebPage\",\"@id\":\"https:\/\/norecoil.net\/de\/so-installieren-sie-das-logitech-no-recoil-makro\/\",\"url\":\"https:\/\/norecoil.net\/de\/so-installieren-sie-das-logitech-no-recoil-makro\/\",\"name\":\"So installieren Sie das Logitech No Recoil Makro\",\"isPartOf\":{\"@id\":\"https:\/\/norecoil.net\/de\/#website\"},\"datePublished\":\"2023-09-13T22:42:35+00:00\",\"dateModified\":\"2024-02-28T15:02:19+00:00\",\"description\":\"So installieren Sie Logitech No Recoil Macro f\u00fcr Logitech G-Hub. Keine Recoil-Makro-Installation f\u00fcr jede Lua-Skript-Anleitung mit Video.\",\"breadcrumb\":{\"@id\":\"https:\/\/norecoil.net\/de\/so-installieren-sie-das-logitech-no-recoil-makro\/#breadcrumb\"},\"inLanguage\":\"de-DE\",\"potentialAction\":[{\"@type\":\"ReadAction\",\"target\":[\"https:\/\/norecoil.net\/de\/so-installieren-sie-das-logitech-no-recoil-makro\/\"]}]},{\"@type\":\"BreadcrumbList\",\"@id\":\"https:\/\/norecoil.net\/de\/so-installieren-sie-das-logitech-no-recoil-makro\/#breadcrumb\",\"itemListElement\":[{\"@type\":\"ListItem\",\"position\":1,\"name\":\"Home\",\"item\":\"https:\/\/norecoil.net\/de\/norecoil-net\/\"},{\"@type\":\"ListItem\",\"position\":2,\"name\":\"So installieren Sie das Logitech No Recoil Makro\"}]},{\"@type\":\"WebSite\",\"@id\":\"https:\/\/norecoil.net\/de\/#website\",\"url\":\"https:\/\/norecoil.net\/de\/\",\"name\":\"NoRecoil.Net\",\"description\":\"\",\"potentialAction\":[{\"@type\":\"SearchAction\",\"target\":{\"@type\":\"EntryPoint\",\"urlTemplate\":\"https:\/\/norecoil.net\/de\/?s={search_term_string}\"},\"query-input\":\"required name=search_term_string\"}],\"inLanguage\":\"de-DE\"}]}<\/script>\n<!-- \/ Yoast SEO Premium plugin. -->","yoast_head_json":{"title":"So installieren Sie das Logitech No Recoil Makro","description":"So installieren Sie Logitech No Recoil Macro f\u00fcr Logitech G-Hub. Keine Recoil-Makro-Installation f\u00fcr jede Lua-Skript-Anleitung mit Video.","robots":{"index":"index","follow":"follow","max-snippet":"max-snippet:-1","max-image-preview":"max-image-preview:large","max-video-preview":"max-video-preview:-1"},"canonical":"https:\/\/norecoil.net\/de\/so-installieren-sie-das-logitech-no-recoil-makro\/","og_locale":"de_DE","og_type":"article","og_title":"So installieren Sie das Logitech No Recoil Makro","og_description":"So installieren Sie Logitech No Recoil Macro f\u00fcr Logitech G-Hub. Keine Recoil-Makro-Installation f\u00fcr jede Lua-Skript-Anleitung mit Video.","og_url":"https:\/\/norecoil.net\/de\/so-installieren-sie-das-logitech-no-recoil-makro\/","og_site_name":"NoRecoil.Net","article_modified_time":"2024-02-28T15:02:19+00:00","og_image":[{"width":1200,"height":675,"url":"https:\/\/norecoil.net\/wp-content\/uploads\/2023\/09\/how-to-install-logitech-no-recoil-macro.webp","type":"image\/webp"}],"twitter_card":"summary_large_image","twitter_misc":{"Gesch\u00e4tzte Lesezeit":"3 Minuten"},"schema":{"@context":"https:\/\/schema.org","@graph":[{"@type":"WebPage","@id":"https:\/\/norecoil.net\/de\/so-installieren-sie-das-logitech-no-recoil-makro\/","url":"https:\/\/norecoil.net\/de\/so-installieren-sie-das-logitech-no-recoil-makro\/","name":"So installieren Sie das Logitech No Recoil Makro","isPartOf":{"@id":"https:\/\/norecoil.net\/de\/#website"},"datePublished":"2023-09-13T22:42:35+00:00","dateModified":"2024-02-28T15:02:19+00:00","description":"So installieren Sie Logitech No Recoil Macro f\u00fcr Logitech G-Hub. Keine Recoil-Makro-Installation f\u00fcr jede Lua-Skript-Anleitung mit Video.","breadcrumb":{"@id":"https:\/\/norecoil.net\/de\/so-installieren-sie-das-logitech-no-recoil-makro\/#breadcrumb"},"inLanguage":"de-DE","potentialAction":[{"@type":"ReadAction","target":["https:\/\/norecoil.net\/de\/so-installieren-sie-das-logitech-no-recoil-makro\/"]}]},{"@type":"BreadcrumbList","@id":"https:\/\/norecoil.net\/de\/so-installieren-sie-das-logitech-no-recoil-makro\/#breadcrumb","itemListElement":[{"@type":"ListItem","position":1,"name":"Home","item":"https:\/\/norecoil.net\/de\/norecoil-net\/"},{"@type":"ListItem","position":2,"name":"So installieren Sie das Logitech No Recoil Makro"}]},{"@type":"WebSite","@id":"https:\/\/norecoil.net\/de\/#website","url":"https:\/\/norecoil.net\/de\/","name":"NoRecoil.Net","description":"","potentialAction":[{"@type":"SearchAction","target":{"@type":"EntryPoint","urlTemplate":"https:\/\/norecoil.net\/de\/?s={search_term_string}"},"query-input":"required name=search_term_string"}],"inLanguage":"de-DE"}]}},"_links":{"self":[{"href":"https:\/\/norecoil.net\/de\/wp-json\/wp\/v2\/pages\/5762","targetHints":{"allow":["GET"]}}],"collection":[{"href":"https:\/\/norecoil.net\/de\/wp-json\/wp\/v2\/pages"}],"about":[{"href":"https:\/\/norecoil.net\/de\/wp-json\/wp\/v2\/types\/page"}],"author":[{"embeddable":true,"href":"https:\/\/norecoil.net\/de\/wp-json\/wp\/v2\/users\/1"}],"replies":[{"embeddable":true,"href":"https:\/\/norecoil.net\/de\/wp-json\/wp\/v2\/comments?post=5762"}],"version-history":[{"count":0,"href":"https:\/\/norecoil.net\/de\/wp-json\/wp\/v2\/pages\/5762\/revisions"}],"wp:featuredmedia":[{"embeddable":true,"href":"https:\/\/norecoil.net\/de\/wp-json\/wp\/v2\/media\/3538"}],"wp:attachment":[{"href":"https:\/\/norecoil.net\/de\/wp-json\/wp\/v2\/media?parent=5762"}],"curies":[{"name":"wp","href":"https:\/\/api.w.org\/{rel}","templated":true}]}}