{"id":5701,"date":"2023-09-16T05:51:50","date_gmt":"2023-09-16T05:51:50","guid":{"rendered":"https:\/\/norecoil.net\/logitech-g-tastaturbelegung-fuer-no-recoil-macro-scripts\/"},"modified":"2024-02-28T14:14:49","modified_gmt":"2024-02-28T14:14:49","slug":"logitech-g-tastaturbelegung-fuer-no-recoil-macro-scripts","status":"publish","type":"page","link":"https:\/\/norecoil.net\/de\/logitech-g-tastaturbelegung-fuer-no-recoil-macro-scripts\/","title":{"rendered":"Logitech G Tastaturbelegung f\u00fcr No Recoil Macro Scripts"},"content":{"rendered":"\t\t<div data-elementor-type=\"wp-page\" data-elementor-id=\"5701\" class=\"elementor elementor-5701 elementor-1655\">\n\t\t\t\t\t\t<section class=\"elementor-section elementor-top-section elementor-element elementor-element-007144e elementor-section-boxed elementor-section-height-default elementor-section-height-default\" data-id=\"007144e\" data-element_type=\"section\">\r\n\t\t\r\n\t\t\t\t\t\t\t<div class=\"elementor-container elementor-column-gap-default\">\r\n\t\t\t\t\t\t\t\t\t\t\t<div class=\"elementor-column elementor-col-100 elementor-top-column elementor-element elementor-element-aff4496 mx-auto\" data-id=\"aff4496\" data-element_type=\"column\">\r\n\t\t\t\t\t<div class=\"elementor-widget-wrap elementor-element-populated\">\r\n\t\t\t\t\t\t\t\t<div class=\"elementor-element elementor-element-2718dbf elementor-widget elementor-widget-porto_ultimate_heading\" data-id=\"2718dbf\" data-element_type=\"widget\" data-widget_type=\"porto_ultimate_heading.default\">\n\t\t\t\t<div class=\"elementor-widget-container\">\n\t\t\t\t\t<div class=\"porto-u-heading  porto-u-55ca8359258f9a412be7e73af65d2aac \"><div class=\"porto-u-main-heading\"><h2   >So richten Sie Ihre Logitech G-Tastatur ein<\/h2><\/div><div class=\"porto-u-sub-heading\" style=\"\"><p style=\"text-align: center;\">Wenn Sie eine <strong>Logitech G-Tastatur<\/strong> besitzen, wird es Sie freuen zu h\u00f6ren, dass Sie ihre Funktionen mit der <strong>Logitech G HUB-Software<\/strong> ganz einfach anpassen k\u00f6nnen. Egal, ob Sie Gamer, Schriftsteller oder einfach nur jemand sind, der seine Tastatur optimal nutzen m\u00f6chte: Sie k\u00f6nnen jeder Taste Ihrer Logitech G Keyboard eine Funktion zuweisen, um ihre Leistung zu verbessern. Diese Anleitung f\u00fchrt Sie durch die einzelnen Schritte, um diese Anpassungen vorzunehmen.<\/p>\n\n<h4 style=\"text-align: center;\">Schritt 1: \u00d6ffnen Sie das Logitech G HUB-Profil<\/h4>\n<p style=\"text-align: center;\">Zuallererst m\u00fcssen Sie in der Logitech G HUB-Software zu Ihrem Tastaturprofil navigieren. Wenn Sie dieses Programm noch nicht installiert haben, sollten Sie es <a href=\"https:\/\/download01.logi.com\/web\/ftp\/pub\/techsupport\/gaming\/lghub_installer.exe\">hier<\/a> herunterladen.<\/p>\n\n<h4 style=\"text-align: center;\">Schritt 2: Suchen Sie das Zuordnungssymbol<\/h4>\n<p style=\"text-align: center;\">Nachdem Sie das Profil Ihrer Tastatur ge\u00f6ffnet haben, suchen Sie nach dem <strong>Zuweisungssymbol<\/strong>, das sich normalerweise in der oberen linken Ecke der Benutzeroberfl\u00e4che befindet. Mit diesem Symbol k\u00f6nnen Sie die Tastenbelegung anzeigen und \u00e4ndern.<\/p>\n\n<center>\n\n<figure id=\"attachment_1657\" aria-describedby=\"caption-attachment-1657\" style=\"width: 784px\" class=\"wp-caption alignnone\"><img fetchpriority=\"high\" decoding=\"async\" class=\"size-full wp-image-1657\" src=\"https:\/\/norecoil.net\/wp-content\/uploads\/2023\/09\/click-on-your-keyboard.jpg\" alt=\"Klicken Sie auf Ihr Logitech G-Hub Keyboard\" width=\"784\" height=\"537\" srcset=\"https:\/\/norecoil.net\/wp-content\/uploads\/2023\/09\/click-on-your-keyboard.jpg 784w, https:\/\/norecoil.net\/wp-content\/uploads\/2023\/09\/click-on-your-keyboard-600x411.jpg 600w, https:\/\/norecoil.net\/wp-content\/uploads\/2023\/09\/click-on-your-keyboard-768x526.jpg 768w, https:\/\/norecoil.net\/wp-content\/uploads\/2023\/09\/click-on-your-keyboard-640x438.jpg 640w, https:\/\/norecoil.net\/wp-content\/uploads\/2023\/09\/click-on-your-keyboard-400x274.jpg 400w\" sizes=\"(max-width: 784px) 100vw, 784px\" \/><figcaption id=\"caption-attachment-1657\" class=\"wp-caption-text\">Klicken Sie auf Ihr Logitech G-Hub Keyboard<\/figcaption><\/figure>\n\n<\/center>\n<h4 style=\"text-align: center;\">Schritt 3: Navigieren Sie zum Abschnitt \"System\".<\/h4>\n<p style=\"text-align: center;\">In den Zuweisungsoptionen finden Sie eine Kategorie mit der Bezeichnung \"System\". Hier k\u00f6nnen Sie verschiedene Funktionen erkunden, die den Tasten Ihrer Logitech G-Tastatur zugewiesen werden k\u00f6nnen.<\/p>\n\n<center>\n\n<figure id=\"attachment_1671\" aria-describedby=\"caption-attachment-1671\" style=\"width: 896px\" class=\"wp-caption aligncenter\"><img decoding=\"async\" class=\"wp-image-1671 size-full\" src=\"https:\/\/norecoil.net\/wp-content\/uploads\/2023\/09\/Keyboard-assignment-system-1.gif\" alt=\"In Logitech G-Hub w\u00e4hlen Sie unter Zuweisung System\" width=\"896\" height=\"606\"><figcaption id=\"caption-attachment-1671\" class=\"wp-caption-text\">In Logitech G-Hub w\u00e4hlen Sie unter Zuweisung System<\/figcaption><\/figure>\n\n<\/center>\n<h4 style=\"text-align: center;\"><\/h4>\n<h4 style=\"text-align: center;\">Schritt 4: W\u00e4hlen Sie eine Funktion<\/h4>\n<p style=\"text-align: center;\">Unter dem Abschnitt \"System\" finden Sie eine Funktion namens <strong>\"Stopp\".<\/strong> Zu Demonstrationszwecken weisen wir diese Funktion den verf\u00fcgbaren Tasten auf Ihrer Tastatur zu. Sie k\u00f6nnen jedoch jede beliebige Funktion zuweisen, die Sie f\u00fcr n\u00fctzlich halten und die Ihre typische Tastaturnutzung nicht beeintr\u00e4chtigt.<\/p>\n&nbsp;\n\n<center><figure id=\"attachment_1680\" aria-describedby=\"caption-attachment-1680\" style=\"width: 806px\" class=\"wp-caption alignnone\"><img decoding=\"async\" class=\"size-full wp-image-1680\" src=\"https:\/\/norecoil.net\/wp-content\/uploads\/2023\/09\/logitech-g-keyboard-function-assignment.gif\" alt=\"Weisen Sie Ihrer Tastatur die Funktion \"Stop\" zu, um die G-Tasten f\u00fcr die Zuweisung zu aktivieren\" width=\"806\" height=\"545\"><figcaption id=\"caption-attachment-1680\" class=\"wp-caption-text\">Weisen Sie Ihrer Tastatur die Funktion \"Stop\" zu, um die G-Tasten f\u00fcr die Zuweisung zu aktivieren<\/figcaption><\/figure><\/center>\n\n&nbsp;\n\n<center><\/center>\n<h4 style=\"text-align: center;\">Schritt 5: Best\u00e4tigen Sie die Zuweisung<\/h4>\n<p style=\"text-align: center;\">Sobald Sie die Funktion ausgew\u00e4hlt haben, weisen Sie sie den Tasten Ihrer Wahl zu, indem Sie den Anweisungen auf dem Bildschirm folgen. Sie k\u00f6nnen mehrere Tasten mit der gleichen Funktion belegen. In der  <strong><a href=\"\/logitech-no-recoil-macro\">Logitech No Recoil Macro<\/a> m\u00fcssen Sie den Wert \"nil\" nur in die Tastennummer \u00e4ndern.\nWenn wir z.B. F6 verwenden wollen, m\u00fcssen wir den \"nil\"-Wert nur auf 6 \u00e4ndern, wie bei einer Maustastenbelegung.\nWenn in dem Skript nicht zum Beispiel eine Tastaturfunktionsliste enthalten ist;<\/strong><\/p>\n<p style=\"text-align: center;\"><strong>local Weapon = nil<\/strong><\/p>\n<p style=\"text-align: center;\"><strong>F\u00fcgen Sie einfach \"_Keyboard\" zum Waffennamen hinzu und es wird funktionieren. Am Ende sollte es so aussehen;<\/strong><\/p>\n<p style=\"text-align: center;\"><strong>local Weapon_Keyboard = nil<\/strong><\/p>\n\n<h3 style=\"text-align: center;\">Schlussfolgerung<\/h3>\n<p style=\"text-align: center;\">Und das war's! Sie haben erfolgreich gelernt, wie Sie <strong>den Tasten Ihrer Logitech G-Tastatur mithilfe von Logitech G HUB Funktionen zuweisen<\/strong> k\u00f6nnen. Die Anpassung Ihrer Tastatur verbessert nicht nur Ihr Benutzererlebnis, sondern erm\u00f6glicht es Ihnen auch, verschiedene Aufgaben zu rationalisieren und Ihre t\u00e4glichen Computerinteraktionen effizienter zu gestalten.<\/p>\n<p style=\"text-align: center;\">Denken Sie daran, dass wir zur Veranschaulichung die Funktion \"Stopp\" verwendet haben, aber Sie k\u00f6nnen jede beliebige Funktion zuweisen, die Ihren Bed\u00fcrfnissen am besten entspricht. Viel Spa\u00df beim Anpassen!<\/p><\/div><style>.porto-u-55ca8359258f9a412be7e73af65d2aac.porto-u-heading{text-align:center}<\/style><\/div>\t\t\t\t<\/div>\n\t\t\t\t<\/div>\n\t\t\t\t\t<\/div>\r\n\t\t\t\t<\/div>\r\n\t\t\t\t\t<\/div>\r\n\t\t\t\t<\/section>\r\n\t\t\t\t<\/div>\n\t\t","protected":false},"excerpt":{"rendered":"<p>So richten Sie Ihre Logitech G-Tastatur ein Wenn Sie eine Logitech G-Tastatur besitzen, wird es Sie freuen zu h\u00f6ren, dass Sie ihre Funktionen mit der Logitech G HUB-Software ganz einfach anpassen k\u00f6nnen. Egal, ob Sie Gamer, Schriftsteller oder einfach nur jemand sind, der seine Tastatur optimal nutzen m\u00f6chte: Sie k\u00f6nnen jeder Taste Ihrer Logitech G [&hellip;]<\/p>\n","protected":false},"author":1,"featured_media":3650,"parent":0,"menu_order":0,"comment_status":"open","ping_status":"closed","template":"","meta":{"_acf_changed":false,"content-type":"","cybocfi_hide_featured_image":"","footnotes":""},"class_list":["post-5701","page","type-page","status-publish","has-post-thumbnail","hentry"],"acf":[],"yoast_head":"<!-- This site is optimized with the Yoast SEO Premium plugin v21.1 (Yoast SEO v21.1) - https:\/\/yoast.com\/wordpress\/plugins\/seo\/ -->\n<title>Logitech G-Tastaturbelegungen f\u00fcr Makroskripte ohne R\u00fccksto\u00df<\/title>\n<meta name=\"description\" content=\"Logitech G Tastaturbelegung f\u00fcr logitech lua no recoil macro scripts. So weisen Sie Ihrer Logitech G-Tastatur eine Skriptfunktion zu.\" \/>\n<meta name=\"robots\" content=\"index, follow, max-snippet:-1, max-image-preview:large, max-video-preview:-1\" \/>\n<link rel=\"canonical\" href=\"https:\/\/norecoil.net\/de\/logitech-g-tastaturbelegung-fuer-no-recoil-macro-scripts\/\" \/>\n<meta property=\"og:locale\" content=\"de_DE\" \/>\n<meta property=\"og:type\" content=\"article\" \/>\n<meta property=\"og:title\" content=\"Logitech G Tastaturbelegung f\u00fcr No Recoil Macro Scripts\" \/>\n<meta property=\"og:description\" content=\"Logitech G Tastaturbelegung f\u00fcr logitech lua no recoil macro scripts. So weisen Sie Ihrer Logitech G-Tastatur eine Skriptfunktion zu.\" \/>\n<meta property=\"og:url\" content=\"https:\/\/norecoil.net\/de\/logitech-g-tastaturbelegung-fuer-no-recoil-macro-scripts\/\" \/>\n<meta property=\"og:site_name\" content=\"NoRecoil.Net\" \/>\n<meta property=\"article:modified_time\" content=\"2024-02-28T14:14:49+00:00\" \/>\n<meta property=\"og:image\" content=\"https:\/\/norecoil.net\/wp-content\/uploads\/2023\/09\/logitech-g-keyboard-assignment-for-logitech-lua-no-recoil-macro-scripts.webp\" \/>\n\t<meta property=\"og:image:width\" content=\"1200\" \/>\n\t<meta property=\"og:image:height\" content=\"675\" \/>\n\t<meta property=\"og:image:type\" content=\"image\/webp\" \/>\n<meta name=\"twitter:card\" content=\"summary_large_image\" \/>\n<meta name=\"twitter:label1\" content=\"Gesch\u00e4tzte Lesezeit\" \/>\n\t<meta name=\"twitter:data1\" content=\"2 Minuten\" \/>\n<script type=\"application\/ld+json\" class=\"yoast-schema-graph\">{\"@context\":\"https:\/\/schema.org\",\"@graph\":[{\"@type\":\"WebPage\",\"@id\":\"https:\/\/norecoil.net\/de\/logitech-g-tastaturbelegung-fuer-no-recoil-macro-scripts\/\",\"url\":\"https:\/\/norecoil.net\/de\/logitech-g-tastaturbelegung-fuer-no-recoil-macro-scripts\/\",\"name\":\"Logitech G-Tastaturbelegungen f\u00fcr Makroskripte ohne R\u00fccksto\u00df\",\"isPartOf\":{\"@id\":\"https:\/\/norecoil.net\/de\/#website\"},\"datePublished\":\"2023-09-16T05:51:50+00:00\",\"dateModified\":\"2024-02-28T14:14:49+00:00\",\"description\":\"Logitech G Tastaturbelegung f\u00fcr logitech lua no recoil macro scripts. So weisen Sie Ihrer Logitech G-Tastatur eine Skriptfunktion zu.\",\"breadcrumb\":{\"@id\":\"https:\/\/norecoil.net\/de\/logitech-g-tastaturbelegung-fuer-no-recoil-macro-scripts\/#breadcrumb\"},\"inLanguage\":\"de-DE\",\"potentialAction\":[{\"@type\":\"ReadAction\",\"target\":[\"https:\/\/norecoil.net\/de\/logitech-g-tastaturbelegung-fuer-no-recoil-macro-scripts\/\"]}]},{\"@type\":\"BreadcrumbList\",\"@id\":\"https:\/\/norecoil.net\/de\/logitech-g-tastaturbelegung-fuer-no-recoil-macro-scripts\/#breadcrumb\",\"itemListElement\":[{\"@type\":\"ListItem\",\"position\":1,\"name\":\"Home\",\"item\":\"https:\/\/norecoil.net\/de\/norecoil-net\/\"},{\"@type\":\"ListItem\",\"position\":2,\"name\":\"Logitech G Tastaturbelegung f\u00fcr No Recoil Macro Scripts\"}]},{\"@type\":\"WebSite\",\"@id\":\"https:\/\/norecoil.net\/de\/#website\",\"url\":\"https:\/\/norecoil.net\/de\/\",\"name\":\"NoRecoil.Net\",\"description\":\"\",\"potentialAction\":[{\"@type\":\"SearchAction\",\"target\":{\"@type\":\"EntryPoint\",\"urlTemplate\":\"https:\/\/norecoil.net\/de\/?s={search_term_string}\"},\"query-input\":\"required name=search_term_string\"}],\"inLanguage\":\"de-DE\"}]}<\/script>\n<!-- \/ Yoast SEO Premium plugin. -->","yoast_head_json":{"title":"Logitech G-Tastaturbelegungen f\u00fcr Makroskripte ohne R\u00fccksto\u00df","description":"Logitech G Tastaturbelegung f\u00fcr logitech lua no recoil macro scripts. So weisen Sie Ihrer Logitech G-Tastatur eine Skriptfunktion zu.","robots":{"index":"index","follow":"follow","max-snippet":"max-snippet:-1","max-image-preview":"max-image-preview:large","max-video-preview":"max-video-preview:-1"},"canonical":"https:\/\/norecoil.net\/de\/logitech-g-tastaturbelegung-fuer-no-recoil-macro-scripts\/","og_locale":"de_DE","og_type":"article","og_title":"Logitech G Tastaturbelegung f\u00fcr No Recoil Macro Scripts","og_description":"Logitech G Tastaturbelegung f\u00fcr logitech lua no recoil macro scripts. So weisen Sie Ihrer Logitech G-Tastatur eine Skriptfunktion zu.","og_url":"https:\/\/norecoil.net\/de\/logitech-g-tastaturbelegung-fuer-no-recoil-macro-scripts\/","og_site_name":"NoRecoil.Net","article_modified_time":"2024-02-28T14:14:49+00:00","og_image":[{"width":1200,"height":675,"url":"https:\/\/norecoil.net\/wp-content\/uploads\/2023\/09\/logitech-g-keyboard-assignment-for-logitech-lua-no-recoil-macro-scripts.webp","type":"image\/webp"}],"twitter_card":"summary_large_image","twitter_misc":{"Gesch\u00e4tzte Lesezeit":"2 Minuten"},"schema":{"@context":"https:\/\/schema.org","@graph":[{"@type":"WebPage","@id":"https:\/\/norecoil.net\/de\/logitech-g-tastaturbelegung-fuer-no-recoil-macro-scripts\/","url":"https:\/\/norecoil.net\/de\/logitech-g-tastaturbelegung-fuer-no-recoil-macro-scripts\/","name":"Logitech G-Tastaturbelegungen f\u00fcr Makroskripte ohne R\u00fccksto\u00df","isPartOf":{"@id":"https:\/\/norecoil.net\/de\/#website"},"datePublished":"2023-09-16T05:51:50+00:00","dateModified":"2024-02-28T14:14:49+00:00","description":"Logitech G Tastaturbelegung f\u00fcr logitech lua no recoil macro scripts. So weisen Sie Ihrer Logitech G-Tastatur eine Skriptfunktion zu.","breadcrumb":{"@id":"https:\/\/norecoil.net\/de\/logitech-g-tastaturbelegung-fuer-no-recoil-macro-scripts\/#breadcrumb"},"inLanguage":"de-DE","potentialAction":[{"@type":"ReadAction","target":["https:\/\/norecoil.net\/de\/logitech-g-tastaturbelegung-fuer-no-recoil-macro-scripts\/"]}]},{"@type":"BreadcrumbList","@id":"https:\/\/norecoil.net\/de\/logitech-g-tastaturbelegung-fuer-no-recoil-macro-scripts\/#breadcrumb","itemListElement":[{"@type":"ListItem","position":1,"name":"Home","item":"https:\/\/norecoil.net\/de\/norecoil-net\/"},{"@type":"ListItem","position":2,"name":"Logitech G Tastaturbelegung f\u00fcr No Recoil Macro Scripts"}]},{"@type":"WebSite","@id":"https:\/\/norecoil.net\/de\/#website","url":"https:\/\/norecoil.net\/de\/","name":"NoRecoil.Net","description":"","potentialAction":[{"@type":"SearchAction","target":{"@type":"EntryPoint","urlTemplate":"https:\/\/norecoil.net\/de\/?s={search_term_string}"},"query-input":"required name=search_term_string"}],"inLanguage":"de-DE"}]}},"_links":{"self":[{"href":"https:\/\/norecoil.net\/de\/wp-json\/wp\/v2\/pages\/5701","targetHints":{"allow":["GET"]}}],"collection":[{"href":"https:\/\/norecoil.net\/de\/wp-json\/wp\/v2\/pages"}],"about":[{"href":"https:\/\/norecoil.net\/de\/wp-json\/wp\/v2\/types\/page"}],"author":[{"embeddable":true,"href":"https:\/\/norecoil.net\/de\/wp-json\/wp\/v2\/users\/1"}],"replies":[{"embeddable":true,"href":"https:\/\/norecoil.net\/de\/wp-json\/wp\/v2\/comments?post=5701"}],"version-history":[{"count":0,"href":"https:\/\/norecoil.net\/de\/wp-json\/wp\/v2\/pages\/5701\/revisions"}],"wp:featuredmedia":[{"embeddable":true,"href":"https:\/\/norecoil.net\/de\/wp-json\/wp\/v2\/media\/3650"}],"wp:attachment":[{"href":"https:\/\/norecoil.net\/de\/wp-json\/wp\/v2\/media?parent=5701"}],"curies":[{"name":"wp","href":"https:\/\/api.w.org\/{rel}","templated":true}]}}